{"id":3934,"date":"2022-05-18T14:02:45","date_gmt":"2022-05-18T14:02:45","guid":{"rendered":"https:\/\/elfsight.com\/pt\/?page_id=3934"},"modified":"2025-02-28T09:41:56","modified_gmt":"2025-02-28T09:41:56","slug":"squarespace","status":"publish","type":"page","link":"https:\/\/elfsight.com\/pt\/etsy-reviews-widget\/squarespace\/","title":{"rendered":"Etsy Reviews &#8211; Squarespace"},"content":{"rendered":"\n<div class=\"application-platform-content-item-features application-platform-content-item\" id=\"features\" data-nav-section=\"features\">\n<h2>Os core recursos de widget de Resenhas do Etsy cont\u00e9m<\/h2>\n<p>\n<ul>\n<li>Adicione revis\u00f5es de utilizador de seu perfil em Etsy;<\/li>\n<li>5 op\u00e7\u00f5es de filtros de revis\u00f5es;<\/li>\n<li>Tecla de CTA para direccionar visitantes na sua  website;<\/li>\n<li>Quatro tipos de desenho: Slider, Lista, Ma\u00e7onaria e Grelha;<\/li>\n<li>Selec\u00e7\u00e3o do op\u00e7\u00e3o de pagina\u00e7\u00e3o no esquema do Slider;<\/li>\n<li>Setas e tipos de navega\u00e7\u00e3o por arrastar no desenho do Slider;<\/li>\n<li>Oportunidade de activar\/desactivar os objectos do cabe\u00e7alho: classifica\u00e7\u00e3o e imagens de revis\u00e3o;<\/li>\n<li>Cinco componentes modific\u00e1veis das testemunhos: \u00edcone, nome do autor e foto,  de revis\u00e3o, classifica\u00e7\u00e3o por estrelas e data;<\/li>\n<li>Coloque a sec\u00e7\u00e3o em qualquer lugar na  s\u00edtio web;<\/li>\n<li>Desenho puro entrega instala\u00e7\u00e3o suave em qualquer conceito do  p\u00e1gina web;<\/li>\n<li>M\u00f3vel optimizado;<\/li>\n<li>27 l\u00ednguas mais populares suportado;<\/li>\n<li>O t\u00edtulo edit\u00e1vel do plugin;<\/li>\n<li>As actualiza\u00e7\u00f5es  gratuitas ao vivo para manter a actualizado;<\/li>\n<li> Premium servi\u00e7o ao cliente  por uma equipa profissional;<\/li>\n<li>O editor pr\u00e1tico e de f\u00e1cil utiliza\u00e7\u00e3o  n\u00e3o necessita de codifica\u00e7\u00e3o;<\/li>\n<li>O desenho flex\u00edvel;<\/li>\n<li>Combina\u00e7\u00f5es de cores m\u00faltiplos pr\u00e9-fabricados.<\/li>\n<\/ul>\n<\/p> \n \n<p><a href=\"#demo\">Pode testar toda a funcionalidade do plugin na demonstra\u00e7\u00e3o abaixo<\/a><\/p> \n<\/div> \n<div class=\"application-platform-content-item-installation application-platform-content-item\" id=\"installation\" data-nav-section=\"installation\">\n<h2>Como posso acrescentar a Resenhas do Etsy para minha do p\u00e1gina web de Squarespace?<\/h2> \n<p>Simplesmente tome estes passos descritos abaixo para incorporar o plugin.<\/p> \n\n<ol>\n<li>Fa\u00e7a uso de o nosso demonstra\u00e7\u00e3o gratuito e come\u00e7ar construir o seu widget personalizado.<\/li> \n <li>Copia a c\u00f3digo \u00fanico aparecendo na caixa em Elfsight Apps.<\/li> \n <li>Inicia usando o plugin em  s\u00edtio de Squarespace.<\/li> \n <li>Feito! A integra\u00e7\u00e3o \u00e9 conclu\u00edda sucedidamente.<\/li>\n<\/ol> \n<p>Se encontrar, por favor entrar em contacto com o nosso equipa do suporte. Os nossos consultores est\u00e3o desejosas para ajudar-vos com todas as quest\u00f5es que tenham com o plugin.<\/p>\n\n \n<\/div>\n","protected":false},"excerpt":{"rendered":"","protected":false},"author":18,"featured_media":0,"parent":1678,"menu_order":0,"comment_status":"closed","ping_status":"closed","template":"templates\/template-application-platform.php","meta":{"publish_to_discourse":"","publish_post_category":"","wpdc_auto_publish_overridden":"","wpdc_topic_tags":"","wpdc_pin_topic":"","wpdc_pin_until":"","discourse_post_id":"","discourse_permalink":"","wpdc_publishing_response":"","wpdc_publishing_error":"","footnotes":""},"class_list":["post-3934","page","type-page","status-publish","hentry"],"yoast_head":"<!-- This site is optimized with the Yoast SEO plugin v25.3.1 - https:\/\/yoast.com\/wordpress\/plugins\/seo\/ -->\n<title>Avalia\u00e7\u00f5es do Etsy - inserir plugin de Resenhas do Etsy on p\u00e1gina da web de Squarespace<\/title>\n<meta name=\"description\" content=\"Instala a widget de Avalia\u00e7\u00f5es do Etsy interactivo na sua do s\u00edtio de Squarespace. Utiliza Elfsight demonstra\u00e7\u00e3o amig\u00e1vel e genera o teu plugin pr\u00f3prio num instante.\" \/>\n<meta name=\"robots\" content=\"index, follow, max-snippet:-1, max-image-preview:large, max-video-preview:-1\" \/>\n<link rel=\"canonical\" href=\"https:\/\/elfsight.com\/pt\/etsy-reviews-widget\/squarespace\/\" \/>\n<meta property=\"og:locale\" content=\"pt_PT\" \/>\n<meta property=\"og:type\" content=\"article\" \/>\n<meta property=\"og:title\" content=\"Avalia\u00e7\u00f5es do Etsy - inserir plugin de Resenhas do Etsy on p\u00e1gina da web de Squarespace\" \/>\n<meta property=\"og:description\" content=\"Instala a widget de Avalia\u00e7\u00f5es do Etsy interactivo na sua do s\u00edtio de Squarespace. Utiliza Elfsight demonstra\u00e7\u00e3o amig\u00e1vel e genera o teu plugin pr\u00f3prio num instante.\" \/>\n<meta property=\"og:url\" content=\"https:\/\/elfsight.com\/pt\/etsy-reviews-widget\/squarespace\/\" \/>\n<meta property=\"og:site_name\" content=\"Elfsight PT\" \/>\n<meta property=\"article:modified_time\" content=\"2025-02-28T09:41:56+00:00\" \/>\n<meta name=\"twitter:card\" content=\"summary_large_image\" \/>\n<meta name=\"twitter:label1\" content=\"Tempo estimado de leitura\" \/>\n\t<meta name=\"twitter:data1\" content=\"2 minutos\" \/>\n<!-- \/ Yoast SEO plugin. -->","yoast_head_json":{"title":"Avalia\u00e7\u00f5es do Etsy - inserir plugin de Resenhas do Etsy on p\u00e1gina da web de Squarespace","description":"Instala a widget de Avalia\u00e7\u00f5es do Etsy interactivo na sua do s\u00edtio de Squarespace. Utiliza Elfsight demonstra\u00e7\u00e3o amig\u00e1vel e genera o teu plugin pr\u00f3prio num instante.","robots":{"index":"index","follow":"follow","max-snippet":"max-snippet:-1","max-image-preview":"max-image-preview:large","max-video-preview":"max-video-preview:-1"},"canonical":"https:\/\/elfsight.com\/pt\/etsy-reviews-widget\/squarespace\/","og_locale":"pt_PT","og_type":"article","og_title":"Avalia\u00e7\u00f5es do Etsy - inserir plugin de Resenhas do Etsy on p\u00e1gina da web de Squarespace","og_description":"Instala a widget de Avalia\u00e7\u00f5es do Etsy interactivo na sua do s\u00edtio de Squarespace. Utiliza Elfsight demonstra\u00e7\u00e3o amig\u00e1vel e genera o teu plugin pr\u00f3prio num instante.","og_url":"https:\/\/elfsight.com\/pt\/etsy-reviews-widget\/squarespace\/","og_site_name":"Elfsight PT","article_modified_time":"2025-02-28T09:41:56+00:00","twitter_card":"summary_large_image","twitter_misc":{"Tempo estimado de leitura":"2 minutos"},"schema":{"@context":"https:\/\/schema.org","@graph":[{"@type":"WebPage","@id":"https:\/\/elfsight.com\/pt\/etsy-reviews-widget\/squarespace\/","url":"https:\/\/elfsight.com\/pt\/etsy-reviews-widget\/squarespace\/","name":"Avalia\u00e7\u00f5es do Etsy - inserir plugin de Resenhas do Etsy on p\u00e1gina da web de Squarespace","isPartOf":{"@id":"https:\/\/elfsight.com\/pt\/#website"},"datePublished":"2022-05-18T14:02:45+00:00","dateModified":"2025-02-28T09:41:56+00:00","description":"Instala a widget de Avalia\u00e7\u00f5es do Etsy interactivo na sua do s\u00edtio de Squarespace. Utiliza Elfsight demonstra\u00e7\u00e3o amig\u00e1vel e genera o teu plugin pr\u00f3prio num instante.","breadcrumb":{"@id":"https:\/\/elfsight.com\/pt\/etsy-reviews-widget\/squarespace\/#breadcrumb"},"inLanguage":"pt-PT","potentialAction":[{"@type":"ReadAction","target":["https:\/\/elfsight.com\/pt\/etsy-reviews-widget\/squarespace\/"]}]},{"@type":"BreadcrumbList","@id":"https:\/\/elfsight.com\/pt\/etsy-reviews-widget\/squarespace\/#breadcrumb","itemListElement":[{"@type":"ListItem","position":1,"name":"Home","item":"https:\/\/elfsight.com\/pt\/"},{"@type":"ListItem","position":2,"name":"Etsy Reviews","item":"https:\/\/elfsight.com\/pt\/etsy-reviews-widget\/"},{"@type":"ListItem","position":3,"name":"Etsy Reviews &#8211; Squarespace"}]},{"@type":"WebSite","@id":"https:\/\/elfsight.com\/pt\/#website","url":"https:\/\/elfsight.com\/pt\/","name":"Elfsight PT","description":"Just another Elfsight Sites site","potentialAction":[{"@type":"SearchAction","target":{"@type":"EntryPoint","urlTemplate":"https:\/\/elfsight.com\/pt\/?s={search_term_string}"},"query-input":{"@type":"PropertyValueSpecification","valueRequired":true,"valueName":"search_term_string"}}],"inLanguage":"pt-PT"}]}},"meta_box":{"industry":"","seo_heading":"","heading":"","description":"","cta_heading":"","cta_description":"","application":"1677","h1":"Plugin de Avalia\u00e7\u00f5es do Etsy para Squarespace","h1_caption":"Aumente a confian\u00e7a dos clientes adicionando plugin ao seu site web, que exibir\u00e1 resenhas sobre os seus artigos e mercadorias de Etsy","application_category":[],"applications_title":"","applications_request_title":"","applications_request_button_text":"","hero_text":"","hero_video":"","hero_video_schema_markup":"","selling_points_title":"","selling_points_caption":"","selling_points":[],"selling_points_cta_text":"","features_title":"","features":"","ed_cta_examples_text":"","ed_cta_examples_hidden":"","ed_cta_demo_text":"","ed_cta_demo_hidden":"","why_caption":"","why_editor_title":"","why_editor_text":"","why_team_title":"","why_team_text":"","why_service_title":"","why_service_text":"","template_catalog_visible":"0","template_catalog_title":"","template_catalog_text":"","template_catalog_categories_visible":"","demo_title":"Apresse-se para compor feito \u00e0 medida Squarespace Resenhas do Etsy","demo_caption":"Adapta isto e insere o widget em o seu s\u00edtio Web atrav\u00e9s demonstra\u00e7\u00e3o activa.","default_faq_hidden":"","app_template_category":[],"platform":"67","template_public_id":"","codecanyon_url":"","codecanyon_item_id":"","codecanyon_price":"","pricing_caption":"","pricing_elfsight_apps_hide_column":"","pricing_elfsight_apps_url":"","pricing_codecanyon_price_caption":"","integration_category":[],"integration_request_title":"","integration_request_cta":"","integration_platform":"","integrations":[],"platform_category":[],"video_schema_markup":"","price":"a partir de US$ 0\/m\u00eas","trial":"","benefits":[{"text":"Servi\u00e7os de instala\u00e7\u00e3o livre"},{"text":"Suporte premium"},{"text":"14 dias dinheiro de volta garantia"},{"text":"Atualiza\u00e7\u00f5es vital\u00edcias"}],"button_url":"#demo","button_target_blank":"0","button_nofollow":"0","attributes":[{"name":"Responsivo","content":"Sim","_state":"expanded"},{"name":"Navegadores compat\u00edveis","content":"IE11, Firefox, Safari, Opera, Chrome, Edge","_state":"expanded"}],"tags":[],"tags_disable_links":"0","hide_more_platforms":"0","video_object":"","demo_hide_cta":"0","demo_hide_cloud_options":"0","pricing_title":"","pricing":[{"pricing_icon":"platform","pricing_title":"Elfsight Apps","pricing_title_caption":"Software independente de plataforma","pricing_price":"de US$ 0 por m\u00eas","pricing_price_caption":"come\u00e7ar com um plano gr\u00e1tis","pricing_benefits":[{"text":"Sites ilimitados"},{"text":"Suporte r\u00e1pido"},{"text":"Ajuda para instala\u00e7\u00e3o gratuita"},{"text":"Design flex\u00edvel"}],"pricing_button_text":"Adicionar ao site","pricing_button_url":"#demo","_state":"expanded"}],"related_apps_title":"","related_apps_hidden":"1","author":"","image":[],"title":"","job":"","social_networks":[]},"_links":{"self":[{"href":"https:\/\/elfsight.com\/pt\/wp-json\/wp\/v2\/pages\/3934","targetHints":{"allow":["GET"]}}],"collection":[{"href":"https:\/\/elfsight.com\/pt\/wp-json\/wp\/v2\/pages"}],"about":[{"href":"https:\/\/elfsight.com\/pt\/wp-json\/wp\/v2\/types\/page"}],"author":[{"embeddable":true,"href":"https:\/\/elfsight.com\/pt\/wp-json\/wp\/v2\/users\/18"}],"replies":[{"embeddable":true,"href":"https:\/\/elfsight.com\/pt\/wp-json\/wp\/v2\/comments?post=3934"}],"version-history":[{"count":2,"href":"https:\/\/elfsight.com\/pt\/wp-json\/wp\/v2\/pages\/3934\/revisions"}],"predecessor-version":[{"id":14093,"href":"https:\/\/elfsight.com\/pt\/wp-json\/wp\/v2\/pages\/3934\/revisions\/14093"}],"up":[{"embeddable":true,"href":"https:\/\/elfsight.com\/pt\/wp-json\/wp\/v2\/pages\/1678"}],"wp:attachment":[{"href":"https:\/\/elfsight.com\/pt\/wp-json\/wp\/v2\/media?parent=3934"}],"curies":[{"name":"wp","href":"https:\/\/api.w.org\/{rel}","templated":true}]}}