{"id":3932,"date":"2024-05-03T06:34:16","date_gmt":"2024-05-03T06:34:16","guid":{"rendered":"https:\/\/elfsight.com\/pt\/?page_id=3932"},"modified":"2025-01-24T12:05:19","modified_gmt":"2025-01-24T12:05:19","slug":"squarespace","status":"publish","type":"page","link":"https:\/\/elfsight.com\/pt\/countdown-timer-widget\/squarespace\/","title":{"rendered":"Countdown Timer &#8211; Squarespace"},"content":{"rendered":"<div class=\"application-platform-content-item-description application-platform-content-item\" id=\"description\" data-nav-section=\"description\"><h2>Incorpore o temporizador de contagem regressiva no Squarespace com o widget Elfsight<\/h2><p>Use o temporizador de contagem regressiva Elfsight para mostrar diferentes contagens e temporizadores que incentivam os clientes comprar. A contagem de estoque ou de vendas evocar\u00e1 uma sensa\u00e7\u00e3o de escassez e competi\u00e7\u00e3o por itens; a contagem regressiva de vendas inspirar\u00e1 os clientes a comprar antes que percam muito. Uma contagem regressiva pessoal estimular\u00e1 cada cliente a usar uma oferta pessoal agora mesmo; os bares de liquida\u00e7\u00e3o de fim de ano chamar\u00e3o a aten\u00e7\u00e3o m\u00e1xima gra\u00e7as \u00e0 decora\u00e7\u00e3o tem\u00e1tica.<\/p><p><b>Aumente a agita\u00e7\u00e3o das compras e incentive o p\u00fablico a comprar mais. <\/b><\/p><p><b>Inspire os visitantes a comprar, trazendo um senso de urg\u00eancia.<\/b><br> Inicie cron\u00f4metros de contagem regressiva que mostrar\u00e3o o tempo restante at\u00e9 o final de suas vendas e ofertas especiais. Eles evocar\u00e3o um sentimento de urg\u00eancia e incentivar\u00e3o os visitantes a tomar uma decis\u00e3o de compra mais rapidamente.<\/p><p><b>Mostrar a queda do estoque para elevar o valor percebido dos itens entre os usu\u00e1rios.<\/b><br> Exibi\u00e7\u00e3o que seus produtos se esgotam rapidamente e se tornam deficit\u00e1rios, mostrando uma contagem de estoque especial. Isso far\u00e1 com que os clientes valorizem mais as ofertas e fiquem com inveja de compr\u00e1-las tamb\u00e9m.<\/p><p><b>Atraia mais aten\u00e7\u00e3o para as vendas com uma barra de contagem regressiva especial em estilo natalino.<\/b><br> Com a ajuda de barras tem\u00e1ticas atraentes, voc\u00ea pode promover suas \u00f3timas ofertas e vendas sazonais de maneira mais eficaz. Aproveite ao m\u00e1ximo as \u00e9pocas festivas para aumentar as vendas em seu site.<\/p><div class=\"faq\" data-component=\"FAQ\"><div class=\"faq-item\">\r\n\t\t\t\t\t<div class=\"faq-item-question\">\r\n\t\t\t\t\t\t<h3 class=\"faq-item-question-text\">Como adicionar o cron\u00f4metro de contagem regressiva a um site do Squarespace?<\/h3>\r\n\r\n\t\t\t\t\t\t<div class=\"faq-item-question-icon\"><\/div>\r\n\t\t\t\t\t<\/div>\r\n\r\n\t\t\t\t\t<div class=\"faq-item-answer\">\r\n\t\t\t\t\t\t<div class=\"faq-item-answer-text\"><p>A instala\u00e7\u00e3o levar\u00e1 cerca de Alguns momentos. Al\u00e9m disso, voc\u00ea n\u00e3o precisa ter nenhum conhecimento de programa\u00e7\u00e3o. Personalize o plugin de contagem regressiva do Squarespace no configurador gratuito, clique no c\u00f3digo para copi\u00e1-lo, incorpore o c\u00f3digo no local necess\u00e1rio no modelo do site.<\/p><p>\u00c9 isso a\u00ed! A configura\u00e7\u00e3o do plugin Timer no Squarespace ser\u00e1 realizada! <\/p><p>Se voc\u00ea tiver algum problema ao instalar o plugin no Squarespace, voc\u00ea pode encontrar o guia completo <a href=\"https:\/\/elfsight.com\/tutorials\/how-to-add-countdown-timer-to-any-website\/#squarespace-countdown-timer\">nesta p\u00e1gina<\/a>. <\/p><\/div>\r\n\t\t\t\t\t<\/div>\r\n\t\t\t\t<\/div><div class=\"faq-item\">\r\n\t\t\t\t\t<div class=\"faq-item-question\">\r\n\t\t\t\t\t\t<h3 class=\"faq-item-question-text\">Tenho a oportunidade de ver como o widget ficar\u00e1 no meu site?<\/h3>\r\n\r\n\t\t\t\t\t\t<div class=\"faq-item-question-icon\"><\/div>\r\n\t\t\t\t\t<\/div>\r\n\r\n\t\t\t\t\t<div class=\"faq-item-answer\">\r\n\t\t\t\t\t\t<div class=\"faq-item-answer-text\"><p>Sim, voc\u00ea pode! Ao criar o plugin Squarespace Timer no <a href=\"https:\/\/elfsight.com\/countdown-timer-widget\/#demo\">editor online gratuito<\/a>, voc\u00ea ver\u00e1 todas as altera\u00e7\u00f5es \u00e0 direita. Sua contagem regressiva ser\u00e1 semelhante \u00e0 que voc\u00ea ter\u00e1 em um site do Squarespace. <\/p><\/div>\r\n\t\t\t\t\t<\/div>\r\n\t\t\t\t<\/div><div class=\"faq-item\">\r\n\t\t\t\t\t<div class=\"faq-item-question\">\r\n\t\t\t\t\t\t<h3 class=\"faq-item-question-text\">Quais outros widgets s\u00e3o essenciais para um site do Squarespace?<\/h3>\r\n\r\n\t\t\t\t\t\t<div class=\"faq-item-question-icon\"><\/div>\r\n\t\t\t\t\t<\/div>\r\n\r\n\t\t\t\t\t<div class=\"faq-item-answer\">\r\n\t\t\t\t\t\t<div class=\"faq-item-answer-text\"><p>Voc\u00ea pode aprimorar seu Squarespace com v\u00e1rios plug-ins da Elfsight.<\/p><p> Por exemplo, <a href=\"https:\/\/elfsight.com\/qr-code-widget\/squarespace\/\">c\u00f3digo QR<\/a> levar\u00e1 a perfis sociais ou qualquer informa\u00e7\u00e3o detalhada em outra p\u00e1gina da web, <a href=\"https:\/\/elfsight.com\/event-calendar-widget\/squarespace\/\">Calend\u00e1rio de eventos<\/a> e <a href=\"https:\/\/elfsight.com\/countdown-timer-widget\/squarespace\/\">Contagem regressiva O Timer<\/a> melhorar\u00e1 o FOMO e aumentar\u00e1 o engajamento em seu site. O <a href=\"https:\/\/elfsight.com\/google-reviews-widget\/squarespace\/\">Google Reviews<\/a> ser\u00e1 \u00fatil para aumentar as vendas e <a href=\"https:\/\/elfsight.com\/ whatsapp-chat-widget\/squarespace\/\">WhatsApp Chat<\/a> \u00e9 indispens\u00e1vel para melhorar o servi\u00e7o de suporte ao cliente e a comunica\u00e7\u00e3o com seus clientes.<\/p><\/div>\r\n\t\t\t\t\t<\/div>\r\n\t\t\t\t<\/div><\/div><\/div><div class=\"application-platform-content-item- features application-platform-content-item\" id=\" features\" data-nav-section=\" features\"><h2>Principais recursos do widget Countdown Timer<\/h2><p>Quais recursos tornam o plugin Elfsight o melhor para cada site do Squarespace? Explore suas principais caracter\u00edsticas:<\/p><ul><li>Contador crescente e decrescente;<\/li><li>Op\u00e7\u00e3o para mostrar uma mensagem antes do cron\u00f4metro;<\/li><li>Quatro unidades de tempo: dias, horas, minutos, segundos;<\/li><li>Op\u00e7\u00e3o para alterar a cor do cron\u00f4metro, bot\u00e3o, r\u00f3tulos e mensagem;<\/li><li>Interface responsiva com adapta\u00e7\u00e3o automatizada ao tamanho da tela.<\/li><\/ul><p><a href=\"#demo\">Verifique todos os recursos na demonstra\u00e7\u00e3o ao vivo<\/a><\/p><\/div><div class=\"application-platform-content-item-installation application-platform-content-item\" id=\"installation\" data-nav-section=\"installation\"><h2>Como adicionar um temporizador de contagem regressiva a um Site do Squarespace<\/h2><div class=\"video-container\"><iframe width=\"720\" height=\"405\" src=\"https:\/\/www.youtube.com\/embed\/HiVdkFb8_m0\" frameborder=\"0\" allowfullscreen=\"\"><\/iframe><\/div><p>Para executar a incorpora\u00e7\u00e3o voc\u00ea n\u00e3o precisa de conhecimento em programa\u00e7\u00e3o web nem de muito tempo. Apenas 4 etapas f\u00e1ceis e 1 minuto do seu tempo.<\/p><ol><li><b>Projete seu cron\u00f4metro de contagem regressiva individual<\/b>.<br> Por meio de nosso configurador gratuito, crie um plugin com layout preferido e op\u00e7\u00f5es.<\/li><li><b>Receba o c\u00f3digo para incorporar o plugin<\/b>.<br> Ap\u00f3s a personaliza\u00e7\u00e3o do widget, adquira o c\u00f3digo do plugin Countdown na notifica\u00e7\u00e3o pop-up nas aplica\u00e7\u00f5es Elfsight.<\/li> <li><b>Exiba o plug-in no site do Squarespace<\/b>.<br> Cole o plug-in no local desejado do site e aplique os resultados.<\/li><li><b>A configura\u00e7\u00e3o foi conclu\u00edda<\/b>.<br> Visite seu site para conhecer seu trabalho.<\/li><\/ol><p>Tem alguma d\u00favida sobre como realizar a instala\u00e7\u00e3o ou gerar um plugin customizado? Entre em contato com o suporte ao cliente e teremos prazer em ajud\u00e1-lo a gerar e adicionar o plugin ao seu site. Ou consulte o <a href=\"https:\/\/elfsight.com\/tutorials\/how-to-add-countdown-timer-to-squarespace-website\/\" target=\"_blank\" rel=\"noopener noreferrer\">tutorial completo<\/a>.<\/p><\/div>","protected":false},"excerpt":{"rendered":"","protected":false},"author":9,"featured_media":0,"parent":505,"menu_order":0,"comment_status":"closed","ping_status":"closed","template":"templates\/template-application-platform.php","meta":{"publish_to_discourse":"","publish_post_category":"","wpdc_auto_publish_overridden":"","wpdc_topic_tags":"","wpdc_pin_topic":"","wpdc_pin_until":"","discourse_post_id":"","discourse_permalink":"","wpdc_publishing_response":"","wpdc_publishing_error":"","footnotes":""},"class_list":["post-3932","page","type-page","status-publish","hentry"],"yoast_head":"<!-- This site is optimized with the Yoast SEO plugin v25.3.1 - https:\/\/yoast.com\/wordpress\/plugins\/seo\/ -->\n<title>O melhor plugin Squarespace Countdown Timer para site (2026)<\/title>\n<meta name=\"description\" content=\"Aprenda como adicionar um cron\u00f4metro de contagem regressiva ao Squarespace gratuitamente. Use o melhor rel\u00f3gio de contagem regressiva interativo para criar urg\u00eancia nas vendas em um site.\" \/>\n<meta name=\"robots\" content=\"index, follow, max-snippet:-1, max-image-preview:large, max-video-preview:-1\" \/>\n<link rel=\"canonical\" href=\"https:\/\/elfsight.com\/pt\/countdown-timer-widget\/squarespace\/\" \/>\n<meta property=\"og:locale\" content=\"pt_PT\" \/>\n<meta property=\"og:type\" content=\"article\" \/>\n<meta property=\"og:title\" content=\"O melhor plugin Squarespace Countdown Timer para site (2026)\" \/>\n<meta property=\"og:description\" content=\"Aprenda como adicionar um cron\u00f4metro de contagem regressiva ao Squarespace gratuitamente. Use o melhor rel\u00f3gio de contagem regressiva interativo para criar urg\u00eancia nas vendas em um site.\" \/>\n<meta property=\"og:url\" content=\"https:\/\/elfsight.com\/pt\/countdown-timer-widget\/squarespace\/\" \/>\n<meta property=\"og:site_name\" content=\"Elfsight PT\" \/>\n<meta property=\"article:modified_time\" content=\"2025-01-24T12:05:19+00:00\" \/>\n<meta name=\"twitter:card\" content=\"summary_large_image\" \/>\n<meta name=\"twitter:label1\" content=\"Tempo estimado de leitura\" \/>\n\t<meta name=\"twitter:data1\" content=\"4 minutos\" \/>\n<!-- \/ Yoast SEO plugin. -->","yoast_head_json":{"title":"O melhor plugin Squarespace Countdown Timer para site (2026)","description":"Aprenda como adicionar um cron\u00f4metro de contagem regressiva ao Squarespace gratuitamente. Use o melhor rel\u00f3gio de contagem regressiva interativo para criar urg\u00eancia nas vendas em um site.","robots":{"index":"index","follow":"follow","max-snippet":"max-snippet:-1","max-image-preview":"max-image-preview:large","max-video-preview":"max-video-preview:-1"},"canonical":"https:\/\/elfsight.com\/pt\/countdown-timer-widget\/squarespace\/","og_locale":"pt_PT","og_type":"article","og_title":"O melhor plugin Squarespace Countdown Timer para site (2026)","og_description":"Aprenda como adicionar um cron\u00f4metro de contagem regressiva ao Squarespace gratuitamente. Use o melhor rel\u00f3gio de contagem regressiva interativo para criar urg\u00eancia nas vendas em um site.","og_url":"https:\/\/elfsight.com\/pt\/countdown-timer-widget\/squarespace\/","og_site_name":"Elfsight PT","article_modified_time":"2025-01-24T12:05:19+00:00","twitter_card":"summary_large_image","twitter_misc":{"Tempo estimado de leitura":"4 minutos"},"schema":{"@context":"https:\/\/schema.org","@graph":[{"@type":"WebPage","@id":"https:\/\/elfsight.com\/pt\/countdown-timer-widget\/squarespace\/","url":"https:\/\/elfsight.com\/pt\/countdown-timer-widget\/squarespace\/","name":"O melhor plugin Squarespace Countdown Timer para site (2026)","isPartOf":{"@id":"https:\/\/elfsight.com\/pt\/#website"},"datePublished":"2024-05-03T06:34:16+00:00","dateModified":"2025-01-24T12:05:19+00:00","description":"Aprenda como adicionar um cron\u00f4metro de contagem regressiva ao Squarespace gratuitamente. Use o melhor rel\u00f3gio de contagem regressiva interativo para criar urg\u00eancia nas vendas em um site.","breadcrumb":{"@id":"https:\/\/elfsight.com\/pt\/countdown-timer-widget\/squarespace\/#breadcrumb"},"inLanguage":"pt-PT","potentialAction":[{"@type":"ReadAction","target":["https:\/\/elfsight.com\/pt\/countdown-timer-widget\/squarespace\/"]}]},{"@type":"BreadcrumbList","@id":"https:\/\/elfsight.com\/pt\/countdown-timer-widget\/squarespace\/#breadcrumb","itemListElement":[{"@type":"ListItem","position":1,"name":"Home","item":"https:\/\/elfsight.com\/pt\/"},{"@type":"ListItem","position":2,"name":"Countdown Timer","item":"https:\/\/elfsight.com\/pt\/countdown-timer-widget\/"},{"@type":"ListItem","position":3,"name":"Countdown Timer &#8211; Squarespace"}]},{"@type":"WebSite","@id":"https:\/\/elfsight.com\/pt\/#website","url":"https:\/\/elfsight.com\/pt\/","name":"Elfsight PT","description":"Just another Elfsight Sites site","potentialAction":[{"@type":"SearchAction","target":{"@type":"EntryPoint","urlTemplate":"https:\/\/elfsight.com\/pt\/?s={search_term_string}"},"query-input":{"@type":"PropertyValueSpecification","valueRequired":true,"valueName":"search_term_string"}}],"inLanguage":"pt-PT"}]}},"meta_box":{"industry":"","seo_heading":"","heading":"","description":"","cta_heading":"","cta_description":"","application":"504","h1":"Plug-in de contagem regressiva do Squarespace","h1_caption":"Aumente o entusiasmo das compras em seu site com a ajuda de cron\u00f4metros e contagens envolventes","application_category":[],"applications_title":"","applications_request_title":"","applications_request_button_text":"","hero_text":"","hero_video":"","hero_video_schema_markup":"","selling_points_title":"","selling_points_caption":"","selling_points":[],"selling_points_cta_text":"","features_title":"","features":"","ed_cta_examples_text":"","ed_cta_examples_hidden":"","ed_cta_demo_text":"","ed_cta_demo_hidden":"","why_caption":"","why_editor_title":"","why_editor_text":"","why_team_title":"","why_team_text":"","why_service_title":"","why_service_text":"","template_catalog_visible":"0","template_catalog_title":"","template_catalog_text":"","template_catalog_categories_visible":"","demo_title":"Crie seu plugin de contagem regressiva","demo_caption":"Configure seu cron\u00f4metro de contagem regressiva e adicione-o ao seu site do Squarespace gratuitamente!","default_faq_hidden":"","app_template_category":[],"platform":"67","template_public_id":"","codecanyon_url":"","codecanyon_item_id":"","codecanyon_price":"","pricing_caption":"","pricing_elfsight_apps_hide_column":"","pricing_elfsight_apps_url":"","pricing_codecanyon_price_caption":"","integration_category":[],"integration_request_title":"","integration_request_cta":"","integration_platform":"","integrations":[],"platform_category":[],"video_schema_markup":"","price":"a partir de US$ 0\/m\u00eas","trial":"","benefits":[{"text":"Servi\u00e7o de instala\u00e7\u00e3o gratuito"},{"text":"Atendimento ao cliente profissional"},{"text":"Garantia de reembolso de 14 dias"},{"text":"Futuras melhorias gratuitas"}],"button_url":"#demo","button_target_blank":"0","button_nofollow":"0","attributes":[{"name":"Instala\u00e7\u00f5es","content":"100,000 - 500,000","_state":"expanded"},{"name":"Responsivo","content":"Sim","_state":"expanded"},{"name":"Navegadores compat\u00edveis","content":"Firefox, Safari, Opera, Chrome, Edge"}],"tags":[],"tags_disable_links":"0","hide_more_platforms":"","video_object":"","demo_hide_cta":"0","demo_hide_cloud_options":"0","pricing_title":"","pricing":[{"pricing_icon":"platform","pricing_title":"Elfsight Apps","pricing_title_caption":"Software independente de plataforma que funciona em qualquer site","pricing_price":"a partir de US$ 0\/m\u00eas","pricing_price_caption":"comece com um plano gratuito","pricing_benefits":[{"text":"Sites ilimitados"},{"text":"Suporte ao cliente 24 horas por dia, 7 dias por semana"},{"text":"Suporte ao cliente 24 horas por dia, 7 dias por semana"},{"text":"Design flex\u00edvel"}],"pricing_button_text":"Adicionar ao site","pricing_button_url":"#demo","_state":"expanded"}],"related_apps_title":"","related_apps_hidden":"1","author":"","image":[],"title":"","job":"","social_networks":[]},"_links":{"self":[{"href":"https:\/\/elfsight.com\/pt\/wp-json\/wp\/v2\/pages\/3932","targetHints":{"allow":["GET"]}}],"collection":[{"href":"https:\/\/elfsight.com\/pt\/wp-json\/wp\/v2\/pages"}],"about":[{"href":"https:\/\/elfsight.com\/pt\/wp-json\/wp\/v2\/types\/page"}],"author":[{"embeddable":true,"href":"https:\/\/elfsight.com\/pt\/wp-json\/wp\/v2\/users\/9"}],"replies":[{"embeddable":true,"href":"https:\/\/elfsight.com\/pt\/wp-json\/wp\/v2\/comments?post=3932"}],"version-history":[{"count":3,"href":"https:\/\/elfsight.com\/pt\/wp-json\/wp\/v2\/pages\/3932\/revisions"}],"predecessor-version":[{"id":13647,"href":"https:\/\/elfsight.com\/pt\/wp-json\/wp\/v2\/pages\/3932\/revisions\/13647"}],"up":[{"embeddable":true,"href":"https:\/\/elfsight.com\/pt\/wp-json\/wp\/v2\/pages\/505"}],"wp:attachment":[{"href":"https:\/\/elfsight.com\/pt\/wp-json\/wp\/v2\/media?parent=3932"}],"curies":[{"name":"wp","href":"https:\/\/api.w.org\/{rel}","templated":true}]}}