{"id":3928,"date":"2024-05-03T06:35:52","date_gmt":"2024-05-03T06:35:52","guid":{"rendered":"https:\/\/elfsight.com\/pt\/?page_id=3928"},"modified":"2025-02-11T06:12:50","modified_gmt":"2025-02-11T06:12:50","slug":"squarespace","status":"publish","type":"page","link":"https:\/\/elfsight.com\/pt\/facebook-feed-widget\/squarespace\/","title":{"rendered":"Facebook Feed &#8211; Squarespace"},"content":{"rendered":"\n<div class=\"application-platform-content-item-description application-platform-content-item\" id=\"description\" data-nav-section=\"description\"><h2>Incorpore o produto na plataforma com o widget Elfsight<\/h2><p>Mostre seu feed do Facebook em nosso widget avan\u00e7ado \u2013 Facebook Feed. P\u00e1ginas, v\u00eddeos, fotos \u2013 voc\u00ea pode ter certeza de que seus usu\u00e1rios n\u00e3o pular\u00e3o uma \u00fanica postagem. A interface elegante com detalhes reais do Facebook n\u00e3o passar\u00e1 despercebida e ajudar\u00e1 n\u00e3o apenas a manter os leitores atuais no site, mas tamb\u00e9m a encontrar novos assinantes do Facebook.<\/p><p><b>Eleve o envolvimento do seu cliente a um novo n\u00edvel com com a ajuda do widget Squarespace Facebook.<\/b><\/p><ul><li><b>Fa\u00e7a com que os visitantes permane\u00e7am na p\u00e1gina<\/b>.<br>Insira componentes sociais e interativos, que despertam o interesse dos visitantes, para mant\u00ea-los no site e contar-lhes sobre seus produtos ou servi\u00e7os de forma mais detalhada.<\/li><li><b>Anuncie seu perfil do Facebook<\/b>.<br>Demonstre o feed do Facebook n\u00e3o apenas para espectadores de nas redes sociais, mas tamb\u00e9m para direcionar leitores do site para sua p\u00e1gina no Facebook. Insira postagens ou imagens vis\u00edveis para come\u00e7ar a coletar novos assinantes agora mesmo!<\/li><li><b>Um widget do Facebook em vez de tr\u00eas<\/b>.<br>Todos os dados do Facebook em um widget exclusivo: mostre postagens com coment\u00e1rios , compartilhamentos ou outras rea\u00e7\u00f5es; obtenha listas de fotos e v\u00eddeos no site a partir dos \u00e1lbuns do Facebook.<\/li><\/ul><div class=\"faq\" data-component=\"FAQ\"> <div class=\"faq-item\">\r\n\t\t\t\t\t<div class=\"faq-item-question\">\r\n\t\t\t\t\t\t<h3 class=\"faq-item-question-text\">Quais exatamente outros widgets para Squarespace voc\u00ea tem? <\/h3>\r\n\r\n\t\t\t\t\t\t<div class=\"faq-item-question-icon\"><\/div>\r\n\t\t\t\t\t<\/div>\r\n\r\n\t\t\t\t\t<div class=\"faq-item-answer\">\r\n\t\t\t\t\t\t<div class=\"faq-item-answer-text\"> <p>Em nosso site h\u00e1 v\u00e1rios de plugins e widgets para voc\u00ea realizar qualquer tipo de tarefa em seu site. Veja voc\u00ea mesmo: <a href=\"https:\/\/elfsight.com\/qr-code-widget\/squarespace\/\">C\u00f3digo QR<\/a>, <a href=\"https:\/\/elfsight.com\/google-reviews-widget\/squarespace\/\">Google Avalia\u00e7\u00f5es<\/a>, <a href=\"https:\/\/elfsight.com\/whatsapp-chat-widget\/squarespace\/\">Bate-papo do WhatsApp<\/a>, <a href=\"https:\/\/elfsight.com\/event-calendar-widget\/squarespace\/\">Calend\u00e1rio de eventos<\/a>, <a href=\"https:\/\/elfsight.com\/countdown-timer-widget\/squarespace\/\">Cron\u00f4metro de contagem regressiva<\/a>. <\/p> <\/div>\r\n\t\t\t\t\t<\/div>\r\n\t\t\t\t<\/div> <div class=\"faq-item\">\r\n\t\t\t\t\t<div class=\"faq-item-question\">\r\n\t\t\t\t\t\t<h3 class=\"faq-item-question-text\">Como fa\u00e7o para incorporar o plug-in de feed do Facebook ao meu site do Squarespace?<\/h3>\r\n\r\n\t\t\t\t\t\t<div class=\"faq-item-question-icon\"><\/div>\r\n\t\t\t\t\t<\/div>\r\n\r\n\t\t\t\t\t<div class=\"faq-item-answer\">\r\n\t\t\t\t\t\t<div class=\"faq-item-answer-text\"> <p>Voc\u00ea pode adicionar o widget Feed do Facebook ao seu site do Squarespace para exibir um feed interativo com imagens e Postagens. Basta abrir o painel de administra\u00e7\u00e3o e realizar as seguintes a\u00e7\u00f5es: <\/p><ol><li>Selecionar as configura\u00e7\u00f5es do tema. <\/li><li>escolha o elemento onde deseja incorporar o feed do Facebook. <\/li><li>Cole o c\u00f3digo do servi\u00e7o Elfsight Apps e salve as modifica\u00e7\u00f5es. <\/li><li>Simples assim. <\/li><\/ol><p>E n\u00e3o se esque\u00e7a de verificar nosso guia de instala\u00e7\u00e3o detalhado <a href=\"https:\/\/elfsight.com\/tutorials\/how-to-add-facebook-feed-to-any-website\/#squarespace-facebook-feed\">aqui<\/a>.<\/p><\/div>\r\n\t\t\t\t\t<\/div>\r\n\t\t\t\t<\/div> <div class=\"faq-item\">\r\n\t\t\t\t\t<div class=\"faq-item-question\">\r\n\t\t\t\t\t\t<h3 class=\"faq-item-question-text\">Como posso ver seu plugin Squarespace Facebook Feed em vigor <\/h3>\r\n\r\n\t\t\t\t\t\t<div class=\"faq-item-question-icon\"><\/div>\r\n\t\t\t\t\t<\/div>\r\n\r\n\t\t\t\t\t<div class=\"faq-item-answer\">\r\n\t\t\t\t\t\t<div class=\"faq-item-answer-text\"> <p>Voc\u00ea n\u00e3o pode? apenas visualize, mas tamb\u00e9m teste todos os recursos do plugin do Facebook em nossa <a href=\"https:\/\/elfsight.com\/facebook-feed-widget\/#demo\">demonstra\u00e7\u00e3o<\/a> ao vivo, e voc\u00ea tamb\u00e9m est\u00e1 livre para incorporar o plug-in em seu site diretamente dele!<\/p><\/div>\r\n\t\t\t\t\t<\/div>\r\n\t\t\t\t<\/div> <\/div><\/div><div class=\"application-platform-content-item-features application-platform-content-item\" id=\"features\" data-nav-section=\"features\"><h2>Principais recursos do widget Feed do Facebook<\/h2> <p>Algumas caracter\u00edsticas que transformam nosso feed do Facebook em um widget necess\u00e1rio para um site do Squarespace.<\/p><ul><li>Duas fontes do Facebook suportadas: p\u00e1ginas, perfis;<\/li><li>Cabe\u00e7alho personaliz\u00e1vel com ajuste ajust\u00e1vel elementos: imagem da capa, a\u00e7\u00f5es, imagem da p\u00e1gina, contagem de curtidas;<\/li><li>Postagens com informa\u00e7\u00f5es altern\u00e1veis: autor, contagem de curtidas, contagem de compartilhamentos, bot\u00e3o de compartilhamento;<\/li><li>Limite vari\u00e1vel de postagens;<\/li><li>Suporte premium de profissionais.<\/li><\/ul><p><a href=\"#demo\">Confira todos os recursos na demonstra\u00e7\u00e3o ao vivo<\/a>.<\/p><\/div><div class=\"application-platform-content-item-installation application-platform-content-item\" id=\"installation\" data-nav-section=\"installation\"><h2>Como incorporar o Facebook ao site Squarespace<\/h2><div class=\"video-container\"><iframe width=\"720\" height=\"405\" src=\"https:\/\/www.youtube.com\/embed\/ceiwC1azkyI\" frameborder=\"0\" allowfullscreen=\"\"><\/iframe><\/div><p>Leia nosso tutorial para finalizar a instala\u00e7\u00e3o. Isso durar\u00e1 menos de 3 minutos e n\u00e3o requer habilidades de programa\u00e7\u00e3o.<\/p><ol><li><b>Construa seu feed pessoal do Facebook<\/b>.<br>Usando nosso configurador gratuito, um widget com o layout e as capacidades necess\u00e1rias.<\/li><li><b>Obtenha o c\u00f3digo para instalar o widget<\/b>.<br>Ap\u00f3s a gera\u00e7\u00e3o do widget, receba o c\u00f3digo do widget do Facebook na janela que aparece nos aplicativos da Elfsight.<\/li><li><b>Exiba o widget em seu site<\/b>.<br>Incorpore o widget no local desejado do site e salve os resultados.<\/li><li><b>A instala\u00e7\u00e3o \u00e9 feita conclu\u00eddo<\/b>.<br>Acesse seu site do SquareSpace para ver seu widget.<\/li><\/ol><p>Precisa de um suporte mais espec\u00edfico? Leia uma <a href=\"https:\/\/elfsight.com\/tutorials\/how-to-add-facebook-feed-to-squarespace\/\" target=\"_blank\" rel=\"noopener noreferrer\">instru\u00e7\u00f5es completas<\/a> ou deixe sua mensagem para nosso suporte ao cliente e teremos prazer em encontrar uma resposta.<\/p><\/div>\n","protected":false},"excerpt":{"rendered":"","protected":false},"author":9,"featured_media":0,"parent":386,"menu_order":0,"comment_status":"closed","ping_status":"closed","template":"templates\/template-application-platform.php","meta":{"publish_to_discourse":"","publish_post_category":"","wpdc_auto_publish_overridden":"","wpdc_topic_tags":"","wpdc_pin_topic":"","wpdc_pin_until":"","discourse_post_id":"","discourse_permalink":"","wpdc_publishing_response":"","wpdc_publishing_error":"","footnotes":""},"class_list":["post-3928","page","type-page","status-publish","hentry"],"yoast_head":"<!-- This site is optimized with the Yoast SEO plugin v25.3.1 - https:\/\/yoast.com\/wordpress\/plugins\/seo\/ -->\n<title>Feed do Facebook - Incorpore o widget do Facebook ao site do Squarespace<\/title>\n<meta name=\"description\" content=\"Incorpore um widget responsivo de feed do Facebook ao seu site do Squarespace. Teste o construtor flex\u00edvel da Elfsight e crie seu plugin em apenas 1 minuto.\" \/>\n<meta name=\"robots\" content=\"index, follow, max-snippet:-1, max-image-preview:large, max-video-preview:-1\" \/>\n<link rel=\"canonical\" href=\"https:\/\/elfsight.com\/pt\/facebook-feed-widget\/squarespace\/\" \/>\n<meta property=\"og:locale\" content=\"pt_PT\" \/>\n<meta property=\"og:type\" content=\"article\" \/>\n<meta property=\"og:title\" content=\"Feed do Facebook - Incorpore o widget do Facebook ao site do Squarespace\" \/>\n<meta property=\"og:description\" content=\"Incorpore um widget responsivo de feed do Facebook ao seu site do Squarespace. Teste o construtor flex\u00edvel da Elfsight e crie seu plugin em apenas 1 minuto.\" \/>\n<meta property=\"og:url\" content=\"https:\/\/elfsight.com\/pt\/facebook-feed-widget\/squarespace\/\" \/>\n<meta property=\"og:site_name\" content=\"Elfsight PT\" \/>\n<meta property=\"article:modified_time\" content=\"2025-02-11T06:12:50+00:00\" \/>\n<meta name=\"twitter:card\" content=\"summary_large_image\" \/>\n<meta name=\"twitter:label1\" content=\"Tempo estimado de leitura\" \/>\n\t<meta name=\"twitter:data1\" content=\"4 minutos\" \/>\n<!-- \/ Yoast SEO plugin. -->","yoast_head_json":{"title":"Feed do Facebook - Incorpore o widget do Facebook ao site do Squarespace","description":"Incorpore um widget responsivo de feed do Facebook ao seu site do Squarespace. Teste o construtor flex\u00edvel da Elfsight e crie seu plugin em apenas 1 minuto.","robots":{"index":"index","follow":"follow","max-snippet":"max-snippet:-1","max-image-preview":"max-image-preview:large","max-video-preview":"max-video-preview:-1"},"canonical":"https:\/\/elfsight.com\/pt\/facebook-feed-widget\/squarespace\/","og_locale":"pt_PT","og_type":"article","og_title":"Feed do Facebook - Incorpore o widget do Facebook ao site do Squarespace","og_description":"Incorpore um widget responsivo de feed do Facebook ao seu site do Squarespace. Teste o construtor flex\u00edvel da Elfsight e crie seu plugin em apenas 1 minuto.","og_url":"https:\/\/elfsight.com\/pt\/facebook-feed-widget\/squarespace\/","og_site_name":"Elfsight PT","article_modified_time":"2025-02-11T06:12:50+00:00","twitter_card":"summary_large_image","twitter_misc":{"Tempo estimado de leitura":"4 minutos"},"schema":{"@context":"https:\/\/schema.org","@graph":[{"@type":"WebPage","@id":"https:\/\/elfsight.com\/pt\/facebook-feed-widget\/squarespace\/","url":"https:\/\/elfsight.com\/pt\/facebook-feed-widget\/squarespace\/","name":"Feed do Facebook - Incorpore o widget do Facebook ao site do Squarespace","isPartOf":{"@id":"https:\/\/elfsight.com\/pt\/#website"},"datePublished":"2024-05-03T06:35:52+00:00","dateModified":"2025-02-11T06:12:50+00:00","description":"Incorpore um widget responsivo de feed do Facebook ao seu site do Squarespace. Teste o construtor flex\u00edvel da Elfsight e crie seu plugin em apenas 1 minuto.","breadcrumb":{"@id":"https:\/\/elfsight.com\/pt\/facebook-feed-widget\/squarespace\/#breadcrumb"},"inLanguage":"pt-PT","potentialAction":[{"@type":"ReadAction","target":["https:\/\/elfsight.com\/pt\/facebook-feed-widget\/squarespace\/"]}]},{"@type":"BreadcrumbList","@id":"https:\/\/elfsight.com\/pt\/facebook-feed-widget\/squarespace\/#breadcrumb","itemListElement":[{"@type":"ListItem","position":1,"name":"Home","item":"https:\/\/elfsight.com\/pt\/"},{"@type":"ListItem","position":2,"name":"Facebook Feed","item":"https:\/\/elfsight.com\/pt\/facebook-feed-widget\/"},{"@type":"ListItem","position":3,"name":"Facebook Feed &#8211; Squarespace"}]},{"@type":"WebSite","@id":"https:\/\/elfsight.com\/pt\/#website","url":"https:\/\/elfsight.com\/pt\/","name":"Elfsight PT","description":"Just another Elfsight Sites site","potentialAction":[{"@type":"SearchAction","target":{"@type":"EntryPoint","urlTemplate":"https:\/\/elfsight.com\/pt\/?s={search_term_string}"},"query-input":{"@type":"PropertyValueSpecification","valueRequired":true,"valueName":"search_term_string"}}],"inLanguage":"pt-PT"}]}},"meta_box":{"industry":"","seo_heading":"","heading":"","description":"","cta_heading":"","cta_description":"","application":"385","h1":"Widget de feed do Facebook para Squarespace","h1_caption":"Transforme os usu\u00e1rios do seu site em assinantes do Facebook","application_category":[],"applications_title":"","applications_request_title":"","applications_request_button_text":"","hero_text":"","hero_video":"","hero_video_schema_markup":"","selling_points_title":"","selling_points_caption":"","selling_points":[],"selling_points_cta_text":"","features_title":"","features":"","ed_cta_examples_text":"","ed_cta_examples_hidden":"","ed_cta_demo_text":"","ed_cta_demo_hidden":"","why_caption":"","why_editor_title":"","why_editor_text":"","why_team_title":"","why_team_text":"","why_service_title":"","why_service_text":"","template_catalog_visible":"0","template_catalog_title":"","template_catalog_text":"","template_catalog_categories_visible":"","demo_title":"Crie seu plugin de feed do Facebook","demo_caption":"Configure seu feed do Facebook e adicione-o ao seu site Squarespace gratuitamente!","default_faq_hidden":"","app_template_category":[],"platform":"67","template_public_id":"","codecanyon_url":"","codecanyon_item_id":"","codecanyon_price":"","pricing_caption":"","pricing_elfsight_apps_hide_column":"","pricing_elfsight_apps_url":"","pricing_codecanyon_price_caption":"","integration_category":[],"integration_request_title":"","integration_request_cta":"","integration_platform":"","integrations":[],"platform_category":[],"video_schema_markup":"","price":"a partir de US$ 0\/m\u00eas","trial":"","benefits":[{"text":"Assist\u00eancia de instala\u00e7\u00e3o gratuita"},{"text":"Atendimento ao cliente profissional"},{"text":"Garantia de reembolso de 14 dias"},{"text":"Desenvolvimento cont\u00ednuo"}],"button_url":"#demo","button_target_blank":"0","button_nofollow":"0","attributes":[{"name":"Instala\u00e7\u00f5es","content":"100,000 - 500,000","_state":"expanded"},{"name":"Responsivo","content":"Sim","_state":"expanded"},{"name":"Navegadores compat\u00edveis","content":"Firefox, Safari, Opera, Chrome, Edge"}],"tags":[],"tags_disable_links":"0","hide_more_platforms":"0","video_object":"","demo_hide_cta":"0","demo_hide_cloud_options":"0","pricing_title":"","pricing":[{"pricing_icon":"platform","pricing_title":"Elfsight Apps","pricing_title_caption":"Solu\u00e7\u00e3o digital multiplataforma que funciona em qualquer site","pricing_price":"a partir de US$ 0\/m\u00eas","pricing_price_caption":"comece com um plano gratuito","pricing_benefits":[{"text":"Sites ilimitados"},{"text":"Assist\u00eancia de instala\u00e7\u00e3o gratuita"},{"text":"Assist\u00eancia de instala\u00e7\u00e3o gratuita"},{"text":"Design flex\u00edvel"}],"pricing_button_text":"Adicionar ao site","pricing_button_url":"#demo","_state":"expanded"}],"related_apps_title":"","related_apps_hidden":"1","author":"","image":[],"title":"","job":"","social_networks":[]},"_links":{"self":[{"href":"https:\/\/elfsight.com\/pt\/wp-json\/wp\/v2\/pages\/3928","targetHints":{"allow":["GET"]}}],"collection":[{"href":"https:\/\/elfsight.com\/pt\/wp-json\/wp\/v2\/pages"}],"about":[{"href":"https:\/\/elfsight.com\/pt\/wp-json\/wp\/v2\/types\/page"}],"author":[{"embeddable":true,"href":"https:\/\/elfsight.com\/pt\/wp-json\/wp\/v2\/users\/9"}],"replies":[{"embeddable":true,"href":"https:\/\/elfsight.com\/pt\/wp-json\/wp\/v2\/comments?post=3928"}],"version-history":[{"count":4,"href":"https:\/\/elfsight.com\/pt\/wp-json\/wp\/v2\/pages\/3928\/revisions"}],"predecessor-version":[{"id":13846,"href":"https:\/\/elfsight.com\/pt\/wp-json\/wp\/v2\/pages\/3928\/revisions\/13846"}],"up":[{"embeddable":true,"href":"https:\/\/elfsight.com\/pt\/wp-json\/wp\/v2\/pages\/386"}],"wp:attachment":[{"href":"https:\/\/elfsight.com\/pt\/wp-json\/wp\/v2\/media?parent=3928"}],"curies":[{"name":"wp","href":"https:\/\/api.w.org\/{rel}","templated":true}]}}