{"id":3926,"date":"2024-05-03T06:34:49","date_gmt":"2024-05-03T06:34:49","guid":{"rendered":"https:\/\/elfsight.com\/pt\/?page_id=3926"},"modified":"2024-11-12T15:26:50","modified_gmt":"2024-11-12T15:26:50","slug":"shopify","status":"publish","type":"page","link":"https:\/\/elfsight.com\/pt\/etsy-reviews-widget\/shopify\/","title":{"rendered":"Etsy Reviews &#8211; Shopify"},"content":{"rendered":"<div class=\"application-platform-content-item-description application-platform-content-item\" id=\"description\" data-nav-section=\"description\"><h2>Aprimore seu site do Shopify com Elfsight Etsy Reviews<\/h2><p>Elfsight Etsy Reviews \u00e9 um plug-in f\u00e1cil de usar que capacita seu site do Shopify com a capacidade de apresentar avalia\u00e7\u00f5es de clientes relacionadas aos seus produtos e servi\u00e7os diretamente da plataforma Etsy. Este widget vers\u00e1til fornece uma variedade de filtros para filtrar facilmente as avalia\u00e7\u00f5es, permitindo exibir avalia\u00e7\u00f5es com estrelas e feedback num\u00e9rico do Etsy, fornecer informa\u00e7\u00f5es adicionais sobre os autores dessas avalia\u00e7\u00f5es e integrar perfeitamente um bot\u00e3o de call to action que orienta visitantes do seu site a deixarem seus pr\u00f3prios coment\u00e1rios no Etsy. Ao aproveitar a Elfsight, voc\u00ea pode ampliar a prova social do seu site, refor\u00e7ar sua credibilidade e, em \u00faltima an\u00e1lise, impulsionar o aumento das vendas.<\/p><div class=\"faq\" data-component=\"FAQ\"><div class=\"faq-item\">\r\n\t\t\t\t\t<div class=\"faq-item-question\">\r\n\t\t\t\t\t\t<h3 class=\"faq-item-question-text\">Onde voc\u00ea pode adicionar avalia\u00e7\u00f5es Elfsight Etsy ao seu site Shopify?<\/h3>\r\n\r\n\t\t\t\t\t\t<div class=\"faq-item-question-icon\"><\/div>\r\n\t\t\t\t\t<\/div>\r\n\r\n\t\t\t\t\t<div class=\"faq-item-answer\">\r\n\t\t\t\t\t\t<div class=\"faq-item-answer-text\"><p>Com nosso plug-in Elfsight Etsy Reviews, voc\u00ea tem a liberdade de incorporar o widget de avalia\u00e7\u00e3o do cliente em qualquer p\u00e1gina do seu site Shopify ou integr\u00e1-lo ao modelo do seu site, garantindo que ele apare\u00e7a de forma consistente em todas as p\u00e1ginas. O impacto dessas avalia\u00e7\u00f5es \u00e9 particularmente forte nas p\u00e1ginas de produtos e na se\u00e7\u00e3o &#8220;Sobre n\u00f3s&#8221;, onde voc\u00ea pode exibir com destaque sua avalia\u00e7\u00e3o excelente e \u00f3timas avalia\u00e7\u00f5es.<\/p><\/div>\r\n\t\t\t\t\t<\/div>\r\n\t\t\t\t<\/div><div class=\"faq-item\">\r\n\t\t\t\t\t<div class=\"faq-item-question\">\r\n\t\t\t\t\t\t<h3 class=\"faq-item-question-text\">Quais s\u00e3o os benef\u00edcios de usar Avalia\u00e7\u00f5es da Elfsight Etsy para Shopify?<\/h3>\r\n\r\n\t\t\t\t\t\t<div class=\"faq-item-question-icon\"><\/div>\r\n\t\t\t\t\t<\/div>\r\n\r\n\t\t\t\t\t<div class=\"faq-item-answer\">\r\n\t\t\t\t\t\t<div class=\"faq-item-answer-text\"><p>Avalia\u00e7\u00f5es aut\u00eanticas de clientes reais carregam imensa confiabilidade e sinalizam aos visitantes do seu site que sua empresa \u00e9 um parceiro confi\u00e1vel. Ao apresentar uma classifica\u00e7\u00e3o alta e depoimentos positivos, voc\u00ea pode aumentar significativamente as taxas de convers\u00e3o em seu site Shopify. Al\u00e9m disso, o bot\u00e3o CTA estrategicamente colocado incentiva mais utilizadores a partilharem as suas experi\u00eancias e a deixarem coment\u00e1rios no Etsy, o que solidifica ainda mais a sua presen\u00e7a online.<\/p><\/div>\r\n\t\t\t\t\t<\/div>\r\n\t\t\t\t<\/div><div class=\"faq-item\">\r\n\t\t\t\t\t<div class=\"faq-item-question\">\r\n\t\t\t\t\t\t<h3 class=\"faq-item-question-text\">Qu\u00e3o f\u00e1cil \u00e9 adicionar coment\u00e1rios da Elfsight Etsy a Seu site do Shopify?<\/h3>\r\n\r\n\t\t\t\t\t\t<div class=\"faq-item-question-icon\"><\/div>\r\n\t\t\t\t\t<\/div>\r\n\r\n\t\t\t\t\t<div class=\"faq-item-answer\">\r\n\t\t\t\t\t\t<div class=\"faq-item-answer-text\"><p>O processo \u00e9 r\u00e1pido e descomplicado, levando apenas alguns minutos. N\u00e3o h\u00e1 necessidade de nenhuma habilidade de codifica\u00e7\u00e3o; \u00e9 simples assim! O widget pode ser adicionado diretamente atrav\u00e9s do nosso servi\u00e7o ou atrav\u00e9s do mercado Shopify. Voc\u00ea tem a liberdade de escolher a op\u00e7\u00e3o que melhor se adapta a voc\u00ea, facilitando o processo de instala\u00e7\u00e3o.<\/p><\/div>\r\n\t\t\t\t\t<\/div>\r\n\t\t\t\t<\/div><\/div><\/div><div class=\"application-platform-content-item-features application-platform-content-item\" id=\"features\" data-nav-section=\"features\"><h2>Desbloqueie o Full Potencial das avalia\u00e7\u00f5es Elfsight Etsy para Shopify<\/h2><p>Para compreender totalmente as capacidades do nosso widget, vamos explorar seus principais recursos, que s\u00e3o projetados para turbinar seu site Shopify:<\/p><ul><li>Tr\u00eas personaliz\u00e1veis filtros: classifique as avalia\u00e7\u00f5es por tipo, exclua avalia\u00e7\u00f5es espec\u00edficas ou defina um limite para o n\u00famero de avalia\u00e7\u00f5es a serem exibidas.<\/li><li>Escolha entre quatro layouts predefinidos: Lista, Grade, Alvenaria e Controle deslizante, garantindo que suas avalia\u00e7\u00f5es se ajustem perfeitamente no design do seu site.<\/li><li>Desfrute de controle total sobre o cabe\u00e7alho do widget para garantir que ele esteja alinhado com a est\u00e9tica e a marca do seu site.<\/li><li>Incorpore um bot\u00e3o estrat\u00e9gico de &#8216;Solicita\u00e7\u00e3o de revis\u00e3o&#8217;, orientando perfeitamente os usu\u00e1rios para deixe seus pr\u00f3prios coment\u00e1rios no Etsy.<\/li><li>Personalize seis elementos principais da interface do usu\u00e1rio, incluindo nomes de autores, imagens, texto de recomenda\u00e7\u00e3o, datas, \u00edcones do Google e avalia\u00e7\u00f5es com estrelas, permitindo uma apar\u00eancia personalizada.<\/li><li>Opte por um dos dois cen\u00e1rios p\u00f3s-solicita\u00e7\u00e3o: exibir uma mensagem personalizada ou ocultar completamente o bot\u00e3o, proporcionando flexibilidade \u00e0 sua experi\u00eancia do usu\u00e1rio.<\/li><\/ul><p><a href=\"#demo\">Para uma demonstra\u00e7\u00e3o abrangente, clique aqui<\/a><\/p><p><\/p><\/div><div class=\"application-platform-content-item-installation application-platform-content-item\" id=\"installation\" data-nav-section=\"installation\"><h2>Incorporando avalia\u00e7\u00f5es do Elfsight Etsy em seu site da Shopify<\/h2> <p>Trazer o poder do Elfsight Etsy Reviews para o seu site Shopify \u00e9 muito f\u00e1cil. Siga estas etapas simples para come\u00e7ar:<\/p><ol><li><b>Aproveite a demonstra\u00e7\u00e3o gratuita e personalize seu widget Elfsight Etsy Reviews:<\/b><br>Comece selecionando o formato desejado e os recursos funcionais do o plug-in. Fa\u00e7a os ajustes necess\u00e1rios e salve suas altera\u00e7\u00f5es.<\/li><li><b>Recupere seu c\u00f3digo de incorpora\u00e7\u00e3o exclusivo:<\/b><br>Depois de personalizar seu widget, um c\u00f3digo exclusivo ser\u00e1 gerado nos aplicativos da Elfsight. Copie este c\u00f3digo, pois voc\u00ea precisar\u00e1 dele nas pr\u00f3ximas etapas.<\/li><li><b>Integrar o widget ao seu site da Shopify:<\/b><br>Cole o c\u00f3digo que voc\u00ea copiou na etapa anterior em sua p\u00e1gina do Shopify e salve as modifica\u00e7\u00f5es.<\/li><li><b>Tudo pronto!<\/b><br>Seu widget agora est\u00e1 integrado com sucesso. Visite a sua p\u00e1gina do Shopify para ver como funciona.<\/li><\/ol><p>Se voc\u00ea encontrar algum desafio ou tiver d\u00favidas sobre como incorporar o Elfsight Etsy Reviews no seu site do Shopify, n\u00e3o hesite em entrar em contato com nosso suporte ao cliente dedicado. equipe. Estamos aqui para ajud\u00e1-lo com qualquer d\u00favida que voc\u00ea possa ter.<\/p><p>Incorporar o Elfsight Etsy Reviews em seu site Shopify \u00e9 um movimento estrat\u00e9gico para aumentar a confiabilidade de sua plataforma. Com nosso plug-in, voc\u00ea pode exibir facilmente avalia\u00e7\u00f5es aut\u00eanticas do Etsy, mostrando suas classifica\u00e7\u00f5es mais altas e fornecendo provas sociais valiosas. O processo de instala\u00e7\u00e3o \u00e9 simples e sem c\u00f3digo, garantindo que qualquer pessoa possa aproveitar as vantagens deste poderoso widget. Personalize-o para combinar com o design do seu site e deixe-o fazer sua m\u00e1gica, incentivando mais clientes a deixar coment\u00e1rios em seu site Shopify. N\u00e3o perca a oportunidade de aumentar a sua credibilidade online e impulsionar as vendas \u2013 integre o Elfsight Etsy Reviews hoje mesmo!<\/p><\/div>","protected":false},"excerpt":{"rendered":"","protected":false},"author":9,"featured_media":0,"parent":1678,"menu_order":0,"comment_status":"closed","ping_status":"closed","template":"templates\/template-application-platform.php","meta":{"publish_to_discourse":"","publish_post_category":"","wpdc_auto_publish_overridden":"","wpdc_topic_tags":"","wpdc_pin_topic":"","wpdc_pin_until":"","discourse_post_id":"","discourse_permalink":"","wpdc_publishing_response":"","wpdc_publishing_error":"","footnotes":""},"class_list":["post-3926","page","type-page","status-publish","hentry"],"yoast_head":"<!-- This site is optimized with the Yoast SEO plugin v25.3.1 - https:\/\/yoast.com\/wordpress\/plugins\/seo\/ -->\n<title>Melhore a sua loja Shopify com avalia\u00e7\u00f5es da Elfsight Etsy<\/title>\n<meta name=\"description\" content=\"Descubra como o Elfsight Etsy Reviews for Shopify pode aumentar a credibilidade da sua loja com feedback aut\u00eantico dos clientes. Integre facilmente avalia\u00e7\u00f5es do Etsy, avalia\u00e7\u00f5es com estrelas e provas sociais para gerar mais vendas. Atualize seu site Shopify hoje!\" \/>\n<meta name=\"robots\" content=\"index, follow, max-snippet:-1, max-image-preview:large, max-video-preview:-1\" \/>\n<link rel=\"canonical\" href=\"https:\/\/elfsight.com\/pt\/etsy-reviews-widget\/shopify\/\" \/>\n<meta property=\"og:locale\" content=\"pt_PT\" \/>\n<meta property=\"og:type\" content=\"article\" \/>\n<meta property=\"og:title\" content=\"Melhore a sua loja Shopify com avalia\u00e7\u00f5es da Elfsight Etsy\" \/>\n<meta property=\"og:description\" content=\"Descubra como o Elfsight Etsy Reviews for Shopify pode aumentar a credibilidade da sua loja com feedback aut\u00eantico dos clientes. Integre facilmente avalia\u00e7\u00f5es do Etsy, avalia\u00e7\u00f5es com estrelas e provas sociais para gerar mais vendas. Atualize seu site Shopify hoje!\" \/>\n<meta property=\"og:url\" content=\"https:\/\/elfsight.com\/pt\/etsy-reviews-widget\/shopify\/\" \/>\n<meta property=\"og:site_name\" content=\"Elfsight PT\" \/>\n<meta property=\"article:modified_time\" content=\"2024-11-12T15:26:50+00:00\" \/>\n<meta name=\"twitter:card\" content=\"summary_large_image\" \/>\n<meta name=\"twitter:label1\" content=\"Tempo estimado de leitura\" \/>\n\t<meta name=\"twitter:data1\" content=\"2 minutos\" \/>\n<!-- \/ Yoast SEO plugin. -->","yoast_head_json":{"title":"Melhore a sua loja Shopify com avalia\u00e7\u00f5es da Elfsight Etsy","description":"Descubra como o Elfsight Etsy Reviews for Shopify pode aumentar a credibilidade da sua loja com feedback aut\u00eantico dos clientes. Integre facilmente avalia\u00e7\u00f5es do Etsy, avalia\u00e7\u00f5es com estrelas e provas sociais para gerar mais vendas. Atualize seu site Shopify hoje!","robots":{"index":"index","follow":"follow","max-snippet":"max-snippet:-1","max-image-preview":"max-image-preview:large","max-video-preview":"max-video-preview:-1"},"canonical":"https:\/\/elfsight.com\/pt\/etsy-reviews-widget\/shopify\/","og_locale":"pt_PT","og_type":"article","og_title":"Melhore a sua loja Shopify com avalia\u00e7\u00f5es da Elfsight Etsy","og_description":"Descubra como o Elfsight Etsy Reviews for Shopify pode aumentar a credibilidade da sua loja com feedback aut\u00eantico dos clientes. Integre facilmente avalia\u00e7\u00f5es do Etsy, avalia\u00e7\u00f5es com estrelas e provas sociais para gerar mais vendas. Atualize seu site Shopify hoje!","og_url":"https:\/\/elfsight.com\/pt\/etsy-reviews-widget\/shopify\/","og_site_name":"Elfsight PT","article_modified_time":"2024-11-12T15:26:50+00:00","twitter_card":"summary_large_image","twitter_misc":{"Tempo estimado de leitura":"2 minutos"},"schema":{"@context":"https:\/\/schema.org","@graph":[{"@type":"WebPage","@id":"https:\/\/elfsight.com\/pt\/etsy-reviews-widget\/shopify\/","url":"https:\/\/elfsight.com\/pt\/etsy-reviews-widget\/shopify\/","name":"Melhore a sua loja Shopify com avalia\u00e7\u00f5es da Elfsight Etsy","isPartOf":{"@id":"https:\/\/elfsight.com\/pt\/#website"},"datePublished":"2024-05-03T06:34:49+00:00","dateModified":"2024-11-12T15:26:50+00:00","description":"Descubra como o Elfsight Etsy Reviews for Shopify pode aumentar a credibilidade da sua loja com feedback aut\u00eantico dos clientes. Integre facilmente avalia\u00e7\u00f5es do Etsy, avalia\u00e7\u00f5es com estrelas e provas sociais para gerar mais vendas. Atualize seu site Shopify hoje!","breadcrumb":{"@id":"https:\/\/elfsight.com\/pt\/etsy-reviews-widget\/shopify\/#breadcrumb"},"inLanguage":"pt-PT","potentialAction":[{"@type":"ReadAction","target":["https:\/\/elfsight.com\/pt\/etsy-reviews-widget\/shopify\/"]}]},{"@type":"BreadcrumbList","@id":"https:\/\/elfsight.com\/pt\/etsy-reviews-widget\/shopify\/#breadcrumb","itemListElement":[{"@type":"ListItem","position":1,"name":"Home","item":"https:\/\/elfsight.com\/pt\/"},{"@type":"ListItem","position":2,"name":"Etsy Reviews","item":"https:\/\/elfsight.com\/pt\/etsy-reviews-widget\/"},{"@type":"ListItem","position":3,"name":"Etsy Reviews &#8211; Shopify"}]},{"@type":"WebSite","@id":"https:\/\/elfsight.com\/pt\/#website","url":"https:\/\/elfsight.com\/pt\/","name":"Elfsight PT","description":"Just another Elfsight Sites site","potentialAction":[{"@type":"SearchAction","target":{"@type":"EntryPoint","urlTemplate":"https:\/\/elfsight.com\/pt\/?s={search_term_string}"},"query-input":{"@type":"PropertyValueSpecification","valueRequired":true,"valueName":"search_term_string"}}],"inLanguage":"pt-PT"}]}},"meta_box":{"industry":"","seo_heading":"","heading":"","description":"","cta_heading":"","cta_description":"","application":"1677","h1":"Como incorporar avalia\u00e7\u00f5es do Etsy em um site do Shopify","h1_caption":"Exiba as opini\u00f5es dos clientes mais atraentes da Etsy em seu site","application_category":[],"applications_title":"","applications_request_title":"","applications_request_button_text":"","hero_text":"","hero_video":"","hero_video_schema_markup":"","selling_points_title":"","selling_points_caption":"","selling_points":[],"selling_points_cta_text":"","features_title":"","features":"","ed_cta_examples_text":"","ed_cta_examples_hidden":"","ed_cta_demo_text":"","ed_cta_demo_hidden":"","why_caption":"","why_editor_title":"","why_editor_text":"","why_team_title":"","why_team_text":"","why_service_title":"","why_service_text":"","template_catalog_visible":"","template_catalog_title":"","template_catalog_text":"","template_catalog_categories_visible":"","demo_title":"Crie seu aplicativo Etsy Reviews","demo_caption":"Configure seu Etsy Reviews e adicione-o ao seu site Shopify gratuitamente!","default_faq_hidden":"","app_template_category":[],"platform":"64","template_public_id":"","codecanyon_url":"","codecanyon_item_id":"","codecanyon_price":"","pricing_caption":"","pricing_elfsight_apps_hide_column":"","pricing_elfsight_apps_url":"","pricing_codecanyon_price_caption":"","integration_category":[],"integration_request_title":"","integration_request_cta":"","integration_platform":"","integrations":[],"platform_category":[],"video_schema_markup":"","price":"a partir de US$ 0\/m\u00eas","trial":"","benefits":[{"text":"Assist\u00eancia de instala\u00e7\u00e3o gratuita"},{"text":"Atendimento ao cliente profissional"},{"text":"Garantia de reembolso de 14 dias"},{"text":"Melhorias gratuitas regulares"}],"button_url":"#demo","button_target_blank":"0","button_nofollow":"0","attributes":[{"name":"Instala\u00e7\u00f5es","content":"10,000 - 100,000","_state":"expanded"},{"name":"Responsivo","content":"Sim","_state":"expanded"},{"name":"Navegadores compat\u00edveis","content":"Firefox, Safari, Opera, Chrome, Edge"}],"tags":[],"tags_disable_links":"0","hide_more_platforms":"","video_object":"","demo_hide_cta":"0","demo_hide_cloud_options":"0","pricing_title":"","pricing":[{"pricing_icon":"platform","pricing_title":"Elfsight Apps","pricing_title_caption":"Software multiplataforma","pricing_price":"a partir de US$ 0\/m\u00eas","pricing_price_caption":"comece com plano gratuito","pricing_benefits":[{"text":"Sites ilimitados"},{"text":"Suporte ao cliente 24 horas por dia, 7 dias por semana"},{"text":"Suporte ao cliente 24 horas por dia, 7 dias por semana"},{"text":"Totalmente personaliz\u00e1vel"}],"pricing_button_text":"Adicionar ao site","pricing_button_url":"#demo","_state":"expanded"}],"related_apps_title":"","related_apps_hidden":"1","author":"","image":[],"title":"","job":"","social_networks":[]},"_links":{"self":[{"href":"https:\/\/elfsight.com\/pt\/wp-json\/wp\/v2\/pages\/3926","targetHints":{"allow":["GET"]}}],"collection":[{"href":"https:\/\/elfsight.com\/pt\/wp-json\/wp\/v2\/pages"}],"about":[{"href":"https:\/\/elfsight.com\/pt\/wp-json\/wp\/v2\/types\/page"}],"author":[{"embeddable":true,"href":"https:\/\/elfsight.com\/pt\/wp-json\/wp\/v2\/users\/9"}],"replies":[{"embeddable":true,"href":"https:\/\/elfsight.com\/pt\/wp-json\/wp\/v2\/comments?post=3926"}],"version-history":[{"count":2,"href":"https:\/\/elfsight.com\/pt\/wp-json\/wp\/v2\/pages\/3926\/revisions"}],"predecessor-version":[{"id":11759,"href":"https:\/\/elfsight.com\/pt\/wp-json\/wp\/v2\/pages\/3926\/revisions\/11759"}],"up":[{"embeddable":true,"href":"https:\/\/elfsight.com\/pt\/wp-json\/wp\/v2\/pages\/1678"}],"wp:attachment":[{"href":"https:\/\/elfsight.com\/pt\/wp-json\/wp\/v2\/media?parent=3926"}],"curies":[{"name":"wp","href":"https:\/\/api.w.org\/{rel}","templated":true}]}}