{"id":3924,"date":"2024-05-03T06:34:10","date_gmt":"2024-05-03T06:34:10","guid":{"rendered":"https:\/\/elfsight.com\/pt\/?page_id=3924"},"modified":"2025-11-19T15:11:53","modified_gmt":"2025-11-19T15:11:53","slug":"shopify","status":"publish","type":"page","link":"https:\/\/elfsight.com\/pt\/countdown-timer-widget\/shopify\/","title":{"rendered":"Countdown Timer &#8211; Shopify"},"content":{"rendered":"<div class=\"application-platform-content-item-description application-platform-content-item\" id=\"description\" data-nav-section=\"description\"><h2>Incorpore o temporizador de contagem regressiva no Shopify com o widget Elfsight<\/h2><p>Use o aplicativo Elfsight Countdown para criar v\u00e1rias contagens e temporizadores, o que incentiva visitantes comprem mais r\u00e1pido e mais. A contagem de estoque ou de vendas evocar\u00e1 uma sensa\u00e7\u00e3o de escassez e competi\u00e7\u00e3o; a contagem regressiva de vendas inspirar\u00e1 os usu\u00e1rios a comprar antes de perderem um neg\u00f3cio lucrativo. Uma contagem regressiva individual estimular\u00e1 cada cliente a usar uma oferta pessoal com mais rapidez; os bares de liquida\u00e7\u00e3o de fim de ano chamar\u00e3o a aten\u00e7\u00e3o m\u00e1xima gra\u00e7as ao seu estilo de tema brilhante.<\/p><p><b>Aumente suas vendas na web com a ajuda de cron\u00f4metros e contagens que criam urg\u00eancia.<\/b><\/p><p> <b>Inspire os clientes a comprar, produzindo um senso de urg\u00eancia.<\/b><br> Defina cron\u00f4metros de contagem regressiva que marcar\u00e3o o tempo at\u00e9 o final de suas vendas e ofertas especiais. Eles produzir\u00e3o um sentimento de urg\u00eancia e incentivar\u00e3o o p\u00fablico a tomar uma decis\u00e3o de compra mais cedo.<\/p><p><b>Demonstre que o estoque est\u00e1 diminuindo rapidamente para aumentar o valor percebido dos itens.<\/b><br> Demonstre que suas ofertas s\u00e3o populares e o estoque est\u00e1 diminuindo rapidamente, com uma contagem de estoque especial. Isso far\u00e1 com que os usu\u00e1rios valorizem mais os itens e fiquem com inveja de adquiri-los tamb\u00e9m.<\/p><p><b>Atraia mais aten\u00e7\u00e3o para sua promo\u00e7\u00e3o de fim de ano por meio de uma atraente barra de contagem regressiva com tema natalino.<\/b><br> Configure um bar de vendas tem\u00e1tico atraente para as f\u00e9rias. Ele criar\u00e1 uma atmosfera comemorativa e promover\u00e1 suas ofertas especiais para ajud\u00e1-lo a aumentar as vendas na \u00e9poca da temporada lucrativa.<\/p><\/div><div class=\"application-platform-content-item-features application-platform-content-item\" id=\"features\" data-nav-section=\"features\"><h2>Principais recursos do widget Contador regressivo<\/h2><p>O cron\u00f4metro de contagem regressiva do Shopify \u00e9 excelente devido \u00e0s suas configura\u00e7\u00f5es flex\u00edveis que auxiliam as empresas em diversos cen\u00e1rios. Veja quais recursos tornam o Elfsight Countdown o aplicativo mais valioso para todos os sites da Shopify.<\/p><ul><li>Duas a\u00e7\u00f5es ap\u00f3s o t\u00e9rmino do cron\u00f4metro: ocultar o cron\u00f4metro ou mostrar mensagem;<\/li><li>Texto do bot\u00e3o edit\u00e1vel;<\/li><li>R\u00f3tulos de unidade de tempo edit\u00e1veis;<\/li><li>Op\u00e7\u00e3o para alterar a cor do cron\u00f4metro, bot\u00e3o, r\u00f3tulos e mensagem;<\/li><li>Tamanhos personaliz\u00e1veis \u200b\u200bde cron\u00f4metro e bot\u00e3o.<\/li> <\/ul><a href=\"#demo\">Mais recursos no editor Elfsight<\/a><\/div><div class=\"application-platform-content-item-installation application-platform-content-item\" id=\"installation\" data-nav-section=\"installation\"><h2>Como adicionar o temporizador de contagem regressiva ao site da Shopify<\/h2><div class=\"video-container\">\n<iframe width=\"720\" height=\"405\" src=\"https:\/\/www.youtube.com\/embed\/zv0oZ4POvzw?si=XtxMJURalda9-8wC\" frameborder=\"0\" allowfullscreen=\"\"><\/iframe>\n<\/div><p>A dura\u00e7\u00e3o total da instala\u00e7\u00e3o \u00e9 de apenas 80 segundos, e voc\u00ea n\u00e3o precisa de experi\u00eancia em programa\u00e7\u00e3o web para obter seu cron\u00f4metro de contagem regressiva personalizado do Shopify.<\/p><ol><li><b>Abrir nosso editor gratuito e comece a criar seu pr\u00f3prio aplicativo. <\/b><br> Encontre o layout e os aspectos preferidos do aplicativo e aplique todas as corre\u00e7\u00f5es. <\/li> <li><b>Receba seu c\u00f3digo exclusivo revelado na caixa dos aplicativos Elfsight. <\/b><br> Quando o estabelecimento do seu aplicativo pessoal for conclu\u00eddo, copie o c\u00f3digo pessoal na caixa que aparece e salve-o para uso posterior. <\/li> <li><b>Inicie a aplica\u00e7\u00e3o do aplicativo no site da Shopify. <\/b><br> Implemente o c\u00f3digo salvo recentemente em sua p\u00e1gina e aplique as corre\u00e7\u00f5es. <\/li> <li><b>Conclu\u00eddo! A configura\u00e7\u00e3o est\u00e1 totalmente conclu\u00edda. <\/b><br> Abra seu site para verificar o funcionamento do aplicativo. <\/li><\/ol><p>Est\u00e1 tendo problemas com a instala\u00e7\u00e3o ou personaliza\u00e7\u00e3o do widget? Escreva uma mensagem para nossa equipe de suporte ou estude nosso <a href=\"https:\/\/elfsight.com\/blog\/how-to-add-countdown-timer-to-shopify-for-free\/\" target=\"_blank\" rel=\"noopener noreferrer\">tutoriais sobre como adicionar o cron\u00f4metro de contagem regressiva ao Shopify<\/a>.<\/p><\/div><div class=\"faq\" data-component=\"FAQ\"><div class=\"faq-item\">\r\n\t\t\t\t\t<div class=\"faq-item-question\">\r\n\t\t\t\t\t\t<h3 class=\"faq-item-question-text\">Os melhores exemplos de uso de Integra\u00e7\u00e3o com rel\u00f3gio de contagem regressiva<\/h3>\r\n\r\n\t\t\t\t\t\t<div class=\"faq-item-question-icon\"><\/div>\r\n\t\t\t\t\t<\/div>\r\n\r\n\t\t\t\t\t<div class=\"faq-item-answer\">\r\n\t\t\t\t\t\t<div class=\"faq-item-answer-text\"><p>Oferecemos a voc\u00ea uma ampla gama de oportunidades de personaliza\u00e7\u00e3o: widgets em grande escala para inser\u00e7\u00e3o na \u00e1rea de conte\u00fado, widgets flutuantes com recurso de rolagem, miniaturas para o rodap\u00e9, se\u00e7\u00e3o principal e todos os tipos de possibilidades verticais para barras laterais e card\u00e1pios. <\/p><\/div>\r\n\t\t\t\t\t<\/div>\r\n\t\t\t\t<\/div><div class=\"faq-item\">\r\n\t\t\t\t\t<div class=\"faq-item-question\">\r\n\t\t\t\t\t\t<h3 class=\"faq-item-question-text\">Existe uma op\u00e7\u00e3o para construir um cron\u00f4metro de contagem regressiva ou de escassez Fomo por meio de seu editor?<\/h3>\r\n\r\n\t\t\t\t\t\t<div class=\"faq-item-question-icon\"><\/div>\r\n\t\t\t\t\t<\/div>\r\n\r\n\t\t\t\t\t<div class=\"faq-item-answer\">\r\n\t\t\t\t\t\t<div class=\"faq-item-answer-text\"><p>Voc\u00ea pode moldar as modifica\u00e7\u00f5es de qualquer widget. Existem v\u00e1rios layouts dispon\u00edveis no editor, e todos eles podem ser ajustados rapidamente da maneira que voc\u00ea precisar. <\/p><\/div>\r\n\t\t\t\t\t<\/div>\r\n\t\t\t\t<\/div><\/div>","protected":false},"excerpt":{"rendered":"","protected":false},"author":9,"featured_media":0,"parent":505,"menu_order":0,"comment_status":"closed","ping_status":"closed","template":"templates\/template-application-platform.php","meta":{"publish_to_discourse":"","publish_post_category":"","wpdc_auto_publish_overridden":"","wpdc_topic_tags":"","wpdc_pin_topic":"","wpdc_pin_until":"","discourse_post_id":"","discourse_permalink":"","wpdc_publishing_response":"","wpdc_publishing_error":"","footnotes":""},"class_list":["post-3924","page","type-page","status-publish","hentry"],"yoast_head":"<!-- This site is optimized with the Yoast SEO plugin v25.3.1 - https:\/\/yoast.com\/wordpress\/plugins\/seo\/ -->\n<title>Widget de cron\u00f4metro de contagem regressiva do Shopify - Adicionar cron\u00f4metro de contagem regressiva ao site do Shopify [ 2025 ]<\/title>\n<meta name=\"description\" content=\"Aprenda como adicionar um cron\u00f4metro de contagem regressiva ao Shopify gratuitamente. Use o melhor aplicativo de cron\u00f4metro do Shopify para adicionar urg\u00eancia \u00e0 venda de produtos em seu site.\" \/>\n<meta name=\"robots\" content=\"index, follow, max-snippet:-1, max-image-preview:large, max-video-preview:-1\" \/>\n<link rel=\"canonical\" href=\"https:\/\/elfsight.com\/pt\/countdown-timer-widget\/shopify\/\" \/>\n<meta property=\"og:locale\" content=\"pt_PT\" \/>\n<meta property=\"og:type\" content=\"article\" \/>\n<meta property=\"og:title\" content=\"Widget de cron\u00f4metro de contagem regressiva do Shopify - Adicionar cron\u00f4metro de contagem regressiva ao site do Shopify [ 2025 ]\" \/>\n<meta property=\"og:description\" content=\"Aprenda como adicionar um cron\u00f4metro de contagem regressiva ao Shopify gratuitamente. Use o melhor aplicativo de cron\u00f4metro do Shopify para adicionar urg\u00eancia \u00e0 venda de produtos em seu site.\" \/>\n<meta property=\"og:url\" content=\"https:\/\/elfsight.com\/pt\/countdown-timer-widget\/shopify\/\" \/>\n<meta property=\"og:site_name\" content=\"Elfsight PT\" \/>\n<meta property=\"article:modified_time\" content=\"2025-11-19T15:11:53+00:00\" \/>\n<meta name=\"twitter:card\" content=\"summary_large_image\" \/>\n<meta name=\"twitter:label1\" content=\"Tempo estimado de leitura\" \/>\n\t<meta name=\"twitter:data1\" content=\"4 minutos\" \/>\n<!-- \/ Yoast SEO plugin. -->","yoast_head_json":{"title":"Widget de cron\u00f4metro de contagem regressiva do Shopify - Adicionar cron\u00f4metro de contagem regressiva ao site do Shopify [ 2025 ]","description":"Aprenda como adicionar um cron\u00f4metro de contagem regressiva ao Shopify gratuitamente. Use o melhor aplicativo de cron\u00f4metro do Shopify para adicionar urg\u00eancia \u00e0 venda de produtos em seu site.","robots":{"index":"index","follow":"follow","max-snippet":"max-snippet:-1","max-image-preview":"max-image-preview:large","max-video-preview":"max-video-preview:-1"},"canonical":"https:\/\/elfsight.com\/pt\/countdown-timer-widget\/shopify\/","og_locale":"pt_PT","og_type":"article","og_title":"Widget de cron\u00f4metro de contagem regressiva do Shopify - Adicionar cron\u00f4metro de contagem regressiva ao site do Shopify [ 2025 ]","og_description":"Aprenda como adicionar um cron\u00f4metro de contagem regressiva ao Shopify gratuitamente. Use o melhor aplicativo de cron\u00f4metro do Shopify para adicionar urg\u00eancia \u00e0 venda de produtos em seu site.","og_url":"https:\/\/elfsight.com\/pt\/countdown-timer-widget\/shopify\/","og_site_name":"Elfsight PT","article_modified_time":"2025-11-19T15:11:53+00:00","twitter_card":"summary_large_image","twitter_misc":{"Tempo estimado de leitura":"4 minutos"},"schema":{"@context":"https:\/\/schema.org","@graph":[{"@type":"WebPage","@id":"https:\/\/elfsight.com\/pt\/countdown-timer-widget\/shopify\/","url":"https:\/\/elfsight.com\/pt\/countdown-timer-widget\/shopify\/","name":"Widget de cron\u00f4metro de contagem regressiva do Shopify - Adicionar cron\u00f4metro de contagem regressiva ao site do Shopify [ 2025 ]","isPartOf":{"@id":"https:\/\/elfsight.com\/pt\/#website"},"datePublished":"2024-05-03T06:34:10+00:00","dateModified":"2025-11-19T15:11:53+00:00","description":"Aprenda como adicionar um cron\u00f4metro de contagem regressiva ao Shopify gratuitamente. Use o melhor aplicativo de cron\u00f4metro do Shopify para adicionar urg\u00eancia \u00e0 venda de produtos em seu site.","breadcrumb":{"@id":"https:\/\/elfsight.com\/pt\/countdown-timer-widget\/shopify\/#breadcrumb"},"inLanguage":"pt-PT","potentialAction":[{"@type":"ReadAction","target":["https:\/\/elfsight.com\/pt\/countdown-timer-widget\/shopify\/"]}]},{"@type":"BreadcrumbList","@id":"https:\/\/elfsight.com\/pt\/countdown-timer-widget\/shopify\/#breadcrumb","itemListElement":[{"@type":"ListItem","position":1,"name":"Home","item":"https:\/\/elfsight.com\/pt\/"},{"@type":"ListItem","position":2,"name":"Countdown Timer","item":"https:\/\/elfsight.com\/pt\/countdown-timer-widget\/"},{"@type":"ListItem","position":3,"name":"Countdown Timer &#8211; Shopify"}]},{"@type":"WebSite","@id":"https:\/\/elfsight.com\/pt\/#website","url":"https:\/\/elfsight.com\/pt\/","name":"Elfsight PT","description":"Just another Elfsight Sites site","potentialAction":[{"@type":"SearchAction","target":{"@type":"EntryPoint","urlTemplate":"https:\/\/elfsight.com\/pt\/?s={search_term_string}"},"query-input":{"@type":"PropertyValueSpecification","valueRequired":true,"valueName":"search_term_string"}}],"inLanguage":"pt-PT"}]}},"meta_box":{"industry":"","seo_heading":"","heading":"","description":"","cta_heading":"","cta_description":"","application":"504","h1":"Aplicativo de contagem regressiva do Shopify","h1_caption":"Crie entusiasmo de compras em seu site com cron\u00f4metros e contagens","application_category":[],"applications_title":"","applications_request_title":"","applications_request_button_text":"","hero_text":"","hero_video":"","hero_video_schema_markup":"","selling_points_title":"","selling_points_caption":"","selling_points":[],"selling_points_cta_text":"","features_title":"","features":"","ed_cta_examples_text":"","ed_cta_examples_hidden":"","ed_cta_demo_text":"","ed_cta_demo_hidden":"","why_caption":"","why_editor_title":"","why_editor_text":"","why_team_title":"","why_team_text":"","why_service_title":"","why_service_text":"","template_catalog_visible":"0","template_catalog_title":"","template_catalog_text":"","template_catalog_categories_visible":"","demo_title":"Crie seu aplicativo de contagem regressiva","demo_caption":"Configure seu cron\u00f4metro de contagem regressiva e adicione-o ao seu site Shopify gratuitamente!","default_faq_hidden":"","app_template_category":[],"platform":"64","template_public_id":"","codecanyon_url":"","codecanyon_item_id":"","codecanyon_price":"","pricing_caption":"","pricing_elfsight_apps_hide_column":"","pricing_elfsight_apps_url":"","pricing_codecanyon_price_caption":"","integration_category":[],"integration_request_title":"","integration_request_cta":"","integration_platform":"","integrations":[],"platform_category":[],"video_schema_markup":"","price":"a partir de US$ 0\/m\u00eas","trial":"","benefits":[{"text":"Servi\u00e7o de instala\u00e7\u00e3o gratuito"},{"text":"Suporte premium"},{"text":"Garantia de devolu\u00e7\u00e3o do dinheiro em 14 dias"},{"text":"Atualiza\u00e7\u00f5es gratuitas cont\u00ednuas"}],"button_url":"#demo","button_target_blank":"0","button_nofollow":"0","attributes":[{"name":"Instala\u00e7\u00f5es","content":"100,000 - 500,000","_state":"expanded"},{"name":"Responsivo","content":"Sim","_state":"expanded"},{"name":"Navegadores compat\u00edveis","content":"Firefox, Safari, Opera, Chrome, Edge"}],"tags":[],"tags_disable_links":"0","hide_more_platforms":"0","video_object":"","demo_hide_cta":"0","demo_hide_cloud_options":"0","pricing_title":"","pricing":[{"pricing_icon":"cloud","pricing_title":"Elfsight Apps","pricing_title_caption":"Vers\u00e3o multiplataforma que funciona em qualquer site","pricing_price":"a partir de US$ 0\/m\u00eas","pricing_price_caption":"comece com plano gratuito","pricing_benefits":[{"text":"Sites ilimitados"},{"text":"Suporte premium"},{"text":"Suporte premium"},{"text":"Oferta especial para v\u00e1rios aplicativos"}],"pricing_button_text":"Adicionar ao site","pricing_button_url":"#demo","_state":"expanded"}],"related_apps_title":"","related_apps_hidden":"1","author":"","image":[],"title":"","job":"","social_networks":[]},"_links":{"self":[{"href":"https:\/\/elfsight.com\/pt\/wp-json\/wp\/v2\/pages\/3924","targetHints":{"allow":["GET"]}}],"collection":[{"href":"https:\/\/elfsight.com\/pt\/wp-json\/wp\/v2\/pages"}],"about":[{"href":"https:\/\/elfsight.com\/pt\/wp-json\/wp\/v2\/types\/page"}],"author":[{"embeddable":true,"href":"https:\/\/elfsight.com\/pt\/wp-json\/wp\/v2\/users\/9"}],"replies":[{"embeddable":true,"href":"https:\/\/elfsight.com\/pt\/wp-json\/wp\/v2\/comments?post=3924"}],"version-history":[{"count":3,"href":"https:\/\/elfsight.com\/pt\/wp-json\/wp\/v2\/pages\/3924\/revisions"}],"predecessor-version":[{"id":15172,"href":"https:\/\/elfsight.com\/pt\/wp-json\/wp\/v2\/pages\/3924\/revisions\/15172"}],"up":[{"embeddable":true,"href":"https:\/\/elfsight.com\/pt\/wp-json\/wp\/v2\/pages\/505"}],"wp:attachment":[{"href":"https:\/\/elfsight.com\/pt\/wp-json\/wp\/v2\/media?parent=3924"}],"curies":[{"name":"wp","href":"https:\/\/api.w.org\/{rel}","templated":true}]}}