{"id":3921,"date":"2024-05-03T06:35:02","date_gmt":"2024-05-03T06:35:02","guid":{"rendered":"https:\/\/elfsight.com\/pt\/?page_id=3921"},"modified":"2024-11-13T11:43:51","modified_gmt":"2024-11-13T11:43:51","slug":"shopify","status":"publish","type":"page","link":"https:\/\/elfsight.com\/pt\/event-calendar-widget\/shopify\/","title":{"rendered":"Event Calendar &#8211; Shopify"},"content":{"rendered":"<div class=\"application-platform-content-item-description application-platform-content-item\" id=\"description\" data-nav-section=\"description\"> <h2>Incorpore o calend\u00e1rio de eventos com o widget Elfsight<\/h2> <p>O aplicativo Elfsight Calendar para Shopify \u00e9 um aplicativo impressionante que permite que voc\u00ea compartilhe rapidamente suas atividades com seus visitantes. Tem muitas op\u00e7\u00f5es para exibir os pr\u00f3ximos eventos da forma mais vistosa. Personalize-o para mesclar o design com o estilo do seu site. Forme v\u00e1rios eventos, adicione tags diferentes, carregue suas pr\u00f3prias fotos e v\u00eddeos e mantenha seus visitantes notificados sobre sua agenda.<\/p> <p><b>O aplicativo Elfsight Events Calendar pode ajud\u00e1-lo a exibir facilmente suas pr\u00f3ximas atividades e impulsionar a taxa de engajamento em seu site. <\/b><\/p> <\/div> <div class=\"application-platform-content-item-features application-platform-content-item\" id=\"features\" data-nav-section=\"features\"> <h2>Principais recursos do aplicativo Event Calendar<\/h2> <p>Veja todas as fun\u00e7\u00f5es do Shopify Event Calendar. Eles est\u00e3o dispon\u00edveis diretamente no editor e ir\u00e3o ajud\u00e1-lo a criar o widget exatamente para suas necessidades. <\/p> <ul> <li>Use op\u00e7\u00f5es de conte\u00fado adapt\u00e1veis \u200b\u200bpara abranger o calend\u00e1rio para o seu tipo de atividades. <\/li> <li>Ofere\u00e7a aos usu\u00e1rios a oportunidade de adicionar seus eventos aos aplicativos mais usados. <\/li> <li>Gere v\u00e1rios tipos de eventos, especifique locais e adicione hosts. <\/li> <li>Classifique todos os seus eventos e atribua tags a eles. <\/li> <li>Escolha entre quatro variantes de layout. <\/li> <\/ul> <p><a href=\"#demo\">Veja como todos os recursos funcionam em nossa demonstra\u00e7\u00e3o<\/a><\/p> <\/div> <div class=\"application-platform-content-item-installation application-platform-content-item\" id=\"installation\" data-nav-section=\"installation\"> <h2>Como posso incorporar o Calend\u00e1rio de Eventos no meu site da Shopify?<\/h2> <div class=\"video-container\"><iframe width=\"720\" height=\"405\" src=\"https:\/\/www.youtube.com\/embed\/VgysQmu9Z0c\" frameborder=\"0\" allowfullscreen=\"\"><\/iframe><\/div><p>Para incorporar o aplicativo Shopify Event Calendar, basta aplicar as instru\u00e7\u00f5es abaixo.<\/p> <ol><li><b>Use nosso configurador gratuito e comece a criar seu aplicativo personalizado. <\/b><br> Determine a disposi\u00e7\u00e3o e as especifica\u00e7\u00f5es desej\u00e1veis \u200b\u200bdo aplicativo e salve todas as modifica\u00e7\u00f5es. <\/li> <li><b>Copie o seu c\u00f3digo individual mostrado na caixa nas aplica\u00e7\u00f5es Elfsight. <\/b><br> Logo ap\u00f3s a cria\u00e7\u00e3o do seu aplicativo, copie o c\u00f3digo pessoal na caixa que aparece e guarde-o para futuras ocasi\u00f5es. <\/li> <li><b>Entre usando o aplicativo no site da Shopify. <\/b><br> Adicione o c\u00f3digo que voc\u00ea salvou antes em sua p\u00e1gina e aplique as modifica\u00e7\u00f5es. <\/li> <li><b>A configura\u00e7\u00e3o foi executada com sucesso. <\/b><br> Acesse seu site para ver como o aplicativo est\u00e1 funcionando. <\/li><\/ol><p>N\u00e3o hesite em entrar em contato com o suporte ao cliente da Elfsight quando precisar de assist\u00eancia ou tiver d\u00favidas. Teremos o maior prazer em ajud\u00e1-lo a incorporar o calend\u00e1rio de eventos do Shopify. <\/p> <\/div>","protected":false},"excerpt":{"rendered":"","protected":false},"author":9,"featured_media":0,"parent":771,"menu_order":0,"comment_status":"closed","ping_status":"closed","template":"templates\/template-application-platform.php","meta":{"publish_to_discourse":"","publish_post_category":"","wpdc_auto_publish_overridden":"","wpdc_topic_tags":"","wpdc_pin_topic":"","wpdc_pin_until":"","discourse_post_id":"","discourse_permalink":"","wpdc_publishing_response":"","wpdc_publishing_error":"","footnotes":""},"class_list":["post-3921","page","type-page","status-publish","hentry"],"yoast_head":"<!-- This site is optimized with the Yoast SEO plugin v25.3.1 - https:\/\/yoast.com\/wordpress\/plugins\/seo\/ -->\n<title>Widget de calend\u00e1rio de eventos do Shopify - Adicionar calend\u00e1rio de eventos ao site do Shopify [2025]<\/title>\n<meta name=\"description\" content=\"Com a Elfsight, crie seu plugin simples de calend\u00e1rio de eventos e incorpore-o rapidamente no c\u00f3digo do seu site Shopify. Oferecemos suporte gratuito ao cliente e outros b\u00f4nus.\" \/>\n<meta name=\"robots\" content=\"index, follow, max-snippet:-1, max-image-preview:large, max-video-preview:-1\" \/>\n<link rel=\"canonical\" href=\"https:\/\/elfsight.com\/pt\/event-calendar-widget\/shopify\/\" \/>\n<meta property=\"og:locale\" content=\"pt_PT\" \/>\n<meta property=\"og:type\" content=\"article\" \/>\n<meta property=\"og:title\" content=\"Widget de calend\u00e1rio de eventos do Shopify - Adicionar calend\u00e1rio de eventos ao site do Shopify [2025]\" \/>\n<meta property=\"og:description\" content=\"Com a Elfsight, crie seu plugin simples de calend\u00e1rio de eventos e incorpore-o rapidamente no c\u00f3digo do seu site Shopify. Oferecemos suporte gratuito ao cliente e outros b\u00f4nus.\" \/>\n<meta property=\"og:url\" content=\"https:\/\/elfsight.com\/pt\/event-calendar-widget\/shopify\/\" \/>\n<meta property=\"og:site_name\" content=\"Elfsight PT\" \/>\n<meta property=\"article:modified_time\" content=\"2024-11-13T11:43:51+00:00\" \/>\n<meta name=\"twitter:card\" content=\"summary_large_image\" \/>\n<meta name=\"twitter:label1\" content=\"Tempo estimado de leitura\" \/>\n\t<meta name=\"twitter:data1\" content=\"2 minutos\" \/>\n<!-- \/ Yoast SEO plugin. -->","yoast_head_json":{"title":"Widget de calend\u00e1rio de eventos do Shopify - Adicionar calend\u00e1rio de eventos ao site do Shopify [2025]","description":"Com a Elfsight, crie seu plugin simples de calend\u00e1rio de eventos e incorpore-o rapidamente no c\u00f3digo do seu site Shopify. Oferecemos suporte gratuito ao cliente e outros b\u00f4nus.","robots":{"index":"index","follow":"follow","max-snippet":"max-snippet:-1","max-image-preview":"max-image-preview:large","max-video-preview":"max-video-preview:-1"},"canonical":"https:\/\/elfsight.com\/pt\/event-calendar-widget\/shopify\/","og_locale":"pt_PT","og_type":"article","og_title":"Widget de calend\u00e1rio de eventos do Shopify - Adicionar calend\u00e1rio de eventos ao site do Shopify [2025]","og_description":"Com a Elfsight, crie seu plugin simples de calend\u00e1rio de eventos e incorpore-o rapidamente no c\u00f3digo do seu site Shopify. Oferecemos suporte gratuito ao cliente e outros b\u00f4nus.","og_url":"https:\/\/elfsight.com\/pt\/event-calendar-widget\/shopify\/","og_site_name":"Elfsight PT","article_modified_time":"2024-11-13T11:43:51+00:00","twitter_card":"summary_large_image","twitter_misc":{"Tempo estimado de leitura":"2 minutos"},"schema":{"@context":"https:\/\/schema.org","@graph":[{"@type":"WebPage","@id":"https:\/\/elfsight.com\/pt\/event-calendar-widget\/shopify\/","url":"https:\/\/elfsight.com\/pt\/event-calendar-widget\/shopify\/","name":"Widget de calend\u00e1rio de eventos do Shopify - Adicionar calend\u00e1rio de eventos ao site do Shopify [2025]","isPartOf":{"@id":"https:\/\/elfsight.com\/pt\/#website"},"datePublished":"2024-05-03T06:35:02+00:00","dateModified":"2024-11-13T11:43:51+00:00","description":"Com a Elfsight, crie seu plugin simples de calend\u00e1rio de eventos e incorpore-o rapidamente no c\u00f3digo do seu site Shopify. Oferecemos suporte gratuito ao cliente e outros b\u00f4nus.","breadcrumb":{"@id":"https:\/\/elfsight.com\/pt\/event-calendar-widget\/shopify\/#breadcrumb"},"inLanguage":"pt-PT","potentialAction":[{"@type":"ReadAction","target":["https:\/\/elfsight.com\/pt\/event-calendar-widget\/shopify\/"]}]},{"@type":"BreadcrumbList","@id":"https:\/\/elfsight.com\/pt\/event-calendar-widget\/shopify\/#breadcrumb","itemListElement":[{"@type":"ListItem","position":1,"name":"Home","item":"https:\/\/elfsight.com\/pt\/"},{"@type":"ListItem","position":2,"name":"Event Calendar","item":"https:\/\/elfsight.com\/pt\/event-calendar-widget\/"},{"@type":"ListItem","position":3,"name":"Event Calendar &#8211; Shopify"}]},{"@type":"WebSite","@id":"https:\/\/elfsight.com\/pt\/#website","url":"https:\/\/elfsight.com\/pt\/","name":"Elfsight PT","description":"Just another Elfsight Sites site","potentialAction":[{"@type":"SearchAction","target":{"@type":"EntryPoint","urlTemplate":"https:\/\/elfsight.com\/pt\/?s={search_term_string}"},"query-input":{"@type":"PropertyValueSpecification","valueRequired":true,"valueName":"search_term_string"}}],"inLanguage":"pt-PT"}]}},"meta_box":{"industry":"","seo_heading":"","heading":"","description":"","cta_heading":"","cta_description":"","application":"770","h1":"Aplicativo de calend\u00e1rio de eventos do Shopify","h1_caption":"Torne seus eventos f\u00e1ceis de encontrar usando o Calend\u00e1rio","application_category":[],"applications_title":"","applications_request_title":"","applications_request_button_text":"","hero_text":"","hero_video":"","hero_video_schema_markup":"","selling_points_title":"","selling_points_caption":"","selling_points":[],"selling_points_cta_text":"","features_title":"","features":"","ed_cta_examples_text":"","ed_cta_examples_hidden":"","ed_cta_demo_text":"","ed_cta_demo_hidden":"","why_caption":"","why_editor_title":"","why_editor_text":"","why_team_title":"","why_team_text":"","why_service_title":"","why_service_text":"","template_catalog_visible":"","template_catalog_title":"","template_catalog_text":"","template_catalog_categories_visible":"","demo_title":"Crie seu aplicativo de calend\u00e1rio de eventos","demo_caption":"Configure seu calend\u00e1rio de eventos e adicione-o ao seu site Shopify gratuitamente!","default_faq_hidden":"","app_template_category":[],"platform":"64","template_public_id":"","codecanyon_url":"","codecanyon_item_id":"","codecanyon_price":"","pricing_caption":"","pricing_elfsight_apps_hide_column":"","pricing_elfsight_apps_url":"","pricing_codecanyon_price_caption":"","integration_category":[],"integration_request_title":"","integration_request_cta":"","integration_platform":"","integrations":[],"platform_category":[],"video_schema_markup":"","price":"a partir de US$ 0\/m\u00eas","trial":"","benefits":[{"text":"Servi\u00e7o de instala\u00e7\u00e3o gratuito"},{"text":"Suporte premium"},{"text":"Garantia de devolu\u00e7\u00e3o do dinheiro em 14 dias"},{"text":"Atualiza\u00e7\u00f5es gratuitas cont\u00ednuas"}],"button_url":"#demo","button_target_blank":"0","button_nofollow":"0","attributes":[{"name":"Instala\u00e7\u00f5es","content":"100,000 - 500,000","_state":"expanded"},{"name":"Responsivo","content":"Sim","_state":"expanded"},{"name":"Navegadores compat\u00edveis","content":"Firefox, Safari, Opera, Chrome, Edge"}],"tags":[],"tags_disable_links":"0","hide_more_platforms":"","video_object":"","demo_hide_cta":"0","demo_hide_cloud_options":"0","pricing_title":"","pricing":[{"pricing_icon":"cloud","pricing_title":"Elfsight Apps","pricing_title_caption":"Vers\u00e3o multiplataforma que funciona em qualquer site","pricing_price":"a partir de US$ 0\/m\u00eas","pricing_price_caption":"comece com plano gratuito","pricing_benefits":[{"text":"Sites ilimitados"},{"text":"Suporte premium"},{"text":"Suporte premium"},{"text":"Oferta especial para v\u00e1rios aplicativos"}],"pricing_button_text":"Adicionar ao site","pricing_button_url":"#demo","_state":"expanded"}],"related_apps_title":"","related_apps_hidden":"1","author":"","image":[],"title":"","job":"","social_networks":[]},"_links":{"self":[{"href":"https:\/\/elfsight.com\/pt\/wp-json\/wp\/v2\/pages\/3921","targetHints":{"allow":["GET"]}}],"collection":[{"href":"https:\/\/elfsight.com\/pt\/wp-json\/wp\/v2\/pages"}],"about":[{"href":"https:\/\/elfsight.com\/pt\/wp-json\/wp\/v2\/types\/page"}],"author":[{"embeddable":true,"href":"https:\/\/elfsight.com\/pt\/wp-json\/wp\/v2\/users\/9"}],"replies":[{"embeddable":true,"href":"https:\/\/elfsight.com\/pt\/wp-json\/wp\/v2\/comments?post=3921"}],"version-history":[{"count":2,"href":"https:\/\/elfsight.com\/pt\/wp-json\/wp\/v2\/pages\/3921\/revisions"}],"predecessor-version":[{"id":11770,"href":"https:\/\/elfsight.com\/pt\/wp-json\/wp\/v2\/pages\/3921\/revisions\/11770"}],"up":[{"embeddable":true,"href":"https:\/\/elfsight.com\/pt\/wp-json\/wp\/v2\/pages\/771"}],"wp:attachment":[{"href":"https:\/\/elfsight.com\/pt\/wp-json\/wp\/v2\/media?parent=3921"}],"curies":[{"name":"wp","href":"https:\/\/api.w.org\/{rel}","templated":true}]}}