{"id":3916,"date":"2024-05-03T06:34:11","date_gmt":"2024-05-03T06:34:11","guid":{"rendered":"https:\/\/elfsight.com\/pt\/?page_id=3916"},"modified":"2024-11-13T12:10:37","modified_gmt":"2024-11-13T12:10:37","slug":"opencart","status":"publish","type":"page","link":"https:\/\/elfsight.com\/pt\/countdown-timer-widget\/opencart\/","title":{"rendered":"Countdown Timer &#8211; OpenCart"},"content":{"rendered":"<div class=\"application-platform-content-item-description application-platform-content-item\" id=\"description\" data-nav-section=\"description\"><h2>Descri\u00e7\u00e3o<\/h2><p>Voc\u00ea pode usar a extens\u00e3o Elfsight Countdown para projetar suas contagens e cron\u00f4metros personalizados, o que incentivar\u00e1 os clientes a comprar mais em seu site. A contagem de estoque ou de vendas criar\u00e1 uma sensa\u00e7\u00e3o de disponibilidade e concorr\u00eancia limitadas; a contagem regressiva de vendas levar\u00e1 os compradores a comprar antes que as vendas terminem. Uma contagem regressiva individual incentivar\u00e1 cada cliente a usar uma oferta pessoal com mais rapidez; os banners de liquida\u00e7\u00e3o de fim de ano chamar\u00e3o mais aten\u00e7\u00e3o para seus produtos gra\u00e7as \u00e0 decora\u00e7\u00e3o tem\u00e1tica.<\/p><p><b>Aumente o entusiasmo das compras e incentive os visitantes a comprar mais.<\/b><\/p><p><b>Inspire audi\u00eancia para comprar em seu site, trazendo um senso de urg\u00eancia.<\/b><br> Fa\u00e7a seu p\u00fablico sentir medo de perder sua oferta e venda lucrativa com o tempo passando at\u00e9 o final dela. Isso far\u00e1 com que os usu\u00e1rios comprem mais r\u00e1pido e aumentem as vendas em seu site.<\/p><p><b>Demonstre a queda do estoque para aumentar o valor dos itens.<\/b><br> Estabele\u00e7a um senso de competi\u00e7\u00e3o para o seu site. ofertas demonstrando como o n\u00famero de compras est\u00e1 aumentando e o estoque est\u00e1 diminuindo. O valor percebido dos itens aumentar\u00e1 e os clientes tamb\u00e9m v\u00e3o querer compr\u00e1-los.<\/p><p><b>Chame mais aten\u00e7\u00e3o para suas vendas por meio de uma barra de cron\u00f4metro brilhante em estilo natalino.<\/b><br> Com com a ajuda de bares tem\u00e1ticos atraentes, voc\u00ea pode demonstrar suas ofertas e vendas especiais sazonais. Aproveite ao m\u00e1ximo a alta temporada para aumentar as vendas em seu site.<\/p><\/div><div class=\"application-platform-content-item-features application-platform-content-item\" id=\"features\" data-nav-section=\"features\"><h2>Recursos<\/h2><p>Aqui est\u00e3o as caracter\u00edsticas que tornam nossa extens\u00e3o ideal escolha para site OpenCart:<\/p><ul><li>Contador ascendente e descendente;<\/li><li>Texto edit\u00e1vel do bot\u00e3o;<\/li><li>Texto edit\u00e1vel da mensagem de t\u00e9rmino do cron\u00f4metro;<\/li><li>Op\u00e7\u00e3o para alterar a cor do cron\u00f4metro, bot\u00e3o, r\u00f3tulos e mensagem;<\/li><li>Design limpo garantindo integra\u00e7\u00e3o perfeita em qualquer conceito de site.<\/li><\/ul><a href=\"#demo\">Descubra um conjunto completo de vantagens na demonstra\u00e7\u00e3o!<\/a><\/div><div class=\"application-platform-content-item-installation application-platform-content-item\" id=\"installation\" data-nav-section=\"installation\"><h2>Como adicionar o temporizador de contagem regressiva ao site OpenCart<\/h2><p>Basta seguir as diretrizes abaixo para incorporar a ferramenta no OpenCart.<\/p> <ol><li><b>Utilize nosso configurador gratuito e comece a construir seu pr\u00f3prio widget. <\/b><br> Encontre a interface preferida e as op\u00e7\u00f5es do widget e aplique as corre\u00e7\u00f5es. <\/li> <li><b>Copie o seu c\u00f3digo individual mostrado na janela dos aplicativos Elfsight. <\/b><br> Ap\u00f3s a configura\u00e7\u00e3o do seu cron\u00f4metro de contagem regressiva, copie o c\u00f3digo pessoal do pop-up exibido e salve-o para uso futuro. <\/li> <li><b>Entre usando o widget em seu site OpenCart. <\/b><br> Cole o c\u00f3digo copiado recentemente em sua p\u00e1gina e aplique as modifica\u00e7\u00f5es. <\/li> <li><b>Pronto! A integra\u00e7\u00e3o foi realizada com sucesso. <\/b><br> Acesse sua p\u00e1gina para ver o desempenho do widget. <\/li><\/ol> <p>Caso voc\u00ea tenha algum problema com a cria\u00e7\u00e3o da extens\u00e3o ou suas configura\u00e7\u00f5es, entre em contato com nossa equipe de suporte. Ou tente ler um <a href=\"https:\/\/elfsight.com\/tutorials\/how-to-add-countdown-timer-to-opencart\/\" target=\"_blank\" rel=\"noopener noreferrer\">tutorial detalhado<\/a>.<\/p><div class=\"faq\" data-component=\"FAQ\"> <div class=\"faq-item\">\r\n\t\t\t\t\t<div class=\"faq-item-question\">\r\n\t\t\t\t\t\t<h3 class=\"faq-item-question-text\">Como adicionar um cron\u00f4metro de contagem regressiva ao meu site OpenCart sem habilidades de codifica\u00e7\u00e3o?<\/h3>\r\n\r\n\t\t\t\t\t\t<div class=\"faq-item-question-icon\"><\/div>\r\n\t\t\t\t\t<\/div>\r\n\r\n\t\t\t\t\t<div class=\"faq-item-answer\">\r\n\t\t\t\t\t\t<div class=\"faq-item-answer-text\"> <p>A Elfsight fornece uma solu\u00e7\u00e3o SaaS que permite que voc\u00ea mesmo crie um widget de cron\u00f4metro de contagem regressiva, veja como o processo \u00e9 f\u00e1cil: Trabalhe diretamente no Editor online para criar um widget de contagem regressiva que voc\u00ea gostaria de ver em seu site OpenCart. Escolha um dos modelos predefinidos e ajuste as configura\u00e7\u00f5es do cron\u00f4metro de contagem regressiva, adicione seu conte\u00fado, altere o layout e o esquema de cores sem habilidades de codifica\u00e7\u00e3o. Salve o cron\u00f4metro de contagem regressiva e copie seu c\u00f3digo de instala\u00e7\u00e3o, que voc\u00ea pode incorporar facilmente em seu site OpenCart sem comprar uma assinatura paga. Com nosso editor intuitivo, qualquer usu\u00e1rio da Internet pode criar um widget de contagem regressiva online e incorpor\u00e1-lo facilmente em seu site OpenCart. N\u00e3o h\u00e1 necessidade de pagar ou inserir as credenciais do seu cart\u00e3o para acessar o servi\u00e7o. Se voc\u00ea enfrentar qualquer problema em qualquer etapa, n\u00e3o hesite em entrar em contato com nossa equipe de suporte t\u00e9cnico.<\/p> <\/div>\r\n\t\t\t\t\t<\/div>\r\n\t\t\t\t<\/div> <\/div> <\/div>","protected":false},"excerpt":{"rendered":"","protected":false},"author":9,"featured_media":0,"parent":505,"menu_order":0,"comment_status":"closed","ping_status":"closed","template":"templates\/template-application-platform.php","meta":{"publish_to_discourse":"","publish_post_category":"","wpdc_auto_publish_overridden":"","wpdc_topic_tags":"","wpdc_pin_topic":"","wpdc_pin_until":"","discourse_post_id":"","discourse_permalink":"","wpdc_publishing_response":"","wpdc_publishing_error":"","footnotes":""},"class_list":["post-3916","page","type-page","status-publish","hentry"],"yoast_head":"<!-- This site is optimized with the Yoast SEO plugin v25.3.1 - https:\/\/yoast.com\/wordpress\/plugins\/seo\/ -->\n<title>A melhor extens\u00e3o OpenCart Countdown Timer para site (2026)<\/title>\n<meta name=\"description\" content=\"Teste a extens\u00e3o Elfsight Countdown Timer para OpenCart agora mesmo. Crie \u00edcones personalizados para o seu site em apenas alguns minutos!\" \/>\n<meta name=\"robots\" content=\"index, follow, max-snippet:-1, max-image-preview:large, max-video-preview:-1\" \/>\n<link rel=\"canonical\" href=\"https:\/\/elfsight.com\/pt\/countdown-timer-widget\/opencart\/\" \/>\n<meta property=\"og:locale\" content=\"pt_PT\" \/>\n<meta property=\"og:type\" content=\"article\" \/>\n<meta property=\"og:title\" content=\"A melhor extens\u00e3o OpenCart Countdown Timer para site (2026)\" \/>\n<meta property=\"og:description\" content=\"Teste a extens\u00e3o Elfsight Countdown Timer para OpenCart agora mesmo. Crie \u00edcones personalizados para o seu site em apenas alguns minutos!\" \/>\n<meta property=\"og:url\" content=\"https:\/\/elfsight.com\/pt\/countdown-timer-widget\/opencart\/\" \/>\n<meta property=\"og:site_name\" content=\"Elfsight PT\" \/>\n<meta property=\"article:modified_time\" content=\"2024-11-13T12:10:37+00:00\" \/>\n<meta name=\"twitter:card\" content=\"summary_large_image\" \/>\n<meta name=\"twitter:label1\" content=\"Tempo estimado de leitura\" \/>\n\t<meta name=\"twitter:data1\" content=\"2 minutos\" \/>\n<!-- \/ Yoast SEO plugin. -->","yoast_head_json":{"title":"A melhor extens\u00e3o OpenCart Countdown Timer para site (2026)","description":"Teste a extens\u00e3o Elfsight Countdown Timer para OpenCart agora mesmo. Crie \u00edcones personalizados para o seu site em apenas alguns minutos!","robots":{"index":"index","follow":"follow","max-snippet":"max-snippet:-1","max-image-preview":"max-image-preview:large","max-video-preview":"max-video-preview:-1"},"canonical":"https:\/\/elfsight.com\/pt\/countdown-timer-widget\/opencart\/","og_locale":"pt_PT","og_type":"article","og_title":"A melhor extens\u00e3o OpenCart Countdown Timer para site (2026)","og_description":"Teste a extens\u00e3o Elfsight Countdown Timer para OpenCart agora mesmo. Crie \u00edcones personalizados para o seu site em apenas alguns minutos!","og_url":"https:\/\/elfsight.com\/pt\/countdown-timer-widget\/opencart\/","og_site_name":"Elfsight PT","article_modified_time":"2024-11-13T12:10:37+00:00","twitter_card":"summary_large_image","twitter_misc":{"Tempo estimado de leitura":"2 minutos"},"schema":{"@context":"https:\/\/schema.org","@graph":[{"@type":"WebPage","@id":"https:\/\/elfsight.com\/pt\/countdown-timer-widget\/opencart\/","url":"https:\/\/elfsight.com\/pt\/countdown-timer-widget\/opencart\/","name":"A melhor extens\u00e3o OpenCart Countdown Timer para site (2026)","isPartOf":{"@id":"https:\/\/elfsight.com\/pt\/#website"},"datePublished":"2024-05-03T06:34:11+00:00","dateModified":"2024-11-13T12:10:37+00:00","description":"Teste a extens\u00e3o Elfsight Countdown Timer para OpenCart agora mesmo. Crie \u00edcones personalizados para o seu site em apenas alguns minutos!","breadcrumb":{"@id":"https:\/\/elfsight.com\/pt\/countdown-timer-widget\/opencart\/#breadcrumb"},"inLanguage":"pt-PT","potentialAction":[{"@type":"ReadAction","target":["https:\/\/elfsight.com\/pt\/countdown-timer-widget\/opencart\/"]}]},{"@type":"BreadcrumbList","@id":"https:\/\/elfsight.com\/pt\/countdown-timer-widget\/opencart\/#breadcrumb","itemListElement":[{"@type":"ListItem","position":1,"name":"Home","item":"https:\/\/elfsight.com\/pt\/"},{"@type":"ListItem","position":2,"name":"Countdown Timer","item":"https:\/\/elfsight.com\/pt\/countdown-timer-widget\/"},{"@type":"ListItem","position":3,"name":"Countdown Timer &#8211; OpenCart"}]},{"@type":"WebSite","@id":"https:\/\/elfsight.com\/pt\/#website","url":"https:\/\/elfsight.com\/pt\/","name":"Elfsight PT","description":"Just another Elfsight Sites site","potentialAction":[{"@type":"SearchAction","target":{"@type":"EntryPoint","urlTemplate":"https:\/\/elfsight.com\/pt\/?s={search_term_string}"},"query-input":{"@type":"PropertyValueSpecification","valueRequired":true,"valueName":"search_term_string"}}],"inLanguage":"pt-PT"}]}},"meta_box":{"industry":"","seo_heading":"","heading":"","description":"","cta_heading":"","cta_description":"","application":"504","h1":"Extens\u00e3o do temporizador de contagem regressiva OpenCart","h1_caption":"Traga entusiasmo de compra em seu site por meio de cron\u00f4metros e contagens","application_category":[],"applications_title":"","applications_request_title":"","applications_request_button_text":"","hero_text":"","hero_video":"","hero_video_schema_markup":"","selling_points_title":"","selling_points_caption":"","selling_points":[],"selling_points_cta_text":"","features_title":"","features":"","ed_cta_examples_text":"","ed_cta_examples_hidden":"","ed_cta_demo_text":"","ed_cta_demo_hidden":"","why_caption":"","why_editor_title":"","why_editor_text":"","why_team_title":"","why_team_text":"","why_service_title":"","why_service_text":"","template_catalog_visible":"","template_catalog_title":"","template_catalog_text":"","template_catalog_categories_visible":"","demo_title":"Crie sua extens\u00e3o de contagem regressiva","demo_caption":"Configure seu cron\u00f4metro de contagem regressiva e adicione-o ao seu site OpenCart gratuitamente!","default_faq_hidden":"","app_template_category":[],"platform":"61","template_public_id":"","codecanyon_url":"","codecanyon_item_id":"","codecanyon_price":"","pricing_caption":"","pricing_elfsight_apps_hide_column":"","pricing_elfsight_apps_url":"","pricing_codecanyon_price_caption":"","integration_category":[],"integration_request_title":"","integration_request_cta":"","integration_platform":"","integrations":[],"platform_category":[],"video_schema_markup":"","price":"a partir de US$ 0\/m\u00eas","trial":"","benefits":[{"text":"Ajuda de instala\u00e7\u00e3o gratuita"},{"text":"Suporte premium"},{"text":"Garantia de reembolso de 14 dias"},{"text":"Atualizando constantemente"}],"button_url":"#demo","button_target_blank":"0","button_nofollow":"0","attributes":[{"name":"Instala\u00e7\u00f5es","content":"100,000 - 500,000","_state":"expanded"},{"name":"Responsivo","content":"Sim","_state":"expanded"},{"name":"Navegadores compat\u00edveis","content":"Firefox, Safari, Edge, Chrome, Opera"}],"tags":[],"tags_disable_links":"0","hide_more_platforms":"","video_object":"","demo_hide_cta":"0","demo_hide_cloud_options":"0","pricing_title":"","pricing":[{"pricing_icon":"cloud","pricing_title":"Elfsight Apps","pricing_title_caption":"Software independente de plataforma que se adapta a qualquer site","pricing_price":"a partir de US$ 0\/m\u00eas","pricing_price_caption":"comece com plano gratuito","pricing_benefits":[{"text":"Sites ilimitados"},{"text":"Suporte r\u00e1pido e pontual"},{"text":"Suporte r\u00e1pido e pontual"},{"text":"Design flex\u00edvel"}],"pricing_button_text":"Adicionar ao site","pricing_button_url":"#demo","_state":"expanded"}],"related_apps_title":"","related_apps_hidden":"1","author":"","image":[],"title":"","job":"","social_networks":[]},"_links":{"self":[{"href":"https:\/\/elfsight.com\/pt\/wp-json\/wp\/v2\/pages\/3916","targetHints":{"allow":["GET"]}}],"collection":[{"href":"https:\/\/elfsight.com\/pt\/wp-json\/wp\/v2\/pages"}],"about":[{"href":"https:\/\/elfsight.com\/pt\/wp-json\/wp\/v2\/types\/page"}],"author":[{"embeddable":true,"href":"https:\/\/elfsight.com\/pt\/wp-json\/wp\/v2\/users\/9"}],"replies":[{"embeddable":true,"href":"https:\/\/elfsight.com\/pt\/wp-json\/wp\/v2\/comments?post=3916"}],"version-history":[{"count":2,"href":"https:\/\/elfsight.com\/pt\/wp-json\/wp\/v2\/pages\/3916\/revisions"}],"predecessor-version":[{"id":11747,"href":"https:\/\/elfsight.com\/pt\/wp-json\/wp\/v2\/pages\/3916\/revisions\/11747"}],"up":[{"embeddable":true,"href":"https:\/\/elfsight.com\/pt\/wp-json\/wp\/v2\/pages\/505"}],"wp:attachment":[{"href":"https:\/\/elfsight.com\/pt\/wp-json\/wp\/v2\/media?parent=3916"}],"curies":[{"name":"wp","href":"https:\/\/api.w.org\/{rel}","templated":true}]}}