{"id":3900,"date":"2024-05-03T06:34:13","date_gmt":"2024-05-03T06:34:13","guid":{"rendered":"https:\/\/elfsight.com\/pt\/?page_id=3900"},"modified":"2024-11-13T12:10:46","modified_gmt":"2024-11-13T12:10:46","slug":"magento","status":"publish","type":"page","link":"https:\/\/elfsight.com\/pt\/countdown-timer-widget\/magento\/","title":{"rendered":"Countdown Timer &#8211; Magento"},"content":{"rendered":"<div class=\"application-platform-content-item-description application-platform-content-item\" id=\"description\" data-nav-section=\"description\"><h2>Descri\u00e7\u00e3o<\/h2><p>Exiba cron\u00f4metros de gera\u00e7\u00e3o de vendas para seu site com a extens\u00e3o Elfsight Countdown. Aque\u00e7a o ambiente e evoque uma sensa\u00e7\u00e3o de disponibilidade limitada de seus produtos, mostrando a rapidez com que eles s\u00e3o adquiridos diante dos olhos do p\u00fablico. Conven\u00e7a os usu\u00e1rios a comprar agora mesmo, mostrando uma contagem regressiva do per\u00edodo da oferta especial. Atraia a aten\u00e7\u00e3o para seus eventos ou feriados futuros. Contando os dias para eles, e mantenha seu p\u00fablico ansioso pelo in\u00edcio.<\/p><p><b>Torne seus eventos e vendas futuros imposs\u00edveis de perder e aumente seu lucro.<\/b><\/p><p> <b>Incentive o p\u00fablico a comprar, trazendo-lhes um sentimento de urg\u00eancia. <\/b><br> Fa\u00e7a seu p\u00fablico sentir medo de perder sua oferta ou venda especial, com o tempo passando at\u00e9 o fim. Ser\u00e1 um grande est\u00edmulo para comprar mais r\u00e1pido e aumentar\u00e1 as vendas em seu site.<\/p><p><b>Mostre que o estoque est\u00e1 diminuindo e aumente o valor percebido e a popularidade de seus produtos.<\/b><br> Evoque um sentimento de competi\u00e7\u00e3o por seus itens, demonstrando como o n\u00famero de vendas est\u00e1 aumentando e o estoque est\u00e1 diminuindo. Deixe os usu\u00e1rios sentirem que podem perder a oferta e correr para obt\u00ea-la agora.<\/p><p><b>Chame mais aten\u00e7\u00e3o para o per\u00edodo de vendas com a ajuda de uma atraente barra de contagem regressiva em estilo natalino.<\/b> <br> Defina um bar de vendas tem\u00e1tico brilhante para feriados e eventos especiais. Isso adicionar\u00e1 um clima de f\u00e9rias ao seu site e promover\u00e1 suas ofertas lucrativas, para que ningu\u00e9m possa perd\u00ea-las. Venda mais durante uma temporada lucrativa.<\/p><div class=\"faq\" data-component=\"FAQ\"><div class=\"faq-item\">\r\n\t\t\t\t\t<div class=\"faq-item-question\">\r\n\t\t\t\t\t\t<h3 class=\"faq-item-question-text\">Como adicionar o cron\u00f4metro de contagem regressiva a uma p\u00e1gina Magento?<\/h3>\r\n\r\n\t\t\t\t\t\t<div class=\"faq-item-question-icon\"><\/div>\r\n\t\t\t\t\t<\/div>\r\n\r\n\t\t\t\t\t<div class=\"faq-item-answer\">\r\n\t\t\t\t\t\t<div class=\"faq-item-answer-text\"><p>Voc\u00ea adicionar\u00e1 um plugin de cron\u00f4metro de contagem regressiva em um alguns segundos. Voc\u00ea n\u00e3o precisar\u00e1 ter conhecimento em programa\u00e7\u00e3o web. <\/p><ol><li>Regule a extens\u00e3o do cron\u00f4metro de contagem regressiva para Magento no configurador gratuito. <\/li> <li>Clique no c\u00f3digo para obt\u00ea-lo. <\/li> <li>Incorpore o c\u00f3digo no local necess\u00e1rio no modelo Magento. <\/li> <li>Entendi! A integra\u00e7\u00e3o do plugin de contagem regressiva no Magento acabou! <\/li><\/ol><p>Est\u00e1 tendo problemas para colocar o plugin no site ou configurar o cron\u00f4metro de contagem regressiva? Voc\u00ea pode encontrar o guia detalhado <a href=\"https:\/\/elfsight.com\/tutorials\/how-to-add-countdown-timer-to-any-website\/#magento-2-countdown-timer\">nesta p\u00e1gina <\/a>. <\/p><\/div>\r\n\t\t\t\t\t<\/div>\r\n\t\t\t\t<\/div><div class=\"faq-item\">\r\n\t\t\t\t\t<div class=\"faq-item-question\">\r\n\t\t\t\t\t\t<h3 class=\"faq-item-question-text\">Existe uma chance de ver como o plugin ficar\u00e1 em um site?<\/h3>\r\n\r\n\t\t\t\t\t\t<div class=\"faq-item-question-icon\"><\/div>\r\n\t\t\t\t\t<\/div>\r\n\r\n\t\t\t\t\t<div class=\"faq-item-answer\">\r\n\t\t\t\t\t\t<div class=\"faq-item-answer-text\"><p>Com certeza! Ao formar o plugin Magento Timer <a href=\"https:\/\/elfsight.com\/countdown-timer-widget\/#demo\">no editor online<\/a>, voc\u00ea considerar\u00e1 todas as revis\u00f5es na parte direita do isto. Sua contagem regressiva ter\u00e1 a mesma apar\u00eancia de um site Magento. <\/p><\/div>\r\n\t\t\t\t\t<\/div>\r\n\t\t\t\t<\/div><div class=\"faq-item\">\r\n\t\t\t\t\t<div class=\"faq-item-question\">\r\n\t\t\t\t\t\t<h3 class=\"faq-item-question-text\">Quais outros widgets s\u00e3o obrigat\u00f3rios para um site Magento?<\/h3>\r\n\r\n\t\t\t\t\t\t<div class=\"faq-item-question-icon\"><\/div>\r\n\t\t\t\t\t<\/div>\r\n\r\n\t\t\t\t\t<div class=\"faq-item-answer\">\r\n\t\t\t\t\t\t<div class=\"faq-item-answer-text\"><p>O Magento \u00e9 usado por muitos na cria\u00e7\u00e3o de experi\u00eancias envolventes de compra em sites de com\u00e9rcio eletr\u00f4nico. Para melhorar o desempenho online e aumentar as taxas de convers\u00e3o, voc\u00ea pode usar v\u00e1rios produtos da Elfsight.<\/p><p>Com o Elfsight <a href=\"https:\/\/elfsight.com\/whatsapp-chat-widget\/magento\/\">WhatsApp Chat <\/a> e os bot\u00f5es <a href=\"https:\/\/elfsight.com\/facebook-chat-widget\/magento\/\">Bate-papo do Facebook<\/a>, voc\u00ea aumentar\u00e1 as vendas e melhorar\u00e1 a comunica\u00e7\u00e3o com os clientes, com <a href=\"https:\/\/elfsight.com\/amazon-reviews-widget\/magento\/\">Amazon<\/a> e <a href=\"https:\/\/elfsight.com\/google-reviews-widget\/magento\/\">Google Avalia\u00e7\u00f5es<\/a> voc\u00ea poder\u00e1 compartilhar \u00f3timos coment\u00e1rios de seus clientes existentes, com o <a href=\"https:\/\/elfsight.com\/instagram-feed-instashow\/magento\/\">Feed do Instagram<\/a> voc\u00ea voc\u00ea obter\u00e1 uma galeria de fotos magn\u00edfica do seu perfil incr\u00edvel.<\/p><\/div>\r\n\t\t\t\t\t<\/div>\r\n\t\t\t\t<\/div><\/div><\/div><div class=\"application-platform-content-item-features application-platform-content-item\" id=\"features\" data-nav-section=\"features\"><h2>Recursos<\/h2><p>Principais recursos do Elfsight Countdown, que o reorganiza na solu\u00e7\u00e3o Magento perfeita para inser\u00e7\u00e3o da extens\u00e3o:<\/p><ul><li>Duas a\u00e7\u00f5es ap\u00f3s o t\u00e9rmino do cron\u00f4metro: ocultar o cron\u00f4metro ou mostrar mensagem;<\/li><li>Op\u00e7\u00e3o para abrir o bot\u00e3o link em uma nova guia;<\/li><li>Texto edit\u00e1vel da mensagem de t\u00e9rmino do cron\u00f4metro;<\/li><li>Quatro variantes de posi\u00e7\u00e3o: topo est\u00e1tico, topo ou fundo flutuante e posi\u00e7\u00e3o personalizada;<\/li><li> Design limpo garantindo integra\u00e7\u00e3o perfeita em qualquer conceito de site.<\/li><\/ul><p><a href=\"#demo\">Teste tudo<\/a><\/p><\/div><div class=\"application-platform-content-item- instala\u00e7\u00e3o application-platform-content-item\" id=\" instala\u00e7\u00e3o\" data-nav-section=\" instala\u00e7\u00e3o\"><h2>Como adicionar o temporizador de contagem regressiva ao site Magento<\/h2><p>Basta seguir as orienta\u00e7\u00f5es abaixo para adicionar a ferramenta no Magento.<\/p> <ol><li><b>Realize nossa demonstra\u00e7\u00e3o gratuita e comece a moldar sua extens\u00e3o de timer personalizada. <\/b><br> Escolha o layout personalizado e as caracter\u00edsticas do widget e salve as corre\u00e7\u00f5es. <\/li> <li><b>Receba o c\u00f3digo pessoal que aparece na caixa nas aplica\u00e7\u00f5es Elfsight. <\/b><br> Terminada a gera\u00e7\u00e3o do seu ramal pessoal, copie o c\u00f3digo exclusivo da janela exibida e salve-o para uso posterior. <\/li> <li><b>Comece a usar a ferramenta na p\u00e1gina inicial do Magento. <\/b><br> Integre o c\u00f3digo copiado anteriormente em sua p\u00e1gina inicial e aplique as edi\u00e7\u00f5es. <\/li> <li><b>A instala\u00e7\u00e3o foi realizada com sucesso. <\/b><br> Acesse seu site para ver como a extens\u00e3o est\u00e1 funcionando. <\/li><\/ol><p>Est\u00e1 tendo problemas para criar ou ajustar o plugin em um site? Envie sua pergunta para nossa equipe de suporte ou estude nosso <a href=\"https:\/\/elfsight.com\/tutorials\/how-to-add-countdown-timer-to-magento-website\/\" target=\"_blank\" rel=\"noopener noreferrer\">tutorial detalhado<\/a>.<\/p><\/div>","protected":false},"excerpt":{"rendered":"","protected":false},"author":9,"featured_media":0,"parent":505,"menu_order":0,"comment_status":"closed","ping_status":"closed","template":"templates\/template-application-platform.php","meta":{"publish_to_discourse":"","publish_post_category":"","wpdc_auto_publish_overridden":"","wpdc_topic_tags":"","wpdc_pin_topic":"","wpdc_pin_until":"","discourse_post_id":"","discourse_permalink":"","wpdc_publishing_response":"","wpdc_publishing_error":"","footnotes":""},"class_list":["post-3900","page","type-page","status-publish","hentry"],"yoast_head":"<!-- This site is optimized with the Yoast SEO plugin v25.3.1 - https:\/\/yoast.com\/wordpress\/plugins\/seo\/ -->\n<title>A melhor extens\u00e3o Magento Countdown Timer para site (2025)<\/title>\n<meta name=\"description\" content=\"Teste a melhor extens\u00e3o Countdown Timer para Magento gratuitamente. Uma configura\u00e7\u00e3o f\u00e1cil e r\u00e1pida sem habilidades de codifica\u00e7\u00e3o em apenas 2 minutos.\" \/>\n<meta name=\"robots\" content=\"index, follow, max-snippet:-1, max-image-preview:large, max-video-preview:-1\" \/>\n<link rel=\"canonical\" href=\"https:\/\/elfsight.com\/pt\/countdown-timer-widget\/magento\/\" \/>\n<meta property=\"og:locale\" content=\"pt_PT\" \/>\n<meta property=\"og:type\" content=\"article\" \/>\n<meta property=\"og:title\" content=\"A melhor extens\u00e3o Magento Countdown Timer para site (2025)\" \/>\n<meta property=\"og:description\" content=\"Teste a melhor extens\u00e3o Countdown Timer para Magento gratuitamente. Uma configura\u00e7\u00e3o f\u00e1cil e r\u00e1pida sem habilidades de codifica\u00e7\u00e3o em apenas 2 minutos.\" \/>\n<meta property=\"og:url\" content=\"https:\/\/elfsight.com\/pt\/countdown-timer-widget\/magento\/\" \/>\n<meta property=\"og:site_name\" content=\"Elfsight PT\" \/>\n<meta property=\"article:modified_time\" content=\"2024-11-13T12:10:46+00:00\" \/>\n<meta name=\"twitter:card\" content=\"summary_large_image\" \/>\n<meta name=\"twitter:label1\" content=\"Tempo estimado de leitura\" \/>\n\t<meta name=\"twitter:data1\" content=\"2 minutos\" \/>\n<!-- \/ Yoast SEO plugin. -->","yoast_head_json":{"title":"A melhor extens\u00e3o Magento Countdown Timer para site (2025)","description":"Teste a melhor extens\u00e3o Countdown Timer para Magento gratuitamente. Uma configura\u00e7\u00e3o f\u00e1cil e r\u00e1pida sem habilidades de codifica\u00e7\u00e3o em apenas 2 minutos.","robots":{"index":"index","follow":"follow","max-snippet":"max-snippet:-1","max-image-preview":"max-image-preview:large","max-video-preview":"max-video-preview:-1"},"canonical":"https:\/\/elfsight.com\/pt\/countdown-timer-widget\/magento\/","og_locale":"pt_PT","og_type":"article","og_title":"A melhor extens\u00e3o Magento Countdown Timer para site (2025)","og_description":"Teste a melhor extens\u00e3o Countdown Timer para Magento gratuitamente. Uma configura\u00e7\u00e3o f\u00e1cil e r\u00e1pida sem habilidades de codifica\u00e7\u00e3o em apenas 2 minutos.","og_url":"https:\/\/elfsight.com\/pt\/countdown-timer-widget\/magento\/","og_site_name":"Elfsight PT","article_modified_time":"2024-11-13T12:10:46+00:00","twitter_card":"summary_large_image","twitter_misc":{"Tempo estimado de leitura":"2 minutos"},"schema":{"@context":"https:\/\/schema.org","@graph":[{"@type":"WebPage","@id":"https:\/\/elfsight.com\/pt\/countdown-timer-widget\/magento\/","url":"https:\/\/elfsight.com\/pt\/countdown-timer-widget\/magento\/","name":"A melhor extens\u00e3o Magento Countdown Timer para site (2025)","isPartOf":{"@id":"https:\/\/elfsight.com\/pt\/#website"},"datePublished":"2024-05-03T06:34:13+00:00","dateModified":"2024-11-13T12:10:46+00:00","description":"Teste a melhor extens\u00e3o Countdown Timer para Magento gratuitamente. Uma configura\u00e7\u00e3o f\u00e1cil e r\u00e1pida sem habilidades de codifica\u00e7\u00e3o em apenas 2 minutos.","breadcrumb":{"@id":"https:\/\/elfsight.com\/pt\/countdown-timer-widget\/magento\/#breadcrumb"},"inLanguage":"pt-PT","potentialAction":[{"@type":"ReadAction","target":["https:\/\/elfsight.com\/pt\/countdown-timer-widget\/magento\/"]}]},{"@type":"BreadcrumbList","@id":"https:\/\/elfsight.com\/pt\/countdown-timer-widget\/magento\/#breadcrumb","itemListElement":[{"@type":"ListItem","position":1,"name":"Home","item":"https:\/\/elfsight.com\/pt\/"},{"@type":"ListItem","position":2,"name":"Countdown Timer","item":"https:\/\/elfsight.com\/pt\/countdown-timer-widget\/"},{"@type":"ListItem","position":3,"name":"Countdown Timer &#8211; Magento"}]},{"@type":"WebSite","@id":"https:\/\/elfsight.com\/pt\/#website","url":"https:\/\/elfsight.com\/pt\/","name":"Elfsight PT","description":"Just another Elfsight Sites site","potentialAction":[{"@type":"SearchAction","target":{"@type":"EntryPoint","urlTemplate":"https:\/\/elfsight.com\/pt\/?s={search_term_string}"},"query-input":{"@type":"PropertyValueSpecification","valueRequired":true,"valueName":"search_term_string"}}],"inLanguage":"pt-PT"}]}},"meta_box":{"industry":"","seo_heading":"","heading":"","description":"","cta_heading":"","cta_description":"","application":"504","h1":"Extens\u00e3o do temporizador de contagem regressiva Magento","h1_caption":"Aumente as vendas em seu site por meio de cron\u00f4metros e contagens para cria\u00e7\u00e3o de urg\u00eancia","application_category":[],"applications_title":"","applications_request_title":"","applications_request_button_text":"","hero_text":"","hero_video":"","hero_video_schema_markup":"","selling_points_title":"","selling_points_caption":"","selling_points":[],"selling_points_cta_text":"","features_title":"","features":"","ed_cta_examples_text":"","ed_cta_examples_hidden":"","ed_cta_demo_text":"","ed_cta_demo_hidden":"","why_caption":"","why_editor_title":"","why_editor_text":"","why_team_title":"","why_team_text":"","why_service_title":"","why_service_text":"","template_catalog_visible":"","template_catalog_title":"","template_catalog_text":"","template_catalog_categories_visible":"","demo_title":"Crie sua extens\u00e3o de contagem regressiva","demo_caption":"Configure seu cron\u00f4metro de contagem regressiva e adicione-o ao seu site Magento gratuitamente!","default_faq_hidden":"","app_template_category":[],"platform":"58","template_public_id":"","codecanyon_url":"","codecanyon_item_id":"","codecanyon_price":"","pricing_caption":"","pricing_elfsight_apps_hide_column":"","pricing_elfsight_apps_url":"","pricing_codecanyon_price_caption":"","integration_category":[],"integration_request_title":"","integration_request_cta":"","integration_platform":"","integrations":[],"platform_category":[],"video_schema_markup":"","price":"a partir de US$ 0\/m\u00eas","trial":"","benefits":[{"text":"Assist\u00eancia de instala\u00e7\u00e3o gratuita"},{"text":"Suporte excepcional"},{"text":"Garantia de devolu\u00e7\u00e3o do dinheiro em 14 dias"},{"text":"Desenvolvimento cont\u00ednuo"}],"button_url":"#demo","button_target_blank":"0","button_nofollow":"0","attributes":[{"name":"Instala\u00e7\u00f5es","content":"100,000 - 500,000","_state":"expanded"},{"name":"Responsivo","content":"Sim","_state":"expanded"},{"name":"Navegadores compat\u00edveis","content":"Firefox, Safari, Opera, Chrome, Edge"}],"tags":[],"tags_disable_links":"0","hide_more_platforms":"","video_object":"","demo_hide_cta":"0","demo_hide_cloud_options":"0","pricing_title":"","pricing":[{"pricing_icon":"platform","pricing_title":"Elfsight Apps","pricing_title_caption":"Solu\u00e7\u00e3o multiplataforma que funciona em qualquer site","pricing_price":"a partir de US$ 0\/m\u00eas","pricing_price_caption":"comece com um plano gratuito","pricing_benefits":[{"text":"Sites ilimitados"},{"text":"Suporte gratuito e pontual"},{"text":"Suporte gratuito e pontual"},{"text":"100% personaliz\u00e1vel"}],"pricing_button_text":"Adicionar ao site","pricing_button_url":"#demo","_state":"expanded"}],"related_apps_title":"","related_apps_hidden":"1","author":"","image":[],"title":"","job":"","social_networks":[]},"_links":{"self":[{"href":"https:\/\/elfsight.com\/pt\/wp-json\/wp\/v2\/pages\/3900","targetHints":{"allow":["GET"]}}],"collection":[{"href":"https:\/\/elfsight.com\/pt\/wp-json\/wp\/v2\/pages"}],"about":[{"href":"https:\/\/elfsight.com\/pt\/wp-json\/wp\/v2\/types\/page"}],"author":[{"embeddable":true,"href":"https:\/\/elfsight.com\/pt\/wp-json\/wp\/v2\/users\/9"}],"replies":[{"embeddable":true,"href":"https:\/\/elfsight.com\/pt\/wp-json\/wp\/v2\/comments?post=3900"}],"version-history":[{"count":2,"href":"https:\/\/elfsight.com\/pt\/wp-json\/wp\/v2\/pages\/3900\/revisions"}],"predecessor-version":[{"id":11749,"href":"https:\/\/elfsight.com\/pt\/wp-json\/wp\/v2\/pages\/3900\/revisions\/11749"}],"up":[{"embeddable":true,"href":"https:\/\/elfsight.com\/pt\/wp-json\/wp\/v2\/pages\/505"}],"wp:attachment":[{"href":"https:\/\/elfsight.com\/pt\/wp-json\/wp\/v2\/media?parent=3900"}],"curies":[{"name":"wp","href":"https:\/\/api.w.org\/{rel}","templated":true}]}}