{"id":3884,"date":"2024-05-03T06:34:06","date_gmt":"2024-05-03T06:34:06","guid":{"rendered":"https:\/\/elfsight.com\/pt\/?page_id=3884"},"modified":"2025-01-29T09:39:41","modified_gmt":"2025-01-29T09:39:41","slug":"jquery","status":"publish","type":"page","link":"https:\/\/elfsight.com\/pt\/countdown-timer-widget\/jquery\/","title":{"rendered":"Countdown Timer &#8211; jQuery"},"content":{"rendered":"\n<div class=\"application-platform-content-item-description application-platform-content-item\" id=\"description\" data-nav-section=\"description\"><h2>Descri\u00e7\u00e3o<\/h2><p>Exiba contagens geradoras de vendas para o seu site com o plugin Elfsight Countdown. Aque\u00e7a o ambiente e evoque uma sensa\u00e7\u00e3o de disponibilidade limitada de seus produtos, demonstrando a rapidez com que eles est\u00e3o sendo vendidos diante dos olhos dos clientes. Acelere seus clientes para come\u00e7arem a comprar com a contagem regressiva do per\u00edodo da oferta especial. Crie contagens regressivas para anunciar suas pr\u00f3ximas ocasi\u00f5es ou promo\u00e7\u00f5es de fim de ano e mantenha sua clientela esperando ansiosamente pelo in\u00edcio.<\/p><p><b>Aumente suas vendas on-line usando cron\u00f4metros e contagens que impulsionam a urg\u00eancia.<\/b><\/p> <p><b>Incentive as pessoas a comprar mais em seu site, trazendo um sentimento de urg\u00eancia.<\/b><br> Fa\u00e7a seu p\u00fablico sentir medo de perder suas ofertas e vendas &#8211; mostre a eles que o tempo est\u00e1 se esgotando. Isso far\u00e1 com que os usu\u00e1rios comprem mais r\u00e1pido e trar\u00e1 novas vendas para voc\u00ea.<\/p><p><b>Mostre que o estoque est\u00e1 diminuindo e deixe os usu\u00e1rios com inveja de comprar. <\/b><br> Demonstre que seus produtos s\u00e3o comprados rapidamente e se tornam escassos, usando uma contagem de estoque especial. Isso far\u00e1 com que o p\u00fablico valorize mais os produtos e fique com inveja de compr\u00e1-los tamb\u00e9m.<\/p><p><b>Atraia mais aten\u00e7\u00e3o para suas vendas com uma barra de contagem regressiva especial com tema natalino.<\/b><br> Usando atrativos bares tem\u00e1ticos, voc\u00ea pode promover suas ofertas e vendas sazonais. N\u00e3o perca as f\u00e9rias para aumentar as vendas no seu site.<\/p><\/div><div class=\"application-platform-content-item-features application-platform-content-item\" id=\"features\" data-nav-section=\"features\"><h2>Recursos<\/h2><p>Aqui est\u00e3o os recursos do Elfsight Countdown que o tornam o plugin mais importante para cada site jQuery.<\/p><ul><li>Contador ascendente e descendente;<\/li><li>Op\u00e7\u00e3o para abrir o link do bot\u00e3o em uma nova aba;<\/li><li>Quatro unidades de tempo : dias, horas, minutos, segundos;<\/li><li>Quatro variantes de posi\u00e7\u00e3o: topo est\u00e1tico, topo ou fundo flutuante e posi\u00e7\u00e3o personalizada;<\/li><li>Interface responsiva com adapta\u00e7\u00e3o automatizada ao tamanho da tela.<\/li><\/ul><a href=\"#demo\">Experimente todas as vantagens na demonstra\u00e7\u00e3o ao vivo<\/a><\/div><div class=\"application-platform-content-item-installation application-platform-content-item\" id=\"installation\" data-nav-section=\"installation\"><h2>Como adicionar o temporizador de contagem regressiva ao site jQuery <\/h2><p>O plugin Elfsight \u00e9 simples de instalar e n\u00e3o requer conhecimentos de programa\u00e7\u00e3o. A execu\u00e7\u00e3o do manual levar\u00e1 cerca de 1 minuto.<\/p><ol><li><b>Projete seu plugin de contagem regressiva pessoal<\/b>.<br> Com a ajuda de nosso editor gratuito, crie um plugin com o desejado par\u00e2metros.<\/li><li><b>Adquira o c\u00f3digo para incorporar o plugin no seu site<\/b>.<br> Depois de definir as configura\u00e7\u00f5es, adquira o c\u00f3digo para o Rel\u00f3gio de contagem regressiva na janela que aparece nos aplicativos Elfsight. <\/li><li><b>Adicione o widget no site jQuery<\/b>.<br> Inicie o c\u00f3digo da p\u00e1gina no editor, integre o widget em um local desejado (conte\u00fado, rodap\u00e9, barra lateral etc) e publique as edi\u00e7\u00f5es.<\/li><li><b>A integra\u00e7\u00e3o foi bem sucedida!<\/b><br> Entre no site, para verificar seu plugin.<\/li><\/ol><p>Se estiver usando o tutorial, qualquer d\u00favida apareceu, deixe uma mensagem em nossa central de suporte ou estude o <a href=\"https:\/\/elfsight.com\/tutorials\/how-to-add-countdown-timer-to-jquery-website\/\" target=\"_blank\" rel=\"noopener noreferrer\">texto completo<\/a> do tutorial e conclua voc\u00ea mesmo a cria\u00e7\u00e3o do plugin.<\/p><div class=\"faq\" data-component=\"FAQ\"><div class=\"faq-item\">\r\n\t\t\t\t\t<div class=\"faq-item-question\">\r\n\t\t\t\t\t\t<h3 class=\"faq-item-question-text\">Como devo incorporar um cron\u00f4metro de contagem regressiva para meu site jQuery? <\/h3>\r\n\r\n\t\t\t\t\t\t<div class=\"faq-item-question-icon\"><\/div>\r\n\t\t\t\t\t<\/div>\r\n\r\n\t\t\t\t\t<div class=\"faq-item-answer\">\r\n\t\t\t\t\t\t<div class=\"faq-item-answer-text\"><p>A cria\u00e7\u00e3o do widget ocorre nas p\u00e1ginas da Elfsight e voc\u00ea n\u00e3o precisa aprender codifica\u00e7\u00e3o. Acesse a demonstra\u00e7\u00e3o ativa para projetar seu aplicativo, adquirir o c\u00f3digo e incorpor\u00e1-lo em seu site. <\/p>[\/ faq_item][faq_item question_tag=\"h3\" schema_markup=\"1\" question=\"Os melhores exemplos de uso da integra\u00e7\u00e3o do temporizador de contagem regressiva\"]<p>Garantimos a voc\u00ea uma infinidade de possibilidades de ajuste: widgets em escala real para adicionar \u00e0 se\u00e7\u00e3o de conte\u00fado, plug-ins flutuantes para op\u00e7\u00f5es de rolagem , layouts para o rodap\u00e9 do seu site, se\u00e7\u00e3o principal e todos os tipos de possibilidades verticais para barras laterais e menus do site <\/p><\/div>\r\n\t\t\t\t\t<\/div>\r\n\t\t\t\t<\/div><div class=\"faq-item\">\r\n\t\t\t\t\t<div class=\"faq-item-question\">\r\n\t\t\t\t\t\t<h3 class=\"faq-item-question-text\">Existe uma op\u00e7\u00e3o para criar uma contagem regressiva simples. ou contagem regressiva Evergreen por meio de seu editor? <\/h3>\r\n\r\n\t\t\t\t\t\t<div class=\"faq-item-question-icon\"><\/div>\r\n\t\t\t\t\t<\/div>\r\n\r\n\t\t\t\t\t<div class=\"faq-item-answer\">\r\n\t\t\t\t\t\t<div class=\"faq-item-answer-text\"><p>Voc\u00ea pode criar altera\u00e7\u00f5es em qualquer widget. Existem v\u00e1rios layouts \u00e0 sua disposi\u00e7\u00e3o no editor, e todos eles podem ser facilmente customizados conforme sua necessidade. <\/p><\/div>\r\n\t\t\t\t\t<\/div>\r\n\t\t\t\t<\/div><\/div><\/div>\n","protected":false},"excerpt":{"rendered":"","protected":false},"author":9,"featured_media":0,"parent":505,"menu_order":0,"comment_status":"closed","ping_status":"closed","template":"templates\/template-application-platform.php","meta":{"publish_to_discourse":"","publish_post_category":"","wpdc_auto_publish_overridden":"","wpdc_topic_tags":"","wpdc_pin_topic":"","wpdc_pin_until":"","discourse_post_id":"","discourse_permalink":"","wpdc_publishing_response":"","wpdc_publishing_error":"","footnotes":""},"class_list":["post-3884","page","type-page","status-publish","hentry"],"yoast_head":"<!-- This site is optimized with the Yoast SEO plugin v25.3.1 - https:\/\/yoast.com\/wordpress\/plugins\/seo\/ -->\n<title>O melhor plugin jQuery Countdown Timer para site (2025)<\/title>\n<meta name=\"description\" content=\"Explore o plugin Elfsight Countdown Timer para jQuery agora mesmo. Crie um widget de contagem regressiva personalizado para o seu site em apenas alguns minutos!\" \/>\n<meta name=\"robots\" content=\"index, follow, max-snippet:-1, max-image-preview:large, max-video-preview:-1\" \/>\n<link rel=\"canonical\" href=\"https:\/\/elfsight.com\/pt\/countdown-timer-widget\/jquery\/\" \/>\n<meta property=\"og:locale\" content=\"pt_PT\" \/>\n<meta property=\"og:type\" content=\"article\" \/>\n<meta property=\"og:title\" content=\"O melhor plugin jQuery Countdown Timer para site (2025)\" \/>\n<meta property=\"og:description\" content=\"Explore o plugin Elfsight Countdown Timer para jQuery agora mesmo. Crie um widget de contagem regressiva personalizado para o seu site em apenas alguns minutos!\" \/>\n<meta property=\"og:url\" content=\"https:\/\/elfsight.com\/pt\/countdown-timer-widget\/jquery\/\" \/>\n<meta property=\"og:site_name\" content=\"Elfsight PT\" \/>\n<meta property=\"article:modified_time\" content=\"2025-01-29T09:39:41+00:00\" \/>\n<meta name=\"twitter:card\" content=\"summary_large_image\" \/>\n<meta name=\"twitter:label1\" content=\"Tempo estimado de leitura\" \/>\n\t<meta name=\"twitter:data1\" content=\"4 minutos\" \/>\n<!-- \/ Yoast SEO plugin. -->","yoast_head_json":{"title":"O melhor plugin jQuery Countdown Timer para site (2025)","description":"Explore o plugin Elfsight Countdown Timer para jQuery agora mesmo. Crie um widget de contagem regressiva personalizado para o seu site em apenas alguns minutos!","robots":{"index":"index","follow":"follow","max-snippet":"max-snippet:-1","max-image-preview":"max-image-preview:large","max-video-preview":"max-video-preview:-1"},"canonical":"https:\/\/elfsight.com\/pt\/countdown-timer-widget\/jquery\/","og_locale":"pt_PT","og_type":"article","og_title":"O melhor plugin jQuery Countdown Timer para site (2025)","og_description":"Explore o plugin Elfsight Countdown Timer para jQuery agora mesmo. Crie um widget de contagem regressiva personalizado para o seu site em apenas alguns minutos!","og_url":"https:\/\/elfsight.com\/pt\/countdown-timer-widget\/jquery\/","og_site_name":"Elfsight PT","article_modified_time":"2025-01-29T09:39:41+00:00","twitter_card":"summary_large_image","twitter_misc":{"Tempo estimado de leitura":"4 minutos"},"schema":{"@context":"https:\/\/schema.org","@graph":[{"@type":"WebPage","@id":"https:\/\/elfsight.com\/pt\/countdown-timer-widget\/jquery\/","url":"https:\/\/elfsight.com\/pt\/countdown-timer-widget\/jquery\/","name":"O melhor plugin jQuery Countdown Timer para site (2025)","isPartOf":{"@id":"https:\/\/elfsight.com\/pt\/#website"},"datePublished":"2024-05-03T06:34:06+00:00","dateModified":"2025-01-29T09:39:41+00:00","description":"Explore o plugin Elfsight Countdown Timer para jQuery agora mesmo. Crie um widget de contagem regressiva personalizado para o seu site em apenas alguns minutos!","breadcrumb":{"@id":"https:\/\/elfsight.com\/pt\/countdown-timer-widget\/jquery\/#breadcrumb"},"inLanguage":"pt-PT","potentialAction":[{"@type":"ReadAction","target":["https:\/\/elfsight.com\/pt\/countdown-timer-widget\/jquery\/"]}]},{"@type":"BreadcrumbList","@id":"https:\/\/elfsight.com\/pt\/countdown-timer-widget\/jquery\/#breadcrumb","itemListElement":[{"@type":"ListItem","position":1,"name":"Home","item":"https:\/\/elfsight.com\/pt\/"},{"@type":"ListItem","position":2,"name":"Countdown Timer","item":"https:\/\/elfsight.com\/pt\/countdown-timer-widget\/"},{"@type":"ListItem","position":3,"name":"Countdown Timer &#8211; jQuery"}]},{"@type":"WebSite","@id":"https:\/\/elfsight.com\/pt\/#website","url":"https:\/\/elfsight.com\/pt\/","name":"Elfsight PT","description":"Just another Elfsight Sites site","potentialAction":[{"@type":"SearchAction","target":{"@type":"EntryPoint","urlTemplate":"https:\/\/elfsight.com\/pt\/?s={search_term_string}"},"query-input":{"@type":"PropertyValueSpecification","valueRequired":true,"valueName":"search_term_string"}}],"inLanguage":"pt-PT"}]}},"meta_box":{"industry":"","seo_heading":"","heading":"","description":"","cta_heading":"","cta_description":"","application":"504","h1":"Plug-in de temporizador de contagem regressiva jQuery","h1_caption":"Aumente o entusiasmo de compra em seu site com a ajuda de cron\u00f4metros e contagens","application_category":[],"applications_title":"","applications_request_title":"","applications_request_button_text":"","hero_text":"","hero_video":"","hero_video_schema_markup":"","selling_points_title":"","selling_points_caption":"","selling_points":[],"selling_points_cta_text":"","features_title":"","features":"","ed_cta_examples_text":"","ed_cta_examples_hidden":"","ed_cta_demo_text":"","ed_cta_demo_hidden":"","why_caption":"","why_editor_title":"","why_editor_text":"","why_team_title":"","why_team_text":"","why_service_title":"","why_service_text":"","template_catalog_visible":"0","template_catalog_title":"","template_catalog_text":"","template_catalog_categories_visible":"","demo_title":"Crie seu plugin de contagem regressiva","demo_caption":"Configure seu cron\u00f4metro de contagem regressiva e adicione-o ao seu site jQuery gratuitamente!","default_faq_hidden":"","app_template_category":[],"platform":"55","template_public_id":"","codecanyon_url":"","codecanyon_item_id":"","codecanyon_price":"","pricing_caption":"","pricing_elfsight_apps_hide_column":"","pricing_elfsight_apps_url":"","pricing_codecanyon_price_caption":"","integration_category":[],"integration_request_title":"","integration_request_cta":"","integration_platform":"","integrations":[],"platform_category":[],"video_schema_markup":"","price":"a partir de US$ 0\/m\u00eas","trial":"","benefits":[{"text":"Servi\u00e7o de instala\u00e7\u00e3o gratuito"},{"text":"Atendimento ao cliente profissional"},{"text":"Garantia de devolu\u00e7\u00e3o do dinheiro em 14 dias"},{"text":"Atualiza\u00e7\u00f5es gratuitas cont\u00ednuas"}],"button_url":"#demo","button_target_blank":"0","button_nofollow":"0","attributes":[{"name":"Instala\u00e7\u00f5es","content":"100,000 - 500,000","_state":"expanded"},{"name":"Responsivo","content":"Sim","_state":"expanded"},{"name":"Navegadores compat\u00edveis","content":"Firefox, Safari, Opera, Chrome, Edge"}],"tags":[],"tags_disable_links":"0","hide_more_platforms":"","video_object":"","demo_hide_cta":"0","demo_hide_cloud_options":"0","pricing_title":"","pricing":[{"pricing_icon":"platform","pricing_title":"Elfsight Apps","pricing_title_caption":"Solu\u00e7\u00e3o multiplataforma que funciona em qualquer site","pricing_price":"a partir de US$ 0\/m\u00eas","pricing_price_caption":"comece com um plano gratuito","pricing_benefits":[{"text":"Dom\u00ednios ilimitados"},{"text":"Suporte 24 horas por dia, 7 dias por semana e pontual"},{"text":"Suporte 24 horas por dia, 7 dias por semana e pontual"},{"text":"Totalmente personaliz\u00e1vel"}],"pricing_button_text":"Adicionar ao site","pricing_button_url":"#demo","_state":"expanded"}],"related_apps_title":"","related_apps_hidden":"1","author":"","image":[],"title":"","job":"","social_networks":[]},"_links":{"self":[{"href":"https:\/\/elfsight.com\/pt\/wp-json\/wp\/v2\/pages\/3884","targetHints":{"allow":["GET"]}}],"collection":[{"href":"https:\/\/elfsight.com\/pt\/wp-json\/wp\/v2\/pages"}],"about":[{"href":"https:\/\/elfsight.com\/pt\/wp-json\/wp\/v2\/types\/page"}],"author":[{"embeddable":true,"href":"https:\/\/elfsight.com\/pt\/wp-json\/wp\/v2\/users\/9"}],"replies":[{"embeddable":true,"href":"https:\/\/elfsight.com\/pt\/wp-json\/wp\/v2\/comments?post=3884"}],"version-history":[{"count":3,"href":"https:\/\/elfsight.com\/pt\/wp-json\/wp\/v2\/pages\/3884\/revisions"}],"predecessor-version":[{"id":13656,"href":"https:\/\/elfsight.com\/pt\/wp-json\/wp\/v2\/pages\/3884\/revisions\/13656"}],"up":[{"embeddable":true,"href":"https:\/\/elfsight.com\/pt\/wp-json\/wp\/v2\/pages\/505"}],"wp:attachment":[{"href":"https:\/\/elfsight.com\/pt\/wp-json\/wp\/v2\/media?parent=3884"}],"curies":[{"name":"wp","href":"https:\/\/api.w.org\/{rel}","templated":true}]}}