{"id":3881,"date":"2024-05-03T06:35:08","date_gmt":"2024-05-03T06:35:08","guid":{"rendered":"https:\/\/elfsight.com\/pt\/?page_id=3881"},"modified":"2024-11-13T11:44:09","modified_gmt":"2024-11-13T11:44:09","slug":"jquery","status":"publish","type":"page","link":"https:\/\/elfsight.com\/pt\/event-calendar-widget\/jquery\/","title":{"rendered":"Event Calendar &#8211; jQuery"},"content":{"rendered":"<div class=\"application-platform-content-item-description application-platform-content-item\" id=\"description\" data-nav-section=\"description\"> <h2>Incorpore o Calend\u00e1rio de Eventos com o Elfsight Widget<\/h2> <p>O Elfsight Calendar \u00e9 um plugin poderoso que lhe permite partilhar facilmente as suas atividades com o resto do mundo. Possui muitas op\u00e7\u00f5es para exibir os pr\u00f3ximos eventos da forma mais representativa. Personalize-o para combinar o design com o estilo do seu site. Crie uma quantidade ilimitada de eventos, adicione v\u00e1rias tags, carregue suas imagens e v\u00eddeos personalizados e mantenha seus usu\u00e1rios notificados sobre sua agenda.<\/p><p>Um plug-in de calend\u00e1rio jQuery interativo cria consci\u00eancia sobre a \u00e1rea de interesse de sua empresa. Al\u00e9m disso, aumenta a popularidade do seu neg\u00f3cio \u00e0 medida que voc\u00ea cria mais eventos. Voc\u00ea tem a oportunidade de publicar seu widget de calend\u00e1rio de eventos jQuery em todas as p\u00e1ginas do seu site jQuery ou apenas em p\u00e1ginas selecionadas. O calend\u00e1rio de eventos jQuery em seu site tamb\u00e9m permite que voc\u00ea incorpore mais conte\u00fado em seu site, o que \u00e9 sempre bom para os mecanismos de pesquisa, como exemplo do trabalho que voc\u00ea realiza em seu site. Os mecanismos de pesquisa est\u00e3o sempre olhando para o seu site e, ao encontrar conte\u00fado novo, como seu calend\u00e1rio de eventos responsivo, eles classificam seu site como significativamente mais apropriado e podem aumentar as chances de escolher seu site quando os usu\u00e1rios realizam uma pesquisa online. Al\u00e9m dos eventos, adicionar um calend\u00e1rio de agendamento pode agregar valor ao seu site aos olhos dos seus clientes. Voc\u00ea est\u00e1 convidado a utilizar o calend\u00e1rio de agendamento jQuery para adicionar mais participa\u00e7\u00e3o entre seus clientes. Assim como uma postagem de blog, um calend\u00e1rio de eventos jQuery responsivo existe para ajud\u00e1-lo a interagir com seus clientes, motivando-os a se inscrever em alguns eventos espec\u00edficos e at\u00e9 mesmo sendo capaz de recomendar outras ocasi\u00f5es que eles queiram visitar. \u00c9 f\u00e1cil integrar essa op\u00e7\u00e3o para exibir eventos em seu site jQuery.<\/p><p><b>Nosso widget Calend\u00e1rio de eventos pode ajud\u00e1-lo a exibir rapidamente seus eventos futuros e aumentar o n\u00edvel de envolvimento em seu site.<\/b><\/p><\/div><div class=\"application-platform-content-item-features application-platform-content-item\" id=\"features\" data-nav-section=\"features\"> <h2>Principais recursos do plugin de calend\u00e1rio de eventos<\/h2> <p>Verifique todas as caracter\u00edsticas funcionais do calend\u00e1rio de eventos jQuery. Eles est\u00e3o dispon\u00edveis diretamente no editor e ir\u00e3o ajud\u00e1-lo a criar o widget certo para suas necessidades. <\/p> <ul> <li>Use oportunidades de conte\u00fado vi\u00e1veis \u200b\u200bpara acomodar o calend\u00e1rio ao seu tipo de evento. <\/li> <li>Ofere\u00e7a aos usu\u00e1rios a oportunidade de adicionar seus eventos \u00e0s agendas mais usadas. <\/li> <li>Gere v\u00e1rios tipos de eventos, marque locais e adicione hosts. <\/li> <li>Classifique todos os seus eventos e atribua tags a eles. <\/li> <li>Escolha entre quatro op\u00e7\u00f5es de layout. <\/li> <\/ul> <p><a href=\"#demo\">Verifique todas as outras fun\u00e7\u00f5es na demonstra\u00e7\u00e3o<\/a><\/p> <\/div><div class=\"application-platform-content-item-installation application-platform-content-item\" id=\"installation\" data-nav-section=\"installation\"> <h2> Como adiciono o Calend\u00e1rio de Eventos ao meu site jQuery? <\/h2> <p>Para adicionar widget, siga as instru\u00e7\u00f5es abaixo. <\/p> <ul> <li><b>Crie seu plugin de calend\u00e1rio de eventos pessoal<\/b><br> Gerenciando nossa demonstra\u00e7\u00e3o gratuita, crie um widget com layout personalizado e caracter\u00edsticas funcionais.<\/li> <li><b>Receba o c\u00f3digo pessoal para publicar o plugin<\/b><br> Depois de criar o seu widget, voc\u00ea receber\u00e1 o c\u00f3digo de instala\u00e7\u00e3o na notifica\u00e7\u00e3o pop-up nos aplicativos da Elfsight. Copie o c\u00f3digo para uso posterior. <\/li> <li><b>Incorpore o plugin em seu site<\/b><br> Defina o local onde voc\u00ea precisa integrar o widget e cole o c\u00f3digo salvo l\u00e1. Salve as edi\u00e7\u00f5es. <\/li> <li><b>Conclu\u00eddo! <\/b><br> Entre no seu site para ver o widget do Calend\u00e1rio. <\/li> <\/ul> <p>Reserve um minuto para entrar em contato com nosso suporte ao cliente caso precise de ajuda ou tenha d\u00favidas. Nossos especialistas ter\u00e3o prazer em ajudar com todas as d\u00favidas.<\/p> <\/div><div class=\"faq\" data-component=\"FAQ\"><div class=\"faq-item\">\r\n\t\t\t\t\t<div class=\"faq-item-question\">\r\n\t\t\t\t\t\t<h3 class=\"faq-item-question-text\">Como posso incorporar um calend\u00e1rio de eventos ao site Joomla? <\/h3>\r\n\r\n\t\t\t\t\t\t<div class=\"faq-item-question-icon\"><\/div>\r\n\t\t\t\t\t<\/div>\r\n\r\n\t\t\t\t\t<div class=\"faq-item-answer\">\r\n\t\t\t\t\t\t<div class=\"faq-item-answer-text\"><p>A constru\u00e7\u00e3o do widget \u00e9 realizada dentro do site da Elfsight e n\u00e3o h\u00e1 necessidade de codifica\u00e7\u00e3o. Abra nossa demonstra\u00e7\u00e3o ao vivo para construir seu pr\u00f3prio aplicativo, adquira o c\u00f3digo e cole-o em seu site. <\/p><\/div>\r\n\t\t\t\t\t<\/div>\r\n\t\t\t\t<\/div><div class=\"faq-item\">\r\n\t\t\t\t\t<div class=\"faq-item-question\">\r\n\t\t\t\t\t\t<h3 class=\"faq-item-question-text\">As melhores maneiras de usar a integra\u00e7\u00e3o de calend\u00e1rio on-line<\/h3>\r\n\r\n\t\t\t\t\t\t<div class=\"faq-item-question-icon\"><\/div>\r\n\t\t\t\t\t<\/div>\r\n\r\n\t\t\t\t\t<div class=\"faq-item-answer\">\r\n\t\t\t\t\t\t<div class=\"faq-item-answer-text\"><p>Oferecemos muitas op\u00e7\u00f5es de ajuste: widgets em tamanho real para inser\u00e7\u00e3o na zona de conte\u00fado, widgets flutuantes para oportunidades de rolagem, miniaturas para o rodap\u00e9 do seu site, se\u00e7\u00e3o principal e todas as varia\u00e7\u00f5es de possibilidades verticais para barras laterais e menus do site. <\/p><\/div>\r\n\t\t\t\t\t<\/div>\r\n\t\t\t\t<\/div><div class=\"faq-item\">\r\n\t\t\t\t\t<div class=\"faq-item-question\">\r\n\t\t\t\t\t\t<h3 class=\"faq-item-question-text\">Como fa\u00e7o para criar eventos de clube ou calend\u00e1rio deslizante atrav\u00e9s da ag\u00eancia do editor? <\/h3>\r\n\r\n\t\t\t\t\t\t<div class=\"faq-item-question-icon\"><\/div>\r\n\t\t\t\t\t<\/div>\r\n\r\n\t\t\t\t\t<div class=\"faq-item-answer\">\r\n\t\t\t\t\t\t<div class=\"faq-item-answer-text\"><p>Voc\u00ea est\u00e1 convidado a criar altera\u00e7\u00f5es em qualquer widget. Existem diversos layouts dispon\u00edveis no editor, e todos eles podem ser facilmente personalizados da maneira que voc\u00ea precisar. <\/p><\/div>\r\n\t\t\t\t\t<\/div>\r\n\t\t\t\t<\/div><\/div>","protected":false},"excerpt":{"rendered":"","protected":false},"author":9,"featured_media":0,"parent":771,"menu_order":0,"comment_status":"closed","ping_status":"closed","template":"templates\/template-application-platform.php","meta":{"publish_to_discourse":"","publish_post_category":"","wpdc_auto_publish_overridden":"","wpdc_topic_tags":"","wpdc_pin_topic":"","wpdc_pin_until":"","discourse_post_id":"","discourse_permalink":"","wpdc_publishing_response":"","wpdc_publishing_error":"","footnotes":""},"class_list":["post-3881","page","type-page","status-publish","hentry"],"yoast_head":"<!-- This site is optimized with the Yoast SEO plugin v25.3.1 - https:\/\/yoast.com\/wordpress\/plugins\/seo\/ -->\n<title>Calend\u00e1rio de eventos \u2013 Adicionar widget de calend\u00e1rio ao site jQuery [2025]<\/title>\n<meta name=\"description\" content=\"Com a Elfsight, crie seu plugin de calend\u00e1rio de eventos e adicione-o rapidamente ao seu site jQuery. Oferecemos suporte gratuito ao cliente e outros b\u00f4nus.\" \/>\n<meta name=\"robots\" content=\"index, follow, max-snippet:-1, max-image-preview:large, max-video-preview:-1\" \/>\n<link rel=\"canonical\" href=\"https:\/\/elfsight.com\/pt\/event-calendar-widget\/jquery\/\" \/>\n<meta property=\"og:locale\" content=\"pt_PT\" \/>\n<meta property=\"og:type\" content=\"article\" \/>\n<meta property=\"og:title\" content=\"Calend\u00e1rio de eventos \u2013 Adicionar widget de calend\u00e1rio ao site jQuery [2025]\" \/>\n<meta property=\"og:description\" content=\"Com a Elfsight, crie seu plugin de calend\u00e1rio de eventos e adicione-o rapidamente ao seu site jQuery. Oferecemos suporte gratuito ao cliente e outros b\u00f4nus.\" \/>\n<meta property=\"og:url\" content=\"https:\/\/elfsight.com\/pt\/event-calendar-widget\/jquery\/\" \/>\n<meta property=\"og:site_name\" content=\"Elfsight PT\" \/>\n<meta property=\"article:modified_time\" content=\"2024-11-13T11:44:09+00:00\" \/>\n<meta name=\"twitter:card\" content=\"summary_large_image\" \/>\n<meta name=\"twitter:label1\" content=\"Tempo estimado de leitura\" \/>\n\t<meta name=\"twitter:data1\" content=\"2 minutos\" \/>\n<!-- \/ Yoast SEO plugin. -->","yoast_head_json":{"title":"Calend\u00e1rio de eventos \u2013 Adicionar widget de calend\u00e1rio ao site jQuery [2025]","description":"Com a Elfsight, crie seu plugin de calend\u00e1rio de eventos e adicione-o rapidamente ao seu site jQuery. Oferecemos suporte gratuito ao cliente e outros b\u00f4nus.","robots":{"index":"index","follow":"follow","max-snippet":"max-snippet:-1","max-image-preview":"max-image-preview:large","max-video-preview":"max-video-preview:-1"},"canonical":"https:\/\/elfsight.com\/pt\/event-calendar-widget\/jquery\/","og_locale":"pt_PT","og_type":"article","og_title":"Calend\u00e1rio de eventos \u2013 Adicionar widget de calend\u00e1rio ao site jQuery [2025]","og_description":"Com a Elfsight, crie seu plugin de calend\u00e1rio de eventos e adicione-o rapidamente ao seu site jQuery. Oferecemos suporte gratuito ao cliente e outros b\u00f4nus.","og_url":"https:\/\/elfsight.com\/pt\/event-calendar-widget\/jquery\/","og_site_name":"Elfsight PT","article_modified_time":"2024-11-13T11:44:09+00:00","twitter_card":"summary_large_image","twitter_misc":{"Tempo estimado de leitura":"2 minutos"},"schema":{"@context":"https:\/\/schema.org","@graph":[{"@type":"WebPage","@id":"https:\/\/elfsight.com\/pt\/event-calendar-widget\/jquery\/","url":"https:\/\/elfsight.com\/pt\/event-calendar-widget\/jquery\/","name":"Calend\u00e1rio de eventos \u2013 Adicionar widget de calend\u00e1rio ao site jQuery [2025]","isPartOf":{"@id":"https:\/\/elfsight.com\/pt\/#website"},"datePublished":"2024-05-03T06:35:08+00:00","dateModified":"2024-11-13T11:44:09+00:00","description":"Com a Elfsight, crie seu plugin de calend\u00e1rio de eventos e adicione-o rapidamente ao seu site jQuery. Oferecemos suporte gratuito ao cliente e outros b\u00f4nus.","breadcrumb":{"@id":"https:\/\/elfsight.com\/pt\/event-calendar-widget\/jquery\/#breadcrumb"},"inLanguage":"pt-PT","potentialAction":[{"@type":"ReadAction","target":["https:\/\/elfsight.com\/pt\/event-calendar-widget\/jquery\/"]}]},{"@type":"BreadcrumbList","@id":"https:\/\/elfsight.com\/pt\/event-calendar-widget\/jquery\/#breadcrumb","itemListElement":[{"@type":"ListItem","position":1,"name":"Home","item":"https:\/\/elfsight.com\/pt\/"},{"@type":"ListItem","position":2,"name":"Event Calendar","item":"https:\/\/elfsight.com\/pt\/event-calendar-widget\/"},{"@type":"ListItem","position":3,"name":"Event Calendar &#8211; jQuery"}]},{"@type":"WebSite","@id":"https:\/\/elfsight.com\/pt\/#website","url":"https:\/\/elfsight.com\/pt\/","name":"Elfsight PT","description":"Just another Elfsight Sites site","potentialAction":[{"@type":"SearchAction","target":{"@type":"EntryPoint","urlTemplate":"https:\/\/elfsight.com\/pt\/?s={search_term_string}"},"query-input":{"@type":"PropertyValueSpecification","valueRequired":true,"valueName":"search_term_string"}}],"inLanguage":"pt-PT"}]}},"meta_box":{"industry":"","seo_heading":"","heading":"","description":"","cta_heading":"","cta_description":"","application":"770","h1":"Plug-in de calend\u00e1rio de eventos jQuery","h1_caption":"Torne seus eventos f\u00e1ceis de encontrar usando o Calend\u00e1rio","application_category":[],"applications_title":"","applications_request_title":"","applications_request_button_text":"","hero_text":"","hero_video":"","hero_video_schema_markup":"","selling_points_title":"","selling_points_caption":"","selling_points":[],"selling_points_cta_text":"","features_title":"","features":"","ed_cta_examples_text":"","ed_cta_examples_hidden":"","ed_cta_demo_text":"","ed_cta_demo_hidden":"","why_caption":"","why_editor_title":"","why_editor_text":"","why_team_title":"","why_team_text":"","why_service_title":"","why_service_text":"","template_catalog_visible":"","template_catalog_title":"","template_catalog_text":"","template_catalog_categories_visible":"","demo_title":"Crie seu plugin de calend\u00e1rio de eventos","demo_caption":"Configure seu calend\u00e1rio de eventos e adicione-o ao seu site jQuery gratuitamente!","default_faq_hidden":"","app_template_category":[],"platform":"55","template_public_id":"","codecanyon_url":"","codecanyon_item_id":"","codecanyon_price":"","pricing_caption":"","pricing_elfsight_apps_hide_column":"","pricing_elfsight_apps_url":"","pricing_codecanyon_price_caption":"","integration_category":[],"integration_request_title":"","integration_request_cta":"","integration_platform":"","integrations":[],"platform_category":[],"video_schema_markup":"","price":"a partir de US$ 0\/m\u00eas","trial":"","benefits":[{"text":"Assist\u00eancia de instala\u00e7\u00e3o gratuita"},{"text":"Suporte ao cliente experiente"},{"text":"Garantia de devolu\u00e7\u00e3o do dinheiro em 14 dias"},{"text":"Melhorias gratuitas regulares"}],"button_url":"#demo","button_target_blank":"0","button_nofollow":"0","attributes":[{"name":"Instala\u00e7\u00f5es","content":"100,000 - 500,000","_state":"expanded"},{"name":"Responsivo","content":"Sim","_state":"expanded"},{"name":"Navegadores compat\u00edveis","content":"Firefox, Safari, Opera, Chrome, Edge"}],"tags":[],"tags_disable_links":"0","hide_more_platforms":"","video_object":"","demo_hide_cta":"0","demo_hide_cloud_options":"0","pricing_title":"","pricing":[{"pricing_icon":"platform","pricing_title":"Elfsight Apps","pricing_title_caption":"Solu\u00e7\u00e3o multiplataforma adequada para qualquer site","pricing_price":"a partir de US$ 0\/m\u00eas","pricing_price_caption":"comece com um plano gratuito","pricing_benefits":[{"text":"Sites ilimitados"},{"text":"Suporte dedicado e pontual"},{"text":"Suporte dedicado e pontual"},{"text":"100% personaliz\u00e1vel"}],"pricing_button_text":"Adicionar ao site","pricing_button_url":"#demo","_state":"expanded"}],"related_apps_title":"","related_apps_hidden":"1","author":"","image":[],"title":"","job":"","social_networks":[]},"_links":{"self":[{"href":"https:\/\/elfsight.com\/pt\/wp-json\/wp\/v2\/pages\/3881","targetHints":{"allow":["GET"]}}],"collection":[{"href":"https:\/\/elfsight.com\/pt\/wp-json\/wp\/v2\/pages"}],"about":[{"href":"https:\/\/elfsight.com\/pt\/wp-json\/wp\/v2\/types\/page"}],"author":[{"embeddable":true,"href":"https:\/\/elfsight.com\/pt\/wp-json\/wp\/v2\/users\/9"}],"replies":[{"embeddable":true,"href":"https:\/\/elfsight.com\/pt\/wp-json\/wp\/v2\/comments?post=3881"}],"version-history":[{"count":2,"href":"https:\/\/elfsight.com\/pt\/wp-json\/wp\/v2\/pages\/3881\/revisions"}],"predecessor-version":[{"id":11776,"href":"https:\/\/elfsight.com\/pt\/wp-json\/wp\/v2\/pages\/3881\/revisions\/11776"}],"up":[{"embeddable":true,"href":"https:\/\/elfsight.com\/pt\/wp-json\/wp\/v2\/pages\/771"}],"wp:attachment":[{"href":"https:\/\/elfsight.com\/pt\/wp-json\/wp\/v2\/media?parent=3881"}],"curies":[{"name":"wp","href":"https:\/\/api.w.org\/{rel}","templated":true}]}}