{"id":3877,"date":"2024-05-03T06:34:14","date_gmt":"2024-05-03T06:34:14","guid":{"rendered":"https:\/\/elfsight.com\/pt\/?page_id=3877"},"modified":"2024-11-13T12:10:46","modified_gmt":"2024-11-13T12:10:46","slug":"joomla","status":"publish","type":"page","link":"https:\/\/elfsight.com\/pt\/countdown-timer-widget\/joomla\/","title":{"rendered":"Countdown Timer &#8211; Joomla"},"content":{"rendered":"<div class=\"application-platform-content-item-description application-platform-content-item\" id=\"description\" data-nav-section=\"description\"><h2>Descri\u00e7\u00e3o<\/h2><p>Crie temporizadores de aumento de vendas para o seu site com o m\u00f3dulo Elfsight Countdown. Aumente o ambiente e estabele\u00e7a uma sensa\u00e7\u00e3o de d\u00e9ficit em suas ofertas, demonstrando a rapidez com que elas se esgotam. Pressione os usu\u00e1rios a comprar com o tempo passando at\u00e9 o final do per\u00edodo da oferta especial. Anuncie suas futuras ocasi\u00f5es ou lan\u00e7amento de produtos e mantenha sua clientela esperando ansiosamente por eles demonstrando uma contagem regressiva para o in\u00edcio.<\/p><p><b>Torne seus eventos e vendas imperd\u00edveis e atraia mais compras. <\/b><\/p><p><b>Estimule seus visitantes a comprar evocando um senso de urg\u00eancia. <\/b><br> Fa\u00e7a seus clientes sentirem medo de perder seus pre\u00e7os baixos, enquanto o tempo est\u00e1 passando para o final. Isso far\u00e1 com que os clientes comprem mais r\u00e1pido e aumente as vendas em seu site.<\/p><p><b>Mostre que o estoque est\u00e1 diminuindo para aumentar o valor percebido dos itens.<\/b><br> Crie um contador de estoque, mostrando que seus produtos v\u00e3o como bolos quentes e se tornam deficit\u00e1rios. Isso far\u00e1 com que as pessoas valorizem mais os itens e fiquem ansiosas para adquiri-los tamb\u00e9m.<\/p><p><b>Chame mais aten\u00e7\u00e3o para suas vendas usando uma barra de contagem regressiva especial com tema natalino.<\/b><br> Exibi\u00e7\u00e3o envolvente bar de venda tem\u00e1tica para feriados e eventos especiais. Ele refletir\u00e1 o clima de fim de ano e promover\u00e1 suas \u00f3timas ofertas para ajud\u00e1-lo a vender na \u00e9poca da temporada lucrativa.<\/p><\/div><div class=\"application-platform-content-item-features application-platform-content-item\" id=\"features\" data-nav-section=\"features\"><h2>Recursos<\/h2><p>5 atributos , que tornam nosso m\u00f3dulo a solu\u00e7\u00e3o ideal para o site Joomla:<\/p><ul><li>Op\u00e7\u00e3o para definir data e hora de in\u00edcio e t\u00e9rmino;<\/li><li>Texto do bot\u00e3o edit\u00e1vel;<\/li><li>Quatro unidades de tempo: dias, horas, minutos, segundos;<\/li><li>5 temas de feriados para as ocasi\u00f5es mais populares;<\/li><li>Tamanhos personaliz\u00e1veis \u200b\u200bde temporizador e bot\u00e3o.<\/li><\/ul><p><a href=\"#demo\">Teste a lista completa de caracter\u00edsticas na demonstra\u00e7\u00e3o!<\/a><\/p><\/div><div class=\"application-platform-content-item-installation application-platform-content-item\" id=\"installation\" data-nav-section=\"installation\"><h2>Como adicionar um temporizador de contagem regressiva a Site Joomla<\/h2><div class=\"video-container\"><iframe width=\"720\" height=\"405\" src=\"https:\/\/www.youtube.com\/embed\/sp1GYC0i__Q\" frameborder=\"0\" allowfullscreen=\"\"><\/iframe><\/div><p>Basta seguir os passos abaixo para ativar a extens\u00e3o no Joomla.<\/p> <ol><li><b>Inicie nossa demonstra\u00e7\u00e3o gratuita e comece a moldar seu widget personalizado. <\/b><br> Especifique o design e as especifica\u00e7\u00f5es adequadas da extens\u00e3o e salve as modifica\u00e7\u00f5es. <\/li> <li><b>Adquira o seu c\u00f3digo exclusivo que aparece na caixa nas aplica\u00e7\u00f5es Elfsight. <\/b><br> Assim que a personaliza\u00e7\u00e3o da sua extens\u00e3o pessoal do Countdown Timer for conclu\u00edda, copie o c\u00f3digo individual da janela exibida e guarde-o para uso futuro. <\/li> <li><b>Comece a usar o plugin no seu site Joomla. <\/b><br> Coloque o c\u00f3digo que voc\u00ea salvou recentemente em seu site e salve as melhorias. <\/li> <li><b>Pronto! A incorpora\u00e7\u00e3o \u00e9 totalmente executada. <\/b><br> Visite sua p\u00e1gina para verificar como est\u00e1 funcionando o plugin. <\/li><\/ol><p>Se voc\u00ea tiver algum problema ou d\u00favida com a instala\u00e7\u00e3o? Deixe a sua mensagem para a equipa de suporte da Elfsight com uma explica\u00e7\u00e3o do problema. Faremos o nosso melhor para fornecer solu\u00e7\u00f5es. Ou tente usar uma <a href=\"https:\/\/elfsight.com\/tutorials\/how-to-add-countdown-timer-to-joomla\/\" target=\"_blank\" rel=\"noopener noreferrer\">instru\u00e7\u00f5es completas<\/a>.<\/p><div class=\"faq\" data-component=\"FAQ\"> <div class=\"faq-item\">\r\n\t\t\t\t\t<div class=\"faq-item-question\">\r\n\t\t\t\t\t\t<h3 class=\"faq-item-question-text\">Como posso adicionar um temporizador de contagem regressiva ao meu site Joomla sem habilidades de codifica\u00e7\u00e3o?<\/h3>\r\n\r\n\t\t\t\t\t\t<div class=\"faq-item-question-icon\"><\/div>\r\n\t\t\t\t\t<\/div>\r\n\r\n\t\t\t\t\t<div class=\"faq-item-answer\">\r\n\t\t\t\t\t\t<div class=\"faq-item-answer-text\"> <p>A Elfsight fornece uma solu\u00e7\u00e3o SaaS que permite que voc\u00ea mesmo crie um widget de temporizador de contagem regressiva , veja como o processo \u00e9 f\u00e1cil: Trabalhe diretamente no Editor online para criar um widget de contagem regressiva que voc\u00ea gostaria de ver em seu site Joomla. Escolha um dos modelos predefinidos e ajuste as configura\u00e7\u00f5es do cron\u00f4metro de contagem regressiva, adicione seu conte\u00fado, altere o layout e as cores sem nenhuma habilidade de codifica\u00e7\u00e3o. Salve o cron\u00f4metro de contagem regressiva e copie seu c\u00f3digo de instala\u00e7\u00e3o, que voc\u00ea pode adicionar facilmente ao seu site Joomla sem a necessidade de comprar um plano pago. Com nosso editor intuitivo, qualquer usu\u00e1rio da Internet pode criar um widget de contagem regressiva online e incorpor\u00e1-lo facilmente em seu site Joomla. N\u00e3o h\u00e1 necessidade de pagar ou inserir as credenciais do seu cart\u00e3o para acessar o servi\u00e7o. Se voc\u00ea enfrentar qualquer problema em qualquer etapa, n\u00e3o hesite em entrar em contato com nossa equipe de suporte t\u00e9cnico.<\/p> <\/div>\r\n\t\t\t\t\t<\/div>\r\n\t\t\t\t<\/div> <\/div> <\/div>","protected":false},"excerpt":{"rendered":"","protected":false},"author":9,"featured_media":0,"parent":505,"menu_order":0,"comment_status":"closed","ping_status":"closed","template":"templates\/template-application-platform.php","meta":{"publish_to_discourse":"","publish_post_category":"","wpdc_auto_publish_overridden":"","wpdc_topic_tags":"","wpdc_pin_topic":"","wpdc_pin_until":"","discourse_post_id":"","discourse_permalink":"","wpdc_publishing_response":"","wpdc_publishing_error":"","footnotes":""},"class_list":["post-3877","page","type-page","status-publish","hentry"],"yoast_head":"<!-- This site is optimized with the Yoast SEO plugin v25.3.1 - https:\/\/yoast.com\/wordpress\/plugins\/seo\/ -->\n<title>O melhor m\u00f3dulo Joomla Countdown Timer para site (2026)<\/title>\n<meta name=\"description\" content=\"Defina seu m\u00f3dulo individual de contagem regressiva para Joomla em apenas 1 minuto. Confira a demonstra\u00e7\u00e3o mais r\u00e1pida de gera\u00e7\u00e3o de widgets da Elfsight. \u00c9 totalmente gratuito.\" \/>\n<meta name=\"robots\" content=\"index, follow, max-snippet:-1, max-image-preview:large, max-video-preview:-1\" \/>\n<link rel=\"canonical\" href=\"https:\/\/elfsight.com\/pt\/countdown-timer-widget\/joomla\/\" \/>\n<meta property=\"og:locale\" content=\"pt_PT\" \/>\n<meta property=\"og:type\" content=\"article\" \/>\n<meta property=\"og:title\" content=\"O melhor m\u00f3dulo Joomla Countdown Timer para site (2026)\" \/>\n<meta property=\"og:description\" content=\"Defina seu m\u00f3dulo individual de contagem regressiva para Joomla em apenas 1 minuto. Confira a demonstra\u00e7\u00e3o mais r\u00e1pida de gera\u00e7\u00e3o de widgets da Elfsight. \u00c9 totalmente gratuito.\" \/>\n<meta property=\"og:url\" content=\"https:\/\/elfsight.com\/pt\/countdown-timer-widget\/joomla\/\" \/>\n<meta property=\"og:site_name\" content=\"Elfsight PT\" \/>\n<meta property=\"article:modified_time\" content=\"2024-11-13T12:10:46+00:00\" \/>\n<meta name=\"twitter:card\" content=\"summary_large_image\" \/>\n<meta name=\"twitter:label1\" content=\"Tempo estimado de leitura\" \/>\n\t<meta name=\"twitter:data1\" content=\"2 minutos\" \/>\n<!-- \/ Yoast SEO plugin. -->","yoast_head_json":{"title":"O melhor m\u00f3dulo Joomla Countdown Timer para site (2026)","description":"Defina seu m\u00f3dulo individual de contagem regressiva para Joomla em apenas 1 minuto. Confira a demonstra\u00e7\u00e3o mais r\u00e1pida de gera\u00e7\u00e3o de widgets da Elfsight. \u00c9 totalmente gratuito.","robots":{"index":"index","follow":"follow","max-snippet":"max-snippet:-1","max-image-preview":"max-image-preview:large","max-video-preview":"max-video-preview:-1"},"canonical":"https:\/\/elfsight.com\/pt\/countdown-timer-widget\/joomla\/","og_locale":"pt_PT","og_type":"article","og_title":"O melhor m\u00f3dulo Joomla Countdown Timer para site (2026)","og_description":"Defina seu m\u00f3dulo individual de contagem regressiva para Joomla em apenas 1 minuto. Confira a demonstra\u00e7\u00e3o mais r\u00e1pida de gera\u00e7\u00e3o de widgets da Elfsight. \u00c9 totalmente gratuito.","og_url":"https:\/\/elfsight.com\/pt\/countdown-timer-widget\/joomla\/","og_site_name":"Elfsight PT","article_modified_time":"2024-11-13T12:10:46+00:00","twitter_card":"summary_large_image","twitter_misc":{"Tempo estimado de leitura":"2 minutos"},"schema":{"@context":"https:\/\/schema.org","@graph":[{"@type":"WebPage","@id":"https:\/\/elfsight.com\/pt\/countdown-timer-widget\/joomla\/","url":"https:\/\/elfsight.com\/pt\/countdown-timer-widget\/joomla\/","name":"O melhor m\u00f3dulo Joomla Countdown Timer para site (2026)","isPartOf":{"@id":"https:\/\/elfsight.com\/pt\/#website"},"datePublished":"2024-05-03T06:34:14+00:00","dateModified":"2024-11-13T12:10:46+00:00","description":"Defina seu m\u00f3dulo individual de contagem regressiva para Joomla em apenas 1 minuto. Confira a demonstra\u00e7\u00e3o mais r\u00e1pida de gera\u00e7\u00e3o de widgets da Elfsight. \u00c9 totalmente gratuito.","breadcrumb":{"@id":"https:\/\/elfsight.com\/pt\/countdown-timer-widget\/joomla\/#breadcrumb"},"inLanguage":"pt-PT","potentialAction":[{"@type":"ReadAction","target":["https:\/\/elfsight.com\/pt\/countdown-timer-widget\/joomla\/"]}]},{"@type":"BreadcrumbList","@id":"https:\/\/elfsight.com\/pt\/countdown-timer-widget\/joomla\/#breadcrumb","itemListElement":[{"@type":"ListItem","position":1,"name":"Home","item":"https:\/\/elfsight.com\/pt\/"},{"@type":"ListItem","position":2,"name":"Countdown Timer","item":"https:\/\/elfsight.com\/pt\/countdown-timer-widget\/"},{"@type":"ListItem","position":3,"name":"Countdown Timer &#8211; Joomla"}]},{"@type":"WebSite","@id":"https:\/\/elfsight.com\/pt\/#website","url":"https:\/\/elfsight.com\/pt\/","name":"Elfsight PT","description":"Just another Elfsight Sites site","potentialAction":[{"@type":"SearchAction","target":{"@type":"EntryPoint","urlTemplate":"https:\/\/elfsight.com\/pt\/?s={search_term_string}"},"query-input":{"@type":"PropertyValueSpecification","valueRequired":true,"valueName":"search_term_string"}}],"inLanguage":"pt-PT"}]}},"meta_box":{"industry":"","seo_heading":"","heading":"","description":"","cta_heading":"","cta_description":"","application":"504","h1":"M\u00f3dulo de contagem regressiva Joomla","h1_caption":"Crie um sentimento de urg\u00eancia e d\u00e9ficit e aumente as vendas em seu site","application_category":[],"applications_title":"","applications_request_title":"","applications_request_button_text":"","hero_text":"","hero_video":"","hero_video_schema_markup":"","selling_points_title":"","selling_points_caption":"","selling_points":[],"selling_points_cta_text":"","features_title":"","features":"","ed_cta_examples_text":"","ed_cta_examples_hidden":"","ed_cta_demo_text":"","ed_cta_demo_hidden":"","why_caption":"","why_editor_title":"","why_editor_text":"","why_team_title":"","why_team_text":"","why_service_title":"","why_service_text":"","template_catalog_visible":"","template_catalog_title":"","template_catalog_text":"","template_catalog_categories_visible":"","demo_title":"Crie seu plugin de contagem regressiva","demo_caption":"Configure seu cron\u00f4metro de contagem regressiva e adicione-o ao seu site Joomla gratuitamente!","default_faq_hidden":"","app_template_category":[],"platform":"52","template_public_id":"","codecanyon_url":"","codecanyon_item_id":"","codecanyon_price":"","pricing_caption":"","pricing_elfsight_apps_hide_column":"","pricing_elfsight_apps_url":"","pricing_codecanyon_price_caption":"","integration_category":[],"integration_request_title":"","integration_request_cta":"","integration_platform":"","integrations":[],"platform_category":[],"video_schema_markup":"","price":"a partir de US$ 0\/m\u00eas","trial":"","benefits":[{"text":"Servi\u00e7o de instala\u00e7\u00e3o gratuito"},{"text":"Suporte ao cliente experiente"},{"text":"Garantia de devolu\u00e7\u00e3o do dinheiro em 14 dias"},{"text":"Melhorias ao longo da vida"}],"button_url":"#demo","button_target_blank":"0","button_nofollow":"0","attributes":[{"name":"Instala\u00e7\u00f5es","content":"100,000 - 500,000","_state":"expanded"},{"name":"Responsivo","content":"Sim","_state":"expanded"},{"name":"Navegadores compat\u00edveis","content":"Firefox, Safari, Opera, Chrome, Edge"}],"tags":[],"tags_disable_links":"0","hide_more_platforms":"","video_object":"","demo_hide_cta":"0","demo_hide_cloud_options":"0","pricing_title":"","pricing":[{"pricing_icon":"cloud","pricing_title":"Elfsight Apps","pricing_title_caption":"Solu\u00e7\u00e3o digital multiplataforma que funciona em qualquer site","pricing_price":"a partir de US$ 0\/m\u00eas","pricing_price_caption":"comece com plano gratuito","pricing_benefits":[{"text":"Dom\u00ednios ilimitados"},{"text":"Suporte dedicado"},{"text":"Suporte dedicado"},{"text":"Oferta especial para v\u00e1rios aplicativos"}],"pricing_button_text":"Adicionar ao site","pricing_button_url":"#demo","_state":"expanded"}],"related_apps_title":"","related_apps_hidden":"1","author":"","image":[],"title":"","job":"","social_networks":[]},"_links":{"self":[{"href":"https:\/\/elfsight.com\/pt\/wp-json\/wp\/v2\/pages\/3877","targetHints":{"allow":["GET"]}}],"collection":[{"href":"https:\/\/elfsight.com\/pt\/wp-json\/wp\/v2\/pages"}],"about":[{"href":"https:\/\/elfsight.com\/pt\/wp-json\/wp\/v2\/types\/page"}],"author":[{"embeddable":true,"href":"https:\/\/elfsight.com\/pt\/wp-json\/wp\/v2\/users\/9"}],"replies":[{"embeddable":true,"href":"https:\/\/elfsight.com\/pt\/wp-json\/wp\/v2\/comments?post=3877"}],"version-history":[{"count":2,"href":"https:\/\/elfsight.com\/pt\/wp-json\/wp\/v2\/pages\/3877\/revisions"}],"predecessor-version":[{"id":11750,"href":"https:\/\/elfsight.com\/pt\/wp-json\/wp\/v2\/pages\/3877\/revisions\/11750"}],"up":[{"embeddable":true,"href":"https:\/\/elfsight.com\/pt\/wp-json\/wp\/v2\/pages\/505"}],"wp:attachment":[{"href":"https:\/\/elfsight.com\/pt\/wp-json\/wp\/v2\/media?parent=3877"}],"curies":[{"name":"wp","href":"https:\/\/api.w.org\/{rel}","templated":true}]}}