{"id":3876,"date":"2022-05-18T13:57:57","date_gmt":"2022-05-18T13:57:57","guid":{"rendered":"https:\/\/elfsight.com\/pt\/?page_id=3876"},"modified":"2025-02-28T08:48:44","modified_gmt":"2025-02-28T08:48:44","slug":"joomla","status":"publish","type":"page","link":"https:\/\/elfsight.com\/pt\/etsy-reviews-widget\/joomla\/","title":{"rendered":"Etsy Reviews &#8211; Joomla"},"content":{"rendered":"\n<div class=\"application-platform-content-item-features application-platform-content-item\" id=\"features\" data-nav-section=\"features\">\n<h2>Abaixo core recursos de extens\u00e3o de Resenhas do Etsy:<\/h2>\n<p>\n<ul>\n<li>Adicione opini\u00f5es de utilizador de sua conta em Etsy;<\/li>\n<li>5 op\u00e7\u00f5es de filtros;<\/li>\n<li>Tecla de CTA para direccionar assinantes na sua  e-shop;<\/li>\n<li>Quatro tipos de desenho: Grelha, Deslizante, Lista e Ma\u00e7onaria;<\/li>\n<li>Selec\u00e7\u00e3o do op\u00e7\u00e3o de pagina\u00e7\u00e3o no esquema do Deslizante;<\/li>\n<li>Setas e op\u00e7\u00f5es de navega\u00e7\u00e3o por arrastar no disposi\u00e7\u00e3o do Deslizante;<\/li>\n<li>Possibilidade de activar\/desactivar os objectos do cabe\u00e7alho: classifica\u00e7\u00e3o e imagens de revis\u00e3o;<\/li>\n<li>5 itens vari\u00e1veis das revis\u00f5es: texto de recomenda\u00e7\u00e3o, \u00edcone, nome do autor e foto, classifica\u00e7\u00e3o por estrelas e data;<\/li>\n<li>Ponha o seu conte\u00fado onde quiser na  p\u00e1gina web;<\/li>\n<li>Desenho puro assegura incorpora\u00e7\u00e3o sem costura em qualquer conceito do  website;<\/li>\n<li>M\u00f3vel optimizado;<\/li>\n<li>27 l\u00ednguas populares suportado;<\/li>\n<li>O cabe\u00e7alho adapt\u00e1vel do extens\u00e3o;<\/li>\n<li>As actualiza\u00e7\u00f5es regulares ao vivo para manter a fresco;<\/li>\n<li> Premium servi\u00e7o ao cliente em qualquer perguntas por uma equipa profissional;<\/li>\n<li>O editor \u00fatil e intuitivo em linha;<\/li>\n<li>O desenho personaliz\u00e1vel;<\/li>\n<li>Modelos de cores m\u00faltiplos prontos a usar.<\/li>\n<\/ul>\n<\/p> \n \n<p><a href=\"#demo\">Pode descobrir toda a capacidades do extens\u00e3o na demonstra\u00e7\u00e3o nesta p\u00e1gina<\/a><\/p> \n<\/div> \n<div class=\"application-platform-content-item-installation application-platform-content-item\" id=\"installation\" data-nav-section=\"installation\">\n<h2>Como  incorporar a Resenhas do Etsy na minha do p\u00e1gina web de Joomla?<\/h2> \n<p>Simplesmente aplica as instru\u00e7\u00f5es abaixo para integrar o extens\u00e3o.<\/p> \n\n<ol>\n<li>Abra o nosso demonstra\u00e7\u00e3o gratuito e come\u00e7ar formar o seu m\u00f3dulo constru\u00eddo \u00e0 medida.<\/li> \n <li>Aquisita a c\u00f3digo individual que \u00e9 mostrado na caixa em Elfsight Apps.<\/li> \n <li>Introduzca em usando o extens\u00e3o em  website de Joomla.<\/li> \n <li>Feito! A embedida \u00e9 desempenhada sucedidamente.<\/li>\n<\/ol> \n<p>No caso de deparar com, por favor escrever para o nosso funcion\u00e1rio do suporte. Os nossos especialistas ser\u00e3o contentes para ajudar-vos com todas as quest\u00f5es que tenham com o extens\u00e3o.<\/p>\n\n \n<\/div>\n","protected":false},"excerpt":{"rendered":"","protected":false},"author":18,"featured_media":0,"parent":1678,"menu_order":0,"comment_status":"closed","ping_status":"closed","template":"templates\/template-application-platform.php","meta":{"publish_to_discourse":"","publish_post_category":"","wpdc_auto_publish_overridden":"","wpdc_topic_tags":"","wpdc_pin_topic":"","wpdc_pin_until":"","discourse_post_id":"","discourse_permalink":"","wpdc_publishing_response":"","wpdc_publishing_error":"","footnotes":""},"class_list":["post-3876","page","type-page","status-publish","hentry"],"yoast_head":"<!-- This site is optimized with the Yoast SEO plugin v25.3.1 - https:\/\/yoast.com\/wordpress\/plugins\/seo\/ -->\n<title>Avalia\u00e7\u00f5es do Etsy - integrar extens\u00e3o de Resenhas do Etsy para site de Joomla<\/title>\n<meta name=\"description\" content=\"Adiciona a m\u00f3dulo de Avalia\u00e7\u00f5es do Etsy interactivo na sua do website de Joomla. Lan\u00e7a Elfsight demonstra\u00e7\u00e3o \u00fatil e genera o teu extens\u00e3o personalizado num instante.\" \/>\n<meta name=\"robots\" content=\"index, follow, max-snippet:-1, max-image-preview:large, max-video-preview:-1\" \/>\n<link rel=\"canonical\" href=\"https:\/\/elfsight.com\/pt\/etsy-reviews-widget\/joomla\/\" \/>\n<meta property=\"og:locale\" content=\"pt_PT\" \/>\n<meta property=\"og:type\" content=\"article\" \/>\n<meta property=\"og:title\" content=\"Avalia\u00e7\u00f5es do Etsy - integrar extens\u00e3o de Resenhas do Etsy para site de Joomla\" \/>\n<meta property=\"og:description\" content=\"Adiciona a m\u00f3dulo de Avalia\u00e7\u00f5es do Etsy interactivo na sua do website de Joomla. Lan\u00e7a Elfsight demonstra\u00e7\u00e3o \u00fatil e genera o teu extens\u00e3o personalizado num instante.\" \/>\n<meta property=\"og:url\" content=\"https:\/\/elfsight.com\/pt\/etsy-reviews-widget\/joomla\/\" \/>\n<meta property=\"og:site_name\" content=\"Elfsight PT\" \/>\n<meta property=\"article:modified_time\" content=\"2025-02-28T08:48:44+00:00\" \/>\n<meta name=\"twitter:card\" content=\"summary_large_image\" \/>\n<meta name=\"twitter:label1\" content=\"Tempo estimado de leitura\" \/>\n\t<meta name=\"twitter:data1\" content=\"2 minutos\" \/>\n<!-- \/ Yoast SEO plugin. -->","yoast_head_json":{"title":"Avalia\u00e7\u00f5es do Etsy - integrar extens\u00e3o de Resenhas do Etsy para site de Joomla","description":"Adiciona a m\u00f3dulo de Avalia\u00e7\u00f5es do Etsy interactivo na sua do website de Joomla. Lan\u00e7a Elfsight demonstra\u00e7\u00e3o \u00fatil e genera o teu extens\u00e3o personalizado num instante.","robots":{"index":"index","follow":"follow","max-snippet":"max-snippet:-1","max-image-preview":"max-image-preview:large","max-video-preview":"max-video-preview:-1"},"canonical":"https:\/\/elfsight.com\/pt\/etsy-reviews-widget\/joomla\/","og_locale":"pt_PT","og_type":"article","og_title":"Avalia\u00e7\u00f5es do Etsy - integrar extens\u00e3o de Resenhas do Etsy para site de Joomla","og_description":"Adiciona a m\u00f3dulo de Avalia\u00e7\u00f5es do Etsy interactivo na sua do website de Joomla. Lan\u00e7a Elfsight demonstra\u00e7\u00e3o \u00fatil e genera o teu extens\u00e3o personalizado num instante.","og_url":"https:\/\/elfsight.com\/pt\/etsy-reviews-widget\/joomla\/","og_site_name":"Elfsight PT","article_modified_time":"2025-02-28T08:48:44+00:00","twitter_card":"summary_large_image","twitter_misc":{"Tempo estimado de leitura":"2 minutos"},"schema":{"@context":"https:\/\/schema.org","@graph":[{"@type":"WebPage","@id":"https:\/\/elfsight.com\/pt\/etsy-reviews-widget\/joomla\/","url":"https:\/\/elfsight.com\/pt\/etsy-reviews-widget\/joomla\/","name":"Avalia\u00e7\u00f5es do Etsy - integrar extens\u00e3o de Resenhas do Etsy para site de Joomla","isPartOf":{"@id":"https:\/\/elfsight.com\/pt\/#website"},"datePublished":"2022-05-18T13:57:57+00:00","dateModified":"2025-02-28T08:48:44+00:00","description":"Adiciona a m\u00f3dulo de Avalia\u00e7\u00f5es do Etsy interactivo na sua do website de Joomla. Lan\u00e7a Elfsight demonstra\u00e7\u00e3o \u00fatil e genera o teu extens\u00e3o personalizado num instante.","breadcrumb":{"@id":"https:\/\/elfsight.com\/pt\/etsy-reviews-widget\/joomla\/#breadcrumb"},"inLanguage":"pt-PT","potentialAction":[{"@type":"ReadAction","target":["https:\/\/elfsight.com\/pt\/etsy-reviews-widget\/joomla\/"]}]},{"@type":"BreadcrumbList","@id":"https:\/\/elfsight.com\/pt\/etsy-reviews-widget\/joomla\/#breadcrumb","itemListElement":[{"@type":"ListItem","position":1,"name":"Home","item":"https:\/\/elfsight.com\/pt\/"},{"@type":"ListItem","position":2,"name":"Etsy Reviews","item":"https:\/\/elfsight.com\/pt\/etsy-reviews-widget\/"},{"@type":"ListItem","position":3,"name":"Etsy Reviews &#8211; Joomla"}]},{"@type":"WebSite","@id":"https:\/\/elfsight.com\/pt\/#website","url":"https:\/\/elfsight.com\/pt\/","name":"Elfsight PT","description":"Just another Elfsight Sites site","potentialAction":[{"@type":"SearchAction","target":{"@type":"EntryPoint","urlTemplate":"https:\/\/elfsight.com\/pt\/?s={search_term_string}"},"query-input":{"@type":"PropertyValueSpecification","valueRequired":true,"valueName":"search_term_string"}}],"inLanguage":"pt-PT"}]}},"meta_box":{"industry":"","seo_heading":"","heading":"","description":"","cta_heading":"","cta_description":"","application":"1677","h1":"Extens\u00e3o de Avalia\u00e7\u00f5es do Etsy para Joomla","h1_caption":"Melhore a confian\u00e7a dos clientes adicionando extens\u00e3o ao seu s\u00edtio web, que exibir\u00e1 revis\u00f5es sobre os seus artigos e mercadorias de Etsy","application_category":[],"applications_title":"","applications_request_title":"","applications_request_button_text":"","hero_text":"","hero_video":"","hero_video_schema_markup":"","selling_points_title":"","selling_points_caption":"","selling_points":[],"selling_points_cta_text":"","features_title":"","features":"","ed_cta_examples_text":"","ed_cta_examples_hidden":"","ed_cta_demo_text":"","ed_cta_demo_hidden":"","why_caption":"","why_editor_title":"","why_editor_text":"","why_team_title":"","why_team_text":"","why_service_title":"","why_service_text":"","template_catalog_visible":"0","template_catalog_title":"","template_catalog_text":"","template_catalog_categories_visible":"","demo_title":"Apresse-se para compor personalizado Joomla Resenhas do Etsy","demo_caption":"Ajusta isto e acrescente o m\u00f3dulo em o seu p\u00e1gina com a ajuda de demonstra\u00e7\u00e3o ao vivo.","default_faq_hidden":"","app_template_category":[],"platform":"52","template_public_id":"","codecanyon_url":"","codecanyon_item_id":"","codecanyon_price":"","pricing_caption":"","pricing_elfsight_apps_hide_column":"","pricing_elfsight_apps_url":"","pricing_codecanyon_price_caption":"","integration_category":[],"integration_request_title":"","integration_request_cta":"","integration_platform":"","integrations":[],"platform_category":[],"video_schema_markup":"","price":"a partir de US$ 0\/m\u00eas","trial":"","benefits":[{"text":"Servi\u00e7os de instala\u00e7\u00e3o livre"},{"text":"Suporte premium"},{"text":"14 dias dinheiro de volta garantia"},{"text":"Atualiza\u00e7\u00f5es vital\u00edcias"}],"button_url":"#demo","button_target_blank":"0","button_nofollow":"0","attributes":[{"name":"Responsivo","content":"Sim","_state":"expanded"},{"name":"Navegadores compat\u00edveis","content":"IE11, Firefox, Safari, Opera, Chrome, Edge","_state":"expanded"}],"tags":[],"tags_disable_links":"0","hide_more_platforms":"0","video_object":"","demo_hide_cta":"0","demo_hide_cloud_options":"0","pricing_title":"","pricing":[{"pricing_icon":"platform","pricing_title":"Elfsight Apps","pricing_title_caption":"Software independente de plataforma","pricing_price":"de US$ 0 por m\u00eas","pricing_price_caption":"come\u00e7ar com um plano gr\u00e1tis","pricing_benefits":[{"text":"Sites ilimitados"},{"text":"Suporte r\u00e1pido"},{"text":"Ajuda para instala\u00e7\u00e3o gratuita"},{"text":"Design flex\u00edvel"}],"pricing_button_text":"Adicionar ao site","pricing_button_url":"#demo","_state":"expanded"}],"related_apps_title":"","related_apps_hidden":"1","author":"","image":[],"title":"","job":"","social_networks":[]},"_links":{"self":[{"href":"https:\/\/elfsight.com\/pt\/wp-json\/wp\/v2\/pages\/3876","targetHints":{"allow":["GET"]}}],"collection":[{"href":"https:\/\/elfsight.com\/pt\/wp-json\/wp\/v2\/pages"}],"about":[{"href":"https:\/\/elfsight.com\/pt\/wp-json\/wp\/v2\/types\/page"}],"author":[{"embeddable":true,"href":"https:\/\/elfsight.com\/pt\/wp-json\/wp\/v2\/users\/18"}],"replies":[{"embeddable":true,"href":"https:\/\/elfsight.com\/pt\/wp-json\/wp\/v2\/comments?post=3876"}],"version-history":[{"count":3,"href":"https:\/\/elfsight.com\/pt\/wp-json\/wp\/v2\/pages\/3876\/revisions"}],"predecessor-version":[{"id":14081,"href":"https:\/\/elfsight.com\/pt\/wp-json\/wp\/v2\/pages\/3876\/revisions\/14081"}],"up":[{"embeddable":true,"href":"https:\/\/elfsight.com\/pt\/wp-json\/wp\/v2\/pages\/1678"}],"wp:attachment":[{"href":"https:\/\/elfsight.com\/pt\/wp-json\/wp\/v2\/media?parent=3876"}],"curies":[{"name":"wp","href":"https:\/\/api.w.org\/{rel}","templated":true}]}}