{"id":3872,"date":"2024-05-03T06:36:00","date_gmt":"2024-05-03T06:36:00","guid":{"rendered":"https:\/\/elfsight.com\/pt\/?page_id=3872"},"modified":"2024-11-13T12:17:39","modified_gmt":"2024-11-13T12:17:39","slug":"joomla","status":"publish","type":"page","link":"https:\/\/elfsight.com\/pt\/facebook-feed-widget\/joomla\/","title":{"rendered":"Facebook Feed &#8211; Joomla"},"content":{"rendered":"<div class=\"application-platform-content-item-description application-platform-content-item\" id=\"description\" data-nav-section=\"description\"><h2>Descri\u00e7\u00e3o<\/h2><p>Demonstre seu conte\u00fado do Facebook em nossa extens\u00e3o avan\u00e7ada \u2013 Facebook Feed. Publica\u00e7\u00f5es, v\u00eddeos, fotos \u2013 nunca duvide que seus usu\u00e1rios ver\u00e3o cada mensagem. Um visual elegante com elementos originais da interface do Facebook n\u00e3o ser\u00e1 desconhecido e contribuir\u00e1 n\u00e3o apenas para manter os clientes atuais no site, mas tamb\u00e9m para atrair novos assinantes do Facebook.<\/p><p><b>Eleve o trabalho do seu cliente a um n\u00edvel avan\u00e7ado altura usando a extens\u00e3o Joomla para Facebook.<\/b><\/p><ul><li><b>Fa\u00e7a com que os clientes permane\u00e7am na p\u00e1gina<\/b>.<br>Mostre conte\u00fado social e interativo, que ir\u00e1 despertar o interesse dos visitantes, mantenha-os na p\u00e1gina e conte-lhes muito mais sobre seus produtos ou neg\u00f3cios.<\/li><li><b>Aumente o n\u00famero de assinantes do seu perfil no Facebook<\/b>.<br>Transforme leitores do site em assinantes do Facebook. Crie uma extens\u00e3o atraente com sua p\u00e1gina e adicione-a ao site, para que cada visitante tenha a chance de seguir sua p\u00e1gina.<\/li><li><b>1 widget para todo o conte\u00fado do Facebook<\/b>. Seu conte\u00fado completo do Facebook em uma \u00fanica extens\u00e3o: insira posts com coment\u00e1rios, curtidas ou todas as rea\u00e7\u00f5es dispon\u00edveis; crie galerias de fotos e v\u00eddeos no site com a ajuda dos \u00e1lbuns do Facebook.<\/li><\/ul><\/div><div class=\"application-platform-content-item-features application-platform-content-item\" id=\"features\" data-nav-section=\"features\"><h2>Recursos<\/h2><p>Principais vantagens, que fa\u00e7a do nosso feed do Facebook uma extens\u00e3o essencial para qualquer site Joomla.<\/p><ul><li>3 tipos de conte\u00fado do Facebook que podem ser exibidos: postagens, v\u00eddeos e fotos com \u00e1lbuns;<\/li><li>Pop-ups personaliz\u00e1veis \u200b\u200bcom elementos altern\u00e1veis: autor, contagem de curtidas, contagem de compartilhamentos, coment\u00e1rios;<\/li><li>Largura e altura ajust\u00e1veis;<\/li><li>Mostrar ou ocultar postagens;<\/li><li>Atualiza\u00e7\u00f5es regulares ao vivo para mant\u00ea-lo atualizado.<\/li><\/ul><p><a href=\"#demo\">Verifique todos os recursos na demonstra\u00e7\u00e3o ao vivo<\/a>.<\/p><\/div><div class=\"application-platform-content-item-installation application-platform-content-item\" id=\"installation\" data-nav-section=\"installation\"> <h2>Como adicionar widget do Facebook ao site Joomla<\/h2><div class=\"video-container\"><iframe width=\"720\" height=\"405\" src=\"https:\/\/www.youtube.com\/embed\/WU-YF8wzRs8\" frameborder=\"0\" allowfullscreen=\"\"><\/iframe><\/div><p>Simplesmente siga estas etapas descritas abaixo para incorporar a extens\u00e3o Facebook Feed no Joomla.<\/p> <ol><li><b>Execute nosso editor gratuito e comece a moldar seu instrumento personalizado. <\/b><br> Especifique a apar\u00eancia personalizada e a funcionalidade do widget e aplique as corre\u00e7\u00f5es. <\/li> <li><b>Copie o seu c\u00f3digo individual revelado na janela das aplica\u00e7\u00f5es Elfsight. <\/b><br> Ap\u00f3s a cria\u00e7\u00e3o da sua extens\u00e3o, copie o c\u00f3digo pessoal na janela que aparece e salve-o para uso posterior. <\/li> <li><b>Comece a usar a ferramenta em seu site Joomla. <\/b><br> Insira o c\u00f3digo salvo anteriormente em seu site e salve as melhorias. <\/li> <li><b>Pronto! A integra\u00e7\u00e3o foi realizada com sucesso. <\/b><br> Visite seu site para ver como a ferramenta est\u00e1 funcionando. <\/li><\/ol><p>Precisa de ajuda mais completa? Estude um <a href=\"https:\/\/elfsight.com\/tutorials\/how-to-add-facebook-feed-module-to-joomla\/\" target=\"_blank\" rel=\"noopener noreferrer\">tutorial extenso<\/a> ou escreva para nosso suporte ao cliente e teremos prazer em aconselhar uma resposta.<\/p><\/div><div class=\"faq\" data-component=\"FAQ\"><div class=\"faq-item\">\r\n\t\t\t\t\t<div class=\"faq-item-question\">\r\n\t\t\t\t\t\t<h3 class=\"faq-item-question-text\">Existe um m\u00e9todo para incorporar o WhatsApp Chat no meu site Joomla sem nenhum conhecimento de codifica\u00e7\u00e3o?<\/h3>\r\n\r\n\t\t\t\t\t\t<div class=\"faq-item-question-icon\"><\/div>\r\n\t\t\t\t\t<\/div>\r\n\r\n\t\t\t\t\t<div class=\"faq-item-answer\">\r\n\t\t\t\t\t\t<div class=\"faq-item-answer-text\"><p>A empresa Elfsight apresenta uma solu\u00e7\u00e3o Cloud que permite ao usu\u00e1rio gerar voc\u00ea mesmo um widget do WhatsApp Chat. Descubra como o processo \u00e9 f\u00e1cil: <\/p><ul><li> Trabalhe no Editor on-line para formar um aplicativo de bate-papo do WhatsApp que voc\u00ea gostaria de ver no Joomla.<\/li><li>Clique em um dos modelos pr\u00e9-concebidos e ajuste as configura\u00e7\u00f5es do WhatsApp Chat, altere o layout e as cores, adicione seu conte\u00fado sem conhecimento de codifica\u00e7\u00e3o.<\/li><li>Clique para salvar as configura\u00e7\u00f5es feitas no WhatsApp Chat e copie o c\u00f3digo para instala\u00e7\u00e3o, que pode ser colado no site Joomla usando um plano gratuito. <\/li><\/ul><p>Trabalhando em nosso editor simples, cada usu\u00e1rio da Internet pode criar o WhatsApp Chat e col\u00e1-lo facilmente em qualquer site Joomla. N\u00e3o h\u00e1 necessidade de adquirir um plano pago ou inserir os dados do seu cart\u00e3o para entrar em nosso Editor. Se voc\u00ea encontrar algum problema em qualquer etapa, fale com nossa equipe de suporte t\u00e9cnico.<\/p><\/div>\r\n\t\t\t\t\t<\/div>\r\n\t\t\t\t<\/div><\/div>","protected":false},"excerpt":{"rendered":"","protected":false},"author":9,"featured_media":0,"parent":386,"menu_order":0,"comment_status":"closed","ping_status":"closed","template":"templates\/template-application-platform.php","meta":{"publish_to_discourse":"","publish_post_category":"","wpdc_auto_publish_overridden":"","wpdc_topic_tags":"","wpdc_pin_topic":"","wpdc_pin_until":"","discourse_post_id":"","discourse_permalink":"","wpdc_publishing_response":"","wpdc_publishing_error":"","footnotes":""},"class_list":["post-3872","page","type-page","status-publish","hentry"],"yoast_head":"<!-- This site is optimized with the Yoast SEO plugin v25.3.1 - https:\/\/yoast.com\/wordpress\/plugins\/seo\/ -->\n<title>Feed do Facebook - Adicionar extens\u00e3o do Facebook ao site Joomla<\/title>\n<meta name=\"description\" content=\"Insira uma extens\u00e3o responsiva de feed do Facebook em seu site Joomla. Experimente a demonstra\u00e7\u00e3o pr\u00e1tica da Elfsight e crie seu widget em apenas 2 minutos.\" \/>\n<meta name=\"robots\" content=\"index, follow, max-snippet:-1, max-image-preview:large, max-video-preview:-1\" \/>\n<link rel=\"canonical\" href=\"https:\/\/elfsight.com\/pt\/facebook-feed-widget\/joomla\/\" \/>\n<meta property=\"og:locale\" content=\"pt_PT\" \/>\n<meta property=\"og:type\" content=\"article\" \/>\n<meta property=\"og:title\" content=\"Feed do Facebook - Adicionar extens\u00e3o do Facebook ao site Joomla\" \/>\n<meta property=\"og:description\" content=\"Insira uma extens\u00e3o responsiva de feed do Facebook em seu site Joomla. Experimente a demonstra\u00e7\u00e3o pr\u00e1tica da Elfsight e crie seu widget em apenas 2 minutos.\" \/>\n<meta property=\"og:url\" content=\"https:\/\/elfsight.com\/pt\/facebook-feed-widget\/joomla\/\" \/>\n<meta property=\"og:site_name\" content=\"Elfsight PT\" \/>\n<meta property=\"article:modified_time\" content=\"2024-11-13T12:17:39+00:00\" \/>\n<meta name=\"twitter:card\" content=\"summary_large_image\" \/>\n<meta name=\"twitter:label1\" content=\"Tempo estimado de leitura\" \/>\n\t<meta name=\"twitter:data1\" content=\"2 minutos\" \/>\n<!-- \/ Yoast SEO plugin. -->","yoast_head_json":{"title":"Feed do Facebook - Adicionar extens\u00e3o do Facebook ao site Joomla","description":"Insira uma extens\u00e3o responsiva de feed do Facebook em seu site Joomla. Experimente a demonstra\u00e7\u00e3o pr\u00e1tica da Elfsight e crie seu widget em apenas 2 minutos.","robots":{"index":"index","follow":"follow","max-snippet":"max-snippet:-1","max-image-preview":"max-image-preview:large","max-video-preview":"max-video-preview:-1"},"canonical":"https:\/\/elfsight.com\/pt\/facebook-feed-widget\/joomla\/","og_locale":"pt_PT","og_type":"article","og_title":"Feed do Facebook - Adicionar extens\u00e3o do Facebook ao site Joomla","og_description":"Insira uma extens\u00e3o responsiva de feed do Facebook em seu site Joomla. Experimente a demonstra\u00e7\u00e3o pr\u00e1tica da Elfsight e crie seu widget em apenas 2 minutos.","og_url":"https:\/\/elfsight.com\/pt\/facebook-feed-widget\/joomla\/","og_site_name":"Elfsight PT","article_modified_time":"2024-11-13T12:17:39+00:00","twitter_card":"summary_large_image","twitter_misc":{"Tempo estimado de leitura":"2 minutos"},"schema":{"@context":"https:\/\/schema.org","@graph":[{"@type":"WebPage","@id":"https:\/\/elfsight.com\/pt\/facebook-feed-widget\/joomla\/","url":"https:\/\/elfsight.com\/pt\/facebook-feed-widget\/joomla\/","name":"Feed do Facebook - Adicionar extens\u00e3o do Facebook ao site Joomla","isPartOf":{"@id":"https:\/\/elfsight.com\/pt\/#website"},"datePublished":"2024-05-03T06:36:00+00:00","dateModified":"2024-11-13T12:17:39+00:00","description":"Insira uma extens\u00e3o responsiva de feed do Facebook em seu site Joomla. Experimente a demonstra\u00e7\u00e3o pr\u00e1tica da Elfsight e crie seu widget em apenas 2 minutos.","breadcrumb":{"@id":"https:\/\/elfsight.com\/pt\/facebook-feed-widget\/joomla\/#breadcrumb"},"inLanguage":"pt-PT","potentialAction":[{"@type":"ReadAction","target":["https:\/\/elfsight.com\/pt\/facebook-feed-widget\/joomla\/"]}]},{"@type":"BreadcrumbList","@id":"https:\/\/elfsight.com\/pt\/facebook-feed-widget\/joomla\/#breadcrumb","itemListElement":[{"@type":"ListItem","position":1,"name":"Home","item":"https:\/\/elfsight.com\/pt\/"},{"@type":"ListItem","position":2,"name":"Facebook Feed","item":"https:\/\/elfsight.com\/pt\/facebook-feed-widget\/"},{"@type":"ListItem","position":3,"name":"Facebook Feed &#8211; Joomla"}]},{"@type":"WebSite","@id":"https:\/\/elfsight.com\/pt\/#website","url":"https:\/\/elfsight.com\/pt\/","name":"Elfsight PT","description":"Just another Elfsight Sites site","potentialAction":[{"@type":"SearchAction","target":{"@type":"EntryPoint","urlTemplate":"https:\/\/elfsight.com\/pt\/?s={search_term_string}"},"query-input":{"@type":"PropertyValueSpecification","valueRequired":true,"valueName":"search_term_string"}}],"inLanguage":"pt-PT"}]}},"meta_box":{"industry":"","seo_heading":"","heading":"","description":"","cta_heading":"","cta_description":"","application":"385","h1":"Extens\u00e3o de feed do Facebook para Joomla","h1_caption":"O melhor widget para mostrar feed do Facebook em seu site","application_category":[],"applications_title":"","applications_request_title":"","applications_request_button_text":"","hero_text":"","hero_video":"","hero_video_schema_markup":"","selling_points_title":"","selling_points_caption":"","selling_points":[],"selling_points_cta_text":"","features_title":"","features":"","ed_cta_examples_text":"","ed_cta_examples_hidden":"","ed_cta_demo_text":"","ed_cta_demo_hidden":"","why_caption":"","why_editor_title":"","why_editor_text":"","why_team_title":"","why_team_text":"","why_service_title":"","why_service_text":"","template_catalog_visible":"","template_catalog_title":"","template_catalog_text":"","template_catalog_categories_visible":"","demo_title":"Crie seu plugin de feed do Facebook","demo_caption":"Configure seu feed do Facebook e adicione-o ao seu site Joomla gratuitamente!","default_faq_hidden":"","app_template_category":[],"platform":"52","template_public_id":"","codecanyon_url":"","codecanyon_item_id":"","codecanyon_price":"","pricing_caption":"","pricing_elfsight_apps_hide_column":"","pricing_elfsight_apps_url":"","pricing_codecanyon_price_caption":"","integration_category":[],"integration_request_title":"","integration_request_cta":"","integration_platform":"","integrations":[],"platform_category":[],"video_schema_markup":"","price":"a partir de US$ 0\/m\u00eas","trial":"","benefits":[{"text":"Ajuda de instala\u00e7\u00e3o gratuita"},{"text":"Atendimento ao cliente profissional"},{"text":"Garantia de reembolso de 14 dias"},{"text":"Melhorias regulares"}],"button_url":"#demo","button_target_blank":"0","button_nofollow":"0","attributes":[{"name":"Instala\u00e7\u00f5es","content":"100,000 - 500,000","_state":"expanded"},{"name":"Responsivo","content":"Sim","_state":"expanded"},{"name":"Navegadores compat\u00edveis","content":"Firefox, Safari, Opera, Chrome, Edge"}],"tags":[],"tags_disable_links":"0","hide_more_platforms":"","video_object":"","demo_hide_cta":"0","demo_hide_cloud_options":"0","pricing_title":"","pricing":[{"pricing_icon":"cloud","pricing_title":"Elfsight Apps","pricing_title_caption":"Solu\u00e7\u00e3o multiplataforma que funciona em qualquer site","pricing_price":"a partir de US$ 0\/m\u00eas","pricing_price_caption":"comece com plano gratuito","pricing_benefits":[{"text":"Sites ilimitados"},{"text":"Suporte profissional ao cliente e bem documentado"},{"text":"Suporte profissional ao cliente e bem documentado"},{"text":"Pre\u00e7o especial para v\u00e1rios aplicativos"}],"pricing_button_text":"Adicionar ao site","pricing_button_url":"#demo","_state":"expanded"}],"related_apps_title":"","related_apps_hidden":"1","author":"","image":[],"title":"","job":"","social_networks":[]},"_links":{"self":[{"href":"https:\/\/elfsight.com\/pt\/wp-json\/wp\/v2\/pages\/3872","targetHints":{"allow":["GET"]}}],"collection":[{"href":"https:\/\/elfsight.com\/pt\/wp-json\/wp\/v2\/pages"}],"about":[{"href":"https:\/\/elfsight.com\/pt\/wp-json\/wp\/v2\/types\/page"}],"author":[{"embeddable":true,"href":"https:\/\/elfsight.com\/pt\/wp-json\/wp\/v2\/users\/9"}],"replies":[{"embeddable":true,"href":"https:\/\/elfsight.com\/pt\/wp-json\/wp\/v2\/comments?post=3872"}],"version-history":[{"count":2,"href":"https:\/\/elfsight.com\/pt\/wp-json\/wp\/v2\/pages\/3872\/revisions"}],"predecessor-version":[{"id":11809,"href":"https:\/\/elfsight.com\/pt\/wp-json\/wp\/v2\/pages\/3872\/revisions\/11809"}],"up":[{"embeddable":true,"href":"https:\/\/elfsight.com\/pt\/wp-json\/wp\/v2\/pages\/386"}],"wp:attachment":[{"href":"https:\/\/elfsight.com\/pt\/wp-json\/wp\/v2\/media?parent=3872"}],"curies":[{"name":"wp","href":"https:\/\/api.w.org\/{rel}","templated":true}]}}