{"id":3864,"date":"2024-05-03T06:35:49","date_gmt":"2024-05-03T06:35:49","guid":{"rendered":"https:\/\/elfsight.com\/pt\/?page_id=3864"},"modified":"2025-02-11T05:53:47","modified_gmt":"2025-02-11T05:53:47","slug":"iframe","status":"publish","type":"page","link":"https:\/\/elfsight.com\/pt\/facebook-feed-widget\/iframe\/","title":{"rendered":"Facebook Feed &#8211; iFrame"},"content":{"rendered":"\n<div class=\"application-platform-content-item-description application-platform-content-item\" id=\"description\" data-nav-section=\"description\"><h2>Incorpore o feed do Facebook no iFrame com o widget Elfsight<\/h2><p>Demonstre seu conte\u00fado do Facebook em nosso plugin avan\u00e7ado \u2013 Facebook Feed. P\u00e1ginas, v\u00eddeos, fotos \u2013 seus usu\u00e1rios n\u00e3o perder\u00e3o nenhuma not\u00edcia. A apar\u00eancia elegante com elementos reais do Facebook n\u00e3o permanecer\u00e1 invis\u00edvel e contribuir\u00e1 n\u00e3o apenas para manter os clientes atuais no site, mas tamb\u00e9m para encontrar novos assinantes do Facebook.<\/p><p><b>Eleve seu site a uma altura m\u00e1xima suportada por Plug-in iFrame para Facebook<\/b><\/p><p><b>Aumente a credibilidade do seu neg\u00f3cio entre os clientes<\/b><br>Uma empresa que possui contas ativas em redes sociais obt\u00e9m 78% mais confian\u00e7a entre os leitores. Use sua p\u00e1gina do Facebook no site para garantir aos clientes que seu neg\u00f3cio \u00e9 verdadeiro e confi\u00e1vel.<\/p><p><b>Fortale\u00e7a a convers\u00e3o do seu site em at\u00e9 135%<\/b><br>Exiba um instrumento de confian\u00e7a social no seu site, para adquirir mais clientes. Deixe que seus visitantes descubram sua empresa no Facebook e obtenham sua confian\u00e7a, o que contribuir\u00e1 para aumentar o n\u00edvel de sua convers\u00e3o.<\/p><p><b>Fa\u00e7a com que os leitores permane\u00e7am no site<\/b><br>Use o componente social para atrair a aten\u00e7\u00e3o dos clientes e mant\u00ea-los no site. Conte sobre seus produtos ou neg\u00f3cios de maneira mais detalhada.<\/p><\/div><div class=\"application-platform-content-item-features application-platform-content-item\" id=\"features\" data-nav-section=\"features\"><h2>Principais recursos do widget Feed do Facebook<\/h2><p>4 caracter\u00edsticas que tornam nosso feed do Facebook \u00e9 um plug-in necess\u00e1rio para qualquer site iFrame.<\/p><ul><li>3 tipos de conte\u00fado do Facebook que podem ser exibidos: postagens, v\u00eddeos e fotos com \u00e1lbuns;<\/li><li>Cabe\u00e7alho personaliz\u00e1vel com elementos ajust\u00e1veis: imagem da capa, a\u00e7\u00f5es, imagem da p\u00e1gina, contagem de curtidas;<\/li><li>Bot\u00f5es Curtir e Compartilhar no cabe\u00e7alho;<\/li><li>Postagens com informa\u00e7\u00f5es altern\u00e1veis: autor, contagem de curtidas, contagem de compartilhamentos, bot\u00e3o de compartilhamento.<\/li><\/ul><p><a href=\"#demo\">Descubra todas as vantagens da demonstra\u00e7\u00e3o ao vivo<\/a><\/p><\/div><div class=\"application-platform-content-item-installation application-platform-content-item\" id=\"installation\" data-nav-section=\"installation\"><h2>Como para adicionar feed do Facebook ao site iFrame<\/h2><p>Estude nosso guia para acabar adicionando. A execu\u00e7\u00e3o durar\u00e1 apenas 3 minutos e n\u00e3o requer experi\u00eancia em programa\u00e7\u00e3o.<\/p><ol><li><b>Gere seu plugin personalizado do Facebook<\/b><br> Usando nosso editor gratuito, configure um plugin com layout e funcionalidade selecionados. <\/li><li><b>Adquira o c\u00f3digo pessoal para exibir o plugin<\/b><br> Depois de configurar o seu plugin, voc\u00ea receber\u00e1 o c\u00f3digo de configura\u00e7\u00e3o na notifica\u00e7\u00e3o que aparece nos aplicativos da Elfsight. Copie-o para uso futuro. <\/li> <li><b> O plugin no seu site iFrame<\/b><br> Defina o local onde voc\u00ea precisa exibir o plugin e insira o c\u00f3digo salvo l\u00e1. Aplique as altera\u00e7\u00f5es. <\/li> <li><b>Voc\u00ea executou totalmente a configura\u00e7\u00e3o<\/b><br> Entre no seu site para verificar seu plugin. <\/li> <\/ol><p>Precisa de ajuda mais detalhada? Veja um tutorial completo: \u00abComo instalar o Facebook Feed no iFrame\u00bb ou entre em contato com a central de ajuda da Elfsight e teremos prazer em oferecer uma solu\u00e7\u00e3o.<\/p><\/div><div class=\"faq\" data-component=\"FAQ\"><div class=\"faq-item\">\r\n\t\t\t\t\t<div class=\"faq-item-question\">\r\n\t\t\t\t\t\t<h3 class=\"faq-item-question-text\">Como adicionar o WhatsApp Chat ao meu iFrame sem conhecimentos de codifica\u00e7\u00e3o?<\/h3>\r\n\r\n\t\t\t\t\t\t<div class=\"faq-item-question-icon\"><\/div>\r\n\t\t\t\t\t<\/div>\r\n\r\n\t\t\t\t\t<div class=\"faq-item-answer\">\r\n\t\t\t\t\t\t<div class=\"faq-item-answer-text\"><p>A empresa Elfsight apresenta uma solu\u00e7\u00e3o SaaS que permite aos utilizadores criarem uma aplica\u00e7\u00e3o WhatsApp Chat, vejam como \u00e9 descomplicado: <\/p><ul><li>Trabalhe diretamente no Editor on-line para estabelecer um aplicativo de bate-papo do WhatsApp que voc\u00ea gostaria que aparecesse em sua p\u00e1gina iFrame.<\/li><li>Escolha um dos muitos modelos pr\u00e9-concebidos e ajuste-os as configura\u00e7\u00f5es do WhatsApp Chat, altere o layout e as cores, atualize seu conte\u00fado sem codifica\u00e7\u00e3o.<\/li><li>Clique para salvar o WhatsApp Chat e copie o c\u00f3digo do widget para incorpora\u00e7\u00e3o, que pode ser facilmente incorporado na p\u00e1gina inicial do iFrame gratuitamente. <\/li><\/ul><p>Usando o editor f\u00e1cil de usar, todo usu\u00e1rio da Internet pode criar um widget de bate-papo do WhatsApp e simplesmente col\u00e1-lo em qualquer p\u00e1gina inicial do iFrame. Voc\u00ea n\u00e3o deve pagar ou divulgar as credenciais do seu cart\u00e3o para acessar o servi\u00e7o. Se voc\u00ea enfrentar qualquer problema em qualquer etapa, n\u00e3o hesite em entrar em contato com nossa equipe de suporte t\u00e9cnico.<\/p><\/div>\r\n\t\t\t\t\t<\/div>\r\n\t\t\t\t<\/div><\/div>\n","protected":false},"excerpt":{"rendered":"","protected":false},"author":9,"featured_media":0,"parent":386,"menu_order":0,"comment_status":"closed","ping_status":"closed","template":"templates\/template-application-platform.php","meta":{"publish_to_discourse":"","publish_post_category":"","wpdc_auto_publish_overridden":"","wpdc_topic_tags":"","wpdc_pin_topic":"","wpdc_pin_until":"","discourse_post_id":"","discourse_permalink":"","wpdc_publishing_response":"","wpdc_publishing_error":"","footnotes":""},"class_list":["post-3864","page","type-page","status-publish","hentry"],"yoast_head":"<!-- This site is optimized with the Yoast SEO plugin v25.3.1 - https:\/\/yoast.com\/wordpress\/plugins\/seo\/ -->\n<title>Plugin iFrame Facebook Feed para o seu site (gr\u00e1tis e r\u00e1pido)<\/title>\n<meta name=\"description\" content=\"Adicione um plugin responsivo de feed do Facebook ao seu site iFrame. Utilize o editor flex\u00edvel da Elfsight e configure o seu plugin em apenas 3 minutos.\" \/>\n<meta name=\"robots\" content=\"index, follow, max-snippet:-1, max-image-preview:large, max-video-preview:-1\" \/>\n<link rel=\"canonical\" href=\"https:\/\/elfsight.com\/pt\/facebook-feed-widget\/iframe\/\" \/>\n<meta property=\"og:locale\" content=\"pt_PT\" \/>\n<meta property=\"og:type\" content=\"article\" \/>\n<meta property=\"og:title\" content=\"Plugin iFrame Facebook Feed para o seu site (gr\u00e1tis e r\u00e1pido)\" \/>\n<meta property=\"og:description\" content=\"Adicione um plugin responsivo de feed do Facebook ao seu site iFrame. Utilize o editor flex\u00edvel da Elfsight e configure o seu plugin em apenas 3 minutos.\" \/>\n<meta property=\"og:url\" content=\"https:\/\/elfsight.com\/pt\/facebook-feed-widget\/iframe\/\" \/>\n<meta property=\"og:site_name\" content=\"Elfsight PT\" \/>\n<meta property=\"article:modified_time\" content=\"2025-02-11T05:53:47+00:00\" \/>\n<meta name=\"twitter:card\" content=\"summary_large_image\" \/>\n<meta name=\"twitter:label1\" content=\"Tempo estimado de leitura\" \/>\n\t<meta name=\"twitter:data1\" content=\"4 minutos\" \/>\n<!-- \/ Yoast SEO plugin. -->","yoast_head_json":{"title":"Plugin iFrame Facebook Feed para o seu site (gr\u00e1tis e r\u00e1pido)","description":"Adicione um plugin responsivo de feed do Facebook ao seu site iFrame. Utilize o editor flex\u00edvel da Elfsight e configure o seu plugin em apenas 3 minutos.","robots":{"index":"index","follow":"follow","max-snippet":"max-snippet:-1","max-image-preview":"max-image-preview:large","max-video-preview":"max-video-preview:-1"},"canonical":"https:\/\/elfsight.com\/pt\/facebook-feed-widget\/iframe\/","og_locale":"pt_PT","og_type":"article","og_title":"Plugin iFrame Facebook Feed para o seu site (gr\u00e1tis e r\u00e1pido)","og_description":"Adicione um plugin responsivo de feed do Facebook ao seu site iFrame. Utilize o editor flex\u00edvel da Elfsight e configure o seu plugin em apenas 3 minutos.","og_url":"https:\/\/elfsight.com\/pt\/facebook-feed-widget\/iframe\/","og_site_name":"Elfsight PT","article_modified_time":"2025-02-11T05:53:47+00:00","twitter_card":"summary_large_image","twitter_misc":{"Tempo estimado de leitura":"4 minutos"},"schema":{"@context":"https:\/\/schema.org","@graph":[{"@type":"WebPage","@id":"https:\/\/elfsight.com\/pt\/facebook-feed-widget\/iframe\/","url":"https:\/\/elfsight.com\/pt\/facebook-feed-widget\/iframe\/","name":"Plugin iFrame Facebook Feed para o seu site (gr\u00e1tis e r\u00e1pido)","isPartOf":{"@id":"https:\/\/elfsight.com\/pt\/#website"},"datePublished":"2024-05-03T06:35:49+00:00","dateModified":"2025-02-11T05:53:47+00:00","description":"Adicione um plugin responsivo de feed do Facebook ao seu site iFrame. Utilize o editor flex\u00edvel da Elfsight e configure o seu plugin em apenas 3 minutos.","breadcrumb":{"@id":"https:\/\/elfsight.com\/pt\/facebook-feed-widget\/iframe\/#breadcrumb"},"inLanguage":"pt-PT","potentialAction":[{"@type":"ReadAction","target":["https:\/\/elfsight.com\/pt\/facebook-feed-widget\/iframe\/"]}]},{"@type":"BreadcrumbList","@id":"https:\/\/elfsight.com\/pt\/facebook-feed-widget\/iframe\/#breadcrumb","itemListElement":[{"@type":"ListItem","position":1,"name":"Home","item":"https:\/\/elfsight.com\/pt\/"},{"@type":"ListItem","position":2,"name":"Facebook Feed","item":"https:\/\/elfsight.com\/pt\/facebook-feed-widget\/"},{"@type":"ListItem","position":3,"name":"Facebook Feed &#8211; iFrame"}]},{"@type":"WebSite","@id":"https:\/\/elfsight.com\/pt\/#website","url":"https:\/\/elfsight.com\/pt\/","name":"Elfsight PT","description":"Just another Elfsight Sites site","potentialAction":[{"@type":"SearchAction","target":{"@type":"EntryPoint","urlTemplate":"https:\/\/elfsight.com\/pt\/?s={search_term_string}"},"query-input":{"@type":"PropertyValueSpecification","valueRequired":true,"valueName":"search_term_string"}}],"inLanguage":"pt-PT"}]}},"meta_box":{"industry":"","seo_heading":"","heading":"","description":"","cta_heading":"","cta_description":"","application":"385","h1":"Plug-in de feed do Facebook iFrame","h1_caption":"Transforme os visitantes do seu site em assinantes do Facebook","application_category":[],"applications_title":"","applications_request_title":"","applications_request_button_text":"","hero_text":"","hero_video":"","hero_video_schema_markup":"","selling_points_title":"","selling_points_caption":"","selling_points":[],"selling_points_cta_text":"","features_title":"","features":"","ed_cta_examples_text":"","ed_cta_examples_hidden":"","ed_cta_demo_text":"","ed_cta_demo_hidden":"","why_caption":"","why_editor_title":"","why_editor_text":"","why_team_title":"","why_team_text":"","why_service_title":"","why_service_text":"","template_catalog_visible":"0","template_catalog_title":"","template_catalog_text":"","template_catalog_categories_visible":"","demo_title":"Crie seu widget de feed do Facebook","demo_caption":"Configure seu feed do Facebook e adicione-o ao seu site iFrame gratuitamente!","default_faq_hidden":"","app_template_category":[],"platform":"4911","template_public_id":"","codecanyon_url":"","codecanyon_item_id":"","codecanyon_price":"","pricing_caption":"","pricing_elfsight_apps_hide_column":"","pricing_elfsight_apps_url":"","pricing_codecanyon_price_caption":"","integration_category":[],"integration_request_title":"","integration_request_cta":"","integration_platform":"","integrations":[],"platform_category":[],"video_schema_markup":"","price":"a partir de US$ 0\/m\u00eas","trial":"","benefits":[{"text":"Servi\u00e7o de instala\u00e7\u00e3o gratuito"},{"text":"Atendimento ao cliente profissional"},{"text":"Garantia de devolu\u00e7\u00e3o do dinheiro em 14 dias"},{"text":"Atualiza\u00e7\u00f5es cont\u00ednuas"}],"button_url":"#demo","button_target_blank":"0","button_nofollow":"0","attributes":[{"name":"Instala\u00e7\u00f5es","content":"100,000 - 500,000","_state":"expanded"},{"name":"Responsivo","content":"Sim","_state":"expanded"},{"name":"Navegadores compat\u00edveis","content":"Opera, Safari, Edge, Firefox, Chrome"}],"tags":[],"tags_disable_links":"0","hide_more_platforms":"0","video_object":"","demo_hide_cta":"0","demo_hide_cloud_options":"0","pricing_title":"","pricing":[{"pricing_icon":"platform","pricing_title":"Elfsight Apps","pricing_title_caption":"Software independente de plataforma","pricing_price":"a partir de US$ 0\/m\u00eas","pricing_price_caption":"comece com plano gratuito","pricing_benefits":[{"text":"Dom\u00ednios ilimitados"},{"text":"Suporte profissional"},{"text":"Suporte profissional"},{"text":"\u00d3timo neg\u00f3cio para v\u00e1rios aplicativos"}],"pricing_button_text":"Adicionar ao site","pricing_button_url":"#demo","_state":"expanded"}],"related_apps_title":"","related_apps_hidden":"1","author":"","image":[],"title":"","job":"","social_networks":[]},"_links":{"self":[{"href":"https:\/\/elfsight.com\/pt\/wp-json\/wp\/v2\/pages\/3864","targetHints":{"allow":["GET"]}}],"collection":[{"href":"https:\/\/elfsight.com\/pt\/wp-json\/wp\/v2\/pages"}],"about":[{"href":"https:\/\/elfsight.com\/pt\/wp-json\/wp\/v2\/types\/page"}],"author":[{"embeddable":true,"href":"https:\/\/elfsight.com\/pt\/wp-json\/wp\/v2\/users\/9"}],"replies":[{"embeddable":true,"href":"https:\/\/elfsight.com\/pt\/wp-json\/wp\/v2\/comments?post=3864"}],"version-history":[{"count":3,"href":"https:\/\/elfsight.com\/pt\/wp-json\/wp\/v2\/pages\/3864\/revisions"}],"predecessor-version":[{"id":13841,"href":"https:\/\/elfsight.com\/pt\/wp-json\/wp\/v2\/pages\/3864\/revisions\/13841"}],"up":[{"embeddable":true,"href":"https:\/\/elfsight.com\/pt\/wp-json\/wp\/v2\/pages\/386"}],"wp:attachment":[{"href":"https:\/\/elfsight.com\/pt\/wp-json\/wp\/v2\/media?parent=3864"}],"curies":[{"name":"wp","href":"https:\/\/api.w.org\/{rel}","templated":true}]}}