{"id":3857,"date":"2024-05-03T06:35:05","date_gmt":"2024-05-03T06:35:05","guid":{"rendered":"https:\/\/elfsight.com\/pt\/?page_id=3857"},"modified":"2024-11-13T11:44:00","modified_gmt":"2024-11-13T11:44:00","slug":"html","status":"publish","type":"page","link":"https:\/\/elfsight.com\/pt\/event-calendar-widget\/html\/","title":{"rendered":"Event Calendar &#8211; HTML"},"content":{"rendered":"<div class=\"application-platform-content-item-description application-platform-content-item\" id=\"description\" data-nav-section=\"description\"> <h2>Incorporar calend\u00e1rio de eventos com o widget Elfsight<\/h2> <p>O c\u00f3digo do calend\u00e1rio Elfsight \u00e9 um widget simples e poderoso que lhe permite partilhar facilmente os seus eventos com seu p\u00fablico. Inclui muitas op\u00e7\u00f5es para mostrar os pr\u00f3ximos eventos da maneira mais imponente. Personalize-o para combinar o design com a est\u00e9tica do seu site. Forme um n\u00famero ilimitado de eventos, adicione tags diferentes, carregue suas pr\u00f3prias fotos e v\u00eddeos e mantenha seus visitantes atualizados sobre sua programa\u00e7\u00e3o.<\/p> <p><b>O widget Calend\u00e1rio de eventos pode ajud\u00e1-lo a promover rapidamente suas atividades futuras e ampliar o alcance. n\u00edvel de envolvimento em seu site.<\/b><\/p> <\/div><div class=\"application-platform-content-item-features application-platform-content-item\" id=\"features\" data-nav-section=\"features\"> <h2>Principais recursos do widget de calend\u00e1rio de eventos<\/h2> <p>Nosso widget de calend\u00e1rio HTML foi projetado para ter muitas fun\u00e7\u00f5es \u00fateis. Verifique todas as caracter\u00edsticas funcionais do Calend\u00e1rio de Eventos HTML. Eles est\u00e3o dispon\u00edveis diretamente no editor e ir\u00e3o ajud\u00e1-lo a construir o widget exatamente para o seu caso. <\/p> <ul> <li>Use oportunidades de conte\u00fado adapt\u00e1vel para abranger o widget Calend\u00e1rio para o seu tipo de evento. <\/li> <li>Ofere\u00e7a aos usu\u00e1rios a oportunidade de adicionar seus eventos aos seus aplicativos favoritos. <\/li> <li>Gere v\u00e1rios tipos de eventos, marque locais e adicione hosts. <\/li> <li>Categorize todos os seus eventos e atribua tags a eles. <\/li> <li>Escolha entre quatro op\u00e7\u00f5es de layout. <\/li> <\/ul> <p><a href=\"#demo\">Voc\u00ea pode experimentar todos os recursos do widget diretamente na demonstra\u00e7\u00e3o<\/a><\/p> <\/div><div class=\"application-platform-content-item-installation application-platform-content-item\" id=\"installation\" data-nav-section=\"installation\"> <h2>Como posso incorporar o c\u00f3digo do Calend\u00e1rio de Eventos em meu site HTML? <\/h2><div class=\"video-container\"><iframe width=\"720\" height=\"405\" src=\"https:\/\/www.youtube.com\/embed\/y032IzGTFmc\" frameborder=\"0\" allowfullscreen=\"\"><\/iframe><\/div> <p>Para ativar o widget, siga as orienta\u00e7\u00f5es abaixo. <\/p> <ul> <li><b>Crie seu widget de calend\u00e1rio simples<\/b><br> Em nossa demonstra\u00e7\u00e3o gratuita, obtenha um plugin com layout preferido e caracter\u00edsticas funcionais. <\/li> <li><b>Receba o c\u00f3digo simples e individual para publicar o widget<\/b><br> Depois de gerar o seu plugin, voc\u00ea receber\u00e1 o c\u00f3digo HTML de instala\u00e7\u00e3o da notifica\u00e7\u00e3o exibida nos aplicativos da Elfsight. Copie. <\/li> <li><b>Incorpore o c\u00f3digo do widget em seu site<\/b><br> Encontre a \u00e1rea onde voc\u00ea gostaria de revelar o plugin e adicione o c\u00f3digo copiado l\u00e1. Salve as edi\u00e7\u00f5es. <\/li> <li><b>Pronto! <\/b><br> Entre no seu site para ver seu trabalho. <\/li> <\/ul> <p>N\u00e3o hesite em contactar o apoio aos clientes da Elfsight caso precise de ajuda ou tenha d\u00favidas. Daremos uma ajuda em cada solicita\u00e7\u00e3o. <\/p> <\/div><div class=\"faq\" data-component=\"FAQ\"><div class=\"faq-item\">\r\n\t\t\t\t\t<div class=\"faq-item-question\">\r\n\t\t\t\t\t\t<h3 class=\"faq-item-question-text\">Quais s\u00e3o os benef\u00edcios de adicionar o calend\u00e1rio ao meu site?<\/h3>\r\n\r\n\t\t\t\t\t\t<div class=\"faq-item-question-icon\"><\/div>\r\n\t\t\t\t\t<\/div>\r\n\r\n\t\t\t\t\t<div class=\"faq-item-answer\">\r\n\t\t\t\t\t\t<div class=\"faq-item-answer-text\"><p>Um widget de calend\u00e1rio de eventos HTML interativo gera reconhecimento sobre os neg\u00f3cios da sua organiza\u00e7\u00e3o. Al\u00e9m disso, aumenta a popularidade da sua marca \u00e0 medida que voc\u00ea cria mais eventos. Voc\u00ea \u00e9 livre para adicionar seu calend\u00e1rio de eventos ao c\u00f3digo de todas as p\u00e1ginas do seu site HTML ou apenas a algumas p\u00e1ginas espec\u00edficas. O plugin de eventos em seu site tamb\u00e9m permite adicionar mais conte\u00fado ao seu site, o que \u00e9 sempre um bom sinal para os mecanismos de busca. Eles est\u00e3o sempre avaliando seu site e ao detectar novos conte\u00fados, classificam seu site como mais apropriado e podem aumentar as chances de demonstr\u00e1-lo quando os usu\u00e1rios realizam uma pesquisa online.<\/p> <p>Al\u00e9m dos eventos, incorporar um calend\u00e1rio pode agregar valor para o seu site aos olhos dos seus clientes. Voc\u00ea pode utilizar o calend\u00e1rio de eventos para adicionar mais intera\u00e7\u00e3o entre seus clientes. Assim como uma postagem de blog, um calend\u00e1rio de eventos existe para ajud\u00e1-lo a interagir com seu p\u00fablico, ajudando-os a se inscrever em eventos espec\u00edficos e, o que \u00e9 mais, a poder oferecer outros eventos dos quais desejam participar. Adicionar essa op\u00e7\u00e3o para mostrar eventos em seu site HTML \u00e9 f\u00e1cil.<\/p><\/div>\r\n\t\t\t\t\t<\/div>\r\n\t\t\t\t<\/div><div class=\"faq-item\">\r\n\t\t\t\t\t<div class=\"faq-item-question\">\r\n\t\t\t\t\t\t<h3 class=\"faq-item-question-text\">As melhores maneiras de usar a integra\u00e7\u00e3o de calend\u00e1rio on-line<\/h3>\r\n\r\n\t\t\t\t\t\t<div class=\"faq-item-question-icon\"><\/div>\r\n\t\t\t\t\t<\/div>\r\n\r\n\t\t\t\t\t<div class=\"faq-item-answer\">\r\n\t\t\t\t\t\t<div class=\"faq-item-answer-text\"><p>Garantimos a voc\u00ea toneladas de oportunidades de personaliza\u00e7\u00e3o: widgets completos para implementa\u00e7\u00e3o na zona de conte\u00fado, plugins flutuantes para op\u00e7\u00f5es de rolagem, layouts para rodap\u00e9, cabe\u00e7alho e todas as varia\u00e7\u00f5es de possibilidades verticais para barras laterais e menus. <\/p><\/div>\r\n\t\t\t\t\t<\/div>\r\n\t\t\t\t<\/div><div class=\"faq-item\">\r\n\t\t\t\t\t<div class=\"faq-item-question\">\r\n\t\t\t\t\t\t<h3 class=\"faq-item-question-text\">Como fa\u00e7o para criar uma programa\u00e7\u00e3o de festival ou calend\u00e1rio de centro de conven\u00e7\u00f5es com a ajuda do seu editor? <\/h3>\r\n\r\n\t\t\t\t\t\t<div class=\"faq-item-question-icon\"><\/div>\r\n\t\t\t\t\t<\/div>\r\n\r\n\t\t\t\t\t<div class=\"faq-item-answer\">\r\n\t\t\t\t\t\t<div class=\"faq-item-answer-text\"><p>Voc\u00ea pode fazer modifica\u00e7\u00f5es em qualquer widget. Existem muitos layouts dispon\u00edveis no editor, e todos eles podem ser facilmente ajustados do jeito que voc\u00ea precisa. <\/p><\/div>\r\n\t\t\t\t\t<\/div>\r\n\t\t\t\t<\/div><\/div><p>Entre em contato com nossa Central de Ajuda caso tenha dificuldades com o widget de calend\u00e1rio HTML<\/p>","protected":false},"excerpt":{"rendered":"Entre em contato com nossa Central de Ajuda caso tenha dificuldades com o widget de calend\u00e1rio HTML","protected":false},"author":9,"featured_media":0,"parent":771,"menu_order":0,"comment_status":"closed","ping_status":"closed","template":"templates\/template-application-platform.php","meta":{"publish_to_discourse":"","publish_post_category":"","wpdc_auto_publish_overridden":"","wpdc_topic_tags":"","wpdc_pin_topic":"","wpdc_pin_until":"","discourse_post_id":"","discourse_permalink":"","wpdc_publishing_response":"","wpdc_publishing_error":"","footnotes":""},"class_list":["post-3857","page","type-page","status-publish","hentry"],"yoast_head":"<!-- This site is optimized with the Yoast SEO plugin v25.3.1 - https:\/\/yoast.com\/wordpress\/plugins\/seo\/ -->\n<title>Widget de calend\u00e1rio de eventos HTML - Adicionar calend\u00e1rio de eventos ao site HTML [2025]<\/title>\n<meta name=\"description\" content=\"Com a Elfsight, crie seu widget simples de calend\u00e1rio de eventos e incorpore-o rapidamente no c\u00f3digo HTML do seu site. Oferecemos suporte gratuito ao cliente e outros b\u00f4nus.\" \/>\n<meta name=\"robots\" content=\"index, follow, max-snippet:-1, max-image-preview:large, max-video-preview:-1\" \/>\n<link rel=\"canonical\" href=\"https:\/\/elfsight.com\/pt\/event-calendar-widget\/html\/\" \/>\n<meta property=\"og:locale\" content=\"pt_PT\" \/>\n<meta property=\"og:type\" content=\"article\" \/>\n<meta property=\"og:title\" content=\"Widget de calend\u00e1rio de eventos HTML - Adicionar calend\u00e1rio de eventos ao site HTML [2025]\" \/>\n<meta property=\"og:description\" content=\"Com a Elfsight, crie seu widget simples de calend\u00e1rio de eventos e incorpore-o rapidamente no c\u00f3digo HTML do seu site. Oferecemos suporte gratuito ao cliente e outros b\u00f4nus.\" \/>\n<meta property=\"og:url\" content=\"https:\/\/elfsight.com\/pt\/event-calendar-widget\/html\/\" \/>\n<meta property=\"og:site_name\" content=\"Elfsight PT\" \/>\n<meta property=\"article:modified_time\" content=\"2024-11-13T11:44:00+00:00\" \/>\n<meta name=\"twitter:card\" content=\"summary_large_image\" \/>\n<meta name=\"twitter:label1\" content=\"Tempo estimado de leitura\" \/>\n\t<meta name=\"twitter:data1\" content=\"2 minutos\" \/>\n<!-- \/ Yoast SEO plugin. -->","yoast_head_json":{"title":"Widget de calend\u00e1rio de eventos HTML - Adicionar calend\u00e1rio de eventos ao site HTML [2025]","description":"Com a Elfsight, crie seu widget simples de calend\u00e1rio de eventos e incorpore-o rapidamente no c\u00f3digo HTML do seu site. Oferecemos suporte gratuito ao cliente e outros b\u00f4nus.","robots":{"index":"index","follow":"follow","max-snippet":"max-snippet:-1","max-image-preview":"max-image-preview:large","max-video-preview":"max-video-preview:-1"},"canonical":"https:\/\/elfsight.com\/pt\/event-calendar-widget\/html\/","og_locale":"pt_PT","og_type":"article","og_title":"Widget de calend\u00e1rio de eventos HTML - Adicionar calend\u00e1rio de eventos ao site HTML [2025]","og_description":"Com a Elfsight, crie seu widget simples de calend\u00e1rio de eventos e incorpore-o rapidamente no c\u00f3digo HTML do seu site. Oferecemos suporte gratuito ao cliente e outros b\u00f4nus.","og_url":"https:\/\/elfsight.com\/pt\/event-calendar-widget\/html\/","og_site_name":"Elfsight PT","article_modified_time":"2024-11-13T11:44:00+00:00","twitter_card":"summary_large_image","twitter_misc":{"Tempo estimado de leitura":"2 minutos"},"schema":{"@context":"https:\/\/schema.org","@graph":[{"@type":"WebPage","@id":"https:\/\/elfsight.com\/pt\/event-calendar-widget\/html\/","url":"https:\/\/elfsight.com\/pt\/event-calendar-widget\/html\/","name":"Widget de calend\u00e1rio de eventos HTML - Adicionar calend\u00e1rio de eventos ao site HTML [2025]","isPartOf":{"@id":"https:\/\/elfsight.com\/pt\/#website"},"datePublished":"2024-05-03T06:35:05+00:00","dateModified":"2024-11-13T11:44:00+00:00","description":"Com a Elfsight, crie seu widget simples de calend\u00e1rio de eventos e incorpore-o rapidamente no c\u00f3digo HTML do seu site. Oferecemos suporte gratuito ao cliente e outros b\u00f4nus.","breadcrumb":{"@id":"https:\/\/elfsight.com\/pt\/event-calendar-widget\/html\/#breadcrumb"},"inLanguage":"pt-PT","potentialAction":[{"@type":"ReadAction","target":["https:\/\/elfsight.com\/pt\/event-calendar-widget\/html\/"]}]},{"@type":"BreadcrumbList","@id":"https:\/\/elfsight.com\/pt\/event-calendar-widget\/html\/#breadcrumb","itemListElement":[{"@type":"ListItem","position":1,"name":"Home","item":"https:\/\/elfsight.com\/pt\/"},{"@type":"ListItem","position":2,"name":"Event Calendar","item":"https:\/\/elfsight.com\/pt\/event-calendar-widget\/"},{"@type":"ListItem","position":3,"name":"Event Calendar &#8211; HTML"}]},{"@type":"WebSite","@id":"https:\/\/elfsight.com\/pt\/#website","url":"https:\/\/elfsight.com\/pt\/","name":"Elfsight PT","description":"Just another Elfsight Sites site","potentialAction":[{"@type":"SearchAction","target":{"@type":"EntryPoint","urlTemplate":"https:\/\/elfsight.com\/pt\/?s={search_term_string}"},"query-input":{"@type":"PropertyValueSpecification","valueRequired":true,"valueName":"search_term_string"}}],"inLanguage":"pt-PT"}]}},"meta_box":{"industry":"","seo_heading":"","heading":"","description":"","cta_heading":"","cta_description":"","application":"770","h1":"Widget de calend\u00e1rio de eventos HTML","h1_caption":"Torne os seus eventos f\u00e1ceis de encontrar usando o calend\u00e1rio simples da Elfsight","application_category":[],"applications_title":"","applications_request_title":"","applications_request_button_text":"","hero_text":"","hero_video":"","hero_video_schema_markup":"","selling_points_title":"","selling_points_caption":"","selling_points":[],"selling_points_cta_text":"","features_title":"","features":"","ed_cta_examples_text":"","ed_cta_examples_hidden":"","ed_cta_demo_text":"","ed_cta_demo_hidden":"","why_caption":"","why_editor_title":"","why_editor_text":"","why_team_title":"","why_team_text":"","why_service_title":"","why_service_text":"","template_catalog_visible":"","template_catalog_title":"","template_catalog_text":"","template_catalog_categories_visible":"","demo_title":"Crie seu widget de calend\u00e1rio de eventos","demo_caption":"Configure seu calend\u00e1rio de eventos e adicione-o ao seu site HTML gratuitamente!","default_faq_hidden":"","app_template_category":[],"platform":"49","template_public_id":"","codecanyon_url":"","codecanyon_item_id":"","codecanyon_price":"","pricing_caption":"","pricing_elfsight_apps_hide_column":"","pricing_elfsight_apps_url":"","pricing_codecanyon_price_caption":"","integration_category":[],"integration_request_title":"","integration_request_cta":"","integration_platform":"","integrations":[],"platform_category":[],"video_schema_markup":"","price":"a partir de US$ 0\/m\u00eas","trial":"","benefits":[{"text":"Servi\u00e7o de instala\u00e7\u00e3o gratuito"},{"text":"Atendimento ao cliente competente"},{"text":"Garantia de devolu\u00e7\u00e3o do dinheiro em 14 dias"},{"text":"Atualiza\u00e7\u00f5es cont\u00ednuas"}],"button_url":"#demo","button_target_blank":"0","button_nofollow":"0","attributes":[{"name":"Instala\u00e7\u00f5es","content":"100,000 - 500,000","_state":"expanded"},{"name":"Responsivo","content":"Sim","_state":"expanded"},{"name":"Navegadores compat\u00edveis","content":"Firefox, Safari, Opera, Chrome, Edge"}],"tags":[],"tags_disable_links":"0","hide_more_platforms":"","video_object":"","demo_hide_cta":"0","demo_hide_cloud_options":"0","pricing_title":"","pricing":[{"pricing_icon":"platform","pricing_title":"Elfsight Apps","pricing_title_caption":"Solu\u00e7\u00e3o multiplataforma que funciona em qualquer site","pricing_price":"a partir de US$ 0\/m\u00eas","pricing_price_caption":"comece com plano gratuito","pricing_benefits":[{"text":"Sites ilimitados"},{"text":"Suporte r\u00e1pido ao cliente"},{"text":"Suporte r\u00e1pido ao cliente"},{"text":"Pre\u00e7o a ser pago para v\u00e1rios aplicativos"}],"pricing_button_text":"Adicionar ao site","pricing_button_url":"#demo","_state":"expanded"}],"related_apps_title":"","related_apps_hidden":"1","author":"","image":[],"title":"","job":"","social_networks":[]},"_links":{"self":[{"href":"https:\/\/elfsight.com\/pt\/wp-json\/wp\/v2\/pages\/3857","targetHints":{"allow":["GET"]}}],"collection":[{"href":"https:\/\/elfsight.com\/pt\/wp-json\/wp\/v2\/pages"}],"about":[{"href":"https:\/\/elfsight.com\/pt\/wp-json\/wp\/v2\/types\/page"}],"author":[{"embeddable":true,"href":"https:\/\/elfsight.com\/pt\/wp-json\/wp\/v2\/users\/9"}],"replies":[{"embeddable":true,"href":"https:\/\/elfsight.com\/pt\/wp-json\/wp\/v2\/comments?post=3857"}],"version-history":[{"count":2,"href":"https:\/\/elfsight.com\/pt\/wp-json\/wp\/v2\/pages\/3857\/revisions"}],"predecessor-version":[{"id":11773,"href":"https:\/\/elfsight.com\/pt\/wp-json\/wp\/v2\/pages\/3857\/revisions\/11773"}],"up":[{"embeddable":true,"href":"https:\/\/elfsight.com\/pt\/wp-json\/wp\/v2\/pages\/771"}],"wp:attachment":[{"href":"https:\/\/elfsight.com\/pt\/wp-json\/wp\/v2\/media?parent=3857"}],"curies":[{"name":"wp","href":"https:\/\/api.w.org\/{rel}","templated":true}]}}