{"id":3856,"date":"2024-05-03T06:36:01","date_gmt":"2024-05-03T06:36:01","guid":{"rendered":"https:\/\/elfsight.com\/pt\/?page_id=3856"},"modified":"2025-02-11T06:08:15","modified_gmt":"2025-02-11T06:08:15","slug":"html","status":"publish","type":"page","link":"https:\/\/elfsight.com\/pt\/facebook-feed-widget\/html\/","title":{"rendered":"Facebook Feed &#8211; HTML"},"content":{"rendered":"\n<div class=\"application-platform-content-item-description application-platform-content-item\" id=\"description\" data-nav-section=\"description\"><h2>Descri\u00e7\u00e3o<\/h2><p>Incorpore o conte\u00fado da sua p\u00e1gina do Facebook em nosso plugin avan\u00e7ado \u2013 Facebook Feed. Feed de not\u00edcias, v\u00eddeos, imagens \u2013 voc\u00ea pode ter certeza de que seus usu\u00e1rios n\u00e3o pular\u00e3o nenhuma not\u00edcia. A apar\u00eancia elegante com componentes originais do Facebook n\u00e3o passar\u00e1 despercebida e contribuir\u00e1 n\u00e3o apenas para manter os usu\u00e1rios atuais no site, mas tamb\u00e9m para atrair novos assinantes do Facebook.<\/p><p><b>Eleve seu marketing de m\u00eddia social a um n\u00edvel invis\u00edvel com a ajuda do plugin HTML da p\u00e1gina do Facebook.<\/b><\/p><ul><li><b>Aumente a convers\u00e3o do seu site em at\u00e9 112%<\/b>.<br>Aplique um componente social no seu site, para adquirir mais clientes. Deixe que seus leitores descubram sua marca no Facebook e obtenham a confian\u00e7a deles, o que ajudar\u00e1 a impulsionar sua convers\u00e3o.<\/li><li><b>Consiga um envolvimento profundo dos clientes em sua vida nas redes sociais<\/b>.<br>Don n\u00e3o se limite apenas ao site, deixe que cada cliente verifique detalhadamente o seu neg\u00f3cio no Facebook: envolva os clientes na vida interna do seu neg\u00f3cio e assim voc\u00ea adquirir\u00e1 os apoiadores mais fi\u00e9is.<\/li><li><b>3 Plug-in do Facebook em 1<\/b>.<br>Todo o seu conte\u00fado do Facebook em um \u00fanico plugin: exiba not\u00edcias com feedback, curtidas ou outras rea\u00e7\u00f5es; Forme imagens e listas de v\u00eddeos no site usando os \u00e1lbuns do Facebook.<\/li><\/ul><\/div><div class=\"application-platform-content-item-features application-platform-content-item\" id=\"features\" data-nav-section=\"features\"><h2>Recursos<\/h2><p>Algumas vantagens que tornam nosso Facebook Alimente um plugin realmente valioso para qualquer site HTML.<\/p><ul><li>2 fontes do Facebook suportadas: p\u00e1ginas, perfis;<\/li><li>Pop-ups personaliz\u00e1veis \u200b\u200bcom elementos altern\u00e1veis: autor, contagem de curtidas, compartilhamentos contagem, coment\u00e1rios;<\/li><li>Bot\u00f5es Curtir e Compartilhar no cabe\u00e7alho;<\/li><li>Ativar ou desativar o cabe\u00e7alho;<\/li><li>12 idiomas populares suportados.<\/li><\/ul><p><a href=\"#demo\">Veja todos os recursos na demonstra\u00e7\u00e3o ao vivo<\/a>.<\/p><\/div><div class=\"application-platform-content-item-installation application-platform-content-item\" id=\"installation\" data-nav-section=\"installation\"><h2>Como incorporar o Facebook plugin para site HTML<\/h2><iframe width=\"720\" height=\"405\" src=\"https:\/\/www.youtube.com\/embed\/L9fQwrdrAyk\"><\/iframe><p>Estude nosso guia, para acabar adicionando o plugin ao site. Isso n\u00e3o levar\u00e1 mais de alguns minutos e n\u00e3o exigir\u00e1 conhecimento em programa\u00e7\u00e3o.<\/p><ol><li><b>Construa seu feed do Facebook personalizado<\/b>.<br>Com a ajuda de nosso configurador gratuito, crie um plug-in com o modelo e as op\u00e7\u00f5es necess\u00e1rias.<\/li><li><b>Copie o c\u00f3digo para mostrar o plug-in<\/b>.<br>Ap\u00f3s a personaliza\u00e7\u00e3o do plug-in, obtenha o c\u00f3digo do plug-in do Facebook na notifica\u00e7\u00e3o que aparece em Elfsight Apps.<\/li><li><b>Incorpore o plugin na p\u00e1gina HTML<\/b>.<br>Abra o c\u00f3digo da p\u00e1gina no editor HTML e insira o plugin no local necess\u00e1rio (conte\u00fado, rodap\u00e9, barra lateral , etc.) e salve os resultados.<\/li><li><b>Pronto!<\/b><br>Abra o site HTML para verificar seu plugin.<\/li><\/ol><p>Precisa de um suporte mais detalhado? Leia um <a href=\"https:\/\/elfsight.com\/tutorials\/how-to-add-facebook-feed-widget-to-html\/\" target=\"_blank\" rel=\"noopener noreferrer\">manual completo<\/a> ou entre em contato com nosso suporte ao cliente e teremos prazer em oferecer uma solu\u00e7\u00e3o.<\/p><\/div><div class=\"faq\" data-component=\"FAQ\"><div class=\"faq-item\">\r\n\t\t\t\t\t<div class=\"faq-item-question\">\r\n\t\t\t\t\t\t<h3 class=\"faq-item-question-text\">Como posso adicionar o WhatsApp Chat ao meu site HTML sem conhecimentos de codifica\u00e7\u00e3o?<\/h3>\r\n\r\n\t\t\t\t\t\t<div class=\"faq-item-question-icon\"><\/div>\r\n\t\t\t\t\t<\/div>\r\n\r\n\t\t\t\t\t<div class=\"faq-item-answer\">\r\n\t\t\t\t\t\t<div class=\"faq-item-answer-text\"><p>A empresa Elfsight fornece uma solu\u00e7\u00e3o que permite aos utilizadores estabelecerem voc\u00ea mesmo uma aplica\u00e7\u00e3o de chat do WhatsApp. Veja o guia simples: <\/p><ul><li>V\u00e1 para a demonstra\u00e7\u00e3o ao vivo para crie um plug-in de bate-papo do WhatsApp que voc\u00ea gostaria de integrar em sua p\u00e1gina inicial HTML.<\/li><li>Escolha um dos modelos predefinidos e altere as configura\u00e7\u00f5es do bate-papo do WhatsApp, adicione seu conte\u00fado, altere o layout e as cores sem codifica\u00e7\u00e3o.<\/li><li>Salve o bate-papo do WhatsApp e obtenha o c\u00f3digo de instala\u00e7\u00e3o, que voc\u00ea pode colar facilmente em qualquer p\u00e1gina HTML sem comprar uma assinatura paga. <\/li><\/ul><p>Com o configurador intuitivo, qualquer usu\u00e1rio da web pode estabelecer uma se\u00e7\u00e3o de bate-papo do WhatsApp on-line e adicion\u00e1-la facilmente \u00e0 sua p\u00e1gina inicial em HTML. Voc\u00ea n\u00e3o deve pagar ou enviar as credenciais do seu cart\u00e3o para acessar o servi\u00e7o Elfsight. Se voc\u00ea enfrentar qualquer tipo de problema, n\u00e3o hesite em entrar em contato com nossa equipe de suporte.<\/p><\/div>\r\n\t\t\t\t\t<\/div>\r\n\t\t\t\t<\/div><\/div>\n","protected":false},"excerpt":{"rendered":"","protected":false},"author":9,"featured_media":0,"parent":386,"menu_order":0,"comment_status":"closed","ping_status":"closed","template":"templates\/template-application-platform.php","meta":{"publish_to_discourse":"","publish_post_category":"","wpdc_auto_publish_overridden":"","wpdc_topic_tags":"","wpdc_pin_topic":"","wpdc_pin_until":"","discourse_post_id":"","discourse_permalink":"","wpdc_publishing_response":"","wpdc_publishing_error":"","footnotes":""},"class_list":["post-3856","page","type-page","status-publish","hentry"],"yoast_head":"<!-- This site is optimized with the Yoast SEO plugin v25.3.1 - https:\/\/yoast.com\/wordpress\/plugins\/seo\/ -->\n<title>Feed do Facebook - Incorpore o plugin do Facebook ao site HTML (em 1 minuto)<\/title>\n<meta name=\"description\" content=\"Adicione o melhor plugin de feed do Facebook ao seu site HTML. Experimente a demonstra\u00e7\u00e3o flex\u00edvel da Elfsight e crie seu widget pessoal em apenas 1 minuto.\" \/>\n<meta name=\"robots\" content=\"index, follow, max-snippet:-1, max-image-preview:large, max-video-preview:-1\" \/>\n<link rel=\"canonical\" href=\"https:\/\/elfsight.com\/pt\/facebook-feed-widget\/html\/\" \/>\n<meta property=\"og:locale\" content=\"pt_PT\" \/>\n<meta property=\"og:type\" content=\"article\" \/>\n<meta property=\"og:title\" content=\"Feed do Facebook - Incorpore o plugin do Facebook ao site HTML (em 1 minuto)\" \/>\n<meta property=\"og:description\" content=\"Adicione o melhor plugin de feed do Facebook ao seu site HTML. Experimente a demonstra\u00e7\u00e3o flex\u00edvel da Elfsight e crie seu widget pessoal em apenas 1 minuto.\" \/>\n<meta property=\"og:url\" content=\"https:\/\/elfsight.com\/pt\/facebook-feed-widget\/html\/\" \/>\n<meta property=\"og:site_name\" content=\"Elfsight PT\" \/>\n<meta property=\"article:modified_time\" content=\"2025-02-11T06:08:15+00:00\" \/>\n<meta name=\"twitter:card\" content=\"summary_large_image\" \/>\n<meta name=\"twitter:label1\" content=\"Tempo estimado de leitura\" \/>\n\t<meta name=\"twitter:data1\" content=\"4 minutos\" \/>\n<!-- \/ Yoast SEO plugin. -->","yoast_head_json":{"title":"Feed do Facebook - Incorpore o plugin do Facebook ao site HTML (em 1 minuto)","description":"Adicione o melhor plugin de feed do Facebook ao seu site HTML. Experimente a demonstra\u00e7\u00e3o flex\u00edvel da Elfsight e crie seu widget pessoal em apenas 1 minuto.","robots":{"index":"index","follow":"follow","max-snippet":"max-snippet:-1","max-image-preview":"max-image-preview:large","max-video-preview":"max-video-preview:-1"},"canonical":"https:\/\/elfsight.com\/pt\/facebook-feed-widget\/html\/","og_locale":"pt_PT","og_type":"article","og_title":"Feed do Facebook - Incorpore o plugin do Facebook ao site HTML (em 1 minuto)","og_description":"Adicione o melhor plugin de feed do Facebook ao seu site HTML. Experimente a demonstra\u00e7\u00e3o flex\u00edvel da Elfsight e crie seu widget pessoal em apenas 1 minuto.","og_url":"https:\/\/elfsight.com\/pt\/facebook-feed-widget\/html\/","og_site_name":"Elfsight PT","article_modified_time":"2025-02-11T06:08:15+00:00","twitter_card":"summary_large_image","twitter_misc":{"Tempo estimado de leitura":"4 minutos"},"schema":{"@context":"https:\/\/schema.org","@graph":[{"@type":"WebPage","@id":"https:\/\/elfsight.com\/pt\/facebook-feed-widget\/html\/","url":"https:\/\/elfsight.com\/pt\/facebook-feed-widget\/html\/","name":"Feed do Facebook - Incorpore o plugin do Facebook ao site HTML (em 1 minuto)","isPartOf":{"@id":"https:\/\/elfsight.com\/pt\/#website"},"datePublished":"2024-05-03T06:36:01+00:00","dateModified":"2025-02-11T06:08:15+00:00","description":"Adicione o melhor plugin de feed do Facebook ao seu site HTML. Experimente a demonstra\u00e7\u00e3o flex\u00edvel da Elfsight e crie seu widget pessoal em apenas 1 minuto.","breadcrumb":{"@id":"https:\/\/elfsight.com\/pt\/facebook-feed-widget\/html\/#breadcrumb"},"inLanguage":"pt-PT","potentialAction":[{"@type":"ReadAction","target":["https:\/\/elfsight.com\/pt\/facebook-feed-widget\/html\/"]}]},{"@type":"BreadcrumbList","@id":"https:\/\/elfsight.com\/pt\/facebook-feed-widget\/html\/#breadcrumb","itemListElement":[{"@type":"ListItem","position":1,"name":"Home","item":"https:\/\/elfsight.com\/pt\/"},{"@type":"ListItem","position":2,"name":"Facebook Feed","item":"https:\/\/elfsight.com\/pt\/facebook-feed-widget\/"},{"@type":"ListItem","position":3,"name":"Facebook Feed &#8211; HTML"}]},{"@type":"WebSite","@id":"https:\/\/elfsight.com\/pt\/#website","url":"https:\/\/elfsight.com\/pt\/","name":"Elfsight PT","description":"Just another Elfsight Sites site","potentialAction":[{"@type":"SearchAction","target":{"@type":"EntryPoint","urlTemplate":"https:\/\/elfsight.com\/pt\/?s={search_term_string}"},"query-input":{"@type":"PropertyValueSpecification","valueRequired":true,"valueName":"search_term_string"}}],"inLanguage":"pt-PT"}]}},"meta_box":{"industry":"","seo_heading":"","heading":"","description":"","cta_heading":"","cta_description":"","application":"385","h1":"Plug-in de feed do Facebook para HTML","h1_caption":"O melhor plugin para incorporar postagens e fotos do Facebook em seu site","application_category":[],"applications_title":"","applications_request_title":"","applications_request_button_text":"","hero_text":"","hero_video":"","hero_video_schema_markup":"","selling_points_title":"","selling_points_caption":"","selling_points":[],"selling_points_cta_text":"","features_title":"","features":"","ed_cta_examples_text":"","ed_cta_examples_hidden":"","ed_cta_demo_text":"","ed_cta_demo_hidden":"","why_caption":"","why_editor_title":"","why_editor_text":"","why_team_title":"","why_team_text":"","why_service_title":"","why_service_text":"","template_catalog_visible":"0","template_catalog_title":"","template_catalog_text":"","template_catalog_categories_visible":"","demo_title":"Crie seu widget de feed do Facebook","demo_caption":"Configure seu feed do Facebook e adicione-o ao seu site HTML gratuitamente!","default_faq_hidden":"","app_template_category":[],"platform":"49","template_public_id":"","codecanyon_url":"","codecanyon_item_id":"","codecanyon_price":"","pricing_caption":"","pricing_elfsight_apps_hide_column":"","pricing_elfsight_apps_url":"","pricing_codecanyon_price_caption":"","integration_category":[],"integration_request_title":"","integration_request_cta":"","integration_platform":"","integrations":[],"platform_category":[],"video_schema_markup":"","price":"a partir de US$ 0\/m\u00eas","trial":"","benefits":[{"text":"Assist\u00eancia de instala\u00e7\u00e3o gratuita"},{"text":"Suporte excepcional"},{"text":"Garantia de reembolso de 14 dias"},{"text":"Atualiza\u00e7\u00f5es cont\u00ednuas"}],"button_url":"#demo","button_target_blank":"0","button_nofollow":"0","attributes":[{"name":"Instala\u00e7\u00f5es","content":"100,000 - 500,000","_state":"expanded"},{"name":"Responsivo","content":"Sim","_state":"expanded"},{"name":"Navegadores compat\u00edveis","content":"Firefox, Safari, Opera, Chrome, Edge"}],"tags":[],"tags_disable_links":"0","hide_more_platforms":"0","video_object":"","demo_hide_cta":"0","demo_hide_cloud_options":"0","pricing_title":"","pricing":[{"pricing_icon":"platform","pricing_title":"HTML widget","pricing_title_caption":"Solu\u00e7\u00e3o digital multiplataforma","pricing_price":"a partir de US$ 0\/m\u00eas","pricing_price_caption":"comece com plano gratuito","pricing_benefits":[{"text":"Dom\u00ednios ilimitados"},{"text":"Suporte r\u00e1pido \u00e0 empresa"},{"text":"Suporte r\u00e1pido \u00e0 empresa"},{"text":"Pre\u00e7o a ser pago para v\u00e1rios aplicativos"}],"pricing_button_text":"Adicionar ao site","pricing_button_url":"#demo","_state":"expanded"}],"related_apps_title":"","related_apps_hidden":"1","author":"","image":[],"title":"","job":"","social_networks":[]},"_links":{"self":[{"href":"https:\/\/elfsight.com\/pt\/wp-json\/wp\/v2\/pages\/3856","targetHints":{"allow":["GET"]}}],"collection":[{"href":"https:\/\/elfsight.com\/pt\/wp-json\/wp\/v2\/pages"}],"about":[{"href":"https:\/\/elfsight.com\/pt\/wp-json\/wp\/v2\/types\/page"}],"author":[{"embeddable":true,"href":"https:\/\/elfsight.com\/pt\/wp-json\/wp\/v2\/users\/9"}],"replies":[{"embeddable":true,"href":"https:\/\/elfsight.com\/pt\/wp-json\/wp\/v2\/comments?post=3856"}],"version-history":[{"count":3,"href":"https:\/\/elfsight.com\/pt\/wp-json\/wp\/v2\/pages\/3856\/revisions"}],"predecessor-version":[{"id":13844,"href":"https:\/\/elfsight.com\/pt\/wp-json\/wp\/v2\/pages\/3856\/revisions\/13844"}],"up":[{"embeddable":true,"href":"https:\/\/elfsight.com\/pt\/wp-json\/wp\/v2\/pages\/386"}],"wp:attachment":[{"href":"https:\/\/elfsight.com\/pt\/wp-json\/wp\/v2\/media?parent=3856"}],"curies":[{"name":"wp","href":"https:\/\/api.w.org\/{rel}","templated":true}]}}