{"id":3853,"date":"2024-05-03T06:34:00","date_gmt":"2024-05-03T06:34:00","guid":{"rendered":"https:\/\/elfsight.com\/pt\/?page_id=3853"},"modified":"2025-01-30T13:12:05","modified_gmt":"2025-01-30T13:12:05","slug":"google-sites","status":"publish","type":"page","link":"https:\/\/elfsight.com\/pt\/countdown-timer-widget\/google-sites\/","title":{"rendered":"Countdown Timer &#8211; Google Sites"},"content":{"rendered":"\n<div class=\"application-platform-content-item-description application-platform-content-item\" id=\"description\" data-nav-section=\"description\"> <h2>Incorpore o temporizador de contagem regressiva no Google Sites com o widget Elfsight<\/h2> <p>Use o Elfsight Countdown Clock para Google Sites para construir diversas contagens e temporizadores, que incentivam os usu\u00e1rios a comprar em seu site. A contagem de estoque ou de vendas evocar\u00e1 uma sensa\u00e7\u00e3o de d\u00e9ficit e competi\u00e7\u00e3o; a contagem regressiva de vendas levar\u00e1 os visitantes a comprar agora, antes que percam muito. Uma contagem regressiva pessoal estimular\u00e1 cada comprador a usar uma oferta pessoal mais cedo; banners de promo\u00e7\u00f5es de fim de ano atrair\u00e3o a aten\u00e7\u00e3o com um design de tema brilhante.<\/p> <p><b>Com o plug-in Countdown, alcance um desenvolvimento de neg\u00f3cios s\u00f3lido e mais vendas <\/b><\/p> <\/div> <div class=\"application-platform-content-item-features  application-platform-content-item\" id=\"features \" data-nav-section=\"features \"> <h2>Oferecemos recursos \u00fateis e f\u00e1ceis, aqui est\u00e3o alguns deles: <\/h2> <ul> <li>Tr\u00eas tipos de cron\u00f4metro: in\u00edcio ao fim, tempo restante por visitante, n\u00famero do in\u00edcio ao fim contar; <\/li> <li>Texto de mensagem edit\u00e1vel com formata\u00e7\u00e3o; <\/li> <li>Quatro unidades de tempo: dias, horas, minutos, segundos; <\/li> <li>Alinhar variantes para posi\u00e7\u00e3o personalizada: esquerda, direita, centro; <\/li> <li>Tr\u00eas tipos de anima\u00e7\u00e3o para mudan\u00e7a de n\u00fameros. <\/li><\/ul><p><a href=\"#demo\">Voc\u00ea pode testar todos os recursos do widget na demonstra\u00e7\u00e3o abaixo<\/a><\/p> <\/div> <div class=\"application-platform-content-item- instala\u00e7\u00e3o application-platform-content-item\" id=\" instala\u00e7\u00e3o\" data-nav-section=\" instala\u00e7\u00e3o\"> <h2>Como incorporar o temporizador de contagem regressiva em meus Google Sites?<\/h2> <div class=\"video-container\"><iframe width=\"720\" height=\"405\" src=\"https:\/\/www.youtube.com\/embed\/WSY8A6lXYGs\" frameborder=\"0\" allowfullscreen=\"\"><\/iframe><\/div><p>Basta aplicar as instru\u00e7\u00f5es abaixo para come\u00e7ar a usar a ferramenta. <\/p> <ol><li><b>Gerencie nosso editor gratuito e comece a moldar seu plugin personalizado. <\/b><br> Especifique a apar\u00eancia e os aspectos desej\u00e1veis \u200b\u200bda ferramenta e aplique as modifica\u00e7\u00f5es. <\/li> <li><b>Adquira o seu c\u00f3digo exclusivo exposto no formul\u00e1rio especial nas aplica\u00e7\u00f5es Elfsight. <\/b><br> Ap\u00f3s a conclus\u00e3o do estabelecimento do seu plugin, copie o c\u00f3digo exclusivo no pop-up que surgiu e guarde-o para futuras necessidades. <\/li> <li><b>Comece a usar o rel\u00f3gio de contagem regressiva em seu Google Sites.<\/b><br> Cole o c\u00f3digo que voc\u00ea copiou recentemente em sua p\u00e1gina da web e aplique as edi\u00e7\u00f5es. <\/li> <li><b>Conclu\u00eddo! A configura\u00e7\u00e3o foi executada com sucesso. <\/b><br> Acesse seu site para ver como a ferramenta funciona. <\/li><\/ol> <div class=\"tip-yellow tip\"><b>Devido \u00e0s peculiaridades do funcionamento do Google Sites, o widget pode ter uma apar\u00eancia diferente da demonstra\u00e7\u00e3o on-line. Pedimos desculpas por qualquer inconveniente causado.<\/b><\/div><p>Caso tenha d\u00favidas ou tenha dificuldades, n\u00e3o hesite em entrar em contato com nossa equipe de atendimento ao cliente. Nosso pessoal ficar\u00e1 feliz em resolver todos os problemas que voc\u00ea possa ter com o plugin. <\/p> <div class=\"faq\" data-component=\"FAQ\"> <div class=\"faq-item\">\r\n\t\t\t\t\t<div class=\"faq-item-question\">\r\n\t\t\t\t\t\t<h3 class=\"faq-item-question-text\">Como adicionar um cron\u00f4metro de contagem regressiva ao meu site do Google Sites sem habilidades de codifica\u00e7\u00e3o?<\/h3>\r\n\r\n\t\t\t\t\t\t<div class=\"faq-item-question-icon\"><\/div>\r\n\t\t\t\t\t<\/div>\r\n\r\n\t\t\t\t\t<div class=\"faq-item-answer\">\r\n\t\t\t\t\t\t<div class=\"faq-item-answer-text\"> <p>A Elfsight fornece uma solu\u00e7\u00e3o SaaS que permite que voc\u00ea mesmo crie um widget de cron\u00f4metro de contagem regressiva. Veja como \u00e9 f\u00e1cil o processo \u00e9: Trabalhe diretamente no editor on-line para criar um widget de contagem regressiva que voc\u00ea gostaria de ver em seu site do Google Sites. Escolha um dos modelos predefinidos e ajuste as configura\u00e7\u00f5es do cron\u00f4metro de contagem regressiva, adicione seu conte\u00fado, altere o layout e as cores sem nenhuma habilidade de codifica\u00e7\u00e3o. Salve o cron\u00f4metro de contagem regressiva e copie seu c\u00f3digo de instala\u00e7\u00e3o, que voc\u00ea pode simplesmente incorporar ao seu site do Google Sites sem comprar uma vers\u00e3o paga. Com nosso editor intuitivo, qualquer usu\u00e1rio da Internet pode criar um widget de contagem regressiva on-line e incorpor\u00e1-lo facilmente ao site do Google Sites. N\u00e3o h\u00e1 necessidade de pagar ou inserir as credenciais do seu cart\u00e3o para acessar o servi\u00e7o. Se voc\u00ea enfrentar qualquer problema em qualquer etapa, n\u00e3o hesite em entrar em contato com nossa equipe de suporte t\u00e9cnico.<\/p> <\/div>\r\n\t\t\t\t\t<\/div>\r\n\t\t\t\t<\/div> <\/div> <\/div>\n","protected":false},"excerpt":{"rendered":"","protected":false},"author":9,"featured_media":0,"parent":505,"menu_order":0,"comment_status":"closed","ping_status":"closed","template":"templates\/template-application-platform.php","meta":{"publish_to_discourse":"","publish_post_category":"","wpdc_auto_publish_overridden":"","wpdc_topic_tags":"","wpdc_pin_topic":"","wpdc_pin_until":"","discourse_post_id":"","discourse_permalink":"","wpdc_publishing_response":"","wpdc_publishing_error":"","footnotes":""},"class_list":["post-3853","page","type-page","status-publish","hentry"],"yoast_head":"<!-- This site is optimized with the Yoast SEO plugin v25.3.1 - https:\/\/yoast.com\/wordpress\/plugins\/seo\/ -->\n<title>Temporizador de contagem regressiva - Adicionar widget de rel\u00f3gio de contagem regressiva ao Google Sites (2025)<\/title>\n<meta name=\"description\" content=\"Adicione um cron\u00f4metro de contagem regressiva responsivo ao seu Google Sites e obtenha confian\u00e7a total. Utilize a demonstra\u00e7\u00e3o pr\u00e1tica da Elfsight para moldar o seu rel\u00f3gio de contagem regressiva personalizado.\" \/>\n<meta name=\"robots\" content=\"index, follow, max-snippet:-1, max-image-preview:large, max-video-preview:-1\" \/>\n<link rel=\"canonical\" href=\"https:\/\/elfsight.com\/pt\/countdown-timer-widget\/google-sites\/\" \/>\n<meta property=\"og:locale\" content=\"pt_PT\" \/>\n<meta property=\"og:type\" content=\"article\" \/>\n<meta property=\"og:title\" content=\"Temporizador de contagem regressiva - Adicionar widget de rel\u00f3gio de contagem regressiva ao Google Sites (2025)\" \/>\n<meta property=\"og:description\" content=\"Adicione um cron\u00f4metro de contagem regressiva responsivo ao seu Google Sites e obtenha confian\u00e7a total. Utilize a demonstra\u00e7\u00e3o pr\u00e1tica da Elfsight para moldar o seu rel\u00f3gio de contagem regressiva personalizado.\" \/>\n<meta property=\"og:url\" content=\"https:\/\/elfsight.com\/pt\/countdown-timer-widget\/google-sites\/\" \/>\n<meta property=\"og:site_name\" content=\"Elfsight PT\" \/>\n<meta property=\"article:modified_time\" content=\"2025-01-30T13:12:05+00:00\" \/>\n<meta name=\"twitter:card\" content=\"summary_large_image\" \/>\n<meta name=\"twitter:label1\" content=\"Tempo estimado de leitura\" \/>\n\t<meta name=\"twitter:data1\" content=\"4 minutos\" \/>\n<!-- \/ Yoast SEO plugin. -->","yoast_head_json":{"title":"Temporizador de contagem regressiva - Adicionar widget de rel\u00f3gio de contagem regressiva ao Google Sites (2025)","description":"Adicione um cron\u00f4metro de contagem regressiva responsivo ao seu Google Sites e obtenha confian\u00e7a total. Utilize a demonstra\u00e7\u00e3o pr\u00e1tica da Elfsight para moldar o seu rel\u00f3gio de contagem regressiva personalizado.","robots":{"index":"index","follow":"follow","max-snippet":"max-snippet:-1","max-image-preview":"max-image-preview:large","max-video-preview":"max-video-preview:-1"},"canonical":"https:\/\/elfsight.com\/pt\/countdown-timer-widget\/google-sites\/","og_locale":"pt_PT","og_type":"article","og_title":"Temporizador de contagem regressiva - Adicionar widget de rel\u00f3gio de contagem regressiva ao Google Sites (2025)","og_description":"Adicione um cron\u00f4metro de contagem regressiva responsivo ao seu Google Sites e obtenha confian\u00e7a total. Utilize a demonstra\u00e7\u00e3o pr\u00e1tica da Elfsight para moldar o seu rel\u00f3gio de contagem regressiva personalizado.","og_url":"https:\/\/elfsight.com\/pt\/countdown-timer-widget\/google-sites\/","og_site_name":"Elfsight PT","article_modified_time":"2025-01-30T13:12:05+00:00","twitter_card":"summary_large_image","twitter_misc":{"Tempo estimado de leitura":"4 minutos"},"schema":{"@context":"https:\/\/schema.org","@graph":[{"@type":"WebPage","@id":"https:\/\/elfsight.com\/pt\/countdown-timer-widget\/google-sites\/","url":"https:\/\/elfsight.com\/pt\/countdown-timer-widget\/google-sites\/","name":"Temporizador de contagem regressiva - Adicionar widget de rel\u00f3gio de contagem regressiva ao Google Sites (2025)","isPartOf":{"@id":"https:\/\/elfsight.com\/pt\/#website"},"datePublished":"2024-05-03T06:34:00+00:00","dateModified":"2025-01-30T13:12:05+00:00","description":"Adicione um cron\u00f4metro de contagem regressiva responsivo ao seu Google Sites e obtenha confian\u00e7a total. Utilize a demonstra\u00e7\u00e3o pr\u00e1tica da Elfsight para moldar o seu rel\u00f3gio de contagem regressiva personalizado.","breadcrumb":{"@id":"https:\/\/elfsight.com\/pt\/countdown-timer-widget\/google-sites\/#breadcrumb"},"inLanguage":"pt-PT","potentialAction":[{"@type":"ReadAction","target":["https:\/\/elfsight.com\/pt\/countdown-timer-widget\/google-sites\/"]}]},{"@type":"BreadcrumbList","@id":"https:\/\/elfsight.com\/pt\/countdown-timer-widget\/google-sites\/#breadcrumb","itemListElement":[{"@type":"ListItem","position":1,"name":"Home","item":"https:\/\/elfsight.com\/pt\/"},{"@type":"ListItem","position":2,"name":"Countdown Timer","item":"https:\/\/elfsight.com\/pt\/countdown-timer-widget\/"},{"@type":"ListItem","position":3,"name":"Countdown Timer &#8211; Google Sites"}]},{"@type":"WebSite","@id":"https:\/\/elfsight.com\/pt\/#website","url":"https:\/\/elfsight.com\/pt\/","name":"Elfsight PT","description":"Just another Elfsight Sites site","potentialAction":[{"@type":"SearchAction","target":{"@type":"EntryPoint","urlTemplate":"https:\/\/elfsight.com\/pt\/?s={search_term_string}"},"query-input":{"@type":"PropertyValueSpecification","valueRequired":true,"valueName":"search_term_string"}}],"inLanguage":"pt-PT"}]}},"meta_box":{"industry":"","seo_heading":"","heading":"","description":"","cta_heading":"","cta_description":"","application":"504","h1":"Widget de contagem regressiva do Google Sites","h1_caption":"Inspire entusiasmo de compra em seu site com cron\u00f4metros e contagens e estimule os usu\u00e1rios a comprar de forma mais ativa","application_category":[],"applications_title":"","applications_request_title":"","applications_request_button_text":"","hero_text":"","hero_video":"","hero_video_schema_markup":"","selling_points_title":"","selling_points_caption":"","selling_points":[],"selling_points_cta_text":"","features_title":"","features":"","ed_cta_examples_text":"","ed_cta_examples_hidden":"","ed_cta_demo_text":"","ed_cta_demo_hidden":"","why_caption":"","why_editor_title":"","why_editor_text":"","why_team_title":"","why_team_text":"","why_service_title":"","why_service_text":"","template_catalog_visible":"0","template_catalog_title":"","template_catalog_text":"","template_catalog_categories_visible":"","demo_title":"Crie seu widget de contagem regressiva","demo_caption":"Configure seu cron\u00f4metro de contagem regressiva e adicione-o ao seu site do Google Sites gratuitamente!","default_faq_hidden":"","app_template_category":[],"platform":"112","template_public_id":"","codecanyon_url":"","codecanyon_item_id":"","codecanyon_price":"","pricing_caption":"","pricing_elfsight_apps_hide_column":"","pricing_elfsight_apps_url":"","pricing_codecanyon_price_caption":"","integration_category":[],"integration_request_title":"","integration_request_cta":"","integration_platform":"","integrations":[],"platform_category":[],"video_schema_markup":"","price":"a partir de US$ 0\/m\u00eas","trial":"","benefits":[{"text":"Servi\u00e7o de instala\u00e7\u00e3o gratuito"},{"text":"Atendimento ao cliente eficaz"},{"text":"Garantia de devolu\u00e7\u00e3o do dinheiro em 14 dias"},{"text":"Melhorias gratuitas regulares"}],"button_url":"#demo","button_target_blank":"0","button_nofollow":"0","attributes":[{"name":"Instala\u00e7\u00f5es","content":"100,000 - 500,000","_state":"expanded"},{"name":"Responsivo","content":"Totalmente adapt\u00e1vel","_state":"expanded"},{"name":"Navegadores compat\u00edveis","content":"Firefox, Chrome, Safari, Edge, Opera"}],"tags":[],"tags_disable_links":"0","hide_more_platforms":"","video_object":"","demo_hide_cta":"0","demo_hide_cloud_options":"0","pricing_title":"","pricing":[{"pricing_icon":"platform","pricing_title":"Elfsight Apps","pricing_title_caption":"Software multiplataforma que se adapta a qualquer site","pricing_price":"a partir de US$ 0\/m\u00eas","pricing_price_caption":"comece com plano gratuito","pricing_benefits":[{"text":"N\u00famero ilimitado de dom\u00ednios"},{"text":"Suporte gratuito e pontual"},{"text":"Suporte gratuito e pontual"},{"text":"Oferta especial para v\u00e1rios aplicativos"}],"pricing_button_text":"Adicionar ao site","pricing_button_url":"#demo","_state":"expanded"}],"related_apps_title":"","related_apps_hidden":"1","author":"","image":[],"title":"","job":"","social_networks":[]},"_links":{"self":[{"href":"https:\/\/elfsight.com\/pt\/wp-json\/wp\/v2\/pages\/3853","targetHints":{"allow":["GET"]}}],"collection":[{"href":"https:\/\/elfsight.com\/pt\/wp-json\/wp\/v2\/pages"}],"about":[{"href":"https:\/\/elfsight.com\/pt\/wp-json\/wp\/v2\/types\/page"}],"author":[{"embeddable":true,"href":"https:\/\/elfsight.com\/pt\/wp-json\/wp\/v2\/users\/9"}],"replies":[{"embeddable":true,"href":"https:\/\/elfsight.com\/pt\/wp-json\/wp\/v2\/comments?post=3853"}],"version-history":[{"count":3,"href":"https:\/\/elfsight.com\/pt\/wp-json\/wp\/v2\/pages\/3853\/revisions"}],"predecessor-version":[{"id":13664,"href":"https:\/\/elfsight.com\/pt\/wp-json\/wp\/v2\/pages\/3853\/revisions\/13664"}],"up":[{"embeddable":true,"href":"https:\/\/elfsight.com\/pt\/wp-json\/wp\/v2\/pages\/505"}],"wp:attachment":[{"href":"https:\/\/elfsight.com\/pt\/wp-json\/wp\/v2\/media?parent=3853"}],"curies":[{"name":"wp","href":"https:\/\/api.w.org\/{rel}","templated":true}]}}