{"id":3852,"date":"2022-05-18T13:57:24","date_gmt":"2022-05-18T13:57:24","guid":{"rendered":"https:\/\/elfsight.com\/pt\/?page_id=3852"},"modified":"2025-02-28T10:21:51","modified_gmt":"2025-02-28T10:21:51","slug":"google-sites","status":"publish","type":"page","link":"https:\/\/elfsight.com\/pt\/etsy-reviews-widget\/google-sites\/","title":{"rendered":"Etsy Reviews &#8211; Google Sites"},"content":{"rendered":"\n<div class=\"application-platform-content-item-features application-platform-content-item\" id=\"features\" data-nav-section=\"features\">\n<h2>Abaixo b\u00e1sico recursos de plugin de Resenhas do Etsy:<\/h2>\n<p>\n<ul>\n<li>Mostre testemunhos de visitante de seu perfil em Etsy;<\/li>\n<li>Cinco tipos de filtros;<\/li>\n<li>Bot\u00e3o de CTA para redireccionar visitantes na sua  website;<\/li>\n<li>4 op\u00e7\u00f5es de desenho: Ma\u00e7onaria, Grelha, Lista e Deslizante;<\/li>\n<li>Selec\u00e7\u00e3o do tipo de pagina\u00e7\u00e3o no desenho do Deslizante;<\/li>\n<li>Setas e tipos de navega\u00e7\u00e3o por arrastar no desenho do Slider;<\/li>\n<li>Oportunidade de activar\/desactivar os componentes do cabe\u00e7alho: classifica\u00e7\u00e3o e imagens de revis\u00e3o;<\/li>\n<li>5 elementos interactivos das revis\u00f5es: nome do autor e foto, data, classifica\u00e7\u00e3o por estrelas, texto de recomenda\u00e7\u00e3o e \u00edcone;<\/li>\n<li>Ponha o seu conte\u00fado onde quiser na  p\u00e1gina web;<\/li>\n<li>Desenho personalizado entrega integra\u00e7\u00e3o suave em qualquer conceito do  site web;<\/li>\n<li>Otimizado para dispositivos m\u00f3veis;<\/li>\n<li>27 l\u00ednguas populares suportado;<\/li>\n<li>O t\u00edtulo adapt\u00e1vel do plugin;<\/li>\n<li>As actualiza\u00e7\u00f5es constantes ao vivo para manter a fresco;<\/li>\n<li> Premium apoio em quaisquer perguntas por uma equipa de peritos;<\/li>\n<li>O editor pr\u00e1tico e de f\u00e1cil utiliza\u00e7\u00e3o em linha;<\/li>\n<li>O desenho flex\u00edvel;<\/li>\n<li>Modelos de cores diversos pr\u00e9-fabricados.<\/li>\n<\/ul>\n<\/p> \n \n<p><a href=\"#demo\">Explora todas as op\u00e7\u00f5es de personaliza\u00e7\u00e3o em 100% funcional demonstra\u00e7\u00e3o<\/a><\/p> \n<\/div> \n<div class=\"application-platform-content-item-installation application-platform-content-item\" id=\"installation\" data-nav-section=\"installation\">\n<h2>Como  incorporar a Resenhas do Etsy para minha do s\u00edtio de Google Sites?<\/h2> \n<p>Apenas siga as directrizes abaixo para activar o plugin.<\/p> \n\n<ol>\n<li>Abra o nosso demonstra\u00e7\u00e3o gratuito e come\u00e7ar formar o seu widget constru\u00eddo \u00e0 medida.<\/li> \n <li>Receba a c\u00f3digo \u00fanico aparecendo na caixa em Elfsight Apps.<\/li> \n <li>Come\u00e7a usando o plugin em seu p\u00e1gina de Google Sites.<\/li> \n <li>Feito! A integra\u00e7\u00e3o \u00e9 conclu\u00edda totalmente.<\/li>\n<\/ol> \n<p>No caso de lidar com, sinta-se \u00e0 vontade para contactar o nosso funcion\u00e1rio do suporte. Os nossos especialistas est\u00e3o ansiosas para ajudar-vos com todas as dificuldades que tenham com o plugin.<\/p>\n\n \n<\/div>\n","protected":false},"excerpt":{"rendered":"","protected":false},"author":18,"featured_media":0,"parent":1678,"menu_order":0,"comment_status":"closed","ping_status":"closed","template":"templates\/template-application-platform.php","meta":{"publish_to_discourse":"","publish_post_category":"","wpdc_auto_publish_overridden":"","wpdc_topic_tags":"","wpdc_pin_topic":"","wpdc_pin_until":"","discourse_post_id":"","discourse_permalink":"","wpdc_publishing_response":"","wpdc_publishing_error":"","footnotes":""},"class_list":["post-3852","page","type-page","status-publish","hentry"],"yoast_head":"<!-- This site is optimized with the Yoast SEO plugin v25.3.1 - https:\/\/yoast.com\/wordpress\/plugins\/seo\/ -->\n<title>Avalia\u00e7\u00f5es do Etsy - incorporar plugin de Resenhas do Etsy on site de Google Sites<\/title>\n<meta name=\"description\" content=\"Incrusta a widget de Avalia\u00e7\u00f5es do Etsy auteloso na sua do website de Google Sites. Lan\u00e7a Elfsight demonstra\u00e7\u00e3o intuitivo e cria o teu plugin pr\u00f3prio em poucos cliques.\" \/>\n<meta name=\"robots\" content=\"index, follow, max-snippet:-1, max-image-preview:large, max-video-preview:-1\" \/>\n<link rel=\"canonical\" href=\"https:\/\/elfsight.com\/pt\/etsy-reviews-widget\/google-sites\/\" \/>\n<meta property=\"og:locale\" content=\"pt_PT\" \/>\n<meta property=\"og:type\" content=\"article\" \/>\n<meta property=\"og:title\" content=\"Avalia\u00e7\u00f5es do Etsy - incorporar plugin de Resenhas do Etsy on site de Google Sites\" \/>\n<meta property=\"og:description\" content=\"Incrusta a widget de Avalia\u00e7\u00f5es do Etsy auteloso na sua do website de Google Sites. Lan\u00e7a Elfsight demonstra\u00e7\u00e3o intuitivo e cria o teu plugin pr\u00f3prio em poucos cliques.\" \/>\n<meta property=\"og:url\" content=\"https:\/\/elfsight.com\/pt\/etsy-reviews-widget\/google-sites\/\" \/>\n<meta property=\"og:site_name\" content=\"Elfsight PT\" \/>\n<meta property=\"article:modified_time\" content=\"2025-02-28T10:21:51+00:00\" \/>\n<meta name=\"twitter:card\" content=\"summary_large_image\" \/>\n<meta name=\"twitter:label1\" content=\"Tempo estimado de leitura\" \/>\n\t<meta name=\"twitter:data1\" content=\"2 minutos\" \/>\n<!-- \/ Yoast SEO plugin. -->","yoast_head_json":{"title":"Avalia\u00e7\u00f5es do Etsy - incorporar plugin de Resenhas do Etsy on site de Google Sites","description":"Incrusta a widget de Avalia\u00e7\u00f5es do Etsy auteloso na sua do website de Google Sites. Lan\u00e7a Elfsight demonstra\u00e7\u00e3o intuitivo e cria o teu plugin pr\u00f3prio em poucos cliques.","robots":{"index":"index","follow":"follow","max-snippet":"max-snippet:-1","max-image-preview":"max-image-preview:large","max-video-preview":"max-video-preview:-1"},"canonical":"https:\/\/elfsight.com\/pt\/etsy-reviews-widget\/google-sites\/","og_locale":"pt_PT","og_type":"article","og_title":"Avalia\u00e7\u00f5es do Etsy - incorporar plugin de Resenhas do Etsy on site de Google Sites","og_description":"Incrusta a widget de Avalia\u00e7\u00f5es do Etsy auteloso na sua do website de Google Sites. Lan\u00e7a Elfsight demonstra\u00e7\u00e3o intuitivo e cria o teu plugin pr\u00f3prio em poucos cliques.","og_url":"https:\/\/elfsight.com\/pt\/etsy-reviews-widget\/google-sites\/","og_site_name":"Elfsight PT","article_modified_time":"2025-02-28T10:21:51+00:00","twitter_card":"summary_large_image","twitter_misc":{"Tempo estimado de leitura":"2 minutos"},"schema":{"@context":"https:\/\/schema.org","@graph":[{"@type":"WebPage","@id":"https:\/\/elfsight.com\/pt\/etsy-reviews-widget\/google-sites\/","url":"https:\/\/elfsight.com\/pt\/etsy-reviews-widget\/google-sites\/","name":"Avalia\u00e7\u00f5es do Etsy - incorporar plugin de Resenhas do Etsy on site de Google Sites","isPartOf":{"@id":"https:\/\/elfsight.com\/pt\/#website"},"datePublished":"2022-05-18T13:57:24+00:00","dateModified":"2025-02-28T10:21:51+00:00","description":"Incrusta a widget de Avalia\u00e7\u00f5es do Etsy auteloso na sua do website de Google Sites. Lan\u00e7a Elfsight demonstra\u00e7\u00e3o intuitivo e cria o teu plugin pr\u00f3prio em poucos cliques.","breadcrumb":{"@id":"https:\/\/elfsight.com\/pt\/etsy-reviews-widget\/google-sites\/#breadcrumb"},"inLanguage":"pt-PT","potentialAction":[{"@type":"ReadAction","target":["https:\/\/elfsight.com\/pt\/etsy-reviews-widget\/google-sites\/"]}]},{"@type":"BreadcrumbList","@id":"https:\/\/elfsight.com\/pt\/etsy-reviews-widget\/google-sites\/#breadcrumb","itemListElement":[{"@type":"ListItem","position":1,"name":"Home","item":"https:\/\/elfsight.com\/pt\/"},{"@type":"ListItem","position":2,"name":"Etsy Reviews","item":"https:\/\/elfsight.com\/pt\/etsy-reviews-widget\/"},{"@type":"ListItem","position":3,"name":"Etsy Reviews &#8211; Google Sites"}]},{"@type":"WebSite","@id":"https:\/\/elfsight.com\/pt\/#website","url":"https:\/\/elfsight.com\/pt\/","name":"Elfsight PT","description":"Just another Elfsight Sites site","potentialAction":[{"@type":"SearchAction","target":{"@type":"EntryPoint","urlTemplate":"https:\/\/elfsight.com\/pt\/?s={search_term_string}"},"query-input":{"@type":"PropertyValueSpecification","valueRequired":true,"valueName":"search_term_string"}}],"inLanguage":"pt-PT"}]}},"meta_box":{"industry":"","seo_heading":"","heading":"","description":"","cta_heading":"","cta_description":"","application":"1677","h1":"Plugin de Avalia\u00e7\u00f5es do Etsy para Google Sites","h1_caption":"Aumente a confian\u00e7a dos clientes adicionando plugin ao seu loja online, que exibir\u00e1 resenhas sobre os seus artigos e mercadorias de Etsy","application_category":[],"applications_title":"","applications_request_title":"","applications_request_button_text":"","hero_text":"","hero_video":"","hero_video_schema_markup":"","selling_points_title":"","selling_points_caption":"","selling_points":[],"selling_points_cta_text":"","features_title":"","features":"","ed_cta_examples_text":"","ed_cta_examples_hidden":"","ed_cta_demo_text":"","ed_cta_demo_hidden":"","why_caption":"","why_editor_title":"","why_editor_text":"","why_team_title":"","why_team_text":"","why_service_title":"","why_service_text":"","template_catalog_visible":"0","template_catalog_title":"","template_catalog_text":"","template_catalog_categories_visible":"","demo_title":"Sinta-se livre para compor pr\u00f3pria Google Sites Resenhas do Etsy","demo_caption":"Personaliza isto e insere o widget no o seu s\u00edtio Web atrav\u00e9s de demonstra\u00e7\u00e3o activa.","default_faq_hidden":"","app_template_category":[],"platform":"112","template_public_id":"","codecanyon_url":"","codecanyon_item_id":"","codecanyon_price":"","pricing_caption":"","pricing_elfsight_apps_hide_column":"","pricing_elfsight_apps_url":"","pricing_codecanyon_price_caption":"","integration_category":[],"integration_request_title":"","integration_request_cta":"","integration_platform":"","integrations":[],"platform_category":[],"video_schema_markup":"","price":"a partir de US$ 0\/m\u00eas","trial":"","benefits":[{"text":"Servi\u00e7os de instala\u00e7\u00e3o livre"},{"text":"Suporte premium"},{"text":"14 dias dinheiro de volta garantia"},{"text":"Atualiza\u00e7\u00f5es vital\u00edcias"}],"button_url":"#demo","button_target_blank":"0","button_nofollow":"0","attributes":[{"name":"Responsivo","content":"Sim","_state":"expanded"},{"name":"Navegadores compat\u00edveis","content":"IE11, Firefox, Safari, Opera, Chrome, Edge","_state":"expanded"}],"tags":[],"tags_disable_links":"0","hide_more_platforms":"0","video_object":"","demo_hide_cta":"0","demo_hide_cloud_options":"0","pricing_title":"","pricing":[{"pricing_icon":"platform","pricing_title":"Elfsight Apps","pricing_title_caption":"Software independente de plataforma","pricing_price":"de US$ 0 por m\u00eas","pricing_price_caption":"come\u00e7ar com um plano gr\u00e1tis","pricing_benefits":[{"text":"Sites ilimitados"},{"text":"Suporte r\u00e1pido"},{"text":"Ajuda para instala\u00e7\u00e3o gratuita"},{"text":"Design flex\u00edvel"}],"pricing_button_text":"Adicionar ao site","pricing_button_url":"#demo","_state":"expanded"}],"related_apps_title":"","related_apps_hidden":"1","author":"","image":[],"title":"","job":"","social_networks":[]},"_links":{"self":[{"href":"https:\/\/elfsight.com\/pt\/wp-json\/wp\/v2\/pages\/3852","targetHints":{"allow":["GET"]}}],"collection":[{"href":"https:\/\/elfsight.com\/pt\/wp-json\/wp\/v2\/pages"}],"about":[{"href":"https:\/\/elfsight.com\/pt\/wp-json\/wp\/v2\/types\/page"}],"author":[{"embeddable":true,"href":"https:\/\/elfsight.com\/pt\/wp-json\/wp\/v2\/users\/18"}],"replies":[{"embeddable":true,"href":"https:\/\/elfsight.com\/pt\/wp-json\/wp\/v2\/comments?post=3852"}],"version-history":[{"count":2,"href":"https:\/\/elfsight.com\/pt\/wp-json\/wp\/v2\/pages\/3852\/revisions"}],"predecessor-version":[{"id":14104,"href":"https:\/\/elfsight.com\/pt\/wp-json\/wp\/v2\/pages\/3852\/revisions\/14104"}],"up":[{"embeddable":true,"href":"https:\/\/elfsight.com\/pt\/wp-json\/wp\/v2\/pages\/1678"}],"wp:attachment":[{"href":"https:\/\/elfsight.com\/pt\/wp-json\/wp\/v2\/media?parent=3852"}],"curies":[{"name":"wp","href":"https:\/\/api.w.org\/{rel}","templated":true}]}}