{"id":3849,"date":"2024-05-03T06:34:53","date_gmt":"2024-05-03T06:34:53","guid":{"rendered":"https:\/\/elfsight.com\/pt\/?page_id=3849"},"modified":"2025-01-31T07:52:00","modified_gmt":"2025-01-31T07:52:00","slug":"google-sites","status":"publish","type":"page","link":"https:\/\/elfsight.com\/pt\/event-calendar-widget\/google-sites\/","title":{"rendered":"Event Calendar &#8211; Google Sites"},"content":{"rendered":"\n<div class=\"application-platform-content-item-description application-platform-content-item\" id=\"description\" data-nav-section=\"description\"> <h2>Incorporar calend\u00e1rio de eventos com widget Elfsight<\/h2> <p>O widget Calend\u00e1rio Elfsight \u00e9 uma ferramenta poderosa para o Google Sites, permitindo que voc\u00ea compartilhe facilmente seus eventos com o resto do mundo. Possui muitas op\u00e7\u00f5es para demonstrar os pr\u00f3ximos eventos da forma mais representativa. Personalize-o para combinar o design com a est\u00e9tica da sua p\u00e1gina. Forme v\u00e1rios eventos, adicione tags diferentes, fa\u00e7a upload de fotos e v\u00eddeos personalizados e mantenha os usu\u00e1rios atualizados sobre sua agenda com a agenda no site do Google Sites.<\/p> <p><b>O calend\u00e1rio de eventos pode ajud\u00e1-lo a exibir facilmente suas atividades futuras e aumente a taxa de engajamento em seu site.<\/b><\/p> <\/div> <div class=\"application-platform-content-item-features application-platform-content-item\" id=\"features\" data-nav-section=\"features\"> <h2>Principais recursos do widget de calend\u00e1rio de eventos<\/h2> <p>Aqui voc\u00ea pode ver todas as caracter\u00edsticas funcionais do Calend\u00e1rio de Eventos. Eles est\u00e3o dispon\u00edveis diretamente no editor e ajudar\u00e3o voc\u00ea a configurar o widget de acordo com suas necessidades.<\/p> <ul> <li>Use oportunidades de conte\u00fado adapt\u00e1veis \u200b\u200bpara acomodar o calend\u00e1rio ao seu tipo de evento.<\/li> <li>Ajude os usu\u00e1rios a adicionar seus eventos aos calend\u00e1rios comumente usados.<\/li> <li>Gere v\u00e1rios tipos de eventos, especifique locais e adicione organizadores. <\/li> <li>Classifique todas as suas atividades e atribua tags a elas.<\/li> <li>Discrimine entre quatro op\u00e7\u00f5es de layout.<\/li> <\/ul> <p><a href=\"#demo\">Verifique como todos os recursos funcionam, em nossa demonstra\u00e7\u00e3o<\/a><\/p> <\/div> <div class=\"application-platform-content-item-installation application-platform-content-item\" id=\"installation\" data-nav-section=\"installation\"> <h2>Como adicionar o calend\u00e1rio de eventos ao Google Sites?<\/h2> <p>Para incorporar plugin, basta seguir algumas etapas r\u00e1pidas.<\/p> <ul> <li><b>Crie seu widget de calend\u00e1rio personalizado<\/b><br> Usando nosso editor gratuito, crie um plugin com layout e funcionalidade selecionados.<\/li> <li><b>Copie o c\u00f3digo pessoal para integrar o widget<\/b><br> Depois de configurar o seu plugin, voc\u00ea receber\u00e1 o c\u00f3digo individual da notifica\u00e7\u00e3o exibida nos aplicativos Elfsight. Copie o c\u00f3digo.<\/li> <li><b>Integre o widget ao seu site<\/b><br> V\u00e1 para a \u00e1rea onde voc\u00ea precisa incorporar o plugin e insira o c\u00f3digo copiado l\u00e1. Salve os resultados.<\/li> <li><b>A integra\u00e7\u00e3o foi bem-sucedida!<\/b><br> Visite a loja para visualizar seu plugin.<\/li> <\/ul> <div class=\"tip-yellow tip\"><b>Devido \u00e0s peculiaridades do funcionamento do Google Sites, o widget pode ter uma apar\u00eancia diferente da demonstra\u00e7\u00e3o online. Pedimos desculpas por qualquer inconveniente causado.<\/b><\/div><p>Sinta-se \u00e0 vontade para entrar em contato com nosso suporte ao cliente se precisar de ajuda ou tiver problemas. Teremos todo o prazer em ajudar com cada pedido.<\/p><\/div>\n","protected":false},"excerpt":{"rendered":"","protected":false},"author":9,"featured_media":0,"parent":771,"menu_order":0,"comment_status":"closed","ping_status":"closed","template":"templates\/template-application-platform.php","meta":{"publish_to_discourse":"","publish_post_category":"","wpdc_auto_publish_overridden":"","wpdc_topic_tags":"","wpdc_pin_topic":"","wpdc_pin_until":"","discourse_post_id":"","discourse_permalink":"","wpdc_publishing_response":"","wpdc_publishing_error":"","footnotes":""},"class_list":["post-3849","page","type-page","status-publish","hentry"],"yoast_head":"<!-- This site is optimized with the Yoast SEO plugin v25.3.1 - https:\/\/yoast.com\/wordpress\/plugins\/seo\/ -->\n<title>Calend\u00e1rio de eventos \u2013 Adicionar widget de calend\u00e1rio ao site do Google Sites [2025]<\/title>\n<meta name=\"description\" content=\"Incorpore um plug-in de calend\u00e1rio de eventos responsivo em seus Google Sites e obtenha confian\u00e7a total. Utilize a demonstra\u00e7\u00e3o \u00fatil da Elfsight para criar a sua ferramenta de calend\u00e1rio exclusiva.\" \/>\n<meta name=\"robots\" content=\"index, follow, max-snippet:-1, max-image-preview:large, max-video-preview:-1\" \/>\n<link rel=\"canonical\" href=\"https:\/\/elfsight.com\/pt\/event-calendar-widget\/google-sites\/\" \/>\n<meta property=\"og:locale\" content=\"pt_PT\" \/>\n<meta property=\"og:type\" content=\"article\" \/>\n<meta property=\"og:title\" content=\"Calend\u00e1rio de eventos \u2013 Adicionar widget de calend\u00e1rio ao site do Google Sites [2025]\" \/>\n<meta property=\"og:description\" content=\"Incorpore um plug-in de calend\u00e1rio de eventos responsivo em seus Google Sites e obtenha confian\u00e7a total. Utilize a demonstra\u00e7\u00e3o \u00fatil da Elfsight para criar a sua ferramenta de calend\u00e1rio exclusiva.\" \/>\n<meta property=\"og:url\" content=\"https:\/\/elfsight.com\/pt\/event-calendar-widget\/google-sites\/\" \/>\n<meta property=\"og:site_name\" content=\"Elfsight PT\" \/>\n<meta property=\"article:modified_time\" content=\"2025-01-31T07:52:00+00:00\" \/>\n<meta name=\"twitter:card\" content=\"summary_large_image\" \/>\n<meta name=\"twitter:label1\" content=\"Tempo estimado de leitura\" \/>\n\t<meta name=\"twitter:data1\" content=\"3 minutos\" \/>\n<!-- \/ Yoast SEO plugin. -->","yoast_head_json":{"title":"Calend\u00e1rio de eventos \u2013 Adicionar widget de calend\u00e1rio ao site do Google Sites [2025]","description":"Incorpore um plug-in de calend\u00e1rio de eventos responsivo em seus Google Sites e obtenha confian\u00e7a total. Utilize a demonstra\u00e7\u00e3o \u00fatil da Elfsight para criar a sua ferramenta de calend\u00e1rio exclusiva.","robots":{"index":"index","follow":"follow","max-snippet":"max-snippet:-1","max-image-preview":"max-image-preview:large","max-video-preview":"max-video-preview:-1"},"canonical":"https:\/\/elfsight.com\/pt\/event-calendar-widget\/google-sites\/","og_locale":"pt_PT","og_type":"article","og_title":"Calend\u00e1rio de eventos \u2013 Adicionar widget de calend\u00e1rio ao site do Google Sites [2025]","og_description":"Incorpore um plug-in de calend\u00e1rio de eventos responsivo em seus Google Sites e obtenha confian\u00e7a total. Utilize a demonstra\u00e7\u00e3o \u00fatil da Elfsight para criar a sua ferramenta de calend\u00e1rio exclusiva.","og_url":"https:\/\/elfsight.com\/pt\/event-calendar-widget\/google-sites\/","og_site_name":"Elfsight PT","article_modified_time":"2025-01-31T07:52:00+00:00","twitter_card":"summary_large_image","twitter_misc":{"Tempo estimado de leitura":"3 minutos"},"schema":{"@context":"https:\/\/schema.org","@graph":[{"@type":"WebPage","@id":"https:\/\/elfsight.com\/pt\/event-calendar-widget\/google-sites\/","url":"https:\/\/elfsight.com\/pt\/event-calendar-widget\/google-sites\/","name":"Calend\u00e1rio de eventos \u2013 Adicionar widget de calend\u00e1rio ao site do Google Sites [2025]","isPartOf":{"@id":"https:\/\/elfsight.com\/pt\/#website"},"datePublished":"2024-05-03T06:34:53+00:00","dateModified":"2025-01-31T07:52:00+00:00","description":"Incorpore um plug-in de calend\u00e1rio de eventos responsivo em seus Google Sites e obtenha confian\u00e7a total. Utilize a demonstra\u00e7\u00e3o \u00fatil da Elfsight para criar a sua ferramenta de calend\u00e1rio exclusiva.","breadcrumb":{"@id":"https:\/\/elfsight.com\/pt\/event-calendar-widget\/google-sites\/#breadcrumb"},"inLanguage":"pt-PT","potentialAction":[{"@type":"ReadAction","target":["https:\/\/elfsight.com\/pt\/event-calendar-widget\/google-sites\/"]}]},{"@type":"BreadcrumbList","@id":"https:\/\/elfsight.com\/pt\/event-calendar-widget\/google-sites\/#breadcrumb","itemListElement":[{"@type":"ListItem","position":1,"name":"Home","item":"https:\/\/elfsight.com\/pt\/"},{"@type":"ListItem","position":2,"name":"Event Calendar","item":"https:\/\/elfsight.com\/pt\/event-calendar-widget\/"},{"@type":"ListItem","position":3,"name":"Event Calendar &#8211; Google Sites"}]},{"@type":"WebSite","@id":"https:\/\/elfsight.com\/pt\/#website","url":"https:\/\/elfsight.com\/pt\/","name":"Elfsight PT","description":"Just another Elfsight Sites site","potentialAction":[{"@type":"SearchAction","target":{"@type":"EntryPoint","urlTemplate":"https:\/\/elfsight.com\/pt\/?s={search_term_string}"},"query-input":{"@type":"PropertyValueSpecification","valueRequired":true,"valueName":"search_term_string"}}],"inLanguage":"pt-PT"}]}},"meta_box":{"industry":"","seo_heading":"","heading":"","description":"","cta_heading":"","cta_description":"","application":"770","h1":"Widget do calend\u00e1rio de eventos do Google Sites","h1_caption":"Torne os seus eventos f\u00e1ceis de encontrar com a ajuda do Calend\u00e1rio de Eventos da Elfsight","application_category":[],"applications_title":"","applications_request_title":"","applications_request_button_text":"","hero_text":"","hero_video":"","hero_video_schema_markup":"","selling_points_title":"","selling_points_caption":"","selling_points":[],"selling_points_cta_text":"","features_title":"","features":"","ed_cta_examples_text":"","ed_cta_examples_hidden":"","ed_cta_demo_text":"","ed_cta_demo_hidden":"","why_caption":"","why_editor_title":"","why_editor_text":"","why_team_title":"","why_team_text":"","why_service_title":"","why_service_text":"","template_catalog_visible":"0","template_catalog_title":"","template_catalog_text":"","template_catalog_categories_visible":"","demo_title":"Crie seu widget de calend\u00e1rio de eventos","demo_caption":"Configure seu calend\u00e1rio de eventos e adicione-o gratuitamente ao seu site do Google Sites!","default_faq_hidden":"","app_template_category":[],"platform":"112","template_public_id":"","codecanyon_url":"","codecanyon_item_id":"","codecanyon_price":"","pricing_caption":"","pricing_elfsight_apps_hide_column":"","pricing_elfsight_apps_url":"","pricing_codecanyon_price_caption":"","integration_category":[],"integration_request_title":"","integration_request_cta":"","integration_platform":"","integrations":[],"platform_category":[],"video_schema_markup":"","price":"a partir de US$ 0\/m\u00eas","trial":"","benefits":[{"text":"Ajuda de instala\u00e7\u00e3o gratuita"},{"text":"Suporte ao cliente experiente"},{"text":"Garantia de devolu\u00e7\u00e3o do dinheiro em 14 dias"},{"text":"Atualiza\u00e7\u00f5es gratuitas regulares"}],"button_url":"#demo","button_target_blank":"0","button_nofollow":"0","attributes":[{"name":"Instala\u00e7\u00f5es","content":"100,000 - 500,000","_state":"expanded"},{"name":"Responsivo","content":"Design adaptativo","_state":"expanded"},{"name":"Navegadores compat\u00edveis","content":"Safari, Firefox, Chrome, Edge, Opera"}],"tags":[],"tags_disable_links":"0","hide_more_platforms":"","video_object":"","demo_hide_cta":"0","demo_hide_cloud_options":"0","pricing_title":"","pricing":[{"pricing_icon":"platform","pricing_title":"Elfsight Apps","pricing_title_caption":"Software independente de plataforma que se adapta a qualquer site","pricing_price":"a partir de US$ 0\/m\u00eas","pricing_price_caption":"comece com plano gratuito","pricing_benefits":[{"text":"Dom\u00ednios ilimitados"},{"text":"Suporte premium"},{"text":"Suporte premium"},{"text":"Oferta especial para v\u00e1rios aplicativos"}],"pricing_button_text":"Adicionar ao site","pricing_button_url":"#demo","_state":"expanded"}],"related_apps_title":"","related_apps_hidden":"1","author":"","image":[],"title":"","job":"","social_networks":[]},"_links":{"self":[{"href":"https:\/\/elfsight.com\/pt\/wp-json\/wp\/v2\/pages\/3849","targetHints":{"allow":["GET"]}}],"collection":[{"href":"https:\/\/elfsight.com\/pt\/wp-json\/wp\/v2\/pages"}],"about":[{"href":"https:\/\/elfsight.com\/pt\/wp-json\/wp\/v2\/types\/page"}],"author":[{"embeddable":true,"href":"https:\/\/elfsight.com\/pt\/wp-json\/wp\/v2\/users\/9"}],"replies":[{"embeddable":true,"href":"https:\/\/elfsight.com\/pt\/wp-json\/wp\/v2\/comments?post=3849"}],"version-history":[{"count":4,"href":"https:\/\/elfsight.com\/pt\/wp-json\/wp\/v2\/pages\/3849\/revisions"}],"predecessor-version":[{"id":13689,"href":"https:\/\/elfsight.com\/pt\/wp-json\/wp\/v2\/pages\/3849\/revisions\/13689"}],"up":[{"embeddable":true,"href":"https:\/\/elfsight.com\/pt\/wp-json\/wp\/v2\/pages\/771"}],"wp:attachment":[{"href":"https:\/\/elfsight.com\/pt\/wp-json\/wp\/v2\/media?parent=3849"}],"curies":[{"name":"wp","href":"https:\/\/api.w.org\/{rel}","templated":true}]}}