{"id":3848,"date":"2024-05-03T06:35:45","date_gmt":"2024-05-03T06:35:45","guid":{"rendered":"https:\/\/elfsight.com\/pt\/?page_id=3848"},"modified":"2025-02-11T07:59:01","modified_gmt":"2025-02-11T07:59:01","slug":"google-sites","status":"publish","type":"page","link":"https:\/\/elfsight.com\/pt\/facebook-feed-widget\/google-sites\/","title":{"rendered":"Facebook Feed &#8211; Google Sites"},"content":{"rendered":"\n<div class=\"application-platform-content-item-description application-platform-content-item\" id=\"description\" data-nav-section=\"description\"> <h2>Incorpore o feed do Facebook no Google Sites com o widget Elfsight<\/h2> <p>Mostre o seu conte\u00fado do Facebook na nossa ferramenta multifuncional \u2013 Facebook Feed. Postagens, v\u00eddeos, fotos \u2013 certifique-se de que seus visitantes nunca perder\u00e3o uma \u00fanica mensagem. O design atraente com detalhes reais do Facebook n\u00e3o permanecer\u00e1 desconhecido e contribuir\u00e1 n\u00e3o apenas para manter o comprador atual no site, mas tamb\u00e9m para convidar novos assinantes do Facebook. Eleve o trabalho do seu cliente a um n\u00edvel totalmente novo usando o plug-in do Facebook.<\/p> <p><b>Com o gadget do Facebook, inicie o desenvolvimento sustent\u00e1vel de neg\u00f3cios e mais vendas.<\/b><\/p> <\/div> <div class=\"application-platform-content-item-recursos application-platform-content-item\" id=\"recursos\" data-nav-section=\"recursos\"> <h2>Os recursos de widget mais necess\u00e1rios incluem<\/h2> <ul><li>Uma cole\u00e7\u00e3o de \u00edcones de bolha para escolher;<\/li><li>Op\u00e7\u00e3o para editar o texto do bal\u00e3o;<\/li><li>Cabe\u00e7alho de bate-papo flex\u00edvel com logotipo, nome e legenda da p\u00e1gina;<\/li><li>Escolher a imagem da p\u00e1gina por padr\u00e3o, na biblioteca ou fazer upload de uma imagem personalizada.<\/li><\/ul><p><a href=\"#demo\">Experimente esta demonstra\u00e7\u00e3o para ver como funciona<\/a><\/p> <\/div> <div class=\"application-platform-content-item-installation application-platform-content-item\" id=\"installation\" data-nav-section=\"installation\"><h2>Como posso adicionar o feed do Facebook ao meu Google Sites?<\/h2><div class=\"video-container\"><iframe width=\"720\" height=\"405\" src=\"https:\/\/www.youtube.com\/embed\/R52GHZgurkE\" frameborder=\"0\" allowfullscreen=\"\"><\/iframe><\/div><p>Basta seguir as diretrizes abaixo para incorporar o widget.<\/p> <ol><li><b>Utilize nosso configurador gratuito e comece a construir seu instrumento personalizado.<\/b><br> Encontre a interface e as op\u00e7\u00f5es preferidas do widget e aplique as corre\u00e7\u00f5es.<\/li> <li><b>Copie o c\u00f3digo individual que \u00e9 mostrado na janela dos aplicativos Elfsight.<\/b> <br> Logo ap\u00f3s a conclus\u00e3o do estabelecimento do seu plugin, copie o c\u00f3digo exclusivo no pop-up exibido e salve-o para ocasi\u00f5es futuras.<\/li> <li><b>Inicie a aplica\u00e7\u00e3o do gadget do Facebook em seu Google Sites.<\/b><br>Incorpore o c\u00f3digo copiado recentemente em sua p\u00e1gina inicial e salve as edi\u00e7\u00f5es.<\/li> <li><b>A instala\u00e7\u00e3o foi realizada com sucesso.<\/b><br> Acesse seu site para ver como est\u00e1 o plugin funcionando.<\/li><\/ol> <div class=\"tip-yellow tip\"><b>Devido \u00e0s peculiaridades do funcionamento do Google Sites, o widget pode ter uma apar\u00eancia diferente da demonstra\u00e7\u00e3o on-line. Pedimos desculpas por qualquer inconveniente causado.<\/b><\/div><p>Na condi\u00e7\u00e3o de enfrentar d\u00favidas ou enfrentar algumas dificuldades, n\u00e3o tenha medo de escrever para nossa equipe de suporte. Nosso pessoal ficar\u00e1 feliz em ajud\u00e1-lo com todas as dificuldades que voc\u00ea possa ter com o widget.<\/p> <div class=\"faq\" data-component=\"FAQ\"><div class=\"faq-item\">\r\n\t\t\t\t\t<div class=\"faq-item-question\">\r\n\t\t\t\t\t\t<h3 class=\"faq-item-question-text\">Como posso incorporar uma galeria de v\u00eddeos do YouTube em meu site Squarespace sem habilidades de codifica\u00e7\u00e3o?<\/h3>\r\n\r\n\t\t\t\t\t\t<div class=\"faq-item-question-icon\"><\/div>\r\n\t\t\t\t\t<\/div>\r\n\r\n\t\t\t\t\t<div class=\"faq-item-answer\">\r\n\t\t\t\t\t\t<div class=\"faq-item-answer-text\">A Elfsight fornece uma solu\u00e7\u00e3o baseada em nuvem que permite aos usu\u00e1rios gerar uma galeria de v\u00eddeos do YouTube de forma independente. Explore como o procedimento \u00e9 descomplicado:<\/p><ul><li>Entre no Editor on-line para construir uma se\u00e7\u00e3o para sua Galeria de v\u00eddeos do YouTube que voc\u00ea deseja integrar ao seu site Squarespace.<\/li><li>Selecione um dos seguintes: nossos modelos predefinidos e ajuste as configura\u00e7\u00f5es da Galeria de v\u00eddeos do YouTube, altere o layout e o esquema de cores, incorpore seu conte\u00fado sem a necessidade de codifica\u00e7\u00e3o.<\/li><li>Preservar as prefer\u00eancias que voc\u00ea configurou para sua Galeria de v\u00eddeos do YouTube e obtenha o c\u00f3digo do widget para incorpora\u00e7\u00e3o, que pode ser facilmente inserido em seu site Squarespace sem nenhum custo.<\/li><\/ul><p>Ao operar no editor f\u00e1cil de usar, qualquer usu\u00e1rio on-line pode estabelecer uma galeria de v\u00eddeos do YouTube se\u00e7\u00e3o e insira-o em seu site Squarespace. N\u00e3o h\u00e1 necessidade de pagamento ou revela\u00e7\u00e3o dos dados do seu cart\u00e3o para aceder ao Editor Elfsight. Se voc\u00ea encontrar algum desafio em qualquer est\u00e1gio, n\u00e3o hesite em entrar em contato com nosso suporte ao cliente.<\/p><\/div>\r\n\t\t\t\t\t<\/div>\r\n\t\t\t\t<\/div><\/div><\/div>\n","protected":false},"excerpt":{"rendered":"","protected":false},"author":9,"featured_media":0,"parent":386,"menu_order":0,"comment_status":"closed","ping_status":"closed","template":"templates\/template-application-platform.php","meta":{"publish_to_discourse":"","publish_post_category":"","wpdc_auto_publish_overridden":"","wpdc_topic_tags":"","wpdc_pin_topic":"","wpdc_pin_until":"","discourse_post_id":"","discourse_permalink":"","wpdc_publishing_response":"","wpdc_publishing_error":"","footnotes":""},"class_list":["post-3848","page","type-page","status-publish","hentry"],"yoast_head":"<!-- This site is optimized with the Yoast SEO plugin v25.3.1 - https:\/\/yoast.com\/wordpress\/plugins\/seo\/ -->\n<title>Feed do Facebook - Adicionar widget do Facebook ao Google Sites (2026)<\/title>\n<meta name=\"description\" content=\"Adicione um widget responsivo de feed do Facebook ao seu Google Sites gratuitamente. Use o melhor widget do Facebook da Elfsight para criar seu feed exclusivo.\" \/>\n<meta name=\"robots\" content=\"index, follow, max-snippet:-1, max-image-preview:large, max-video-preview:-1\" \/>\n<link rel=\"canonical\" href=\"https:\/\/elfsight.com\/pt\/facebook-feed-widget\/google-sites\/\" \/>\n<meta property=\"og:locale\" content=\"pt_PT\" \/>\n<meta property=\"og:type\" content=\"article\" \/>\n<meta property=\"og:title\" content=\"Feed do Facebook - Adicionar widget do Facebook ao Google Sites (2026)\" \/>\n<meta property=\"og:description\" content=\"Adicione um widget responsivo de feed do Facebook ao seu Google Sites gratuitamente. Use o melhor widget do Facebook da Elfsight para criar seu feed exclusivo.\" \/>\n<meta property=\"og:url\" content=\"https:\/\/elfsight.com\/pt\/facebook-feed-widget\/google-sites\/\" \/>\n<meta property=\"og:site_name\" content=\"Elfsight PT\" \/>\n<meta property=\"article:modified_time\" content=\"2025-02-11T07:59:01+00:00\" \/>\n<meta name=\"twitter:card\" content=\"summary_large_image\" \/>\n<meta name=\"twitter:label1\" content=\"Tempo estimado de leitura\" \/>\n\t<meta name=\"twitter:data1\" content=\"3 minutos\" \/>\n<!-- \/ Yoast SEO plugin. -->","yoast_head_json":{"title":"Feed do Facebook - Adicionar widget do Facebook ao Google Sites (2026)","description":"Adicione um widget responsivo de feed do Facebook ao seu Google Sites gratuitamente. Use o melhor widget do Facebook da Elfsight para criar seu feed exclusivo.","robots":{"index":"index","follow":"follow","max-snippet":"max-snippet:-1","max-image-preview":"max-image-preview:large","max-video-preview":"max-video-preview:-1"},"canonical":"https:\/\/elfsight.com\/pt\/facebook-feed-widget\/google-sites\/","og_locale":"pt_PT","og_type":"article","og_title":"Feed do Facebook - Adicionar widget do Facebook ao Google Sites (2026)","og_description":"Adicione um widget responsivo de feed do Facebook ao seu Google Sites gratuitamente. Use o melhor widget do Facebook da Elfsight para criar seu feed exclusivo.","og_url":"https:\/\/elfsight.com\/pt\/facebook-feed-widget\/google-sites\/","og_site_name":"Elfsight PT","article_modified_time":"2025-02-11T07:59:01+00:00","twitter_card":"summary_large_image","twitter_misc":{"Tempo estimado de leitura":"3 minutos"},"schema":{"@context":"https:\/\/schema.org","@graph":[{"@type":"WebPage","@id":"https:\/\/elfsight.com\/pt\/facebook-feed-widget\/google-sites\/","url":"https:\/\/elfsight.com\/pt\/facebook-feed-widget\/google-sites\/","name":"Feed do Facebook - Adicionar widget do Facebook ao Google Sites (2026)","isPartOf":{"@id":"https:\/\/elfsight.com\/pt\/#website"},"datePublished":"2024-05-03T06:35:45+00:00","dateModified":"2025-02-11T07:59:01+00:00","description":"Adicione um widget responsivo de feed do Facebook ao seu Google Sites gratuitamente. Use o melhor widget do Facebook da Elfsight para criar seu feed exclusivo.","breadcrumb":{"@id":"https:\/\/elfsight.com\/pt\/facebook-feed-widget\/google-sites\/#breadcrumb"},"inLanguage":"pt-PT","potentialAction":[{"@type":"ReadAction","target":["https:\/\/elfsight.com\/pt\/facebook-feed-widget\/google-sites\/"]}]},{"@type":"BreadcrumbList","@id":"https:\/\/elfsight.com\/pt\/facebook-feed-widget\/google-sites\/#breadcrumb","itemListElement":[{"@type":"ListItem","position":1,"name":"Home","item":"https:\/\/elfsight.com\/pt\/"},{"@type":"ListItem","position":2,"name":"Facebook Feed","item":"https:\/\/elfsight.com\/pt\/facebook-feed-widget\/"},{"@type":"ListItem","position":3,"name":"Facebook Feed &#8211; Google Sites"}]},{"@type":"WebSite","@id":"https:\/\/elfsight.com\/pt\/#website","url":"https:\/\/elfsight.com\/pt\/","name":"Elfsight PT","description":"Just another Elfsight Sites site","potentialAction":[{"@type":"SearchAction","target":{"@type":"EntryPoint","urlTemplate":"https:\/\/elfsight.com\/pt\/?s={search_term_string}"},"query-input":{"@type":"PropertyValueSpecification","valueRequired":true,"valueName":"search_term_string"}}],"inLanguage":"pt-PT"}]}},"meta_box":{"industry":"","seo_heading":"","heading":"","description":"","cta_heading":"","cta_description":"","application":"385","h1":"Widget de feed do Facebook do Google Sites","h1_caption":"Transforme os usu\u00e1rios do seu site em assinantes do Facebook","application_category":[],"applications_title":"","applications_request_title":"","applications_request_button_text":"","hero_text":"","hero_video":"","hero_video_schema_markup":"","selling_points_title":"","selling_points_caption":"","selling_points":[],"selling_points_cta_text":"","features_title":"","features":"","ed_cta_examples_text":"","ed_cta_examples_hidden":"","ed_cta_demo_text":"","ed_cta_demo_hidden":"","why_caption":"","why_editor_title":"","why_editor_text":"","why_team_title":"","why_team_text":"","why_service_title":"","why_service_text":"","template_catalog_visible":"0","template_catalog_title":"","template_catalog_text":"","template_catalog_categories_visible":"","demo_title":"Crie seu widget de feed do Facebook","demo_caption":"Configure seu feed do Facebook e adicione-o ao seu site do Google Sites gratuitamente!","default_faq_hidden":"","app_template_category":[],"platform":"112","template_public_id":"","codecanyon_url":"","codecanyon_item_id":"","codecanyon_price":"","pricing_caption":"","pricing_elfsight_apps_hide_column":"","pricing_elfsight_apps_url":"","pricing_codecanyon_price_caption":"","integration_category":[],"integration_request_title":"","integration_request_cta":"","integration_platform":"","integrations":[],"platform_category":[],"video_schema_markup":"","price":"a partir de US$ 0\/m\u00eas","trial":"","benefits":[{"text":"Ajuda de instala\u00e7\u00e3o gratuita"},{"text":"Suporte excepcional"},{"text":"Garantia de reembolso de 14 dias"},{"text":"Atualiza\u00e7\u00f5es cont\u00ednuas"}],"button_url":"#demo","button_target_blank":"0","button_nofollow":"0","attributes":[{"name":"Instala\u00e7\u00f5es","content":"100,000 - 500,000","_state":"expanded"},{"name":"Capacidade de resposta","content":"Funciona e fica perfeitamente em celulares","_state":"expanded"},{"name":"Navegadores compat\u00edveis","content":"Opera, Safari, Edge, Chrome, Firefox"}],"tags":[],"tags_disable_links":"0","hide_more_platforms":"0","video_object":"","demo_hide_cta":"0","demo_hide_cloud_options":"0","pricing_title":"","pricing":[{"pricing_icon":"platform","pricing_title":"Elfsight Apps","pricing_title_caption":"Solu\u00e7\u00e3o multiplataforma que se adapta a qualquer site","pricing_price":"a partir de US$ 0\/m\u00eas","pricing_price_caption":"comece com plano gratuito","pricing_benefits":[{"text":"N\u00famero ilimitado de dom\u00ednios"},{"text":"Suporte premium"},{"text":"Suporte premium"},{"text":"Oferta especial para v\u00e1rios aplicativos"}],"pricing_button_text":"Adicionar ao site","pricing_button_url":"#demo","_state":"expanded"}],"related_apps_title":"","related_apps_hidden":"1","author":"","image":[],"title":"","job":"","social_networks":[]},"_links":{"self":[{"href":"https:\/\/elfsight.com\/pt\/wp-json\/wp\/v2\/pages\/3848","targetHints":{"allow":["GET"]}}],"collection":[{"href":"https:\/\/elfsight.com\/pt\/wp-json\/wp\/v2\/pages"}],"about":[{"href":"https:\/\/elfsight.com\/pt\/wp-json\/wp\/v2\/types\/page"}],"author":[{"embeddable":true,"href":"https:\/\/elfsight.com\/pt\/wp-json\/wp\/v2\/users\/9"}],"replies":[{"embeddable":true,"href":"https:\/\/elfsight.com\/pt\/wp-json\/wp\/v2\/comments?post=3848"}],"version-history":[{"count":3,"href":"https:\/\/elfsight.com\/pt\/wp-json\/wp\/v2\/pages\/3848\/revisions"}],"predecessor-version":[{"id":13851,"href":"https:\/\/elfsight.com\/pt\/wp-json\/wp\/v2\/pages\/3848\/revisions\/13851"}],"up":[{"embeddable":true,"href":"https:\/\/elfsight.com\/pt\/wp-json\/wp\/v2\/pages\/386"}],"wp:attachment":[{"href":"https:\/\/elfsight.com\/pt\/wp-json\/wp\/v2\/media?parent=3848"}],"curies":[{"name":"wp","href":"https:\/\/api.w.org\/{rel}","templated":true}]}}