{"id":3841,"date":"2024-05-03T06:34:52","date_gmt":"2024-05-03T06:34:52","guid":{"rendered":"https:\/\/elfsight.com\/pt\/?page_id=3841"},"modified":"2024-11-12T15:32:24","modified_gmt":"2024-11-12T15:32:24","slug":"godaddy","status":"publish","type":"page","link":"https:\/\/elfsight.com\/pt\/event-calendar-widget\/godaddy\/","title":{"rendered":"Event Calendar &#8211; GoDaddy"},"content":{"rendered":"<div class=\"application-platform-content-item-description application-platform-content-item\" id=\"description\" data-nav-section=\"description\"> <h2>Incorporar calend\u00e1rio de eventos com widget Elfsight<\/h2> <p>Elfsight Event Calendar for GoDaddy \u00e9 um aplicativo poderoso que permite que voc\u00ea compartilhe facilmente seus eventos com o resto do mundo. Possui muitas op\u00e7\u00f5es para demonstrar os pr\u00f3ximos eventos da forma mais representativa. Personalize-o para combinar o design com a est\u00e9tica da sua p\u00e1gina. Forme v\u00e1rios eventos, adicione tags diferentes, carregue suas fotos e v\u00eddeos personalizados e mantenha os usu\u00e1rios atualizados sobre sua agenda. <\/p> <p><b>O Calend\u00e1rio de Eventos pode ajud\u00e1-lo a exibir facilmente suas atividades futuras e aumentar a taxa de engajamento em seu site. <\/b><\/p> <\/div> <div class=\"application-platform-content-item-features application-platform-content-item\" id=\"features\" data-nav-section=\"features\"> <h2>Principais recursos do aplicativo Event Calendar<\/h2> <p>Aqui voc\u00ea pode ver todas as caracter\u00edsticas funcionais do Event Calendar. Eles est\u00e3o dispon\u00edveis diretamente no editor e ajudar\u00e3o voc\u00ea a configurar o plugin de acordo com suas necessidades. <\/p> <ul> <li>Use oportunidades de conte\u00fado adapt\u00e1veis \u200b\u200bpara acomodar o calend\u00e1rio ao seu tipo de evento. <\/li> <li>Ajude os usu\u00e1rios a adicionar seus eventos \u00e0s agendas comumente usadas. <\/li> <li>Gere v\u00e1rios tipos de eventos, especifique locais e adicione hosts. <\/li> <li>Classifique todas as suas atividades e atribua tags a elas. <\/li> <li>Discrimine entre 4 op\u00e7\u00f5es de layout. <\/li> <\/ul> <p><a href=\"#demo\">Veja como todos os recursos funcionam em nossa demonstra\u00e7\u00e3o<\/a><\/p> <\/div> <div class=\"application-platform-content-item-installation application-platform-content-item\" id=\"installation\" data-nav-section=\"installation\"> <h2>Como incorporar o calend\u00e1rio de eventos no GoDaddy? <\/h2> <p>Para incorporar o Calend\u00e1rio de Eventos, basta seguir algumas etapas r\u00e1pidas. <\/p> <ul> <li><b>Crie seu plugin de calend\u00e1rio personalizado<\/b><br> Usando nosso editor gratuito, crie um plugin com layout e funcionalidade selecionados. <\/li> <li><b>Copie o c\u00f3digo pessoal para integrar o plugin<\/b><br> Depois de configurar o seu plugin, voc\u00ea receber\u00e1 o c\u00f3digo individual da notifica\u00e7\u00e3o exibida nos aplicativos Elfsight. Copie o c\u00f3digo. <\/li> <li><b>Integrar o plugin em seu site<\/b><br> V\u00e1 para a \u00e1rea onde voc\u00ea precisa incorporar o plugin e insira o c\u00f3digo copiado l\u00e1. Salve os resultados. <\/li> <li><b>A integra\u00e7\u00e3o foi bem-sucedida! <\/b><br> Visite a loja para visualizar seu plugin. <\/li> <\/ul> <p>Sinta-se \u00e0 vontade para entrar em contato com nosso suporte ao cliente se precisar de ajuda ou tiver problemas. Teremos o maior prazer em ajudar com todas as solicita\u00e7\u00f5es. <\/p> <\/div><div class=\"faq\" data-component=\"FAQ\"><div class=\"faq-item\">\r\n\t\t\t\t\t<div class=\"faq-item-question\">\r\n\t\t\t\t\t\t<h3 class=\"faq-item-question-text\">Existe um m\u00e9todo para incorporar o Calend\u00e1rio de Eventos ao meu site GoDaddy sem experi\u00eancia em codifica\u00e7\u00e3o?<\/h3>\r\n\r\n\t\t\t\t\t\t<div class=\"faq-item-question-icon\"><\/div>\r\n\t\t\t\t\t<\/div>\r\n\r\n\t\t\t\t\t<div class=\"faq-item-answer\">\r\n\t\t\t\t\t\t<div class=\"faq-item-answer-text\"><p>Empresa Elfsight apresenta uma solu\u00e7\u00e3o que permite que as pessoas criem voc\u00ea mesmo uma se\u00e7\u00e3o de calend\u00e1rio de eventos. Aprenda as etapas f\u00e1ceis: <\/p><ul><li>Acesse o editor on-line para estabelecer um plug-in de calend\u00e1rio de eventos que voc\u00ea gostaria de integrar ao seu GoDaddy.<\/li><li>Escolha um dos modelos pr\u00e9-concebidos e altere as configura\u00e7\u00f5es do Calend\u00e1rio de Eventos, altere o layout e a cor dos elementos, adicione seu conte\u00fado sem codifica\u00e7\u00e3o.<\/li><li>Salve as configura\u00e7\u00f5es que voc\u00ea fez em Calend\u00e1rio de eventos e obtenha seu c\u00f3digo de instala\u00e7\u00e3o, que voc\u00ea pode colar em sua p\u00e1gina GoDaddy usando um plano gratuito. <\/li><\/ul><p>Trabalhando em nosso configurador f\u00e1cil de usar, cada usu\u00e1rio da Internet pode criar um widget de calend\u00e1rio de eventos on-line e simplesmente inclu\u00ed-lo no site GoDaddy. Voc\u00ea n\u00e3o deve adquirir um plano pago ou enviar as credenciais do seu cart\u00e3o para acessar nosso Editor. Se voc\u00ea enfrentar qualquer problema em qualquer etapa, fale com nossa equipe de suporte t\u00e9cnico.<\/p><\/div>\r\n\t\t\t\t\t<\/div>\r\n\t\t\t\t<\/div><\/div>","protected":false},"excerpt":{"rendered":"","protected":false},"author":9,"featured_media":0,"parent":771,"menu_order":0,"comment_status":"closed","ping_status":"closed","template":"templates\/template-application-platform.php","meta":{"publish_to_discourse":"","publish_post_category":"","wpdc_auto_publish_overridden":"","wpdc_topic_tags":"","wpdc_pin_topic":"","wpdc_pin_until":"","discourse_post_id":"","discourse_permalink":"","wpdc_publishing_response":"","wpdc_publishing_error":"","footnotes":""},"class_list":["post-3841","page","type-page","status-publish","hentry"],"yoast_head":"<!-- This site is optimized with the Yoast SEO plugin v25.3.1 - https:\/\/yoast.com\/wordpress\/plugins\/seo\/ -->\n<title>Plug-in de calend\u00e1rio de eventos - Adicione o plug-in de calend\u00e1rio de eventos ao site GoDaddy!<\/title>\n<meta name=\"description\" content=\"Apresente todos os seus pr\u00f3ximos eventos da maneira mais f\u00e1cil no site GoDaddy usando o incr\u00edvel plugin de calend\u00e1rio de eventos!\" \/>\n<meta name=\"robots\" content=\"index, follow, max-snippet:-1, max-image-preview:large, max-video-preview:-1\" \/>\n<link rel=\"canonical\" href=\"https:\/\/elfsight.com\/pt\/event-calendar-widget\/godaddy\/\" \/>\n<meta property=\"og:locale\" content=\"pt_PT\" \/>\n<meta property=\"og:type\" content=\"article\" \/>\n<meta property=\"og:title\" content=\"Plug-in de calend\u00e1rio de eventos - Adicione o plug-in de calend\u00e1rio de eventos ao site GoDaddy!\" \/>\n<meta property=\"og:description\" content=\"Apresente todos os seus pr\u00f3ximos eventos da maneira mais f\u00e1cil no site GoDaddy usando o incr\u00edvel plugin de calend\u00e1rio de eventos!\" \/>\n<meta property=\"og:url\" content=\"https:\/\/elfsight.com\/pt\/event-calendar-widget\/godaddy\/\" \/>\n<meta property=\"og:site_name\" content=\"Elfsight PT\" \/>\n<meta property=\"article:modified_time\" content=\"2024-11-12T15:32:24+00:00\" \/>\n<meta name=\"twitter:card\" content=\"summary_large_image\" \/>\n<meta name=\"twitter:label1\" content=\"Tempo estimado de leitura\" \/>\n\t<meta name=\"twitter:data1\" content=\"2 minutos\" \/>\n<!-- \/ Yoast SEO plugin. -->","yoast_head_json":{"title":"Plug-in de calend\u00e1rio de eventos - Adicione o plug-in de calend\u00e1rio de eventos ao site GoDaddy!","description":"Apresente todos os seus pr\u00f3ximos eventos da maneira mais f\u00e1cil no site GoDaddy usando o incr\u00edvel plugin de calend\u00e1rio de eventos!","robots":{"index":"index","follow":"follow","max-snippet":"max-snippet:-1","max-image-preview":"max-image-preview:large","max-video-preview":"max-video-preview:-1"},"canonical":"https:\/\/elfsight.com\/pt\/event-calendar-widget\/godaddy\/","og_locale":"pt_PT","og_type":"article","og_title":"Plug-in de calend\u00e1rio de eventos - Adicione o plug-in de calend\u00e1rio de eventos ao site GoDaddy!","og_description":"Apresente todos os seus pr\u00f3ximos eventos da maneira mais f\u00e1cil no site GoDaddy usando o incr\u00edvel plugin de calend\u00e1rio de eventos!","og_url":"https:\/\/elfsight.com\/pt\/event-calendar-widget\/godaddy\/","og_site_name":"Elfsight PT","article_modified_time":"2024-11-12T15:32:24+00:00","twitter_card":"summary_large_image","twitter_misc":{"Tempo estimado de leitura":"2 minutos"},"schema":{"@context":"https:\/\/schema.org","@graph":[{"@type":"WebPage","@id":"https:\/\/elfsight.com\/pt\/event-calendar-widget\/godaddy\/","url":"https:\/\/elfsight.com\/pt\/event-calendar-widget\/godaddy\/","name":"Plug-in de calend\u00e1rio de eventos - Adicione o plug-in de calend\u00e1rio de eventos ao site GoDaddy!","isPartOf":{"@id":"https:\/\/elfsight.com\/pt\/#website"},"datePublished":"2024-05-03T06:34:52+00:00","dateModified":"2024-11-12T15:32:24+00:00","description":"Apresente todos os seus pr\u00f3ximos eventos da maneira mais f\u00e1cil no site GoDaddy usando o incr\u00edvel plugin de calend\u00e1rio de eventos!","breadcrumb":{"@id":"https:\/\/elfsight.com\/pt\/event-calendar-widget\/godaddy\/#breadcrumb"},"inLanguage":"pt-PT","potentialAction":[{"@type":"ReadAction","target":["https:\/\/elfsight.com\/pt\/event-calendar-widget\/godaddy\/"]}]},{"@type":"BreadcrumbList","@id":"https:\/\/elfsight.com\/pt\/event-calendar-widget\/godaddy\/#breadcrumb","itemListElement":[{"@type":"ListItem","position":1,"name":"Home","item":"https:\/\/elfsight.com\/pt\/"},{"@type":"ListItem","position":2,"name":"Event Calendar","item":"https:\/\/elfsight.com\/pt\/event-calendar-widget\/"},{"@type":"ListItem","position":3,"name":"Event Calendar &#8211; GoDaddy"}]},{"@type":"WebSite","@id":"https:\/\/elfsight.com\/pt\/#website","url":"https:\/\/elfsight.com\/pt\/","name":"Elfsight PT","description":"Just another Elfsight Sites site","potentialAction":[{"@type":"SearchAction","target":{"@type":"EntryPoint","urlTemplate":"https:\/\/elfsight.com\/pt\/?s={search_term_string}"},"query-input":{"@type":"PropertyValueSpecification","valueRequired":true,"valueName":"search_term_string"}}],"inLanguage":"pt-PT"}]}},"meta_box":{"industry":"","seo_heading":"","heading":"","description":"","cta_heading":"","cta_description":"","application":"770","h1":"Plug-in de calend\u00e1rio de eventos GoDaddy","h1_caption":"Interface interativa e CTAs ativos facilitam a reserva ou compra","application_category":[],"applications_title":"","applications_request_title":"","applications_request_button_text":"","hero_text":"","hero_video":"","hero_video_schema_markup":"","selling_points_title":"","selling_points_caption":"","selling_points":[],"selling_points_cta_text":"","features_title":"","features":"","ed_cta_examples_text":"","ed_cta_examples_hidden":"","ed_cta_demo_text":"","ed_cta_demo_hidden":"","why_caption":"","why_editor_title":"","why_editor_text":"","why_team_title":"","why_team_text":"","why_service_title":"","why_service_text":"","template_catalog_visible":"","template_catalog_title":"","template_catalog_text":"","template_catalog_categories_visible":"","demo_title":"Crie seu plugin de calend\u00e1rio de eventos","demo_caption":"Configure seu calend\u00e1rio de eventos e adicione-o ao site GoDaddy gratuitamente!","default_faq_hidden":"","app_template_category":[],"platform":"4908","template_public_id":"","codecanyon_url":"","codecanyon_item_id":"","codecanyon_price":"","pricing_caption":"","pricing_elfsight_apps_hide_column":"","pricing_elfsight_apps_url":"","pricing_codecanyon_price_caption":"","integration_category":[],"integration_request_title":"","integration_request_cta":"","integration_platform":"","integrations":[],"platform_category":[],"video_schema_markup":"","price":"a partir de US$ 0\/m\u00eas","trial":"","benefits":[{"text":"Assist\u00eancia de instala\u00e7\u00e3o gratuita"},{"text":"Suporte ao cliente experiente"},{"text":"Garantia de reembolso de 14 dias"},{"text":"Desenvolvimento cont\u00ednuo"}],"button_url":"#demo","button_target_blank":"0","button_nofollow":"0","attributes":[{"name":"Instala\u00e7\u00f5es","content":"100,000 - 500,000","_state":"expanded"},{"name":"Responsivo","content":"Sim","_state":"expanded"},{"name":"Navegadores compat\u00edveis","content":"IE11, Firefox, Safari, Opera, Chrome, Edge"}],"tags":[],"tags_disable_links":"0","hide_more_platforms":"","video_object":"","demo_hide_cta":"0","demo_hide_cloud_options":"0","pricing_title":"","pricing":[{"pricing_icon":"platform","pricing_title":"Elfsight Apps","pricing_title_caption":"Vers\u00e3o multiplataforma","pricing_price":"a partir de US$ 0\/m\u00eas","pricing_price_caption":"comece com plano gratuito","pricing_benefits":[{"text":"Dom\u00ednios ilimitados"},{"text":"Suporte gratuito e pontual"},{"text":"Suporte gratuito e pontual"},{"text":"Design flex\u00edvel"}],"pricing_button_text":"Adicionar ao site","pricing_button_url":"#demo","_state":"expanded"}],"related_apps_title":"","related_apps_hidden":"1","author":"","image":[],"title":"","job":"","social_networks":[]},"_links":{"self":[{"href":"https:\/\/elfsight.com\/pt\/wp-json\/wp\/v2\/pages\/3841","targetHints":{"allow":["GET"]}}],"collection":[{"href":"https:\/\/elfsight.com\/pt\/wp-json\/wp\/v2\/pages"}],"about":[{"href":"https:\/\/elfsight.com\/pt\/wp-json\/wp\/v2\/types\/page"}],"author":[{"embeddable":true,"href":"https:\/\/elfsight.com\/pt\/wp-json\/wp\/v2\/users\/9"}],"replies":[{"embeddable":true,"href":"https:\/\/elfsight.com\/pt\/wp-json\/wp\/v2\/comments?post=3841"}],"version-history":[{"count":2,"href":"https:\/\/elfsight.com\/pt\/wp-json\/wp\/v2\/pages\/3841\/revisions"}],"predecessor-version":[{"id":11760,"href":"https:\/\/elfsight.com\/pt\/wp-json\/wp\/v2\/pages\/3841\/revisions\/11760"}],"up":[{"embeddable":true,"href":"https:\/\/elfsight.com\/pt\/wp-json\/wp\/v2\/pages\/771"}],"wp:attachment":[{"href":"https:\/\/elfsight.com\/pt\/wp-json\/wp\/v2\/media?parent=3841"}],"curies":[{"name":"wp","href":"https:\/\/api.w.org\/{rel}","templated":true}]}}