{"id":3840,"date":"2024-05-03T06:35:44","date_gmt":"2024-05-03T06:35:44","guid":{"rendered":"https:\/\/elfsight.com\/pt\/?page_id=3840"},"modified":"2024-11-12T15:32:24","modified_gmt":"2024-11-12T15:32:24","slug":"godaddy","status":"publish","type":"page","link":"https:\/\/elfsight.com\/pt\/facebook-feed-widget\/godaddy\/","title":{"rendered":"Facebook Feed &#8211; GoDaddy"},"content":{"rendered":"<div class=\"application-platform-content-item-description application-platform-content-item\" id=\"description\" data-nav-section=\"description\"> <h2>Incorpore o feed do Facebook no GoDaddy com o widget Elfsight<\/h2> <p>Elfsight Facebook Reviews \u00e9 uma forma simples de integrar avalia\u00e7\u00f5es do seu Facebook p\u00e1gina em seu site e aumente a confian\u00e7a em sua marca entre os visitantes do site. Voc\u00ea pode filtrar seus coment\u00e1rios, adicionar classifica\u00e7\u00e3o por estrelas, informa\u00e7\u00f5es do autor e mostrar um bot\u00e3o para deixar um novo coment\u00e1rio. Nosso plugin Facebook Reviews oferece v\u00e1rios layouts e modelos de revis\u00e3o, elementos altern\u00e1veis \u200b\u200be cabe\u00e7alho flex\u00edvel para personaliza\u00e7\u00e3o m\u00e1xima. Com suas avalia\u00e7\u00f5es do Facebook no site, voc\u00ea demonstrar\u00e1 alta avalia\u00e7\u00e3o, fortalecer\u00e1 a confian\u00e7a e receber\u00e1 ainda mais avalia\u00e7\u00f5es.<\/p> <p><b>Aumente a confian\u00e7a mostrando avalia\u00e7\u00f5es de pessoas reais com informa\u00e7\u00f5es do autor!<\/b><\/p> <\/div> <div class=\"application-platform-content-item-features application-platform-content-item\" id=\"features\" data-nav-section=\"features\"> <h2>Estes s\u00e3o apenas alguns dos v\u00e1rios recursos do plugin: <\/h2> <ul><li>22 idiomas predefinidos suportados; <\/li> <li>Navega\u00e7\u00e3o por setas e arrastamentos no layout Slider; <\/li> <li>Largura e altura ajust\u00e1veis \u200b\u200bdo plugin; <\/li> <li>Bot\u00e3o de solicita\u00e7\u00e3o de revis\u00e3o para redirecionamento na p\u00e1gina do Facebook; <\/li> <li>Tr\u00eas tipos de decora\u00e7\u00e3o de revis\u00e3o: Borda, Fundo, Nenhum; <\/li> <\/ul><p><a href=\"#demo\">Voc\u00ea pode explorar o que o plugin oferece usando a demonstra\u00e7\u00e3o<\/a><\/p> <\/div> <div class=\"application-platform-content-item-installation application-platform-content-item\" id=\"installation\" data-nav-section=\"installation\"> <h2>Como posso incorporar Avalia\u00e7\u00f5es do Facebook no meu site GoDaddy? <\/h2> <p>Basta seguir v\u00e1rios passos abaixo para inserir o plugin. <\/p> <ol><li><b>Utilize nossa demonstra\u00e7\u00e3o gratuita e comece a criar seu instrumento personalizado. <\/b><br> Determine a forma e as especifica\u00e7\u00f5es adequadas do plugin e salve as edi\u00e7\u00f5es. <\/li> <li><b>Receba seu c\u00f3digo individual aparecendo na janela dos aplicativos Elfsight. <\/b><br> Assim que a gera\u00e7\u00e3o do seu plugin for conclu\u00edda, copie o c\u00f3digo individual na janela que surgir e salve-o para uso posterior. <\/li> <li><b>Comece a usar o plug-in no seu site GoDaddy. <\/b><br> Integre o c\u00f3digo que voc\u00ea copiou recentemente em sua p\u00e1gina e salve os ajustes. <\/li> <li><b>Conclu\u00eddo! A incorpora\u00e7\u00e3o est\u00e1 totalmente realizada. <\/b><br> Acesse seu site para revisar o trabalho do plugin. <\/li><\/ol> <p>Caso tenha d\u00favidas ou encontre alguma dificuldade, n\u00e3o hesite em entrar em contato com nossa equipe de atendimento ao cliente. Nossos consultores ter\u00e3o prazer em resolver todas as dificuldades que voc\u00ea possa ter com o plugin. <\/p> <\/div><div class=\"faq\" data-component=\"FAQ\"><div class=\"faq-item\">\r\n\t\t\t\t\t<div class=\"faq-item-question\">\r\n\t\t\t\t\t\t<h3 class=\"faq-item-question-text\">Existe uma op\u00e7\u00e3o para adicionar o WhatsApp Chat ao meu site GoDaddy sem experi\u00eancia de codifica\u00e7\u00e3o?<\/h3>\r\n\r\n\t\t\t\t\t\t<div class=\"faq-item-question-icon\"><\/div>\r\n\t\t\t\t\t<\/div>\r\n\r\n\t\t\t\t\t<div class=\"faq-item-answer\">\r\n\t\t\t\t\t\t<div class=\"faq-item-answer-text\"><p>A empresa Elfsight oferece uma solu\u00e7\u00e3o que permite que voc\u00ea mesmo crie uma se\u00e7\u00e3o de bate-papo do WhatsApp, aprenda o guia f\u00e1cil: <\/p><ul><li>Comece a trabalhar diretamente no Editor ao vivo para gerar uma se\u00e7\u00e3o de bate-papo do WhatsApp que voc\u00ea gostaria que aparecesse no site GoDaddy.<\/li><li>Clique em um dos modelos predefinidos e ajuste as configura\u00e7\u00f5es do WhatsApp Chat, adicione seu conte\u00fado, altere o layout e as cores sem experi\u00eancia de codifica\u00e7\u00e3o.<\/li><li>Clique para salvar o WhatsApp Chat e copiar os plug-ins c\u00f3digo de instala\u00e7\u00e3o, que voc\u00ea pode incluir gratuitamente na p\u00e1gina inicial do GoDaddy. <\/li><\/ul><p>Trabalhando em nosso configurador f\u00e1cil de usar, cada usu\u00e1rio da web pode criar o plugin do WhatsApp Chat on-line e adicion\u00e1-lo facilmente \u00e0 p\u00e1gina inicial do GoDaddy. N\u00e3o \u00e9 necess\u00e1rio obter uma assinatura paga ou enviar as credenciais do seu cart\u00e3o para entrar em nosso Editor. Se voc\u00ea enfrentar qualquer tipo de problema, n\u00e3o hesite em falar com nossa equipe de suporte t\u00e9cnico.<\/p><\/div>\r\n\t\t\t\t\t<\/div>\r\n\t\t\t\t<\/div><\/div>","protected":false},"excerpt":{"rendered":"","protected":false},"author":9,"featured_media":0,"parent":386,"menu_order":0,"comment_status":"closed","ping_status":"closed","template":"templates\/template-application-platform.php","meta":{"publish_to_discourse":"","publish_post_category":"","wpdc_auto_publish_overridden":"","wpdc_topic_tags":"","wpdc_pin_topic":"","wpdc_pin_until":"","discourse_post_id":"","discourse_permalink":"","wpdc_publishing_response":"","wpdc_publishing_error":"","footnotes":""},"class_list":["post-3840","page","type-page","status-publish","hentry"],"yoast_head":"<!-- This site is optimized with the Yoast SEO plugin v25.3.1 - https:\/\/yoast.com\/wordpress\/plugins\/seo\/ -->\n<title>Plug-in de avalia\u00e7\u00f5es do Facebook - Adicione o plug-in de avalia\u00e7\u00f5es ao site GoDaddy!<\/title>\n<meta name=\"description\" content=\"Integre um plugin responsivo de feed do Facebook no seu site GoDaddy sem pr\u00e1tica de desenvolvimento em 2024. Descubra a demonstra\u00e7\u00e3o ao vivo da Elfsight!\" \/>\n<meta name=\"robots\" content=\"index, follow, max-snippet:-1, max-image-preview:large, max-video-preview:-1\" \/>\n<link rel=\"canonical\" href=\"https:\/\/elfsight.com\/pt\/facebook-feed-widget\/godaddy\/\" \/>\n<meta property=\"og:locale\" content=\"pt_PT\" \/>\n<meta property=\"og:type\" content=\"article\" \/>\n<meta property=\"og:title\" content=\"Plug-in de avalia\u00e7\u00f5es do Facebook - Adicione o plug-in de avalia\u00e7\u00f5es ao site GoDaddy!\" \/>\n<meta property=\"og:description\" content=\"Integre um plugin responsivo de feed do Facebook no seu site GoDaddy sem pr\u00e1tica de desenvolvimento em 2024. Descubra a demonstra\u00e7\u00e3o ao vivo da Elfsight!\" \/>\n<meta property=\"og:url\" content=\"https:\/\/elfsight.com\/pt\/facebook-feed-widget\/godaddy\/\" \/>\n<meta property=\"og:site_name\" content=\"Elfsight PT\" \/>\n<meta property=\"article:modified_time\" content=\"2024-11-12T15:32:24+00:00\" \/>\n<meta name=\"twitter:card\" content=\"summary_large_image\" \/>\n<meta name=\"twitter:label1\" content=\"Tempo estimado de leitura\" \/>\n\t<meta name=\"twitter:data1\" content=\"2 minutos\" \/>\n<!-- \/ Yoast SEO plugin. -->","yoast_head_json":{"title":"Plug-in de avalia\u00e7\u00f5es do Facebook - Adicione o plug-in de avalia\u00e7\u00f5es ao site GoDaddy!","description":"Integre um plugin responsivo de feed do Facebook no seu site GoDaddy sem pr\u00e1tica de desenvolvimento em 2024. Descubra a demonstra\u00e7\u00e3o ao vivo da Elfsight!","robots":{"index":"index","follow":"follow","max-snippet":"max-snippet:-1","max-image-preview":"max-image-preview:large","max-video-preview":"max-video-preview:-1"},"canonical":"https:\/\/elfsight.com\/pt\/facebook-feed-widget\/godaddy\/","og_locale":"pt_PT","og_type":"article","og_title":"Plug-in de avalia\u00e7\u00f5es do Facebook - Adicione o plug-in de avalia\u00e7\u00f5es ao site GoDaddy!","og_description":"Integre um plugin responsivo de feed do Facebook no seu site GoDaddy sem pr\u00e1tica de desenvolvimento em 2024. Descubra a demonstra\u00e7\u00e3o ao vivo da Elfsight!","og_url":"https:\/\/elfsight.com\/pt\/facebook-feed-widget\/godaddy\/","og_site_name":"Elfsight PT","article_modified_time":"2024-11-12T15:32:24+00:00","twitter_card":"summary_large_image","twitter_misc":{"Tempo estimado de leitura":"2 minutos"},"schema":{"@context":"https:\/\/schema.org","@graph":[{"@type":"WebPage","@id":"https:\/\/elfsight.com\/pt\/facebook-feed-widget\/godaddy\/","url":"https:\/\/elfsight.com\/pt\/facebook-feed-widget\/godaddy\/","name":"Plug-in de avalia\u00e7\u00f5es do Facebook - Adicione o plug-in de avalia\u00e7\u00f5es ao site GoDaddy!","isPartOf":{"@id":"https:\/\/elfsight.com\/pt\/#website"},"datePublished":"2024-05-03T06:35:44+00:00","dateModified":"2024-11-12T15:32:24+00:00","description":"Integre um plugin responsivo de feed do Facebook no seu site GoDaddy sem pr\u00e1tica de desenvolvimento em 2024. Descubra a demonstra\u00e7\u00e3o ao vivo da Elfsight!","breadcrumb":{"@id":"https:\/\/elfsight.com\/pt\/facebook-feed-widget\/godaddy\/#breadcrumb"},"inLanguage":"pt-PT","potentialAction":[{"@type":"ReadAction","target":["https:\/\/elfsight.com\/pt\/facebook-feed-widget\/godaddy\/"]}]},{"@type":"BreadcrumbList","@id":"https:\/\/elfsight.com\/pt\/facebook-feed-widget\/godaddy\/#breadcrumb","itemListElement":[{"@type":"ListItem","position":1,"name":"Home","item":"https:\/\/elfsight.com\/pt\/"},{"@type":"ListItem","position":2,"name":"Facebook Feed","item":"https:\/\/elfsight.com\/pt\/facebook-feed-widget\/"},{"@type":"ListItem","position":3,"name":"Facebook Feed &#8211; GoDaddy"}]},{"@type":"WebSite","@id":"https:\/\/elfsight.com\/pt\/#website","url":"https:\/\/elfsight.com\/pt\/","name":"Elfsight PT","description":"Just another Elfsight Sites site","potentialAction":[{"@type":"SearchAction","target":{"@type":"EntryPoint","urlTemplate":"https:\/\/elfsight.com\/pt\/?s={search_term_string}"},"query-input":{"@type":"PropertyValueSpecification","valueRequired":true,"valueName":"search_term_string"}}],"inLanguage":"pt-PT"}]}},"meta_box":{"industry":"","seo_heading":"","heading":"","description":"","cta_heading":"","cta_description":"","application":"385","h1":"Plug-in de feed do Facebook GoDaddy","h1_caption":"O melhor plugin para adicionar conte\u00fado do Facebook ao seu site","application_category":[],"applications_title":"","applications_request_title":"","applications_request_button_text":"","hero_text":"","hero_video":"","hero_video_schema_markup":"","selling_points_title":"","selling_points_caption":"","selling_points":[],"selling_points_cta_text":"","features_title":"","features":"","ed_cta_examples_text":"","ed_cta_examples_hidden":"","ed_cta_demo_text":"","ed_cta_demo_hidden":"","why_caption":"","why_editor_title":"","why_editor_text":"","why_team_title":"","why_team_text":"","why_service_title":"","why_service_text":"","template_catalog_visible":"","template_catalog_title":"","template_catalog_text":"","template_catalog_categories_visible":"","demo_title":"Crie seu plugin de feed do Facebook","demo_caption":"Configure seu feed do Facebook e adicione-o ao site GoDaddy gratuitamente!","default_faq_hidden":"","app_template_category":[],"platform":"4908","template_public_id":"","codecanyon_url":"","codecanyon_item_id":"","codecanyon_price":"","pricing_caption":"","pricing_elfsight_apps_hide_column":"","pricing_elfsight_apps_url":"","pricing_codecanyon_price_caption":"","integration_category":[],"integration_request_title":"","integration_request_cta":"","integration_platform":"","integrations":[],"platform_category":[],"video_schema_markup":"","price":"a partir de US$ 0\/m\u00eas","trial":"","benefits":[{"text":"Ajuda de instala\u00e7\u00e3o gratuita"},{"text":"Atendimento ao cliente profissional"},{"text":"Garantia de devolu\u00e7\u00e3o do dinheiro em 14 dias"},{"text":"Atualiza\u00e7\u00f5es vital\u00edcias"}],"button_url":"#demo","button_target_blank":"0","button_nofollow":"0","attributes":[{"name":"Instala\u00e7\u00f5es","content":"100,000 - 500,000","_state":"expanded"},{"name":"Responsivo","content":"Sim","_state":"expanded"},{"name":"Navegadores compat\u00edveis","content":"IE11, Firefox, Safari, Opera, Chrome, Edge"}],"tags":[],"tags_disable_links":"0","hide_more_platforms":"","video_object":"","demo_hide_cta":"0","demo_hide_cloud_options":"0","pricing_title":"","pricing":[{"pricing_icon":"platform","pricing_title":"Elfsight Apps","pricing_title_caption":"Software independente de plataforma que funciona em qualquer site","pricing_price":"a partir de US$ 0\/m\u00eas","pricing_price_caption":"comece com plano gratuito","pricing_benefits":[{"text":"Sites ilimitados"},{"text":"Suporte profissional ao cliente e bem documentado"},{"text":"Suporte profissional ao cliente e bem documentado"},{"text":"Totalmente personaliz\u00e1vel"}],"pricing_button_text":"Adicionar ao site","pricing_button_url":"#demo","_state":"expanded"}],"related_apps_title":"","related_apps_hidden":"1","author":"","image":[],"title":"","job":"","social_networks":[]},"_links":{"self":[{"href":"https:\/\/elfsight.com\/pt\/wp-json\/wp\/v2\/pages\/3840","targetHints":{"allow":["GET"]}}],"collection":[{"href":"https:\/\/elfsight.com\/pt\/wp-json\/wp\/v2\/pages"}],"about":[{"href":"https:\/\/elfsight.com\/pt\/wp-json\/wp\/v2\/types\/page"}],"author":[{"embeddable":true,"href":"https:\/\/elfsight.com\/pt\/wp-json\/wp\/v2\/users\/9"}],"replies":[{"embeddable":true,"href":"https:\/\/elfsight.com\/pt\/wp-json\/wp\/v2\/comments?post=3840"}],"version-history":[{"count":2,"href":"https:\/\/elfsight.com\/pt\/wp-json\/wp\/v2\/pages\/3840\/revisions"}],"predecessor-version":[{"id":11793,"href":"https:\/\/elfsight.com\/pt\/wp-json\/wp\/v2\/pages\/3840\/revisions\/11793"}],"up":[{"embeddable":true,"href":"https:\/\/elfsight.com\/pt\/wp-json\/wp\/v2\/pages\/386"}],"wp:attachment":[{"href":"https:\/\/elfsight.com\/pt\/wp-json\/wp\/v2\/media?parent=3840"}],"curies":[{"name":"wp","href":"https:\/\/api.w.org\/{rel}","templated":true}]}}