{"id":3837,"date":"2024-05-03T06:34:03","date_gmt":"2024-05-03T06:34:03","guid":{"rendered":"https:\/\/elfsight.com\/pt\/?page_id=3837"},"modified":"2024-11-13T11:46:04","modified_gmt":"2024-11-13T11:46:04","slug":"facebook","status":"publish","type":"page","link":"https:\/\/elfsight.com\/pt\/countdown-timer-widget\/facebook\/","title":{"rendered":"Countdown Timer &#8211; Facebook Page"},"content":{"rendered":"<div class=\"application-platform-content-item-description application-platform-content-item\" id=\"description\" data-nav-section=\"description\"><h2>Descri\u00e7\u00e3o<\/h2><p>Voc\u00ea est\u00e1 se preparando para realizar uma venda ou organizar um evento? Ent\u00e3o o Countdown Timer ao vivo \u00e9 a ferramenta perfeita para promov\u00ea-lo, e o Facebook \u00e9 a plataforma ideal para atingir um p\u00fablico mais amplo.<\/p> <p>Criar um senso de urg\u00eancia e antecipa\u00e7\u00e3o \u00e9 essencial para qualquer evento de neg\u00f3cios ou atividade promocional. Uma componente visual \u00e9 crucial para chegar ao p\u00fablico e transmitir os sentidos necess\u00e1rios. E a m\u00eddia social \u00e9 provavelmente um dos canais mais eficazes para divulgar a informa\u00e7\u00e3o. Uma contagem regressiva animada em sua p\u00e1gina do Facebook seria uma ferramenta perfeita para atrair mais pessoas e criar entusiasmo sobre suas vendas, promo\u00e7\u00f5es ou eventos por tempo limitado.<\/p><p>Se voc\u00ea n\u00e3o quiser investir muito no aplicativo de rel\u00f3gio desenvolvimento, mas gostaria de ter um cron\u00f4metro com design personalizado, experimente o melhor aplicativo Countdown para p\u00e1gina do Facebook da Elfsight. Ele permite que voc\u00ea construa todos os tipos poss\u00edveis de contagens e cron\u00f4metros de maneira simples, r\u00e1pida e suave. Eles s\u00e3o adequados para qualquer caso de uso &#8211; sejam necessidades comerciais, criativas ou sem fins lucrativos. Eles incentivam os usu\u00e1rios a fazer compras, visitar uma loja f\u00edsica ou evento algumas horas, dias ou semanas antes do t\u00e9rmino do per\u00edodo especificado.<\/p><p>Os balc\u00f5es de itens deixados em estoque evocar\u00e3o uma sensa\u00e7\u00e3o de falta e competi\u00e7\u00e3o. entre o p\u00fablico, para que se apressassem em pedir algo exclusivo e limitado. Esse truque \u00e9 usado pelos maiores varejistas de com\u00e9rcio eletr\u00f4nico, o que comprova sua efic\u00e1cia.<\/p><p>A contagem regressiva das vendas levar\u00e1 os visitantes a fazer uma compra antes que o tempo da promo\u00e7\u00e3o acabe e eles percam um grande neg\u00f3cio. Um cron\u00f4metro pessoal mostra uma contagem regressiva para cada visitante com uma oferta individual que geralmente n\u00e3o dura mais de 1 hora. Isso estimular\u00e1 os compradores a usar um desconto pessoal agora mesmo, at\u00e9 que ele termine.<\/p><p>Banners de contagem regressiva com tema de feriados que oferecem pre\u00e7os baixos durante eventos festivos atrair\u00e3o a aten\u00e7\u00e3o com um design exclusivo adequado para a ocasi\u00e3o. Os compradores geralmente esperam essas vendas, ent\u00e3o voc\u00ea deve torn\u00e1-las mais v\u00edvidas e anunci\u00e1-las com anteced\u00eancia. O editor online do aplicativo Elfsight oferece uma cole\u00e7\u00e3o de modelos especiais de contagem regressiva para a realiza\u00e7\u00e3o de promo\u00e7\u00f5es e eventos realizados em todos os feriados populares. Basta escolher um modelo adequado e definir seu per\u00edodo.<\/p><p><b>Aumente o entusiasmo pelas compras e incentive a clientela a comprar mais com ofertas com prazo determinado.<\/b><\/p><\/div><div class=\"application-platform-content-item-features application-platform-content-item\" id=\"features\" data-nav-section=\"features\"><h2>Recursos<\/h2><p> As principais vantagens do aplicativo Elfsight Countdown, que o tornam a forma perfeita de integra\u00e7\u00e3o do cron\u00f4metro ou rel\u00f3gio na p\u00e1gina do Facebook: <\/p><ul><li>Escolha um dos tr\u00eas tipos de cron\u00f4metros de contagem regressiva poss\u00edveis: in\u00edcio ao fim, rel\u00f3gio com tempo restante por visitante, contagem de n\u00fameros do in\u00edcio ao fim;<\/li><li>Escreva sua pr\u00f3pria mensagem personalizada com uma chamada para a\u00e7\u00e3o;<\/li><li>Todo o texto do widget pode ser formatado para se adequar ao design geral do site;<\/li><li>Construa cron\u00f4metros com quatro unidades de tempo: dias, horas, minutos, segundos;<\/li> <li>Inclua os elementos ou remova aqueles que voc\u00ea n\u00e3o precisa para obter a apar\u00eancia necess\u00e1ria do cron\u00f4metro;<\/li><li>Defina a posi\u00e7\u00e3o personalizada com as variantes de alinhamento dispon\u00edveis: esquerda, direita, centro;<\/li><li>Ou crie um banner flutuante na parte superior ou inferior da tela;<\/li><li>Escolha um dos tr\u00eas tipos de anima\u00e7\u00e3o para mudan\u00e7a de n\u00fameros.<\/li><\/ul><p><a href=\"#demo\">Veja mais caracter\u00edsticas do aplicativo de contagem regressiva em nosso editor gratuito.<\/a> \u00c9 super intuitivo e qualquer pessoa pode criar seu pr\u00f3prio aplicativo em poucos segundos.<\/p><\/div> <div class=\"application-platform-content-item- instala\u00e7\u00e3o application-platform-content-item\" id=\" instala\u00e7\u00e3o\" data-nav-section=\" instala\u00e7\u00e3o\"><h2>Como adicionar um cron\u00f4metro de contagem regressiva \u00e0 guia da p\u00e1gina do Facebook<\/h2><p>Um tutorial descomplicado sobre como configurar um aplicativo de rel\u00f3gio para uma p\u00e1gina do Facebook sem experi\u00eancia em programa\u00e7\u00e3o ou qualquer conhecimento de codifica\u00e7\u00e3o. O tempo m\u00e9dio necess\u00e1rio para implementar este tutorial para instala\u00e7\u00e3o do cron\u00f4metro de contagem regressiva \u00e9 inferior a 3 minutos.<\/p><ul><li><b>Gere seu pr\u00f3prio rel\u00f3gio de contagem regressiva<\/b><br><p>V\u00e1 para nosso site on-line configurador para criar seu widget de rel\u00f3gio. Primeiro voc\u00ea precisa escolher um modelo adequado. Lembre-se, ele apresenta apenas um layout e todo o resto pode ser alterado para obter um aplicativo com interface e fun\u00e7\u00f5es preferidas.<\/p><p>Ent\u00e3o voc\u00ea ter\u00e1 tr\u00eas guias no editor: Temporizador, Bot\u00e3o e Apar\u00eancia. Cada guia apresenta uma lista de configura\u00e7\u00f5es que voc\u00ea pode ajustar ao seu gosto e obter um resultado ideal.<\/p><\/li><li><b>Adquira o c\u00f3digo individual para incorporar o rel\u00f3gio de contagem regressiva<\/b><br> Depois de gerar seu widget, clique no bot\u00e3o \u2018Adicionar ao site\u2019. Receber\u00e1 o seu c\u00f3digo pessoal na notifica\u00e7\u00e3o que aparece nas aplica\u00e7\u00f5es Elfsight. Copie este c\u00f3digo.<\/li><li><b>Traga o widget para a p\u00e1gina do Facebook<\/b><br> Aqui voc\u00ea primeiro precisa criar uma guia personalizada em sua p\u00e1gina comercial do Facebook para adicionar seu aplicativo de contagem regressiva l\u00e1. Insira o c\u00f3digo que voc\u00ea copiou nos aplicativos da elfsight na guia. Se voc\u00ea tiver algum problema, basta verificar nosso guia em <a href=\"https:\/\/elfsight.com\/blog\/how-to-add-custom-tab-to-facebook-page\/\" target=\"_blank\" rel=\"noopener noreferrer\">criar uma guia personalizada do Facebook<\/a>, pois pode ser uma tarefa complicada.<\/li><li><b>Parab\u00e9ns! Voc\u00ea acabou de incorporar o widget! <\/b><br>Veja sua p\u00e1gina do Facebook para ver o desempenho do seu widget.<\/li><\/ul><p>Tem alguma dificuldade em formar, ajustar ou exibir o widget de contagem regressiva em uma p\u00e1gina? Entre em contato com nossa equipe de suporte.<\/p><p>Tamb\u00e9m oferecemos uma pol\u00edtica de pre\u00e7os flex\u00edvel, que permite criar e experimentar gratuitamente a contagem regressiva em sua p\u00e1gina comercial do Facebook. Al\u00e9m disso, voc\u00ea pode escolher um plano de pre\u00e7os de acordo com o tr\u00e1fego que obt\u00e9m na p\u00e1gina e pagar por ele mensalmente &#8211; se estiver planejando um evento ou promo\u00e7\u00e3o \u00fanica, ou pode ter uma assinatura anual, se realizar vendas regularmente durante todo o ano.<\/p><div class=\"faq\" data-component=\"FAQ\"> <div class=\"faq-item\">\r\n\t\t\t\t\t<div class=\"faq-item-question\">\r\n\t\t\t\t\t\t<h3 class=\"faq-item-question-text\">Como posso adicionar um cron\u00f4metro de contagem regressiva ao site da minha p\u00e1gina do Facebook sem habilidades de codifica\u00e7\u00e3o?<\/h3>\r\n\r\n\t\t\t\t\t\t<div class=\"faq-item-question-icon\"><\/div>\r\n\t\t\t\t\t<\/div>\r\n\r\n\t\t\t\t\t<div class=\"faq-item-answer\">\r\n\t\t\t\t\t\t<div class=\"faq-item-answer-text\"> <p>A Elfsight fornece uma solu\u00e7\u00e3o SaaS que permite que voc\u00ea mesmo crie um widget de cron\u00f4metro de contagem regressiva, veja como o processo \u00e9 f\u00e1cil: trabalhe diretamente no Editor on-line para criar um widget de contagem regressiva que voc\u00ea gostaria de ver no site da sua p\u00e1gina do Facebook. Escolha um dos modelos predefinidos e ajuste as configura\u00e7\u00f5es do cron\u00f4metro de contagem regressiva, adicione seu conte\u00fado, altere o layout e o esquema de cores sem nenhuma habilidade de codifica\u00e7\u00e3o. Salve o cron\u00f4metro de contagem regressiva e copie seu c\u00f3digo de instala\u00e7\u00e3o, que voc\u00ea pode incorporar facilmente no site da sua p\u00e1gina do Facebook, sem a necessidade de comprar uma assinatura paga. Com nosso editor intuitivo, qualquer usu\u00e1rio da Internet pode criar um widget de contagem regressiva online e incorpor\u00e1-lo facilmente em sua p\u00e1gina do Facebook. N\u00e3o h\u00e1 necessidade de pagar ou inserir as credenciais do seu cart\u00e3o para acessar o servi\u00e7o. Se voc\u00ea enfrentar qualquer problema em qualquer etapa, n\u00e3o hesite em entrar em contato com nossa equipe de suporte t\u00e9cnico.<\/p> <\/div>\r\n\t\t\t\t\t<\/div>\r\n\t\t\t\t<\/div> <\/div> <\/div>","protected":false},"excerpt":{"rendered":"","protected":false},"author":9,"featured_media":0,"parent":505,"menu_order":0,"comment_status":"closed","ping_status":"closed","template":"templates\/template-application-platform.php","meta":{"publish_to_discourse":"","publish_post_category":"","wpdc_auto_publish_overridden":"","wpdc_topic_tags":"","wpdc_pin_topic":"","wpdc_pin_until":"","discourse_post_id":"","discourse_permalink":"","wpdc_publishing_response":"","wpdc_publishing_error":"","footnotes":""},"class_list":["post-3837","page","type-page","status-publish","hentry"],"yoast_head":"<!-- This site is optimized with the Yoast SEO plugin v25.3.1 - https:\/\/yoast.com\/wordpress\/plugins\/seo\/ -->\n<title>Adicionar cron\u00f4metro de contagem regressiva ou widget de rel\u00f3gio \u00e0 p\u00e1gina do Facebook (2025)<\/title>\n<meta name=\"description\" content=\"Crie um temporizador de contagem regressiva ou widget de rel\u00f3gio para sua p\u00e1gina do Facebook em apenas um minuto! Experimente o painel gratuito da Elfsight para criar o seu pr\u00f3prio rel\u00f3gio de contagem regressiva.\" \/>\n<meta name=\"robots\" content=\"index, follow, max-snippet:-1, max-image-preview:large, max-video-preview:-1\" \/>\n<link rel=\"canonical\" href=\"https:\/\/elfsight.com\/pt\/countdown-timer-widget\/facebook\/\" \/>\n<meta property=\"og:locale\" content=\"pt_PT\" \/>\n<meta property=\"og:type\" content=\"article\" \/>\n<meta property=\"og:title\" content=\"Adicionar cron\u00f4metro de contagem regressiva ou widget de rel\u00f3gio \u00e0 p\u00e1gina do Facebook (2025)\" \/>\n<meta property=\"og:description\" content=\"Crie um temporizador de contagem regressiva ou widget de rel\u00f3gio para sua p\u00e1gina do Facebook em apenas um minuto! Experimente o painel gratuito da Elfsight para criar o seu pr\u00f3prio rel\u00f3gio de contagem regressiva.\" \/>\n<meta property=\"og:url\" content=\"https:\/\/elfsight.com\/pt\/countdown-timer-widget\/facebook\/\" \/>\n<meta property=\"og:site_name\" content=\"Elfsight PT\" \/>\n<meta property=\"article:modified_time\" content=\"2024-11-13T11:46:04+00:00\" \/>\n<meta name=\"twitter:card\" content=\"summary_large_image\" \/>\n<meta name=\"twitter:label1\" content=\"Tempo estimado de leitura\" \/>\n\t<meta name=\"twitter:data1\" content=\"2 minutos\" \/>\n<!-- \/ Yoast SEO plugin. -->","yoast_head_json":{"title":"Adicionar cron\u00f4metro de contagem regressiva ou widget de rel\u00f3gio \u00e0 p\u00e1gina do Facebook (2025)","description":"Crie um temporizador de contagem regressiva ou widget de rel\u00f3gio para sua p\u00e1gina do Facebook em apenas um minuto! Experimente o painel gratuito da Elfsight para criar o seu pr\u00f3prio rel\u00f3gio de contagem regressiva.","robots":{"index":"index","follow":"follow","max-snippet":"max-snippet:-1","max-image-preview":"max-image-preview:large","max-video-preview":"max-video-preview:-1"},"canonical":"https:\/\/elfsight.com\/pt\/countdown-timer-widget\/facebook\/","og_locale":"pt_PT","og_type":"article","og_title":"Adicionar cron\u00f4metro de contagem regressiva ou widget de rel\u00f3gio \u00e0 p\u00e1gina do Facebook (2025)","og_description":"Crie um temporizador de contagem regressiva ou widget de rel\u00f3gio para sua p\u00e1gina do Facebook em apenas um minuto! Experimente o painel gratuito da Elfsight para criar o seu pr\u00f3prio rel\u00f3gio de contagem regressiva.","og_url":"https:\/\/elfsight.com\/pt\/countdown-timer-widget\/facebook\/","og_site_name":"Elfsight PT","article_modified_time":"2024-11-13T11:46:04+00:00","twitter_card":"summary_large_image","twitter_misc":{"Tempo estimado de leitura":"2 minutos"},"schema":{"@context":"https:\/\/schema.org","@graph":[{"@type":"WebPage","@id":"https:\/\/elfsight.com\/pt\/countdown-timer-widget\/facebook\/","url":"https:\/\/elfsight.com\/pt\/countdown-timer-widget\/facebook\/","name":"Adicionar cron\u00f4metro de contagem regressiva ou widget de rel\u00f3gio \u00e0 p\u00e1gina do Facebook (2025)","isPartOf":{"@id":"https:\/\/elfsight.com\/pt\/#website"},"datePublished":"2024-05-03T06:34:03+00:00","dateModified":"2024-11-13T11:46:04+00:00","description":"Crie um temporizador de contagem regressiva ou widget de rel\u00f3gio para sua p\u00e1gina do Facebook em apenas um minuto! Experimente o painel gratuito da Elfsight para criar o seu pr\u00f3prio rel\u00f3gio de contagem regressiva.","breadcrumb":{"@id":"https:\/\/elfsight.com\/pt\/countdown-timer-widget\/facebook\/#breadcrumb"},"inLanguage":"pt-PT","potentialAction":[{"@type":"ReadAction","target":["https:\/\/elfsight.com\/pt\/countdown-timer-widget\/facebook\/"]}]},{"@type":"BreadcrumbList","@id":"https:\/\/elfsight.com\/pt\/countdown-timer-widget\/facebook\/#breadcrumb","itemListElement":[{"@type":"ListItem","position":1,"name":"Home","item":"https:\/\/elfsight.com\/pt\/"},{"@type":"ListItem","position":2,"name":"Countdown Timer","item":"https:\/\/elfsight.com\/pt\/countdown-timer-widget\/"},{"@type":"ListItem","position":3,"name":"Countdown Timer &#8211; Facebook Page"}]},{"@type":"WebSite","@id":"https:\/\/elfsight.com\/pt\/#website","url":"https:\/\/elfsight.com\/pt\/","name":"Elfsight PT","description":"Just another Elfsight Sites site","potentialAction":[{"@type":"SearchAction","target":{"@type":"EntryPoint","urlTemplate":"https:\/\/elfsight.com\/pt\/?s={search_term_string}"},"query-input":{"@type":"PropertyValueSpecification","valueRequired":true,"valueName":"search_term_string"}}],"inLanguage":"pt-PT"}]}},"meta_box":{"industry":"","seo_heading":"","heading":"","description":"","cta_heading":"","cta_description":"","application":"504","h1":"Widget de contagem regressiva para p\u00e1gina do Facebook","h1_caption":"Comece a adquirir entusiasmo em sua p\u00e1gina com rel\u00f3gios, cron\u00f4metros e contagens","application_category":[],"applications_title":"","applications_request_title":"","applications_request_button_text":"","hero_text":"","hero_video":"","hero_video_schema_markup":"","selling_points_title":"","selling_points_caption":"","selling_points":[],"selling_points_cta_text":"","features_title":"","features":"","ed_cta_examples_text":"","ed_cta_examples_hidden":"","ed_cta_demo_text":"","ed_cta_demo_hidden":"","why_caption":"","why_editor_title":"","why_editor_text":"","why_team_title":"","why_team_text":"","why_service_title":"","why_service_text":"","template_catalog_visible":"","template_catalog_title":"","template_catalog_text":"","template_catalog_categories_visible":"","demo_title":"Crie seu widget de contagem regressiva","demo_caption":"Configure seu cron\u00f4metro de contagem regressiva e adicione-o ao site da sua p\u00e1gina do Facebook gratuitamente!","default_faq_hidden":"","app_template_category":[],"platform":"103","template_public_id":"","codecanyon_url":"","codecanyon_item_id":"","codecanyon_price":"","pricing_caption":"","pricing_elfsight_apps_hide_column":"","pricing_elfsight_apps_url":"","pricing_codecanyon_price_caption":"","integration_category":[],"integration_request_title":"","integration_request_cta":"","integration_platform":"","integrations":[],"platform_category":[],"video_schema_markup":"","price":"a partir de US$ 0\/m\u00eas","trial":"","benefits":[{"text":"Assist\u00eancia de instala\u00e7\u00e3o gratuita"},{"text":"Atendimento ao cliente profissional"},{"text":"Garantia de reembolso de 14 dias"},{"text":"Atualizando constantemente"}],"button_url":"#demo","button_target_blank":"0","button_nofollow":"0","attributes":[{"name":"Instala\u00e7\u00f5es","content":"100,000 - 500,000","_state":"expanded"},{"name":"Responsivo","content":"Sim","_state":"expanded"},{"name":"Navegadores compat\u00edveis","content":"Edge, Firefox, Chrome, Safari, Opera"}],"tags":[],"tags_disable_links":"0","hide_more_platforms":"","video_object":"","demo_hide_cta":"0","demo_hide_cloud_options":"0","pricing_title":"","pricing":[{"pricing_icon":"platform","pricing_title":"Elfsight Apps","pricing_title_caption":"Software multiplataforma","pricing_price":"a partir de US$ 0\/m\u00eas","pricing_price_caption":"comece com plano gratuito","pricing_benefits":[{"text":"Sites ilimitados"},{"text":"Suporte gratuito"},{"text":"Suporte gratuito"},{"text":"100% personaliz\u00e1vel"}],"pricing_button_text":"Adicionar ao site","pricing_button_url":"#demo","_state":"expanded"}],"related_apps_title":"","related_apps_hidden":"1","author":"","image":[],"title":"","job":"","social_networks":[]},"_links":{"self":[{"href":"https:\/\/elfsight.com\/pt\/wp-json\/wp\/v2\/pages\/3837","targetHints":{"allow":["GET"]}}],"collection":[{"href":"https:\/\/elfsight.com\/pt\/wp-json\/wp\/v2\/pages"}],"about":[{"href":"https:\/\/elfsight.com\/pt\/wp-json\/wp\/v2\/types\/page"}],"author":[{"embeddable":true,"href":"https:\/\/elfsight.com\/pt\/wp-json\/wp\/v2\/users\/9"}],"replies":[{"embeddable":true,"href":"https:\/\/elfsight.com\/pt\/wp-json\/wp\/v2\/comments?post=3837"}],"version-history":[{"count":2,"href":"https:\/\/elfsight.com\/pt\/wp-json\/wp\/v2\/pages\/3837\/revisions"}],"predecessor-version":[{"id":11739,"href":"https:\/\/elfsight.com\/pt\/wp-json\/wp\/v2\/pages\/3837\/revisions\/11739"}],"up":[{"embeddable":true,"href":"https:\/\/elfsight.com\/pt\/wp-json\/wp\/v2\/pages\/505"}],"wp:attachment":[{"href":"https:\/\/elfsight.com\/pt\/wp-json\/wp\/v2\/media?parent=3837"}],"curies":[{"name":"wp","href":"https:\/\/api.w.org\/{rel}","templated":true}]}}