{"id":3832,"date":"2024-05-03T06:35:48","date_gmt":"2024-05-03T06:35:48","guid":{"rendered":"https:\/\/elfsight.com\/pt\/?page_id=3832"},"modified":"2024-11-13T11:46:23","modified_gmt":"2024-11-13T11:46:23","slug":"facebook","status":"publish","type":"page","link":"https:\/\/elfsight.com\/pt\/facebook-feed-widget\/facebook\/","title":{"rendered":"Facebook Feed &#8211; Facebook Page"},"content":{"rendered":"<div class=\"application-platform-content-item-description application-platform-content-item\" id=\"description\" data-nav-section=\"description\"><h2>Descri\u00e7\u00e3o<\/h2><p>Exiba qualquer feed com a ajuda de nosso widget universal do Facebook. P\u00e1ginas, v\u00eddeos, fotos \u2013 voc\u00ea pode ter certeza de que seus visitantes n\u00e3o perder\u00e3o nenhuma informa\u00e7\u00e3o. A interface elegante com caracter\u00edsticas reconhec\u00edveis do Facebook n\u00e3o passar\u00e1 despercebida e lhe dar\u00e1 a oportunidade n\u00e3o apenas de manter os usu\u00e1rios atuais na p\u00e1gina, mas tamb\u00e9m de atrair novos assinantes do Facebook.<\/p><p><b>Leve sua p\u00e1gina para o pr\u00f3ximo n\u00edvel usando o widget da p\u00e1gina do Facebook.<\/b><\/p><\/div><div class=\"application-platform-content-item-features application-platform-content-item\" id=\"features\" data-nav-section=\"features\"><h2>Recursos<\/h2><p>V\u00e1rios recursos, que transformar\u00e3o nosso widget em uma ferramenta essencial para um P\u00e1gina comercial do Facebook.<\/p><ul><li>Largura e altura ajust\u00e1veis;<\/li><li>Tr\u00eas tipos de conte\u00fado do Facebook suportados: postagens, v\u00eddeos e fotos com \u00e1lbuns;<\/li><li>Curtir e bot\u00f5es Compartilhar no cabe\u00e7alho;<\/li><li>Pop-ups personaliz\u00e1veis \u200b\u200bcom elementos altern\u00e1veis.<\/li><\/ul> <p><a href=\"#demo\">Descubra todas as vantagens na demonstra\u00e7\u00e3o ao vivo<\/a><\/p><\/div><div class=\"application-platform-content-item-installation application-platform-content-item\" id=\"installation\" data-nav-section=\"installation\"><h2>Como adicionar qualquer feed de perfil \u00e0 p\u00e1gina do Facebook<\/h2><p>Leia nossas instru\u00e7\u00f5es para concluir a instala\u00e7\u00e3o. O processo levar\u00e1 menos de alguns minutos e n\u00e3o requer habilidades de desenvolvimento.<\/p><ul><li><b>Gere seu widget de feed personalizado<\/b><br>Usando nossa demonstra\u00e7\u00e3o gratuita, gere um plugin com uma composi\u00e7\u00e3o e funcionalidade selecionadas.<\/li><li><b>Receba o c\u00f3digo individual para instalar o plugin<\/b><br>Depois de personalizar o seu widget, voc\u00ea receber\u00e1 o c\u00f3digo individual na notifica\u00e7\u00e3o pop-up na Elfsight Aplicativos. Copie o c\u00f3digo para uso futuro. <\/li><li><b>Adicione o widget \u00e0 p\u00e1gina do Facebook<\/b><br> Crie sua guia personalizada do Facebook. Insira o c\u00f3digo que voc\u00ea recebeu nos aplicativos da elfsight na guia. Se voc\u00ea tiver algum problema, basta verificar nosso guia em <a href=\"https:\/\/elfsight.com\/blog\/how-to-add-custom-tab-to-facebook-page\/\" target=\"_blank\" rel=\"noopener noreferrer\">criando uma guia personalizada do Facebook<\/a><\/li><li><b>A configura\u00e7\u00e3o foi bem-sucedida! <\/b><br>V\u00e1 para a p\u00e1gina para visualizar seu feed. <\/li><\/ul><p>Caso necessite de suporte detalhado, consulte o manual detalhado \u00abComo instalar o Facebook Feed no Facebook\u00bb ou entre em contato com nosso suporte ao cliente e teremos prazer em lhe fornecer qualquer ajuda.<\/p><\/div>","protected":false},"excerpt":{"rendered":"","protected":false},"author":9,"featured_media":0,"parent":386,"menu_order":0,"comment_status":"closed","ping_status":"closed","template":"templates\/template-application-platform.php","meta":{"publish_to_discourse":"","publish_post_category":"","wpdc_auto_publish_overridden":"","wpdc_topic_tags":"","wpdc_pin_topic":"","wpdc_pin_until":"","discourse_post_id":"","discourse_permalink":"","wpdc_publishing_response":"","wpdc_publishing_error":"","footnotes":""},"class_list":["post-3832","page","type-page","status-publish","hentry"],"yoast_head":"<!-- This site is optimized with the Yoast SEO plugin v25.3.1 - https:\/\/yoast.com\/wordpress\/plugins\/seo\/ -->\n<title>Adicione qualquer feed do Facebook \u00e0 p\u00e1gina do Facebook (2025)<\/title>\n<meta name=\"description\" content=\"Mostre a melhor guia Feed em sua p\u00e1gina comercial do Facebook. Use o construtor ao vivo da Elfsight e crie seu widget exclusivo em apenas 3 minutos.\" \/>\n<meta name=\"robots\" content=\"index, follow, max-snippet:-1, max-image-preview:large, max-video-preview:-1\" \/>\n<link rel=\"canonical\" href=\"https:\/\/elfsight.com\/pt\/facebook-feed-widget\/facebook\/\" \/>\n<meta property=\"og:locale\" content=\"pt_PT\" \/>\n<meta property=\"og:type\" content=\"article\" \/>\n<meta property=\"og:title\" content=\"Adicione qualquer feed do Facebook \u00e0 p\u00e1gina do Facebook (2025)\" \/>\n<meta property=\"og:description\" content=\"Mostre a melhor guia Feed em sua p\u00e1gina comercial do Facebook. Use o construtor ao vivo da Elfsight e crie seu widget exclusivo em apenas 3 minutos.\" \/>\n<meta property=\"og:url\" content=\"https:\/\/elfsight.com\/pt\/facebook-feed-widget\/facebook\/\" \/>\n<meta property=\"og:site_name\" content=\"Elfsight PT\" \/>\n<meta property=\"article:modified_time\" content=\"2024-11-13T11:46:23+00:00\" \/>\n<meta name=\"twitter:card\" content=\"summary_large_image\" \/>\n<meta name=\"twitter:label1\" content=\"Tempo estimado de leitura\" \/>\n\t<meta name=\"twitter:data1\" content=\"2 minutos\" \/>\n<!-- \/ Yoast SEO plugin. -->","yoast_head_json":{"title":"Adicione qualquer feed do Facebook \u00e0 p\u00e1gina do Facebook (2025)","description":"Mostre a melhor guia Feed em sua p\u00e1gina comercial do Facebook. Use o construtor ao vivo da Elfsight e crie seu widget exclusivo em apenas 3 minutos.","robots":{"index":"index","follow":"follow","max-snippet":"max-snippet:-1","max-image-preview":"max-image-preview:large","max-video-preview":"max-video-preview:-1"},"canonical":"https:\/\/elfsight.com\/pt\/facebook-feed-widget\/facebook\/","og_locale":"pt_PT","og_type":"article","og_title":"Adicione qualquer feed do Facebook \u00e0 p\u00e1gina do Facebook (2025)","og_description":"Mostre a melhor guia Feed em sua p\u00e1gina comercial do Facebook. Use o construtor ao vivo da Elfsight e crie seu widget exclusivo em apenas 3 minutos.","og_url":"https:\/\/elfsight.com\/pt\/facebook-feed-widget\/facebook\/","og_site_name":"Elfsight PT","article_modified_time":"2024-11-13T11:46:23+00:00","twitter_card":"summary_large_image","twitter_misc":{"Tempo estimado de leitura":"2 minutos"},"schema":{"@context":"https:\/\/schema.org","@graph":[{"@type":"WebPage","@id":"https:\/\/elfsight.com\/pt\/facebook-feed-widget\/facebook\/","url":"https:\/\/elfsight.com\/pt\/facebook-feed-widget\/facebook\/","name":"Adicione qualquer feed do Facebook \u00e0 p\u00e1gina do Facebook (2025)","isPartOf":{"@id":"https:\/\/elfsight.com\/pt\/#website"},"datePublished":"2024-05-03T06:35:48+00:00","dateModified":"2024-11-13T11:46:23+00:00","description":"Mostre a melhor guia Feed em sua p\u00e1gina comercial do Facebook. Use o construtor ao vivo da Elfsight e crie seu widget exclusivo em apenas 3 minutos.","breadcrumb":{"@id":"https:\/\/elfsight.com\/pt\/facebook-feed-widget\/facebook\/#breadcrumb"},"inLanguage":"pt-PT","potentialAction":[{"@type":"ReadAction","target":["https:\/\/elfsight.com\/pt\/facebook-feed-widget\/facebook\/"]}]},{"@type":"BreadcrumbList","@id":"https:\/\/elfsight.com\/pt\/facebook-feed-widget\/facebook\/#breadcrumb","itemListElement":[{"@type":"ListItem","position":1,"name":"Home","item":"https:\/\/elfsight.com\/pt\/"},{"@type":"ListItem","position":2,"name":"Facebook Feed","item":"https:\/\/elfsight.com\/pt\/facebook-feed-widget\/"},{"@type":"ListItem","position":3,"name":"Facebook Feed &#8211; Facebook Page"}]},{"@type":"WebSite","@id":"https:\/\/elfsight.com\/pt\/#website","url":"https:\/\/elfsight.com\/pt\/","name":"Elfsight PT","description":"Just another Elfsight Sites site","potentialAction":[{"@type":"SearchAction","target":{"@type":"EntryPoint","urlTemplate":"https:\/\/elfsight.com\/pt\/?s={search_term_string}"},"query-input":{"@type":"PropertyValueSpecification","valueRequired":true,"valueName":"search_term_string"}}],"inLanguage":"pt-PT"}]}},"meta_box":{"industry":"","seo_heading":"","heading":"","description":"","cta_heading":"","cta_description":"","application":"385","h1":"Feed do Facebook para p\u00e1gina do Facebook","h1_caption":"Top 1 plugin para inserir postagens e fotos de qualquer perfil em sua p\u00e1gina do Facebook","application_category":[],"applications_title":"","applications_request_title":"","applications_request_button_text":"","hero_text":"","hero_video":"","hero_video_schema_markup":"","selling_points_title":"","selling_points_caption":"","selling_points":[],"selling_points_cta_text":"","features_title":"","features":"","ed_cta_examples_text":"","ed_cta_examples_hidden":"","ed_cta_demo_text":"","ed_cta_demo_hidden":"","why_caption":"","why_editor_title":"","why_editor_text":"","why_team_title":"","why_team_text":"","why_service_title":"","why_service_text":"","template_catalog_visible":"","template_catalog_title":"","template_catalog_text":"","template_catalog_categories_visible":"","demo_title":"Crie seu widget de feed do Facebook","demo_caption":"Configure seu feed do Facebook e adicione-o ao site da sua p\u00e1gina do Facebook gratuitamente!","default_faq_hidden":"","app_template_category":[],"platform":"103","template_public_id":"","codecanyon_url":"","codecanyon_item_id":"","codecanyon_price":"","pricing_caption":"","pricing_elfsight_apps_hide_column":"","pricing_elfsight_apps_url":"","pricing_codecanyon_price_caption":"","integration_category":[],"integration_request_title":"","integration_request_cta":"","integration_platform":"","integrations":[],"platform_category":[],"video_schema_markup":"","price":"a partir de US$ 0\/m\u00eas","trial":"","benefits":[{"text":"Assist\u00eancia de instala\u00e7\u00e3o gratuita"},{"text":"Suporte ao cliente experiente"},{"text":"Garantia de devolu\u00e7\u00e3o do dinheiro em 14 dias"},{"text":"Atualiza\u00e7\u00f5es cont\u00ednuas"}],"button_url":"#demo","button_target_blank":"0","button_nofollow":"0","attributes":[{"name":"Instala\u00e7\u00f5es","content":"100,000 - 500,000","_state":"expanded"},{"name":"Capacidade de resposta","content":"Otimizado para celular","_state":"expanded"},{"name":"Navegadores compat\u00edveis","content":"Chrome, Safari, Opera, Firefox, Edge"}],"tags":[],"tags_disable_links":"0","hide_more_platforms":"","video_object":"","demo_hide_cta":"0","demo_hide_cloud_options":"0","pricing_title":"","pricing":[{"pricing_icon":"platform","pricing_title":"Elfsight Apps","pricing_title_caption":"Solu\u00e7\u00e3o digital independente de plataforma que funciona em qualquer site","pricing_price":"a partir de US$ 0\/m\u00eas","pricing_price_caption":"comece com plano gratuito","pricing_benefits":[{"text":"Dom\u00ednios ilimitados"},{"text":"Suporte profissional e pontual"},{"text":"Suporte profissional e pontual"},{"text":"Design flex\u00edvel"}],"pricing_button_text":"Adicionar ao site","pricing_button_url":"#demo","_state":"expanded"}],"related_apps_title":"","related_apps_hidden":"1","author":"","image":[],"title":"","job":"","social_networks":[]},"_links":{"self":[{"href":"https:\/\/elfsight.com\/pt\/wp-json\/wp\/v2\/pages\/3832","targetHints":{"allow":["GET"]}}],"collection":[{"href":"https:\/\/elfsight.com\/pt\/wp-json\/wp\/v2\/pages"}],"about":[{"href":"https:\/\/elfsight.com\/pt\/wp-json\/wp\/v2\/types\/page"}],"author":[{"embeddable":true,"href":"https:\/\/elfsight.com\/pt\/wp-json\/wp\/v2\/users\/9"}],"replies":[{"embeddable":true,"href":"https:\/\/elfsight.com\/pt\/wp-json\/wp\/v2\/comments?post=3832"}],"version-history":[{"count":2,"href":"https:\/\/elfsight.com\/pt\/wp-json\/wp\/v2\/pages\/3832\/revisions"}],"predecessor-version":[{"id":11797,"href":"https:\/\/elfsight.com\/pt\/wp-json\/wp\/v2\/pages\/3832\/revisions\/11797"}],"up":[{"embeddable":true,"href":"https:\/\/elfsight.com\/pt\/wp-json\/wp\/v2\/pages\/386"}],"wp:attachment":[{"href":"https:\/\/elfsight.com\/pt\/wp-json\/wp\/v2\/media?parent=3832"}],"curies":[{"name":"wp","href":"https:\/\/api.w.org\/{rel}","templated":true}]}}