{"id":3829,"date":"2024-05-03T06:34:05","date_gmt":"2024-05-03T06:34:05","guid":{"rendered":"https:\/\/elfsight.com\/pt\/?page_id=3829"},"modified":"2024-11-13T12:06:06","modified_gmt":"2024-11-13T12:06:06","slug":"elementor","status":"publish","type":"page","link":"https:\/\/elfsight.com\/pt\/countdown-timer-widget\/elementor\/","title":{"rendered":"Countdown Timer &#8211; Elementor"},"content":{"rendered":"<div class=\"application-platform-content-item-description application-platform-content-item\" id=\"description\" data-nav-section=\"description\"> <h2>Incorpore o temporizador de contagem regressiva no Elementor com o widget Elfsight<\/h2><p>Mostre as contagens de aumento de vendas para o seu site com o widget Elfsight Countdown. Aque\u00e7a o ambiente e evoque a sensa\u00e7\u00e3o de escassez de seus produtos, mostrando a rapidez com que eles s\u00e3o adquiridos diante dos olhos dos clientes. Defina urg\u00eancia na compra com contagem regressiva para o final do per\u00edodo da oferta especial. Anuncie suas futuras ocasi\u00f5es ou feriados e mantenha seu p\u00fablico ansioso por eles, mostrando um cron\u00f4metro de contagem regressiva.<\/p> <p><b>Aumente as vendas do seu site usando cron\u00f4metros de urg\u00eancia e contagens oferecidas por nosso cron\u00f4metro de contagem regressiva Elementor. <\/b><\/p><p><b>Estimule os compradores a comprar criando um sentimento de urg\u00eancia.<\/b><br> Fa\u00e7a com que sua clientela sinta medo de perder o tempo e a promo\u00e7\u00e3o de pre\u00e7os baixos, enquanto o tempo \u00e9 contagem regressiva at\u00e9 o fim. Isso far\u00e1 com que os usu\u00e1rios comprem mais rapidamente e aumentem as vendas em seu site.<\/p><p><b>Demonstre a queda do estoque para aumentar o valor percebido dos itens.<\/b><br> Defina um sentimento de competi\u00e7\u00e3o para o seu site. bens, demonstrando como a quantidade de vendas est\u00e1 crescendo e o estoque est\u00e1 diminuindo. O valor percebido do produto aumentar\u00e1 e os clientes tamb\u00e9m v\u00e3o querer t\u00ea-lo.<\/p><p><b>Atraia mais aten\u00e7\u00e3o para as vendas com a ajuda de uma atraente barra de cron\u00f4metro em estilo natalino.<\/b><br> Crie um bar tem\u00e1tico alegre para festivais e ocasi\u00f5es especiais. Ele refletir\u00e1 a atmosfera de f\u00e9rias e avan\u00e7ar\u00e1 suas ofertas especiais para ajud\u00e1-lo a vender mais durante a alta temporada.<\/p><\/div><div class=\"application-platform-content-item-features application-platform-content-item\" id=\"features\" data-nav-section=\"features\"> <h2>Principais recursos do widget Contador regressivo<\/h2> <p>Quais caracter\u00edsticas tornam nosso widget o melhor para cada site Elementor? Explore suas vantagens b\u00e1sicas:<\/p><ul> <li>Contador ascendente e descendente;<\/li> <li>Texto do bot\u00e3o edit\u00e1vel;<\/li> <li>Op\u00e7\u00e3o para desligar qualquer unidade de tempo;<\/li> <li>Op\u00e7\u00e3o para alterar a cor do cron\u00f4metro, bot\u00e3o, r\u00f3tulos e mensagem; <\/li> <li>Tamanhos personaliz\u00e1veis \u200b\u200bde temporizador e bot\u00e3o.<\/li><\/ul> <p><a href=\"#demo\">Voc\u00ea pode estudar todas as vantagens com a ajuda do editor ao vivo<\/a><\/p><\/div><div class=\"application-platform-content-item-installation application-platform-content-item\" id=\"installation\" data-nav-section=\"installation\"><\/div> <h2>Como adicionar um temporizador de contagem regressiva ao site Elementor<\/h2><div class=\"video-container\"><iframe width=\"720\" height=\"405\" src=\"https:\/\/www.youtube.com\/embed\/LqcfbY8KevU\" frameborder=\"0\" allowfullscreen=\"\"><\/iframe><\/div><p>Para realizar a incorpora\u00e7\u00e3o, voc\u00ea n\u00e3o ir\u00e1 precisa ter compet\u00eancia em programa\u00e7\u00e3o ou muito tempo. Apenas v\u00e1rios est\u00e1gios f\u00e1ceis e 1 minuto de tempo resultar\u00e3o em um <a href=\"https:\/\/elfsight.com\/blog\/best-countdown-timer-for-elementor\/\">Temporizador de contagem regressiva Elementor<\/a> para voc\u00ea .<\/p><ol><li><b>Gere seu widget de contagem regressiva individual<\/b><br> Usando nosso editor gratuito, crie um plugin com apar\u00eancia e op\u00e7\u00f5es preferidas.<\/li><li><b> Obtenha o c\u00f3digo exclusivo para mostrar o plug-in<\/b><br> Depois de gerar o widget, receba um c\u00f3digo exclusivo para o plug-in Countdown na notifica\u00e7\u00e3o pop-up nos aplicativos Elfsight.<\/li><li><b>Publique o plug-in no site Elementor<\/b><br> Integre o plugin em um local selecionado do site e publique os resultados.<\/li><li><b>Pronto!<\/b><br> Visite seu site para ver como funciona o plugin Elementor Countdown Timer.<\/li><\/ol><p>Tem d\u00favidas sobre como exibir o plugin ou personaliz\u00e1-lo? Contacte o suporte da Elfsight para obter ajuda com qualquer problema.<\/p>","protected":false},"excerpt":{"rendered":"Como adicionar um temporizador de contagem regressiva ao site ElementorPara realizar a incorpora\u00e7\u00e3o, voc\u00ea n\u00e3o ir\u00e1 precisa ter compet\u00eancia em programa\u00e7\u00e3o ou muito tempo. Apenas v\u00e1rios est\u00e1gios f\u00e1ceis e 1 minuto de tempo resultar\u00e3o em um Temporizador de contagem regressiva Elementor para voc\u00ea .Gere seu widget de contagem regressiva individual&#8230;","protected":false},"author":9,"featured_media":0,"parent":505,"menu_order":0,"comment_status":"closed","ping_status":"closed","template":"templates\/template-application-platform.php","meta":{"publish_to_discourse":"","publish_post_category":"","wpdc_auto_publish_overridden":"","wpdc_topic_tags":"","wpdc_pin_topic":"","wpdc_pin_until":"","discourse_post_id":"","discourse_permalink":"","wpdc_publishing_response":"","wpdc_publishing_error":"","footnotes":""},"class_list":["post-3829","page","type-page","status-publish","hentry"],"yoast_head":"<!-- This site is optimized with the Yoast SEO plugin v25.3.1 - https:\/\/yoast.com\/wordpress\/plugins\/seo\/ -->\n<title>Widget de cron\u00f4metro de contagem regressiva Elementor - Adicionar cron\u00f4metro de contagem regressiva ao Elementor [2025]<\/title>\n<meta name=\"description\" content=\"Crie um widget de contagem regressiva personalizado para o site Elementor. Adicione widgets extensos em apenas 3 minutos gratuitamente no editor de plugins mais pr\u00e1tico.\" \/>\n<meta name=\"robots\" content=\"index, follow, max-snippet:-1, max-image-preview:large, max-video-preview:-1\" \/>\n<link rel=\"canonical\" href=\"https:\/\/elfsight.com\/pt\/countdown-timer-widget\/elementor\/\" \/>\n<meta property=\"og:locale\" content=\"pt_PT\" \/>\n<meta property=\"og:type\" content=\"article\" \/>\n<meta property=\"og:title\" content=\"Widget de cron\u00f4metro de contagem regressiva Elementor - Adicionar cron\u00f4metro de contagem regressiva ao Elementor [2025]\" \/>\n<meta property=\"og:description\" content=\"Crie um widget de contagem regressiva personalizado para o site Elementor. Adicione widgets extensos em apenas 3 minutos gratuitamente no editor de plugins mais pr\u00e1tico.\" \/>\n<meta property=\"og:url\" content=\"https:\/\/elfsight.com\/pt\/countdown-timer-widget\/elementor\/\" \/>\n<meta property=\"og:site_name\" content=\"Elfsight PT\" \/>\n<meta property=\"article:modified_time\" content=\"2024-11-13T12:06:06+00:00\" \/>\n<meta name=\"twitter:card\" content=\"summary_large_image\" \/>\n<meta name=\"twitter:label1\" content=\"Tempo estimado de leitura\" \/>\n\t<meta name=\"twitter:data1\" content=\"2 minutos\" \/>\n<!-- \/ Yoast SEO plugin. -->","yoast_head_json":{"title":"Widget de cron\u00f4metro de contagem regressiva Elementor - Adicionar cron\u00f4metro de contagem regressiva ao Elementor [2025]","description":"Crie um widget de contagem regressiva personalizado para o site Elementor. Adicione widgets extensos em apenas 3 minutos gratuitamente no editor de plugins mais pr\u00e1tico.","robots":{"index":"index","follow":"follow","max-snippet":"max-snippet:-1","max-image-preview":"max-image-preview:large","max-video-preview":"max-video-preview:-1"},"canonical":"https:\/\/elfsight.com\/pt\/countdown-timer-widget\/elementor\/","og_locale":"pt_PT","og_type":"article","og_title":"Widget de cron\u00f4metro de contagem regressiva Elementor - Adicionar cron\u00f4metro de contagem regressiva ao Elementor [2025]","og_description":"Crie um widget de contagem regressiva personalizado para o site Elementor. Adicione widgets extensos em apenas 3 minutos gratuitamente no editor de plugins mais pr\u00e1tico.","og_url":"https:\/\/elfsight.com\/pt\/countdown-timer-widget\/elementor\/","og_site_name":"Elfsight PT","article_modified_time":"2024-11-13T12:06:06+00:00","twitter_card":"summary_large_image","twitter_misc":{"Tempo estimado de leitura":"2 minutos"},"schema":{"@context":"https:\/\/schema.org","@graph":[{"@type":"WebPage","@id":"https:\/\/elfsight.com\/pt\/countdown-timer-widget\/elementor\/","url":"https:\/\/elfsight.com\/pt\/countdown-timer-widget\/elementor\/","name":"Widget de cron\u00f4metro de contagem regressiva Elementor - Adicionar cron\u00f4metro de contagem regressiva ao Elementor [2025]","isPartOf":{"@id":"https:\/\/elfsight.com\/pt\/#website"},"datePublished":"2024-05-03T06:34:05+00:00","dateModified":"2024-11-13T12:06:06+00:00","description":"Crie um widget de contagem regressiva personalizado para o site Elementor. Adicione widgets extensos em apenas 3 minutos gratuitamente no editor de plugins mais pr\u00e1tico.","breadcrumb":{"@id":"https:\/\/elfsight.com\/pt\/countdown-timer-widget\/elementor\/#breadcrumb"},"inLanguage":"pt-PT","potentialAction":[{"@type":"ReadAction","target":["https:\/\/elfsight.com\/pt\/countdown-timer-widget\/elementor\/"]}]},{"@type":"BreadcrumbList","@id":"https:\/\/elfsight.com\/pt\/countdown-timer-widget\/elementor\/#breadcrumb","itemListElement":[{"@type":"ListItem","position":1,"name":"Home","item":"https:\/\/elfsight.com\/pt\/"},{"@type":"ListItem","position":2,"name":"Countdown Timer","item":"https:\/\/elfsight.com\/pt\/countdown-timer-widget\/"},{"@type":"ListItem","position":3,"name":"Countdown Timer &#8211; Elementor"}]},{"@type":"WebSite","@id":"https:\/\/elfsight.com\/pt\/#website","url":"https:\/\/elfsight.com\/pt\/","name":"Elfsight PT","description":"Just another Elfsight Sites site","potentialAction":[{"@type":"SearchAction","target":{"@type":"EntryPoint","urlTemplate":"https:\/\/elfsight.com\/pt\/?s={search_term_string}"},"query-input":{"@type":"PropertyValueSpecification","valueRequired":true,"valueName":"search_term_string"}}],"inLanguage":"pt-PT"}]}},"meta_box":{"industry":"","seo_heading":"","heading":"","description":"","cta_heading":"","cta_description":"","application":"504","h1":"Widget de contagem regressiva Elementor","h1_caption":"Acelere as vendas em seu site com cron\u00f4metros e contagens que aumentam a urg\u00eancia","application_category":[],"applications_title":"","applications_request_title":"","applications_request_button_text":"","hero_text":"","hero_video":"","hero_video_schema_markup":"","selling_points_title":"","selling_points_caption":"","selling_points":[],"selling_points_cta_text":"","features_title":"","features":"","ed_cta_examples_text":"","ed_cta_examples_hidden":"","ed_cta_demo_text":"","ed_cta_demo_hidden":"","why_caption":"","why_editor_title":"","why_editor_text":"","why_team_title":"","why_team_text":"","why_service_title":"","why_service_text":"","template_catalog_visible":"","template_catalog_title":"","template_catalog_text":"","template_catalog_categories_visible":"","demo_title":"Crie seu widget de contagem regressiva","demo_caption":"Configure seu cron\u00f4metro de contagem regressiva e adicione-o ao seu site Elementor gratuitamente!","default_faq_hidden":"","app_template_category":[],"platform":"100","template_public_id":"","codecanyon_url":"","codecanyon_item_id":"","codecanyon_price":"","pricing_caption":"","pricing_elfsight_apps_hide_column":"","pricing_elfsight_apps_url":"","pricing_codecanyon_price_caption":"","integration_category":[],"integration_request_title":"","integration_request_cta":"","integration_platform":"","integrations":[],"platform_category":[],"video_schema_markup":"","price":"a partir de US$ 0\/m\u00eas","trial":"","benefits":[{"text":"Assist\u00eancia de instala\u00e7\u00e3o gratuita"},{"text":"Suporte premium"},{"text":"Garantia de devolu\u00e7\u00e3o do dinheiro em 14 dias"},{"text":"Futuras melhorias gratuitas"}],"button_url":"#demo","button_target_blank":"0","button_nofollow":"0","attributes":[{"name":"Instala\u00e7\u00f5es","content":"100,000 - 500,000","_state":"expanded"},{"name":"Responsivo","content":"Sim","_state":"expanded"},{"name":"Navegadores compat\u00edveis","content":"Firefox, Safari, Opera, Chrome, Edge"}],"tags":[],"tags_disable_links":"0","hide_more_platforms":"","video_object":"","demo_hide_cta":"0","demo_hide_cloud_options":"0","pricing_title":"","pricing":[{"pricing_icon":"platform","pricing_title":"Elfsight Apps","pricing_title_caption":"Vers\u00e3o independente de plataforma","pricing_price":"a partir de US$ 0\/m\u00eas","pricing_price_caption":"comece com plano gratuito","pricing_benefits":[{"text":"Sites ilimitados"},{"text":"Suporte dedicado e pontual"},{"text":"Suporte dedicado e pontual"},{"text":"Oferta por tempo limitado para v\u00e1rios aplicativos"}],"pricing_button_text":"Adicionar ao site","pricing_button_url":"#demo","_state":"expanded"}],"related_apps_title":"","related_apps_hidden":"1","author":"","image":[],"title":"","job":"","social_networks":[]},"_links":{"self":[{"href":"https:\/\/elfsight.com\/pt\/wp-json\/wp\/v2\/pages\/3829","targetHints":{"allow":["GET"]}}],"collection":[{"href":"https:\/\/elfsight.com\/pt\/wp-json\/wp\/v2\/pages"}],"about":[{"href":"https:\/\/elfsight.com\/pt\/wp-json\/wp\/v2\/types\/page"}],"author":[{"embeddable":true,"href":"https:\/\/elfsight.com\/pt\/wp-json\/wp\/v2\/users\/9"}],"replies":[{"embeddable":true,"href":"https:\/\/elfsight.com\/pt\/wp-json\/wp\/v2\/comments?post=3829"}],"version-history":[{"count":2,"href":"https:\/\/elfsight.com\/pt\/wp-json\/wp\/v2\/pages\/3829\/revisions"}],"predecessor-version":[{"id":11741,"href":"https:\/\/elfsight.com\/pt\/wp-json\/wp\/v2\/pages\/3829\/revisions\/11741"}],"up":[{"embeddable":true,"href":"https:\/\/elfsight.com\/pt\/wp-json\/wp\/v2\/pages\/505"}],"wp:attachment":[{"href":"https:\/\/elfsight.com\/pt\/wp-json\/wp\/v2\/media?parent=3829"}],"curies":[{"name":"wp","href":"https:\/\/api.w.org\/{rel}","templated":true}]}}