{"id":3821,"date":"2024-05-03T06:34:21","date_gmt":"2024-05-03T06:34:21","guid":{"rendered":"https:\/\/elfsight.com\/pt\/?page_id=3821"},"modified":"2025-01-29T09:33:25","modified_gmt":"2025-01-29T09:33:25","slug":"drupal","status":"publish","type":"page","link":"https:\/\/elfsight.com\/pt\/countdown-timer-widget\/drupal\/","title":{"rendered":"Countdown Timer &#8211; Drupal"},"content":{"rendered":"\n<div class=\"application-platform-content-item-description application-platform-content-item\" id=\"description\" data-nav-section=\"description\"><h2>Descri\u00e7\u00e3o<\/h2><p>Voc\u00ea pode usar o m\u00f3dulo Elfsight Countdown Clock para exibir diversos tipos de contagens e temporizadores que estimulam a clientela a comprar. A contagem de estoque ou de vendas criar\u00e1 uma sensa\u00e7\u00e3o de d\u00e9ficit e competi\u00e7\u00e3o; a contagem regressiva de vendas estimular\u00e1 os compradores a comprar antes de perderem muito. Uma contagem regressiva pessoal estimular\u00e1 cada cliente a usar uma oferta pessoal agora mesmo; banners de feriados com ofertas especiais atrair\u00e3o a aten\u00e7\u00e3o gra\u00e7as ao design do tema.<\/p><p><b>Torne seus eventos e vendas imposs\u00edveis de perder e atraia mais compras.<\/b><\/p><p><b> Inspire os usu\u00e1rios a comprar evocando um senso de urg\u00eancia.<\/b><br> Deixe seus clientes com medo de perder seu grande neg\u00f3cio, mostrando o tempo gasto at\u00e9 o final dele. Isso far\u00e1 com que os visitantes comprem mais r\u00e1pido e aumente as vendas em seu site.<\/p><p><b>Demonstre a queda do estoque para aumentar o valor dos itens. <\/b><br> Crie um senso de competi\u00e7\u00e3o para seus itens mostrando como a quantidade de compras est\u00e1 aumentando e o estoque est\u00e1 diminuindo. O valor percebido do produto aumentar\u00e1 e os usu\u00e1rios tamb\u00e9m desejar\u00e3o obt\u00ea-lo.<\/p><p><b>Atraia mais aten\u00e7\u00e3o para sua venda com uma barra de cron\u00f4metro especial em estilo natalino.<\/b><br> Usando barras tem\u00e1ticas atraentes , voc\u00ea pode anunciar suas ofertas e vendas sazonais. Aproveite ao m\u00e1ximo as f\u00e9rias para aumentar as vendas no seu site.<\/p><\/div><div class=\"application-platform-content-item-features application-platform-content-item\" id=\"features\" data-nav-section=\"features\"><h2>Recursos<\/h2><p>5 recursos que tornam o Elfsight Countdown uma solu\u00e7\u00e3o essencial para site Drupal:<\/p><ul><li>Duas a\u00e7\u00f5es ap\u00f3s o t\u00e9rmino do cron\u00f4metro: ocultar o cron\u00f4metro ou mostrar mensagem;<\/li><li>Op\u00e7\u00e3o para abrir o link do bot\u00e3o em uma nova aba;<\/li><li> Quatro unidades de tempo: dias, horas, minutos, segundos;<\/li><li>Alinhar variantes para posi\u00e7\u00e3o personalizada: esquerda, direita, centro;<\/li><li>Interface responsiva com adapta\u00e7\u00e3o automatizada ao tamanho da tela.<\/li><\/li><\/ul><p><a href=\"#demo\">Experimente todos os detalhes<\/a><\/p><\/div><div class=\"application-platform-content-item-installation application-platform-content-item\" id=\"installation\" data-nav-section=\"installation\"><h2>Como adicionar um temporizador de contagem regressiva para o site Drupal<\/h2><div class=\"video-container\"><iframe width=\"720\" height=\"405\" src=\"https:\/\/www.youtube.com\/embed\/DQ_PODhRgU4\" frameborder=\"0\" allowfullscreen=\"\"><\/iframe><\/div><p>Basta aplicar as instru\u00e7\u00f5es abaixo para come\u00e7ar a trabalhar com a ferramenta no Drupal.<\/p> <ol><li><b>Inicie nosso editor gratuito e comece construindo seu m\u00f3dulo Timer exclusivo. <\/b><br> Escolha o design e os par\u00e2metros preferidos do m\u00f3dulo e aplique as edi\u00e7\u00f5es. <\/li> <li><b>Receba o c\u00f3digo exclusivo que \u00e9 mostrado na janela dos aplicativos Elfsight. <\/b><br> Assim que a configura\u00e7\u00e3o do seu m\u00f3dulo pessoal for conclu\u00edda, copie o c\u00f3digo exclusivo do pop-up que aparece e salve-o para ocasi\u00f5es futuras. <\/li> <li><b>Entre usando o plugin no site Drupal. <\/b><br> Coloque o c\u00f3digo salvo recentemente em sua p\u00e1gina e aplique as modifica\u00e7\u00f5es. <\/li> <li><b>Pronto! A integra\u00e7\u00e3o foi realizada com sucesso. <\/b><br> Acesse sua p\u00e1gina para revisar como o m\u00f3dulo est\u00e1 operando. <\/li><\/ol><p>Teve algumas d\u00favidas ao usar o manual? Entre em contato com o servi\u00e7o de suporte da Elfsight ou consulte um <a href=\"https:\/\/elfsight.com\/tutorials\/how-to-add-countdown-timer-to-drupal\/\" target=\"_blank\" rel=\"noopener noreferrer\">detalhado texto do guia<\/a> e complete a adi\u00e7\u00e3o voc\u00ea mesmo.<\/p><div class=\"faq\" data-component=\"FAQ\"> <div class=\"faq-item\">\r\n\t\t\t\t\t<div class=\"faq-item-question\">\r\n\t\t\t\t\t\t<h3 class=\"faq-item-question-text\">Como adicionar um temporizador de contagem regressiva ao meu site Drupal sem habilidades de codifica\u00e7\u00e3o?<\/h3>\r\n\r\n\t\t\t\t\t\t<div class=\"faq-item-question-icon\"><\/div>\r\n\t\t\t\t\t<\/div>\r\n\r\n\t\t\t\t\t<div class=\"faq-item-answer\">\r\n\t\t\t\t\t\t<div class=\"faq-item-answer-text\"> <p>A Elfsight fornece uma solu\u00e7\u00e3o SaaS que permite que voc\u00ea mesmo crie um widget de cron\u00f4metro de contagem regressiva, veja como o processo \u00e9 f\u00e1cil: Trabalhe diretamente no editor on-line para criar um widget de cron\u00f4metro de contagem regressiva que voc\u00ea gostaria de ver em seu site Drupal. Escolha um dos modelos predefinidos e ajuste as configura\u00e7\u00f5es do cron\u00f4metro de contagem regressiva, adicione seu conte\u00fado, altere o layout e as cores sem habilidades de codifica\u00e7\u00e3o. Salve o cron\u00f4metro de contagem regressiva e copie seu c\u00f3digo de instala\u00e7\u00e3o, que voc\u00ea pode simplesmente colar em seu site Drupal sem comprar uma assinatura paga. Com nosso editor intuitivo, qualquer usu\u00e1rio da Internet pode criar um widget de contagem regressiva online e incorpor\u00e1-lo facilmente em seu site Drupal. N\u00e3o h\u00e1 necessidade de pagar ou inserir as credenciais do seu cart\u00e3o para acessar o servi\u00e7o. Se voc\u00ea enfrentar qualquer problema em qualquer etapa, n\u00e3o hesite em entrar em contato com nossa equipe de suporte t\u00e9cnico.<\/p> <\/div>\r\n\t\t\t\t\t<\/div>\r\n\t\t\t\t<\/div> <\/div> <\/div>\n","protected":false},"excerpt":{"rendered":"","protected":false},"author":9,"featured_media":0,"parent":505,"menu_order":0,"comment_status":"closed","ping_status":"closed","template":"templates\/template-application-platform.php","meta":{"publish_to_discourse":"","publish_post_category":"","wpdc_auto_publish_overridden":"","wpdc_topic_tags":"","wpdc_pin_topic":"","wpdc_pin_until":"","discourse_post_id":"","discourse_permalink":"","wpdc_publishing_response":"","wpdc_publishing_error":"","footnotes":""},"class_list":["post-3821","page","type-page","status-publish","hentry"],"yoast_head":"<!-- This site is optimized with the Yoast SEO plugin v25.3.1 - https:\/\/yoast.com\/wordpress\/plugins\/seo\/ -->\n<title>O melhor m\u00f3dulo Drupal Countdown Timer para site (2025)<\/title>\n<meta name=\"description\" content=\"Crie o melhor m\u00f3dulo de contagem regressiva para o seu site Drupal. Explore nosso editor flex\u00edvel e gere um plugin pessoal em apenas 1 minuto.\" \/>\n<meta name=\"robots\" content=\"index, follow, max-snippet:-1, max-image-preview:large, max-video-preview:-1\" \/>\n<link rel=\"canonical\" href=\"https:\/\/elfsight.com\/pt\/countdown-timer-widget\/drupal\/\" \/>\n<meta property=\"og:locale\" content=\"pt_PT\" \/>\n<meta property=\"og:type\" content=\"article\" \/>\n<meta property=\"og:title\" content=\"O melhor m\u00f3dulo Drupal Countdown Timer para site (2025)\" \/>\n<meta property=\"og:description\" content=\"Crie o melhor m\u00f3dulo de contagem regressiva para o seu site Drupal. Explore nosso editor flex\u00edvel e gere um plugin pessoal em apenas 1 minuto.\" \/>\n<meta property=\"og:url\" content=\"https:\/\/elfsight.com\/pt\/countdown-timer-widget\/drupal\/\" \/>\n<meta property=\"og:site_name\" content=\"Elfsight PT\" \/>\n<meta property=\"article:modified_time\" content=\"2025-01-29T09:33:25+00:00\" \/>\n<meta name=\"twitter:card\" content=\"summary_large_image\" \/>\n<meta name=\"twitter:label1\" content=\"Tempo estimado de leitura\" \/>\n\t<meta name=\"twitter:data1\" content=\"4 minutos\" \/>\n<!-- \/ Yoast SEO plugin. -->","yoast_head_json":{"title":"O melhor m\u00f3dulo Drupal Countdown Timer para site (2025)","description":"Crie o melhor m\u00f3dulo de contagem regressiva para o seu site Drupal. Explore nosso editor flex\u00edvel e gere um plugin pessoal em apenas 1 minuto.","robots":{"index":"index","follow":"follow","max-snippet":"max-snippet:-1","max-image-preview":"max-image-preview:large","max-video-preview":"max-video-preview:-1"},"canonical":"https:\/\/elfsight.com\/pt\/countdown-timer-widget\/drupal\/","og_locale":"pt_PT","og_type":"article","og_title":"O melhor m\u00f3dulo Drupal Countdown Timer para site (2025)","og_description":"Crie o melhor m\u00f3dulo de contagem regressiva para o seu site Drupal. Explore nosso editor flex\u00edvel e gere um plugin pessoal em apenas 1 minuto.","og_url":"https:\/\/elfsight.com\/pt\/countdown-timer-widget\/drupal\/","og_site_name":"Elfsight PT","article_modified_time":"2025-01-29T09:33:25+00:00","twitter_card":"summary_large_image","twitter_misc":{"Tempo estimado de leitura":"4 minutos"},"schema":{"@context":"https:\/\/schema.org","@graph":[{"@type":"WebPage","@id":"https:\/\/elfsight.com\/pt\/countdown-timer-widget\/drupal\/","url":"https:\/\/elfsight.com\/pt\/countdown-timer-widget\/drupal\/","name":"O melhor m\u00f3dulo Drupal Countdown Timer para site (2025)","isPartOf":{"@id":"https:\/\/elfsight.com\/pt\/#website"},"datePublished":"2024-05-03T06:34:21+00:00","dateModified":"2025-01-29T09:33:25+00:00","description":"Crie o melhor m\u00f3dulo de contagem regressiva para o seu site Drupal. Explore nosso editor flex\u00edvel e gere um plugin pessoal em apenas 1 minuto.","breadcrumb":{"@id":"https:\/\/elfsight.com\/pt\/countdown-timer-widget\/drupal\/#breadcrumb"},"inLanguage":"pt-PT","potentialAction":[{"@type":"ReadAction","target":["https:\/\/elfsight.com\/pt\/countdown-timer-widget\/drupal\/"]}]},{"@type":"BreadcrumbList","@id":"https:\/\/elfsight.com\/pt\/countdown-timer-widget\/drupal\/#breadcrumb","itemListElement":[{"@type":"ListItem","position":1,"name":"Home","item":"https:\/\/elfsight.com\/pt\/"},{"@type":"ListItem","position":2,"name":"Countdown Timer","item":"https:\/\/elfsight.com\/pt\/countdown-timer-widget\/"},{"@type":"ListItem","position":3,"name":"Countdown Timer &#8211; Drupal"}]},{"@type":"WebSite","@id":"https:\/\/elfsight.com\/pt\/#website","url":"https:\/\/elfsight.com\/pt\/","name":"Elfsight PT","description":"Just another Elfsight Sites site","potentialAction":[{"@type":"SearchAction","target":{"@type":"EntryPoint","urlTemplate":"https:\/\/elfsight.com\/pt\/?s={search_term_string}"},"query-input":{"@type":"PropertyValueSpecification","valueRequired":true,"valueName":"search_term_string"}}],"inLanguage":"pt-PT"}]}},"meta_box":{"industry":"","seo_heading":"","heading":"","description":"","cta_heading":"","cta_description":"","application":"504","h1":"M\u00f3dulo de contagem regressiva Drupal","h1_caption":"Defina um sentimento de urg\u00eancia e disponibilidade limitada e obtenha mais vendas em seu site","application_category":[],"applications_title":"","applications_request_title":"","applications_request_button_text":"","hero_text":"","hero_video":"","hero_video_schema_markup":"","selling_points_title":"","selling_points_caption":"","selling_points":[],"selling_points_cta_text":"","features_title":"","features":"","ed_cta_examples_text":"","ed_cta_examples_hidden":"","ed_cta_demo_text":"","ed_cta_demo_hidden":"","why_caption":"","why_editor_title":"","why_editor_text":"","why_team_title":"","why_team_text":"","why_service_title":"","why_service_text":"","template_catalog_visible":"0","template_catalog_title":"","template_catalog_text":"","template_catalog_categories_visible":"","demo_title":"Crie seu m\u00f3dulo de contagem regressiva","demo_caption":"Configure seu cron\u00f4metro de contagem regressiva e adicione-o ao seu site Drupal gratuitamente!","default_faq_hidden":"","app_template_category":[],"platform":"4905","template_public_id":"","codecanyon_url":"","codecanyon_item_id":"","codecanyon_price":"","pricing_caption":"","pricing_elfsight_apps_hide_column":"","pricing_elfsight_apps_url":"","pricing_codecanyon_price_caption":"","integration_category":[],"integration_request_title":"","integration_request_cta":"","integration_platform":"","integrations":[],"platform_category":[],"video_schema_markup":"","price":"a partir de US$ 0\/m\u00eas","trial":"","benefits":[{"text":"Servi\u00e7o de instala\u00e7\u00e3o gratuito"},{"text":"Suporte ao cliente experiente"},{"text":"Garantia de reembolso de 14 dias"},{"text":"Melhorias cont\u00ednuas"}],"button_url":"#demo","button_target_blank":"0","button_nofollow":"0","attributes":[{"name":"Instala\u00e7\u00f5es","content":"100,000 - 500,000","_state":"expanded"},{"name":"Responsivo","content":"Sim","_state":"expanded"},{"name":"Navegadores compat\u00edveis","content":"Firefox, Safari, Opera, Chrome, Edge"}],"tags":[],"tags_disable_links":"0","hide_more_platforms":"","video_object":"","demo_hide_cta":"0","demo_hide_cloud_options":"0","pricing_title":"","pricing":[{"pricing_icon":"platform","pricing_title":"Elfsight Apps","pricing_title_caption":"Solu\u00e7\u00e3o multiplataforma","pricing_price":"a partir de US$ 0\/m\u00eas","pricing_price_caption":"comece com plano gratuito","pricing_benefits":[{"text":"Sites ilimitados"},{"text":"Suporte profissional"},{"text":"Suporte profissional"},{"text":"Oferta especial para v\u00e1rios aplicativos"}],"pricing_button_text":"Adicionar ao site","pricing_button_url":"#demo","_state":"expanded"}],"related_apps_title":"","related_apps_hidden":"1","author":"","image":[],"title":"","job":"","social_networks":[]},"_links":{"self":[{"href":"https:\/\/elfsight.com\/pt\/wp-json\/wp\/v2\/pages\/3821","targetHints":{"allow":["GET"]}}],"collection":[{"href":"https:\/\/elfsight.com\/pt\/wp-json\/wp\/v2\/pages"}],"about":[{"href":"https:\/\/elfsight.com\/pt\/wp-json\/wp\/v2\/types\/page"}],"author":[{"embeddable":true,"href":"https:\/\/elfsight.com\/pt\/wp-json\/wp\/v2\/users\/9"}],"replies":[{"embeddable":true,"href":"https:\/\/elfsight.com\/pt\/wp-json\/wp\/v2\/comments?post=3821"}],"version-history":[{"count":4,"href":"https:\/\/elfsight.com\/pt\/wp-json\/wp\/v2\/pages\/3821\/revisions"}],"predecessor-version":[{"id":13655,"href":"https:\/\/elfsight.com\/pt\/wp-json\/wp\/v2\/pages\/3821\/revisions\/13655"}],"up":[{"embeddable":true,"href":"https:\/\/elfsight.com\/pt\/wp-json\/wp\/v2\/pages\/505"}],"wp:attachment":[{"href":"https:\/\/elfsight.com\/pt\/wp-json\/wp\/v2\/media?parent=3821"}],"curies":[{"name":"wp","href":"https:\/\/api.w.org\/{rel}","templated":true}]}}