{"id":3820,"date":"2022-05-18T12:41:53","date_gmt":"2022-05-18T12:41:53","guid":{"rendered":"https:\/\/elfsight.com\/pt\/?page_id=3820"},"modified":"2022-05-30T09:58:27","modified_gmt":"2022-05-30T09:58:27","slug":"drupal","status":"publish","type":"page","link":"https:\/\/elfsight.com\/pt\/etsy-reviews-widget\/drupal\/","title":{"rendered":"Etsy Reviews &#8211; Drupal"},"content":{"rendered":"\n<div class=\"application-platform-content-item-features application-platform-content-item\" id=\"features\" data-nav-section=\"features\">\n<h2>Encontre abaixo core recursos de m\u00f3dulo de Resenhas do Etsy:<\/h2>\n<p>\n<ul>\n<li>Adicione resenhas de visitante de seu perfil em Etsy;<\/li>\n<li>Cinco op\u00e7\u00f5es de filtros;<\/li>\n<li>Tecla de pedido de revis\u00e3o para redireccionar utilizadores na sua  e-shop;<\/li>\n<li>4 op\u00e7\u00f5es de desenho: Ma\u00e7onaria, Lista, Grelha e Deslizante<\/li>\n<li>Selec\u00e7\u00e3o do tipo de pagina\u00e7\u00e3o no esquema do Deslizante;<\/li>\n<li>Setas e op\u00e7\u00f5es de navega\u00e7\u00e3o por arrastar no esquema do Slider;<\/li>\n<li>Possibilidade de activar\/desactivar os objectos do cabe\u00e7alho: avalia\u00e7\u00e3o e imagens de revis\u00e3o;<\/li>\n<li>5 componentes modific\u00e1veis das revis\u00f5es: nome do autor e foto, classifica\u00e7\u00e3o por estrelas, data, \u00edcone e texto de recomenda\u00e7\u00e3o;<\/li>\n<li>Coloque o seu Avalia\u00e7\u00f5es do Etsy em qualquer lugar na  p\u00e1gina web;<\/li>\n<li>Desenho limpo entrega integra\u00e7\u00e3o sem costura em qualquer conceito do  site web;<\/li>\n<li>Interface responsiva com adapta\u00e7\u00e3o autom\u00e1tica ao dimens\u00f5es do ecr\u00e3;<\/li>\n<li>27 l\u00ednguas  mais populares dispon\u00edvel<\/li>\n<li>O t\u00edtulo personalizado do m\u00f3dulo.<\/li>\n<li>As actualiza\u00e7\u00f5es  gratuitas ao vivo para manter a actualizado;<\/li>\n<li> Premium servi\u00e7o ao cliente  por uma equipa profissional;<\/li>\n<li>O editor pr\u00e1tico e f\u00e1cil de usar  n\u00e3o necessita de codifica\u00e7\u00e3o;<\/li>\n<li>O desenho respons\u00e1vel;<\/li>\n<li>Modelos de cores m\u00faltiplos pr\u00e9-fabricados<\/li>\n<\/ul>\n<\/p> \n \n<p><a href=\"#demo\">Pode sentir como funciona o widget experimentar a demonstra\u00e7\u00e3o<\/a><\/p> \n<\/div> \n<div class=\"application-platform-content-item-installation application-platform-content-item\" id=\"installation\" data-nav-section=\"installation\">\n<h2>Como  incorporar a Resenhas do Etsy para minha do p\u00e1gina web de Drupal?<\/h2> \n<p>Simplesmente realiza as directrizes abaixo para inserir o m\u00f3dulo.<\/p> \n\n<ol>\n<li>Fa\u00e7a uso de o nosso configurador gratuito e come\u00e7ar moldar o seu widget constru\u00eddo \u00e0 medida.<\/li> \n <li>Copia suas c\u00f3digo individual mostrado na caixa em Elfsight Apps.<\/li> \n <li>Inicia aplica\u00e7\u00e3o de o m\u00f3dulo em  website de Drupal.<\/li> \n <li>A Configura\u00e7\u00e3o \u00e9 perfeita totalmente.<\/li>\n<\/ol> \n<p>No caso de tenhar, n\u00e3o tenha medo de chegar a o nosso funcion\u00e1rio do servi\u00e7o ao cliente. Os nossos consultores ser\u00e3o satisfeitas para ajudar-vos com todas as quest\u00f5es que tenham com o m\u00f3dulo.<\/p>\n\n \n<\/div>\n","protected":false},"excerpt":{"rendered":"","protected":false},"author":18,"featured_media":0,"parent":1678,"menu_order":0,"comment_status":"closed","ping_status":"closed","template":"templates\/template-application-platform.php","meta":{"publish_to_discourse":"","publish_post_category":"","wpdc_auto_publish_overridden":"","wpdc_topic_tags":"","wpdc_pin_topic":"","wpdc_pin_until":"","discourse_post_id":"","discourse_permalink":"","wpdc_publishing_response":"","wpdc_publishing_error":"","footnotes":""},"class_list":["post-3820","page","type-page","status-publish","hentry"],"yoast_head":"<!-- This site is optimized with the Yoast SEO plugin v25.3.1 - https:\/\/yoast.com\/wordpress\/plugins\/seo\/ -->\n<title>Avalia\u00e7\u00f5es do Etsy - local m\u00f3dulo de Resenhas do Etsy on p\u00e1gina da web de Drupal<\/title>\n<meta name=\"description\" content=\"Incrusta a widget de Avalia\u00e7\u00f5es do Etsy interactivo na sua do s\u00edtio de Drupal. Tenta Elfsight demonstra\u00e7\u00e3o \u00fatil e cria o teu m\u00f3dulo personalizado em apenas 2 minutos.\" \/>\n<meta name=\"robots\" content=\"index, follow, max-snippet:-1, max-image-preview:large, max-video-preview:-1\" \/>\n<link rel=\"canonical\" href=\"https:\/\/elfsight.com\/pt\/etsy-reviews-widget\/drupal\/\" \/>\n<meta property=\"og:locale\" content=\"pt_PT\" \/>\n<meta property=\"og:type\" content=\"article\" \/>\n<meta property=\"og:title\" content=\"Avalia\u00e7\u00f5es do Etsy - local m\u00f3dulo de Resenhas do Etsy on p\u00e1gina da web de Drupal\" \/>\n<meta property=\"og:description\" content=\"Incrusta a widget de Avalia\u00e7\u00f5es do Etsy interactivo na sua do s\u00edtio de Drupal. Tenta Elfsight demonstra\u00e7\u00e3o \u00fatil e cria o teu m\u00f3dulo personalizado em apenas 2 minutos.\" \/>\n<meta property=\"og:url\" content=\"https:\/\/elfsight.com\/pt\/etsy-reviews-widget\/drupal\/\" \/>\n<meta property=\"og:site_name\" content=\"Elfsight PT\" \/>\n<meta property=\"article:modified_time\" content=\"2022-05-30T09:58:27+00:00\" \/>\n<meta name=\"twitter:card\" content=\"summary_large_image\" \/>\n<meta name=\"twitter:label1\" content=\"Tempo estimado de leitura\" \/>\n\t<meta name=\"twitter:data1\" content=\"2 minutos\" \/>\n<!-- \/ Yoast SEO plugin. -->","yoast_head_json":{"title":"Avalia\u00e7\u00f5es do Etsy - local m\u00f3dulo de Resenhas do Etsy on p\u00e1gina da web de Drupal","description":"Incrusta a widget de Avalia\u00e7\u00f5es do Etsy interactivo na sua do s\u00edtio de Drupal. Tenta Elfsight demonstra\u00e7\u00e3o \u00fatil e cria o teu m\u00f3dulo personalizado em apenas 2 minutos.","robots":{"index":"index","follow":"follow","max-snippet":"max-snippet:-1","max-image-preview":"max-image-preview:large","max-video-preview":"max-video-preview:-1"},"canonical":"https:\/\/elfsight.com\/pt\/etsy-reviews-widget\/drupal\/","og_locale":"pt_PT","og_type":"article","og_title":"Avalia\u00e7\u00f5es do Etsy - local m\u00f3dulo de Resenhas do Etsy on p\u00e1gina da web de Drupal","og_description":"Incrusta a widget de Avalia\u00e7\u00f5es do Etsy interactivo na sua do s\u00edtio de Drupal. Tenta Elfsight demonstra\u00e7\u00e3o \u00fatil e cria o teu m\u00f3dulo personalizado em apenas 2 minutos.","og_url":"https:\/\/elfsight.com\/pt\/etsy-reviews-widget\/drupal\/","og_site_name":"Elfsight PT","article_modified_time":"2022-05-30T09:58:27+00:00","twitter_card":"summary_large_image","twitter_misc":{"Tempo estimado de leitura":"2 minutos"},"schema":{"@context":"https:\/\/schema.org","@graph":[{"@type":"WebPage","@id":"https:\/\/elfsight.com\/pt\/etsy-reviews-widget\/drupal\/","url":"https:\/\/elfsight.com\/pt\/etsy-reviews-widget\/drupal\/","name":"Avalia\u00e7\u00f5es do Etsy - local m\u00f3dulo de Resenhas do Etsy on p\u00e1gina da web de Drupal","isPartOf":{"@id":"https:\/\/elfsight.com\/pt\/#website"},"datePublished":"2022-05-18T12:41:53+00:00","dateModified":"2022-05-30T09:58:27+00:00","description":"Incrusta a widget de Avalia\u00e7\u00f5es do Etsy interactivo na sua do s\u00edtio de Drupal. Tenta Elfsight demonstra\u00e7\u00e3o \u00fatil e cria o teu m\u00f3dulo personalizado em apenas 2 minutos.","breadcrumb":{"@id":"https:\/\/elfsight.com\/pt\/etsy-reviews-widget\/drupal\/#breadcrumb"},"inLanguage":"pt-PT","potentialAction":[{"@type":"ReadAction","target":["https:\/\/elfsight.com\/pt\/etsy-reviews-widget\/drupal\/"]}]},{"@type":"BreadcrumbList","@id":"https:\/\/elfsight.com\/pt\/etsy-reviews-widget\/drupal\/#breadcrumb","itemListElement":[{"@type":"ListItem","position":1,"name":"Home","item":"https:\/\/elfsight.com\/pt\/"},{"@type":"ListItem","position":2,"name":"Etsy Reviews","item":"https:\/\/elfsight.com\/pt\/etsy-reviews-widget\/"},{"@type":"ListItem","position":3,"name":"Etsy Reviews &#8211; Drupal"}]},{"@type":"WebSite","@id":"https:\/\/elfsight.com\/pt\/#website","url":"https:\/\/elfsight.com\/pt\/","name":"Elfsight PT","description":"Just another Elfsight Sites site","potentialAction":[{"@type":"SearchAction","target":{"@type":"EntryPoint","urlTemplate":"https:\/\/elfsight.com\/pt\/?s={search_term_string}"},"query-input":{"@type":"PropertyValueSpecification","valueRequired":true,"valueName":"search_term_string"}}],"inLanguage":"pt-PT"}]}},"meta_box":{"industry":"","seo_heading":"","heading":"","description":"","cta_heading":"","cta_description":"","application":"1677","h1":"M\u00f3dulo de Avalia\u00e7\u00f5es do Etsy para Drupal","h1_caption":"Impulsione a confian\u00e7a dos clientes adicionando m\u00f3dulo ao seu loja online, que exibir\u00e1 revis\u00f5es sobre os seus artigos e mercadorias de Etsy","application_category":[],"applications_title":"","applications_request_title":"","applications_request_button_text":"","hero_text":"","hero_video":"","hero_video_schema_markup":"","selling_points_title":"","selling_points_caption":"","selling_points":[],"selling_points_cta_text":"","features_title":"","features":"","ed_cta_examples_text":"","ed_cta_examples_hidden":"","ed_cta_demo_text":"","ed_cta_demo_hidden":"","why_caption":"","why_editor_title":"","why_editor_text":"","why_team_title":"","why_team_text":"","why_service_title":"","why_service_text":"","template_catalog_visible":"","template_catalog_title":"","template_catalog_text":"","template_catalog_categories_visible":"","demo_title":"V\u00e1 em frente para construir pr\u00f3pria Drupal Resenhas do Etsy","demo_caption":"Personaliza isto e implemente o widget em o seu p\u00e1gina Web aplica\u00e7\u00e3o demonstra\u00e7\u00e3o .","default_faq_hidden":"","app_template_category":[],"platform":"4905","template_public_id":"","codecanyon_url":"","codecanyon_item_id":"","codecanyon_price":"","pricing_caption":"","pricing_elfsight_apps_hide_column":"","pricing_elfsight_apps_url":"","pricing_codecanyon_price_caption":"","integration_category":[],"integration_request_title":"","integration_request_cta":"","integration_platform":"","integrations":[],"platform_category":[],"video_schema_markup":"","price":"de US$ 0 por m\u00eas","trial":"","benefits":[{"text":"Servi\u00e7os de instala\u00e7\u00e3o livre"},{"text":"Suporte premium"},{"text":"14 dias dinheiro de volta garantia"},{"text":"Atualiza\u00e7\u00f5es vital\u00edcias"}],"button_url":"#demo","button_target_blank":"0","button_nofollow":"0","attributes":[{"name":"Responsivo","content":"Sim","_state":"expanded"},{"name":"Navegadores compat\u00edveis","content":"IE11, Firefox, Safari, Opera, Chrome, Edge","_state":"expanded"}],"tags":[],"tags_disable_links":"0","hide_more_platforms":"","video_object":"","demo_hide_cta":"0","demo_hide_cloud_options":"0","pricing_title":"","pricing":[{"pricing_icon":"platform","pricing_title":"Elfsight Apps","pricing_title_caption":"Software independente de plataforma","pricing_price":"de US$ 0 por m\u00eas","pricing_price_caption":"come\u00e7ar com um plano gr\u00e1tis","pricing_benefits":[{"text":"Sites ilimitados"},{"text":"Suporte r\u00e1pido"},{"text":"Ajuda para instala\u00e7\u00e3o gratuita"},{"text":"Design flex\u00edvel"}],"pricing_button_text":"Adicionar ao site","pricing_button_url":"#demo","_state":"expanded"}],"related_apps_title":"","related_apps_hidden":"1","author":"","image":[],"title":"","job":"","social_networks":[]},"_links":{"self":[{"href":"https:\/\/elfsight.com\/pt\/wp-json\/wp\/v2\/pages\/3820","targetHints":{"allow":["GET"]}}],"collection":[{"href":"https:\/\/elfsight.com\/pt\/wp-json\/wp\/v2\/pages"}],"about":[{"href":"https:\/\/elfsight.com\/pt\/wp-json\/wp\/v2\/types\/page"}],"author":[{"embeddable":true,"href":"https:\/\/elfsight.com\/pt\/wp-json\/wp\/v2\/users\/18"}],"replies":[{"embeddable":true,"href":"https:\/\/elfsight.com\/pt\/wp-json\/wp\/v2\/comments?post=3820"}],"version-history":[{"count":1,"href":"https:\/\/elfsight.com\/pt\/wp-json\/wp\/v2\/pages\/3820\/revisions"}],"predecessor-version":[{"id":3826,"href":"https:\/\/elfsight.com\/pt\/wp-json\/wp\/v2\/pages\/3820\/revisions\/3826"}],"up":[{"embeddable":true,"href":"https:\/\/elfsight.com\/pt\/wp-json\/wp\/v2\/pages\/1678"}],"wp:attachment":[{"href":"https:\/\/elfsight.com\/pt\/wp-json\/wp\/v2\/media?parent=3820"}],"curies":[{"name":"wp","href":"https:\/\/api.w.org\/{rel}","templated":true}]}}