{"id":3817,"date":"2024-05-03T06:35:12","date_gmt":"2024-05-03T06:35:12","guid":{"rendered":"https:\/\/elfsight.com\/pt\/?page_id=3817"},"modified":"2025-01-31T08:33:13","modified_gmt":"2025-01-31T08:33:13","slug":"drupal","status":"publish","type":"page","link":"https:\/\/elfsight.com\/pt\/event-calendar-widget\/drupal\/","title":{"rendered":"Event Calendar &#8211; Drupal"},"content":{"rendered":"\n<div class=\"application-platform-content-item-description application-platform-content-item\" id=\"description\" data-nav-section=\"description\"> <h2>Incorpore o calend\u00e1rio de eventos com o widget Elfsight<\/h2> <p>O m\u00f3dulo de calend\u00e1rio Drupal \u00e9 uma ferramenta not\u00e1vel que permite compartilhar facilmente seus eventos com seu p\u00fablico. O calend\u00e1rio de eventos Drupal tem muitas op\u00e7\u00f5es para mostrar as pr\u00f3ximas atividades da maneira mais imponente. Personalize-o para mesclar o design com a est\u00e9tica do seu site. Forme v\u00e1rios eventos, adicione tags, carregue suas fotos e v\u00eddeos personalizados e mantenha seus usu\u00e1rios notificados sobre sua programa\u00e7\u00e3o. <\/p> <p><b>O m\u00f3dulo Calend\u00e1rio de Eventos da Elfsight pode ajud\u00e1-lo a exibir facilmente os seus pr\u00f3ximos eventos e aumentar o n\u00edvel de envolvimento no seu site. <\/b><\/p> <\/div> <div class=\"application-platform-content-item-features application-platform-content-item\" id=\"features\" data-nav-section=\"features\"> <h2>Principais recursos do M\u00f3dulo Calend\u00e1rio de Eventos<\/h2> <p>Aqui voc\u00ea pode ver todos os recursos do Calend\u00e1rio de Eventos Drupal. Eles est\u00e3o dispon\u00edveis diretamente no editor e ir\u00e3o ajud\u00e1-lo a criar o widget mais adequado para o seu caso. <\/p> <ul> <li>Use op\u00e7\u00f5es de conte\u00fado flex\u00edveis para compreender a ferramenta para o seu tipo de atividade. <\/li> <li>Ajude os usu\u00e1rios a adicionar seus eventos aos aplicativos mais usados. <\/li> <li>Forme diferentes tipos de eventos, especifique locais e adicione anfitri\u00f5es. <\/li> <li>Categorize todos os seus eventos e atribua tags a eles. <\/li> <li>Escolha entre quatro op\u00e7\u00f5es de layout. <\/li> <\/ul> <p><a href=\"#demo\">Voc\u00ea pode testar todos os recursos do widget diretamente na demonstra\u00e7\u00e3o<\/a><\/p> <\/div> <div class=\"application-platform-content-item-installation application-platform-content-item\" id=\"installation\" data-nav-section=\"installation\"> <h2>Como adicionar o m\u00f3dulo Calend\u00e1rio de Eventos ao Drupal?<\/h2> <p>Basta seguir as instru\u00e7\u00f5es abaixo para incorporar o plugin Calend\u00e1rio de Eventos no Drupal.<\/p> <ol><li><b>Abra nosso editor gratuito e comece a construir seu m\u00f3dulo de calend\u00e1rio de eventos personalizado. <\/b><br> Especifique o design e os aspectos preferidos do m\u00f3dulo e aplique as edi\u00e7\u00f5es. <\/li> <li><b>Receba o c\u00f3digo pessoal que aparece no formul\u00e1rio especial nas aplica\u00e7\u00f5es Elfsight. <\/b><br> Terminada a configura\u00e7\u00e3o da sua ferramenta pessoal, copie o c\u00f3digo exclusivo na caixa que aparece e guarde-o para uso posterior. <\/li> <li><b>Comece a usar o m\u00f3dulo no site Drupal. <\/b><br> Insira o c\u00f3digo que voc\u00ea copiou anteriormente em seu site e aplique as corre\u00e7\u00f5es. <\/li> <li><b>Pronto! A incorpora\u00e7\u00e3o foi finalizada com sucesso. <\/b><br> Acesse seu site para dar uma olhada no trabalho do m\u00f3dulo. <\/li><\/ol><p>Voc\u00ea pode entrar em contato com nosso atendimento ao cliente caso precise de ajuda ou tenha algo a perguntar. Nossos especialistas ter\u00e3o prazer em ajudar com cada solicita\u00e7\u00e3o. <\/p> <div class=\"faq\" data-component=\"FAQ\"><div class=\"faq-item\">\r\n\t\t\t\t\t<div class=\"faq-item-question\">\r\n\t\t\t\t\t\t<h3 class=\"faq-item-question-text\">\u00c9 poss\u00edvel integrar o Calend\u00e1rio de Eventos \u00e0 minha p\u00e1gina no Drupal sem habilidades de programa\u00e7\u00e3o?<\/h3>\r\n\r\n\t\t\t\t\t\t<div class=\"faq-item-question-icon\"><\/div>\r\n\t\t\t\t\t<\/div>\r\n\r\n\t\t\t\t\t<div class=\"faq-item-answer\">\r\n\t\t\t\t\t\t<div class=\"faq-item-answer-text\"> <p>A Elfsight oferece uma plataforma em nuvem que facilita a cria\u00e7\u00e3o de um calend\u00e1rio de eventos personalizado, sem qualquer necessidade de codifica\u00e7\u00e3o. Aqui est\u00e3o os passos:<\/p>\n<ul>\n  <li>Inicie o processo na nossa demonstra\u00e7\u00e3o online para criar um calend\u00e1rio de eventos para o seu site Drupal.<\/li>\n  <li>Escolha um dos modelos dispon\u00edveis e personalize as configura\u00e7\u00f5es do Calend\u00e1rio de Eventos, incluindo layout, cores e conte\u00fado, sem a necessidade de escrever c\u00f3digo.<\/li>\n  <li>Depois de personalizar, basta salvar e pegar o c\u00f3digo de incorpora\u00e7\u00e3o para adicionar facilmente o calend\u00e1rio \u00e0 sua p\u00e1gina Drupal gratuitamente.<\/li>\n<\/ul> \n<p>O nosso editor \u00e9 f\u00e1cil de usar, permitindo que qualquer pessoa adicione um calend\u00e1rio de eventos ao seu site no Drupal sem dificuldades. O servi\u00e7o Elfsight \u00e9 totalmente gratuito, sem necessidade de fornecer informa\u00e7\u00f5es de pagamento. Se surgir algum problema, nossa equipe de suporte est\u00e1 pronta para ajudar.<\/p>\n<\/div>\r\n\t\t\t\t\t<\/div>\r\n\t\t\t\t<\/div> <\/div><\/div>\n","protected":false},"excerpt":{"rendered":"","protected":false},"author":9,"featured_media":0,"parent":771,"menu_order":0,"comment_status":"closed","ping_status":"closed","template":"templates\/template-application-platform.php","meta":{"publish_to_discourse":"","publish_post_category":"","wpdc_auto_publish_overridden":"","wpdc_topic_tags":"","wpdc_pin_topic":"","wpdc_pin_until":"","discourse_post_id":"","discourse_permalink":"","wpdc_publishing_response":"","wpdc_publishing_error":"","footnotes":""},"class_list":["post-3817","page","type-page","status-publish","hentry"],"yoast_head":"<!-- This site is optimized with the Yoast SEO plugin v25.3.1 - https:\/\/yoast.com\/wordpress\/plugins\/seo\/ -->\n<title>Calend\u00e1rio de eventos \u2013 Adicionar aplicativo de calend\u00e1rio ao site Drupal [2025]<\/title>\n<meta name=\"description\" content=\"Com a Elfsight, crie o seu widget de Calend\u00e1rio de Eventos e adicione-o ao seu site Drupal rapidamente. Oferecemos suporte gratuito ao cliente e outros b\u00f4nus.\" \/>\n<meta name=\"robots\" content=\"index, follow, max-snippet:-1, max-image-preview:large, max-video-preview:-1\" \/>\n<link rel=\"canonical\" href=\"https:\/\/elfsight.com\/pt\/event-calendar-widget\/drupal\/\" \/>\n<meta property=\"og:locale\" content=\"pt_PT\" \/>\n<meta property=\"og:type\" content=\"article\" \/>\n<meta property=\"og:title\" content=\"Calend\u00e1rio de eventos \u2013 Adicionar aplicativo de calend\u00e1rio ao site Drupal [2025]\" \/>\n<meta property=\"og:description\" content=\"Com a Elfsight, crie o seu widget de Calend\u00e1rio de Eventos e adicione-o ao seu site Drupal rapidamente. Oferecemos suporte gratuito ao cliente e outros b\u00f4nus.\" \/>\n<meta property=\"og:url\" content=\"https:\/\/elfsight.com\/pt\/event-calendar-widget\/drupal\/\" \/>\n<meta property=\"og:site_name\" content=\"Elfsight PT\" \/>\n<meta property=\"article:modified_time\" content=\"2025-01-31T08:33:13+00:00\" \/>\n<meta name=\"twitter:card\" content=\"summary_large_image\" \/>\n<meta name=\"twitter:label1\" content=\"Tempo estimado de leitura\" \/>\n\t<meta name=\"twitter:data1\" content=\"3 minutos\" \/>\n<!-- \/ Yoast SEO plugin. -->","yoast_head_json":{"title":"Calend\u00e1rio de eventos \u2013 Adicionar aplicativo de calend\u00e1rio ao site Drupal [2025]","description":"Com a Elfsight, crie o seu widget de Calend\u00e1rio de Eventos e adicione-o ao seu site Drupal rapidamente. Oferecemos suporte gratuito ao cliente e outros b\u00f4nus.","robots":{"index":"index","follow":"follow","max-snippet":"max-snippet:-1","max-image-preview":"max-image-preview:large","max-video-preview":"max-video-preview:-1"},"canonical":"https:\/\/elfsight.com\/pt\/event-calendar-widget\/drupal\/","og_locale":"pt_PT","og_type":"article","og_title":"Calend\u00e1rio de eventos \u2013 Adicionar aplicativo de calend\u00e1rio ao site Drupal [2025]","og_description":"Com a Elfsight, crie o seu widget de Calend\u00e1rio de Eventos e adicione-o ao seu site Drupal rapidamente. Oferecemos suporte gratuito ao cliente e outros b\u00f4nus.","og_url":"https:\/\/elfsight.com\/pt\/event-calendar-widget\/drupal\/","og_site_name":"Elfsight PT","article_modified_time":"2025-01-31T08:33:13+00:00","twitter_card":"summary_large_image","twitter_misc":{"Tempo estimado de leitura":"3 minutos"},"schema":{"@context":"https:\/\/schema.org","@graph":[{"@type":"WebPage","@id":"https:\/\/elfsight.com\/pt\/event-calendar-widget\/drupal\/","url":"https:\/\/elfsight.com\/pt\/event-calendar-widget\/drupal\/","name":"Calend\u00e1rio de eventos \u2013 Adicionar aplicativo de calend\u00e1rio ao site Drupal [2025]","isPartOf":{"@id":"https:\/\/elfsight.com\/pt\/#website"},"datePublished":"2024-05-03T06:35:12+00:00","dateModified":"2025-01-31T08:33:13+00:00","description":"Com a Elfsight, crie o seu widget de Calend\u00e1rio de Eventos e adicione-o ao seu site Drupal rapidamente. Oferecemos suporte gratuito ao cliente e outros b\u00f4nus.","breadcrumb":{"@id":"https:\/\/elfsight.com\/pt\/event-calendar-widget\/drupal\/#breadcrumb"},"inLanguage":"pt-PT","potentialAction":[{"@type":"ReadAction","target":["https:\/\/elfsight.com\/pt\/event-calendar-widget\/drupal\/"]}]},{"@type":"BreadcrumbList","@id":"https:\/\/elfsight.com\/pt\/event-calendar-widget\/drupal\/#breadcrumb","itemListElement":[{"@type":"ListItem","position":1,"name":"Home","item":"https:\/\/elfsight.com\/pt\/"},{"@type":"ListItem","position":2,"name":"Event Calendar","item":"https:\/\/elfsight.com\/pt\/event-calendar-widget\/"},{"@type":"ListItem","position":3,"name":"Event Calendar &#8211; Drupal"}]},{"@type":"WebSite","@id":"https:\/\/elfsight.com\/pt\/#website","url":"https:\/\/elfsight.com\/pt\/","name":"Elfsight PT","description":"Just another Elfsight Sites site","potentialAction":[{"@type":"SearchAction","target":{"@type":"EntryPoint","urlTemplate":"https:\/\/elfsight.com\/pt\/?s={search_term_string}"},"query-input":{"@type":"PropertyValueSpecification","valueRequired":true,"valueName":"search_term_string"}}],"inLanguage":"pt-PT"}]}},"meta_box":{"industry":"","seo_heading":"","heading":"","description":"","cta_heading":"","cta_description":"","application":"770","h1":"M\u00f3dulo de calend\u00e1rio de eventos Drupal","h1_caption":"Torne os seus eventos f\u00e1ceis de encontrar com a ajuda do Elfsight Calendar","application_category":[],"applications_title":"","applications_request_title":"","applications_request_button_text":"","hero_text":"","hero_video":"","hero_video_schema_markup":"","selling_points_title":"","selling_points_caption":"","selling_points":[],"selling_points_cta_text":"","features_title":"","features":"","ed_cta_examples_text":"","ed_cta_examples_hidden":"","ed_cta_demo_text":"","ed_cta_demo_hidden":"","why_caption":"","why_editor_title":"","why_editor_text":"","why_team_title":"","why_team_text":"","why_service_title":"","why_service_text":"","template_catalog_visible":"0","template_catalog_title":"","template_catalog_text":"","template_catalog_categories_visible":"","demo_title":"Crie seu m\u00f3dulo de calend\u00e1rio de eventos","demo_caption":"Configure seu Calend\u00e1rio de Eventos e adicione-o ao seu site Drupal gratuitamente!","default_faq_hidden":"","app_template_category":[],"platform":"4905","template_public_id":"","codecanyon_url":"","codecanyon_item_id":"","codecanyon_price":"","pricing_caption":"","pricing_elfsight_apps_hide_column":"","pricing_elfsight_apps_url":"","pricing_codecanyon_price_caption":"","integration_category":[],"integration_request_title":"","integration_request_cta":"","integration_platform":"","integrations":[],"platform_category":[],"video_schema_markup":"","price":"a partir de US$ 0\/m\u00eas","trial":"","benefits":[{"text":"Assist\u00eancia de instala\u00e7\u00e3o gratuita"},{"text":"Suporte premium"},{"text":"Garantia de reembolso de 14 dias"},{"text":"Atualizando constantemente"}],"button_url":"#demo","button_target_blank":"0","button_nofollow":"0","attributes":[{"name":"Instala\u00e7\u00f5es","content":"100,000 - 500,000","_state":"expanded"},{"name":"Responsivo","content":"Sim","_state":"expanded"},{"name":"Navegadores compat\u00edveis","content":"IE11, Firefox, Safari, Opera, Chrome, Edge"}],"tags":[],"tags_disable_links":"0","hide_more_platforms":"","video_object":"","demo_hide_cta":"0","demo_hide_cloud_options":"0","pricing_title":"","pricing":[{"pricing_icon":"platform","pricing_title":"Elfsight Apps","pricing_title_caption":"Solu\u00e7\u00e3o digital multiplataforma","pricing_price":"a partir de US$ 0\/m\u00eas","pricing_price_caption":"comece com plano gratuito","pricing_benefits":[{"text":"Sites ilimitados"},{"text":"Suporte r\u00e1pido ao cliente"},{"text":"Suporte r\u00e1pido ao cliente"},{"text":"Oferta especial para v\u00e1rios aplicativos"}],"pricing_button_text":"Adicionar ao site","pricing_button_url":"#demo","_state":"expanded"}],"related_apps_title":"","related_apps_hidden":"1","author":"","image":[],"title":"","job":"","social_networks":[]},"_links":{"self":[{"href":"https:\/\/elfsight.com\/pt\/wp-json\/wp\/v2\/pages\/3817","targetHints":{"allow":["GET"]}}],"collection":[{"href":"https:\/\/elfsight.com\/pt\/wp-json\/wp\/v2\/pages"}],"about":[{"href":"https:\/\/elfsight.com\/pt\/wp-json\/wp\/v2\/types\/page"}],"author":[{"embeddable":true,"href":"https:\/\/elfsight.com\/pt\/wp-json\/wp\/v2\/users\/9"}],"replies":[{"embeddable":true,"href":"https:\/\/elfsight.com\/pt\/wp-json\/wp\/v2\/comments?post=3817"}],"version-history":[{"count":3,"href":"https:\/\/elfsight.com\/pt\/wp-json\/wp\/v2\/pages\/3817\/revisions"}],"predecessor-version":[{"id":13695,"href":"https:\/\/elfsight.com\/pt\/wp-json\/wp\/v2\/pages\/3817\/revisions\/13695"}],"up":[{"embeddable":true,"href":"https:\/\/elfsight.com\/pt\/wp-json\/wp\/v2\/pages\/771"}],"wp:attachment":[{"href":"https:\/\/elfsight.com\/pt\/wp-json\/wp\/v2\/media?parent=3817"}],"curies":[{"name":"wp","href":"https:\/\/api.w.org\/{rel}","templated":true}]}}