{"id":3816,"date":"2024-05-03T06:36:02","date_gmt":"2024-05-03T06:36:02","guid":{"rendered":"https:\/\/elfsight.com\/pt\/?page_id=3816"},"modified":"2025-02-11T05:34:50","modified_gmt":"2025-02-11T05:34:50","slug":"drupal","status":"publish","type":"page","link":"https:\/\/elfsight.com\/pt\/facebook-feed-widget\/drupal\/","title":{"rendered":"Facebook Feed &#8211; Drupal"},"content":{"rendered":"\n<div class=\"application-platform-content-item-description application-platform-content-item\" id=\"description\" data-nav-section=\"description\"><h2>Descri\u00e7\u00e3o<\/h2><p>Exiba sua p\u00e1gina do Facebook em nosso plugin multifuncional \u2013 Facebook Feed. Feed de not\u00edcias, v\u00eddeos, fotos \u2013 voc\u00ea pode ter certeza de que seus visitantes n\u00e3o perder\u00e3o nenhum an\u00fancio. O design atraente com elementos originais do Facebook n\u00e3o passar\u00e1 despercebido e contribuir\u00e1 n\u00e3o apenas para manter os leitores atuais no site, mas tamb\u00e9m para conseguir novos assinantes do Facebook.<\/p><p><b>Aumente o envolvimento do seu cliente para um n\u00edvel avan\u00e7ado suportado. pelo plugin Drupal Facebook.<\/b><\/p><ul><li><b>Fa\u00e7a com que os usu\u00e1rios permane\u00e7am no site<\/b>.<br>Aplique elementos sociais e atraentes, que chamem a aten\u00e7\u00e3o dos usu\u00e1rios, para mant\u00ea-los coloque-os na p\u00e1gina e forne\u00e7a mais detalhes sobre seus itens ou servi\u00e7os.<\/li><li><b>Tenha um profundo interesse entre os leitores do seu site<\/b>.<br>N\u00e3o se limite apenas ao site , deixe que cada visitante estude detalhadamente sua empresa no Facebook: envolva os visitantes na vida interna de sua empresa e encontre os f\u00e3s mais fi\u00e9is.<\/li><li><b>Todo o Facebook em um widget<\/b>. Todo o seu conte\u00fado do Facebook em um \u00fanico widget: exiba not\u00edcias com coment\u00e1rios, compartilhamentos ou outras rea\u00e7\u00f5es; gerar cole\u00e7\u00f5es de fotos e v\u00eddeos no site por meio de \u00e1lbuns do Facebook.<\/li><\/ul><div class=\"faq\" data-component=\"FAQ\"> <div class=\"faq-item\">\r\n\t\t\t\t\t<div class=\"faq-item-question\">\r\n\t\t\t\t\t\t<h3 class=\"faq-item-question-text\">Quais outros widgets para Drupal podem ser adicionados ao meu site? <\/h3>\r\n\r\n\t\t\t\t\t\t<div class=\"faq-item-question-icon\"><\/div>\r\n\t\t\t\t\t<\/div>\r\n\r\n\t\t\t\t\t<div class=\"faq-item-answer\">\r\n\t\t\t\t\t\t<div class=\"faq-item-answer-text\"> <p>H\u00e1 v\u00e1rios de widgets para voc\u00ea atingir qualquer tipo de objetivo em seu site. Escolha aquele que atende \u00e0s suas necessidades: <a href=\"https:\/\/elfsight.com\/whatsapp-chat-widget\/drupal\/\">WhatsApp Chat<\/a>, <a href=\"https:\/\/elfsight.com\/online-form-builder\/drupal\/\">Form Builder<\/a>, <a href=\"https:\/\/elfsight.com\/pdf-embed-widget\/drupal\/\">PDF Incorporado<\/a>, <a href=\"https:\/\/elfsight.com\/instagram-feed-instashow\/drupal\/\">Feed do Instagram<\/a>, <a href=\"https:\/\/elfsight.com\/event-calendar-widget\/drupal\/\">Calend\u00e1rio de eventos<\/a>. <\/p> <\/div>\r\n\t\t\t\t\t<\/div>\r\n\t\t\t\t<\/div> <div class=\"faq-item\">\r\n\t\t\t\t\t<div class=\"faq-item-question\">\r\n\t\t\t\t\t\t<h3 class=\"faq-item-question-text\">Como posso incorporar o m\u00f3dulo Facebook Feed em meu site Drupal? <\/h3>\r\n\r\n\t\t\t\t\t\t<div class=\"faq-item-question-icon\"><\/div>\r\n\t\t\t\t\t<\/div>\r\n\r\n\t\t\t\t\t<div class=\"faq-item-answer\">\r\n\t\t\t\t\t\t<div class=\"faq-item-answer-text\"> <p>Voc\u00ea pode adicionar o m\u00f3dulo Facebook Feed em seu site Drupal sem nenhum esfor\u00e7o &#8211; a integra\u00e7\u00e3o do widget levar\u00e1 apenas alguns minutos. Basta abrir o painel de administra\u00e7\u00e3o e seguir estas etapas: <\/p><ol><li>Clique em configura\u00e7\u00f5es do tema. <\/li><li>Encontre o bloco onde voc\u00ea est\u00e1 para adicionar seu feed Drupal do Facebook com imagens e postagens. <\/li><li>Incorpore o c\u00f3digo dos aplicativos Elfsight e aplique suas modifica\u00e7\u00f5es. <\/li><li>Tudo est\u00e1 feito. <\/li><\/ol><p>E n\u00e3o se esque\u00e7a de conferir nosso guia completo sobre a instala\u00e7\u00e3o do widget <a href=\"https:\/\/elfsight.com\/tutorials\/how-to-add-facebook-feed-to-any-website\/#drupal-facebook-feed\">aqui<\/a>.<\/p><\/div>\r\n\t\t\t\t\t<\/div>\r\n\t\t\t\t<\/div> <div class=\"faq-item\">\r\n\t\t\t\t\t<div class=\"faq-item-question\">\r\n\t\t\t\t\t\t<h3 class=\"faq-item-question-text\">Posso ver seu m\u00f3dulo de feed do Facebook em m\u00e3os <\/h3>\r\n\r\n\t\t\t\t\t\t<div class=\"faq-item-question-icon\"><\/div>\r\n\t\t\t\t\t<\/div>\r\n\r\n\t\t\t\t\t<div class=\"faq-item-answer\">\r\n\t\t\t\t\t\t<div class=\"faq-item-answer-text\"> <p>De? curso! Cada usu\u00e1rio da Elfsight tem a oportunidade de aplicar nossa <a href=\"https:\/\/elfsight.com\/facebook-feed-widget\/#demo\">demonstra\u00e7\u00e3o<\/a> ao vivo para ver o trabalho do m\u00f3dulo em a\u00e7\u00e3o. Como b\u00f4nus, voc\u00ea pode adicionar o widget Feed do Facebook ao seu site Drupal diretamente da demonstra\u00e7\u00e3o!<\/p><\/div>\r\n\t\t\t\t\t<\/div>\r\n\t\t\t\t<\/div> <\/div><\/div><div class=\"application-platform-content-item-features application-platform-content-item\" id=\"features\" data-nav-section=\"features\"><h2>Recursos<\/h2><p>Alguns atributos, que tornam nosso feed do Facebook o melhor plugin para um site Drupal.<\/p><ul><li>2 fontes do Facebook suportadas: p\u00e1ginas, perfis;<\/li><li>Cabe\u00e7alho personaliz\u00e1vel com elementos ajust\u00e1veis: imagem da capa, a\u00e7\u00f5es, imagem da p\u00e1gina, contagem de curtidas;<\/li><li>V\u00eddeos com informa\u00e7\u00f5es altern\u00e1veis: descri\u00e7\u00e3o, contagem de curtidas, contagem de coment\u00e1rios;<\/li><li>Mostrar ou ocultar menu;<\/li> <li>Editor pr\u00e1tico e intuitivo sem necessidade de codifica\u00e7\u00e3o.<\/li><\/ul><p><a href=\"#demo\">Veja todas as vantagens na demonstra\u00e7\u00e3o ao vivo<\/a>.<\/p><\/div><div class=\"application-platform-content-item-installation application-platform-content-item\" id=\"installation\" data-nav-section=\"installation\"><h2>Como adicionar o m\u00f3dulo de p\u00e1gina do Facebook ao site Drupal<\/h2><div class=\"video-container\"><iframe width=\"720\" height=\"405\" src=\"https:\/\/www.youtube.com\/embed\/aV0KEz5HJYY\" frameborder=\"0\" allowfullscreen=\"\"><\/iframe><\/div><p>Basta seguir as etapas apresentadas abaixo para integrar o m\u00f3dulo no Drupal.<\/p> <ol><li><b>Utilize nosso configurador gratuito e comece a criar seu m\u00f3dulo personalizado de feed do Facebook. <\/b><br> Encontre o layout e os recursos preferidos do m\u00f3dulo e salve as corre\u00e7\u00f5es. <\/li> <li><b>Adquira o seu c\u00f3digo individual que aparece na caixa nas aplica\u00e7\u00f5es Elfsight. <\/b><br> Ap\u00f3s a configura\u00e7\u00e3o do seu widget pessoal, copie o c\u00f3digo pessoal no pop-up que aparece e salve-o para uso posterior. <\/li> <li><b>Comece a usar o m\u00f3dulo no site Drupal. <\/b><br> Integre o c\u00f3digo que voc\u00ea copiou anteriormente em seu site e salve os ajustes. <\/li> <li><b>A instala\u00e7\u00e3o foi totalmente conclu\u00edda. <\/b><br> Acesse seu site para inspecionar o desempenho do m\u00f3dulo. <\/li><\/ol><p>Precisa de suporte mais detalhado? Siga nosso <a href=\"https:\/\/elfsight.com\/tutorials\/how-to-add-facebook-feed-to-drupal\/\" target=\"_blank\" rel=\"noopener noreferrer\">tutorial<\/a>, para concluir a incorpora\u00e7\u00e3o ou entrar em contato com o suporte ao cliente da Elfsight, e teremos prazer em oferecer uma resposta.<\/p><\/div>\n","protected":false},"excerpt":{"rendered":"","protected":false},"author":9,"featured_media":0,"parent":386,"menu_order":0,"comment_status":"closed","ping_status":"closed","template":"templates\/template-application-platform.php","meta":{"publish_to_discourse":"","publish_post_category":"","wpdc_auto_publish_overridden":"","wpdc_topic_tags":"","wpdc_pin_topic":"","wpdc_pin_until":"","discourse_post_id":"","discourse_permalink":"","wpdc_publishing_response":"","wpdc_publishing_error":"","footnotes":""},"class_list":["post-3816","page","type-page","status-publish","hentry"],"yoast_head":"<!-- This site is optimized with the Yoast SEO plugin v25.3.1 - https:\/\/yoast.com\/wordpress\/plugins\/seo\/ -->\n<title>Feed do Facebook - Adicionar m\u00f3dulo do Facebook ao site Drupal<\/title>\n<meta name=\"description\" content=\"Adicione o m\u00f3dulo Facebook Feed ao seu site Drupal 8 gratuitamente. Experimente nossa demonstra\u00e7\u00e3o gratuita e crie seu m\u00f3dulo do Facebook em 1 minuto.\" \/>\n<meta name=\"robots\" content=\"index, follow, max-snippet:-1, max-image-preview:large, max-video-preview:-1\" \/>\n<link rel=\"canonical\" href=\"https:\/\/elfsight.com\/pt\/facebook-feed-widget\/drupal\/\" \/>\n<meta property=\"og:locale\" content=\"pt_PT\" \/>\n<meta property=\"og:type\" content=\"article\" \/>\n<meta property=\"og:title\" content=\"Feed do Facebook - Adicionar m\u00f3dulo do Facebook ao site Drupal\" \/>\n<meta property=\"og:description\" content=\"Adicione o m\u00f3dulo Facebook Feed ao seu site Drupal 8 gratuitamente. Experimente nossa demonstra\u00e7\u00e3o gratuita e crie seu m\u00f3dulo do Facebook em 1 minuto.\" \/>\n<meta property=\"og:url\" content=\"https:\/\/elfsight.com\/pt\/facebook-feed-widget\/drupal\/\" \/>\n<meta property=\"og:site_name\" content=\"Elfsight PT\" \/>\n<meta property=\"article:modified_time\" content=\"2025-02-11T05:34:50+00:00\" \/>\n<meta name=\"twitter:card\" content=\"summary_large_image\" \/>\n<meta name=\"twitter:label1\" content=\"Tempo estimado de leitura\" \/>\n\t<meta name=\"twitter:data1\" content=\"4 minutos\" \/>\n<!-- \/ Yoast SEO plugin. -->","yoast_head_json":{"title":"Feed do Facebook - Adicionar m\u00f3dulo do Facebook ao site Drupal","description":"Adicione o m\u00f3dulo Facebook Feed ao seu site Drupal 8 gratuitamente. Experimente nossa demonstra\u00e7\u00e3o gratuita e crie seu m\u00f3dulo do Facebook em 1 minuto.","robots":{"index":"index","follow":"follow","max-snippet":"max-snippet:-1","max-image-preview":"max-image-preview:large","max-video-preview":"max-video-preview:-1"},"canonical":"https:\/\/elfsight.com\/pt\/facebook-feed-widget\/drupal\/","og_locale":"pt_PT","og_type":"article","og_title":"Feed do Facebook - Adicionar m\u00f3dulo do Facebook ao site Drupal","og_description":"Adicione o m\u00f3dulo Facebook Feed ao seu site Drupal 8 gratuitamente. Experimente nossa demonstra\u00e7\u00e3o gratuita e crie seu m\u00f3dulo do Facebook em 1 minuto.","og_url":"https:\/\/elfsight.com\/pt\/facebook-feed-widget\/drupal\/","og_site_name":"Elfsight PT","article_modified_time":"2025-02-11T05:34:50+00:00","twitter_card":"summary_large_image","twitter_misc":{"Tempo estimado de leitura":"4 minutos"},"schema":{"@context":"https:\/\/schema.org","@graph":[{"@type":"WebPage","@id":"https:\/\/elfsight.com\/pt\/facebook-feed-widget\/drupal\/","url":"https:\/\/elfsight.com\/pt\/facebook-feed-widget\/drupal\/","name":"Feed do Facebook - Adicionar m\u00f3dulo do Facebook ao site Drupal","isPartOf":{"@id":"https:\/\/elfsight.com\/pt\/#website"},"datePublished":"2024-05-03T06:36:02+00:00","dateModified":"2025-02-11T05:34:50+00:00","description":"Adicione o m\u00f3dulo Facebook Feed ao seu site Drupal 8 gratuitamente. Experimente nossa demonstra\u00e7\u00e3o gratuita e crie seu m\u00f3dulo do Facebook em 1 minuto.","breadcrumb":{"@id":"https:\/\/elfsight.com\/pt\/facebook-feed-widget\/drupal\/#breadcrumb"},"inLanguage":"pt-PT","potentialAction":[{"@type":"ReadAction","target":["https:\/\/elfsight.com\/pt\/facebook-feed-widget\/drupal\/"]}]},{"@type":"BreadcrumbList","@id":"https:\/\/elfsight.com\/pt\/facebook-feed-widget\/drupal\/#breadcrumb","itemListElement":[{"@type":"ListItem","position":1,"name":"Home","item":"https:\/\/elfsight.com\/pt\/"},{"@type":"ListItem","position":2,"name":"Facebook Feed","item":"https:\/\/elfsight.com\/pt\/facebook-feed-widget\/"},{"@type":"ListItem","position":3,"name":"Facebook Feed &#8211; Drupal"}]},{"@type":"WebSite","@id":"https:\/\/elfsight.com\/pt\/#website","url":"https:\/\/elfsight.com\/pt\/","name":"Elfsight PT","description":"Just another Elfsight Sites site","potentialAction":[{"@type":"SearchAction","target":{"@type":"EntryPoint","urlTemplate":"https:\/\/elfsight.com\/pt\/?s={search_term_string}"},"query-input":{"@type":"PropertyValueSpecification","valueRequired":true,"valueName":"search_term_string"}}],"inLanguage":"pt-PT"}]}},"meta_box":{"industry":"","seo_heading":"","heading":"","description":"","cta_heading":"","cta_description":"","application":"385","h1":"Plug-in de feed do Facebook para Drupal","h1_caption":"Um widget poderoso para incorporar feed do Facebook ao seu site","application_category":[],"applications_title":"","applications_request_title":"","applications_request_button_text":"","hero_text":"","hero_video":"","hero_video_schema_markup":"","selling_points_title":"","selling_points_caption":"","selling_points":[],"selling_points_cta_text":"","features_title":"","features":"","ed_cta_examples_text":"","ed_cta_examples_hidden":"","ed_cta_demo_text":"","ed_cta_demo_hidden":"","why_caption":"","why_editor_title":"","why_editor_text":"","why_team_title":"","why_team_text":"","why_service_title":"","why_service_text":"","template_catalog_visible":"0","template_catalog_title":"","template_catalog_text":"","template_catalog_categories_visible":"","demo_title":"Crie seu m\u00f3dulo de feed do Facebook","demo_caption":"Configure seu feed do Facebook e adicione-o ao seu site Drupal gratuitamente!","default_faq_hidden":"","app_template_category":[],"platform":"4905","template_public_id":"","codecanyon_url":"","codecanyon_item_id":"","codecanyon_price":"","pricing_caption":"","pricing_elfsight_apps_hide_column":"","pricing_elfsight_apps_url":"","pricing_codecanyon_price_caption":"","integration_category":[],"integration_request_title":"","integration_request_cta":"","integration_platform":"","integrations":[],"platform_category":[],"video_schema_markup":"","price":"a partir de US$ 0\/m\u00eas","trial":"","benefits":[{"text":"Ajuda de instala\u00e7\u00e3o gratuita"},{"text":"Atendimento ao cliente profissional"},{"text":"Garantia de reembolso de 14 dias"},{"text":"Atualizando constantemente"}],"button_url":"#demo","button_target_blank":"0","button_nofollow":"0","attributes":[{"name":"Instala\u00e7\u00f5es","content":"100,000 - 500,000","_state":"expanded"},{"name":"Responsivo","content":"Sim","_state":"expanded"},{"name":"Navegadores compat\u00edveis","content":"Firefox, Safari, Opera, Chrome, Edge"}],"tags":[],"tags_disable_links":"0","hide_more_platforms":"0","video_object":"","demo_hide_cta":"0","demo_hide_cloud_options":"0","pricing_title":"","pricing":[{"pricing_icon":"cloud","pricing_title":"Elfsight Apps","pricing_title_caption":"Solu\u00e7\u00e3o digital independente de plataforma adequada para qualquer site","pricing_price":"a partir de US$ 0\/m\u00eas","pricing_price_caption":"comece com plano gratuito","pricing_benefits":[{"text":"Sites ilimitados"},{"text":"Suporte ao cliente r\u00e1pido e bem documentado"},{"text":"Suporte ao cliente r\u00e1pido e bem documentado"},{"text":"Oferta especial para v\u00e1rios aplicativos"}],"pricing_button_text":"Adicionar ao site","pricing_button_url":"#demo","_state":"expanded"}],"related_apps_title":"","related_apps_hidden":"1","author":"","image":[],"title":"","job":"","social_networks":[]},"_links":{"self":[{"href":"https:\/\/elfsight.com\/pt\/wp-json\/wp\/v2\/pages\/3816","targetHints":{"allow":["GET"]}}],"collection":[{"href":"https:\/\/elfsight.com\/pt\/wp-json\/wp\/v2\/pages"}],"about":[{"href":"https:\/\/elfsight.com\/pt\/wp-json\/wp\/v2\/types\/page"}],"author":[{"embeddable":true,"href":"https:\/\/elfsight.com\/pt\/wp-json\/wp\/v2\/users\/9"}],"replies":[{"embeddable":true,"href":"https:\/\/elfsight.com\/pt\/wp-json\/wp\/v2\/comments?post=3816"}],"version-history":[{"count":4,"href":"https:\/\/elfsight.com\/pt\/wp-json\/wp\/v2\/pages\/3816\/revisions"}],"predecessor-version":[{"id":13839,"href":"https:\/\/elfsight.com\/pt\/wp-json\/wp\/v2\/pages\/3816\/revisions\/13839"}],"up":[{"embeddable":true,"href":"https:\/\/elfsight.com\/pt\/wp-json\/wp\/v2\/pages\/386"}],"wp:attachment":[{"href":"https:\/\/elfsight.com\/pt\/wp-json\/wp\/v2\/media?parent=3816"}],"curies":[{"name":"wp","href":"https:\/\/api.w.org\/{rel}","templated":true}]}}