{"id":3813,"date":"2024-05-03T06:34:17","date_gmt":"2024-05-03T06:34:17","guid":{"rendered":"https:\/\/elfsight.com\/pt\/?page_id=3813"},"modified":"2024-11-13T12:10:54","modified_gmt":"2024-11-13T12:10:54","slug":"blogger","status":"publish","type":"page","link":"https:\/\/elfsight.com\/pt\/countdown-timer-widget\/blogger\/","title":{"rendered":"Countdown Timer &#8211; Blogger"},"content":{"rendered":"<div class=\"application-platform-content-item-description application-platform-content-item\" id=\"description\" data-nav-section=\"description\"><h2>Descri\u00e7\u00e3o<\/h2><p>Voc\u00ea pode usar o Elfsight Countdown Clock para construir v\u00e1rios tipos de contagens e temporizadores, que levar\u00e3o os clientes a comprar mais e mais r\u00e1pido. A contagem de estoque ou de vendas evocar\u00e1 uma sensa\u00e7\u00e3o de disponibilidade limitada e concorr\u00eancia; a contagem regressiva de vendas levar\u00e1 o p\u00fablico a comprar mais r\u00e1pido. Uma contagem regressiva individual incentivar\u00e1 cada usu\u00e1rio a usar uma oferta pessoal mais rapidamente; os banners de promo\u00e7\u00e3o de fim de ano atrair\u00e3o a aten\u00e7\u00e3o gra\u00e7as ao excelente estilo de tema.<\/p><p><b>Aumente suas vendas on-line com cron\u00f4metros e contagens que criam urg\u00eancia.<\/b><\/p><p><b>Empurre clientela para comprar agora, trazendo um senso de urg\u00eancia.<\/b><br> Crie o medo de perder sua oferta ou venda especial, exibindo que o tempo est\u00e1 passando at\u00e9 o \u00faltimo dia dela. Isso far\u00e1 com que os clientes comprem mais r\u00e1pido e aumentem as vendas em seu site.<\/p><p><b>Mostre a redu\u00e7\u00e3o do estoque para aumentar o valor dos itens.<\/b><br> Mostre que seus produtos s\u00e3o vendidos rapidamente. e tornar-se deficit\u00e1rio, com contagem especial de estoques. Isso far\u00e1 com que as pessoas valorizem mais as ofertas e fiquem com inveja de adquiri-las tamb\u00e9m.<\/p><p><b>Atraia mais aten\u00e7\u00e3o para as vendas usando uma barra de cron\u00f4metro especial com tema natalino.<\/b><br> Crie um ambiente brilhante. bar de venda tem\u00e1tica para feriados e ocasi\u00f5es especiais. Isso trar\u00e1 uma atmosfera de f\u00e9rias e aumentar\u00e1 suas ofertas lucrativas para ajud\u00e1-lo a vender mais durante a alta temporada.<\/p><\/div> <div class=\"application-platform-content-item-features application-platform-content-item\" id=\"features\" data-nav-section=\"features\"><h2>Recursos<\/h2><p>Alguns dos principais caracter\u00edsticas que fazem do Elfsight Countdown a melhor escolha para um site Blogger:<\/p><ul><li>Tr\u00eas tipos de cron\u00f4metro: in\u00edcio ao fim, tempo restante por visitante, contagem do n\u00famero do in\u00edcio ao fim;<\/li><li>Texto de mensagem edit\u00e1vel com formata\u00e7\u00e3o;<\/li><li>Op\u00e7\u00e3o para desligar qualquer unidade de tempo;<\/li><li>5 temas de feriados para as ocasi\u00f5es mais populares;<\/li><li>Op\u00e7\u00e3o para definir o tamanho da fonte da mensagem.<\/li><\/ul><p><a href=\"#demo\">Experimente mais propriedades no editor gratuito<\/a><\/p><\/div><div class=\"application-platform-content-item-installation  application-platform-content-item\" id=\"installation \" data-nav-section=\"installation \"><h2>Como adicionar um temporizador de contagem regressiva ao site do Blogger<\/h2><div class=\"video-container\"><iframe width=\"720\" height=\"405\" src=\"https:\/\/www.youtube.com\/embed\/fqq3aWXclWw\" frameborder=\"0\" allowfullscreen=\"\"><\/iframe><\/div><p>Um manual simples sobre como criar rel\u00f3gios de contagem regressiva e contagens para um site, que n\u00e3o requer conhecimento em programa\u00e7\u00e3o. A implementa\u00e7\u00e3o do manual n\u00e3o levar\u00e1 mais do que alguns minutos.<\/p><ol><li><b>Crie seu cron\u00f4metro de contagem regressiva personalizado<\/b>.<br> Usando nossa demonstra\u00e7\u00e3o gratuita, crie um plug-in com modelo e modelo preferidos. capacidades.<\/li><li><b>Receba o c\u00f3digo para mostrar o plugin em seu site<\/b>.<br> Depois de ajustar a interface do widget, receba seu c\u00f3digo para o plugin Countdown na notifica\u00e7\u00e3o pop-up nos aplicativos da Elfsight.<\/li><li><b>Revele o plug-in no site do Blogger<\/b>.<br> Coloque o plug-in em um local escolhido da p\u00e1gina e aplique os resultados.<\/li><li> <b>Pronto!<\/b><br> Acesse seu site para ver seu trabalho.<\/li><\/ol><p>Tem dificuldades ou d\u00favidas sobre as instru\u00e7\u00f5es ou n\u00e3o consegue configurar seu pr\u00f3prio plugin ? Escreva para nossa central de ajuda e a equipe da Elfsight ter\u00e1 prazer em ajud\u00e1-lo ou leia <a href=\"https:\/\/elfsight.com\/tutorials\/how-to-add-countdown-timer-to-blogger\/\" target=\"_blank \" rel=\"noopener noreferrer\">instru\u00e7\u00f5es informativas<\/a>!<\/p><div class=\"faq\" data-component=\"FAQ\"> <div class=\"faq-item\">\r\n\t\t\t\t\t<div class=\"faq-item-question\">\r\n\t\t\t\t\t\t<h3 class=\"faq-item-question-text\">Como adicionar um cron\u00f4metro de contagem regressiva ao meu site do Blogger sem habilidades de codifica\u00e7\u00e3o?<\/h3>\r\n\r\n\t\t\t\t\t\t<div class=\"faq-item-question-icon\"><\/div>\r\n\t\t\t\t\t<\/div>\r\n\r\n\t\t\t\t\t<div class=\"faq-item-answer\">\r\n\t\t\t\t\t\t<div class=\"faq-item-answer-text\"> <p>A Elfsight fornece um SaaS solu\u00e7\u00e3o que permite que voc\u00ea mesmo crie um widget de cron\u00f4metro de contagem regressiva, veja como o processo \u00e9 f\u00e1cil: Trabalhe diretamente no editor on-line para criar um widget de cron\u00f4metro de contagem regressiva que voc\u00ea gostaria de ver em seu site do Blogger. Escolha um dos modelos predefinidos e ajuste as configura\u00e7\u00f5es do cron\u00f4metro de contagem regressiva, adicione seu conte\u00fado, altere o layout e o esquema de cores sem habilidades de codifica\u00e7\u00e3o. Salve o cron\u00f4metro de contagem regressiva e copie seu c\u00f3digo de instala\u00e7\u00e3o, que voc\u00ea pode colar no site do Blogger sem a necessidade de adquirir uma assinatura paga. Com nosso editor intuitivo, qualquer usu\u00e1rio da Internet pode criar um widget de contagem regressiva online e incorpor\u00e1-lo facilmente ao site do Blogger. N\u00e3o h\u00e1 necessidade de pagar ou inserir as credenciais do seu cart\u00e3o para acessar o servi\u00e7o. Se voc\u00ea enfrentar qualquer problema em qualquer etapa, n\u00e3o hesite em entrar em contato com nossa equipe de suporte t\u00e9cnico.<\/p> <\/div>\r\n\t\t\t\t\t<\/div>\r\n\t\t\t\t<\/div> <\/div> <\/div>","protected":false},"excerpt":{"rendered":"","protected":false},"author":9,"featured_media":0,"parent":505,"menu_order":0,"comment_status":"closed","ping_status":"closed","template":"templates\/template-application-platform.php","meta":{"publish_to_discourse":"","publish_post_category":"","wpdc_auto_publish_overridden":"","wpdc_topic_tags":"","wpdc_pin_topic":"","wpdc_pin_until":"","discourse_post_id":"","discourse_permalink":"","wpdc_publishing_response":"","wpdc_publishing_error":"","footnotes":""},"class_list":["post-3813","page","type-page","status-publish","hentry"],"yoast_head":"<!-- This site is optimized with the Yoast SEO plugin v25.3.1 - https:\/\/yoast.com\/wordpress\/plugins\/seo\/ -->\n<title>O melhor widget de contagem regressiva do Blogger para site (2026)<\/title>\n<meta name=\"description\" content=\"Crie seu widget de contagem regressiva exclusivo para o Blogger em apenas 70 segundos. Experimente gratuitamente os widgets de painel mais f\u00e1ceis criados pela Elfsight.\" \/>\n<meta name=\"robots\" content=\"index, follow, max-snippet:-1, max-image-preview:large, max-video-preview:-1\" \/>\n<link rel=\"canonical\" href=\"https:\/\/elfsight.com\/pt\/countdown-timer-widget\/blogger\/\" \/>\n<meta property=\"og:locale\" content=\"pt_PT\" \/>\n<meta property=\"og:type\" content=\"article\" \/>\n<meta property=\"og:title\" content=\"O melhor widget de contagem regressiva do Blogger para site (2026)\" \/>\n<meta property=\"og:description\" content=\"Crie seu widget de contagem regressiva exclusivo para o Blogger em apenas 70 segundos. Experimente gratuitamente os widgets de painel mais f\u00e1ceis criados pela Elfsight.\" \/>\n<meta property=\"og:url\" content=\"https:\/\/elfsight.com\/pt\/countdown-timer-widget\/blogger\/\" \/>\n<meta property=\"og:site_name\" content=\"Elfsight PT\" \/>\n<meta property=\"article:modified_time\" content=\"2024-11-13T12:10:54+00:00\" \/>\n<meta name=\"twitter:card\" content=\"summary_large_image\" \/>\n<meta name=\"twitter:label1\" content=\"Tempo estimado de leitura\" \/>\n\t<meta name=\"twitter:data1\" content=\"2 minutos\" \/>\n<!-- \/ Yoast SEO plugin. -->","yoast_head_json":{"title":"O melhor widget de contagem regressiva do Blogger para site (2026)","description":"Crie seu widget de contagem regressiva exclusivo para o Blogger em apenas 70 segundos. Experimente gratuitamente os widgets de painel mais f\u00e1ceis criados pela Elfsight.","robots":{"index":"index","follow":"follow","max-snippet":"max-snippet:-1","max-image-preview":"max-image-preview:large","max-video-preview":"max-video-preview:-1"},"canonical":"https:\/\/elfsight.com\/pt\/countdown-timer-widget\/blogger\/","og_locale":"pt_PT","og_type":"article","og_title":"O melhor widget de contagem regressiva do Blogger para site (2026)","og_description":"Crie seu widget de contagem regressiva exclusivo para o Blogger em apenas 70 segundos. Experimente gratuitamente os widgets de painel mais f\u00e1ceis criados pela Elfsight.","og_url":"https:\/\/elfsight.com\/pt\/countdown-timer-widget\/blogger\/","og_site_name":"Elfsight PT","article_modified_time":"2024-11-13T12:10:54+00:00","twitter_card":"summary_large_image","twitter_misc":{"Tempo estimado de leitura":"2 minutos"},"schema":{"@context":"https:\/\/schema.org","@graph":[{"@type":"WebPage","@id":"https:\/\/elfsight.com\/pt\/countdown-timer-widget\/blogger\/","url":"https:\/\/elfsight.com\/pt\/countdown-timer-widget\/blogger\/","name":"O melhor widget de contagem regressiva do Blogger para site (2026)","isPartOf":{"@id":"https:\/\/elfsight.com\/pt\/#website"},"datePublished":"2024-05-03T06:34:17+00:00","dateModified":"2024-11-13T12:10:54+00:00","description":"Crie seu widget de contagem regressiva exclusivo para o Blogger em apenas 70 segundos. Experimente gratuitamente os widgets de painel mais f\u00e1ceis criados pela Elfsight.","breadcrumb":{"@id":"https:\/\/elfsight.com\/pt\/countdown-timer-widget\/blogger\/#breadcrumb"},"inLanguage":"pt-PT","potentialAction":[{"@type":"ReadAction","target":["https:\/\/elfsight.com\/pt\/countdown-timer-widget\/blogger\/"]}]},{"@type":"BreadcrumbList","@id":"https:\/\/elfsight.com\/pt\/countdown-timer-widget\/blogger\/#breadcrumb","itemListElement":[{"@type":"ListItem","position":1,"name":"Home","item":"https:\/\/elfsight.com\/pt\/"},{"@type":"ListItem","position":2,"name":"Countdown Timer","item":"https:\/\/elfsight.com\/pt\/countdown-timer-widget\/"},{"@type":"ListItem","position":3,"name":"Countdown Timer &#8211; Blogger"}]},{"@type":"WebSite","@id":"https:\/\/elfsight.com\/pt\/#website","url":"https:\/\/elfsight.com\/pt\/","name":"Elfsight PT","description":"Just another Elfsight Sites site","potentialAction":[{"@type":"SearchAction","target":{"@type":"EntryPoint","urlTemplate":"https:\/\/elfsight.com\/pt\/?s={search_term_string}"},"query-input":{"@type":"PropertyValueSpecification","valueRequired":true,"valueName":"search_term_string"}}],"inLanguage":"pt-PT"}]}},"meta_box":{"industry":"","seo_heading":"","heading":"","description":"","cta_heading":"","cta_description":"","application":"504","h1":"Widget de contagem regressiva do Blogger","h1_caption":"Crie um senso de urg\u00eancia e d\u00e9ficit de seus itens para aumentar as compras em seu site","application_category":[],"applications_title":"","applications_request_title":"","applications_request_button_text":"","hero_text":"","hero_video":"","hero_video_schema_markup":"","selling_points_title":"","selling_points_caption":"","selling_points":[],"selling_points_cta_text":"","features_title":"","features":"","ed_cta_examples_text":"","ed_cta_examples_hidden":"","ed_cta_demo_text":"","ed_cta_demo_hidden":"","why_caption":"","why_editor_title":"","why_editor_text":"","why_team_title":"","why_team_text":"","why_service_title":"","why_service_text":"","template_catalog_visible":"","template_catalog_title":"","template_catalog_text":"","template_catalog_categories_visible":"","demo_title":"Crie seu widget de contagem regressiva","demo_caption":"Configure seu cron\u00f4metro de contagem regressiva e adicione-o ao site do Blogger gratuitamente!","default_faq_hidden":"","app_template_category":[],"platform":"46","template_public_id":"","codecanyon_url":"","codecanyon_item_id":"","codecanyon_price":"","pricing_caption":"","pricing_elfsight_apps_hide_column":"","pricing_elfsight_apps_url":"","pricing_codecanyon_price_caption":"","integration_category":[],"integration_request_title":"","integration_request_cta":"","integration_platform":"","integrations":[],"platform_category":[],"video_schema_markup":"","price":"a partir de US$ 0\/m\u00eas","trial":"","benefits":[{"text":"Servi\u00e7o de instala\u00e7\u00e3o gratuito"},{"text":"Suporte excepcional"},{"text":"Garantia de reembolso de 14 dias"},{"text":"Melhorias gratuitas regulares"}],"button_url":"#demo","button_target_blank":"0","button_nofollow":"0","attributes":[{"name":"Instala\u00e7\u00f5es","content":"100,000 - 500,000","_state":"expanded"},{"name":"Responsivo","content":"Sim","_state":"expanded"},{"name":"Navegadores compat\u00edveis","content":"Firefox, Safari, Opera, Chrome, Edge"}],"tags":[],"tags_disable_links":"0","hide_more_platforms":"","video_object":"","demo_hide_cta":"0","demo_hide_cloud_options":"0","pricing_title":"","pricing":[{"pricing_icon":"platform","pricing_title":"Elfsight Apps","pricing_title_caption":"Solu\u00e7\u00e3o multiplataforma que funciona em qualquer site","pricing_price":"a partir de US$ 0\/m\u00eas","pricing_price_caption":"comece com um plano gratuito","pricing_benefits":[{"text":"Sites ilimitados"},{"text":"Suporte 24 horas por dia, 7 dias por semana e bem documentado"},{"text":"Suporte 24 horas por dia, 7 dias por semana e bem documentado"},{"text":"Totalmente personaliz\u00e1vel"}],"pricing_button_text":"Adicionar ao site","pricing_button_url":"#demo","_state":"expanded"}],"related_apps_title":"","related_apps_hidden":"1","author":"","image":[],"title":"","job":"","social_networks":[]},"_links":{"self":[{"href":"https:\/\/elfsight.com\/pt\/wp-json\/wp\/v2\/pages\/3813","targetHints":{"allow":["GET"]}}],"collection":[{"href":"https:\/\/elfsight.com\/pt\/wp-json\/wp\/v2\/pages"}],"about":[{"href":"https:\/\/elfsight.com\/pt\/wp-json\/wp\/v2\/types\/page"}],"author":[{"embeddable":true,"href":"https:\/\/elfsight.com\/pt\/wp-json\/wp\/v2\/users\/9"}],"replies":[{"embeddable":true,"href":"https:\/\/elfsight.com\/pt\/wp-json\/wp\/v2\/comments?post=3813"}],"version-history":[{"count":2,"href":"https:\/\/elfsight.com\/pt\/wp-json\/wp\/v2\/pages\/3813\/revisions"}],"predecessor-version":[{"id":11753,"href":"https:\/\/elfsight.com\/pt\/wp-json\/wp\/v2\/pages\/3813\/revisions\/11753"}],"up":[{"embeddable":true,"href":"https:\/\/elfsight.com\/pt\/wp-json\/wp\/v2\/pages\/505"}],"wp:attachment":[{"href":"https:\/\/elfsight.com\/pt\/wp-json\/wp\/v2\/media?parent=3813"}],"curies":[{"name":"wp","href":"https:\/\/api.w.org\/{rel}","templated":true}]}}