{"id":3808,"date":"2024-05-03T06:36:03","date_gmt":"2024-05-03T06:36:03","guid":{"rendered":"https:\/\/elfsight.com\/pt\/?page_id=3808"},"modified":"2025-02-11T05:31:30","modified_gmt":"2025-02-11T05:31:30","slug":"blogger","status":"publish","type":"page","link":"https:\/\/elfsight.com\/pt\/facebook-feed-widget\/blogger\/","title":{"rendered":"Facebook Feed &#8211; Blogger"},"content":{"rendered":"\n<div class=\"application-platform-content-item-description application-platform-content-item\" id=\"description\" data-nav-section=\"description\"><h2>Descri\u00e7\u00e3o<\/h2><p>Demonstre sua p\u00e1gina do Facebook por meio de nosso poderoso plugin \u2013 Facebook Feed. Postagens, v\u00eddeos, fotos \u2013 nunca duvide que seus visitantes n\u00e3o perder\u00e3o um \u00fanico an\u00fancio. O design moderno com elementos verdadeiros do Facebook n\u00e3o ser\u00e1 deixado de lado e lhe dar\u00e1 a oportunidade n\u00e3o apenas de manter os compradores atuais no site, mas tamb\u00e9m de atrair novos assinantes do Facebook.<\/p><p><b>Aumente o n\u00edvel do seu site para uma etapa completamente nova, apoiada pelo widget do Facebook do Blogger.<\/b><\/p><ul><li><b>Fa\u00e7a com que os usu\u00e1rios permane\u00e7am na p\u00e1gina<\/b>.<br>Exiba componentes sociais e interativos, que obt\u00eam aten\u00e7\u00e3o dos leitores, para mant\u00ea-los na p\u00e1gina e mostrar-lhes seus produtos ou servi\u00e7os de forma mais detalhada.<\/li><li><b>Desenvolva sua p\u00e1gina no Facebook<\/b>.<br>Adicione postagens no Facebook n\u00e3o apenas para usu\u00e1rios das m\u00eddias sociais, mas tamb\u00e9m para envolver usu\u00e1rios do site em sua p\u00e1gina do Facebook. Aplique feeds ou fotos de alta qualidade para come\u00e7ar a ter novos assinantes agora mesmo!<\/li><li><b>1 widget do Facebook para servir como 3<\/b>.<br>Todo o conte\u00fado do Facebook em um \u00fanico plugin: exibir publica\u00e7\u00f5es com feedback, curtidas ou quaisquer rea\u00e7\u00f5es do Facebook; crie listas de reprodu\u00e7\u00e3o de fotos e v\u00eddeos no site com a ajuda dos \u00e1lbuns do Facebook.<\/li><\/ul><\/div><div class=\"application-platform-content-item-features application-platform-content-item\" id=\"features\" data-nav-section=\"features\"><h2>Recursos<\/h2><p>Algumas caracter\u00edsticas, que transformam nosso feed de p\u00e1gina do Facebook no melhor plug-in para um site do Blogger.<\/p><ul><li>Tr\u00eas tipos de conte\u00fado do Facebook que podem ser exibidos: postagens, v\u00eddeos e fotos com \u00e1lbuns;<\/li><li>Pop personaliz\u00e1vel -ups com elementos altern\u00e1veis: autor, contagem de curtidas, contagem de compartilhamentos, coment\u00e1rios;<\/li><li>Postagens com informa\u00e7\u00f5es altern\u00e1veis: autor, contagem de curtidas, contagem de compartilhamentos, bot\u00e3o de compartilhamento;<\/li><li>Mostrar ou ocultar menu;<\/li><li>Atualiza\u00e7\u00f5es regulares ao vivo para mant\u00ea-lo atualizado.<\/li><\/ul><p><a href=\"#demo\">Descubra todas as vantagens na demonstra\u00e7\u00e3o ao vivo<\/a>.<\/p><\/div><div class=\"application-platform-content-item-installation application-platform-content-item\" id=\"installation\" data-nav-section=\"installation\"><h2>Como adicionar o plugin do Facebook ao site do Blogger<\/h2><div class=\"video-container\"><iframe width=\"720\" height=\"405\" src=\"https:\/\/www.youtube.com\/embed\/0w25RpSal5A\" frameborder=\"0\" allowfullscreen=\"\"><\/iframe><\/div><p>Leia nosso guia para finalizar a inser\u00e7\u00e3o do widget. O processo levar\u00e1 apenas 2 minutos e n\u00e3o requer conhecimento em desenvolvimento.<\/p><ol><li><b>Crie seu widget pessoal do Facebook<\/b>.<br>Com nosso editor gratuito, modele um plugin com o design e as op\u00e7\u00f5es necess\u00e1rias.<\/li><li><b>Obtenha o c\u00f3digo para mostrar o plugin<\/b>.<br>Ap\u00f3s a gera\u00e7\u00e3o do widget, obtenha o c\u00f3digo do plugin do Facebook na notifica\u00e7\u00e3o pop-up nas aplica\u00e7\u00f5es Elfsight.<\/li><li><b>Coloque o plug-in no site do Blogger<\/b>.<br>Insira o plug-in no local necess\u00e1rio do site e salve as edi\u00e7\u00f5es.<\/li><li><b> A configura\u00e7\u00e3o foi conclu\u00edda<\/b>.<br>Visite seu site do Blogger para verificar seu trabalho.<\/li><\/ol><p>Precisa de ajuda mais espec\u00edfica? Confira um <a href=\"https:\/\/elfsight.com\/tutorials\/how-to-add-facebook-widget-to-blogger\/\" target=\"_blank\" rel=\"noopener noreferrer\">tutorial detalhado<\/a> ou dirija-se ao centro de ajuda da Elfsight e teremos todo o prazer em oferecer uma solu\u00e7\u00e3o.<\/p><\/div><div class=\"faq\" data-component=\"FAQ\"><div class=\"faq-item\">\r\n\t\t\t\t\t<div class=\"faq-item-question\">\r\n\t\t\t\t\t\t<h3 class=\"faq-item-question-text\">Como incorporar o WhatsApp Chat ao meu Blogger p\u00e1gina inicial sem experi\u00eancia em codifica\u00e7\u00e3o?<\/h3>\r\n\r\n\t\t\t\t\t\t<div class=\"faq-item-question-icon\"><\/div>\r\n\t\t\t\t\t<\/div>\r\n\r\n\t\t\t\t\t<div class=\"faq-item-answer\">\r\n\t\t\t\t\t\t<div class=\"faq-item-answer-text\"><p>A empresa Elfsight apresenta uma solu\u00e7\u00e3o SaaS que permite que as pessoas criem voc\u00ea mesmo um plugin de bate-papo do WhatsApp. Veja como \u00e9 simples: <\/p><ul><li>Trabalhe diretamente no editor ao vivo para formar um widget de bate-papo do WhatsApp que voc\u00ea gostaria de incorporar na p\u00e1gina do Blogger.<\/li><li>Selecione um dos modelos prontos e modifique as configura\u00e7\u00f5es do bate-papo do WhatsApp, altere o layout e o esquema de cores, atualize seu conte\u00fado sem nenhum conhecimento de codifica\u00e7\u00e3o .<\/li><li>Clique para salvar o WhatsApp Chat e obter o c\u00f3digo de instala\u00e7\u00e3o, que pode ser simplesmente inclu\u00eddo em qualquer site do Blogger gratuitamente. <\/li><\/ul><p>Com o editor f\u00e1cil de usar, cada usu\u00e1rio da Internet pode criar um bate-papo on-line no WhatsApp e col\u00e1-lo facilmente no site do Blogger. N\u00e3o \u00e9 necess\u00e1rio adquirir um plano pago ou divulgar as credenciais do seu cart\u00e3o para entrar no servi\u00e7o. Se voc\u00ea encontrar algum obst\u00e1culo de qualquer tipo, n\u00e3o hesite em entrar em contato com nosso suporte ao cliente.<\/p><\/div>\r\n\t\t\t\t\t<\/div>\r\n\t\t\t\t<\/div><\/div>\n","protected":false},"excerpt":{"rendered":"","protected":false},"author":9,"featured_media":0,"parent":386,"menu_order":0,"comment_status":"closed","ping_status":"closed","template":"templates\/template-application-platform.php","meta":{"publish_to_discourse":"","publish_post_category":"","wpdc_auto_publish_overridden":"","wpdc_topic_tags":"","wpdc_pin_topic":"","wpdc_pin_until":"","discourse_post_id":"","discourse_permalink":"","wpdc_publishing_response":"","wpdc_publishing_error":"","footnotes":""},"class_list":["post-3808","page","type-page","status-publish","hentry"],"yoast_head":"<!-- This site is optimized with the Yoast SEO plugin v25.3.1 - https:\/\/yoast.com\/wordpress\/plugins\/seo\/ -->\n<title>Feed do Facebook - Adicionar plugin do Facebook ao site do Blogger<\/title>\n<meta name=\"description\" content=\"Adicione um widget responsivo de feed de p\u00e1gina do Facebook ao seu site do Blogger em 2018. Teste o construtor flex\u00edvel Elfsight e crie seu plugin em apenas 1 minuto.\" \/>\n<meta name=\"robots\" content=\"index, follow, max-snippet:-1, max-image-preview:large, max-video-preview:-1\" \/>\n<link rel=\"canonical\" href=\"https:\/\/elfsight.com\/pt\/facebook-feed-widget\/blogger\/\" \/>\n<meta property=\"og:locale\" content=\"pt_PT\" \/>\n<meta property=\"og:type\" content=\"article\" \/>\n<meta property=\"og:title\" content=\"Feed do Facebook - Adicionar plugin do Facebook ao site do Blogger\" \/>\n<meta property=\"og:description\" content=\"Adicione um widget responsivo de feed de p\u00e1gina do Facebook ao seu site do Blogger em 2018. Teste o construtor flex\u00edvel Elfsight e crie seu plugin em apenas 1 minuto.\" \/>\n<meta property=\"og:url\" content=\"https:\/\/elfsight.com\/pt\/facebook-feed-widget\/blogger\/\" \/>\n<meta property=\"og:site_name\" content=\"Elfsight PT\" \/>\n<meta property=\"article:modified_time\" content=\"2025-02-11T05:31:30+00:00\" \/>\n<meta name=\"twitter:card\" content=\"summary_large_image\" \/>\n<meta name=\"twitter:label1\" content=\"Tempo estimado de leitura\" \/>\n\t<meta name=\"twitter:data1\" content=\"4 minutos\" \/>\n<!-- \/ Yoast SEO plugin. -->","yoast_head_json":{"title":"Feed do Facebook - Adicionar plugin do Facebook ao site do Blogger","description":"Adicione um widget responsivo de feed de p\u00e1gina do Facebook ao seu site do Blogger em 2018. Teste o construtor flex\u00edvel Elfsight e crie seu plugin em apenas 1 minuto.","robots":{"index":"index","follow":"follow","max-snippet":"max-snippet:-1","max-image-preview":"max-image-preview:large","max-video-preview":"max-video-preview:-1"},"canonical":"https:\/\/elfsight.com\/pt\/facebook-feed-widget\/blogger\/","og_locale":"pt_PT","og_type":"article","og_title":"Feed do Facebook - Adicionar plugin do Facebook ao site do Blogger","og_description":"Adicione um widget responsivo de feed de p\u00e1gina do Facebook ao seu site do Blogger em 2018. Teste o construtor flex\u00edvel Elfsight e crie seu plugin em apenas 1 minuto.","og_url":"https:\/\/elfsight.com\/pt\/facebook-feed-widget\/blogger\/","og_site_name":"Elfsight PT","article_modified_time":"2025-02-11T05:31:30+00:00","twitter_card":"summary_large_image","twitter_misc":{"Tempo estimado de leitura":"4 minutos"},"schema":{"@context":"https:\/\/schema.org","@graph":[{"@type":"WebPage","@id":"https:\/\/elfsight.com\/pt\/facebook-feed-widget\/blogger\/","url":"https:\/\/elfsight.com\/pt\/facebook-feed-widget\/blogger\/","name":"Feed do Facebook - Adicionar plugin do Facebook ao site do Blogger","isPartOf":{"@id":"https:\/\/elfsight.com\/pt\/#website"},"datePublished":"2024-05-03T06:36:03+00:00","dateModified":"2025-02-11T05:31:30+00:00","description":"Adicione um widget responsivo de feed de p\u00e1gina do Facebook ao seu site do Blogger em 2018. Teste o construtor flex\u00edvel Elfsight e crie seu plugin em apenas 1 minuto.","breadcrumb":{"@id":"https:\/\/elfsight.com\/pt\/facebook-feed-widget\/blogger\/#breadcrumb"},"inLanguage":"pt-PT","potentialAction":[{"@type":"ReadAction","target":["https:\/\/elfsight.com\/pt\/facebook-feed-widget\/blogger\/"]}]},{"@type":"BreadcrumbList","@id":"https:\/\/elfsight.com\/pt\/facebook-feed-widget\/blogger\/#breadcrumb","itemListElement":[{"@type":"ListItem","position":1,"name":"Home","item":"https:\/\/elfsight.com\/pt\/"},{"@type":"ListItem","position":2,"name":"Facebook Feed","item":"https:\/\/elfsight.com\/pt\/facebook-feed-widget\/"},{"@type":"ListItem","position":3,"name":"Facebook Feed &#8211; Blogger"}]},{"@type":"WebSite","@id":"https:\/\/elfsight.com\/pt\/#website","url":"https:\/\/elfsight.com\/pt\/","name":"Elfsight PT","description":"Just another Elfsight Sites site","potentialAction":[{"@type":"SearchAction","target":{"@type":"EntryPoint","urlTemplate":"https:\/\/elfsight.com\/pt\/?s={search_term_string}"},"query-input":{"@type":"PropertyValueSpecification","valueRequired":true,"valueName":"search_term_string"}}],"inLanguage":"pt-PT"}]}},"meta_box":{"industry":"","seo_heading":"","heading":"","description":"","cta_heading":"","cta_description":"","application":"385","h1":"Widget de feed do Facebook para Blogger","h1_caption":"Plug-in principal para mostrar conte\u00fado da p\u00e1gina do Facebook em seu site","application_category":[],"applications_title":"","applications_request_title":"","applications_request_button_text":"","hero_text":"","hero_video":"","hero_video_schema_markup":"","selling_points_title":"","selling_points_caption":"","selling_points":[],"selling_points_cta_text":"","features_title":"","features":"","ed_cta_examples_text":"","ed_cta_examples_hidden":"","ed_cta_demo_text":"","ed_cta_demo_hidden":"","why_caption":"","why_editor_title":"","why_editor_text":"","why_team_title":"","why_team_text":"","why_service_title":"","why_service_text":"","template_catalog_visible":"0","template_catalog_title":"","template_catalog_text":"","template_catalog_categories_visible":"","demo_title":"Crie seu widget de feed do Facebook","demo_caption":"Configure seu feed do Facebook e adicione-o ao site do Blogger gratuitamente!","default_faq_hidden":"","app_template_category":[],"platform":"46","template_public_id":"","codecanyon_url":"","codecanyon_item_id":"","codecanyon_price":"","pricing_caption":"","pricing_elfsight_apps_hide_column":"","pricing_elfsight_apps_url":"","pricing_codecanyon_price_caption":"","integration_category":[],"integration_request_title":"","integration_request_cta":"","integration_platform":"","integrations":[],"platform_category":[],"video_schema_markup":"","price":"a partir de US$ 0\/m\u00eas","trial":"","benefits":[{"text":"Assist\u00eancia de instala\u00e7\u00e3o gratuita"},{"text":"Suporte excepcional"},{"text":"Garantia de reembolso de 14 dias"},{"text":"Atualiza\u00e7\u00f5es gratuitas cont\u00ednuas"}],"button_url":"#demo","button_target_blank":"0","button_nofollow":"0","attributes":[{"name":"Instala\u00e7\u00f5es","content":"100,000 - 500,000","_state":"expanded"},{"name":"Responsivo","content":"Sim","_state":"expanded"},{"name":"Navegadores compat\u00edveis","content":"Firefox, Safari, Opera, Chrome, Edge"}],"tags":[],"tags_disable_links":"0","hide_more_platforms":"0","video_object":"","demo_hide_cta":"0","demo_hide_cloud_options":"0","pricing_title":"","pricing":[{"pricing_icon":"platform","pricing_title":"Blogger widget","pricing_title_caption":"Solu\u00e7\u00e3o digital multiplataforma adequada para qualquer site","pricing_price":"a partir de US$ 0\/m\u00eas","pricing_price_caption":"comece com um plano gratuito","pricing_benefits":[{"text":"Sites ilimitados"},{"text":"Suporte \u00e0 empresa 24 horas por dia, 7 dias por semana"},{"text":"Suporte \u00e0 empresa 24 horas por dia, 7 dias por semana"},{"text":"Totalmente personaliz\u00e1vel"}],"pricing_button_text":"Adicionar ao site","pricing_button_url":"#demo","_state":"expanded"}],"related_apps_title":"","related_apps_hidden":"1","author":"","image":[],"title":"","job":"","social_networks":[]},"_links":{"self":[{"href":"https:\/\/elfsight.com\/pt\/wp-json\/wp\/v2\/pages\/3808","targetHints":{"allow":["GET"]}}],"collection":[{"href":"https:\/\/elfsight.com\/pt\/wp-json\/wp\/v2\/pages"}],"about":[{"href":"https:\/\/elfsight.com\/pt\/wp-json\/wp\/v2\/types\/page"}],"author":[{"embeddable":true,"href":"https:\/\/elfsight.com\/pt\/wp-json\/wp\/v2\/users\/9"}],"replies":[{"embeddable":true,"href":"https:\/\/elfsight.com\/pt\/wp-json\/wp\/v2\/comments?post=3808"}],"version-history":[{"count":3,"href":"https:\/\/elfsight.com\/pt\/wp-json\/wp\/v2\/pages\/3808\/revisions"}],"predecessor-version":[{"id":13837,"href":"https:\/\/elfsight.com\/pt\/wp-json\/wp\/v2\/pages\/3808\/revisions\/13837"}],"up":[{"embeddable":true,"href":"https:\/\/elfsight.com\/pt\/wp-json\/wp\/v2\/pages\/386"}],"wp:attachment":[{"href":"https:\/\/elfsight.com\/pt\/wp-json\/wp\/v2\/media?parent=3808"}],"curies":[{"name":"wp","href":"https:\/\/api.w.org\/{rel}","templated":true}]}}