{"id":3805,"date":"2024-05-03T06:34:22","date_gmt":"2024-05-03T06:34:22","guid":{"rendered":"https:\/\/elfsight.com\/pt\/?page_id=3805"},"modified":"2024-11-13T12:11:03","modified_gmt":"2024-11-13T12:11:03","slug":"bigcommerce","status":"publish","type":"page","link":"https:\/\/elfsight.com\/pt\/countdown-timer-widget\/bigcommerce\/","title":{"rendered":"Countdown Timer &#8211; BigCommerce"},"content":{"rendered":"<div class=\"application-platform-content-item-description application-platform-content-item\" id=\"description\" data-nav-section=\"description\"><h2>Descri\u00e7\u00e3o<\/h2><p>Mostre contagens de promo\u00e7\u00e3o de vendas em seu site com o Elfsight Countdown Timer. Aque\u00e7a o ambiente e evoque uma sensa\u00e7\u00e3o de disponibilidade limitada de seus itens, mostrando que eles v\u00e3o como bolos quentes diante dos olhos dos clientes. Estimule a atividade de compra com o tempo passando at\u00e9 o final do per\u00edodo da oferta especial. Anuncie suas pr\u00f3ximas ocasi\u00f5es ou feriados demonstrando uma contagem regressiva e mantenha seus clientes ansiosos pelo in\u00edcio.<\/p><p><b>Evoque o entusiasmo das compras e incentive os compradores a comprar mais. <\/b><\/p><p><b>Incentive os clientes a comprar criando um sentimento de urg\u00eancia. <\/b><br> Adicione uma contagem regressiva que demonstrar\u00e1 o tempo restante at\u00e9 o final de suas vendas e ofertas especiais. Isso criar\u00e1 um sentimento de urg\u00eancia e estimular\u00e1 os clientes a tomar uma decis\u00e3o de compra mais rapidamente.<\/p><p><b>Mostre a queda do estoque para aumentar o valor percebido dos itens.<\/b><br> Demonstre isso. seus itens s\u00e3o comprados rapidamente e ficam menos dispon\u00edveis, com a ajuda de uma contagem de estoque especial. Isso far\u00e1 com que os usu\u00e1rios valorizem mais os itens e queiram adquiri-los tamb\u00e9m.<\/p><p><b>Atraia mais aten\u00e7\u00e3o para suas vendas com a ajuda de uma barra de contagem regressiva com tema natalino brilhante.<\/b><br> Configure um bar de vendas tem\u00e1tico envolvente para festivais e eventos especiais. Ele adicionar\u00e1 uma atmosfera de f\u00e9rias e promover\u00e1 \u00f3timas ofertas para ajud\u00e1-lo a aumentar as vendas na \u00e9poca de alta temporada.<\/p><\/div><div class=\"application-platform-content-item-features application-platform-content-item\" id=\"features\" data-nav-section=\"features\"><h2>Recursos<\/h2><p>Por que Elfsight Countdown \u00e9 o melhor entre os widgets BigCommerce de alta qualidade? Descubra nossas caracter\u00edsticas inovadoras:<\/p><ul><li>Contador ascendente e descendente;<\/li><li>Op\u00e7\u00e3o para definir link de bot\u00e3o para redirecionamento;<\/li><li>R\u00f3tulos de unidade de tempo edit\u00e1veis;<\/li><li>5 temas de feriados para as ocasi\u00f5es mais populares;<\/li><li>Op\u00e7\u00e3o para definir o tamanho da fonte da mensagem.<\/li><\/ul><p><a href=\"#demo\">Avaliar conjunto completo de fun\u00e7\u00f5es na demonstra\u00e7\u00e3o!<\/a><\/p><\/div><div class=\"application-platform-content-item-installation application-platform-content-item\" id=\"installation\" data-nav-section=\"installation\"><h2>Como adicionar um temporizador de contagem regressiva ao site do BigCommerce<\/h2><div class=\"video-container \"><iframe width=\"720\" height=\"405\" src=\"https:\/\/www.youtube.com\/embed\/l6n7KvHbBoo\" frameborder=\"0\" allowfullscreen=\"\"><\/iframe><\/div><p>Basta aplicar as instru\u00e7\u00f5es abaixo para inserir o widget no BigCommerce.<\/p> <ol><li><b>Use nosso configurador gratuito e comece a construir seu pr\u00f3prio aplicativo. <\/b><br> Determine a apar\u00eancia e as op\u00e7\u00f5es preferidas do widget e salve as modifica\u00e7\u00f5es. <\/li> <li><b>Copie o seu c\u00f3digo exclusivo mostrado no formul\u00e1rio especial nas aplica\u00e7\u00f5es Elfsight. <\/b><br> Ap\u00f3s a cria\u00e7\u00e3o do seu cron\u00f4metro de contagem regressiva pessoal, copie o c\u00f3digo exclusivo do pop-up que aparece e guarde-o para uso futuro. <\/li> <li><b>Iniciar a utiliza\u00e7\u00e3o do widget no site BigCommerce. <\/b><br> Insira o c\u00f3digo copiado anteriormente em seu site e salve as corre\u00e7\u00f5es. <\/li> <li><b>A instala\u00e7\u00e3o foi realizada com sucesso. <\/b><br> Acesse seu site para ver o desempenho da ferramenta. <\/li><\/ol><p>Tive algum problema ao adicionar ou criar o plugin? Acesse nosso Centro de suporte ou explore a <a href=\"https:\/\/elfsight.com\/tutorials\/how-to-add-countdown-timer-to-bigcommerce\/\" target=\"_blank\" rel=\"noopener noreferrer\">extensa artigo<\/a>.<\/p><div class=\"faq\" data-component=\"FAQ\"> <div class=\"faq-item\">\r\n\t\t\t\t\t<div class=\"faq-item-question\">\r\n\t\t\t\t\t\t<h3 class=\"faq-item-question-text\">Como adicionar um cron\u00f4metro de contagem regressiva ao meu site BigCommerce sem habilidades de codifica\u00e7\u00e3o?<\/h3>\r\n\r\n\t\t\t\t\t\t<div class=\"faq-item-question-icon\"><\/div>\r\n\t\t\t\t\t<\/div>\r\n\r\n\t\t\t\t\t<div class=\"faq-item-answer\">\r\n\t\t\t\t\t\t<div class=\"faq-item-answer-text\"> <p>A Elfsight fornece uma solu\u00e7\u00e3o SaaS que permite criar um widget de cron\u00f4metro de contagem regressiva voc\u00ea mesmo, veja como o processo \u00e9 f\u00e1cil: Trabalhe diretamente no Editor online para criar um widget de contagem regressiva que voc\u00ea gostaria de ver em seu site BigCommerce. Escolha um dos modelos predefinidos e ajuste as configura\u00e7\u00f5es do cron\u00f4metro de contagem regressiva, adicione seu conte\u00fado, altere o layout e o esquema de cores sem habilidades de codifica\u00e7\u00e3o. Salve o Countdown Timer e copie seu c\u00f3digo de instala\u00e7\u00e3o, para que voc\u00ea possa adicion\u00e1-lo ao seu site BigCommerce sem comprar uma vers\u00e3o paga. Com nosso editor intuitivo, qualquer usu\u00e1rio da Internet pode criar um widget de contagem regressiva online e incorpor\u00e1-lo facilmente em seu site BigCommerce. N\u00e3o h\u00e1 necessidade de pagar ou inserir as credenciais do seu cart\u00e3o para acessar o servi\u00e7o. Se voc\u00ea enfrentar qualquer problema em qualquer etapa, n\u00e3o hesite em entrar em contato com nossa equipe de suporte t\u00e9cnico.<\/p> <\/div>\r\n\t\t\t\t\t<\/div>\r\n\t\t\t\t<\/div> <\/div> <\/div>","protected":false},"excerpt":{"rendered":"","protected":false},"author":9,"featured_media":0,"parent":505,"menu_order":0,"comment_status":"closed","ping_status":"closed","template":"templates\/template-application-platform.php","meta":{"publish_to_discourse":"","publish_post_category":"","wpdc_auto_publish_overridden":"","wpdc_topic_tags":"","wpdc_pin_topic":"","wpdc_pin_until":"","discourse_post_id":"","discourse_permalink":"","wpdc_publishing_response":"","wpdc_publishing_error":"","footnotes":""},"class_list":["post-3805","page","type-page","status-publish","hentry"],"yoast_head":"<!-- This site is optimized with the Yoast SEO plugin v25.3.1 - https:\/\/yoast.com\/wordpress\/plugins\/seo\/ -->\n<title>O melhor aplicativo BigCommerce Countdown Timer para site (2026)<\/title>\n<meta name=\"description\" content=\"Instale o aplicativo Countdown Timer em seu site BigCommerce em apenas alguns minutos. Explore uma maneira r\u00e1pida e f\u00e1cil de criar v\u00e1rios plug-ins de sites da Elfsight.\" \/>\n<meta name=\"robots\" content=\"index, follow, max-snippet:-1, max-image-preview:large, max-video-preview:-1\" \/>\n<link rel=\"canonical\" href=\"https:\/\/elfsight.com\/pt\/countdown-timer-widget\/bigcommerce\/\" \/>\n<meta property=\"og:locale\" content=\"pt_PT\" \/>\n<meta property=\"og:type\" content=\"article\" \/>\n<meta property=\"og:title\" content=\"O melhor aplicativo BigCommerce Countdown Timer para site (2026)\" \/>\n<meta property=\"og:description\" content=\"Instale o aplicativo Countdown Timer em seu site BigCommerce em apenas alguns minutos. Explore uma maneira r\u00e1pida e f\u00e1cil de criar v\u00e1rios plug-ins de sites da Elfsight.\" \/>\n<meta property=\"og:url\" content=\"https:\/\/elfsight.com\/pt\/countdown-timer-widget\/bigcommerce\/\" \/>\n<meta property=\"og:site_name\" content=\"Elfsight PT\" \/>\n<meta property=\"article:modified_time\" content=\"2024-11-13T12:11:03+00:00\" \/>\n<meta name=\"twitter:card\" content=\"summary_large_image\" \/>\n<meta name=\"twitter:label1\" content=\"Tempo estimado de leitura\" \/>\n\t<meta name=\"twitter:data1\" content=\"2 minutos\" \/>\n<!-- \/ Yoast SEO plugin. -->","yoast_head_json":{"title":"O melhor aplicativo BigCommerce Countdown Timer para site (2026)","description":"Instale o aplicativo Countdown Timer em seu site BigCommerce em apenas alguns minutos. Explore uma maneira r\u00e1pida e f\u00e1cil de criar v\u00e1rios plug-ins de sites da Elfsight.","robots":{"index":"index","follow":"follow","max-snippet":"max-snippet:-1","max-image-preview":"max-image-preview:large","max-video-preview":"max-video-preview:-1"},"canonical":"https:\/\/elfsight.com\/pt\/countdown-timer-widget\/bigcommerce\/","og_locale":"pt_PT","og_type":"article","og_title":"O melhor aplicativo BigCommerce Countdown Timer para site (2026)","og_description":"Instale o aplicativo Countdown Timer em seu site BigCommerce em apenas alguns minutos. Explore uma maneira r\u00e1pida e f\u00e1cil de criar v\u00e1rios plug-ins de sites da Elfsight.","og_url":"https:\/\/elfsight.com\/pt\/countdown-timer-widget\/bigcommerce\/","og_site_name":"Elfsight PT","article_modified_time":"2024-11-13T12:11:03+00:00","twitter_card":"summary_large_image","twitter_misc":{"Tempo estimado de leitura":"2 minutos"},"schema":{"@context":"https:\/\/schema.org","@graph":[{"@type":"WebPage","@id":"https:\/\/elfsight.com\/pt\/countdown-timer-widget\/bigcommerce\/","url":"https:\/\/elfsight.com\/pt\/countdown-timer-widget\/bigcommerce\/","name":"O melhor aplicativo BigCommerce Countdown Timer para site (2026)","isPartOf":{"@id":"https:\/\/elfsight.com\/pt\/#website"},"datePublished":"2024-05-03T06:34:22+00:00","dateModified":"2024-11-13T12:11:03+00:00","description":"Instale o aplicativo Countdown Timer em seu site BigCommerce em apenas alguns minutos. Explore uma maneira r\u00e1pida e f\u00e1cil de criar v\u00e1rios plug-ins de sites da Elfsight.","breadcrumb":{"@id":"https:\/\/elfsight.com\/pt\/countdown-timer-widget\/bigcommerce\/#breadcrumb"},"inLanguage":"pt-PT","potentialAction":[{"@type":"ReadAction","target":["https:\/\/elfsight.com\/pt\/countdown-timer-widget\/bigcommerce\/"]}]},{"@type":"BreadcrumbList","@id":"https:\/\/elfsight.com\/pt\/countdown-timer-widget\/bigcommerce\/#breadcrumb","itemListElement":[{"@type":"ListItem","position":1,"name":"Home","item":"https:\/\/elfsight.com\/pt\/"},{"@type":"ListItem","position":2,"name":"Countdown Timer","item":"https:\/\/elfsight.com\/pt\/countdown-timer-widget\/"},{"@type":"ListItem","position":3,"name":"Countdown Timer &#8211; BigCommerce"}]},{"@type":"WebSite","@id":"https:\/\/elfsight.com\/pt\/#website","url":"https:\/\/elfsight.com\/pt\/","name":"Elfsight PT","description":"Just another Elfsight Sites site","potentialAction":[{"@type":"SearchAction","target":{"@type":"EntryPoint","urlTemplate":"https:\/\/elfsight.com\/pt\/?s={search_term_string}"},"query-input":{"@type":"PropertyValueSpecification","valueRequired":true,"valueName":"search_term_string"}}],"inLanguage":"pt-PT"}]}},"meta_box":{"industry":"","seo_heading":"","heading":"","description":"","cta_heading":"","cta_description":"","application":"504","h1":"Aplicativo de contagem regressiva BigCommerce","h1_caption":"Aumente o entusiasmo de compra em seu site por meio de cron\u00f4metros e contagens","application_category":[],"applications_title":"","applications_request_title":"","applications_request_button_text":"","hero_text":"","hero_video":"","hero_video_schema_markup":"","selling_points_title":"","selling_points_caption":"","selling_points":[],"selling_points_cta_text":"","features_title":"","features":"","ed_cta_examples_text":"","ed_cta_examples_hidden":"","ed_cta_demo_text":"","ed_cta_demo_hidden":"","why_caption":"","why_editor_title":"","why_editor_text":"","why_team_title":"","why_team_text":"","why_service_title":"","why_service_text":"","template_catalog_visible":"","template_catalog_title":"","template_catalog_text":"","template_catalog_categories_visible":"","demo_title":"Crie seu aplicativo de contagem regressiva","demo_caption":"Configure seu cron\u00f4metro de contagem regressiva e adicione-o ao seu site BigCommerce gratuitamente!","default_faq_hidden":"","app_template_category":[],"platform":"43","template_public_id":"","codecanyon_url":"","codecanyon_item_id":"","codecanyon_price":"","pricing_caption":"","pricing_elfsight_apps_hide_column":"","pricing_elfsight_apps_url":"","pricing_codecanyon_price_caption":"","integration_category":[],"integration_request_title":"","integration_request_cta":"","integration_platform":"","integrations":[],"platform_category":[],"video_schema_markup":"","price":"a partir de US$ 0\/m\u00eas","trial":"","benefits":[{"text":"Assist\u00eancia de instala\u00e7\u00e3o gratuita"},{"text":"Suporte excepcional"},{"text":"Garantia de devolu\u00e7\u00e3o do dinheiro em 14 dias"},{"text":"Melhorias gratuitas cont\u00ednuas"}],"button_url":"#demo","button_target_blank":"0","button_nofollow":"0","attributes":[{"name":"Instala\u00e7\u00f5es","content":"100,000 - 500,000","_state":"expanded"},{"name":"Responsivo","content":"Sim","_state":"expanded"},{"name":"Navegadores compat\u00edveis","content":"Firefox, Safari, Opera, Chrome, Edge"}],"tags":[],"tags_disable_links":"0","hide_more_platforms":"","video_object":"","demo_hide_cta":"0","demo_hide_cloud_options":"0","pricing_title":"","pricing":[{"pricing_icon":"platform","pricing_title":"Elfsight Apps","pricing_title_caption":"Solu\u00e7\u00e3o digital multiplataforma adequada para qualquer site","pricing_price":"a partir de US$ 0\/m\u00eas","pricing_price_caption":"comece com um plano gratuito","pricing_benefits":[{"text":"Dom\u00ednios ilimitados"},{"text":"Suporte profissional ao cliente"},{"text":"Suporte profissional ao cliente"},{"text":"100% personaliz\u00e1vel"}],"pricing_button_text":"Adicionar ao site","pricing_button_url":"#demo","_state":"expanded"}],"related_apps_title":"","related_apps_hidden":"1","author":"","image":[],"title":"","job":"","social_networks":[]},"_links":{"self":[{"href":"https:\/\/elfsight.com\/pt\/wp-json\/wp\/v2\/pages\/3805","targetHints":{"allow":["GET"]}}],"collection":[{"href":"https:\/\/elfsight.com\/pt\/wp-json\/wp\/v2\/pages"}],"about":[{"href":"https:\/\/elfsight.com\/pt\/wp-json\/wp\/v2\/types\/page"}],"author":[{"embeddable":true,"href":"https:\/\/elfsight.com\/pt\/wp-json\/wp\/v2\/users\/9"}],"replies":[{"embeddable":true,"href":"https:\/\/elfsight.com\/pt\/wp-json\/wp\/v2\/comments?post=3805"}],"version-history":[{"count":2,"href":"https:\/\/elfsight.com\/pt\/wp-json\/wp\/v2\/pages\/3805\/revisions"}],"predecessor-version":[{"id":11758,"href":"https:\/\/elfsight.com\/pt\/wp-json\/wp\/v2\/pages\/3805\/revisions\/11758"}],"up":[{"embeddable":true,"href":"https:\/\/elfsight.com\/pt\/wp-json\/wp\/v2\/pages\/505"}],"wp:attachment":[{"href":"https:\/\/elfsight.com\/pt\/wp-json\/wp\/v2\/media?parent=3805"}],"curies":[{"name":"wp","href":"https:\/\/api.w.org\/{rel}","templated":true}]}}