{"id":3801,"date":"2024-05-03T06:35:14","date_gmt":"2024-05-03T06:35:14","guid":{"rendered":"https:\/\/elfsight.com\/pt\/?page_id=3801"},"modified":"2024-11-13T11:44:17","modified_gmt":"2024-11-13T11:44:17","slug":"bigcommerce","status":"publish","type":"page","link":"https:\/\/elfsight.com\/pt\/event-calendar-widget\/bigcommerce\/","title":{"rendered":"Event Calendar &#8211; BigCommerce"},"content":{"rendered":"<div class=\"application-platform-content-item-description application-platform-content-item\" id=\"description\" data-nav-section=\"description\"> <h2>Incorpore o calend\u00e1rio de eventos com o widget Elfsight<\/h2> <p>O widget Calend\u00e1rio Elfsight \u00e9 um aplicativo not\u00e1vel que permite que voc\u00ea compartilhe facilmente suas atividades com seus visitantes. Oferece muitas oportunidades para exibir os pr\u00f3ximos eventos da maneira mais vistosa. Personalize-o para combinar o design com a est\u00e9tica da sua p\u00e1gina. Crie uma quantidade ilimitada de eventos, adicione v\u00e1rias tags, carregue suas imagens e v\u00eddeos personalizados e mantenha seu p\u00fablico notificado sobre sua agenda. <\/p> <p><b>Nosso aplicativo Calend\u00e1rio pode ajud\u00e1-lo a anunciar rapidamente suas atividades futuras e aumentar a taxa de engajamento em seu site. <\/b><\/p> <\/div> <div class=\"application-platform-content-item-features application-platform-content-item\" id=\"features\" data-nav-section=\"features\"> <h2>Principais recursos do Event Calendar Widget<\/h2> <p>Confira uma lista de todas as fun\u00e7\u00f5es do Event Calendar para BigCommerce. Voc\u00ea pode ajust\u00e1-los diretamente no editor e eles o ajudar\u00e3o a construir o widget adequado ao seu caso de uso. <\/p> <ul> <li>Use oportunidades de conte\u00fado vi\u00e1veis \u200b\u200bpara acomodar a ferramenta ao seu tipo de atividades. <\/li> <li>Permita que os usu\u00e1rios adicionem eventos aos aplicativos mais usados. <\/li> <li>Crie diferentes tipos de eventos, especifique locais e adicione hosts. <\/li> <li>Categorize todos os seus eventos e atribua tags a eles. <\/li> <li>Escolha entre quatro op\u00e7\u00f5es de layout. <\/li> <\/ul> <p><a href=\"#demo\">Veja como todos os recursos funcionam em nossa demonstra\u00e7\u00e3o<\/a><\/p> <\/div> <div class=\"application-platform-content-item-installation application-platform-content-item\" id=\"installation\" data-nav-section=\"installation\"> <h2>Como adiciono calend\u00e1rio de eventos com BigCommerce? <\/h2> <div class=\"video-container\"><iframe width=\"720\" height=\"405\" src=\"https:\/\/www.youtube.com\/embed\/8i_4hgrHmco\" frameborder=\"0\" allowfullscreen=\"\"><\/iframe><\/div><p>Para come\u00e7ar a usar o aplicativo, siga as orienta\u00e7\u00f5es abaixo. <\/p> <ol><li><b>Utilize nosso editor gratuito e comece a trabalhar com seu pr\u00f3prio widget. <\/b><br> Determine a apar\u00eancia selecionada e as caracter\u00edsticas funcionais do widget e aplique todas as corre\u00e7\u00f5es. <\/li> <li><b>Copie o c\u00f3digo individual que aparece na caixa dos aplicativos da Elfsight. <\/b><br> Ap\u00f3s a conclus\u00e3o da configura\u00e7\u00e3o do seu widget de Calend\u00e1rio de Eventos, copie seu c\u00f3digo na caixa exibida e salve-o para ocasi\u00f5es futuras. <\/li> <li><b>Comece a utilizar o widget em seu site BigCommerce. <\/b><br> Integre o c\u00f3digo que voc\u00ea salvou antes em seu site e salve as edi\u00e7\u00f5es. <\/li> <li><b>A configura\u00e7\u00e3o est\u00e1 totalmente conclu\u00edda. <\/b><br> Abra seu site para ver como o widget funciona. <\/li><\/ol><p>N\u00e3o hesite em comunicar com o suporte ao cliente quando precisar de assist\u00eancia ou tiver d\u00favidas. Nossos especialistas ajudar\u00e3o em todas as d\u00favidas. <\/p> <\/div><div class=\"faq\" data-component=\"FAQ\"><div class=\"faq-item\">\r\n\t\t\t\t\t<div class=\"faq-item-question\">\r\n\t\t\t\t\t\t<h3 class=\"faq-item-question-text\">Como posso incorporar um calend\u00e1rio de eventos ao site do BigCommerce?<\/h3>\r\n\r\n\t\t\t\t\t\t<div class=\"faq-item-question-icon\"><\/div>\r\n\t\t\t\t\t<\/div>\r\n\r\n\t\t\t\t\t<div class=\"faq-item-answer\">\r\n\t\t\t\t\t\t<div class=\"faq-item-answer-text\"><p>A cria\u00e7\u00e3o do widget \u00e9 realizada dentro do servi\u00e7o Elfsight e voc\u00ea n\u00e3o precisa codificar. Aplique a demonstra\u00e7\u00e3o ativa para ajustar seu plugin pessoal, adquira o c\u00f3digo e implemente-o em seu site. <\/p><\/div>\r\n\t\t\t\t\t<\/div>\r\n\t\t\t\t<\/div><div class=\"faq-item\">\r\n\t\t\t\t\t<div class=\"faq-item-question\">\r\n\t\t\t\t\t\t<h3 class=\"faq-item-question-text\">Os melhores exemplos de uso da integra\u00e7\u00e3o de widgets de calend\u00e1rio<\/h3>\r\n\r\n\t\t\t\t\t\t<div class=\"faq-item-question-icon\"><\/div>\r\n\t\t\t\t\t<\/div>\r\n\r\n\t\t\t\t\t<div class=\"faq-item-answer\">\r\n\t\t\t\t\t\t<div class=\"faq-item-answer-text\"><p>Temos muitas possibilidades de personaliza\u00e7\u00e3o: widgets em grande escala para implementa\u00e7\u00e3o na zona de conte\u00fado, flutuantes widgets com op\u00e7\u00f5es de rolagem, layouts de rodap\u00e9 do seu site, cabe\u00e7alho e todas as varia\u00e7\u00f5es de op\u00e7\u00f5es verticais para barras laterais e menus. <\/p><\/div>\r\n\t\t\t\t\t<\/div>\r\n\t\t\t\t<\/div><div class=\"faq-item\">\r\n\t\t\t\t\t<div class=\"faq-item-question\">\r\n\t\t\t\t\t\t<h3 class=\"faq-item-question-text\">Como fa\u00e7o para construir um calend\u00e1rio de pr\u00f3ximos eventos ou de uma sala de concertos com a ajuda do editor?<\/h3>\r\n\r\n\t\t\t\t\t\t<div class=\"faq-item-question-icon\"><\/div>\r\n\t\t\t\t\t<\/div>\r\n\r\n\t\t\t\t\t<div class=\"faq-item-answer\">\r\n\t\t\t\t\t\t<div class=\"faq-item-answer-text\"><p>Voc\u00ea \u00e9 livre para moldar as modifica\u00e7\u00f5es de qualquer widget. Existem muitos layouts aplic\u00e1veis \u200b\u200b\u200b\u200bno editor e todos eles podem ser facilmente personalizados conforme sua necessidade. <\/p><\/div>\r\n\t\t\t\t\t<\/div>\r\n\t\t\t\t<\/div><\/div>","protected":false},"excerpt":{"rendered":"","protected":false},"author":9,"featured_media":0,"parent":771,"menu_order":0,"comment_status":"closed","ping_status":"closed","template":"templates\/template-application-platform.php","meta":{"publish_to_discourse":"","publish_post_category":"","wpdc_auto_publish_overridden":"","wpdc_topic_tags":"","wpdc_pin_topic":"","wpdc_pin_until":"","discourse_post_id":"","discourse_permalink":"","wpdc_publishing_response":"","wpdc_publishing_error":"","footnotes":""},"class_list":["post-3801","page","type-page","status-publish","hentry"],"yoast_head":"<!-- This site is optimized with the Yoast SEO plugin v25.3.1 - https:\/\/yoast.com\/wordpress\/plugins\/seo\/ -->\n<title>Calend\u00e1rio de eventos \u2013 Adicionar aplicativo Calend\u00e1rio ao site BigCommerce (2025)<\/title>\n<meta name=\"description\" content=\"Com a Elfsight, crie seu plugin de calend\u00e1rio de eventos e adicione-o rapidamente ao seu site BigCommerce. Oferecemos suporte gratuito ao cliente e outros b\u00f4nus.\" \/>\n<meta name=\"robots\" content=\"index, follow, max-snippet:-1, max-image-preview:large, max-video-preview:-1\" \/>\n<link rel=\"canonical\" href=\"https:\/\/elfsight.com\/pt\/event-calendar-widget\/bigcommerce\/\" \/>\n<meta property=\"og:locale\" content=\"pt_PT\" \/>\n<meta property=\"og:type\" content=\"article\" \/>\n<meta property=\"og:title\" content=\"Calend\u00e1rio de eventos \u2013 Adicionar aplicativo Calend\u00e1rio ao site BigCommerce (2025)\" \/>\n<meta property=\"og:description\" content=\"Com a Elfsight, crie seu plugin de calend\u00e1rio de eventos e adicione-o rapidamente ao seu site BigCommerce. Oferecemos suporte gratuito ao cliente e outros b\u00f4nus.\" \/>\n<meta property=\"og:url\" content=\"https:\/\/elfsight.com\/pt\/event-calendar-widget\/bigcommerce\/\" \/>\n<meta property=\"og:site_name\" content=\"Elfsight PT\" \/>\n<meta property=\"article:modified_time\" content=\"2024-11-13T11:44:17+00:00\" \/>\n<meta name=\"twitter:card\" content=\"summary_large_image\" \/>\n<meta name=\"twitter:label1\" content=\"Tempo estimado de leitura\" \/>\n\t<meta name=\"twitter:data1\" content=\"2 minutos\" \/>\n<!-- \/ Yoast SEO plugin. -->","yoast_head_json":{"title":"Calend\u00e1rio de eventos \u2013 Adicionar aplicativo Calend\u00e1rio ao site BigCommerce (2025)","description":"Com a Elfsight, crie seu plugin de calend\u00e1rio de eventos e adicione-o rapidamente ao seu site BigCommerce. Oferecemos suporte gratuito ao cliente e outros b\u00f4nus.","robots":{"index":"index","follow":"follow","max-snippet":"max-snippet:-1","max-image-preview":"max-image-preview:large","max-video-preview":"max-video-preview:-1"},"canonical":"https:\/\/elfsight.com\/pt\/event-calendar-widget\/bigcommerce\/","og_locale":"pt_PT","og_type":"article","og_title":"Calend\u00e1rio de eventos \u2013 Adicionar aplicativo Calend\u00e1rio ao site BigCommerce (2025)","og_description":"Com a Elfsight, crie seu plugin de calend\u00e1rio de eventos e adicione-o rapidamente ao seu site BigCommerce. Oferecemos suporte gratuito ao cliente e outros b\u00f4nus.","og_url":"https:\/\/elfsight.com\/pt\/event-calendar-widget\/bigcommerce\/","og_site_name":"Elfsight PT","article_modified_time":"2024-11-13T11:44:17+00:00","twitter_card":"summary_large_image","twitter_misc":{"Tempo estimado de leitura":"2 minutos"},"schema":{"@context":"https:\/\/schema.org","@graph":[{"@type":"WebPage","@id":"https:\/\/elfsight.com\/pt\/event-calendar-widget\/bigcommerce\/","url":"https:\/\/elfsight.com\/pt\/event-calendar-widget\/bigcommerce\/","name":"Calend\u00e1rio de eventos \u2013 Adicionar aplicativo Calend\u00e1rio ao site BigCommerce (2025)","isPartOf":{"@id":"https:\/\/elfsight.com\/pt\/#website"},"datePublished":"2024-05-03T06:35:14+00:00","dateModified":"2024-11-13T11:44:17+00:00","description":"Com a Elfsight, crie seu plugin de calend\u00e1rio de eventos e adicione-o rapidamente ao seu site BigCommerce. Oferecemos suporte gratuito ao cliente e outros b\u00f4nus.","breadcrumb":{"@id":"https:\/\/elfsight.com\/pt\/event-calendar-widget\/bigcommerce\/#breadcrumb"},"inLanguage":"pt-PT","potentialAction":[{"@type":"ReadAction","target":["https:\/\/elfsight.com\/pt\/event-calendar-widget\/bigcommerce\/"]}]},{"@type":"BreadcrumbList","@id":"https:\/\/elfsight.com\/pt\/event-calendar-widget\/bigcommerce\/#breadcrumb","itemListElement":[{"@type":"ListItem","position":1,"name":"Home","item":"https:\/\/elfsight.com\/pt\/"},{"@type":"ListItem","position":2,"name":"Event Calendar","item":"https:\/\/elfsight.com\/pt\/event-calendar-widget\/"},{"@type":"ListItem","position":3,"name":"Event Calendar &#8211; BigCommerce"}]},{"@type":"WebSite","@id":"https:\/\/elfsight.com\/pt\/#website","url":"https:\/\/elfsight.com\/pt\/","name":"Elfsight PT","description":"Just another Elfsight Sites site","potentialAction":[{"@type":"SearchAction","target":{"@type":"EntryPoint","urlTemplate":"https:\/\/elfsight.com\/pt\/?s={search_term_string}"},"query-input":{"@type":"PropertyValueSpecification","valueRequired":true,"valueName":"search_term_string"}}],"inLanguage":"pt-PT"}]}},"meta_box":{"industry":"","seo_heading":"","heading":"","description":"","cta_heading":"","cta_description":"","application":"770","h1":"Aplicativo de calend\u00e1rio de eventos BigCommerce","h1_caption":"Torne seus eventos f\u00e1ceis de encontrar usando o Calend\u00e1rio","application_category":[],"applications_title":"","applications_request_title":"","applications_request_button_text":"","hero_text":"","hero_video":"","hero_video_schema_markup":"","selling_points_title":"","selling_points_caption":"","selling_points":[],"selling_points_cta_text":"","features_title":"","features":"","ed_cta_examples_text":"","ed_cta_examples_hidden":"","ed_cta_demo_text":"","ed_cta_demo_hidden":"","why_caption":"","why_editor_title":"","why_editor_text":"","why_team_title":"","why_team_text":"","why_service_title":"","why_service_text":"","template_catalog_visible":"","template_catalog_title":"","template_catalog_text":"","template_catalog_categories_visible":"","demo_title":"Crie seu aplicativo de calend\u00e1rio de eventos","demo_caption":"Configure seu calend\u00e1rio de eventos e adicione-o ao seu site BigCommerce gratuitamente!","default_faq_hidden":"","app_template_category":[],"platform":"43","template_public_id":"","codecanyon_url":"","codecanyon_item_id":"","codecanyon_price":"","pricing_caption":"","pricing_elfsight_apps_hide_column":"","pricing_elfsight_apps_url":"","pricing_codecanyon_price_caption":"","integration_category":[],"integration_request_title":"","integration_request_cta":"","integration_platform":"","integrations":[],"platform_category":[],"video_schema_markup":"","price":"a partir de US$ 0\/m\u00eas","trial":"","benefits":[{"text":"Assist\u00eancia de instala\u00e7\u00e3o gratuita"},{"text":"Suporte ao cliente experiente"},{"text":"Garantia de devolu\u00e7\u00e3o do dinheiro em 14 dias"},{"text":"Melhorias futuras"}],"button_url":"#demo","button_target_blank":"0","button_nofollow":"0","attributes":[{"name":"Instala\u00e7\u00f5es","content":"100,000 - 500,000","_state":"expanded"},{"name":"Responsivo","content":"Sim","_state":"expanded"},{"name":"Navegadores compat\u00edveis","content":"Firefox, Safari, Opera, Chrome, Edge"}],"tags":[],"tags_disable_links":"0","hide_more_platforms":"","video_object":"","demo_hide_cta":"0","demo_hide_cloud_options":"0","pricing_title":"","pricing":[{"pricing_icon":"platform","pricing_title":"Elfsight Apps","pricing_title_caption":"Solu\u00e7\u00e3o digital independente de plataforma","pricing_price":"a partir de US$ 0\/m\u00eas","pricing_price_caption":"comece com um plano gratuito","pricing_benefits":[{"text":"Sites ilimitados"},{"text":"Suporte gratuito, pontual e bem documentado"},{"text":"Suporte gratuito, pontual e bem documentado"},{"text":"Design flex\u00edvel"}],"pricing_button_text":"Adicionar ao site","pricing_button_url":"#demo","_state":"expanded"}],"related_apps_title":"","related_apps_hidden":"1","author":"","image":[],"title":"","job":"","social_networks":[]},"_links":{"self":[{"href":"https:\/\/elfsight.com\/pt\/wp-json\/wp\/v2\/pages\/3801","targetHints":{"allow":["GET"]}}],"collection":[{"href":"https:\/\/elfsight.com\/pt\/wp-json\/wp\/v2\/pages"}],"about":[{"href":"https:\/\/elfsight.com\/pt\/wp-json\/wp\/v2\/types\/page"}],"author":[{"embeddable":true,"href":"https:\/\/elfsight.com\/pt\/wp-json\/wp\/v2\/users\/9"}],"replies":[{"embeddable":true,"href":"https:\/\/elfsight.com\/pt\/wp-json\/wp\/v2\/comments?post=3801"}],"version-history":[{"count":2,"href":"https:\/\/elfsight.com\/pt\/wp-json\/wp\/v2\/pages\/3801\/revisions"}],"predecessor-version":[{"id":11781,"href":"https:\/\/elfsight.com\/pt\/wp-json\/wp\/v2\/pages\/3801\/revisions\/11781"}],"up":[{"embeddable":true,"href":"https:\/\/elfsight.com\/pt\/wp-json\/wp\/v2\/pages\/771"}],"wp:attachment":[{"href":"https:\/\/elfsight.com\/pt\/wp-json\/wp\/v2\/media?parent=3801"}],"curies":[{"name":"wp","href":"https:\/\/api.w.org\/{rel}","templated":true}]}}