{"id":3790,"date":"2024-05-03T06:30:11","date_gmt":"2024-05-03T06:30:11","guid":{"rendered":"https:\/\/elfsight.com\/pt\/?page_id=3790"},"modified":"2024-11-13T11:37:45","modified_gmt":"2024-11-13T11:37:45","slug":"woocommerce","status":"publish","type":"page","link":"https:\/\/elfsight.com\/pt\/before-and-after-slider-widget\/woocommerce\/","title":{"rendered":"Before and After Slider &#8211; WooCommerce"},"content":{"rendered":"<div class=\"application-platform-content-item-description application-platform-content-item\" id=\"description\" data-nav-section=\"description\"><h2>Descri\u00e7\u00e3o<\/h2><p>O Comparison Slider da Elfsight ajuda voc\u00ea a demonstrar incr\u00edveis fotos promocionais para o seu site. Os clientes ter\u00e3o a oportunidade de verificar todos os efeitos que seus produtos ou servi\u00e7os causam. Basta fazer upload de duas fotos para o controle deslizante Antes e Depois do WooCommerce e elas sair\u00e3o com uma divis\u00f3ria que se move para observar a diferen\u00e7a. Voc\u00ea pode publicar conjuntos ilimitados de fotos e adicionar legendas e r\u00f3tulos. A orienta\u00e7\u00e3o deslizante pode ser horizontal ou vertical, e voc\u00ea pode selecionar a melhor propor\u00e7\u00e3o de imagem.<\/p> <p><b>Com o controle deslizante antes &#8211; depois, experimente o crescimento sustent\u00e1vel do neg\u00f3cio e aumente as vendas!<\/b><\/p> <\/div> <div class=\"application-platform-content-item-features application-platform-content-item\" id=\"features\" data-nav-section=\"features\"><h2>Abaixo est\u00e3o os recursos b\u00e1sicos do widget:<\/h2><ul><li>Forma pares ilimitados de imagens antes e depois<\/li> <li>Criar legendas com formata\u00e7\u00e3o de texto para cada conjunto<\/li><li>Dois layouts prontos: Lista e Carrossel<\/li><li>Movimento horizontal ou vertical do divisor<\/li><li>Clicar e arrastar ou simplesmente passar o mouse para mover o divisor<\/li><li>Deslize em dispositivos com tela sens\u00edvel ao toque<\/li><\/ul><p><a href=\"#demo\">Voc\u00ea pode verificar se o widget \u00e9 adequado para voc\u00ea usando a demonstra\u00e7\u00e3o<\/a><\/p><\/div><div class=\"application-platform-content-item-installation application-platform-content-item\" id=\"installation\" data-nav-section=\"installation\"><h2>Como posso adicionar o controle deslizante Antes e Depois em meu site WooCommerce?<\/h2><p>Basta seguir as etapas descritas abaixo para integrar a ferramenta.<\/p><ol><li><b>Gerencie nosso editor gratuito e comece a construir seu pr\u00f3prio instrumento.<\/b><br>Encontre o layout e os par\u00e2metros selecionados do widget e aplique as modifica\u00e7\u00f5es.<\/li><li><b>Obtenha o c\u00f3digo individual mostrado na janela dos aplicativos Elfsight.<\/b><br>Quando a configura\u00e7\u00e3o da sua ferramenta estiver conclu\u00edda, copie o c\u00f3digo exclusivo no pop-up exibido e salve-o para uso posterior.<\/li><li><b>Comece a usar o plug-in de compara\u00e7\u00e3o no site WooCommerce.<\/b><br>Adicione o c\u00f3digo que voc\u00ea copiou recentemente em sua p\u00e1gina e salve as edi\u00e7\u00f5es.<\/li><li><b> Voc\u00ea Terminou! A integra\u00e7\u00e3o \u00e9 totalmente realizada.<\/b><br>Visite seu site para ver como est\u00e1 o funcionamento do widget.<\/li><\/ol><p>Caso tenha d\u00favidas ou se depare com alguma dificuldade, n\u00e3o hesite em abordar nossa equipe de suporte. Nosso pessoal est\u00e1 ansioso para resolver todas as d\u00favidas que voc\u00ea possa ter com o plugin.<\/p><\/div><div class=\"faq\" data-component=\"FAQ\"><div class=\"faq-item\">\r\n\t\t\t\t\t<div class=\"faq-item-question\">\r\n\t\t\t\t\t\t<h3 class=\"faq-item-question-text\">Como posso incorporar um Antes e Depois Slider para o meu site WooCommerce?<\/h3>\r\n\r\n\t\t\t\t\t\t<div class=\"faq-item-question-icon\"><\/div>\r\n\t\t\t\t\t<\/div>\r\n\r\n\t\t\t\t\t<div class=\"faq-item-answer\">\r\n\t\t\t\t\t\t<div class=\"faq-item-answer-text\"><p>A cria\u00e7\u00e3o da ferramenta ocorre nas p\u00e1ginas da Elfsight e voc\u00ea n\u00e3o precisa aprender a programar. Use a demonstra\u00e7\u00e3o ao vivo para projetar seu aplicativo pessoal, obter o c\u00f3digo e col\u00e1-lo em seu site. <\/p><\/div>\r\n\t\t\t\t\t<\/div>\r\n\t\t\t\t<\/div><div class=\"faq-item\">\r\n\t\t\t\t\t<div class=\"faq-item-question\">\r\n\t\t\t\t\t\t<h3 class=\"faq-item-question-text\">Os melhores exemplos de uso da integra\u00e7\u00e3o do Comparison Slider<\/h3>\r\n\r\n\t\t\t\t\t\t<div class=\"faq-item-question-icon\"><\/div>\r\n\t\t\t\t\t<\/div>\r\n\r\n\t\t\t\t\t<div class=\"faq-item-answer\">\r\n\t\t\t\t\t\t<div class=\"faq-item-answer-text\"><p>Oferecemos muitas possibilidades de personaliza\u00e7\u00e3o: widgets completos para incorporar na \u00e1rea de conte\u00fado, plug-ins flutuantes com recurso de rolagem, miniaturas para o rodap\u00e9, se\u00e7\u00e3o principal e todos os tipos de op\u00e7\u00f5es verticais para barras laterais e menus. <\/p><\/div>\r\n\t\t\t\t\t<\/div>\r\n\t\t\t\t<\/div><div class=\"faq-item\">\r\n\t\t\t\t\t<div class=\"faq-item-question\">\r\n\t\t\t\t\t\t<h3 class=\"faq-item-question-text\">Posso construir uma compara\u00e7\u00e3o simples ou retocar o controle deslizante por meio do editor?<\/h3>\r\n\r\n\t\t\t\t\t\t<div class=\"faq-item-question-icon\"><\/div>\r\n\t\t\t\t\t<\/div>\r\n\r\n\t\t\t\t\t<div class=\"faq-item-answer\">\r\n\t\t\t\t\t\t<div class=\"faq-item-answer-text\"><p>Voc\u00ea pode moldar as altera\u00e7\u00f5es de qualquer widget. Existem v\u00e1rios layouts aplic\u00e1veis \u200b\u200b\u200b\u200bno editor e todos eles podem ser facilmente ajustados conforme sua necessidade. <\/p><\/div>\r\n\t\t\t\t\t<\/div>\r\n\t\t\t\t<\/div><\/div>","protected":false},"excerpt":{"rendered":"","protected":false},"author":9,"featured_media":0,"parent":1019,"menu_order":0,"comment_status":"closed","ping_status":"closed","template":"templates\/template-application-platform.php","meta":{"publish_to_discourse":"","publish_post_category":"","wpdc_auto_publish_overridden":"","wpdc_topic_tags":"","wpdc_pin_topic":"","wpdc_pin_until":"","discourse_post_id":"","discourse_permalink":"","wpdc_publishing_response":"","wpdc_publishing_error":"","footnotes":""},"class_list":["post-3790","page","type-page","status-publish","hentry"],"yoast_head":"<!-- This site is optimized with the Yoast SEO plugin v25.3.1 - https:\/\/yoast.com\/wordpress\/plugins\/seo\/ -->\n<title>Plug-in WooCommerce Before and After Slider para seu site (2025)<\/title>\n<meta name=\"description\" content=\"Aproveite a oportunidade de personalizar o plugin Before and After Slider no editor e integr\u00e1-lo ao seu site WooCommerce diretamente por meio da demonstra\u00e7\u00e3o ao vivo.\" \/>\n<meta name=\"robots\" content=\"index, follow, max-snippet:-1, max-image-preview:large, max-video-preview:-1\" \/>\n<link rel=\"canonical\" href=\"https:\/\/elfsight.com\/pt\/before-and-after-slider-widget\/woocommerce\/\" \/>\n<meta property=\"og:locale\" content=\"pt_PT\" \/>\n<meta property=\"og:type\" content=\"article\" \/>\n<meta property=\"og:title\" content=\"Plug-in WooCommerce Before and After Slider para seu site (2025)\" \/>\n<meta property=\"og:description\" content=\"Aproveite a oportunidade de personalizar o plugin Before and After Slider no editor e integr\u00e1-lo ao seu site WooCommerce diretamente por meio da demonstra\u00e7\u00e3o ao vivo.\" \/>\n<meta property=\"og:url\" content=\"https:\/\/elfsight.com\/pt\/before-and-after-slider-widget\/woocommerce\/\" \/>\n<meta property=\"og:site_name\" content=\"Elfsight PT\" \/>\n<meta property=\"article:modified_time\" content=\"2024-11-13T11:37:45+00:00\" \/>\n<meta name=\"twitter:card\" content=\"summary_large_image\" \/>\n<meta name=\"twitter:label1\" content=\"Tempo estimado de leitura\" \/>\n\t<meta name=\"twitter:data1\" content=\"2 minutos\" \/>\n<!-- \/ Yoast SEO plugin. -->","yoast_head_json":{"title":"Plug-in WooCommerce Before and After Slider para seu site (2025)","description":"Aproveite a oportunidade de personalizar o plugin Before and After Slider no editor e integr\u00e1-lo ao seu site WooCommerce diretamente por meio da demonstra\u00e7\u00e3o ao vivo.","robots":{"index":"index","follow":"follow","max-snippet":"max-snippet:-1","max-image-preview":"max-image-preview:large","max-video-preview":"max-video-preview:-1"},"canonical":"https:\/\/elfsight.com\/pt\/before-and-after-slider-widget\/woocommerce\/","og_locale":"pt_PT","og_type":"article","og_title":"Plug-in WooCommerce Before and After Slider para seu site (2025)","og_description":"Aproveite a oportunidade de personalizar o plugin Before and After Slider no editor e integr\u00e1-lo ao seu site WooCommerce diretamente por meio da demonstra\u00e7\u00e3o ao vivo.","og_url":"https:\/\/elfsight.com\/pt\/before-and-after-slider-widget\/woocommerce\/","og_site_name":"Elfsight PT","article_modified_time":"2024-11-13T11:37:45+00:00","twitter_card":"summary_large_image","twitter_misc":{"Tempo estimado de leitura":"2 minutos"},"schema":{"@context":"https:\/\/schema.org","@graph":[{"@type":"WebPage","@id":"https:\/\/elfsight.com\/pt\/before-and-after-slider-widget\/woocommerce\/","url":"https:\/\/elfsight.com\/pt\/before-and-after-slider-widget\/woocommerce\/","name":"Plug-in WooCommerce Before and After Slider para seu site (2025)","isPartOf":{"@id":"https:\/\/elfsight.com\/pt\/#website"},"datePublished":"2024-05-03T06:30:11+00:00","dateModified":"2024-11-13T11:37:45+00:00","description":"Aproveite a oportunidade de personalizar o plugin Before and After Slider no editor e integr\u00e1-lo ao seu site WooCommerce diretamente por meio da demonstra\u00e7\u00e3o ao vivo.","breadcrumb":{"@id":"https:\/\/elfsight.com\/pt\/before-and-after-slider-widget\/woocommerce\/#breadcrumb"},"inLanguage":"pt-PT","potentialAction":[{"@type":"ReadAction","target":["https:\/\/elfsight.com\/pt\/before-and-after-slider-widget\/woocommerce\/"]}]},{"@type":"BreadcrumbList","@id":"https:\/\/elfsight.com\/pt\/before-and-after-slider-widget\/woocommerce\/#breadcrumb","itemListElement":[{"@type":"ListItem","position":1,"name":"Home","item":"https:\/\/elfsight.com\/pt\/"},{"@type":"ListItem","position":2,"name":"Before and After Slider","item":"https:\/\/elfsight.com\/pt\/before-and-after-slider-widget\/"},{"@type":"ListItem","position":3,"name":"Before and After Slider &#8211; WooCommerce"}]},{"@type":"WebSite","@id":"https:\/\/elfsight.com\/pt\/#website","url":"https:\/\/elfsight.com\/pt\/","name":"Elfsight PT","description":"Just another Elfsight Sites site","potentialAction":[{"@type":"SearchAction","target":{"@type":"EntryPoint","urlTemplate":"https:\/\/elfsight.com\/pt\/?s={search_term_string}"},"query-input":{"@type":"PropertyValueSpecification","valueRequired":true,"valueName":"search_term_string"}}],"inLanguage":"pt-PT"}]}},"meta_box":{"industry":"","seo_heading":"","heading":"","description":"","cta_heading":"","cta_description":"","application":"1018","h1":"Controle deslizante WooCommerce antes e depois","h1_caption":"Revele como seus produtos e servi\u00e7os funcionam de forma eficiente e aumente seu lucro.","application_category":[],"applications_title":"","applications_request_title":"","applications_request_button_text":"","hero_text":"","hero_video":"","hero_video_schema_markup":"","selling_points_title":"","selling_points_caption":"","selling_points":[],"selling_points_cta_text":"","features_title":"","features":"","ed_cta_examples_text":"","ed_cta_examples_hidden":"","ed_cta_demo_text":"","ed_cta_demo_hidden":"","why_caption":"","why_editor_title":"","why_editor_text":"","why_team_title":"","why_team_text":"","why_service_title":"","why_service_text":"","template_catalog_visible":"","template_catalog_title":"","template_catalog_text":"","template_catalog_categories_visible":"","demo_title":"Crie seu aplicativo Slider Antes e Depois","demo_caption":"Configure seu controle deslizante Antes e Depois e adicione-o ao seu site WooCommerce gratuitamente!","default_faq_hidden":"","app_template_category":[],"platform":"4920","template_public_id":"","codecanyon_url":"","codecanyon_item_id":"","codecanyon_price":"","pricing_caption":"","pricing_elfsight_apps_hide_column":"","pricing_elfsight_apps_url":"","pricing_codecanyon_price_caption":"","integration_category":[],"integration_request_title":"","integration_request_cta":"","integration_platform":"","integrations":[],"platform_category":[],"video_schema_markup":"","price":"a partir de US$ 0\/m\u00eas","trial":"","benefits":[{"text":"Assist\u00eancia de instala\u00e7\u00e3o gratuita"},{"text":"Atendimento ao cliente competente"},{"text":"Garantia de devolu\u00e7\u00e3o do dinheiro em 14 dias"},{"text":"Melhorias regulares"}],"button_url":"#demo","button_target_blank":"0","button_nofollow":"0","attributes":[{"name":"Instala\u00e7\u00f5es","content":"10,000 - 100,000","_state":"expanded"},{"name":"Responsivo","content":"Sim","_state":"expanded"},{"name":"Navegadores compat\u00edveis","content":"Firefox, Safari, Opera, Chrome, Edge"}],"tags":[],"tags_disable_links":"0","hide_more_platforms":"","video_object":"","demo_hide_cta":"0","demo_hide_cloud_options":"0","pricing_title":"","pricing":[{"pricing_icon":"platform","pricing_title":"Elfsight Apps","pricing_title_caption":"Vers\u00e3o independente de plataforma","pricing_price":"a partir de US$ 0\/m\u00eas","pricing_price_caption":"comece com um plano gratuito","pricing_benefits":[{"text":"Sites ilimitados"},{"text":"Suporte dedicado da empresa e bem documentado"},{"text":"Suporte dedicado da empresa e bem documentado"},{"text":"Totalmente personaliz\u00e1vel"}],"pricing_button_text":"Adicionar ao site","pricing_button_url":"#demo","_state":"expanded"}],"related_apps_title":"","related_apps_hidden":"1","author":"","image":[],"title":"","job":"","social_networks":[]},"_links":{"self":[{"href":"https:\/\/elfsight.com\/pt\/wp-json\/wp\/v2\/pages\/3790","targetHints":{"allow":["GET"]}}],"collection":[{"href":"https:\/\/elfsight.com\/pt\/wp-json\/wp\/v2\/pages"}],"about":[{"href":"https:\/\/elfsight.com\/pt\/wp-json\/wp\/v2\/types\/page"}],"author":[{"embeddable":true,"href":"https:\/\/elfsight.com\/pt\/wp-json\/wp\/v2\/users\/9"}],"replies":[{"embeddable":true,"href":"https:\/\/elfsight.com\/pt\/wp-json\/wp\/v2\/comments?post=3790"}],"version-history":[{"count":2,"href":"https:\/\/elfsight.com\/pt\/wp-json\/wp\/v2\/pages\/3790\/revisions"}],"predecessor-version":[{"id":11644,"href":"https:\/\/elfsight.com\/pt\/wp-json\/wp\/v2\/pages\/3790\/revisions\/11644"}],"up":[{"embeddable":true,"href":"https:\/\/elfsight.com\/pt\/wp-json\/wp\/v2\/pages\/1019"}],"wp:attachment":[{"href":"https:\/\/elfsight.com\/pt\/wp-json\/wp\/v2\/media?parent=3790"}],"curies":[{"name":"wp","href":"https:\/\/api.w.org\/{rel}","templated":true}]}}