{"id":3788,"date":"2024-05-03T06:30:12","date_gmt":"2024-05-03T06:30:12","guid":{"rendered":"https:\/\/elfsight.com\/pt\/?page_id=3788"},"modified":"2024-11-13T11:40:14","modified_gmt":"2024-11-13T11:40:14","slug":"wix","status":"publish","type":"page","link":"https:\/\/elfsight.com\/pt\/before-and-after-slider-widget\/wix\/","title":{"rendered":"Before and After Slider &#8211; Wix"},"content":{"rendered":"<div class=\"application-platform-content-item-description application-platform-content-item\" id=\"description\" data-nav-section=\"description\"> <h2>Descri\u00e7\u00e3o<\/h2> <p> Antes e Depois do Slider da Elfsight permite que voc\u00ea configure imagens promocionais surpreendentes para o seu site. Os clientes ter\u00e3o a oportunidade de descobrir todos os efeitos que seus produtos ou servi\u00e7os trazem. Basta fazer upload de duas fotos para o Antes e Depois do Slider para Wix e elas ser\u00e3o demonstradas com um divisor que os usu\u00e1rios podem mover para permitir a compara\u00e7\u00e3o. Voc\u00ea pode criar slides ilimitados, cada um com sua pr\u00f3pria legenda. A orienta\u00e7\u00e3o do divisor oferece duas op\u00e7\u00f5es: horizontal ou vertical, e voc\u00ea pode selecionar a propor\u00e7\u00e3o de imagem mais adequada. Seus usu\u00e1rios estar\u00e3o condenados a fazer pedidos, uma vez que vejam a efici\u00eancia real | das suas ofertas! <\/p> <p><b>Com o controle deslizante antes &#8211; depois, veja um s\u00f3lido desenvolvimento de neg\u00f3cios e aumente as vendas <\/b><\/p> <\/div> <div class=\"application-platform-content-item-features application-platform-content-item\" id=\"features\" data-nav-section=\"features\"> <h2>Aqui est\u00e3o os recursos essenciais do widget: <\/h2> <ul><li>Adicione qualquer quantidade de pares de fotos Antes e Depois<\/li> <li>Insira legendas com formata\u00e7\u00e3o de texto em cada imagem<\/li><li>Dois layouts: Lista e carrossel<\/li><li>Movimento horizontal ou vertical do divisor<\/li><li>Clique e arraste ou simplesmente passe o mouse para deslocar o divisor<\/li><li>Deslize em dispositivos com tela sens\u00edvel ao toque<\/li><\/ul><p><a href=\"#demo\">Experimente todas as op\u00e7\u00f5es de personaliza\u00e7\u00e3o na demonstra\u00e7\u00e3o funcional 100<\/a><\/p> <\/div> <div class=\"application-platform-content-item-installation application-platform-content-item\" id=\"installation\" data-nav-section=\"installation\"> <h2>Como incorporar Antes e Depois do Slider no meu Wix? <\/h2> <div class=\"video-container\"><iframe width=\"720\" height=\"405\" src=\"https:\/\/www.youtube.com\/embed\/LN99dag1Tcc\" frameborder=\"0\" allowfullscreen=\"\"><\/iframe><\/div><p>Basta seguir v\u00e1rias etapas apresentadas abaixo para ativar o plugin. <\/p> <ol><li><b>Aplique nosso configurador gratuito e comece a criar seu plugin personalizado. <\/b><br> Determine a interface selecionada e os aspectos do plugin e aplique as edi\u00e7\u00f5es. <\/li> <li><b>Copie o seu c\u00f3digo exclusivo revelado na janela das aplica\u00e7\u00f5es Elfsight<\/b><br> Quando a configura\u00e7\u00e3o do seu plugin estiver conclu\u00edda, copie o c\u00f3digo exclusivo da caixa que aparece e guarde-o para necessidade posterior. <\/li> <li><b>Inicie a utiliza\u00e7\u00e3o do plugin em sua p\u00e1gina Wix<\/b><br> Adicione o c\u00f3digo salvo recentemente em sua p\u00e1gina e aplique os ajustes. <\/li> <li><b>A instala\u00e7\u00e3o foi realizada com sucesso<\/b><br> Visite seu site para examinar como o widget est\u00e1 funcionando. <\/li><\/ol> <p>Na condi\u00e7\u00e3o de lidar com d\u00favidas ou enfrentar alguma complica\u00e7\u00e3o, sinta-se \u00e0 vontade para recorrer \u00e0 nossa equipe de suporte. Nossos consultores ter\u00e3o prazer em esclarecer todas as d\u00favidas que voc\u00ea possa ter sobre o plugin. <\/p> <div class=\"faq\" data-component=\"FAQ\"><div class=\"faq-item\">\r\n\t\t\t\t\t<div class=\"faq-item-question\">\r\n\t\t\t\t\t\t<h3 class=\"faq-item-question-text\">Como posso adicionar um controle deslizante Antes e Depois ao meu site Wix sem habilidades de codifica\u00e7\u00e3o?<\/h3>\r\n\r\n\t\t\t\t\t\t<div class=\"faq-item-question-icon\"><\/div>\r\n\t\t\t\t\t<\/div>\r\n\r\n\t\t\t\t\t<div class=\"faq-item-answer\">\r\n\t\t\t\t\t\t<div class=\"faq-item-answer-text\"> <p>A Elfsight fornece uma solu\u00e7\u00e3o SaaS que permite que voc\u00ea mesmo crie um widget deslizante Antes e Depois , veja como o processo \u00e9 f\u00e1cil: Trabalhe diretamente no Editor online para criar um widget deslizante Antes e Depois que voc\u00ea gostaria de ver em seu site Wix. Escolha um dos modelos predefinidos e ajuste as configura\u00e7\u00f5es do controle deslizante Antes e Depois, adicione seu conte\u00fado, altere o layout e as cores sem nenhuma habilidade de codifica\u00e7\u00e3o. Salve o controle deslizante Antes e Depois e copie seu c\u00f3digo de instala\u00e7\u00e3o, para que voc\u00ea possa adicion\u00e1-lo ao seu site Wix sem a necessidade de comprar uma vers\u00e3o paga. Com nosso editor intuitivo, qualquer usu\u00e1rio da Internet pode criar um widget deslizante Antes e Depois online e incorpor\u00e1-lo facilmente em seu site Wix. N\u00e3o h\u00e1 necessidade de pagar ou inserir as credenciais do seu cart\u00e3o para acessar o servi\u00e7o. Se voc\u00ea enfrentar qualquer problema em qualquer etapa, n\u00e3o hesite em entrar em contato com nossa equipe de suporte t\u00e9cnico.<\/p> <\/div>\r\n\t\t\t\t\t<\/div>\r\n\t\t\t\t<\/div> <\/div><\/div>","protected":false},"excerpt":{"rendered":"","protected":false},"author":9,"featured_media":0,"parent":1019,"menu_order":0,"comment_status":"closed","ping_status":"closed","template":"templates\/template-application-platform.php","meta":{"publish_to_discourse":"","publish_post_category":"","wpdc_auto_publish_overridden":"","wpdc_topic_tags":"","wpdc_pin_topic":"","wpdc_pin_until":"","discourse_post_id":"","discourse_permalink":"","wpdc_publishing_response":"","wpdc_publishing_error":"","footnotes":""},"class_list":["post-3788","page","type-page","status-publish","hentry"],"yoast_head":"<!-- This site is optimized with the Yoast SEO plugin v25.3.1 - https:\/\/yoast.com\/wordpress\/plugins\/seo\/ -->\n<title>Slider Antes e Depois do site Wix (gr\u00e1tis e r\u00e1pido!)<\/title>\n<meta name=\"description\" content=\"Incorpore o widget Slider Antes e Depois em seu site Wix. Teste a demonstra\u00e7\u00e3o abrangente da Elfsight e crie seu controle deslizante de compara\u00e7\u00e3o personalizado.\" \/>\n<meta name=\"robots\" content=\"index, follow, max-snippet:-1, max-image-preview:large, max-video-preview:-1\" \/>\n<link rel=\"canonical\" href=\"https:\/\/elfsight.com\/pt\/before-and-after-slider-widget\/wix\/\" \/>\n<meta property=\"og:locale\" content=\"pt_PT\" \/>\n<meta property=\"og:type\" content=\"article\" \/>\n<meta property=\"og:title\" content=\"Slider Antes e Depois do site Wix (gr\u00e1tis e r\u00e1pido!)\" \/>\n<meta property=\"og:description\" content=\"Incorpore o widget Slider Antes e Depois em seu site Wix. Teste a demonstra\u00e7\u00e3o abrangente da Elfsight e crie seu controle deslizante de compara\u00e7\u00e3o personalizado.\" \/>\n<meta property=\"og:url\" content=\"https:\/\/elfsight.com\/pt\/before-and-after-slider-widget\/wix\/\" \/>\n<meta property=\"og:site_name\" content=\"Elfsight PT\" \/>\n<meta property=\"article:modified_time\" content=\"2024-11-13T11:40:14+00:00\" \/>\n<meta name=\"twitter:card\" content=\"summary_large_image\" \/>\n<meta name=\"twitter:label1\" content=\"Tempo estimado de leitura\" \/>\n\t<meta name=\"twitter:data1\" content=\"2 minutos\" \/>\n<!-- \/ Yoast SEO plugin. -->","yoast_head_json":{"title":"Slider Antes e Depois do site Wix (gr\u00e1tis e r\u00e1pido!)","description":"Incorpore o widget Slider Antes e Depois em seu site Wix. Teste a demonstra\u00e7\u00e3o abrangente da Elfsight e crie seu controle deslizante de compara\u00e7\u00e3o personalizado.","robots":{"index":"index","follow":"follow","max-snippet":"max-snippet:-1","max-image-preview":"max-image-preview:large","max-video-preview":"max-video-preview:-1"},"canonical":"https:\/\/elfsight.com\/pt\/before-and-after-slider-widget\/wix\/","og_locale":"pt_PT","og_type":"article","og_title":"Slider Antes e Depois do site Wix (gr\u00e1tis e r\u00e1pido!)","og_description":"Incorpore o widget Slider Antes e Depois em seu site Wix. Teste a demonstra\u00e7\u00e3o abrangente da Elfsight e crie seu controle deslizante de compara\u00e7\u00e3o personalizado.","og_url":"https:\/\/elfsight.com\/pt\/before-and-after-slider-widget\/wix\/","og_site_name":"Elfsight PT","article_modified_time":"2024-11-13T11:40:14+00:00","twitter_card":"summary_large_image","twitter_misc":{"Tempo estimado de leitura":"2 minutos"},"schema":{"@context":"https:\/\/schema.org","@graph":[{"@type":"WebPage","@id":"https:\/\/elfsight.com\/pt\/before-and-after-slider-widget\/wix\/","url":"https:\/\/elfsight.com\/pt\/before-and-after-slider-widget\/wix\/","name":"Slider Antes e Depois do site Wix (gr\u00e1tis e r\u00e1pido!)","isPartOf":{"@id":"https:\/\/elfsight.com\/pt\/#website"},"datePublished":"2024-05-03T06:30:12+00:00","dateModified":"2024-11-13T11:40:14+00:00","description":"Incorpore o widget Slider Antes e Depois em seu site Wix. Teste a demonstra\u00e7\u00e3o abrangente da Elfsight e crie seu controle deslizante de compara\u00e7\u00e3o personalizado.","breadcrumb":{"@id":"https:\/\/elfsight.com\/pt\/before-and-after-slider-widget\/wix\/#breadcrumb"},"inLanguage":"pt-PT","potentialAction":[{"@type":"ReadAction","target":["https:\/\/elfsight.com\/pt\/before-and-after-slider-widget\/wix\/"]}]},{"@type":"BreadcrumbList","@id":"https:\/\/elfsight.com\/pt\/before-and-after-slider-widget\/wix\/#breadcrumb","itemListElement":[{"@type":"ListItem","position":1,"name":"Home","item":"https:\/\/elfsight.com\/pt\/"},{"@type":"ListItem","position":2,"name":"Before and After Slider","item":"https:\/\/elfsight.com\/pt\/before-and-after-slider-widget\/"},{"@type":"ListItem","position":3,"name":"Before and After Slider &#8211; Wix"}]},{"@type":"WebSite","@id":"https:\/\/elfsight.com\/pt\/#website","url":"https:\/\/elfsight.com\/pt\/","name":"Elfsight PT","description":"Just another Elfsight Sites site","potentialAction":[{"@type":"SearchAction","target":{"@type":"EntryPoint","urlTemplate":"https:\/\/elfsight.com\/pt\/?s={search_term_string}"},"query-input":{"@type":"PropertyValueSpecification","valueRequired":true,"valueName":"search_term_string"}}],"inLanguage":"pt-PT"}]}},"meta_box":{"industry":"","seo_heading":"","heading":"","description":"","cta_heading":"","cta_description":"","application":"1018","h1":"Controle deslizante antes e depois para Wix","h1_caption":"Demonstre como seus produtos e servi\u00e7os realmente funcionam e aumente o n\u00edvel de compra","application_category":[],"applications_title":"","applications_request_title":"","applications_request_button_text":"","hero_text":"","hero_video":"","hero_video_schema_markup":"","selling_points_title":"","selling_points_caption":"","selling_points":[],"selling_points_cta_text":"","features_title":"","features":"","ed_cta_examples_text":"","ed_cta_examples_hidden":"","ed_cta_demo_text":"","ed_cta_demo_hidden":"","why_caption":"","why_editor_title":"","why_editor_text":"","why_team_title":"","why_team_text":"","why_service_title":"","why_service_text":"","template_catalog_visible":"","template_catalog_title":"","template_catalog_text":"","template_catalog_categories_visible":"","demo_title":"Crie seu aplicativo Slider Antes e Depois","demo_caption":"Configure seu controle deslizante Antes e Depois e adicione-o ao seu site Wix gratuitamente!","default_faq_hidden":"","app_template_category":[],"platform":"37","template_public_id":"","codecanyon_url":"","codecanyon_item_id":"","codecanyon_price":"","pricing_caption":"","pricing_elfsight_apps_hide_column":"","pricing_elfsight_apps_url":"","pricing_codecanyon_price_caption":"","integration_category":[],"integration_request_title":"","integration_request_cta":"","integration_platform":"","integrations":[],"platform_category":[],"video_schema_markup":"","price":"a partir de US$ 0\/m\u00eas","trial":"","benefits":[{"text":"Servi\u00e7o de instala\u00e7\u00e3o gratuito"},{"text":"Suporte excepcional"},{"text":"Garantia de reembolso de 14 dias"},{"text":"Desenvolvimento cont\u00ednuo"}],"button_url":"#demo","button_target_blank":"0","button_nofollow":"0","attributes":[{"name":"Instala\u00e7\u00f5es","content":"10,000 - 100,000","_state":"expanded"},{"name":"Responsivo","content":"Sim","_state":"expanded"},{"name":"Navegadores compat\u00edveis","content":"Chrome, Safari, Firefox, Edge, Opera"}],"tags":[],"tags_disable_links":"0","hide_more_platforms":"","video_object":"","demo_hide_cta":"0","demo_hide_cloud_options":"0","pricing_title":"","pricing":[{"pricing_icon":"platform","pricing_title":"Elfsight Apps","pricing_title_caption":"Vers\u00e3o multiplataforma","pricing_price":"a partir de US$ 0\/m\u00eas","pricing_price_caption":"comece com plano gratuito","pricing_benefits":[{"text":"Dom\u00ednios ilimitados"},{"text":"Suporte profissional ao cliente"},{"text":"Suporte profissional ao cliente"},{"text":"Pre\u00e7o especial para v\u00e1rios aplicativos"}],"pricing_button_text":"Adicionar ao site","pricing_button_url":"#demo","_state":"expanded"}],"related_apps_title":"","related_apps_hidden":"1","author":"","image":[],"title":"","job":"","social_networks":[]},"_links":{"self":[{"href":"https:\/\/elfsight.com\/pt\/wp-json\/wp\/v2\/pages\/3788","targetHints":{"allow":["GET"]}}],"collection":[{"href":"https:\/\/elfsight.com\/pt\/wp-json\/wp\/v2\/pages"}],"about":[{"href":"https:\/\/elfsight.com\/pt\/wp-json\/wp\/v2\/types\/page"}],"author":[{"embeddable":true,"href":"https:\/\/elfsight.com\/pt\/wp-json\/wp\/v2\/users\/9"}],"replies":[{"embeddable":true,"href":"https:\/\/elfsight.com\/pt\/wp-json\/wp\/v2\/comments?post=3788"}],"version-history":[{"count":2,"href":"https:\/\/elfsight.com\/pt\/wp-json\/wp\/v2\/pages\/3788\/revisions"}],"predecessor-version":[{"id":11645,"href":"https:\/\/elfsight.com\/pt\/wp-json\/wp\/v2\/pages\/3788\/revisions\/11645"}],"up":[{"embeddable":true,"href":"https:\/\/elfsight.com\/pt\/wp-json\/wp\/v2\/pages\/1019"}],"wp:attachment":[{"href":"https:\/\/elfsight.com\/pt\/wp-json\/wp\/v2\/media?parent=3788"}],"curies":[{"name":"wp","href":"https:\/\/api.w.org\/{rel}","templated":true}]}}