{"id":3782,"date":"2024-05-03T06:30:15","date_gmt":"2024-05-03T06:30:15","guid":{"rendered":"https:\/\/elfsight.com\/pt\/?page_id=3782"},"modified":"2024-11-13T11:40:22","modified_gmt":"2024-11-13T11:40:22","slug":"webflow","status":"publish","type":"page","link":"https:\/\/elfsight.com\/pt\/before-and-after-slider-widget\/webflow\/","title":{"rendered":"Before and After Slider &#8211; Webflow"},"content":{"rendered":"<div class=\"application-platform-content-item-description application-platform-content-item\" id=\"description\" data-nav-section=\"description\"> <h2>Incorpore o Antes e Depois do Slider no Webflow com o widget da Elfsight<\/h2> <p> O Antes e Depois do Slider da Elfsight permite que voc\u00ea publique vendas surpreendentes imagens para o seu site. Os usu\u00e1rios podem ver de uma s\u00f3 vez todas as altera\u00e7\u00f5es que seus produtos ou servi\u00e7os introduzem. Basta fazer upload de duas fotos para o Antes e Depois do Slider para Webflow e elas ser\u00e3o demonstradas com uma divis\u00f3ria m\u00f3vel para observar a diferen\u00e7a. Voc\u00ea pode criar slides ilimitados e adicionar legendas e r\u00f3tulos. A orienta\u00e7\u00e3o do divisor oferece duas op\u00e7\u00f5es: horizontal ou vertical, e voc\u00ea pode escolher a melhor propor\u00e7\u00e3o da imagem. Seus visitantes n\u00e3o escapar\u00e3o de fazer uma compra, ao descobrirem o resultado real | dos seus produtos! <\/p> <p><b>Inserir antes de &amp; ap\u00f3s o controle deslizante para atingir suas metas de com\u00e9rcio eletr\u00f4nico mais rapidamente! <\/b><\/p> <\/div> <div class=\"application-platform-content-item-features application-platform-content-item\" id=\"features\" data-nav-section=\"features\"> <h2>Abaixo est\u00e3o os recursos b\u00e1sicos do widget: <\/h2> <ul><li>Forma pares ilimitados de imagens antes e depois<\/li> <li>Adicione legendas com op\u00e7\u00f5es de formata\u00e7\u00e3o de texto a cada slide<\/li><li>Dois layouts: Lista e Carrossel<\/li><li>Orienta\u00e7\u00e3o horizontal ou vertical do divisor<\/li><li>Clique e arraste ou simplesmente passe o mouse para mover o divisor<\/li><li>Deslize em dispositivos com tela sens\u00edvel ao toque<\/li><\/ul><p><a href=\"#demo\">Experimente esta demonstra\u00e7\u00e3o para entender a funcionalidade do widget<\/a><\/p> <\/div> <div class=\"application-platform-content-item-installation application-platform-content-item\" id=\"installation\" data-nav-section=\"installation\"> <h2>Como incorporar o controle deslizante Antes e Depois em meu site Webflow? <\/h2><div class=\"video-container\"><iframe width=\"720\" height=\"405\" src=\"https:\/\/www.youtube.com\/embed\/hEd6vYElvlc\" frameborder=\"0\" allowfullscreen=\"\"><\/iframe><\/div><p>Basta seguir v\u00e1rias etapas apresentadas abaixo para integrar a ferramenta. <\/p> <ol><li><b>Utilize nosso editor gratuito e comece a construir seu plugin personalizado. <\/b><br> Determine a forma e os aspectos preferidos do widget e salve as modifica\u00e7\u00f5es. <\/li> <li><b>Receba o seu c\u00f3digo exclusivo revelado na caixa das aplica\u00e7\u00f5es Elfsight<\/b><br> Assim que a gera\u00e7\u00e3o da sua ferramenta pessoal terminar, copie o c\u00f3digo exclusivo da caixa emergente e guarde para uso posterior. <\/li> <li><b>Inicie a utiliza\u00e7\u00e3o do plugin no site Webflow<\/b><br> Adicione o c\u00f3digo salvo anteriormente em sua p\u00e1gina inicial e salve as corre\u00e7\u00f5es. <\/li> <li><b>Pronto! A configura\u00e7\u00e3o est\u00e1 totalmente realizada<\/b><br> Visite sua p\u00e1gina web para verificar o desempenho da ferramenta. <\/li><\/ol> <p>Caso tenha d\u00favidas ou encontre alguma dificuldade, escreva para nossa equipe de atendimento ao cliente. Nosso pessoal est\u00e1 ansioso para ajud\u00e1-lo com todas as dificuldades que voc\u00ea possa ter com o plugin. <\/p> <div class=\"faq\" data-component=\"FAQ\"><div class=\"faq-item\">\r\n\t\t\t\t\t<div class=\"faq-item-question\">\r\n\t\t\t\t\t\t<h3 class=\"faq-item-question-text\">Como adicionar um controle deslizante Antes e Depois ao meu site Webflow sem habilidades de codifica\u00e7\u00e3o?<\/h3>\r\n\r\n\t\t\t\t\t\t<div class=\"faq-item-question-icon\"><\/div>\r\n\t\t\t\t\t<\/div>\r\n\r\n\t\t\t\t\t<div class=\"faq-item-answer\">\r\n\t\t\t\t\t\t<div class=\"faq-item-answer-text\"> <p>A Elfsight fornece uma solu\u00e7\u00e3o SaaS que permite que voc\u00ea mesmo crie um widget deslizante Antes e Depois, veja como o processo \u00e9 f\u00e1cil: Trabalhe diretamente no Editor on-line para criar um widget deslizante Antes e Depois que voc\u00ea gostaria de ver em seu site Webflow. Escolha um dos modelos predefinidos e ajuste as configura\u00e7\u00f5es do controle deslizante Antes e Depois, adicione seu conte\u00fado, altere o layout e as cores sem nenhuma habilidade de codifica\u00e7\u00e3o. Salve o controle deslizante Antes e depois e copie seu c\u00f3digo de instala\u00e7\u00e3o, que voc\u00ea pode colar facilmente em seu site Webflow sem comprar uma assinatura paga. Com nosso editor intuitivo, qualquer usu\u00e1rio da Internet pode criar um widget deslizante antes e depois online e incorpor\u00e1-lo facilmente em seu site Webflow. N\u00e3o h\u00e1 necessidade de pagar ou inserir as credenciais do seu cart\u00e3o para acessar o servi\u00e7o. Se voc\u00ea enfrentar qualquer problema em qualquer etapa, n\u00e3o hesite em entrar em contato com nossa equipe de suporte t\u00e9cnico.<\/p> <\/div>\r\n\t\t\t\t\t<\/div>\r\n\t\t\t\t<\/div> <\/div><\/div>","protected":false},"excerpt":{"rendered":"","protected":false},"author":9,"featured_media":0,"parent":1019,"menu_order":0,"comment_status":"closed","ping_status":"closed","template":"templates\/template-application-platform.php","meta":{"publish_to_discourse":"","publish_post_category":"","wpdc_auto_publish_overridden":"","wpdc_topic_tags":"","wpdc_pin_topic":"","wpdc_pin_until":"","discourse_post_id":"","discourse_permalink":"","wpdc_publishing_response":"","wpdc_publishing_error":"","footnotes":""},"class_list":["post-3782","page","type-page","status-publish","hentry"],"yoast_head":"<!-- This site is optimized with the Yoast SEO plugin v25.3.1 - https:\/\/yoast.com\/wordpress\/plugins\/seo\/ -->\n<title>Antes e depois do site Slider para Webflow (gr\u00e1tis e r\u00e1pido!)<\/title>\n<meta name=\"description\" content=\"Incorpore um widget flex\u00edvel Antes e Depois Slider em seu site Webflow. Experimente a demonstra\u00e7\u00e3o totalmente funcional da Elfsight e crie seu controle deslizante de compara\u00e7\u00e3o personalizado.\" \/>\n<meta name=\"robots\" content=\"index, follow, max-snippet:-1, max-image-preview:large, max-video-preview:-1\" \/>\n<link rel=\"canonical\" href=\"https:\/\/elfsight.com\/pt\/before-and-after-slider-widget\/webflow\/\" \/>\n<meta property=\"og:locale\" content=\"pt_PT\" \/>\n<meta property=\"og:type\" content=\"article\" \/>\n<meta property=\"og:title\" content=\"Antes e depois do site Slider para Webflow (gr\u00e1tis e r\u00e1pido!)\" \/>\n<meta property=\"og:description\" content=\"Incorpore um widget flex\u00edvel Antes e Depois Slider em seu site Webflow. Experimente a demonstra\u00e7\u00e3o totalmente funcional da Elfsight e crie seu controle deslizante de compara\u00e7\u00e3o personalizado.\" \/>\n<meta property=\"og:url\" content=\"https:\/\/elfsight.com\/pt\/before-and-after-slider-widget\/webflow\/\" \/>\n<meta property=\"og:site_name\" content=\"Elfsight PT\" \/>\n<meta property=\"article:modified_time\" content=\"2024-11-13T11:40:22+00:00\" \/>\n<meta name=\"twitter:card\" content=\"summary_large_image\" \/>\n<meta name=\"twitter:label1\" content=\"Tempo estimado de leitura\" \/>\n\t<meta name=\"twitter:data1\" content=\"2 minutos\" \/>\n<!-- \/ Yoast SEO plugin. -->","yoast_head_json":{"title":"Antes e depois do site Slider para Webflow (gr\u00e1tis e r\u00e1pido!)","description":"Incorpore um widget flex\u00edvel Antes e Depois Slider em seu site Webflow. Experimente a demonstra\u00e7\u00e3o totalmente funcional da Elfsight e crie seu controle deslizante de compara\u00e7\u00e3o personalizado.","robots":{"index":"index","follow":"follow","max-snippet":"max-snippet:-1","max-image-preview":"max-image-preview:large","max-video-preview":"max-video-preview:-1"},"canonical":"https:\/\/elfsight.com\/pt\/before-and-after-slider-widget\/webflow\/","og_locale":"pt_PT","og_type":"article","og_title":"Antes e depois do site Slider para Webflow (gr\u00e1tis e r\u00e1pido!)","og_description":"Incorpore um widget flex\u00edvel Antes e Depois Slider em seu site Webflow. Experimente a demonstra\u00e7\u00e3o totalmente funcional da Elfsight e crie seu controle deslizante de compara\u00e7\u00e3o personalizado.","og_url":"https:\/\/elfsight.com\/pt\/before-and-after-slider-widget\/webflow\/","og_site_name":"Elfsight PT","article_modified_time":"2024-11-13T11:40:22+00:00","twitter_card":"summary_large_image","twitter_misc":{"Tempo estimado de leitura":"2 minutos"},"schema":{"@context":"https:\/\/schema.org","@graph":[{"@type":"WebPage","@id":"https:\/\/elfsight.com\/pt\/before-and-after-slider-widget\/webflow\/","url":"https:\/\/elfsight.com\/pt\/before-and-after-slider-widget\/webflow\/","name":"Antes e depois do site Slider para Webflow (gr\u00e1tis e r\u00e1pido!)","isPartOf":{"@id":"https:\/\/elfsight.com\/pt\/#website"},"datePublished":"2024-05-03T06:30:15+00:00","dateModified":"2024-11-13T11:40:22+00:00","description":"Incorpore um widget flex\u00edvel Antes e Depois Slider em seu site Webflow. Experimente a demonstra\u00e7\u00e3o totalmente funcional da Elfsight e crie seu controle deslizante de compara\u00e7\u00e3o personalizado.","breadcrumb":{"@id":"https:\/\/elfsight.com\/pt\/before-and-after-slider-widget\/webflow\/#breadcrumb"},"inLanguage":"pt-PT","potentialAction":[{"@type":"ReadAction","target":["https:\/\/elfsight.com\/pt\/before-and-after-slider-widget\/webflow\/"]}]},{"@type":"BreadcrumbList","@id":"https:\/\/elfsight.com\/pt\/before-and-after-slider-widget\/webflow\/#breadcrumb","itemListElement":[{"@type":"ListItem","position":1,"name":"Home","item":"https:\/\/elfsight.com\/pt\/"},{"@type":"ListItem","position":2,"name":"Before and After Slider","item":"https:\/\/elfsight.com\/pt\/before-and-after-slider-widget\/"},{"@type":"ListItem","position":3,"name":"Before and After Slider &#8211; Webflow"}]},{"@type":"WebSite","@id":"https:\/\/elfsight.com\/pt\/#website","url":"https:\/\/elfsight.com\/pt\/","name":"Elfsight PT","description":"Just another Elfsight Sites site","potentialAction":[{"@type":"SearchAction","target":{"@type":"EntryPoint","urlTemplate":"https:\/\/elfsight.com\/pt\/?s={search_term_string}"},"query-input":{"@type":"PropertyValueSpecification","valueRequired":true,"valueName":"search_term_string"}}],"inLanguage":"pt-PT"}]}},"meta_box":{"industry":"","seo_heading":"","heading":"","description":"","cta_heading":"","cta_description":"","application":"1018","h1":"Antes e depois do controle deslizante para Webflow","h1_caption":"Mostre como seus produtos e servi\u00e7os funcionam de maneira eficaz e aumentam a receita","application_category":[],"applications_title":"","applications_request_title":"","applications_request_button_text":"","hero_text":"","hero_video":"","hero_video_schema_markup":"","selling_points_title":"","selling_points_caption":"","selling_points":[],"selling_points_cta_text":"","features_title":"","features":"","ed_cta_examples_text":"","ed_cta_examples_hidden":"","ed_cta_demo_text":"","ed_cta_demo_hidden":"","why_caption":"","why_editor_title":"","why_editor_text":"","why_team_title":"","why_team_text":"","why_service_title":"","why_service_text":"","template_catalog_visible":"","template_catalog_title":"","template_catalog_text":"","template_catalog_categories_visible":"","demo_title":"Crie seu widget Slider Antes e Depois","demo_caption":"Configure seu controle deslizante Antes e Depois e adicione-o ao seu site Webflow gratuitamente!","default_faq_hidden":"","app_template_category":[],"platform":"70","template_public_id":"","codecanyon_url":"","codecanyon_item_id":"","codecanyon_price":"","pricing_caption":"","pricing_elfsight_apps_hide_column":"","pricing_elfsight_apps_url":"","pricing_codecanyon_price_caption":"","integration_category":[],"integration_request_title":"","integration_request_cta":"","integration_platform":"","integrations":[],"platform_category":[],"video_schema_markup":"","price":"a partir de US$ 0\/m\u00eas","trial":"","benefits":[{"text":"Ajuda de instala\u00e7\u00e3o gratuita"},{"text":"Suporte excepcional"},{"text":"Garantia de reembolso de 14 dias"},{"text":"Melhorias cont\u00ednuas"}],"button_url":"#demo","button_target_blank":"0","button_nofollow":"0","attributes":[{"name":"Instala\u00e7\u00f5es","content":"10,000 - 100,000","_state":"expanded"},{"name":"Responsivo","content":"Sim","_state":"expanded"},{"name":"Navegadores compat\u00edveis","content":"Chrome, Firefox, Safari, Edge, Opera"}],"tags":[],"tags_disable_links":"0","hide_more_platforms":"","video_object":"","demo_hide_cta":"0","demo_hide_cloud_options":"0","pricing_title":"","pricing":[{"pricing_icon":"platform","pricing_title":"Elfsight Apps","pricing_title_caption":"Software multiplataforma que se adapta a qualquer site","pricing_price":"a partir de US$ 0\/m\u00eas","pricing_price_caption":"comece com plano gratuito","pricing_benefits":[{"text":"N\u00famero ilimitado de sites"},{"text":"Suporte profissional"},{"text":"Suporte profissional"},{"text":"Oferta especial para v\u00e1rios aplicativos"}],"pricing_button_text":"Adicionar ao site","pricing_button_url":"#demo","_state":"expanded"}],"related_apps_title":"","related_apps_hidden":"1","author":"","image":[],"title":"","job":"","social_networks":[]},"_links":{"self":[{"href":"https:\/\/elfsight.com\/pt\/wp-json\/wp\/v2\/pages\/3782","targetHints":{"allow":["GET"]}}],"collection":[{"href":"https:\/\/elfsight.com\/pt\/wp-json\/wp\/v2\/pages"}],"about":[{"href":"https:\/\/elfsight.com\/pt\/wp-json\/wp\/v2\/types\/page"}],"author":[{"embeddable":true,"href":"https:\/\/elfsight.com\/pt\/wp-json\/wp\/v2\/users\/9"}],"replies":[{"embeddable":true,"href":"https:\/\/elfsight.com\/pt\/wp-json\/wp\/v2\/comments?post=3782"}],"version-history":[{"count":2,"href":"https:\/\/elfsight.com\/pt\/wp-json\/wp\/v2\/pages\/3782\/revisions"}],"predecessor-version":[{"id":11648,"href":"https:\/\/elfsight.com\/pt\/wp-json\/wp\/v2\/pages\/3782\/revisions\/11648"}],"up":[{"embeddable":true,"href":"https:\/\/elfsight.com\/pt\/wp-json\/wp\/v2\/pages\/1019"}],"wp:attachment":[{"href":"https:\/\/elfsight.com\/pt\/wp-json\/wp\/v2\/media?parent=3782"}],"curies":[{"name":"wp","href":"https:\/\/api.w.org\/{rel}","templated":true}]}}