{"id":3776,"date":"2024-05-03T06:30:18","date_gmt":"2024-05-03T06:30:18","guid":{"rendered":"https:\/\/elfsight.com\/pt\/?page_id=3776"},"modified":"2024-11-13T11:40:22","modified_gmt":"2024-11-13T11:40:22","slug":"opencart","status":"publish","type":"page","link":"https:\/\/elfsight.com\/pt\/before-and-after-slider-widget\/opencart\/","title":{"rendered":"Before and After Slider &#8211; OpenCart"},"content":{"rendered":"<div class=\"application-platform-content-item-description application-platform-content-item\" id=\"description\" data-nav-section=\"description\"> <h2>Descri\u00e7\u00e3o<\/h2> <p> Antes e Depois do Slider da Elfsight ir\u00e1 ajud\u00e1-lo a compor imagens de vendas fascinantes para o seu site. Os usu\u00e1rios podem ver de uma s\u00f3 vez todos os resultados que seus produtos ou servi\u00e7os trazem. Basta fazer upload de duas fotos para Antes e Depois do Slider para OpenCart e elas sair\u00e3o com uma divis\u00f3ria que pode ser movida para ver a diferen\u00e7a. Voc\u00ea pode adicionar um n\u00famero ilimitado de fotos e adicionar legendas e r\u00f3tulos. A orienta\u00e7\u00e3o do divisor pode ser horizontal ou vertical e voc\u00ea pode selecionar a propor\u00e7\u00e3o de imagem mais apropriada. Seus usu\u00e1rios n\u00e3o escapar\u00e3o de fazer uma compra, quando capturarem a efici\u00eancia real | das suas ofertas! <\/p> <p><b>Com o controle deslizante antes &#8211; depois, veja um s\u00f3lido desenvolvimento de neg\u00f3cios e melhore as vendas <\/b><\/p> <\/div> <div class=\"application-platform-content-item-features application-platform-content-item\" id=\"features\" data-nav-section=\"features\"> <h2>O widget tem recursos pr\u00e1ticos e recursos f\u00e1ceis, aqui est\u00e3o alguns deles: <\/h2> <ul><li>Adicione pares de imagens antes e depois ilimitados<\/li> <li>Crie legendas com configura\u00e7\u00f5es de formata\u00e7\u00e3o de texto para cada conjunto<\/li><li>Dois layouts integrados: Lista e Carrossel<\/li><li>Dire\u00e7\u00e3o horizontal ou vertical da divis\u00f3ria<\/li><li>Clicar e arrastar ou simplesmente passar o mouse para deslocar a divis\u00f3ria<\/li><li>Deslizar em dispositivos sens\u00edveis ao toque <\/li><\/ul><p><a href=\"#demo\">Voc\u00ea pode sentir que vale a pena experimentar o widget na demonstra\u00e7\u00e3o<\/a><\/p> <\/div> <div class=\"application-platform-content-item-installation  application-platform-content-item\" id=\"installation \" data-nav-section=\"installation \"> <h2>Como incorporar o controle deslizante Antes e Depois em meu OpenCart? <\/h2> <p>Basta seguir as orienta\u00e7\u00f5es abaixo para adicionar a ferramenta. <\/p> <ol><li><b>Gerencie nossa demonstra\u00e7\u00e3o gratuita e comece a criar sua extens\u00e3o personalizada. <\/b><br> Especifique a forma e as caracter\u00edsticas desejadas da extens\u00e3o e salve todas as edi\u00e7\u00f5es. <\/li> <li><b>Obtenha o c\u00f3digo individual revelado no formul\u00e1rio especial nas aplica\u00e7\u00f5es Elfsight. <\/b><br> Assim que a gera\u00e7\u00e3o da sua extens\u00e3o for conclu\u00edda, copie o c\u00f3digo individual do pop-up exibido e salve-o para uso posterior. <\/li> <li><b>Iniciar o uso da extens\u00e3o no site OpenCart. <\/b><br> Coloque o c\u00f3digo salvo recentemente em seu site e aplique os ajustes. <\/li> <li><b>A configura\u00e7\u00e3o foi executada com sucesso. <\/b><br> Visite seu site para verificar o desempenho da extens\u00e3o. <\/li><\/ol><p>Caso tenha d\u00favidas ou encontre qualquer dificuldade, sinta-se \u00e0 vontade para entrar em contato com nossa equipe de suporte. Nossos consultores est\u00e3o ansiosos para ajud\u00e1-lo com todas as dificuldades que voc\u00ea possa ter com o produto. <\/p> <div class=\"faq\" data-component=\"FAQ\"><div class=\"faq-item\">\r\n\t\t\t\t\t<div class=\"faq-item-question\">\r\n\t\t\t\t\t\t<h3 class=\"faq-item-question-text\">Como posso adicionar um controle deslizante Antes e Depois ao meu site OpenCart sem habilidades de codifica\u00e7\u00e3o?<\/h3>\r\n\r\n\t\t\t\t\t\t<div class=\"faq-item-question-icon\"><\/div>\r\n\t\t\t\t\t<\/div>\r\n\r\n\t\t\t\t\t<div class=\"faq-item-answer\">\r\n\t\t\t\t\t\t<div class=\"faq-item-answer-text\"> <p>A Elfsight fornece uma solu\u00e7\u00e3o SaaS que permite que voc\u00ea mesmo crie um widget deslizante Antes e Depois , veja como o processo \u00e9 f\u00e1cil: Trabalhe diretamente no Editor on-line para criar um widget deslizante Antes e Depois que voc\u00ea gostaria de ver em seu site OpenCart. Escolha um dos modelos predefinidos e ajuste as configura\u00e7\u00f5es do controle deslizante Antes e Depois, adicione seu conte\u00fado, altere o layout e as cores sem habilidades de codifica\u00e7\u00e3o. Salve o controle deslizante Antes e Depois e copie seu c\u00f3digo de instala\u00e7\u00e3o, que voc\u00ea pode adicionar facilmente ao seu site OpenCart sem a necessidade de comprar uma vers\u00e3o paga. Com nosso editor intuitivo, qualquer usu\u00e1rio da Internet pode criar um widget deslizante antes e depois online e incorpor\u00e1-lo facilmente em seu site OpenCart. N\u00e3o h\u00e1 necessidade de pagar ou inserir as credenciais do seu cart\u00e3o para acessar o servi\u00e7o. Se voc\u00ea enfrentar qualquer problema em qualquer etapa, n\u00e3o hesite em entrar em contato com nossa equipe de suporte t\u00e9cnico.<\/p> <\/div>\r\n\t\t\t\t\t<\/div>\r\n\t\t\t\t<\/div> <\/div><\/div>","protected":false},"excerpt":{"rendered":"","protected":false},"author":9,"featured_media":0,"parent":1019,"menu_order":0,"comment_status":"closed","ping_status":"closed","template":"templates\/template-application-platform.php","meta":{"publish_to_discourse":"","publish_post_category":"","wpdc_auto_publish_overridden":"","wpdc_topic_tags":"","wpdc_pin_topic":"","wpdc_pin_until":"","discourse_post_id":"","discourse_permalink":"","wpdc_publishing_response":"","wpdc_publishing_error":"","footnotes":""},"class_list":["post-3776","page","type-page","status-publish","hentry"],"yoast_head":"<!-- This site is optimized with the Yoast SEO plugin v25.3.1 - https:\/\/yoast.com\/wordpress\/plugins\/seo\/ -->\n<title>Controle deslizante de imagem antes e depois responsivo para o site Muse<\/title>\n<meta name=\"description\" content=\"Incorporar o widget Antes e Depois Slider em seu site OpenCart. Confira a demonstra\u00e7\u00e3o abrangente da Elfsight e crie seu widget personalizado em apenas 2 minutos\" \/>\n<meta name=\"robots\" content=\"index, follow, max-snippet:-1, max-image-preview:large, max-video-preview:-1\" \/>\n<link rel=\"canonical\" href=\"https:\/\/elfsight.com\/pt\/before-and-after-slider-widget\/opencart\/\" \/>\n<meta property=\"og:locale\" content=\"pt_PT\" \/>\n<meta property=\"og:type\" content=\"article\" \/>\n<meta property=\"og:title\" content=\"Controle deslizante de imagem antes e depois responsivo para o site Muse\" \/>\n<meta property=\"og:description\" content=\"Incorporar o widget Antes e Depois Slider em seu site OpenCart. Confira a demonstra\u00e7\u00e3o abrangente da Elfsight e crie seu widget personalizado em apenas 2 minutos\" \/>\n<meta property=\"og:url\" content=\"https:\/\/elfsight.com\/pt\/before-and-after-slider-widget\/opencart\/\" \/>\n<meta property=\"og:site_name\" content=\"Elfsight PT\" \/>\n<meta property=\"article:modified_time\" content=\"2024-11-13T11:40:22+00:00\" \/>\n<meta name=\"twitter:card\" content=\"summary_large_image\" \/>\n<meta name=\"twitter:label1\" content=\"Tempo estimado de leitura\" \/>\n\t<meta name=\"twitter:data1\" content=\"2 minutos\" \/>\n<!-- \/ Yoast SEO plugin. -->","yoast_head_json":{"title":"Controle deslizante de imagem antes e depois responsivo para o site Muse","description":"Incorporar o widget Antes e Depois Slider em seu site OpenCart. Confira a demonstra\u00e7\u00e3o abrangente da Elfsight e crie seu widget personalizado em apenas 2 minutos","robots":{"index":"index","follow":"follow","max-snippet":"max-snippet:-1","max-image-preview":"max-image-preview:large","max-video-preview":"max-video-preview:-1"},"canonical":"https:\/\/elfsight.com\/pt\/before-and-after-slider-widget\/opencart\/","og_locale":"pt_PT","og_type":"article","og_title":"Controle deslizante de imagem antes e depois responsivo para o site Muse","og_description":"Incorporar o widget Antes e Depois Slider em seu site OpenCart. Confira a demonstra\u00e7\u00e3o abrangente da Elfsight e crie seu widget personalizado em apenas 2 minutos","og_url":"https:\/\/elfsight.com\/pt\/before-and-after-slider-widget\/opencart\/","og_site_name":"Elfsight PT","article_modified_time":"2024-11-13T11:40:22+00:00","twitter_card":"summary_large_image","twitter_misc":{"Tempo estimado de leitura":"2 minutos"},"schema":{"@context":"https:\/\/schema.org","@graph":[{"@type":"WebPage","@id":"https:\/\/elfsight.com\/pt\/before-and-after-slider-widget\/opencart\/","url":"https:\/\/elfsight.com\/pt\/before-and-after-slider-widget\/opencart\/","name":"Controle deslizante de imagem antes e depois responsivo para o site Muse","isPartOf":{"@id":"https:\/\/elfsight.com\/pt\/#website"},"datePublished":"2024-05-03T06:30:18+00:00","dateModified":"2024-11-13T11:40:22+00:00","description":"Incorporar o widget Antes e Depois Slider em seu site OpenCart. Confira a demonstra\u00e7\u00e3o abrangente da Elfsight e crie seu widget personalizado em apenas 2 minutos","breadcrumb":{"@id":"https:\/\/elfsight.com\/pt\/before-and-after-slider-widget\/opencart\/#breadcrumb"},"inLanguage":"pt-PT","potentialAction":[{"@type":"ReadAction","target":["https:\/\/elfsight.com\/pt\/before-and-after-slider-widget\/opencart\/"]}]},{"@type":"BreadcrumbList","@id":"https:\/\/elfsight.com\/pt\/before-and-after-slider-widget\/opencart\/#breadcrumb","itemListElement":[{"@type":"ListItem","position":1,"name":"Home","item":"https:\/\/elfsight.com\/pt\/"},{"@type":"ListItem","position":2,"name":"Before and After Slider","item":"https:\/\/elfsight.com\/pt\/before-and-after-slider-widget\/"},{"@type":"ListItem","position":3,"name":"Before and After Slider &#8211; OpenCart"}]},{"@type":"WebSite","@id":"https:\/\/elfsight.com\/pt\/#website","url":"https:\/\/elfsight.com\/pt\/","name":"Elfsight PT","description":"Just another Elfsight Sites site","potentialAction":[{"@type":"SearchAction","target":{"@type":"EntryPoint","urlTemplate":"https:\/\/elfsight.com\/pt\/?s={search_term_string}"},"query-input":{"@type":"PropertyValueSpecification","valueRequired":true,"valueName":"search_term_string"}}],"inLanguage":"pt-PT"}]}},"meta_box":{"industry":"","seo_heading":"","heading":"","description":"","cta_heading":"","cta_description":"","application":"1018","h1":"Antes e depois do controle deslizante para OpenCart","h1_caption":"Mostre como seus produtos e servi\u00e7os realmente funcionam e aumente o n\u00edvel de vendas","application_category":[],"applications_title":"","applications_request_title":"","applications_request_button_text":"","hero_text":"","hero_video":"","hero_video_schema_markup":"","selling_points_title":"","selling_points_caption":"","selling_points":[],"selling_points_cta_text":"","features_title":"","features":"","ed_cta_examples_text":"","ed_cta_examples_hidden":"","ed_cta_demo_text":"","ed_cta_demo_hidden":"","why_caption":"","why_editor_title":"","why_editor_text":"","why_team_title":"","why_team_text":"","why_service_title":"","why_service_text":"","template_catalog_visible":"","template_catalog_title":"","template_catalog_text":"","template_catalog_categories_visible":"","demo_title":"Crie sua extens\u00e3o Slider Antes e Depois","demo_caption":"Configure seu controle deslizante Antes e Depois e adicione-o ao seu site OpenCart gratuitamente!","default_faq_hidden":"","app_template_category":[],"platform":"61","template_public_id":"","codecanyon_url":"","codecanyon_item_id":"","codecanyon_price":"","pricing_caption":"","pricing_elfsight_apps_hide_column":"","pricing_elfsight_apps_url":"","pricing_codecanyon_price_caption":"","integration_category":[],"integration_request_title":"","integration_request_cta":"","integration_platform":"","integrations":[],"platform_category":[],"video_schema_markup":"","price":"a partir de US$ 0\/m\u00eas","trial":"","benefits":[{"text":"Assist\u00eancia de instala\u00e7\u00e3o gratuita"},{"text":"Atendimento ao cliente competente"},{"text":"Garantia de reembolso de 14 dias"},{"text":"Futuras melhorias gratuitas"}],"button_url":"#demo","button_target_blank":"0","button_nofollow":"0","attributes":[{"name":"Instala\u00e7\u00f5es","content":"10,000 - 100,000","_state":"expanded"},{"name":"Responsivo","content":"Sim","_state":"expanded"},{"name":"Navegadores compat\u00edveis","content":"Firefox, Opera, Chrome, Safari, Edge"}],"tags":[],"tags_disable_links":"0","hide_more_platforms":"","video_object":"","demo_hide_cta":"0","demo_hide_cloud_options":"0","pricing_title":"","pricing":[{"pricing_icon":"platform","pricing_title":"Elfsight Apps","pricing_title_caption":"Solu\u00e7\u00e3o digital multiplataforma que se adapta a qualquer site","pricing_price":"a partir de US$ 0\/m\u00eas","pricing_price_caption":"comece com plano gratuito","pricing_benefits":[{"text":"Dom\u00ednios ilimitados"},{"text":"Suporte profissional da empresa"},{"text":"Suporte profissional da empresa"},{"text":"Totalmente personaliz\u00e1vel"}],"pricing_button_text":"Adicionar ao site","pricing_button_url":"#demo","_state":"expanded"}],"related_apps_title":"","related_apps_hidden":"1","author":"","image":[],"title":"","job":"","social_networks":[]},"_links":{"self":[{"href":"https:\/\/elfsight.com\/pt\/wp-json\/wp\/v2\/pages\/3776","targetHints":{"allow":["GET"]}}],"collection":[{"href":"https:\/\/elfsight.com\/pt\/wp-json\/wp\/v2\/pages"}],"about":[{"href":"https:\/\/elfsight.com\/pt\/wp-json\/wp\/v2\/types\/page"}],"author":[{"embeddable":true,"href":"https:\/\/elfsight.com\/pt\/wp-json\/wp\/v2\/users\/9"}],"replies":[{"embeddable":true,"href":"https:\/\/elfsight.com\/pt\/wp-json\/wp\/v2\/comments?post=3776"}],"version-history":[{"count":2,"href":"https:\/\/elfsight.com\/pt\/wp-json\/wp\/v2\/pages\/3776\/revisions"}],"predecessor-version":[{"id":11651,"href":"https:\/\/elfsight.com\/pt\/wp-json\/wp\/v2\/pages\/3776\/revisions\/11651"}],"up":[{"embeddable":true,"href":"https:\/\/elfsight.com\/pt\/wp-json\/wp\/v2\/pages\/1019"}],"wp:attachment":[{"href":"https:\/\/elfsight.com\/pt\/wp-json\/wp\/v2\/media?parent=3776"}],"curies":[{"name":"wp","href":"https:\/\/api.w.org\/{rel}","templated":true}]}}