{"id":3769,"date":"2024-05-03T06:28:27","date_gmt":"2024-05-03T06:28:27","guid":{"rendered":"https:\/\/elfsight.com\/pt\/?page_id=3769"},"modified":"2025-02-10T09:12:23","modified_gmt":"2025-02-10T09:12:23","slug":"wordpress","status":"publish","type":"page","link":"https:\/\/elfsight.com\/pt\/audio-player-widget\/wordpress\/","title":{"rendered":"Audio Player &#8211; WordPress"},"content":{"rendered":"\n<div class=\"application-platform-content-item-description application-platform-content-item\" id=\"description\" data-nav-section=\"description\"> <h2>Incorpore o reprodutor de \u00e1udio no WordPress com o widget Elfsight<\/h2> <p>O Elfsight Music Player \u00e9 o melhor plugin para WordPress que permite reproduzir faixas de \u00e1udio diretamente nas p\u00e1ginas do seu site. A ferramenta \u00e9 totalmente ajust\u00e1vel: voc\u00ea pode alterar seu posicionamento, coloc\u00e1-lo em qualquer lugar da p\u00e1gina, dimensionar seu tamanho, recolorir o fundo e todos os outros elementos para combin\u00e1-lo com o estilo do seu site, empregar esquema de cores escuras, revelar imagens e exibir ou ocultar 4 partes adicionais do jogador, como barra de progresso, t\u00edtulo e outras. Adicione quantas faixas quiser para encantar seu p\u00fablico, ative a reprodu\u00e7\u00e3o autom\u00e1tica e tenha certeza &#8211; seus visitantes n\u00e3o sair\u00e3o da sua p\u00e1gina inicial imediatamente!<\/p><p><b>Com o plugin Elfsight Audio, inicie um crescimento mais r\u00e1pido do neg\u00f3cio e aumentar as vendas<\/b><\/p> <div class=\"faq\" data-component=\"FAQ\"> <div class=\"faq-item\">\r\n\t\t\t\t\t<div class=\"faq-item-question\">\r\n\t\t\t\t\t\t<h3 class=\"faq-item-question-text\">H\u00e1 alguma outra ferramenta para WordPress que eu possa inserir no meu site? <\/h3>\r\n\r\n\t\t\t\t\t\t<div class=\"faq-item-question-icon\"><\/div>\r\n\t\t\t\t\t<\/div>\r\n\r\n\t\t\t\t\t<div class=\"faq-item-answer\">\r\n\t\t\t\t\t\t<div class=\"faq-item-answer-text\"> <p>Temos para oferecer uma enorme variedade de ferramentas diferentes para voc\u00ea para cumprir qualquer tipo de objetivo em seu site. Veja voc\u00ea mesmo: <a href=\"https:\/\/elfsight.com\/whatsapp-chat-widget\/wordpress\/\">WhatsApp Chat<\/a>, <a href=\"https:\/\/elfsight.com\/facebook-chat-widget\/wordpress\/\"> Bate-papo do Facebook<\/a>, <a href=\"https:\/\/elfsight.com\/google-reviews-widget\/wordpress\/\">Google Reviews<\/a>, <a href=\"https:\/\/elfsight.com\/testimonials-slider-widget\/wordpress\/\">Controle deslizante de depoimentos<\/a>, <a href=\"https:\/\/elfsight.com\/youtube-channel-plugin-yottie\/wordpress\/\">YouTube Alimenta\u00e7\u00e3o<\/a>. Escolha a sua ferramenta ou adicione todas ao seu site &#8211; a escolha \u00e9 sua! <\/p> <\/div>\r\n\t\t\t\t\t<\/div>\r\n\t\t\t\t<\/div> <div class=\"faq-item\">\r\n\t\t\t\t\t<div class=\"faq-item-question\">\r\n\t\t\t\t\t\t<h3 class=\"faq-item-question-text\">Como posso incorporar o plug-in do Music Player em meu site WordPress? <\/h3>\r\n\r\n\t\t\t\t\t\t<div class=\"faq-item-question-icon\"><\/div>\r\n\t\t\t\t\t<\/div>\r\n\r\n\t\t\t\t\t<div class=\"faq-item-answer\">\r\n\t\t\t\t\t\t<div class=\"faq-item-answer-text\"> <p>Voc\u00ea pode adicionar facilmente o plug-in do Music Player ao seu site WordPress. Basta acessar o painel de administra\u00e7\u00e3o e seguir estas etapas: <\/p><ol><li>Selecionar as configura\u00e7\u00f5es do tema. <\/li><li>Escolha a parte onde voc\u00ea deseja adicionar seu plugin do WordPress. <\/li><li>Cole o c\u00f3digo do servi\u00e7o Elfsight Apps e aplique as modifica\u00e7\u00f5es. <\/li><li>Simples assim. <\/li><\/ol><p>Al\u00e9m disso, voc\u00ea pode verificar <a href=\"https:\/\/elfsight.com\/tutorials\/how-to-embed-audio-player-on-any-website\/#how- to-add-music%20player-to-wordpress\">este guia<\/a> se houver alguma outra d\u00favida sobre o trabalho do nosso widget WordPress.<\/p><\/div>\r\n\t\t\t\t\t<\/div>\r\n\t\t\t\t<\/div> <div class=\"faq-item\">\r\n\t\t\t\t\t<div class=\"faq-item-question\">\r\n\t\t\t\t\t\t<h3 class=\"faq-item-question-text\">Posso testar seu aplicativo WordPress Music Player quando em uso? <\/h3>\r\n\r\n\t\t\t\t\t\t<div class=\"faq-item-question-icon\"><\/div>\r\n\t\t\t\t\t<\/div>\r\n\r\n\t\t\t\t\t<div class=\"faq-item-answer\">\r\n\t\t\t\t\t\t<div class=\"faq-item-answer-text\"> <p>Voc\u00ea pode n\u00e3o apenas usar, mas tamb\u00e9m adicionar o Music player ao seu site WordPress, e tudo por meio de nossa demonstra\u00e7\u00e3o ao vivo! Confira <a href=\"https:\/\/elfsight.com\/audio-player-widget\/#demo\">aqui<\/a>.<\/p><\/div>\r\n\t\t\t\t\t<\/div>\r\n\t\t\t\t<\/div> <\/div><\/div> <div class=\"application-platform-content-item-recursos application-platform-content-item\" id=\"recursos\" data-nav-section=\"recursos\"> <h2>O plugin inclui recursos \u00fateis e f\u00e1ceis, aqui est\u00e3o alguns deles:<\/h2> <ul><li>Numerosas altera\u00e7\u00f5es de cores<\/li> <li>Tema de cores claras\/escuras<\/li> <li>Design responsivo<\/li> <li>Dois layouts aplic\u00e1veis<\/li> <li>Possibilidade de usar imagem de fundo<\/li> <\/ul><p><a href=\"#demo\">Experimente esta demonstra\u00e7\u00e3o para ter uma ideia completa<\/a><\/p> <\/div> <div class=\"application-platform-content-item-installation application-platform-content-item\" id=\"installation\" data-nav-section=\"installation\"> <h2>Como adiciono o reprodutor de \u00e1udio ao meu site WordPress?<\/h2> <div><iframe width=\"720\" height=\"405\" src=\"https:\/\/www.youtube.com\/embed\/_BP9Fh7-wOg\" frameborder=\"0\" allowfullscreen=\"\"><\/iframe><\/div><p> Basta seguir algumas etapas descritas abaixo para come\u00e7ar a trabalhar com o plug-in do reprodutor de m\u00fasica.<\/p> <ol><li><b>Inicie nosso editor gratuito e comece a criar seu plug-in exclusivo. <\/b><br> Encontre o layout e aspectos preferidos do plugin e salve todas as modifica\u00e7\u00f5es. <\/li> <li><b>Adquira o seu c\u00f3digo pessoal demonstrado no formul\u00e1rio especial nas aplica\u00e7\u00f5es Elfsight. <\/b><br> Ap\u00f3s a conclus\u00e3o da configura\u00e7\u00e3o do seu plugin, copie o c\u00f3digo individual do pop-up que aparece e guarde-o para uso posterior. <\/li> <li><b>Comece a usar o plugin no site WordPress. <\/b><br> Adicione o c\u00f3digo que voc\u00ea copiou anteriormente em seu site e salve as corre\u00e7\u00f5es. <\/li> <li><b>Pronto! A incorpora\u00e7\u00e3o est\u00e1 totalmente realizada. <\/b><br> Visite seu site para ver em a\u00e7\u00e3o o funcionamento do plugin. <\/li><\/ol><p>Caso tenha d\u00favidas ou encontre algum obst\u00e1culo, n\u00e3o tenha medo de entrar em contato com nossa equipe de suporte. Nossos especialistas ter\u00e3o prazer em resolver todas as dificuldades que voc\u00ea possa ter com o produto. <\/p> <\/div><div class=\"faq\" data-component=\"FAQ\"><div class=\"faq-item\">\r\n\t\t\t\t\t<div class=\"faq-item-question\">\r\n\t\t\t\t\t\t<h3 class=\"faq-item-question-text\">As melhores maneiras de usar a integra\u00e7\u00e3o do Audio Player<\/h3>\r\n\r\n\t\t\t\t\t\t<div class=\"faq-item-question-icon\"><\/div>\r\n\t\t\t\t\t<\/div>\r\n\r\n\t\t\t\t\t<div class=\"faq-item-answer\">\r\n\t\t\t\t\t\t<div class=\"faq-item-answer-text\"><p>Oferecemos muitas op\u00e7\u00f5es de personaliza\u00e7\u00e3o: widgets completos para adicionando na se\u00e7\u00e3o de conte\u00fado plug-ins flutuantes para oportunidades de rolagem, miniaturas para o rodap\u00e9 do seu site, cabe\u00e7alho e todos os tipos de possibilidades verticais para barras laterais e menus. <\/p><\/div>\r\n\t\t\t\t\t<\/div>\r\n\t\t\t\t<\/div><div class=\"faq-item\">\r\n\t\t\t\t\t<div class=\"faq-item-question\">\r\n\t\t\t\t\t\t<h3 class=\"faq-item-question-text\">Posso criar um novo \u00e1lbum ou um reprodutor de faixa \u00fanica por meio do editor?<\/h3>\r\n\r\n\t\t\t\t\t\t<div class=\"faq-item-question-icon\"><\/div>\r\n\t\t\t\t\t<\/div>\r\n\r\n\t\t\t\t\t<div class=\"faq-item-answer\">\r\n\t\t\t\t\t\t<div class=\"faq-item-answer-text\"><p>Voc\u00ea pode criar modifica\u00e7\u00f5es em qualquer widget. H\u00e1 uma grande variedade de layouts dispon\u00edveis no editor, e todos eles podem ser facilmente customizados do jeito que voc\u00ea deseja. <\/p><\/div>\r\n\t\t\t\t\t<\/div>\r\n\t\t\t\t<\/div><\/div>\n","protected":false},"excerpt":{"rendered":"","protected":false},"author":9,"featured_media":0,"parent":1079,"menu_order":0,"comment_status":"closed","ping_status":"closed","template":"templates\/template-application-platform.php","meta":{"publish_to_discourse":"","publish_post_category":"","wpdc_auto_publish_overridden":"","wpdc_topic_tags":"","wpdc_pin_topic":"","wpdc_pin_until":"","discourse_post_id":"","discourse_permalink":"","wpdc_publishing_response":"","wpdc_publishing_error":"","footnotes":""},"class_list":["post-3769","page","type-page","status-publish","hentry"],"yoast_head":"<!-- This site is optimized with the Yoast SEO plugin v25.3.1 - https:\/\/yoast.com\/wordpress\/plugins\/seo\/ -->\n<title>Audio Player \u2013 Adicione o aplicativo Music ao site WordPress (r\u00e1pido e gratuito)<\/title>\n<meta name=\"description\" content=\"Adicione um widget de reprodutor de m\u00fasica flex\u00edvel ao seu site WordPress. Aplique nossa demonstra\u00e7\u00e3o conveniente e crie seu plugin personalizado em apenas 2 minutos.\" \/>\n<meta name=\"robots\" content=\"index, follow, max-snippet:-1, max-image-preview:large, max-video-preview:-1\" \/>\n<link rel=\"canonical\" href=\"https:\/\/elfsight.com\/pt\/audio-player-widget\/wordpress\/\" \/>\n<meta property=\"og:locale\" content=\"pt_PT\" \/>\n<meta property=\"og:type\" content=\"article\" \/>\n<meta property=\"og:title\" content=\"Audio Player \u2013 Adicione o aplicativo Music ao site WordPress (r\u00e1pido e gratuito)\" \/>\n<meta property=\"og:description\" content=\"Adicione um widget de reprodutor de m\u00fasica flex\u00edvel ao seu site WordPress. Aplique nossa demonstra\u00e7\u00e3o conveniente e crie seu plugin personalizado em apenas 2 minutos.\" \/>\n<meta property=\"og:url\" content=\"https:\/\/elfsight.com\/pt\/audio-player-widget\/wordpress\/\" \/>\n<meta property=\"og:site_name\" content=\"Elfsight PT\" \/>\n<meta property=\"article:modified_time\" content=\"2025-02-10T09:12:23+00:00\" \/>\n<meta name=\"twitter:card\" content=\"summary_large_image\" \/>\n<meta name=\"twitter:label1\" content=\"Tempo estimado de leitura\" \/>\n\t<meta name=\"twitter:data1\" content=\"4 minutos\" \/>\n<!-- \/ Yoast SEO plugin. -->","yoast_head_json":{"title":"Audio Player \u2013 Adicione o aplicativo Music ao site WordPress (r\u00e1pido e gratuito)","description":"Adicione um widget de reprodutor de m\u00fasica flex\u00edvel ao seu site WordPress. Aplique nossa demonstra\u00e7\u00e3o conveniente e crie seu plugin personalizado em apenas 2 minutos.","robots":{"index":"index","follow":"follow","max-snippet":"max-snippet:-1","max-image-preview":"max-image-preview:large","max-video-preview":"max-video-preview:-1"},"canonical":"https:\/\/elfsight.com\/pt\/audio-player-widget\/wordpress\/","og_locale":"pt_PT","og_type":"article","og_title":"Audio Player \u2013 Adicione o aplicativo Music ao site WordPress (r\u00e1pido e gratuito)","og_description":"Adicione um widget de reprodutor de m\u00fasica flex\u00edvel ao seu site WordPress. Aplique nossa demonstra\u00e7\u00e3o conveniente e crie seu plugin personalizado em apenas 2 minutos.","og_url":"https:\/\/elfsight.com\/pt\/audio-player-widget\/wordpress\/","og_site_name":"Elfsight PT","article_modified_time":"2025-02-10T09:12:23+00:00","twitter_card":"summary_large_image","twitter_misc":{"Tempo estimado de leitura":"4 minutos"},"schema":{"@context":"https:\/\/schema.org","@graph":[{"@type":"WebPage","@id":"https:\/\/elfsight.com\/pt\/audio-player-widget\/wordpress\/","url":"https:\/\/elfsight.com\/pt\/audio-player-widget\/wordpress\/","name":"Audio Player \u2013 Adicione o aplicativo Music ao site WordPress (r\u00e1pido e gratuito)","isPartOf":{"@id":"https:\/\/elfsight.com\/pt\/#website"},"datePublished":"2024-05-03T06:28:27+00:00","dateModified":"2025-02-10T09:12:23+00:00","description":"Adicione um widget de reprodutor de m\u00fasica flex\u00edvel ao seu site WordPress. Aplique nossa demonstra\u00e7\u00e3o conveniente e crie seu plugin personalizado em apenas 2 minutos.","breadcrumb":{"@id":"https:\/\/elfsight.com\/pt\/audio-player-widget\/wordpress\/#breadcrumb"},"inLanguage":"pt-PT","potentialAction":[{"@type":"ReadAction","target":["https:\/\/elfsight.com\/pt\/audio-player-widget\/wordpress\/"]}]},{"@type":"BreadcrumbList","@id":"https:\/\/elfsight.com\/pt\/audio-player-widget\/wordpress\/#breadcrumb","itemListElement":[{"@type":"ListItem","position":1,"name":"Home","item":"https:\/\/elfsight.com\/pt\/"},{"@type":"ListItem","position":2,"name":"Audio Player","item":"https:\/\/elfsight.com\/pt\/audio-player-widget\/"},{"@type":"ListItem","position":3,"name":"Audio Player &#8211; WordPress"}]},{"@type":"WebSite","@id":"https:\/\/elfsight.com\/pt\/#website","url":"https:\/\/elfsight.com\/pt\/","name":"Elfsight PT","description":"Just another Elfsight Sites site","potentialAction":[{"@type":"SearchAction","target":{"@type":"EntryPoint","urlTemplate":"https:\/\/elfsight.com\/pt\/?s={search_term_string}"},"query-input":{"@type":"PropertyValueSpecification","valueRequired":true,"valueName":"search_term_string"}}],"inLanguage":"pt-PT"}]}},"meta_box":{"industry":"","seo_heading":"","heading":"","description":"","cta_heading":"","cta_description":"","application":"1078","h1":"Plug-in do reprodutor de \u00e1udio WordPress","h1_caption":"Implemente um recurso divertido em seu site e obtenha mais clientes satisfeitos com um clique","application_category":[],"applications_title":"","applications_request_title":"","applications_request_button_text":"","hero_text":"","hero_video":"","hero_video_schema_markup":"","selling_points_title":"","selling_points_caption":"","selling_points":[],"selling_points_cta_text":"","features_title":"","features":"","ed_cta_examples_text":"","ed_cta_examples_hidden":"","ed_cta_demo_text":"","ed_cta_demo_hidden":"","why_caption":"","why_editor_title":"","why_editor_text":"","why_team_title":"","why_team_text":"","why_service_title":"","why_service_text":"","template_catalog_visible":"0","template_catalog_title":"","template_catalog_text":"","template_catalog_categories_visible":"","demo_title":"Crie seu plugin do reprodutor de \u00e1udio","demo_caption":"Configure seu reprodutor de \u00e1udio e adicione-o ao seu site WordPress gratuitamente!","default_faq_hidden":"","app_template_category":[],"platform":"34","template_public_id":"","codecanyon_url":"","codecanyon_item_id":"","codecanyon_price":"","pricing_caption":"","pricing_elfsight_apps_hide_column":"","pricing_elfsight_apps_url":"","pricing_codecanyon_price_caption":"","integration_category":[],"integration_request_title":"","integration_request_cta":"","integration_platform":"","integrations":[],"platform_category":[],"video_schema_markup":"","price":"a partir de US$ 0\/m\u00eas","trial":"","benefits":[{"text":"Servi\u00e7o de instala\u00e7\u00e3o gratuito"},{"text":"Suporte excepcional"},{"text":"Garantia de devolu\u00e7\u00e3o do dinheiro em 14 dias"},{"text":"Desenvolvimento cont\u00ednuo"}],"button_url":"#demo","button_target_blank":"0","button_nofollow":"0","attributes":[{"name":"Instala\u00e7\u00f5es","content":"100,000 - 500,000","_state":"expanded"},{"name":"Responsivo","content":"Sim","_state":"expanded"},{"name":"Navegadores compat\u00edveis","content":"Firefox, Safari, Opera, Chrome, Edge"}],"tags":[],"tags_disable_links":"0","hide_more_platforms":"0","video_object":"","demo_hide_cta":"0","demo_hide_cloud_options":"0","pricing_title":"","pricing":[{"pricing_icon":"platform","pricing_title":"Elfsight Apps","pricing_title_caption":"Software multiplataforma","pricing_price":"a partir de US$ 0\/m\u00eas","pricing_price_caption":"comece com plano gratuito","pricing_benefits":[{"text":"Dom\u00ednios ilimitados"},{"text":"Suporte 24 horas por dia, 7 dias por semana e pontual"},{"text":"Suporte 24 horas por dia, 7 dias por semana e pontual"},{"text":"Oferta especial para v\u00e1rios aplicativos"}],"pricing_button_text":"Adicionar ao site","pricing_button_url":"#demo","_state":"expanded"}],"related_apps_title":"","related_apps_hidden":"1","author":"","image":[],"title":"","job":"","social_networks":[]},"_links":{"self":[{"href":"https:\/\/elfsight.com\/pt\/wp-json\/wp\/v2\/pages\/3769","targetHints":{"allow":["GET"]}}],"collection":[{"href":"https:\/\/elfsight.com\/pt\/wp-json\/wp\/v2\/pages"}],"about":[{"href":"https:\/\/elfsight.com\/pt\/wp-json\/wp\/v2\/types\/page"}],"author":[{"embeddable":true,"href":"https:\/\/elfsight.com\/pt\/wp-json\/wp\/v2\/users\/9"}],"replies":[{"embeddable":true,"href":"https:\/\/elfsight.com\/pt\/wp-json\/wp\/v2\/comments?post=3769"}],"version-history":[{"count":3,"href":"https:\/\/elfsight.com\/pt\/wp-json\/wp\/v2\/pages\/3769\/revisions"}],"predecessor-version":[{"id":13816,"href":"https:\/\/elfsight.com\/pt\/wp-json\/wp\/v2\/pages\/3769\/revisions\/13816"}],"up":[{"embeddable":true,"href":"https:\/\/elfsight.com\/pt\/wp-json\/wp\/v2\/pages\/1079"}],"wp:attachment":[{"href":"https:\/\/elfsight.com\/pt\/wp-json\/wp\/v2\/media?parent=3769"}],"curies":[{"name":"wp","href":"https:\/\/api.w.org\/{rel}","templated":true}]}}