{"id":3765,"date":"2024-05-03T06:33:04","date_gmt":"2024-05-03T06:33:04","guid":{"rendered":"https:\/\/elfsight.com\/pt\/?page_id=3765"},"modified":"2026-01-14T13:26:51","modified_gmt":"2026-01-14T13:26:51","slug":"wordpress","status":"publish","type":"page","link":"https:\/\/elfsight.com\/pt\/contact-form-widget\/wordpress\/","title":{"rendered":"Contact Form &#8211; WordPress"},"content":{"rendered":"\n<div class=\"application-platform-content-item-description application-platform-content-item\" id=\"description\" data-nav-section=\"description\">\n<h2>Formul\u00e1rio de contato para WordPress<\/h2>\n<p>O plugin de formul\u00e1rio de contato responsivo para WordPress \u00e9 uma ferramenta projetada para ajud\u00e1-lo a coletar impress\u00f5es e solicita\u00e7\u00f5es de clientes em seu site. Exiba os campos necess\u00e1rios para preenchimento, escolha o template adequado e personalize a interface do seu plugin de formul\u00e1rio de contato WordPress para incentivar seus usu\u00e1rios a fazer perguntas sobre os servi\u00e7os da sua empresa. O widget Formul\u00e1rio foi criado para atender a todas as suas necessidades de coletar feedback e manter contato com seus clientes.<\/p>\n<p><b>Receba feedback, pedidos e responda \u00e0s perguntas dos visitantes do seu site!<\/b><\/p>\n<ul>\n    <li><b>Progresso na gera\u00e7\u00e3o de leads<\/b>.<br>Mantenha contato com seus futuros clientes, inspirando-os a entrar em contato com voc\u00ea a qualquer momento atrav\u00e9s do widget de formul\u00e1rio de contato do WordPress. Menos campos levam a uma maior convers\u00e3o.<\/li>\n    <li><b>Evite spam<\/b>.<br>Tenha apenas comunica\u00e7\u00f5es leg\u00edtimas com a ajuda da ferramenta Google reCAPTCHA, que protege contra spam e bots.<\/li>\n    <li><b>Receba feedback com facilidade<\/b>.<br>Crie um formul\u00e1rio de contato vis\u00edvel no WordPress ou Elementor, para que ele possa ser facilmente encontrado nas p\u00e1ginas do seu site, incentivando seus usu\u00e1rios a fornecer feedback quando quiserem.<\/li>\n<\/ul>\n<\/div>\n\n<div class=\"application-platform-content-item-features application-platform-content-item\" id=\"features\" data-nav-section=\"features\">\n<h2>Recursos do plugin de formul\u00e1rio de contato<\/h2>\n<p>O que torna nosso formul\u00e1rio de contato o melhor plugin para coletar feedback e solicita\u00e7\u00f5es em sites WordPress? Confira seus principais recursos:<\/p>\n<ul>\n    <li>Defina seus pr\u00f3prios r\u00f3tulos de campo;<\/li>\n    <li>Adicione uma imagem, logotipo ou foto ao seu formul\u00e1rio;<\/li>\n    <li>Layout inline com ajuste autom\u00e1tico dos campos \u00e0 largura do formul\u00e1rio;<\/li>\n    <li>Google reCAPTCHA para proteger seu formul\u00e1rio contra spam e bots;<\/li>\n    <li>Design simples que se adapta a 99% dos sites prontos para uso.<\/li>\n<\/ul>\n<p><a href=\"#demo\">Verifique todos os recursos em nosso configurador<\/a><\/p>\n<\/div>\n\n<div class=\"application-platform-content-item-installation application-platform-content-item\" id=\"installation\" data-nav-section=\"installation\">\n<h2>Como adicionar formul\u00e1rio de contato ao site WordPress<\/h2>\n<div class=\"video-container\">\n<iframe width=\"720\" height=\"405\" src=\"https:\/\/www.youtube.com\/embed\/x8OtxMvGjMc?si=1s3BJaBoY2AwAr-0\" frameborder=\"0\" allowfullscreen=\"\"><\/iframe>\n<\/div>\n<p>Siga as instru\u00e7\u00f5es abaixo para inserir o plugin no WordPress.<\/p>\n<ol>\n    <li><b>Abra nossa demonstra\u00e7\u00e3o gratuita e comece a criar seu plugin de formul\u00e1rio de contato personalizado.<\/b><br> Encontre a interface e os par\u00e2metros preferidos do widget e salve as edi\u00e7\u00f5es.<\/li>\n    <li><b>Receba o c\u00f3digo exclusivo exibido no formul\u00e1rio nas aplica\u00e7\u00f5es Elfsight.<\/b><br> Quando a cria\u00e7\u00e3o do seu formul\u00e1rio de contato estiver conclu\u00edda, copie o c\u00f3digo pessoal e guarde-o para uso futuro.<\/li>\n    <li><b>Inicie o uso do plugin em seu site WordPress.<\/b><br> Insira o c\u00f3digo copiado recentemente na p\u00e1gina do seu site e salve as altera\u00e7\u00f5es.<\/li>\n    <li><b>Conclu\u00eddo! A configura\u00e7\u00e3o est\u00e1 totalmente finalizada.<\/b><br> Acesse seu site para ver como o widget est\u00e1 funcionando.<\/li>\n<\/ol>\n<p>Est\u00e1 tendo problemas ao seguir o manual ou configurar o formul\u00e1rio? Consulte o tutorial completo \u00ab<a href=\"https:\/\/elfsight.com\/tutorials\/how-to-add-contact-form-plugin-to-wordpress\/\" target=\"_blank\" rel=\"noopener noreferrer\">Como adicionar o Formul\u00e1rio de Contato a um site WordPress<\/a>\u00bb ou entre em contato com a equipe de suporte da Elfsight, explicando detalhadamente o problema. Nossa equipe far\u00e1 o poss\u00edvel para ajud\u00e1-lo.<\/p>\n<\/div>\n\n<div class=\"faq\" data-component=\"FAQ\">\n<div class=\"faq-item\">\r\n\t\t\t\t\t<div class=\"faq-item-question\">\r\n\t\t\t\t\t\t<h3 class=\"faq-item-question-text\">Como adicionar um formul\u00e1rio de contato ao meu site WordPress sem conhecimento de programa\u00e7\u00e3o?<\/h3>\r\n\r\n\t\t\t\t\t\t<div class=\"faq-item-question-icon\"><\/div>\r\n\t\t\t\t\t<\/div>\r\n\r\n\t\t\t\t\t<div class=\"faq-item-answer\">\r\n\t\t\t\t\t\t<div class=\"faq-item-answer-text\">\n<p>A Elfsight oferece uma solu\u00e7\u00e3o SaaS que permite criar um widget de formul\u00e1rio de contato facilmente. Veja como o processo \u00e9 simples: trabalhe diretamente no editor online para criar o formul\u00e1rio que deseja ver em seu site WordPress. Escolha um dos modelos predefinidos, ajuste as configura\u00e7\u00f5es, adicione seu conte\u00fado e modifique o layout e as cores, tudo sem precisar de conhecimento de programa\u00e7\u00e3o. Salve o formul\u00e1rio e copie o c\u00f3digo de instala\u00e7\u00e3o para adicion\u00e1-lo facilmente ao seu site WordPress, sem necessidade de uma vers\u00e3o paga. Caso encontre algum problema, entre em contato com nossa equipe de suporte t\u00e9cnico.<\/p>\n<\/div>\r\n\t\t\t\t\t<\/div>\r\n\t\t\t\t<\/div>\n\n<div class=\"faq-item\">\r\n\t\t\t\t\t<div class=\"faq-item-question\">\r\n\t\t\t\t\t\t<h3 class=\"faq-item-question-text\">Existe algum modelo de formul\u00e1rio de contato para o site WordPress?<\/h3>\r\n\r\n\t\t\t\t\t\t<div class=\"faq-item-question-icon\"><\/div>\r\n\t\t\t\t\t<\/div>\r\n\r\n\t\t\t\t\t<div class=\"faq-item-answer\">\r\n\t\t\t\t\t\t<div class=\"faq-item-answer-text\">\n<p>Sim! A equipe da Elfsight criou uma vasta cole\u00e7\u00e3o de mais de 300 modelos prontos para uso. Explore os <a href=\"https:\/\/elfsight.com\/online-form-builder\/templates\/contact-forms\/\">modelos de formul\u00e1rio de contato<\/a> e encontre o que melhor se adapta \u00e0s suas necessidades.<\/p>\n<\/div>\r\n\t\t\t\t\t<\/div>\r\n\t\t\t\t<\/div>\n<\/div>\n\n","protected":false},"excerpt":{"rendered":"","protected":false},"author":9,"featured_media":0,"parent":715,"menu_order":0,"comment_status":"closed","ping_status":"closed","template":"templates\/template-application-platform.php","meta":{"publish_to_discourse":"","publish_post_category":"","wpdc_auto_publish_overridden":"","wpdc_topic_tags":"","wpdc_pin_topic":"","wpdc_pin_until":"","discourse_post_id":"","discourse_permalink":"","wpdc_publishing_response":"","wpdc_publishing_error":"","footnotes":""},"class_list":["post-3765","page","type-page","status-publish","hentry"],"yoast_head":"<!-- This site is optimized with the Yoast SEO plugin v25.3.1 - https:\/\/yoast.com\/wordpress\/plugins\/seo\/ -->\n<title>Crie e adicione formul\u00e1rio de contato no WordPress gratuitamente!<\/title>\n<meta name=\"description\" content=\"Crie seu melhor plugin de Formul\u00e1rio de Contato para WordPress e exiba em seu site. Demonstra\u00e7\u00e3o gratuita, ajuda com configura\u00e7\u00e3o e muito mais b\u00f4nus da Elfsight!\" \/>\n<meta name=\"robots\" content=\"index, follow, max-snippet:-1, max-image-preview:large, max-video-preview:-1\" \/>\n<link rel=\"canonical\" href=\"https:\/\/elfsight.com\/pt\/contact-form-widget\/wordpress\/\" \/>\n<meta property=\"og:locale\" content=\"pt_PT\" \/>\n<meta property=\"og:type\" content=\"article\" \/>\n<meta property=\"og:title\" content=\"Crie e adicione formul\u00e1rio de contato no WordPress gratuitamente!\" \/>\n<meta property=\"og:description\" content=\"Crie seu melhor plugin de Formul\u00e1rio de Contato para WordPress e exiba em seu site. Demonstra\u00e7\u00e3o gratuita, ajuda com configura\u00e7\u00e3o e muito mais b\u00f4nus da Elfsight!\" \/>\n<meta property=\"og:url\" content=\"https:\/\/elfsight.com\/pt\/contact-form-widget\/wordpress\/\" \/>\n<meta property=\"og:site_name\" content=\"Elfsight PT\" \/>\n<meta property=\"article:modified_time\" content=\"2026-01-14T13:26:51+00:00\" \/>\n<meta name=\"twitter:card\" content=\"summary_large_image\" \/>\n<meta name=\"twitter:label1\" content=\"Tempo estimado de leitura\" \/>\n\t<meta name=\"twitter:data1\" content=\"4 minutos\" \/>\n<!-- \/ Yoast SEO plugin. -->","yoast_head_json":{"title":"Crie e adicione formul\u00e1rio de contato no WordPress gratuitamente!","description":"Crie seu melhor plugin de Formul\u00e1rio de Contato para WordPress e exiba em seu site. Demonstra\u00e7\u00e3o gratuita, ajuda com configura\u00e7\u00e3o e muito mais b\u00f4nus da Elfsight!","robots":{"index":"index","follow":"follow","max-snippet":"max-snippet:-1","max-image-preview":"max-image-preview:large","max-video-preview":"max-video-preview:-1"},"canonical":"https:\/\/elfsight.com\/pt\/contact-form-widget\/wordpress\/","og_locale":"pt_PT","og_type":"article","og_title":"Crie e adicione formul\u00e1rio de contato no WordPress gratuitamente!","og_description":"Crie seu melhor plugin de Formul\u00e1rio de Contato para WordPress e exiba em seu site. Demonstra\u00e7\u00e3o gratuita, ajuda com configura\u00e7\u00e3o e muito mais b\u00f4nus da Elfsight!","og_url":"https:\/\/elfsight.com\/pt\/contact-form-widget\/wordpress\/","og_site_name":"Elfsight PT","article_modified_time":"2026-01-14T13:26:51+00:00","twitter_card":"summary_large_image","twitter_misc":{"Tempo estimado de leitura":"4 minutos"},"schema":{"@context":"https:\/\/schema.org","@graph":[{"@type":"WebPage","@id":"https:\/\/elfsight.com\/pt\/contact-form-widget\/wordpress\/","url":"https:\/\/elfsight.com\/pt\/contact-form-widget\/wordpress\/","name":"Crie e adicione formul\u00e1rio de contato no WordPress gratuitamente!","isPartOf":{"@id":"https:\/\/elfsight.com\/pt\/#website"},"datePublished":"2024-05-03T06:33:04+00:00","dateModified":"2026-01-14T13:26:51+00:00","description":"Crie seu melhor plugin de Formul\u00e1rio de Contato para WordPress e exiba em seu site. Demonstra\u00e7\u00e3o gratuita, ajuda com configura\u00e7\u00e3o e muito mais b\u00f4nus da Elfsight!","breadcrumb":{"@id":"https:\/\/elfsight.com\/pt\/contact-form-widget\/wordpress\/#breadcrumb"},"inLanguage":"pt-PT","potentialAction":[{"@type":"ReadAction","target":["https:\/\/elfsight.com\/pt\/contact-form-widget\/wordpress\/"]}]},{"@type":"BreadcrumbList","@id":"https:\/\/elfsight.com\/pt\/contact-form-widget\/wordpress\/#breadcrumb","itemListElement":[{"@type":"ListItem","position":1,"name":"Home","item":"https:\/\/elfsight.com\/pt\/"},{"@type":"ListItem","position":2,"name":"Contact Form","item":"https:\/\/elfsight.com\/pt\/contact-form-widget\/"},{"@type":"ListItem","position":3,"name":"Contact Form &#8211; WordPress"}]},{"@type":"WebSite","@id":"https:\/\/elfsight.com\/pt\/#website","url":"https:\/\/elfsight.com\/pt\/","name":"Elfsight PT","description":"Just another Elfsight Sites site","potentialAction":[{"@type":"SearchAction","target":{"@type":"EntryPoint","urlTemplate":"https:\/\/elfsight.com\/pt\/?s={search_term_string}"},"query-input":{"@type":"PropertyValueSpecification","valueRequired":true,"valueName":"search_term_string"}}],"inLanguage":"pt-PT"}]}},"meta_box":{"industry":"","seo_heading":"","heading":"","description":"","cta_heading":"","cta_description":"","application":"714","h1":"Plug-in de formul\u00e1rio de contato do WordPress","h1_caption":"A maneira mais r\u00e1pida de organizar contatos com clientes de sites","application_category":[],"applications_title":"","applications_request_title":"","applications_request_button_text":"","hero_text":"","hero_video":"","hero_video_schema_markup":"","selling_points_title":"","selling_points_caption":"","selling_points":[],"selling_points_cta_text":"","features_title":"","features":"","ed_cta_examples_text":"","ed_cta_examples_hidden":"","ed_cta_demo_text":"","ed_cta_demo_hidden":"","why_caption":"","why_editor_title":"","why_editor_text":"","why_team_title":"","why_team_text":"","why_service_title":"","why_service_text":"","template_catalog_visible":"0","template_catalog_title":"","template_catalog_text":"","template_catalog_categories_visible":"","demo_title":"Crie seu plugin de formul\u00e1rio de contato","demo_caption":"Configure seu Formul\u00e1rio de Contato e adicione-o ao seu site WordPress gratuitamente!","default_faq_hidden":"","app_template_category":[],"platform":"34","template_public_id":"","codecanyon_url":"","codecanyon_item_id":"","codecanyon_price":"","pricing_caption":"","pricing_elfsight_apps_hide_column":"","pricing_elfsight_apps_url":"","pricing_codecanyon_price_caption":"","integration_category":[],"integration_request_title":"","integration_request_cta":"","integration_platform":"","integrations":[],"platform_category":[],"video_schema_markup":"","price":"a partir de US$ 0\/m\u00eas","trial":"","benefits":[{"text":"Assist\u00eancia de instala\u00e7\u00e3o gratuita"},{"text":"Atendimento ao cliente eficaz"},{"text":"Garantia de reembolso de 14 dias"},{"text":"Desenvolvimento cont\u00ednuo"}],"button_url":"#demo","button_target_blank":"0","button_nofollow":"0","attributes":[{"name":"Instala\u00e7\u00f5es","content":"100,000 - 500,000","_state":"expanded"},{"name":"Responsivo","content":"Sim","_state":"expanded"},{"name":"Navegadores compat\u00edveis","content":"Firefox, Safari, Opera, Chrome, Edge"}],"tags":[],"tags_disable_links":"0","hide_more_platforms":"0","video_object":"","demo_hide_cta":"0","demo_hide_cloud_options":"0","pricing_title":"","pricing":[{"pricing_icon":"cloud","pricing_title":"Elfsight Apps","pricing_title_caption":"Software multiplataforma","pricing_price":"a partir de US$ 0\/m\u00eas","pricing_price_caption":"comece com um plano gratuito","pricing_benefits":[{"text":"Sites ilimitados"},{"text":"Suporte 24 horas por dia, 7 dias por semana"},{"text":"Suporte 24 horas por dia, 7 dias por semana"},{"text":"Pre\u00e7o especial para v\u00e1rios aplicativos"}],"pricing_button_text":"Adicionar ao site","pricing_button_url":"#demo","_state":"expanded"}],"related_apps_title":"","related_apps_hidden":"1","author":"","image":[],"title":"","job":"","social_networks":[]},"_links":{"self":[{"href":"https:\/\/elfsight.com\/pt\/wp-json\/wp\/v2\/pages\/3765","targetHints":{"allow":["GET"]}}],"collection":[{"href":"https:\/\/elfsight.com\/pt\/wp-json\/wp\/v2\/pages"}],"about":[{"href":"https:\/\/elfsight.com\/pt\/wp-json\/wp\/v2\/types\/page"}],"author":[{"embeddable":true,"href":"https:\/\/elfsight.com\/pt\/wp-json\/wp\/v2\/users\/9"}],"replies":[{"embeddable":true,"href":"https:\/\/elfsight.com\/pt\/wp-json\/wp\/v2\/comments?post=3765"}],"version-history":[{"count":4,"href":"https:\/\/elfsight.com\/pt\/wp-json\/wp\/v2\/pages\/3765\/revisions"}],"predecessor-version":[{"id":15204,"href":"https:\/\/elfsight.com\/pt\/wp-json\/wp\/v2\/pages\/3765\/revisions\/15204"}],"up":[{"embeddable":true,"href":"https:\/\/elfsight.com\/pt\/wp-json\/wp\/v2\/pages\/715"}],"wp:attachment":[{"href":"https:\/\/elfsight.com\/pt\/wp-json\/wp\/v2\/media?parent=3765"}],"curies":[{"name":"wp","href":"https:\/\/api.w.org\/{rel}","templated":true}]}}