{"id":3764,"date":"2024-05-03T06:33:14","date_gmt":"2024-05-03T06:33:14","guid":{"rendered":"https:\/\/elfsight.com\/pt\/?page_id=3764"},"modified":"2024-11-13T12:03:02","modified_gmt":"2024-11-13T12:03:02","slug":"wordpress","status":"publish","type":"page","link":"https:\/\/elfsight.com\/pt\/cookie-consent-widget\/wordpress\/","title":{"rendered":"Cookie Consent &#8211; WordPress"},"content":{"rendered":"<div class=\"application-platform-content-item-description application-platform-content-item\" id=\"description\" data-nav-section=\"description\"><h2>Incorpore consentimento de cookies no WordPress com o widget Elfsight<\/h2><p>Com o plugin Elfsight Cookie, tornou-se extremamente descomplicado notificar seus usu\u00e1rios que o seu site aplica cookies, atrav\u00e9s de uma bela janela pop-up. O widget permite que voc\u00ea escreva sua mensagem, adicione um link para os termos e condi\u00e7\u00f5es de uso do seu site e adicione bot\u00f5es ativos para obter o consentimento dos usu\u00e1rios. Voc\u00ea pode optar por demonstrar a notifica\u00e7\u00e3o como uma barra ou caixa responsiva e indicar sua localiza\u00e7\u00e3o para ela. Al\u00e9m disso, as op\u00e7\u00f5es de cores ajudam a tornar o widget consistente e combinar com o estilo geral do site.<\/p> <div class=\"faq\" data-component=\"FAQ\"><div class=\"faq-item\">\r\n\t\t\t\t\t<div class=\"faq-item-question\">\r\n\t\t\t\t\t\t<h3 class=\"faq-item-question-text\">Como posso incorporar um consentimento de cookie ao WordPress site?<\/h3>\r\n\r\n\t\t\t\t\t\t<div class=\"faq-item-question-icon\"><\/div>\r\n\t\t\t\t\t<\/div>\r\n\r\n\t\t\t\t\t<div class=\"faq-item-answer\">\r\n\t\t\t\t\t\t<div class=\"faq-item-answer-text\"><p>A constru\u00e7\u00e3o do widget ocorre dentro do servi\u00e7o Elfsight e voc\u00ea n\u00e3o precisa de c\u00f3digo. Utilize nossa demonstra\u00e7\u00e3o online para personalizar seu pr\u00f3prio aplicativo, obter o c\u00f3digo e col\u00e1-lo em seu site. <\/p><\/div>\r\n\t\t\t\t\t<\/div>\r\n\t\t\t\t<\/div><div class=\"faq-item\">\r\n\t\t\t\t\t<div class=\"faq-item-question\">\r\n\t\t\t\t\t\t<h3 class=\"faq-item-question-text\">As melhores maneiras de usar a integra\u00e7\u00e3o de aviso de consentimento de cookies<\/h3>\r\n\r\n\t\t\t\t\t\t<div class=\"faq-item-question-icon\"><\/div>\r\n\t\t\t\t\t<\/div>\r\n\r\n\t\t\t\t\t<div class=\"faq-item-answer\">\r\n\t\t\t\t\t\t<div class=\"faq-item-answer-text\"><p>Forneceremos muitas possibilidades de personaliza\u00e7\u00e3o: widgets completos para inserir no zona de conte\u00fado, widgets flutuantes com op\u00e7\u00f5es de rolagem, layouts de rodap\u00e9, cabe\u00e7alho e todos os tipos de oportunidades verticais para barras laterais e menus. <\/p><\/div>\r\n\t\t\t\t\t<\/div>\r\n\t\t\t\t<\/div><div class=\"faq-item\">\r\n\t\t\t\t\t<div class=\"faq-item-question\">\r\n\t\t\t\t\t\t<h3 class=\"faq-item-question-text\">Posso construir uma caixa flutuante ou consentimento de cookie inferior atrav\u00e9s da ag\u00eancia do seu editor?<\/h3>\r\n\r\n\t\t\t\t\t\t<div class=\"faq-item-question-icon\"><\/div>\r\n\t\t\t\t\t<\/div>\r\n\r\n\t\t\t\t\t<div class=\"faq-item-answer\">\r\n\t\t\t\t\t\t<div class=\"faq-item-answer-text\"><p>Voc\u00ea pode construir altera\u00e7\u00f5es de qualquer widget. Existem v\u00e1rios layouts \u00e0 sua disposi\u00e7\u00e3o no editor, e todos eles podem ser ajustados rapidamente conforme sua necessidade. <\/p><\/div>\r\n\t\t\t\t\t<\/div>\r\n\t\t\t\t<\/div><\/div><\/div><div class=\"application-platform-content-item-features application-platform-content-item\" id=\"features\" data-nav-section=\"features\"><h2>Principais recursos do widget Consentimento de cookies<\/h2><p>Para ter um conhecimento mais claro sobre o consentimento de cookies, examine a lista de seus principais recursos. Eles tornam nosso widget o mais eficiente poss\u00edvel para o seu site:<\/p><ul><li>Crie apenas notifica\u00e7\u00e3o ou solicita\u00e7\u00e3o de aprova\u00e7\u00e3o; <\/li> <li>A op\u00e7\u00e3o de escrever uma mensagem de an\u00fancio personalizada com recursos de formata\u00e7\u00e3o e links; <\/li> <li>Revelar ou ocultar um link ativo para os termos e condi\u00e7\u00f5es de cookies com texto de link personalizado; <\/li> <li>A op\u00e7\u00e3o de selecionar a variante de layout de barra ou caixa do widget; <\/li> <li>Selecione a cor dos bot\u00f5es e do link. <\/li> <\/ul><p><a href=\"#demo\">Para ver todos os recursos, consulte nossa demonstra\u00e7\u00e3o<\/a><\/p><\/div><div class=\"application-platform-content-item-installation application-platform-content-item\" id=\"installation\" data-nav-section=\"installation\"><h2>Veja como adicionar o consentimento de cookies ao seu WordPress<\/h2><div class=\"video-container\"><iframe width=\"720\" height=\"405\" src=\"https:\/\/www.youtube.com\/embed\/hO_iY0D1eV8\" frameborder=\"0\" allowfullscreen=\"\"><\/iframe><\/div><p>Basta seguir as instru\u00e7\u00f5es abaixo para integrar o widget no WordPress.<\/p> <ol><li><b> Inicie nosso editor gratuito e comece a construir seu instrumento personalizado. <\/b><br> Determine a apar\u00eancia e os aspectos preferidos do widget e aplique as corre\u00e7\u00f5es. <\/li> <li><b>Copie o seu c\u00f3digo pessoal que \u00e9 mostrado na janela dos aplicativos Elfsight. <\/b><br> Ap\u00f3s a conclus\u00e3o da cria\u00e7\u00e3o do seu widget pessoal de consentimento de cookies, copie o c\u00f3digo exclusivo no pop-up exibido e salve-o para uso posterior. <\/li> <li><b>Inicie o uso da ferramenta em seu site WordPress. <\/b><br> Adicione o c\u00f3digo salvo anteriormente em seu site e aplique os ajustes. <\/li> <li><b>Conclu\u00eddo! A configura\u00e7\u00e3o foi realizada com sucesso. <\/b><br> Acesse seu site para examinar como a ferramenta est\u00e1 funcionando. <\/li><\/ol> <p>Ainda tem alguma d\u00favida? Ou tem d\u00favidas? Basta escrever uma solicita\u00e7\u00e3o para nossa equipe de suporte. Estamos sempre aqui para ajudar com qualquer problema. <\/p><\/div>","protected":false},"excerpt":{"rendered":"","protected":false},"author":9,"featured_media":0,"parent":618,"menu_order":0,"comment_status":"closed","ping_status":"closed","template":"templates\/template-application-platform.php","meta":{"publish_to_discourse":"","publish_post_category":"","wpdc_auto_publish_overridden":"","wpdc_topic_tags":"","wpdc_pin_topic":"","wpdc_pin_until":"","discourse_post_id":"","discourse_permalink":"","wpdc_publishing_response":"","wpdc_publishing_error":"","footnotes":""},"class_list":["post-3764","page","type-page","status-publish","hentry"],"yoast_head":"<!-- This site is optimized with the Yoast SEO plugin v25.3.1 - https:\/\/yoast.com\/wordpress\/plugins\/seo\/ -->\n<title>Adicione o plugin Cookie Consent ao site WordPress (gratuito e r\u00e1pido)<\/title>\n<meta name=\"description\" content=\"Com a Elfsight, crie o seu plugin Cookie Consent e adicione-o ao site WordPress. Temos atendimento gratuito ao cliente e mais b\u00f4nus.\" \/>\n<meta name=\"robots\" content=\"index, follow, max-snippet:-1, max-image-preview:large, max-video-preview:-1\" \/>\n<link rel=\"canonical\" href=\"https:\/\/elfsight.com\/pt\/cookie-consent-widget\/wordpress\/\" \/>\n<meta property=\"og:locale\" content=\"pt_PT\" \/>\n<meta property=\"og:type\" content=\"article\" \/>\n<meta property=\"og:title\" content=\"Adicione o plugin Cookie Consent ao site WordPress (gratuito e r\u00e1pido)\" \/>\n<meta property=\"og:description\" content=\"Com a Elfsight, crie o seu plugin Cookie Consent e adicione-o ao site WordPress. Temos atendimento gratuito ao cliente e mais b\u00f4nus.\" \/>\n<meta property=\"og:url\" content=\"https:\/\/elfsight.com\/pt\/cookie-consent-widget\/wordpress\/\" \/>\n<meta property=\"og:site_name\" content=\"Elfsight PT\" \/>\n<meta property=\"article:modified_time\" content=\"2024-11-13T12:03:02+00:00\" \/>\n<meta name=\"twitter:card\" content=\"summary_large_image\" \/>\n<meta name=\"twitter:label1\" content=\"Tempo estimado de leitura\" \/>\n\t<meta name=\"twitter:data1\" content=\"2 minutos\" \/>\n<!-- \/ Yoast SEO plugin. -->","yoast_head_json":{"title":"Adicione o plugin Cookie Consent ao site WordPress (gratuito e r\u00e1pido)","description":"Com a Elfsight, crie o seu plugin Cookie Consent e adicione-o ao site WordPress. Temos atendimento gratuito ao cliente e mais b\u00f4nus.","robots":{"index":"index","follow":"follow","max-snippet":"max-snippet:-1","max-image-preview":"max-image-preview:large","max-video-preview":"max-video-preview:-1"},"canonical":"https:\/\/elfsight.com\/pt\/cookie-consent-widget\/wordpress\/","og_locale":"pt_PT","og_type":"article","og_title":"Adicione o plugin Cookie Consent ao site WordPress (gratuito e r\u00e1pido)","og_description":"Com a Elfsight, crie o seu plugin Cookie Consent e adicione-o ao site WordPress. Temos atendimento gratuito ao cliente e mais b\u00f4nus.","og_url":"https:\/\/elfsight.com\/pt\/cookie-consent-widget\/wordpress\/","og_site_name":"Elfsight PT","article_modified_time":"2024-11-13T12:03:02+00:00","twitter_card":"summary_large_image","twitter_misc":{"Tempo estimado de leitura":"2 minutos"},"schema":{"@context":"https:\/\/schema.org","@graph":[{"@type":"WebPage","@id":"https:\/\/elfsight.com\/pt\/cookie-consent-widget\/wordpress\/","url":"https:\/\/elfsight.com\/pt\/cookie-consent-widget\/wordpress\/","name":"Adicione o plugin Cookie Consent ao site WordPress (gratuito e r\u00e1pido)","isPartOf":{"@id":"https:\/\/elfsight.com\/pt\/#website"},"datePublished":"2024-05-03T06:33:14+00:00","dateModified":"2024-11-13T12:03:02+00:00","description":"Com a Elfsight, crie o seu plugin Cookie Consent e adicione-o ao site WordPress. Temos atendimento gratuito ao cliente e mais b\u00f4nus.","breadcrumb":{"@id":"https:\/\/elfsight.com\/pt\/cookie-consent-widget\/wordpress\/#breadcrumb"},"inLanguage":"pt-PT","potentialAction":[{"@type":"ReadAction","target":["https:\/\/elfsight.com\/pt\/cookie-consent-widget\/wordpress\/"]}]},{"@type":"BreadcrumbList","@id":"https:\/\/elfsight.com\/pt\/cookie-consent-widget\/wordpress\/#breadcrumb","itemListElement":[{"@type":"ListItem","position":1,"name":"Home","item":"https:\/\/elfsight.com\/pt\/"},{"@type":"ListItem","position":2,"name":"Cookie Consent","item":"https:\/\/elfsight.com\/pt\/cookie-consent-widget\/"},{"@type":"ListItem","position":3,"name":"Cookie Consent &#8211; WordPress"}]},{"@type":"WebSite","@id":"https:\/\/elfsight.com\/pt\/#website","url":"https:\/\/elfsight.com\/pt\/","name":"Elfsight PT","description":"Just another Elfsight Sites site","potentialAction":[{"@type":"SearchAction","target":{"@type":"EntryPoint","urlTemplate":"https:\/\/elfsight.com\/pt\/?s={search_term_string}"},"query-input":{"@type":"PropertyValueSpecification","valueRequired":true,"valueName":"search_term_string"}}],"inLanguage":"pt-PT"}]}},"meta_box":{"industry":"","seo_heading":"","heading":"","description":"","cta_heading":"","cta_description":"","application":"617","h1":"Plug-in de consentimento de cookies do WordPress","h1_caption":"Demonstre um an\u00fancio r\u00e1pido de uso de cookies com bot\u00e3o de consentimento para os usu\u00e1rios","application_category":[],"applications_title":"","applications_request_title":"","applications_request_button_text":"","hero_text":"","hero_video":"","hero_video_schema_markup":"","selling_points_title":"","selling_points_caption":"","selling_points":[],"selling_points_cta_text":"","features_title":"","features":"","ed_cta_examples_text":"","ed_cta_examples_hidden":"","ed_cta_demo_text":"","ed_cta_demo_hidden":"","why_caption":"","why_editor_title":"","why_editor_text":"","why_team_title":"","why_team_text":"","why_service_title":"","why_service_text":"","template_catalog_visible":"","template_catalog_title":"","template_catalog_text":"","template_catalog_categories_visible":"","demo_title":"Crie seu plugin de consentimento de cookies","demo_caption":"Configure seu consentimento de cookies e adicione-o ao seu site WordPress gratuitamente!","default_faq_hidden":"","app_template_category":[],"platform":"34","template_public_id":"","codecanyon_url":"","codecanyon_item_id":"","codecanyon_price":"","pricing_caption":"","pricing_elfsight_apps_hide_column":"","pricing_elfsight_apps_url":"","pricing_codecanyon_price_caption":"","integration_category":[],"integration_request_title":"","integration_request_cta":"","integration_platform":"","integrations":[],"platform_category":[],"video_schema_markup":"","price":"a partir de US$ 0\/m\u00eas","trial":"","benefits":[{"text":"Assist\u00eancia de instala\u00e7\u00e3o gratuita"},{"text":"Atendimento ao cliente profissional"},{"text":"Garantia de devolu\u00e7\u00e3o do dinheiro em 14 dias"},{"text":"Atualiza\u00e7\u00f5es cont\u00ednuas"}],"button_url":"#demo","button_target_blank":"0","button_nofollow":"0","attributes":[{"name":"Instala\u00e7\u00f5es","content":"100,000 - 500,000","_state":"expanded"},{"name":"Responsivo","content":"Sim","_state":"expanded"},{"name":"Navegadores compat\u00edveis","content":"Firefox, Safari, Opera, Chrome, Edge"}],"tags":[],"tags_disable_links":"0","hide_more_platforms":"","video_object":"","demo_hide_cta":"0","demo_hide_cloud_options":"0","pricing_title":"","pricing":[{"pricing_icon":"platform","pricing_title":"Elfsight Apps","pricing_title_caption":"Software multiplataforma","pricing_price":"a partir de US$ 0\/m\u00eas","pricing_price_caption":"comece com plano gratuito","pricing_benefits":[{"text":"Dom\u00ednios ilimitados"},{"text":"Suporte r\u00e1pido \u00e0 empresa"},{"text":"Suporte r\u00e1pido \u00e0 empresa"},{"text":"\u00d3timo neg\u00f3cio para v\u00e1rios aplicativos"}],"pricing_button_text":"Adicionar ao site","pricing_button_url":"#demo","_state":"expanded"}],"related_apps_title":"","related_apps_hidden":"1","author":"","image":[],"title":"","job":"","social_networks":[]},"_links":{"self":[{"href":"https:\/\/elfsight.com\/pt\/wp-json\/wp\/v2\/pages\/3764","targetHints":{"allow":["GET"]}}],"collection":[{"href":"https:\/\/elfsight.com\/pt\/wp-json\/wp\/v2\/pages"}],"about":[{"href":"https:\/\/elfsight.com\/pt\/wp-json\/wp\/v2\/types\/page"}],"author":[{"embeddable":true,"href":"https:\/\/elfsight.com\/pt\/wp-json\/wp\/v2\/users\/9"}],"replies":[{"embeddable":true,"href":"https:\/\/elfsight.com\/pt\/wp-json\/wp\/v2\/comments?post=3764"}],"version-history":[{"count":2,"href":"https:\/\/elfsight.com\/pt\/wp-json\/wp\/v2\/pages\/3764\/revisions"}],"predecessor-version":[{"id":11706,"href":"https:\/\/elfsight.com\/pt\/wp-json\/wp\/v2\/pages\/3764\/revisions\/11706"}],"up":[{"embeddable":true,"href":"https:\/\/elfsight.com\/pt\/wp-json\/wp\/v2\/pages\/618"}],"wp:attachment":[{"href":"https:\/\/elfsight.com\/pt\/wp-json\/wp\/v2\/media?parent=3764"}],"curies":[{"name":"wp","href":"https:\/\/api.w.org\/{rel}","templated":true}]}}