{"id":3757,"date":"2024-05-03T06:32:44","date_gmt":"2024-05-03T06:32:44","guid":{"rendered":"https:\/\/elfsight.com\/pt\/?page_id=3757"},"modified":"2024-11-13T11:37:29","modified_gmt":"2024-11-13T11:37:29","slug":"woocommerce","status":"publish","type":"page","link":"https:\/\/elfsight.com\/pt\/contact-form-widget\/woocommerce\/","title":{"rendered":"Contact Form &#8211; WooCommerce"},"content":{"rendered":"<div class=\"application-platform-content-item-description application-platform-content-item\" id=\"description\" data-nav-section=\"description\"><h2>Formul\u00e1rio de contato para WooCommerce<\/h2><p>O plugin de formul\u00e1rio de contato WooCommerce atende a todas as necessidades existentes no recebimento de avalia\u00e7\u00f5es e pedidos de clientes de seu site. Instale os elementos necess\u00e1rios para o preenchimento, defina o template necess\u00e1rio e ajuste o visual, para estimular ainda mais seus usu\u00e1rios a escreverem um coment\u00e1rio sobre seus produtos ou neg\u00f3cios atrav\u00e9s do nosso formul\u00e1rio de contato para Woocommerce.<\/p><p><b>Receba avalia\u00e7\u00f5es, receber pedidos e responder cartas dos usu\u00e1rios do seu site!<\/b><\/p><\/div> <div class=\"application-platform-content-item-features application-platform-content-item\" id=\"features\" data-nav-section=\"features\"><h2>Recursos do plugin de formul\u00e1rio de contato<\/h2><ul><li>Aumente o n\u00famero de solicita\u00e7\u00f5es do site;<\/li><li>Entenda melhor seus clientes;<\/li><li>Melhore a comunica\u00e7\u00e3o com o cliente.<\/li><\/ul><p><a href=\"#demo\">Experimente todas as op\u00e7\u00f5es de personaliza\u00e7\u00e3o em uma demonstra\u00e7\u00e3o 100% funcional<\/a><\/p><\/div><div class=\"application-platform-content-item-installation application-platform-content-item\" id=\"installation\" data-nav-section=\"installation\"><h2>Como posso incorporar o formul\u00e1rio de contato em meu site WooCommerce ?<\/h2><p>Basta seguir as orienta\u00e7\u00f5es abaixo para adicionar a ferramenta.<\/p><ol><li><b>Aplicando nosso configurador gratuito, comece a formar seu instrumento personalizado.<\/b><br>Escolha a forma e os aspectos desej\u00e1veis \u200b\u200bdo widget e salve as corre\u00e7\u00f5es.<\/li><li><b>Adquira o c\u00f3digo exclusivo revelado na caixa dos aplicativos Elfsight.<\/b><br>Assim que a configura\u00e7\u00e3o do seu O widget pessoal estiver conclu\u00eddo, copie o c\u00f3digo individual na janela que aparece e salve-o para uso posterior.<\/li><li><b>Inicie o emprego do widget no site WooCommerce.<\/b><br>Integre o c\u00f3digo que voc\u00ea copiei recentemente em sua p\u00e1gina da web e salve as melhorias.<\/li><li><b>A configura\u00e7\u00e3o foi totalmente conclu\u00edda.<\/b><br>Visite seu site para inspecionar como o plug-in est\u00e1 funcionando.<\/li> <\/ol><p>Caso tenha d\u00favidas ou enfrente alguns problemas, n\u00e3o hesite em recorrer \u00e0 nossa equipe de suporte. Nosso pessoal est\u00e1 ansioso para resolver todos os problemas que voc\u00ea possa ter com o widget.<\/p><div class=\"faq\" data-component=\"FAQ\"> <div class=\"faq-item\">\r\n\t\t\t\t\t<div class=\"faq-item-question\">\r\n\t\t\t\t\t\t<h3 class=\"faq-item-question-text\">Como adicionar um formul\u00e1rio de contato ao meu site WooCommerce sem habilidades de codifica\u00e7\u00e3o?<\/h3>\r\n\r\n\t\t\t\t\t\t<div class=\"faq-item-question-icon\"><\/div>\r\n\t\t\t\t\t<\/div>\r\n\r\n\t\t\t\t\t<div class=\"faq-item-answer\">\r\n\t\t\t\t\t\t<div class=\"faq-item-answer-text\"> <p>A Elfsight fornece um SaaS solu\u00e7\u00e3o que permite que voc\u00ea mesmo crie um aplicativo de Formul\u00e1rio de Contato para WooCommerce, veja como o processo \u00e9 f\u00e1cil: Trabalhe diretamente no Editor online para criar um widget de Formul\u00e1rio de Contato que voc\u00ea gostaria de ver em seu site WooCommerce. Escolha um dos modelos predefinidos e ajuste as configura\u00e7\u00f5es do Formul\u00e1rio de Contato, adicione seu conte\u00fado, altere o layout e as cores sem habilidades de codifica\u00e7\u00e3o. Salve o Formul\u00e1rio de Contato e copie seu c\u00f3digo de instala\u00e7\u00e3o, que voc\u00ea pode incorporar facilmente em seu site WooCommerce sem comprar uma vers\u00e3o paga. Com nosso editor intuitivo, qualquer usu\u00e1rio da Internet pode criar um widget de formul\u00e1rio de contato online e incorpor\u00e1-lo facilmente ao seu site WooCommerce. N\u00e3o h\u00e1 necessidade de pagar ou inserir as credenciais do seu cart\u00e3o para acessar o servi\u00e7o. Se voc\u00ea enfrentar algum problema em qualquer etapa, sinta-se \u00e0 vontade para entrar em contato com nossa equipe de suporte t\u00e9cnico.<\/p> <\/div>\r\n\t\t\t\t\t<\/div>\r\n\t\t\t\t<\/div> <div class=\"faq-item\">\r\n\t\t\t\t\t<div class=\"faq-item-question\">\r\n\t\t\t\t\t\t<h3 class=\"faq-item-question-text\">Voc\u00ea tem algum modelo de formul\u00e1rio de contato pronto para usar para o site WooCommerce?<\/h3>\r\n\r\n\t\t\t\t\t\t<div class=\"faq-item-question-icon\"><\/div>\r\n\t\t\t\t\t<\/div>\r\n\r\n\t\t\t\t\t<div class=\"faq-item-answer\">\r\n\t\t\t\t\t\t<div class=\"faq-item-answer-text\"><p>Sim, h\u00e1 uma vasta sele\u00e7\u00e3o de mais de 300 modelos para economizar tempo criando um formul\u00e1rio do zero. Confira <a href=\"https:\/\/elfsight.com\/online-form-builder\/templates\/contact-forms\/\">Modelos de formul\u00e1rio de contato<\/a> para qualquer ocasi\u00e3o e encontre aquele que atenda \u00e0s suas expectativas.<\/p><\/div>\r\n\t\t\t\t\t<\/div>\r\n\t\t\t\t<\/div><\/div> <\/div>","protected":false},"excerpt":{"rendered":"","protected":false},"author":9,"featured_media":0,"parent":715,"menu_order":0,"comment_status":"closed","ping_status":"closed","template":"templates\/template-application-platform.php","meta":{"publish_to_discourse":"","publish_post_category":"","wpdc_auto_publish_overridden":"","wpdc_topic_tags":"","wpdc_pin_topic":"","wpdc_pin_until":"","discourse_post_id":"","discourse_permalink":"","wpdc_publishing_response":"","wpdc_publishing_error":"","footnotes":""},"class_list":["post-3757","page","type-page","status-publish","hentry"],"yoast_head":"<!-- This site is optimized with the Yoast SEO plugin v25.3.1 - https:\/\/yoast.com\/wordpress\/plugins\/seo\/ -->\n<title>Crie e adicione formul\u00e1rio de contato no WooCommerce gratuitamente!<\/title>\n<meta name=\"description\" content=\"Crie seu plugin de formul\u00e1rio de contato para WooCommerce exibido em seu site em apenas 1 minuto. Demonstra\u00e7\u00e3o gratuita, suporte com design e outras vantagens da Elfsight!\" \/>\n<meta name=\"robots\" content=\"index, follow, max-snippet:-1, max-image-preview:large, max-video-preview:-1\" \/>\n<link rel=\"canonical\" href=\"https:\/\/elfsight.com\/pt\/contact-form-widget\/woocommerce\/\" \/>\n<meta property=\"og:locale\" content=\"pt_PT\" \/>\n<meta property=\"og:type\" content=\"article\" \/>\n<meta property=\"og:title\" content=\"Crie e adicione formul\u00e1rio de contato no WooCommerce gratuitamente!\" \/>\n<meta property=\"og:description\" content=\"Crie seu plugin de formul\u00e1rio de contato para WooCommerce exibido em seu site em apenas 1 minuto. Demonstra\u00e7\u00e3o gratuita, suporte com design e outras vantagens da Elfsight!\" \/>\n<meta property=\"og:url\" content=\"https:\/\/elfsight.com\/pt\/contact-form-widget\/woocommerce\/\" \/>\n<meta property=\"og:site_name\" content=\"Elfsight PT\" \/>\n<meta property=\"article:modified_time\" content=\"2024-11-13T11:37:29+00:00\" \/>\n<meta name=\"twitter:card\" content=\"summary_large_image\" \/>\n<meta name=\"twitter:label1\" content=\"Tempo estimado de leitura\" \/>\n\t<meta name=\"twitter:data1\" content=\"2 minutos\" \/>\n<!-- \/ Yoast SEO plugin. -->","yoast_head_json":{"title":"Crie e adicione formul\u00e1rio de contato no WooCommerce gratuitamente!","description":"Crie seu plugin de formul\u00e1rio de contato para WooCommerce exibido em seu site em apenas 1 minuto. Demonstra\u00e7\u00e3o gratuita, suporte com design e outras vantagens da Elfsight!","robots":{"index":"index","follow":"follow","max-snippet":"max-snippet:-1","max-image-preview":"max-image-preview:large","max-video-preview":"max-video-preview:-1"},"canonical":"https:\/\/elfsight.com\/pt\/contact-form-widget\/woocommerce\/","og_locale":"pt_PT","og_type":"article","og_title":"Crie e adicione formul\u00e1rio de contato no WooCommerce gratuitamente!","og_description":"Crie seu plugin de formul\u00e1rio de contato para WooCommerce exibido em seu site em apenas 1 minuto. Demonstra\u00e7\u00e3o gratuita, suporte com design e outras vantagens da Elfsight!","og_url":"https:\/\/elfsight.com\/pt\/contact-form-widget\/woocommerce\/","og_site_name":"Elfsight PT","article_modified_time":"2024-11-13T11:37:29+00:00","twitter_card":"summary_large_image","twitter_misc":{"Tempo estimado de leitura":"2 minutos"},"schema":{"@context":"https:\/\/schema.org","@graph":[{"@type":"WebPage","@id":"https:\/\/elfsight.com\/pt\/contact-form-widget\/woocommerce\/","url":"https:\/\/elfsight.com\/pt\/contact-form-widget\/woocommerce\/","name":"Crie e adicione formul\u00e1rio de contato no WooCommerce gratuitamente!","isPartOf":{"@id":"https:\/\/elfsight.com\/pt\/#website"},"datePublished":"2024-05-03T06:32:44+00:00","dateModified":"2024-11-13T11:37:29+00:00","description":"Crie seu plugin de formul\u00e1rio de contato para WooCommerce exibido em seu site em apenas 1 minuto. Demonstra\u00e7\u00e3o gratuita, suporte com design e outras vantagens da Elfsight!","breadcrumb":{"@id":"https:\/\/elfsight.com\/pt\/contact-form-widget\/woocommerce\/#breadcrumb"},"inLanguage":"pt-PT","potentialAction":[{"@type":"ReadAction","target":["https:\/\/elfsight.com\/pt\/contact-form-widget\/woocommerce\/"]}]},{"@type":"BreadcrumbList","@id":"https:\/\/elfsight.com\/pt\/contact-form-widget\/woocommerce\/#breadcrumb","itemListElement":[{"@type":"ListItem","position":1,"name":"Home","item":"https:\/\/elfsight.com\/pt\/"},{"@type":"ListItem","position":2,"name":"Contact Form","item":"https:\/\/elfsight.com\/pt\/contact-form-widget\/"},{"@type":"ListItem","position":3,"name":"Contact Form &#8211; WooCommerce"}]},{"@type":"WebSite","@id":"https:\/\/elfsight.com\/pt\/#website","url":"https:\/\/elfsight.com\/pt\/","name":"Elfsight PT","description":"Just another Elfsight Sites site","potentialAction":[{"@type":"SearchAction","target":{"@type":"EntryPoint","urlTemplate":"https:\/\/elfsight.com\/pt\/?s={search_term_string}"},"query-input":{"@type":"PropertyValueSpecification","valueRequired":true,"valueName":"search_term_string"}}],"inLanguage":"pt-PT"}]}},"meta_box":{"industry":"","seo_heading":"","heading":"","description":"","cta_heading":"","cta_description":"","application":"714","h1":"Plug-in de formul\u00e1rio de contato WooCommerce","h1_caption":"Transforme visitas ao seu site em compras e feedback de potenciais clientes.","application_category":[],"applications_title":"","applications_request_title":"","applications_request_button_text":"","hero_text":"","hero_video":"","hero_video_schema_markup":"","selling_points_title":"","selling_points_caption":"","selling_points":[],"selling_points_cta_text":"","features_title":"","features":"","ed_cta_examples_text":"","ed_cta_examples_hidden":"","ed_cta_demo_text":"","ed_cta_demo_hidden":"","why_caption":"","why_editor_title":"","why_editor_text":"","why_team_title":"","why_team_text":"","why_service_title":"","why_service_text":"","template_catalog_visible":"","template_catalog_title":"","template_catalog_text":"","template_catalog_categories_visible":"","demo_title":"Crie seu aplicativo de formul\u00e1rio de contato","demo_caption":"Configure seu Formul\u00e1rio de Contato e adicione-o ao seu site WooCommerce gratuitamente!","default_faq_hidden":"","app_template_category":[],"platform":"4920","template_public_id":"","codecanyon_url":"","codecanyon_item_id":"","codecanyon_price":"","pricing_caption":"","pricing_elfsight_apps_hide_column":"","pricing_elfsight_apps_url":"","pricing_codecanyon_price_caption":"","integration_category":[],"integration_request_title":"","integration_request_cta":"","integration_platform":"","integrations":[],"platform_category":[],"video_schema_markup":"","price":"a partir de US$ 0\/m\u00eas","trial":"","benefits":[{"text":"Servi\u00e7o de instala\u00e7\u00e3o gratuito"},{"text":"Suporte premium"},{"text":"Garantia de reembolso de 14 dias"},{"text":"Melhorias futuras"}],"button_url":"#demo","button_target_blank":"0","button_nofollow":"0","attributes":[{"name":"Instala\u00e7\u00f5es","content":"100,000 - 500,000","_state":"expanded"},{"name":"Responsivo","content":"Sim","_state":"expanded"},{"name":"Navegadores compat\u00edveis","content":"Firefox, Safari, Opera, Chrome, Edge"}],"tags":[],"tags_disable_links":"0","hide_more_platforms":"","video_object":"","demo_hide_cta":"0","demo_hide_cloud_options":"0","pricing_title":"","pricing":[{"pricing_icon":"platform","pricing_title":"Elfsight Apps","pricing_title_caption":"Solu\u00e7\u00e3o multiplataforma que funciona em qualquer site","pricing_price":"a partir de US$ 0\/m\u00eas","pricing_price_caption":"comece com um plano gratuito","pricing_benefits":[{"text":"Sites ilimitados"},{"text":"Suporte dedicado, pontual e bem documentado"},{"text":"Suporte dedicado, pontual e bem documentado"},{"text":"Totalmente personaliz\u00e1vel"}],"pricing_button_text":"Adicionar ao site","pricing_button_url":"#demo","_state":"expanded"}],"related_apps_title":"","related_apps_hidden":"1","author":"","image":[],"title":"","job":"","social_networks":[]},"_links":{"self":[{"href":"https:\/\/elfsight.com\/pt\/wp-json\/wp\/v2\/pages\/3757","targetHints":{"allow":["GET"]}}],"collection":[{"href":"https:\/\/elfsight.com\/pt\/wp-json\/wp\/v2\/pages"}],"about":[{"href":"https:\/\/elfsight.com\/pt\/wp-json\/wp\/v2\/types\/page"}],"author":[{"embeddable":true,"href":"https:\/\/elfsight.com\/pt\/wp-json\/wp\/v2\/users\/9"}],"replies":[{"embeddable":true,"href":"https:\/\/elfsight.com\/pt\/wp-json\/wp\/v2\/comments?post=3757"}],"version-history":[{"count":2,"href":"https:\/\/elfsight.com\/pt\/wp-json\/wp\/v2\/pages\/3757\/revisions"}],"predecessor-version":[{"id":11678,"href":"https:\/\/elfsight.com\/pt\/wp-json\/wp\/v2\/pages\/3757\/revisions\/11678"}],"up":[{"embeddable":true,"href":"https:\/\/elfsight.com\/pt\/wp-json\/wp\/v2\/pages\/715"}],"wp:attachment":[{"href":"https:\/\/elfsight.com\/pt\/wp-json\/wp\/v2\/media?parent=3757"}],"curies":[{"name":"wp","href":"https:\/\/api.w.org\/{rel}","templated":true}]}}