{"id":3749,"date":"2024-05-03T06:32:49","date_gmt":"2024-05-03T06:32:49","guid":{"rendered":"https:\/\/elfsight.com\/pt\/?page_id=3749"},"modified":"2024-11-13T12:16:14","modified_gmt":"2024-11-13T12:16:14","slug":"wix","status":"publish","type":"page","link":"https:\/\/elfsight.com\/pt\/contact-form-widget\/wix\/","title":{"rendered":"Contact Form &#8211; Wix"},"content":{"rendered":"<div class=\"application-platform-content-item-description application-platform-content-item\" id=\"description\" data-nav-section=\"description\"><h2>Formul\u00e1rio de contato para Wix<\/h2><p>Ao adicionar nosso formul\u00e1rio de contato Wix, o aplicativo atende a qualquer necessidade de receber coment\u00e1rios e perguntas de clientes do seu site. Adicione os campos essenciais para preenchimento, encontre seu modelo ideal e ajuste a interface, para motivar seus visitantes a enviar coment\u00e1rios sobre seus produtos ou empresa atrav\u00e9s do aplicativo de formul\u00e1rio de feedback para Wix.<\/p><p><b>Receba depoimentos, obtenha solicita\u00e7\u00f5es e envie respostas \u00e0s d\u00favidas dos usu\u00e1rios do seu site!<\/b><\/p><ul><li><b>Aumente o n\u00famero de pedidos do site<\/b>.<br>Resolva todos os tipos de problemas e suspeitas de seus clientes e n\u00e3o permita que eles fechem o site. Use nosso pr\u00e1tico modelo de formul\u00e1rio de pedido Wix para construir um di\u00e1logo eficaz com os clientes.<\/li><li><b>Atraia mais opini\u00f5es sobre produtos ou servi\u00e7os<\/b>.<br>As respostas de seus clientes s\u00e3o altamente essenciais para o avan\u00e7o de o neg\u00f3cio. Com a ajuda do nosso simples formul\u00e1rio de contato adicionado ao seu site Wix, voc\u00ea come\u00e7ar\u00e1 a receber mais feedback!<\/li><li><b>Avance a comunica\u00e7\u00e3o com o usu\u00e1rio<\/b>.<br>Com layouts pr\u00e1ticos e interface flex\u00edvel e mensagens personalizadas de agradecimento, voc\u00ea demonstrar\u00e1 aos seus clientes a import\u00e2ncia deles para sua empresa.<\/li><\/ul><\/div><div class=\"application-platform-content-item-features application-platform-content-item\" id=\"features\" data-nav-section=\"features\"><h2>Recursos do plugin de formul\u00e1rio de contato<\/h2><p>O que torna o formul\u00e1rio de contato da Elfsight o melhor aplicativo para receber impress\u00f5es de usu\u00e1rios e obter consultas sobre o Wix? Confira nossos principais recursos:<\/p><ul><li>Escolha os campos a serem obrigat\u00f3rios;<\/li><li>Etiqueta edit\u00e1vel do bot\u00e3o Enviar;<\/li><li>Layout inline com ajuste autom\u00e1tico dos campos \u00e0 largura do formul\u00e1rio;<\/li><li>O Google reCAPTCHA est\u00e1 aqui para proteger seu formul\u00e1rio contra spam e bots;<\/li><li>Design perfeito que se adapta a 99% dos sites prontos para uso.<\/li><\/ul><p><a href=\"#demo\">Descubra toda a lista de caracter\u00edsticas funcionais em nosso editor<\/a><\/p><\/div><div class=\"application-platform-content-item-installation application-platform-content-item\" id=\"installation\" data-nav-section=\"installation\"><h2>Como adicionar contato Widget de formul\u00e1rio para site Wix<\/h2><div class=\"video-container\"><iframe width=\"720\" height=\"405\" src=\"https:\/\/www.youtube.com\/embed\/3kpTNeZAH8k\" frameborder=\"0\" allowfullscreen=\"\"><\/iframe><\/div><p>Estude um guia criado por nossa equipe para adicionar o aplicativo de contato ao seu site. N\u00e3o h\u00e1 necessidade de ter compet\u00eancia em programa\u00e7\u00e3o para isso. O tempo m\u00e9dio de instala\u00e7\u00e3o \u00e9 de aproximadamente 90 segundos.<\/p><ol><li><b>Crie seu formul\u00e1rio de contato personalizado<\/b>.<br>Usando nosso <a href=\"#demo\">editor gratuito<\/a>, um widget com o modelo e fun\u00e7\u00f5es desejados.<\/li><li><b>Obtenha um c\u00f3digo para integra\u00e7\u00e3o do aplicativo<\/b>.<br>Ap\u00f3s a cria\u00e7\u00e3o do widget Obtenha um c\u00f3digo para o widget Contato na notifica\u00e7\u00e3o pop-up em Elfsight Apps.<\/li><li><b>Revele o aplicativo no site WIx<\/b>.<br>Revele o widget para o local desejado do site e salve as altera\u00e7\u00f5es.<\/li><li><b>A integra\u00e7\u00e3o foi bem sucedida<\/b>!<br>Entre no seu site Wix, para verificar seu aplicativo.<\/li><\/ol><p>Est\u00e1 tendo alguma dificuldade ao seguir as instru\u00e7\u00f5es ou criar seu formul\u00e1rio? Pode ser \u00fatil ler uma instru\u00e7\u00e3o extensa \u00ab<a href=\"https:\/\/elfsight.com\/tutorials\/how-to-add-contact-form-app-to-wix\/\" target=\"_blank\" rel=\"noopener noreferrer\">Como adicionar um formul\u00e1rio de contato em um site Wix<\/a>\u00bb e aproveite uma segunda chance para adicion\u00e1-lo por conta pr\u00f3pria ou dirija-se ao centro de suporte. A nossa equipa far\u00e1 o seu melhor para o aconselhar de forma atempada e profissional.<\/p><div class=\"faq\" data-component=\"FAQ\"> <div class=\"faq-item\">\r\n\t\t\t\t\t<div class=\"faq-item-question\">\r\n\t\t\t\t\t\t<h3 class=\"faq-item-question-text\">Como posso adicionar um Formul\u00e1rio de Contacto ao meu site Wix sem conhecimentos de codifica\u00e7\u00e3o?<\/h3>\r\n\r\n\t\t\t\t\t\t<div class=\"faq-item-question-icon\"><\/div>\r\n\t\t\t\t\t<\/div>\r\n\r\n\t\t\t\t\t<div class=\"faq-item-answer\">\r\n\t\t\t\t\t\t<div class=\"faq-item-answer-text\"> <p>A Elfsight fornece uma solu\u00e7\u00e3o SaaS que permite que voc\u00ea mesmo crie um widget de Formul\u00e1rio de Contato, veja como o processo \u00e9 f\u00e1cil: Trabalhe diretamente no Editor online para criar um widget de Formul\u00e1rio de Contato que voc\u00ea gostaria de ver em seu site Wix. Escolha um dos modelos predefinidos e ajuste as configura\u00e7\u00f5es do Formul\u00e1rio de Contato, adicione seu conte\u00fado, altere o layout e as cores sem nenhuma habilidade de codifica\u00e7\u00e3o. Salve o Formul\u00e1rio de Contato e copie seu c\u00f3digo de instala\u00e7\u00e3o, para que voc\u00ea possa adicion\u00e1-lo facilmente ao seu site Wix, sem a necessidade de adquirir um plano pago. Com nosso Editor intuitivo, qualquer usu\u00e1rio da Internet pode criar um widget de Formul\u00e1rio de Contato online e incorpor\u00e1-lo facilmente ao seu site Wix. N\u00e3o h\u00e1 necessidade de pagar ou inserir as credenciais do seu cart\u00e3o para acessar o servi\u00e7o. Se voc\u00ea enfrentar qualquer problema em qualquer etapa, sinta-se \u00e0 vontade para entrar em contato com nossa equipe de suporte t\u00e9cnico.<\/p> <\/div>\r\n\t\t\t\t\t<\/div>\r\n\t\t\t\t<\/div> <div class=\"faq-item\">\r\n\t\t\t\t\t<div class=\"faq-item-question\">\r\n\t\t\t\t\t\t<h3 class=\"faq-item-question-text\">Voc\u00eas oferecem modelos de formul\u00e1rio de contato para o site Wix?<\/h3>\r\n\r\n\t\t\t\t\t\t<div class=\"faq-item-question-icon\"><\/div>\r\n\t\t\t\t\t<\/div>\r\n\r\n\t\t\t\t\t<div class=\"faq-item-answer\">\r\n\t\t\t\t\t\t<div class=\"faq-item-answer-text\"><p>Sim, A Elfsight tem mais de 300 modelos prontos para usar para qualquer caso. D\u00ea uma olhada nos <a href=\"https:\/\/elfsight.com\/online-form-builder\/templates\/contact-forms\/\">modelos de formul\u00e1rio de contato<\/a> e escolha o que voc\u00ea mais gosta.<\/p><\/div>\r\n\t\t\t\t\t<\/div>\r\n\t\t\t\t<\/div><\/div> <\/div>","protected":false},"excerpt":{"rendered":"","protected":false},"author":9,"featured_media":0,"parent":715,"menu_order":0,"comment_status":"closed","ping_status":"closed","template":"templates\/template-application-platform.php","meta":{"publish_to_discourse":"","publish_post_category":"","wpdc_auto_publish_overridden":"","wpdc_topic_tags":"","wpdc_pin_topic":"","wpdc_pin_until":"","discourse_post_id":"","discourse_permalink":"","wpdc_publishing_response":"","wpdc_publishing_error":"","footnotes":""},"class_list":["post-3749","page","type-page","status-publish","hentry"],"yoast_head":"<!-- This site is optimized with the Yoast SEO plugin v25.3.1 - https:\/\/yoast.com\/wordpress\/plugins\/seo\/ -->\n<title>Crie e adicione formul\u00e1rio de contato no Wix gratuitamente!<\/title>\n<meta name=\"description\" content=\"Obtenha um aplicativo de formul\u00e1rio de contato personalizado para Wix e exiba-o em seu site em apenas 2 minutos. Configurador gratuito, ajuda com ajustes e outros benef\u00edcios adicionais da Elfsight!\" \/>\n<meta name=\"robots\" content=\"index, follow, max-snippet:-1, max-image-preview:large, max-video-preview:-1\" \/>\n<link rel=\"canonical\" href=\"https:\/\/elfsight.com\/pt\/contact-form-widget\/wix\/\" \/>\n<meta property=\"og:locale\" content=\"pt_PT\" \/>\n<meta property=\"og:type\" content=\"article\" \/>\n<meta property=\"og:title\" content=\"Crie e adicione formul\u00e1rio de contato no Wix gratuitamente!\" \/>\n<meta property=\"og:description\" content=\"Obtenha um aplicativo de formul\u00e1rio de contato personalizado para Wix e exiba-o em seu site em apenas 2 minutos. Configurador gratuito, ajuda com ajustes e outros benef\u00edcios adicionais da Elfsight!\" \/>\n<meta property=\"og:url\" content=\"https:\/\/elfsight.com\/pt\/contact-form-widget\/wix\/\" \/>\n<meta property=\"og:site_name\" content=\"Elfsight PT\" \/>\n<meta property=\"article:modified_time\" content=\"2024-11-13T12:16:14+00:00\" \/>\n<meta name=\"twitter:card\" content=\"summary_large_image\" \/>\n<meta name=\"twitter:label1\" content=\"Tempo estimado de leitura\" \/>\n\t<meta name=\"twitter:data1\" content=\"2 minutos\" \/>\n<!-- \/ Yoast SEO plugin. -->","yoast_head_json":{"title":"Crie e adicione formul\u00e1rio de contato no Wix gratuitamente!","description":"Obtenha um aplicativo de formul\u00e1rio de contato personalizado para Wix e exiba-o em seu site em apenas 2 minutos. Configurador gratuito, ajuda com ajustes e outros benef\u00edcios adicionais da Elfsight!","robots":{"index":"index","follow":"follow","max-snippet":"max-snippet:-1","max-image-preview":"max-image-preview:large","max-video-preview":"max-video-preview:-1"},"canonical":"https:\/\/elfsight.com\/pt\/contact-form-widget\/wix\/","og_locale":"pt_PT","og_type":"article","og_title":"Crie e adicione formul\u00e1rio de contato no Wix gratuitamente!","og_description":"Obtenha um aplicativo de formul\u00e1rio de contato personalizado para Wix e exiba-o em seu site em apenas 2 minutos. Configurador gratuito, ajuda com ajustes e outros benef\u00edcios adicionais da Elfsight!","og_url":"https:\/\/elfsight.com\/pt\/contact-form-widget\/wix\/","og_site_name":"Elfsight PT","article_modified_time":"2024-11-13T12:16:14+00:00","twitter_card":"summary_large_image","twitter_misc":{"Tempo estimado de leitura":"2 minutos"},"schema":{"@context":"https:\/\/schema.org","@graph":[{"@type":"WebPage","@id":"https:\/\/elfsight.com\/pt\/contact-form-widget\/wix\/","url":"https:\/\/elfsight.com\/pt\/contact-form-widget\/wix\/","name":"Crie e adicione formul\u00e1rio de contato no Wix gratuitamente!","isPartOf":{"@id":"https:\/\/elfsight.com\/pt\/#website"},"datePublished":"2024-05-03T06:32:49+00:00","dateModified":"2024-11-13T12:16:14+00:00","description":"Obtenha um aplicativo de formul\u00e1rio de contato personalizado para Wix e exiba-o em seu site em apenas 2 minutos. Configurador gratuito, ajuda com ajustes e outros benef\u00edcios adicionais da Elfsight!","breadcrumb":{"@id":"https:\/\/elfsight.com\/pt\/contact-form-widget\/wix\/#breadcrumb"},"inLanguage":"pt-PT","potentialAction":[{"@type":"ReadAction","target":["https:\/\/elfsight.com\/pt\/contact-form-widget\/wix\/"]}]},{"@type":"BreadcrumbList","@id":"https:\/\/elfsight.com\/pt\/contact-form-widget\/wix\/#breadcrumb","itemListElement":[{"@type":"ListItem","position":1,"name":"Home","item":"https:\/\/elfsight.com\/pt\/"},{"@type":"ListItem","position":2,"name":"Contact Form","item":"https:\/\/elfsight.com\/pt\/contact-form-widget\/"},{"@type":"ListItem","position":3,"name":"Contact Form &#8211; Wix"}]},{"@type":"WebSite","@id":"https:\/\/elfsight.com\/pt\/#website","url":"https:\/\/elfsight.com\/pt\/","name":"Elfsight PT","description":"Just another Elfsight Sites site","potentialAction":[{"@type":"SearchAction","target":{"@type":"EntryPoint","urlTemplate":"https:\/\/elfsight.com\/pt\/?s={search_term_string}"},"query-input":{"@type":"PropertyValueSpecification","valueRequired":true,"valueName":"search_term_string"}}],"inLanguage":"pt-PT"}]}},"meta_box":{"industry":"","seo_heading":"","heading":"","description":"","cta_heading":"","cta_description":"","application":"714","h1":"Aplicativo Formul\u00e1rio de Contato Wix","h1_caption":"Receba avalia\u00e7\u00f5es de cada cliente do seu site e atualize sua empresa","application_category":[],"applications_title":"","applications_request_title":"","applications_request_button_text":"","hero_text":"","hero_video":"","hero_video_schema_markup":"","selling_points_title":"","selling_points_caption":"","selling_points":[],"selling_points_cta_text":"","features_title":"","features":"","ed_cta_examples_text":"","ed_cta_examples_hidden":"","ed_cta_demo_text":"","ed_cta_demo_hidden":"","why_caption":"","why_editor_title":"","why_editor_text":"","why_team_title":"","why_team_text":"","why_service_title":"","why_service_text":"","template_catalog_visible":"","template_catalog_title":"","template_catalog_text":"","template_catalog_categories_visible":"","demo_title":"Crie seu aplicativo de formul\u00e1rio de contato","demo_caption":"Configure seu Formul\u00e1rio de Contato e adicione-o ao seu site Wix gratuitamente!","default_faq_hidden":"","app_template_category":[],"platform":"37","template_public_id":"","codecanyon_url":"","codecanyon_item_id":"","codecanyon_price":"","pricing_caption":"","pricing_elfsight_apps_hide_column":"","pricing_elfsight_apps_url":"","pricing_codecanyon_price_caption":"","integration_category":[],"integration_request_title":"","integration_request_cta":"","integration_platform":"","integrations":[],"platform_category":[],"video_schema_markup":"","price":"a partir de US$ 0\/m\u00eas","trial":"","benefits":[{"text":"Ajuda de instala\u00e7\u00e3o gratuita"},{"text":"Suporte excepcional"},{"text":"Garantia de devolu\u00e7\u00e3o do dinheiro em 14 dias"},{"text":"Atualiza\u00e7\u00f5es gratuitas cont\u00ednuas"}],"button_url":"#demo","button_target_blank":"0","button_nofollow":"0","attributes":[{"name":"Instala\u00e7\u00f5es","content":"100,000 - 500,000","_state":"expanded"},{"name":"Responsivo","content":"Sim","_state":"expanded"},{"name":"Navegadores compat\u00edveis","content":"Chrome, Edge, Safari, Opera, Firefox"}],"tags":[],"tags_disable_links":"0","hide_more_platforms":"","video_object":"","demo_hide_cta":"0","demo_hide_cloud_options":"0","pricing_title":"","pricing":[{"pricing_icon":"platform","pricing_title":"Wix app","pricing_title_caption":"Solu\u00e7\u00e3o digital independente de plataforma","pricing_price":"a partir de US$ 0\/m\u00eas","pricing_price_caption":"comece com plano gratuito","pricing_benefits":[{"text":"N\u00famero ilimitado de sites"},{"text":"Suporte profissional ao cliente"},{"text":"Suporte profissional ao cliente"},{"text":"Oferta especial para v\u00e1rios aplicativos"}],"pricing_button_text":"Adicionar ao site","pricing_button_url":"#demo","_state":"expanded"}],"related_apps_title":"","related_apps_hidden":"1","author":"","image":[],"title":"","job":"","social_networks":[]},"_links":{"self":[{"href":"https:\/\/elfsight.com\/pt\/wp-json\/wp\/v2\/pages\/3749","targetHints":{"allow":["GET"]}}],"collection":[{"href":"https:\/\/elfsight.com\/pt\/wp-json\/wp\/v2\/pages"}],"about":[{"href":"https:\/\/elfsight.com\/pt\/wp-json\/wp\/v2\/types\/page"}],"author":[{"embeddable":true,"href":"https:\/\/elfsight.com\/pt\/wp-json\/wp\/v2\/users\/9"}],"replies":[{"embeddable":true,"href":"https:\/\/elfsight.com\/pt\/wp-json\/wp\/v2\/comments?post=3749"}],"version-history":[{"count":2,"href":"https:\/\/elfsight.com\/pt\/wp-json\/wp\/v2\/pages\/3749\/revisions"}],"predecessor-version":[{"id":11683,"href":"https:\/\/elfsight.com\/pt\/wp-json\/wp\/v2\/pages\/3749\/revisions\/11683"}],"up":[{"embeddable":true,"href":"https:\/\/elfsight.com\/pt\/wp-json\/wp\/v2\/pages\/715"}],"wp:attachment":[{"href":"https:\/\/elfsight.com\/pt\/wp-json\/wp\/v2\/media?parent=3749"}],"curies":[{"name":"wp","href":"https:\/\/api.w.org\/{rel}","templated":true}]}}