{"id":3745,"date":"2024-05-03T06:28:31","date_gmt":"2024-05-03T06:28:31","guid":{"rendered":"https:\/\/elfsight.com\/pt\/?page_id=3745"},"modified":"2024-11-13T11:41:04","modified_gmt":"2024-11-13T11:41:04","slug":"weebly","status":"publish","type":"page","link":"https:\/\/elfsight.com\/pt\/audio-player-widget\/weebly\/","title":{"rendered":"Audio Player &#8211; Weebly"},"content":{"rendered":"<div class=\"application-platform-content-item-description application-platform-content-item\" id=\"description\" data-nav-section=\"description\"> <h2>Descri\u00e7\u00e3o<\/h2> <p>Elfsight Music Player \u00e9 um plugin descomplicado para sites do Weebly que permite transmitir faixas de \u00e1udio diretamente nas p\u00e1ginas de seu site. A ferramenta \u00e9 extremamente ajust\u00e1vel: voc\u00ea pode alterar sua posi\u00e7\u00e3o, incorpor\u00e1-la em qualquer lugar da p\u00e1gina, alterar seu tamanho, recolorir o fundo e todas as outras partes para mistur\u00e1-lo com o layout do seu site, aplicar esquema de cores escuras, revelar capas e mostrar ou ocultar 4 componentes adicionais do jogador, por exemplo barra de progresso, t\u00edtulo e outros. Inclua quantas faixas quiser para envolver seus usu\u00e1rios, ative a reprodu\u00e7\u00e3o autom\u00e1tica e n\u00e3o tenha d\u00favidas: seus visitantes n\u00e3o sair\u00e3o do seu site imediatamente!<\/p> <p><b>Com o widget Elfsight Audio, experimente o desenvolvimento de neg\u00f3cios sustent\u00e1vel e maiores vendas<\/b><\/p> <\/div> <div class=\"application-platform-content-item-features application-platform-content-item\" id=\"features\" data-nav-section=\"features\"> <h2>Abaixo est\u00e3o os recursos fundamentais do widget:<\/h2> <ul><li>Numerosas altera\u00e7\u00f5es de cores<\/li> <li>Esquema de cores claro\/escuro<\/li> <li>Design responsivo<\/li> <li>2 layouts aplic\u00e1veis<\/li> <li>Uma op\u00e7\u00e3o para usar imagem de fundo<\/li> <\/ul><p><a href=\"#demo\">Experimente esta demonstra\u00e7\u00e3o para ver como funciona<\/a><\/p> <\/div> <div class=\"application-platform-content-item-installation application-platform-content-item\" id=\"installation\" data-nav-section=\"installation\"> <h2>Como adicionar o Music Player ao meu site do Weebly?<\/h2> <div class=\"video-container\"><iframe width=\"720\" height=\"405\" src=\"https:\/\/www.youtube.com\/embed\/A0HaztCho8Q\" frameborder=\"0\" allowfullscreen=\"\"><\/iframe><\/div><p>Basta seguir algumas etapas abaixo para come\u00e7ar a trabalhar com o widget de m\u00fasica.<\/p> <ol><li><b>Gerenciar nosso widget gratuito editor e comece a construir seu aplicativo personalizado. <\/b><br> Escolha o design preferido e as caracter\u00edsticas funcionais do aplicativo e salve todas as modifica\u00e7\u00f5es. <\/li> <li><b>Adquira o c\u00f3digo individual que aparece no formul\u00e1rio especial nas aplica\u00e7\u00f5es Elfsight. <\/b><br> Logo ap\u00f3s a personaliza\u00e7\u00e3o do seu aplicativo, copie o c\u00f3digo individual na janela exibida e salve-o para futuras ocasi\u00f5es. <\/li> <li><b>Inicie o uso do aplicativo em seu site do Weebly. <\/b><br> Incorpore o c\u00f3digo salvo anteriormente em sua p\u00e1gina da web e salve as edi\u00e7\u00f5es. <\/li> <li><b>Pronto! A configura\u00e7\u00e3o est\u00e1 totalmente executada. <\/b><br> Abra seu site para inspecionar o funcionamento do aplicativo. <\/li><\/ol><p>Na condi\u00e7\u00e3o de lidar com d\u00favidas ou enfrentar quaisquer dificuldades, n\u00e3o tenha medo de entrar em contato com nossa equipe de suporte. Nosso pessoal ficar\u00e1 animado para resolver todas as dificuldades que voc\u00ea possa ter no plugin.<\/p> <\/div>","protected":false},"excerpt":{"rendered":"","protected":false},"author":9,"featured_media":0,"parent":1079,"menu_order":0,"comment_status":"closed","ping_status":"closed","template":"templates\/template-application-platform.php","meta":{"publish_to_discourse":"","publish_post_category":"","wpdc_auto_publish_overridden":"","wpdc_topic_tags":"","wpdc_pin_topic":"","wpdc_pin_until":"","discourse_post_id":"","discourse_permalink":"","wpdc_publishing_response":"","wpdc_publishing_error":"","footnotes":""},"class_list":["post-3745","page","type-page","status-publish","hentry"],"yoast_head":"<!-- This site is optimized with the Yoast SEO plugin v25.3.1 - https:\/\/yoast.com\/wordpress\/plugins\/seo\/ -->\n<title>Reprodutor de \u00e1udio \u2014 Adicione reprodutor de m\u00fasica ao site do Weebly (r\u00e1pido e gratuito)<\/title>\n<meta name=\"description\" content=\"Integre um widget de reprodutor de \u00e1udio adapt\u00e1vel ao seu site do Weebly. Utilize nossa demonstra\u00e7\u00e3o conveniente e crie seu widget personalizado em apenas alguns minutos.\" \/>\n<meta name=\"robots\" content=\"index, follow, max-snippet:-1, max-image-preview:large, max-video-preview:-1\" \/>\n<link rel=\"canonical\" href=\"https:\/\/elfsight.com\/pt\/audio-player-widget\/weebly\/\" \/>\n<meta property=\"og:locale\" content=\"pt_PT\" \/>\n<meta property=\"og:type\" content=\"article\" \/>\n<meta property=\"og:title\" content=\"Reprodutor de \u00e1udio \u2014 Adicione reprodutor de m\u00fasica ao site do Weebly (r\u00e1pido e gratuito)\" \/>\n<meta property=\"og:description\" content=\"Integre um widget de reprodutor de \u00e1udio adapt\u00e1vel ao seu site do Weebly. Utilize nossa demonstra\u00e7\u00e3o conveniente e crie seu widget personalizado em apenas alguns minutos.\" \/>\n<meta property=\"og:url\" content=\"https:\/\/elfsight.com\/pt\/audio-player-widget\/weebly\/\" \/>\n<meta property=\"og:site_name\" content=\"Elfsight PT\" \/>\n<meta property=\"article:modified_time\" content=\"2024-11-13T11:41:04+00:00\" \/>\n<meta name=\"twitter:card\" content=\"summary_large_image\" \/>\n<meta name=\"twitter:label1\" content=\"Tempo estimado de leitura\" \/>\n\t<meta name=\"twitter:data1\" content=\"2 minutos\" \/>\n<!-- \/ Yoast SEO plugin. -->","yoast_head_json":{"title":"Reprodutor de \u00e1udio \u2014 Adicione reprodutor de m\u00fasica ao site do Weebly (r\u00e1pido e gratuito)","description":"Integre um widget de reprodutor de \u00e1udio adapt\u00e1vel ao seu site do Weebly. Utilize nossa demonstra\u00e7\u00e3o conveniente e crie seu widget personalizado em apenas alguns minutos.","robots":{"index":"index","follow":"follow","max-snippet":"max-snippet:-1","max-image-preview":"max-image-preview:large","max-video-preview":"max-video-preview:-1"},"canonical":"https:\/\/elfsight.com\/pt\/audio-player-widget\/weebly\/","og_locale":"pt_PT","og_type":"article","og_title":"Reprodutor de \u00e1udio \u2014 Adicione reprodutor de m\u00fasica ao site do Weebly (r\u00e1pido e gratuito)","og_description":"Integre um widget de reprodutor de \u00e1udio adapt\u00e1vel ao seu site do Weebly. Utilize nossa demonstra\u00e7\u00e3o conveniente e crie seu widget personalizado em apenas alguns minutos.","og_url":"https:\/\/elfsight.com\/pt\/audio-player-widget\/weebly\/","og_site_name":"Elfsight PT","article_modified_time":"2024-11-13T11:41:04+00:00","twitter_card":"summary_large_image","twitter_misc":{"Tempo estimado de leitura":"2 minutos"},"schema":{"@context":"https:\/\/schema.org","@graph":[{"@type":"WebPage","@id":"https:\/\/elfsight.com\/pt\/audio-player-widget\/weebly\/","url":"https:\/\/elfsight.com\/pt\/audio-player-widget\/weebly\/","name":"Reprodutor de \u00e1udio \u2014 Adicione reprodutor de m\u00fasica ao site do Weebly (r\u00e1pido e gratuito)","isPartOf":{"@id":"https:\/\/elfsight.com\/pt\/#website"},"datePublished":"2024-05-03T06:28:31+00:00","dateModified":"2024-11-13T11:41:04+00:00","description":"Integre um widget de reprodutor de \u00e1udio adapt\u00e1vel ao seu site do Weebly. Utilize nossa demonstra\u00e7\u00e3o conveniente e crie seu widget personalizado em apenas alguns minutos.","breadcrumb":{"@id":"https:\/\/elfsight.com\/pt\/audio-player-widget\/weebly\/#breadcrumb"},"inLanguage":"pt-PT","potentialAction":[{"@type":"ReadAction","target":["https:\/\/elfsight.com\/pt\/audio-player-widget\/weebly\/"]}]},{"@type":"BreadcrumbList","@id":"https:\/\/elfsight.com\/pt\/audio-player-widget\/weebly\/#breadcrumb","itemListElement":[{"@type":"ListItem","position":1,"name":"Home","item":"https:\/\/elfsight.com\/pt\/"},{"@type":"ListItem","position":2,"name":"Audio Player","item":"https:\/\/elfsight.com\/pt\/audio-player-widget\/"},{"@type":"ListItem","position":3,"name":"Audio Player &#8211; Weebly"}]},{"@type":"WebSite","@id":"https:\/\/elfsight.com\/pt\/#website","url":"https:\/\/elfsight.com\/pt\/","name":"Elfsight PT","description":"Just another Elfsight Sites site","potentialAction":[{"@type":"SearchAction","target":{"@type":"EntryPoint","urlTemplate":"https:\/\/elfsight.com\/pt\/?s={search_term_string}"},"query-input":{"@type":"PropertyValueSpecification","valueRequired":true,"valueName":"search_term_string"}}],"inLanguage":"pt-PT"}]}},"meta_box":{"industry":"","seo_heading":"","heading":"","description":"","cta_heading":"","cta_description":"","application":"1078","h1":"Aplicativo Weebly Audio Player","h1_caption":"Implemente uma op\u00e7\u00e3o interessante em seu site e obtenha clientes mais satisfeitos em um clique","application_category":[],"applications_title":"","applications_request_title":"","applications_request_button_text":"","hero_text":"","hero_video":"","hero_video_schema_markup":"","selling_points_title":"","selling_points_caption":"","selling_points":[],"selling_points_cta_text":"","features_title":"","features":"","ed_cta_examples_text":"","ed_cta_examples_hidden":"","ed_cta_demo_text":"","ed_cta_demo_hidden":"","why_caption":"","why_editor_title":"","why_editor_text":"","why_team_title":"","why_team_text":"","why_service_title":"","why_service_text":"","template_catalog_visible":"","template_catalog_title":"","template_catalog_text":"","template_catalog_categories_visible":"","demo_title":"Crie seu aplicativo Audio Player","demo_caption":"Configure seu reprodutor de \u00e1udio e adicione-o ao seu site do Weebly gratuitamente!","default_faq_hidden":"","app_template_category":[],"platform":"73","template_public_id":"","codecanyon_url":"","codecanyon_item_id":"","codecanyon_price":"","pricing_caption":"","pricing_elfsight_apps_hide_column":"","pricing_elfsight_apps_url":"","pricing_codecanyon_price_caption":"","integration_category":[],"integration_request_title":"","integration_request_cta":"","integration_platform":"","integrations":[],"platform_category":[],"video_schema_markup":"","price":"a partir de US$ 0\/m\u00eas","trial":"","benefits":[{"text":"Assist\u00eancia de instala\u00e7\u00e3o gratuita"},{"text":"Suporte ao cliente experiente"},{"text":"Garantia de reembolso de 14 dias"},{"text":"Atualizando constantemente"}],"button_url":"#demo","button_target_blank":"0","button_nofollow":"0","attributes":[{"name":"Instala\u00e7\u00f5es","content":"100,000 - 500,000","_state":"expanded"},{"name":"Responsivo","content":"Sim","_state":"expanded"},{"name":"Navegadores compat\u00edveis","content":"Firefox, Safari, Opera, Chrome, Edge"}],"tags":[],"tags_disable_links":"0","hide_more_platforms":"","video_object":"","demo_hide_cta":"0","demo_hide_cloud_options":"0","pricing_title":"","pricing":[{"pricing_icon":"platform","pricing_title":"Elfsight Apps","pricing_title_caption":"Vers\u00e3o independente de plataforma","pricing_price":"a partir de US$ 0\/m\u00eas","pricing_price_caption":"comece com um plano gratuito","pricing_benefits":[{"text":"Sites ilimitados"},{"text":"Suporte dedicado e pontual"},{"text":"Suporte dedicado e pontual"},{"text":"Design flex\u00edvel"}],"pricing_button_text":"Adicionar ao site","pricing_button_url":"#demo","_state":"expanded"}],"related_apps_title":"","related_apps_hidden":"1","author":"","image":[],"title":"","job":"","social_networks":[]},"_links":{"self":[{"href":"https:\/\/elfsight.com\/pt\/wp-json\/wp\/v2\/pages\/3745","targetHints":{"allow":["GET"]}}],"collection":[{"href":"https:\/\/elfsight.com\/pt\/wp-json\/wp\/v2\/pages"}],"about":[{"href":"https:\/\/elfsight.com\/pt\/wp-json\/wp\/v2\/types\/page"}],"author":[{"embeddable":true,"href":"https:\/\/elfsight.com\/pt\/wp-json\/wp\/v2\/users\/9"}],"replies":[{"embeddable":true,"href":"https:\/\/elfsight.com\/pt\/wp-json\/wp\/v2\/comments?post=3745"}],"version-history":[{"count":2,"href":"https:\/\/elfsight.com\/pt\/wp-json\/wp\/v2\/pages\/3745\/revisions"}],"predecessor-version":[{"id":11613,"href":"https:\/\/elfsight.com\/pt\/wp-json\/wp\/v2\/pages\/3745\/revisions\/11613"}],"up":[{"embeddable":true,"href":"https:\/\/elfsight.com\/pt\/wp-json\/wp\/v2\/pages\/1079"}],"wp:attachment":[{"href":"https:\/\/elfsight.com\/pt\/wp-json\/wp\/v2\/media?parent=3745"}],"curies":[{"name":"wp","href":"https:\/\/api.w.org\/{rel}","templated":true}]}}