{"id":3739,"date":"2024-05-03T06:30:22","date_gmt":"2024-05-03T06:30:22","guid":{"rendered":"https:\/\/elfsight.com\/pt\/?page_id=3739"},"modified":"2024-11-13T11:40:30","modified_gmt":"2024-11-13T11:40:30","slug":"iframe","status":"publish","type":"page","link":"https:\/\/elfsight.com\/pt\/before-and-after-slider-widget\/iframe\/","title":{"rendered":"Before and After Slider &#8211; iFrame"},"content":{"rendered":"<div class=\"application-platform-content-item-description application-platform-content-item\" id=\"description\" data-nav-section=\"description\"> <h2>Incorporar o Antes e Depois do Slider no iFrame com o widget da Elfsight<\/h2> <p> O Antes e Depois do Slider da Elfsight permite que voc\u00ea componha promo\u00e7\u00f5es surpreendentes fotos para o seu site. Os clientes podem explorar todos os resultados que seus produtos ou servi\u00e7os geram. Basta fazer upload das fotos antes e depois para o controle deslizante Antes e Depois para iFrame e elas ser\u00e3o mostradas com uma divis\u00f3ria que pode ser movida para ver a mudan\u00e7a. Voc\u00ea pode criar pares ilimitados de fotos, cada uma com sua legenda. A dire\u00e7\u00e3o do divisor pode ser horizontal ou vertical e voc\u00ea pode definir a melhor propor\u00e7\u00e3o da imagem. Seus usu\u00e1rios n\u00e3o escapar\u00e3o de fazer uma compra, assim que capturarem o resultado real| das suas ofertas! <\/p> <p><b>Com o controle deslizante antes &#8211; depois, veja o crescimento s\u00f3lido dos neg\u00f3cios e mais vendas <\/b><\/p> <\/div> <div class=\"application-platform-content-item-features application-platform-content-item\" id=\"features\" data-nav-section=\"features\"> <h2>Esses s\u00e3o apenas alguns dos poderosos recursos do widget: <\/h2> <ul><li>Demonstre conjuntos ilimitados de imagens antes e depois<\/li> <li>Adicione legendas com configura\u00e7\u00f5es de formata\u00e7\u00e3o de texto a cada conjunto<\/li><li>Dois layouts: Lista e carrossel<\/li><li>Movimento horizontal ou vertical do divisor<\/li><li>Clicar e arrastar ou simplesmente passar o mouse para mover o divisor<\/li><li>Deslizar em dispositivos com tela sens\u00edvel ao toque<\/li> <\/ul><p><a href=\"#demo\">Voc\u00ea pode explorar todos os recursos do widget na demonstra\u00e7\u00e3o aqui<\/a><\/p> <\/div> <div class=\"application-platform-content-item-installation application-platform-content-item\" id=\"installation\" data-nav-section=\"installation\"> <h2>Como posso adicionar o controle deslizante Antes e Depois ao meu site iFrame? <\/h2> <p>Basta aplicar as instru\u00e7\u00f5es abaixo para adicionar a ferramenta. <\/p> <ol><li><b>Inicie nosso editor gratuito e comece a construir seu plugin exclusivo. <\/b><br> Especifique o formul\u00e1rio personalizado e os par\u00e2metros do plugin e aplique as modifica\u00e7\u00f5es. <\/li> <li><b>Receba o seu c\u00f3digo pessoal que aparece na caixa das aplica\u00e7\u00f5es Elfsight<\/b><br> Ap\u00f3s a cria\u00e7\u00e3o do seu plugin pessoal, copie o c\u00f3digo pessoal na caixa que surgiu e guarde-o para uso posterior. <\/li> <li><b>Entre usando o widget em seu site iFrame<\/b><br> Cole o c\u00f3digo que voc\u00ea salvou recentemente em seu site e aplique as edi\u00e7\u00f5es. <\/li> <li><b>A configura\u00e7\u00e3o foi totalmente finalizada<\/b><br> Acesse seu site para avaliar o desempenho do widget. <\/li><\/ol> <p>Caso tenha d\u00favidas ou tenha alguma complica\u00e7\u00e3o, n\u00e3o hesite em escrever para nossa equipe de atendimento ao cliente. Nossos especialistas est\u00e3o ansiosos para resolver todas as dificuldades que voc\u00ea possa ter com o plugin. <\/p> <div class=\"faq\" data-component=\"FAQ\"><div class=\"faq-item\">\r\n\t\t\t\t\t<div class=\"faq-item-question\">\r\n\t\t\t\t\t\t<h3 class=\"faq-item-question-text\">Como posso adicionar um controle deslizante Antes e Depois ao meu site iFrame sem conhecimentos de codifica\u00e7\u00e3o?<\/h3>\r\n\r\n\t\t\t\t\t\t<div class=\"faq-item-question-icon\"><\/div>\r\n\t\t\t\t\t<\/div>\r\n\r\n\t\t\t\t\t<div class=\"faq-item-answer\">\r\n\t\t\t\t\t\t<div class=\"faq-item-answer-text\"> <p>A Elfsight fornece uma solu\u00e7\u00e3o SaaS que permite que voc\u00ea mesmo crie um widget deslizante Antes e Depois , veja como o processo \u00e9 f\u00e1cil: Trabalhe diretamente no Editor on-line para criar um widget deslizante Antes e Depois que voc\u00ea gostaria de ver em seu site iFrame. Escolha um dos modelos predefinidos e ajuste as configura\u00e7\u00f5es do controle deslizante Antes e Depois, adicione seu conte\u00fado, altere o layout e as cores sem nenhuma habilidade de codifica\u00e7\u00e3o. Salve o controle deslizante Antes e depois e copie seu c\u00f3digo de instala\u00e7\u00e3o, que voc\u00ea pode colar facilmente em seu site iFrame sem comprar uma assinatura paga. Com nosso editor intuitivo, qualquer usu\u00e1rio da Internet pode criar um widget deslizante antes e depois online e incorpor\u00e1-lo facilmente em seu site iFrame. N\u00e3o h\u00e1 necessidade de pagar ou inserir as credenciais do seu cart\u00e3o para acessar o servi\u00e7o. Se voc\u00ea enfrentar qualquer problema em qualquer etapa, n\u00e3o hesite em entrar em contato com nossa equipe de suporte t\u00e9cnico.<\/p> <\/div>\r\n\t\t\t\t\t<\/div>\r\n\t\t\t\t<\/div> <\/div><\/div>","protected":false},"excerpt":{"rendered":"","protected":false},"author":9,"featured_media":0,"parent":1019,"menu_order":0,"comment_status":"closed","ping_status":"closed","template":"templates\/template-application-platform.php","meta":{"publish_to_discourse":"","publish_post_category":"","wpdc_auto_publish_overridden":"","wpdc_topic_tags":"","wpdc_pin_topic":"","wpdc_pin_until":"","discourse_post_id":"","discourse_permalink":"","wpdc_publishing_response":"","wpdc_publishing_error":"","footnotes":""},"class_list":["post-3739","page","type-page","status-publish","hentry"],"yoast_head":"<!-- This site is optimized with the Yoast SEO plugin v25.3.1 - https:\/\/yoast.com\/wordpress\/plugins\/seo\/ -->\n<title>Controle deslizante de imagem antes e depois responsivo para site iFrame<\/title>\n<meta name=\"description\" content=\"Insira um widget deslizante Antes e Depois envolvente em seu site iFrame. Confira a demonstra\u00e7\u00e3o gratuita da Elfsight e crie seu widget personalizado em apenas 2 segundos\" \/>\n<meta name=\"robots\" content=\"index, follow, max-snippet:-1, max-image-preview:large, max-video-preview:-1\" \/>\n<link rel=\"canonical\" href=\"https:\/\/elfsight.com\/pt\/before-and-after-slider-widget\/iframe\/\" \/>\n<meta property=\"og:locale\" content=\"pt_PT\" \/>\n<meta property=\"og:type\" content=\"article\" \/>\n<meta property=\"og:title\" content=\"Controle deslizante de imagem antes e depois responsivo para site iFrame\" \/>\n<meta property=\"og:description\" content=\"Insira um widget deslizante Antes e Depois envolvente em seu site iFrame. Confira a demonstra\u00e7\u00e3o gratuita da Elfsight e crie seu widget personalizado em apenas 2 segundos\" \/>\n<meta property=\"og:url\" content=\"https:\/\/elfsight.com\/pt\/before-and-after-slider-widget\/iframe\/\" \/>\n<meta property=\"og:site_name\" content=\"Elfsight PT\" \/>\n<meta property=\"article:modified_time\" content=\"2024-11-13T11:40:30+00:00\" \/>\n<meta name=\"twitter:card\" content=\"summary_large_image\" \/>\n<meta name=\"twitter:label1\" content=\"Tempo estimado de leitura\" \/>\n\t<meta name=\"twitter:data1\" content=\"2 minutos\" \/>\n<!-- \/ Yoast SEO plugin. -->","yoast_head_json":{"title":"Controle deslizante de imagem antes e depois responsivo para site iFrame","description":"Insira um widget deslizante Antes e Depois envolvente em seu site iFrame. Confira a demonstra\u00e7\u00e3o gratuita da Elfsight e crie seu widget personalizado em apenas 2 segundos","robots":{"index":"index","follow":"follow","max-snippet":"max-snippet:-1","max-image-preview":"max-image-preview:large","max-video-preview":"max-video-preview:-1"},"canonical":"https:\/\/elfsight.com\/pt\/before-and-after-slider-widget\/iframe\/","og_locale":"pt_PT","og_type":"article","og_title":"Controle deslizante de imagem antes e depois responsivo para site iFrame","og_description":"Insira um widget deslizante Antes e Depois envolvente em seu site iFrame. Confira a demonstra\u00e7\u00e3o gratuita da Elfsight e crie seu widget personalizado em apenas 2 segundos","og_url":"https:\/\/elfsight.com\/pt\/before-and-after-slider-widget\/iframe\/","og_site_name":"Elfsight PT","article_modified_time":"2024-11-13T11:40:30+00:00","twitter_card":"summary_large_image","twitter_misc":{"Tempo estimado de leitura":"2 minutos"},"schema":{"@context":"https:\/\/schema.org","@graph":[{"@type":"WebPage","@id":"https:\/\/elfsight.com\/pt\/before-and-after-slider-widget\/iframe\/","url":"https:\/\/elfsight.com\/pt\/before-and-after-slider-widget\/iframe\/","name":"Controle deslizante de imagem antes e depois responsivo para site iFrame","isPartOf":{"@id":"https:\/\/elfsight.com\/pt\/#website"},"datePublished":"2024-05-03T06:30:22+00:00","dateModified":"2024-11-13T11:40:30+00:00","description":"Insira um widget deslizante Antes e Depois envolvente em seu site iFrame. Confira a demonstra\u00e7\u00e3o gratuita da Elfsight e crie seu widget personalizado em apenas 2 segundos","breadcrumb":{"@id":"https:\/\/elfsight.com\/pt\/before-and-after-slider-widget\/iframe\/#breadcrumb"},"inLanguage":"pt-PT","potentialAction":[{"@type":"ReadAction","target":["https:\/\/elfsight.com\/pt\/before-and-after-slider-widget\/iframe\/"]}]},{"@type":"BreadcrumbList","@id":"https:\/\/elfsight.com\/pt\/before-and-after-slider-widget\/iframe\/#breadcrumb","itemListElement":[{"@type":"ListItem","position":1,"name":"Home","item":"https:\/\/elfsight.com\/pt\/"},{"@type":"ListItem","position":2,"name":"Before and After Slider","item":"https:\/\/elfsight.com\/pt\/before-and-after-slider-widget\/"},{"@type":"ListItem","position":3,"name":"Before and After Slider &#8211; iFrame"}]},{"@type":"WebSite","@id":"https:\/\/elfsight.com\/pt\/#website","url":"https:\/\/elfsight.com\/pt\/","name":"Elfsight PT","description":"Just another Elfsight Sites site","potentialAction":[{"@type":"SearchAction","target":{"@type":"EntryPoint","urlTemplate":"https:\/\/elfsight.com\/pt\/?s={search_term_string}"},"query-input":{"@type":"PropertyValueSpecification","valueRequired":true,"valueName":"search_term_string"}}],"inLanguage":"pt-PT"}]}},"meta_box":{"industry":"","seo_heading":"","heading":"","description":"","cta_heading":"","cta_description":"","application":"1018","h1":"Controle deslizante antes e depois para iFrame","h1_caption":"Mostre como seus produtos e servi\u00e7os realmente funcionam e aumentam a receita","application_category":[],"applications_title":"","applications_request_title":"","applications_request_button_text":"","hero_text":"","hero_video":"","hero_video_schema_markup":"","selling_points_title":"","selling_points_caption":"","selling_points":[],"selling_points_cta_text":"","features_title":"","features":"","ed_cta_examples_text":"","ed_cta_examples_hidden":"","ed_cta_demo_text":"","ed_cta_demo_hidden":"","why_caption":"","why_editor_title":"","why_editor_text":"","why_team_title":"","why_team_text":"","why_service_title":"","why_service_text":"","template_catalog_visible":"","template_catalog_title":"","template_catalog_text":"","template_catalog_categories_visible":"","demo_title":"Crie seu widget Slider Antes e Depois","demo_caption":"Configure seu controle deslizante Antes e Depois e adicione-o ao seu site iFrame gratuitamente!","default_faq_hidden":"","app_template_category":[],"platform":"4911","template_public_id":"","codecanyon_url":"","codecanyon_item_id":"","codecanyon_price":"","pricing_caption":"","pricing_elfsight_apps_hide_column":"","pricing_elfsight_apps_url":"","pricing_codecanyon_price_caption":"","integration_category":[],"integration_request_title":"","integration_request_cta":"","integration_platform":"","integrations":[],"platform_category":[],"video_schema_markup":"","price":"a partir de US$ 0\/m\u00eas","trial":"","benefits":[{"text":"Ajuda de instala\u00e7\u00e3o gratuita"},{"text":"Atendimento ao cliente competente"},{"text":"Garantia de reembolso de 14 dias"},{"text":"Futuras melhorias gratuitas"}],"button_url":"#demo","button_target_blank":"0","button_nofollow":"0","attributes":[{"name":"Instala\u00e7\u00f5es","content":"10,000 - 100,000","_state":"expanded"},{"name":"Responsivo","content":"Sim","_state":"expanded"},{"name":"Navegadores compat\u00edveis","content":"Edge, Chrome, Firefox, Safari, Opera"}],"tags":[],"tags_disable_links":"0","hide_more_platforms":"","video_object":"","demo_hide_cta":"0","demo_hide_cloud_options":"0","pricing_title":"","pricing":[{"pricing_icon":"platform","pricing_title":"Elfsight Apps","pricing_title_caption":"Vers\u00e3o multiplataforma","pricing_price":"a partir de US$ 0\/m\u00eas","pricing_price_caption":"comece com plano gratuito","pricing_benefits":[{"text":"Sites ilimitados"},{"text":"Suporte profissional ao cliente"},{"text":"Suporte profissional ao cliente"},{"text":"Oferta especial para v\u00e1rios aplicativos"}],"pricing_button_text":"Adicionar ao site","pricing_button_url":"#demo","_state":"expanded"}],"related_apps_title":"","related_apps_hidden":"1","author":"","image":[],"title":"","job":"","social_networks":[]},"_links":{"self":[{"href":"https:\/\/elfsight.com\/pt\/wp-json\/wp\/v2\/pages\/3739","targetHints":{"allow":["GET"]}}],"collection":[{"href":"https:\/\/elfsight.com\/pt\/wp-json\/wp\/v2\/pages"}],"about":[{"href":"https:\/\/elfsight.com\/pt\/wp-json\/wp\/v2\/types\/page"}],"author":[{"embeddable":true,"href":"https:\/\/elfsight.com\/pt\/wp-json\/wp\/v2\/users\/9"}],"replies":[{"embeddable":true,"href":"https:\/\/elfsight.com\/pt\/wp-json\/wp\/v2\/comments?post=3739"}],"version-history":[{"count":2,"href":"https:\/\/elfsight.com\/pt\/wp-json\/wp\/v2\/pages\/3739\/revisions"}],"predecessor-version":[{"id":11655,"href":"https:\/\/elfsight.com\/pt\/wp-json\/wp\/v2\/pages\/3739\/revisions\/11655"}],"up":[{"embeddable":true,"href":"https:\/\/elfsight.com\/pt\/wp-json\/wp\/v2\/pages\/1019"}],"wp:attachment":[{"href":"https:\/\/elfsight.com\/pt\/wp-json\/wp\/v2\/media?parent=3739"}],"curies":[{"name":"wp","href":"https:\/\/api.w.org\/{rel}","templated":true}]}}