{"id":3733,"date":"2024-05-03T06:32:51","date_gmt":"2024-05-03T06:32:51","guid":{"rendered":"https:\/\/elfsight.com\/pt\/?page_id=3733"},"modified":"2025-02-10T10:57:55","modified_gmt":"2025-02-10T10:57:55","slug":"webnode","status":"publish","type":"page","link":"https:\/\/elfsight.com\/pt\/contact-form-widget\/webnode\/","title":{"rendered":"Contact Form &#8211; Webnode"},"content":{"rendered":"<div class=\"application-platform-content-item-description application-platform-content-item\" id=\"description\" data-nav-section=\"description\">\n<h2>Formul\u00e1rio de contato para Webnode<\/h2>\nNosso plugin de formul\u00e1rio de contato Webnode ajuda com quaisquer requisitos exibidos na obten\u00e7\u00e3o de avalia\u00e7\u00f5es e pedidos de clientes do seu site. Mostre os elementos necess\u00e1rios para o preenchimento, encontre seu template preferido e personalize a interface, para inspirar seus usu\u00e1rios a fazer mais pedidos em seu site.\n\n<b>Receba avalia\u00e7\u00f5es, receba pedidos e escreva respostas \u00e0s mensagens dos clientes de seu site!<\/b>\n<ul>\n \t<li><b>At\u00e9 x2 a quantidade de consultas do site<\/b>. Resolva todos os tipos de problemas e incertezas de seus clientes e n\u00e3o permita que eles se afastem do local na rede Internet. Use nosso instrumento conveniente para construir uma intera\u00e7\u00e3o \u00fatil com os clientes.<\/li>\n \t<li><b>Perceba melhor seus clientes<\/b>. D\u00favidas, descren\u00e7as e outras opini\u00f5es sobre suas ofertas ou servi\u00e7os s\u00e3o informa\u00e7\u00f5es in\u00fateis para voc\u00ea ver os desejos do p\u00fablico do seu site e organize com sucesso um plano de extens\u00e3o potencial do seu neg\u00f3cio.<\/li>\n \t<li><b>Desenvolva a comunica\u00e7\u00e3o do usu\u00e1rio<\/b>. Gra\u00e7as a layouts convenientes, design ajust\u00e1vel e notifica\u00e7\u00f5es personalizadas de &#8220;Obrigado&#8221;, voc\u00ea demonstrar\u00e1 aos usu\u00e1rios o valor deles para o seu neg\u00f3cio.<\/li>\n<\/ul>\n<\/div><div class=\"application-platform-content-item-features application-platform-content-item\" id=\"features\" data-nav-section=\"features\">\n<h2>Recursos do plugin de formul\u00e1rio de contato<\/h2>\nPor que nosso formul\u00e1rio de contato \u00e9 o melhor plugin para receber feedback e perguntas sobre Webnode? Conhe\u00e7a nossas caracter\u00edsticas b\u00e1sicas:\n<ul>\n \t<li>Defina seus pr\u00f3prios r\u00f3tulos de campo<\/li>\n \t<li>Coloque qualquer texto necess\u00e1rio antes do formul\u00e1rio na legenda<\/li>\n \t<li>5 estilos de campo visual inclu\u00eddos: cl\u00e1ssico , plano, material, cl\u00e1ssico arredondado, plano arredondado<\/li>\n \t<li>Definir um texto para aparecer ap\u00f3s o envio bem-sucedido da mensagem<\/li>\n \t<li>Design perfeito que se adapta a 99% dos sites prontos para uso<\/li>\n<\/ul>\n<a href=\"#demo\">Descubra todas as vantagens em nossa demonstra\u00e7\u00e3o<\/a><\/div><div class=\"application-platform-content-item-installation application-platform-content-item\" id=\"installation\" data-nav-section=\"installation\">\n<h2>Como adicionar widget de formul\u00e1rio de contato ao site Webnode<\/h2>\nAplicar tutorial de nossa equipe, para adicionar plugin de contato ao seu site. Voc\u00ea n\u00e3o precisar\u00e1 de compet\u00eancia em desenvolvimento web e o tempo de configura\u00e7\u00e3o completo n\u00e3o levar\u00e1 mais do que 90 segundos.\n<ol>\n \t<li><b>Crie seu formul\u00e1rio de contato personalizado<\/b>. Com a ajuda de nossa demonstra\u00e7\u00e3o gratuita, crie um plugin com layout e configura\u00e7\u00f5es desejadas.<\/li>\n \t<li><b>Receba o c\u00f3digo para configurar o plugin<\/b>. Ap\u00f3s a configura\u00e7\u00e3o do widget, obtenha o c\u00f3digo para o plugin de formul\u00e1rio na janela pop-up nos aplicativos Elfsight.<\/li>\n \t<li><b>Revele o plugin no site Webnode<\/b>. Incorpore o plugin no local desejado do site e aplique as edi\u00e7\u00f5es.<\/li>\n \t<li><b>A integra\u00e7\u00e3o foi bem-sucedida!<\/b>\u00a0Visite seu site para verificar seu trabalho.<\/li>\n<\/ol>\nAo seguir as instru\u00e7\u00f5es ou instalar seu formul\u00e1rio, voc\u00ea teve algum problema? Voc\u00ea pode tentar uma instru\u00e7\u00e3o detalhada \u00ab<a href=\"https:\/\/elfsight.com\/tutorials\/how-to-add-contact-form-plugin-to-webnode\/\" target=\"_blank\" rel=\"noopener noreferrer\">Como inserir o formul\u00e1rio de contato em um site Webnode<\/a>\u00bb e tente adicion\u00e1-lo novamente ou entre em contato com o centro de suporte da Elfsight com uma explica\u00e7\u00e3o completa do seu problema, e nossa equipe estar\u00e1 l\u00e1 para ajudar.\n\n<div class=\"faq\" data-component=\"FAQ\"> <div class=\"faq-item\">\r\n\t\t\t\t\t<div class=\"faq-item-question\">\r\n\t\t\t\t\t\t<h3 class=\"faq-item-question-text\">Como adicionar um Formul\u00e1rio de Contato ao meu site Webnode sem habilidades de codifica\u00e7\u00e3o?<\/h3>\r\n\r\n\t\t\t\t\t\t<div class=\"faq-item-question-icon\"><\/div>\r\n\t\t\t\t\t<\/div>\r\n\r\n\t\t\t\t\t<div class=\"faq-item-answer\">\r\n\t\t\t\t\t\t<div class=\"faq-item-answer-text\">A Elfsight fornece uma solu\u00e7\u00e3o SaaS que permite que voc\u00ea mesmo crie um widget de Formul\u00e1rio de Contato, veja como o processo \u00e9 f\u00e1cil: Trabalhe diretamente no Editor online para criar um widget de formul\u00e1rio de contato que voc\u00ea gostaria de ver em seu site Webnode. Escolha um dos modelos predefinidos e ajuste as configura\u00e7\u00f5es do Formul\u00e1rio de Contato, adicione seu conte\u00fado, altere o layout e o esquema de cores sem nenhuma habilidade de codifica\u00e7\u00e3o. Salve o Formul\u00e1rio de Contato e copie o c\u00f3digo de instala\u00e7\u00e3o, que voc\u00ea pode colar facilmente no seu site Webnode sem adquirir um plano pago. Com nosso editor intuitivo, qualquer usu\u00e1rio da Internet pode criar um widget de formul\u00e1rio de contato online e incorpor\u00e1-lo facilmente ao seu site Webnode. N\u00e3o h\u00e1 necessidade de pagar ou inserir as credenciais do seu cart\u00e3o para acessar o servi\u00e7o. Se voc\u00ea enfrentar qualquer problema em qualquer etapa, sinta-se \u00e0 vontade para entrar em contato com nossa equipe de suporte t\u00e9cnico.<\/div>\r\n\t\t\t\t\t<\/div>\r\n\t\t\t\t<\/div><div class=\"faq-item\">\r\n\t\t\t\t\t<div class=\"faq-item-question\">\r\n\t\t\t\t\t\t<h3 class=\"faq-item-question-text\">Existe algum modelo de formul\u00e1rio de contato para o site Webnode?<\/h3>\r\n\r\n\t\t\t\t\t\t<div class=\"faq-item-question-icon\"><\/div>\r\n\t\t\t\t\t<\/div>\r\n\r\n\t\t\t\t\t<div class=\"faq-item-answer\">\r\n\t\t\t\t\t\t<div class=\"faq-item-answer-text\">Sim, existe! A equipe da Elfsight criou uma grande cole\u00e7\u00e3o de mais de 300 modelos prontos para uso. E voc\u00ea n\u00e3o ficar\u00e1 desapontado com os <a href=\"https:\/\/elfsight.com\/online-form-builder\/templates\/contact-forms\/\">modelos de formul\u00e1rio de contato<\/a>, com certeza.<\/div>\r\n\t\t\t\t\t<\/div>\r\n\t\t\t\t<\/div> <\/div><\/div>","protected":false},"excerpt":{"rendered":"","protected":false},"author":9,"featured_media":0,"parent":715,"menu_order":0,"comment_status":"closed","ping_status":"closed","template":"templates\/template-application-platform.php","meta":{"publish_to_discourse":"","publish_post_category":"","wpdc_auto_publish_overridden":"","wpdc_topic_tags":"","wpdc_pin_topic":"","wpdc_pin_until":"","discourse_post_id":"","discourse_permalink":"","wpdc_publishing_response":"","wpdc_publishing_error":"","footnotes":""},"class_list":["post-3733","page","type-page","status-publish","hentry"],"yoast_head":"<!-- This site is optimized with the Yoast SEO plugin v25.3.1 - https:\/\/yoast.com\/wordpress\/plugins\/seo\/ -->\n<title>Crie e adicione formul\u00e1rio de contato no Webnode gratuitamente!<\/title>\n<meta name=\"description\" content=\"Gere seu plugin de formul\u00e1rio de contato para Webnode e incorpore-o em seu site em apenas 2 minutos. Configurador gratuito, ajuda para adicionar ao site e outros extras da Elfsight!\" \/>\n<meta name=\"robots\" content=\"index, follow, max-snippet:-1, max-image-preview:large, max-video-preview:-1\" \/>\n<link rel=\"canonical\" href=\"https:\/\/elfsight.com\/pt\/contact-form-widget\/webnode\/\" \/>\n<meta property=\"og:locale\" content=\"pt_PT\" \/>\n<meta property=\"og:type\" content=\"article\" \/>\n<meta property=\"og:title\" content=\"Crie e adicione formul\u00e1rio de contato no Webnode gratuitamente!\" \/>\n<meta property=\"og:description\" content=\"Gere seu plugin de formul\u00e1rio de contato para Webnode e incorpore-o em seu site em apenas 2 minutos. Configurador gratuito, ajuda para adicionar ao site e outros extras da Elfsight!\" \/>\n<meta property=\"og:url\" content=\"https:\/\/elfsight.com\/pt\/contact-form-widget\/webnode\/\" \/>\n<meta property=\"og:site_name\" content=\"Elfsight PT\" \/>\n<meta property=\"article:modified_time\" content=\"2025-02-10T10:57:55+00:00\" \/>\n<meta name=\"twitter:card\" content=\"summary_large_image\" \/>\n<meta name=\"twitter:label1\" content=\"Tempo estimado de leitura\" \/>\n\t<meta name=\"twitter:data1\" content=\"4 minutos\" \/>\n<!-- \/ Yoast SEO plugin. -->","yoast_head_json":{"title":"Crie e adicione formul\u00e1rio de contato no Webnode gratuitamente!","description":"Gere seu plugin de formul\u00e1rio de contato para Webnode e incorpore-o em seu site em apenas 2 minutos. Configurador gratuito, ajuda para adicionar ao site e outros extras da Elfsight!","robots":{"index":"index","follow":"follow","max-snippet":"max-snippet:-1","max-image-preview":"max-image-preview:large","max-video-preview":"max-video-preview:-1"},"canonical":"https:\/\/elfsight.com\/pt\/contact-form-widget\/webnode\/","og_locale":"pt_PT","og_type":"article","og_title":"Crie e adicione formul\u00e1rio de contato no Webnode gratuitamente!","og_description":"Gere seu plugin de formul\u00e1rio de contato para Webnode e incorpore-o em seu site em apenas 2 minutos. Configurador gratuito, ajuda para adicionar ao site e outros extras da Elfsight!","og_url":"https:\/\/elfsight.com\/pt\/contact-form-widget\/webnode\/","og_site_name":"Elfsight PT","article_modified_time":"2025-02-10T10:57:55+00:00","twitter_card":"summary_large_image","twitter_misc":{"Tempo estimado de leitura":"4 minutos"},"schema":{"@context":"https:\/\/schema.org","@graph":[{"@type":"WebPage","@id":"https:\/\/elfsight.com\/pt\/contact-form-widget\/webnode\/","url":"https:\/\/elfsight.com\/pt\/contact-form-widget\/webnode\/","name":"Crie e adicione formul\u00e1rio de contato no Webnode gratuitamente!","isPartOf":{"@id":"https:\/\/elfsight.com\/pt\/#website"},"datePublished":"2024-05-03T06:32:51+00:00","dateModified":"2025-02-10T10:57:55+00:00","description":"Gere seu plugin de formul\u00e1rio de contato para Webnode e incorpore-o em seu site em apenas 2 minutos. Configurador gratuito, ajuda para adicionar ao site e outros extras da Elfsight!","breadcrumb":{"@id":"https:\/\/elfsight.com\/pt\/contact-form-widget\/webnode\/#breadcrumb"},"inLanguage":"pt-PT","potentialAction":[{"@type":"ReadAction","target":["https:\/\/elfsight.com\/pt\/contact-form-widget\/webnode\/"]}]},{"@type":"BreadcrumbList","@id":"https:\/\/elfsight.com\/pt\/contact-form-widget\/webnode\/#breadcrumb","itemListElement":[{"@type":"ListItem","position":1,"name":"Home","item":"https:\/\/elfsight.com\/pt\/"},{"@type":"ListItem","position":2,"name":"Contact Form","item":"https:\/\/elfsight.com\/pt\/contact-form-widget\/"},{"@type":"ListItem","position":3,"name":"Contact Form &#8211; Webnode"}]},{"@type":"WebSite","@id":"https:\/\/elfsight.com\/pt\/#website","url":"https:\/\/elfsight.com\/pt\/","name":"Elfsight PT","description":"Just another Elfsight Sites site","potentialAction":[{"@type":"SearchAction","target":{"@type":"EntryPoint","urlTemplate":"https:\/\/elfsight.com\/pt\/?s={search_term_string}"},"query-input":{"@type":"PropertyValueSpecification","valueRequired":true,"valueName":"search_term_string"}}],"inLanguage":"pt-PT"}]}},"meta_box":{"industry":"","seo_heading":"","heading":"","description":"","cta_heading":"","cta_description":"","application":"714","h1":"Widget de formul\u00e1rio de contato Webnode","h1_caption":"Obtenha avalia\u00e7\u00f5es de cada cliente do site e utilize-as para desenvolver seu neg\u00f3cio","application_category":[],"applications_title":"","applications_request_title":"","applications_request_button_text":"","hero_text":"","hero_video":"","hero_video_schema_markup":"","selling_points_title":"","selling_points_caption":"","selling_points":[],"selling_points_cta_text":"","features_title":"","features":"","ed_cta_examples_text":"","ed_cta_examples_hidden":"","ed_cta_demo_text":"","ed_cta_demo_hidden":"","why_caption":"","why_editor_title":"","why_editor_text":"","why_team_title":"","why_team_text":"","why_service_title":"","why_service_text":"","template_catalog_visible":"0","template_catalog_title":"","template_catalog_text":"","template_catalog_categories_visible":"","demo_title":"Crie seu widget de formul\u00e1rio de contato","demo_caption":"Configure seu Formul\u00e1rio de Contato e adicione-o ao seu site Webnode gratuitamente!","default_faq_hidden":"","app_template_category":[],"platform":"4917","template_public_id":"","codecanyon_url":"","codecanyon_item_id":"","codecanyon_price":"","pricing_caption":"","pricing_elfsight_apps_hide_column":"","pricing_elfsight_apps_url":"","pricing_codecanyon_price_caption":"","integration_category":[],"integration_request_title":"","integration_request_cta":"","integration_platform":"","integrations":[],"platform_category":[],"video_schema_markup":"","price":"a partir de US$ 0\/m\u00eas","trial":"","benefits":[{"text":"Assist\u00eancia de instala\u00e7\u00e3o gratuita"},{"text":"Atendimento ao cliente eficaz"},{"text":"Garantia de devolu\u00e7\u00e3o do dinheiro em 14 dias"},{"text":"Atualiza\u00e7\u00f5es gratuitas cont\u00ednuas"}],"button_url":"#demo","button_target_blank":"0","button_nofollow":"0","attributes":[{"name":"Instala\u00e7\u00f5es","content":"100,000 - 500,000","_state":"expanded"},{"name":"Responsivo","content":"Sim","_state":"expanded"},{"name":"Navegadores compat\u00edveis","content":"Firefox, Safari, Opera, Chrome, Edge"}],"tags":[],"tags_disable_links":"0","hide_more_platforms":"0","video_object":"","demo_hide_cta":"0","demo_hide_cloud_options":"0","pricing_title":"","pricing":[{"pricing_icon":"platform","pricing_title":"Webnode widget","pricing_title_caption":"Solu\u00e7\u00e3o digital multiplataforma adequada para qualquer site","pricing_price":"a partir de US$ 0\/m\u00eas","pricing_price_caption":"comece com plano gratuito","pricing_benefits":[{"text":"Dom\u00ednios ilimitados"},{"text":"Suporte profissional e bem documentado"},{"text":"Suporte profissional e bem documentado"},{"text":"Oferta por tempo limitado para v\u00e1rios aplicativos"}],"pricing_button_text":"Adicionar ao site","pricing_button_url":"#demo","_state":"expanded"}],"related_apps_title":"","related_apps_hidden":"1","author":"","image":[],"title":"","job":"","social_networks":[]},"_links":{"self":[{"href":"https:\/\/elfsight.com\/pt\/wp-json\/wp\/v2\/pages\/3733","targetHints":{"allow":["GET"]}}],"collection":[{"href":"https:\/\/elfsight.com\/pt\/wp-json\/wp\/v2\/pages"}],"about":[{"href":"https:\/\/elfsight.com\/pt\/wp-json\/wp\/v2\/types\/page"}],"author":[{"embeddable":true,"href":"https:\/\/elfsight.com\/pt\/wp-json\/wp\/v2\/users\/9"}],"replies":[{"embeddable":true,"href":"https:\/\/elfsight.com\/pt\/wp-json\/wp\/v2\/comments?post=3733"}],"version-history":[{"count":3,"href":"https:\/\/elfsight.com\/pt\/wp-json\/wp\/v2\/pages\/3733\/revisions"}],"predecessor-version":[{"id":13831,"href":"https:\/\/elfsight.com\/pt\/wp-json\/wp\/v2\/pages\/3733\/revisions\/13831"}],"up":[{"embeddable":true,"href":"https:\/\/elfsight.com\/pt\/wp-json\/wp\/v2\/pages\/715"}],"wp:attachment":[{"href":"https:\/\/elfsight.com\/pt\/wp-json\/wp\/v2\/media?parent=3733"}],"curies":[{"name":"wp","href":"https:\/\/api.w.org\/{rel}","templated":true}]}}