{"id":3731,"date":"2024-05-03T06:33:17","date_gmt":"2024-05-03T06:33:17","guid":{"rendered":"https:\/\/elfsight.com\/pt\/?page_id=3731"},"modified":"2024-11-13T12:03:11","modified_gmt":"2024-11-13T12:03:11","slug":"webnode","status":"publish","type":"page","link":"https:\/\/elfsight.com\/pt\/cookie-consent-widget\/webnode\/","title":{"rendered":"Cookie Consent &#8211; Webnode"},"content":{"rendered":"<div class=\"application-platform-content-item-description application-platform-content-item\" id=\"description\" data-nav-section=\"description\"><h2>Descri\u00e7\u00e3o<\/h2><p>Atrav\u00e9s do widget Cookie da Elfsight, tornou-se absolutamente f\u00e1cil anunciar aos visitantes que o seu site utiliza cookies, atrav\u00e9s de uma janela pop-up limpa. O widget permite que voc\u00ea escreva sua mensagem, adicione um link para a pol\u00edtica de uso do site e mostre bot\u00f5es ativos para obter aprova\u00e7\u00e3o dos usu\u00e1rios. Voc\u00ea pode optar por exibir a notifica\u00e7\u00e3o como uma barra ou caixa e selecionar a posi\u00e7\u00e3o na p\u00e1gina. Al\u00e9m disso, a op\u00e7\u00e3o de escolher cores personalizadas o ajudar\u00e1 a torn\u00e1-lo consistente e a integrar-se bem ao estilo do site. <\/p> <div class=\"faq\" data-component=\"FAQ\"><div class=\"faq-item\">\r\n\t\t\t\t\t<div class=\"faq-item-question\">\r\n\t\t\t\t\t\t<h3 class=\"faq-item-question-text\">Onde posso incorporar este plugin<\/h3>\r\n\r\n\t\t\t\t\t\t<div class=\"faq-item-question-icon\"><\/div>\r\n\t\t\t\t\t<\/div>\r\n\r\n\t\t\t\t\t<div class=\"faq-item-answer\">\r\n\t\t\t\t\t\t<div class=\"faq-item-answer-text\"><p>\u00c9 f\u00e1cil colocar o an\u00fancio em qualquer uma das p\u00e1ginas do seu site ou em todas elas, dependendo de onde voc\u00ea precisa dele. Quando um usu\u00e1rio entra na p\u00e1gina, uma notifica\u00e7\u00e3o ser\u00e1 exibida imediatamente. <\/p> <\/div>\r\n\t\t\t\t\t<\/div>\r\n\t\t\t\t<\/div><div class=\"faq-item\">\r\n\t\t\t\t\t<div class=\"faq-item-question\">\r\n\t\t\t\t\t\t<h3 class=\"faq-item-question-text\">Como posso beneficiar do widget? <\/h3>\r\n\r\n\t\t\t\t\t\t<div class=\"faq-item-question-icon\"><\/div>\r\n\t\t\t\t\t<\/div>\r\n\r\n\t\t\t\t\t<div class=\"faq-item-answer\">\r\n\t\t\t\t\t\t<div class=\"faq-item-answer-text\"><p>O Elfsight Cookie Consent ir\u00e1 ajud\u00e1-lo a organizar um an\u00fancio instant\u00e2neo de cookies, sem codifica\u00e7\u00e3o e com a m\u00e1xima rapidez. Possui todos os idiomas europeus mais populares para garantir uma experi\u00eancia de usu\u00e1rio confort\u00e1vel para o p\u00fablico do site. <\/p> <\/div>\r\n\t\t\t\t\t<\/div>\r\n\t\t\t\t<\/div><div class=\"faq-item\">\r\n\t\t\t\t\t<div class=\"faq-item-question\">\r\n\t\t\t\t\t\t<h3 class=\"faq-item-question-text\">Como fa\u00e7o para incorporar o consentimento de cookies no meu site Webnode?<\/h3>\r\n\r\n\t\t\t\t\t\t<div class=\"faq-item-question-icon\"><\/div>\r\n\t\t\t\t\t<\/div>\r\n\r\n\t\t\t\t\t<div class=\"faq-item-answer\">\r\n\t\t\t\t\t\t<div class=\"faq-item-answer-text\"><p>Leva apenas um minuto para configurar o widget. A incorpora\u00e7\u00e3o \u00e9 super r\u00e1pida, gratuita e sem codifica\u00e7\u00e3o. <\/p><p>Existe uma op\u00e7\u00e3o de colocar consentimento de cookies em seu site diretamente por meio de nosso servi\u00e7o. Basta seguir as etapas das instru\u00e7\u00f5es a seguir nesta p\u00e1gina. <\/p><\/div>\r\n\t\t\t\t\t<\/div>\r\n\t\t\t\t<\/div><\/div><\/div><div class=\"application-platform-content-item-features application-platform-content-item\" id=\"features\" data-nav-section=\"features\"><h2>Recursos<\/h2><p>Para ter uma compreens\u00e3o clara do widget, consulte a lista de suas fun\u00e7\u00f5es essenciais. Eles ajudam a torn\u00e1-lo eficaz para o seu neg\u00f3cio: <\/p><ul><li>Crie apenas uma notifica\u00e7\u00e3o ou solicite consentimento; <\/li> <li> Insira um texto de notifica\u00e7\u00e3o personalizado com op\u00e7\u00f5es de formata\u00e7\u00e3o e links; <\/li> <li>Exibir ou ocultar um link ativo para a pol\u00edtica de cookies com r\u00f3tulo de link personalizado; <\/li> <li>A op\u00e7\u00e3o de escolher o tipo de layout de barra ou caixa da notifica\u00e7\u00e3o; <\/li> <li>Escolha uma cor personalizada para bot\u00f5es e links. <\/li> <\/ul><p><a href=\"#demo\">A demonstra\u00e7\u00e3o ao vivo revelar\u00e1 mais recursos para voc\u00ea<\/a><\/p><\/div><div class=\"application-platform-content-item-installation application-platform-content-item\" id=\"installation\" data-nav-section=\"installation\"><h2>Veja como configurar o widget Cookie Consent no seu site Webnode<\/h2><p>Estas v\u00e1rias etapas s\u00e3o a \u00fanica coisa que voc\u00ea precisa fazer: <\/p><ol><li><b>Projete seu cookie pessoal plugin<\/b><br> Gerenciando nossa demonstra\u00e7\u00e3o gratuita, gere um plugin com layout e funcionalidade prefer\u00edveis. <\/li><li><b>Adquira o c\u00f3digo pessoal para publicar o plugin<\/b><br> Depois de gerar o seu widget, voc\u00ea receber\u00e1 seu c\u00f3digo pessoal na notifica\u00e7\u00e3o pop-up nos aplicativos da Elfsight. Copie-o para uso futuro. <\/li> <li><b>Incorpore o plugin em seu site Webnode<\/b><br> Escolha o local onde voc\u00ea deseja mostrar o plugin e adicione o c\u00f3digo copiado l\u00e1. Publique as altera\u00e7\u00f5es. <\/li> <li><b>A configura\u00e7\u00e3o foi bem-sucedida! <\/b><br> Visite o site para dar uma olhada no seu plugin. <\/li> <\/ol><p>Ainda n\u00e3o consegue tomar uma decis\u00e3o? Ou trope\u00e7ou em alguma coisa? Basta direcionar uma solicita\u00e7\u00e3o ao nosso departamento de suporte ao cliente. Eles ajudar\u00e3o a resolver todos os problemas. <\/p><\/div>","protected":false},"excerpt":{"rendered":"","protected":false},"author":9,"featured_media":0,"parent":618,"menu_order":0,"comment_status":"closed","ping_status":"closed","template":"templates\/template-application-platform.php","meta":{"publish_to_discourse":"","publish_post_category":"","wpdc_auto_publish_overridden":"","wpdc_topic_tags":"","wpdc_pin_topic":"","wpdc_pin_until":"","discourse_post_id":"","discourse_permalink":"","wpdc_publishing_response":"","wpdc_publishing_error":"","footnotes":""},"class_list":["post-3731","page","type-page","status-publish","hentry"],"yoast_head":"<!-- This site is optimized with the Yoast SEO plugin v25.3.1 - https:\/\/yoast.com\/wordpress\/plugins\/seo\/ -->\n<title>Adicionar consentimento de cookies ao site Webnode (gr\u00e1tis e r\u00e1pido)<\/title>\n<meta name=\"description\" content=\"\u00c9 absolutamente simples moldar seu widget de consentimento de cookies e exibi-lo no site Webnode. O atendimento ao cliente da Elfsight \u00e9 gratuito.\" \/>\n<meta name=\"robots\" content=\"index, follow, max-snippet:-1, max-image-preview:large, max-video-preview:-1\" \/>\n<link rel=\"canonical\" href=\"https:\/\/elfsight.com\/pt\/cookie-consent-widget\/webnode\/\" \/>\n<meta property=\"og:locale\" content=\"pt_PT\" \/>\n<meta property=\"og:type\" content=\"article\" \/>\n<meta property=\"og:title\" content=\"Adicionar consentimento de cookies ao site Webnode (gr\u00e1tis e r\u00e1pido)\" \/>\n<meta property=\"og:description\" content=\"\u00c9 absolutamente simples moldar seu widget de consentimento de cookies e exibi-lo no site Webnode. O atendimento ao cliente da Elfsight \u00e9 gratuito.\" \/>\n<meta property=\"og:url\" content=\"https:\/\/elfsight.com\/pt\/cookie-consent-widget\/webnode\/\" \/>\n<meta property=\"og:site_name\" content=\"Elfsight PT\" \/>\n<meta property=\"article:modified_time\" content=\"2024-11-13T12:03:11+00:00\" \/>\n<meta name=\"twitter:card\" content=\"summary_large_image\" \/>\n<meta name=\"twitter:label1\" content=\"Tempo estimado de leitura\" \/>\n\t<meta name=\"twitter:data1\" content=\"2 minutos\" \/>\n<!-- \/ Yoast SEO plugin. -->","yoast_head_json":{"title":"Adicionar consentimento de cookies ao site Webnode (gr\u00e1tis e r\u00e1pido)","description":"\u00c9 absolutamente simples moldar seu widget de consentimento de cookies e exibi-lo no site Webnode. O atendimento ao cliente da Elfsight \u00e9 gratuito.","robots":{"index":"index","follow":"follow","max-snippet":"max-snippet:-1","max-image-preview":"max-image-preview:large","max-video-preview":"max-video-preview:-1"},"canonical":"https:\/\/elfsight.com\/pt\/cookie-consent-widget\/webnode\/","og_locale":"pt_PT","og_type":"article","og_title":"Adicionar consentimento de cookies ao site Webnode (gr\u00e1tis e r\u00e1pido)","og_description":"\u00c9 absolutamente simples moldar seu widget de consentimento de cookies e exibi-lo no site Webnode. O atendimento ao cliente da Elfsight \u00e9 gratuito.","og_url":"https:\/\/elfsight.com\/pt\/cookie-consent-widget\/webnode\/","og_site_name":"Elfsight PT","article_modified_time":"2024-11-13T12:03:11+00:00","twitter_card":"summary_large_image","twitter_misc":{"Tempo estimado de leitura":"2 minutos"},"schema":{"@context":"https:\/\/schema.org","@graph":[{"@type":"WebPage","@id":"https:\/\/elfsight.com\/pt\/cookie-consent-widget\/webnode\/","url":"https:\/\/elfsight.com\/pt\/cookie-consent-widget\/webnode\/","name":"Adicionar consentimento de cookies ao site Webnode (gr\u00e1tis e r\u00e1pido)","isPartOf":{"@id":"https:\/\/elfsight.com\/pt\/#website"},"datePublished":"2024-05-03T06:33:17+00:00","dateModified":"2024-11-13T12:03:11+00:00","description":"\u00c9 absolutamente simples moldar seu widget de consentimento de cookies e exibi-lo no site Webnode. O atendimento ao cliente da Elfsight \u00e9 gratuito.","breadcrumb":{"@id":"https:\/\/elfsight.com\/pt\/cookie-consent-widget\/webnode\/#breadcrumb"},"inLanguage":"pt-PT","potentialAction":[{"@type":"ReadAction","target":["https:\/\/elfsight.com\/pt\/cookie-consent-widget\/webnode\/"]}]},{"@type":"BreadcrumbList","@id":"https:\/\/elfsight.com\/pt\/cookie-consent-widget\/webnode\/#breadcrumb","itemListElement":[{"@type":"ListItem","position":1,"name":"Home","item":"https:\/\/elfsight.com\/pt\/"},{"@type":"ListItem","position":2,"name":"Cookie Consent","item":"https:\/\/elfsight.com\/pt\/cookie-consent-widget\/"},{"@type":"ListItem","position":3,"name":"Cookie Consent &#8211; Webnode"}]},{"@type":"WebSite","@id":"https:\/\/elfsight.com\/pt\/#website","url":"https:\/\/elfsight.com\/pt\/","name":"Elfsight PT","description":"Just another Elfsight Sites site","potentialAction":[{"@type":"SearchAction","target":{"@type":"EntryPoint","urlTemplate":"https:\/\/elfsight.com\/pt\/?s={search_term_string}"},"query-input":{"@type":"PropertyValueSpecification","valueRequired":true,"valueName":"search_term_string"}}],"inLanguage":"pt-PT"}]}},"meta_box":{"industry":"","seo_heading":"","heading":"","description":"","cta_heading":"","cta_description":"","application":"617","h1":"Consentimento de Cookies Webnode","h1_caption":"Mostre um an\u00fancio r\u00e1pido de cookie com bot\u00e3o de consentimento para visitantes","application_category":[],"applications_title":"","applications_request_title":"","applications_request_button_text":"","hero_text":"","hero_video":"","hero_video_schema_markup":"","selling_points_title":"","selling_points_caption":"","selling_points":[],"selling_points_cta_text":"","features_title":"","features":"","ed_cta_examples_text":"","ed_cta_examples_hidden":"","ed_cta_demo_text":"","ed_cta_demo_hidden":"","why_caption":"","why_editor_title":"","why_editor_text":"","why_team_title":"","why_team_text":"","why_service_title":"","why_service_text":"","template_catalog_visible":"","template_catalog_title":"","template_catalog_text":"","template_catalog_categories_visible":"","demo_title":"Crie seu widget de consentimento de cookies","demo_caption":"Configure seu consentimento de cookies e adicione-o ao seu site Webnode gratuitamente!","default_faq_hidden":"","app_template_category":[],"platform":"4917","template_public_id":"","codecanyon_url":"","codecanyon_item_id":"","codecanyon_price":"","pricing_caption":"","pricing_elfsight_apps_hide_column":"","pricing_elfsight_apps_url":"","pricing_codecanyon_price_caption":"","integration_category":[],"integration_request_title":"","integration_request_cta":"","integration_platform":"","integrations":[],"platform_category":[],"video_schema_markup":"","price":"a partir de US$ 0\/m\u00eas","trial":"","benefits":[{"text":"Servi\u00e7o de instala\u00e7\u00e3o gratuito"},{"text":"Atendimento ao cliente profissional"},{"text":"Garantia de devolu\u00e7\u00e3o do dinheiro em 14 dias"},{"text":"Melhorias gratuitas vital\u00edcias"}],"button_url":"#demo","button_target_blank":"0","button_nofollow":"0","attributes":[{"name":"Instala\u00e7\u00f5es","content":"100,000 - 500,000","_state":"expanded"},{"name":"Responsivo","content":"Sim","_state":"expanded"},{"name":"Navegadores compat\u00edveis","content":"Firefox, Safari, Opera, Chrome, Edge"}],"tags":[],"tags_disable_links":"0","hide_more_platforms":"","video_object":"","demo_hide_cta":"0","demo_hide_cloud_options":"0","pricing_title":"","pricing":[{"pricing_icon":"platform","pricing_title":"Elfsight Apps","pricing_title_caption":"Software multiplataforma","pricing_price":"a partir de US$ 0\/m\u00eas","pricing_price_caption":"comece com plano gratuito","pricing_benefits":[{"text":"Dom\u00ednios ilimitados"},{"text":"Suporte dedicado e pontual"},{"text":"Suporte dedicado e pontual"},{"text":"Oferta por tempo limitado para v\u00e1rios aplicativos"}],"pricing_button_text":"Adicionar ao site","pricing_button_url":"#demo","_state":"expanded"}],"related_apps_title":"","related_apps_hidden":"1","author":"","image":[],"title":"","job":"","social_networks":[]},"_links":{"self":[{"href":"https:\/\/elfsight.com\/pt\/wp-json\/wp\/v2\/pages\/3731","targetHints":{"allow":["GET"]}}],"collection":[{"href":"https:\/\/elfsight.com\/pt\/wp-json\/wp\/v2\/pages"}],"about":[{"href":"https:\/\/elfsight.com\/pt\/wp-json\/wp\/v2\/types\/page"}],"author":[{"embeddable":true,"href":"https:\/\/elfsight.com\/pt\/wp-json\/wp\/v2\/users\/9"}],"replies":[{"embeddable":true,"href":"https:\/\/elfsight.com\/pt\/wp-json\/wp\/v2\/comments?post=3731"}],"version-history":[{"count":2,"href":"https:\/\/elfsight.com\/pt\/wp-json\/wp\/v2\/pages\/3731\/revisions"}],"predecessor-version":[{"id":11709,"href":"https:\/\/elfsight.com\/pt\/wp-json\/wp\/v2\/pages\/3731\/revisions\/11709"}],"up":[{"embeddable":true,"href":"https:\/\/elfsight.com\/pt\/wp-json\/wp\/v2\/pages\/618"}],"wp:attachment":[{"href":"https:\/\/elfsight.com\/pt\/wp-json\/wp\/v2\/media?parent=3731"}],"curies":[{"name":"wp","href":"https:\/\/api.w.org\/{rel}","templated":true}]}}