{"id":3724,"date":"2024-05-03T06:30:08","date_gmt":"2024-05-03T06:30:08","guid":{"rendered":"https:\/\/elfsight.com\/pt\/?page_id=3724"},"modified":"2024-11-13T11:22:27","modified_gmt":"2024-11-13T11:22:27","slug":"google-sites","status":"publish","type":"page","link":"https:\/\/elfsight.com\/pt\/before-and-after-slider-widget\/google-sites\/","title":{"rendered":"Before and after slider &#8211; Google Sites"},"content":{"rendered":"<div class=\"application-platform-content-item-description application-platform-content-item\" id=\"description\" data-nav-section=\"description\"> <h2>Incorporar o controle deslizante Antes e Depois no Google Sites com o widget da Elfsight<\/h2> <p>O widget Antes e Depois da Elfsight permitir\u00e1 que voc\u00ea configure fotos de venda surpreendentes para o seu site. Os clientes poder\u00e3o ver de uma s\u00f3 vez todas as altera\u00e7\u00f5es que seus produtos ou servi\u00e7os fazem. Basta fazer upload de duas imagens para o controle deslizante de compara\u00e7\u00e3o do Google Site e elas aparecer\u00e3o com uma divis\u00f3ria que se move para detectar a diferen\u00e7a. Voc\u00ea pode publicar slides ilimitados, cada um com sua legenda. A orienta\u00e7\u00e3o do divisor pode ser horizontal ou vertical e voc\u00ea pode escolher a propor\u00e7\u00e3o de imagem mais adequada. Seus usu\u00e1rios n\u00e3o escapar\u00e3o de fazer um pedido, uma vez que conhe\u00e7am o resultado real de suas ofertas! <\/p> <p><b>Aproveite o melhor de antes e antes. ap\u00f3s o plugin para superar seus desafios de com\u00e9rcio eletr\u00f4nico mais rapidamente! <\/b><\/p> <\/div><div class=\"application-platform-content-item-features application-platform-content-item\" id=\"features\" data-nav-section=\"features\"> <h2>Estes s\u00e3o apenas alguns dos v\u00e1rios recursos do widget: <\/h2> <ul><li>Incorpore pares ilimitados de Antes e Depois de imagens<\/li> <li>Adicione legendas com formata\u00e7\u00e3o de texto a cada foto<\/li><li>Dois layouts prontos: Lista e Carrossel<\/li><li>Dire\u00e7\u00e3o horizontal ou vertical da divis\u00f3ria<\/li><li> Clique e arraste ou simplesmente passe o mouse para mover o divisor<\/li><li>Deslize nas telas sens\u00edveis ao toque<\/li><\/ul><p><a href=\"#demo\">Experimente todas as configura\u00e7\u00f5es em 100 demonstra\u00e7\u00f5es funcionais<\/a><\/p> <\/div><div class=\"application-platform-content-item-installation application-platform-content-item\" id=\"installation\" data-nav-section=\"installation\"> <h2>Como adicionar o controle deslizante Antes e Depois em meus Google Sites? <\/h2><div class=\"video-container\"><iframe width=\"720\" height=\"405\" src=\"https:\/\/www.youtube.com\/embed\/6Y9Kc_G2vxA\" frameborder=\"0\" allowfullscreen=\"\"><\/iframe><\/div><p>Basta seguir estas etapas abaixo para integrar o widget de compara\u00e7\u00e3o. <\/p> <ol><li><b>Execute nosso editor gratuito e comece a construir seu instrumento personalizado.<\/b><br> Determine a forma e as especifica\u00e7\u00f5es adequadas da ferramenta e salve as edi\u00e7\u00f5es.<\/li> <li><b>Adquira o c\u00f3digo pessoal exposto na janela dos aplicativos Elfsight<\/b><br> Ap\u00f3s a personaliza\u00e7\u00e3o do seu plugin pessoal, copie o c\u00f3digo individual da janela exibida e guarde-o para uso futuro.<\/li> <li><b>Comece a usar o controle deslizante de compara\u00e7\u00e3o em seu Google Sites<\/b><br> Insira o c\u00f3digo que voc\u00ea copiou recentemente em seu site e aplique as modifica\u00e7\u00f5es.<\/li> <li><b> Voc\u00ea Terminou! A configura\u00e7\u00e3o foi finalizada com sucesso<\/b><br> Acesse seu site para visualizar o funcionamento do widget.<\/li><\/ol> <div class=\"tip-yellow tip\"><b>Devido \u00e0s peculiaridades de funcionamento do Google Sites, o widget pode parecem diferentes da demonstra\u00e7\u00e3o online. Pedimos desculpas por qualquer inconveniente causado.<\/b><\/div><p>Caso voc\u00ea tenha d\u00favidas ou enfrente algum problema, n\u00e3o hesite em entrar em contato com nossa equipe de atendimento ao cliente. Nossos consultores ter\u00e3o prazer em resolver todos os problemas que voc\u00ea possa ter na ferramenta.<\/p> <div class=\"faq\" data-component=\"FAQ\"><div class=\"faq-item\">\r\n\t\t\t\t\t<div class=\"faq-item-question\">\r\n\t\t\t\t\t\t<h3 class=\"faq-item-question-text\">Como adicionar um controle deslizante Antes e depois ao meu site do Google Sites sem habilidades de codifica\u00e7\u00e3o?<\/h3>\r\n\r\n\t\t\t\t\t\t<div class=\"faq-item-question-icon\"><\/div>\r\n\t\t\t\t\t<\/div>\r\n\r\n\t\t\t\t\t<div class=\"faq-item-answer\">\r\n\t\t\t\t\t\t<div class=\"faq-item-answer-text\"> <p>A Elfsight fornece uma solu\u00e7\u00e3o SaaS que lhe permite criar voc\u00ea mesmo um widget de controle deslizante Antes e Depois. Veja como o processo \u00e9 f\u00e1cil: Trabalhe diretamente no Editor on-line para criar um widget deslizante Antes e Depois que voc\u00ea gostaria de ver no seu site do Google Sites. Escolha um dos modelos predefinidos e ajuste as configura\u00e7\u00f5es do controle deslizante Antes e Depois, adicione seu conte\u00fado, altere o layout e as cores sem nenhuma habilidade de codifica\u00e7\u00e3o. Salve o controle deslizante Antes e depois e copie seu c\u00f3digo de instala\u00e7\u00e3o, que voc\u00ea pode incorporar facilmente em seu site do Google Sites sem comprar uma vers\u00e3o paga. Com nosso editor intuitivo, qualquer usu\u00e1rio da Internet pode criar um widget deslizante antes e depois on-line e incorpor\u00e1-lo facilmente ao site do Google Sites. N\u00e3o h\u00e1 necessidade de pagar ou inserir as credenciais do seu cart\u00e3o para acessar o servi\u00e7o. Se voc\u00ea enfrentar qualquer problema em qualquer etapa, n\u00e3o hesite em entrar em contato com nossa equipe de suporte t\u00e9cnico.<\/p> <\/div>\r\n\t\t\t\t\t<\/div>\r\n\t\t\t\t<\/div> <\/div><\/div><!-- wp:par\u00e1grafo --><p><\/p><!-- \/wp:par\u00e1grafo -->","protected":false},"excerpt":{"rendered":"","protected":false},"author":9,"featured_media":0,"parent":1019,"menu_order":0,"comment_status":"closed","ping_status":"closed","template":"templates\/template-application-platform.php","meta":{"publish_to_discourse":"","publish_post_category":"","wpdc_auto_publish_overridden":"","wpdc_topic_tags":"","wpdc_pin_topic":"","wpdc_pin_until":"","discourse_post_id":"","discourse_permalink":"","wpdc_publishing_response":"","wpdc_publishing_error":"","footnotes":""},"class_list":["post-3724","page","type-page","status-publish","hentry"],"yoast_head":"<!-- This site is optimized with the Yoast SEO plugin v25.3.1 - https:\/\/yoast.com\/wordpress\/plugins\/seo\/ -->\n<title>Slider Antes e Depois - Adicionar widget de compara\u00e7\u00e3o ao Google Sites (2025)<\/title>\n<meta name=\"description\" content=\"Adicione um widget deslizante Antes e Depois personaliz\u00e1vel em seus Google Sites. Confira uma demonstra\u00e7\u00e3o abrangente e gere seu widget de compara\u00e7\u00e3o personalizado.\" \/>\n<meta name=\"robots\" content=\"index, follow, max-snippet:-1, max-image-preview:large, max-video-preview:-1\" \/>\n<link rel=\"canonical\" href=\"https:\/\/elfsight.com\/pt\/before-and-after-slider-widget\/google-sites\/\" \/>\n<meta property=\"og:locale\" content=\"pt_PT\" \/>\n<meta property=\"og:type\" content=\"article\" \/>\n<meta property=\"og:title\" content=\"Slider Antes e Depois - Adicionar widget de compara\u00e7\u00e3o ao Google Sites (2025)\" \/>\n<meta property=\"og:description\" content=\"Adicione um widget deslizante Antes e Depois personaliz\u00e1vel em seus Google Sites. Confira uma demonstra\u00e7\u00e3o abrangente e gere seu widget de compara\u00e7\u00e3o personalizado.\" \/>\n<meta property=\"og:url\" content=\"https:\/\/elfsight.com\/pt\/before-and-after-slider-widget\/google-sites\/\" \/>\n<meta property=\"og:site_name\" content=\"Elfsight PT\" \/>\n<meta property=\"article:modified_time\" content=\"2024-11-13T11:22:27+00:00\" \/>\n<meta name=\"twitter:card\" content=\"summary_large_image\" \/>\n<meta name=\"twitter:label1\" content=\"Tempo estimado de leitura\" \/>\n\t<meta name=\"twitter:data1\" content=\"2 minutos\" \/>\n<!-- \/ Yoast SEO plugin. -->","yoast_head_json":{"title":"Slider Antes e Depois - Adicionar widget de compara\u00e7\u00e3o ao Google Sites (2025)","description":"Adicione um widget deslizante Antes e Depois personaliz\u00e1vel em seus Google Sites. Confira uma demonstra\u00e7\u00e3o abrangente e gere seu widget de compara\u00e7\u00e3o personalizado.","robots":{"index":"index","follow":"follow","max-snippet":"max-snippet:-1","max-image-preview":"max-image-preview:large","max-video-preview":"max-video-preview:-1"},"canonical":"https:\/\/elfsight.com\/pt\/before-and-after-slider-widget\/google-sites\/","og_locale":"pt_PT","og_type":"article","og_title":"Slider Antes e Depois - Adicionar widget de compara\u00e7\u00e3o ao Google Sites (2025)","og_description":"Adicione um widget deslizante Antes e Depois personaliz\u00e1vel em seus Google Sites. Confira uma demonstra\u00e7\u00e3o abrangente e gere seu widget de compara\u00e7\u00e3o personalizado.","og_url":"https:\/\/elfsight.com\/pt\/before-and-after-slider-widget\/google-sites\/","og_site_name":"Elfsight PT","article_modified_time":"2024-11-13T11:22:27+00:00","twitter_card":"summary_large_image","twitter_misc":{"Tempo estimado de leitura":"2 minutos"},"schema":{"@context":"https:\/\/schema.org","@graph":[{"@type":"WebPage","@id":"https:\/\/elfsight.com\/pt\/before-and-after-slider-widget\/google-sites\/","url":"https:\/\/elfsight.com\/pt\/before-and-after-slider-widget\/google-sites\/","name":"Slider Antes e Depois - Adicionar widget de compara\u00e7\u00e3o ao Google Sites (2025)","isPartOf":{"@id":"https:\/\/elfsight.com\/pt\/#website"},"datePublished":"2024-05-03T06:30:08+00:00","dateModified":"2024-11-13T11:22:27+00:00","description":"Adicione um widget deslizante Antes e Depois personaliz\u00e1vel em seus Google Sites. Confira uma demonstra\u00e7\u00e3o abrangente e gere seu widget de compara\u00e7\u00e3o personalizado.","breadcrumb":{"@id":"https:\/\/elfsight.com\/pt\/before-and-after-slider-widget\/google-sites\/#breadcrumb"},"inLanguage":"pt-PT","potentialAction":[{"@type":"ReadAction","target":["https:\/\/elfsight.com\/pt\/before-and-after-slider-widget\/google-sites\/"]}]},{"@type":"BreadcrumbList","@id":"https:\/\/elfsight.com\/pt\/before-and-after-slider-widget\/google-sites\/#breadcrumb","itemListElement":[{"@type":"ListItem","position":1,"name":"Home","item":"https:\/\/elfsight.com\/pt\/"},{"@type":"ListItem","position":2,"name":"Before and After Slider","item":"https:\/\/elfsight.com\/pt\/before-and-after-slider-widget\/"},{"@type":"ListItem","position":3,"name":"Before and after slider &#8211; Google Sites"}]},{"@type":"WebSite","@id":"https:\/\/elfsight.com\/pt\/#website","url":"https:\/\/elfsight.com\/pt\/","name":"Elfsight PT","description":"Just another Elfsight Sites site","potentialAction":[{"@type":"SearchAction","target":{"@type":"EntryPoint","urlTemplate":"https:\/\/elfsight.com\/pt\/?s={search_term_string}"},"query-input":{"@type":"PropertyValueSpecification","valueRequired":true,"valueName":"search_term_string"}}],"inLanguage":"pt-PT"}]}},"meta_box":{"industry":"","seo_heading":"","heading":"","description":"","cta_heading":"","cta_description":"","application":"1018","h1":"Widget Slider antes e depois do Google Sites","h1_caption":"Revele como seus produtos e servi\u00e7os realmente funcionam e aumente seu lucro","application_category":[],"applications_title":"","applications_request_title":"","applications_request_button_text":"","hero_text":"","hero_video":"","hero_video_schema_markup":"","selling_points_title":"","selling_points_caption":"","selling_points":[],"selling_points_cta_text":"","features_title":"","features":"","ed_cta_examples_text":"","ed_cta_examples_hidden":"","ed_cta_demo_text":"","ed_cta_demo_hidden":"","why_caption":"","why_editor_title":"","why_editor_text":"","why_team_title":"","why_team_text":"","why_service_title":"","why_service_text":"","template_catalog_visible":"","template_catalog_title":"","template_catalog_text":"","template_catalog_categories_visible":"","demo_title":"Crie seu widget deslizante Antes e Depois","demo_caption":"Configure seu controle deslizante Antes e Depois e adicione-o ao seu site do Google Sites gratuitamente!","default_faq_hidden":"","app_template_category":[],"platform":"112","template_public_id":"","codecanyon_url":"","codecanyon_item_id":"","codecanyon_price":"","pricing_caption":"","pricing_elfsight_apps_hide_column":"","pricing_elfsight_apps_url":"","pricing_codecanyon_price_caption":"","integration_category":[],"integration_request_title":"","integration_request_cta":"","integration_platform":"","integrations":[],"platform_category":[],"video_schema_markup":"","price":"a partir de US$ 0\/m\u00eas","trial":"","benefits":[{"text":"Ajuda de instala\u00e7\u00e3o gratuita"},{"text":"Suporte excepcional"},{"text":"Garantia de devolu\u00e7\u00e3o do dinheiro em 14 dias"},{"text":"Atualizando constantemente"}],"button_url":"#demo","button_target_blank":"0","button_nofollow":"0","attributes":[{"name":"Instala\u00e7\u00f5es","content":"10,000 - 100,000","_state":"expanded"},{"name":"Responsivo","content":"Sim","_state":"expanded"},{"name":"Navegadores compat\u00edveis","content":"Chrome, Edge, Safari, Firefox, Opera"}],"tags":[],"tags_disable_links":"0","hide_more_platforms":"","video_object":"","demo_hide_cta":"0","demo_hide_cloud_options":"0","pricing_title":"","pricing":[{"pricing_icon":"platform","pricing_title":"Elfsight Apps","pricing_title_caption":"Vers\u00e3o multiplataforma que funciona em qualquer site","pricing_price":"a partir de US$ 0\/m\u00eas","pricing_price_caption":"comece com plano gratuito","pricing_benefits":[{"text":"N\u00famero ilimitado de sites"},{"text":"Suporte gratuito e pontual"},{"text":"Suporte gratuito e pontual"},{"text":"Pre\u00e7o especial para v\u00e1rios aplicativos"}],"pricing_button_text":"Adicionar ao site","pricing_button_url":"#demo","_state":"expanded"}],"related_apps_title":"","related_apps_hidden":"1","author":"","image":[],"title":"","job":"","social_networks":[]},"_links":{"self":[{"href":"https:\/\/elfsight.com\/pt\/wp-json\/wp\/v2\/pages\/3724","targetHints":{"allow":["GET"]}}],"collection":[{"href":"https:\/\/elfsight.com\/pt\/wp-json\/wp\/v2\/pages"}],"about":[{"href":"https:\/\/elfsight.com\/pt\/wp-json\/wp\/v2\/types\/page"}],"author":[{"embeddable":true,"href":"https:\/\/elfsight.com\/pt\/wp-json\/wp\/v2\/users\/9"}],"replies":[{"embeddable":true,"href":"https:\/\/elfsight.com\/pt\/wp-json\/wp\/v2\/comments?post=3724"}],"version-history":[{"count":2,"href":"https:\/\/elfsight.com\/pt\/wp-json\/wp\/v2\/pages\/3724\/revisions"}],"predecessor-version":[{"id":11641,"href":"https:\/\/elfsight.com\/pt\/wp-json\/wp\/v2\/pages\/3724\/revisions\/11641"}],"up":[{"embeddable":true,"href":"https:\/\/elfsight.com\/pt\/wp-json\/wp\/v2\/pages\/1019"}],"wp:attachment":[{"href":"https:\/\/elfsight.com\/pt\/wp-json\/wp\/v2\/media?parent=3724"}],"curies":[{"name":"wp","href":"https:\/\/api.w.org\/{rel}","templated":true}]}}