{"id":3717,"date":"2024-05-03T06:32:53","date_gmt":"2024-05-03T06:32:53","guid":{"rendered":"https:\/\/elfsight.com\/pt\/?page_id=3717"},"modified":"2025-02-10T10:53:18","modified_gmt":"2025-02-10T10:53:18","slug":"squarespace","status":"publish","type":"page","link":"https:\/\/elfsight.com\/pt\/contact-form-widget\/squarespace\/","title":{"rendered":"Contact Form &#8211; Squarespace"},"content":{"rendered":"\n<div class=\"application-platform-content-item-description application-platform-content-item\" id=\"description\" data-nav-section=\"description\"><h2>Formul\u00e1rio de contato para Squarespace<\/h2><p>O widget de formul\u00e1rio de contato do Squarespace da Elfsight atende a todos os seus requisitos na coleta de feedback e pedidos de clientes de seu site. Adicione os elementos necess\u00e1rios para preenchimento, escolha o template desejado e ajuste a apar\u00eancia, para incentivar ainda mais seus visitantes a redigirem solicita\u00e7\u00e3o de servi\u00e7os de sua empresa. Por exemplo, voc\u00ea pode criar um formul\u00e1rio de contato por e-mail no Squarespace que <\/p><p><b>receber\u00e1 feedback, receber\u00e1 pedidos e escrever\u00e1 respostas \u00e0s mensagens dos visitantes do seu site!<\/b><\/p> <ul><li><b>At\u00e9 +100 para a quantidade de clientes em potencial<\/b>.<br>Mantenha comunica\u00e7\u00e3o constante com clientes em potencial 24 horas por dia usando um formul\u00e1rio de l\u00f3gica condicional simples em seu site do Squarespace e obtenha usu\u00e1rios que est\u00e3o prontos para fazer pedidos.<\/li><li><b>Perceba melhor seus usu\u00e1rios<\/b>.<br>Problemas, d\u00favidas e outras impress\u00f5es de seus clientes sobre suas ofertas ou servi\u00e7os s\u00e3o dados eficazes que ajudam a reconhe\u00e7a os desejos do p\u00fablico do seu site e aplique com efici\u00eancia um plano de potencializa\u00e7\u00e3o da sua empresa. Capture-os facilmente com o formul\u00e1rio de e-mail do Squarespace.<\/li><li><b>Melhore a intera\u00e7\u00e3o do usu\u00e1rio<\/b>.<br>Com modelos convenientes, interface ajust\u00e1vel e mensagens de agradecimento personalizadas, voc\u00ea pode mostrar aos seus clientes sua import\u00e2ncia para o seu neg\u00f3cio.<\/li><\/ul><\/div><div class=\"application-platform-content-item-features application-platform-content-item\" id=\"features\" data-nav-section=\"features\"><h2>Recursos do plugin de formul\u00e1rio de contato<\/h2><p>O que torna o formul\u00e1rio de contato da Elfsight o melhor widget para coletando impress\u00f5es de usu\u00e1rios e recebendo pedidos do Squarespace? Conhe\u00e7a nossas principais vantagens:<\/p><ul><li>Ordene os campos do formul\u00e1rio da maneira que desejar;<\/li><li>Oculte o cabe\u00e7alho;<\/li><li>2 layouts predefinidos: inline para ser adicionado ao corpo da p\u00e1gina e flutuante para seguir a rolagem do visitante;<\/li><li>Todos os dados inseridos no formul\u00e1rio s\u00e3o salvos em andamento;<\/li><li>Design perfeito que atende 99% dos sites pronto para uso.<\/li><\/ul><p><a href=\"#demo\">Leia a lista completa de caracter\u00edsticas em nosso editor<\/a><\/p><\/div><div class=\"application-platform-content-item- instala\u00e7\u00e3o application-platform-content-item\" id=\" instala\u00e7\u00e3o\" data-nav-section=\" instala\u00e7\u00e3o\"><h2>Como criar um widget de formul\u00e1rio de contato para o site SquareSpace<\/h2><div class=\"video-container\"><iframe width=\"720\" height=\"405\" src=\"https:\/\/www.youtube.com\/embed\/lXIcZ-9He4c\" frameborder=\"0\" allowfullscreen=\"\"><\/iframe><\/div><p>Siga nosso tutorial para exibir um widget de contato em seu site. N\u00e3o \u00e9 necess\u00e1rio ter conhecimentos de programa\u00e7\u00e3o e a instala\u00e7\u00e3o completa levar\u00e1 aproximadamente 2 minutos.<\/p><ol><li><b>Crie seu Formul\u00e1rio de Contato personalizado<\/b>.<br>Usando nosso editor gratuito, gere um plugin com apar\u00eancia e configura\u00e7\u00f5es necess\u00e1rias.<\/li><li><b>Obtenha o c\u00f3digo para integra\u00e7\u00e3o do plugin<\/b>.<br>Ap\u00f3s a configura\u00e7\u00e3o do widget, obtenha um c\u00f3digo para o plugin de formul\u00e1rio na notifica\u00e7\u00e3o pop-up na Elfsight Aplicativos.<\/li><li><b>Mostre o plug-in no site do SquareSpace<\/b>.<br>Integre o plug-in no local necess\u00e1rio da p\u00e1gina e publique as altera\u00e7\u00f5es.<\/li><li><b>Conclu\u00eddo!<\/b><br>Visite seu site para ver seu trabalho.<\/li><\/ol><p>Est\u00e1 enfrentando algum problema ao aplicar as instru\u00e7\u00f5es ou criar seu formul\u00e1rio? Tente estudar nosso extenso artigo \u00ab<a href=\"https:\/\/elfsight.com\/tutorials\/how-to-add-contact-form-plugin-to-squarespace\/\" target=\"_blank\" rel=\"noopener noreferrer\"> Como exibir o formul\u00e1rio de contato em um site do Squarespace<\/a>\u00bb e aproveite uma segunda chance para integr\u00e1-lo voc\u00ea mesmo ou deixe sua consulta no centro de suporte da Elfsight com uma descri\u00e7\u00e3o completa do seu problema, e nossa equipe far\u00e1 o poss\u00edvel para ajudar.<\/p><\/div><div class=\"faq\" data-component=\"FAQ\"><div class=\"faq-item\">\r\n\t\t\t\t\t<div class=\"faq-item-question\">\r\n\t\t\t\t\t\t<h3 class=\"faq-item-question-text\">Como posso proteger as informa\u00e7\u00f5es do formul\u00e1rio Squarespace nas minhas p\u00e1ginas?<\/h3>\r\n\r\n\t\t\t\t\t\t<div class=\"faq-item-question-icon\"><\/div>\r\n\t\t\t\t\t<\/div>\r\n\r\n\t\t\t\t\t<div class=\"faq-item-answer\">\r\n\t\t\t\t\t\t<div class=\"faq-item-answer-text\"><p>O Elfsight Form Builder est\u00e1 incorporado com um dos mais ferramenta de seguran\u00e7a reCAPTCHA atraente. Ele existe para proteger seu formul\u00e1rio e caixa de correio contra spam e bots e garantir um trabalho tranquilo e apenas dados importantes. <\/p><\/div>\r\n\t\t\t\t\t<\/div>\r\n\t\t\t\t<\/div><div class=\"faq-item\">\r\n\t\t\t\t\t<div class=\"faq-item-question\">\r\n\t\t\t\t\t\t<h3 class=\"faq-item-question-text\">Voc\u00eas oferecem algum modelo que suporte formul\u00e1rios de l\u00f3gica condicional\/formul\u00e1rios de m\u00faltiplos campos\/formul\u00e1rios de e-mail?<\/h3>\r\n\r\n\t\t\t\t\t\t<div class=\"faq-item-question-icon\"><\/div>\r\n\t\t\t\t\t<\/div>\r\n\r\n\t\t\t\t\t<div class=\"faq-item-answer\">\r\n\t\t\t\t\t\t<div class=\"faq-item-answer-text\"><p>Claro! Tudo o que voc\u00ea precisa fazer \u00e9 fazer login nos aplicativos Elfsight e selecionar qualquer modelo adequado e, em seguida, prosseguir com a forma\u00e7\u00e3o de sua ferramenta. <\/p><\/div>\r\n\t\t\t\t\t<\/div>\r\n\t\t\t\t<\/div><div class=\"faq-item\">\r\n\t\t\t\t\t<div class=\"faq-item-question\">\r\n\t\t\t\t\t\t<h3 class=\"faq-item-question-text\">Como incorporar um formul\u00e1rio de contato\/feedback ao meu site Squarespace?<\/h3>\r\n\r\n\t\t\t\t\t\t<div class=\"faq-item-question-icon\"><\/div>\r\n\t\t\t\t\t<\/div>\r\n\r\n\t\t\t\t\t<div class=\"faq-item-answer\">\r\n\t\t\t\t\t\t<div class=\"faq-item-answer-text\"><p>Para configurar um formul\u00e1rio de contato ou feedback, voc\u00ea precisa fazer login no o servi\u00e7o Elfsight Apps e implementar todas as edi\u00e7\u00f5es cruciais na ferramenta. Depois de terminar, salve suas modifica\u00e7\u00f5es e prossiga para o site. Simples assim. <\/p><\/div>\r\n\t\t\t\t\t<\/div>\r\n\t\t\t\t<\/div><div class=\"faq-item\">\r\n\t\t\t\t\t<div class=\"faq-item-question\">\r\n\t\t\t\t\t\t<h3 class=\"faq-item-question-text\">Voc\u00ea tem algum modelo de formul\u00e1rio de contato pronto para usar para o site do Squarespace?<\/h3>\r\n\r\n\t\t\t\t\t\t<div class=\"faq-item-question-icon\"><\/div>\r\n\t\t\t\t\t<\/div>\r\n\r\n\t\t\t\t\t<div class=\"faq-item-answer\">\r\n\t\t\t\t\t\t<div class=\"faq-item-answer-text\"><p>Sim, h\u00e1 uma vasta sele\u00e7\u00e3o de mais de 300 modelos para economizar tempo criando um formul\u00e1rio do zero. Confira <a href=\"https:\/\/elfsight.com\/online-form-builder\/templates\/contact-forms\/\">Modelos de formul\u00e1rio de contato<\/a> para qualquer ocasi\u00e3o e encontre aquele que atenda \u00e0s suas expectativas.<\/p><\/div>\r\n\t\t\t\t\t<\/div>\r\n\t\t\t\t<\/div><\/div>\n","protected":false},"excerpt":{"rendered":"","protected":false},"author":9,"featured_media":0,"parent":715,"menu_order":0,"comment_status":"closed","ping_status":"closed","template":"templates\/template-application-platform.php","meta":{"publish_to_discourse":"","publish_post_category":"","wpdc_auto_publish_overridden":"","wpdc_topic_tags":"","wpdc_pin_topic":"","wpdc_pin_until":"","discourse_post_id":"","discourse_permalink":"","wpdc_publishing_response":"","wpdc_publishing_error":"","footnotes":""},"class_list":["post-3717","page","type-page","status-publish","hentry"],"yoast_head":"<!-- This site is optimized with the Yoast SEO plugin v25.3.1 - https:\/\/yoast.com\/wordpress\/plugins\/seo\/ -->\n<title>Crie e adicione formul\u00e1rio de contato no Squarespace gratuitamente!<\/title>\n<meta name=\"description\" content=\"Crie seu plugin de formul\u00e1rio de contato pessoal para o Squarespace em seu site em apenas 3 minutos. Editor gratuito, suporte com configura\u00e7\u00e3o e v\u00e1rios b\u00f4nus da Elfsight!\" \/>\n<meta name=\"robots\" content=\"index, follow, max-snippet:-1, max-image-preview:large, max-video-preview:-1\" \/>\n<link rel=\"canonical\" href=\"https:\/\/elfsight.com\/pt\/contact-form-widget\/squarespace\/\" \/>\n<meta property=\"og:locale\" content=\"pt_PT\" \/>\n<meta property=\"og:type\" content=\"article\" \/>\n<meta property=\"og:title\" content=\"Crie e adicione formul\u00e1rio de contato no Squarespace gratuitamente!\" \/>\n<meta property=\"og:description\" content=\"Crie seu plugin de formul\u00e1rio de contato pessoal para o Squarespace em seu site em apenas 3 minutos. Editor gratuito, suporte com configura\u00e7\u00e3o e v\u00e1rios b\u00f4nus da Elfsight!\" \/>\n<meta property=\"og:url\" content=\"https:\/\/elfsight.com\/pt\/contact-form-widget\/squarespace\/\" \/>\n<meta property=\"og:site_name\" content=\"Elfsight PT\" \/>\n<meta property=\"article:modified_time\" content=\"2025-02-10T10:53:18+00:00\" \/>\n<meta name=\"twitter:card\" content=\"summary_large_image\" \/>\n<meta name=\"twitter:label1\" content=\"Tempo estimado de leitura\" \/>\n\t<meta name=\"twitter:data1\" content=\"4 minutos\" \/>\n<!-- \/ Yoast SEO plugin. -->","yoast_head_json":{"title":"Crie e adicione formul\u00e1rio de contato no Squarespace gratuitamente!","description":"Crie seu plugin de formul\u00e1rio de contato pessoal para o Squarespace em seu site em apenas 3 minutos. Editor gratuito, suporte com configura\u00e7\u00e3o e v\u00e1rios b\u00f4nus da Elfsight!","robots":{"index":"index","follow":"follow","max-snippet":"max-snippet:-1","max-image-preview":"max-image-preview:large","max-video-preview":"max-video-preview:-1"},"canonical":"https:\/\/elfsight.com\/pt\/contact-form-widget\/squarespace\/","og_locale":"pt_PT","og_type":"article","og_title":"Crie e adicione formul\u00e1rio de contato no Squarespace gratuitamente!","og_description":"Crie seu plugin de formul\u00e1rio de contato pessoal para o Squarespace em seu site em apenas 3 minutos. Editor gratuito, suporte com configura\u00e7\u00e3o e v\u00e1rios b\u00f4nus da Elfsight!","og_url":"https:\/\/elfsight.com\/pt\/contact-form-widget\/squarespace\/","og_site_name":"Elfsight PT","article_modified_time":"2025-02-10T10:53:18+00:00","twitter_card":"summary_large_image","twitter_misc":{"Tempo estimado de leitura":"4 minutos"},"schema":{"@context":"https:\/\/schema.org","@graph":[{"@type":"WebPage","@id":"https:\/\/elfsight.com\/pt\/contact-form-widget\/squarespace\/","url":"https:\/\/elfsight.com\/pt\/contact-form-widget\/squarespace\/","name":"Crie e adicione formul\u00e1rio de contato no Squarespace gratuitamente!","isPartOf":{"@id":"https:\/\/elfsight.com\/pt\/#website"},"datePublished":"2024-05-03T06:32:53+00:00","dateModified":"2025-02-10T10:53:18+00:00","description":"Crie seu plugin de formul\u00e1rio de contato pessoal para o Squarespace em seu site em apenas 3 minutos. Editor gratuito, suporte com configura\u00e7\u00e3o e v\u00e1rios b\u00f4nus da Elfsight!","breadcrumb":{"@id":"https:\/\/elfsight.com\/pt\/contact-form-widget\/squarespace\/#breadcrumb"},"inLanguage":"pt-PT","potentialAction":[{"@type":"ReadAction","target":["https:\/\/elfsight.com\/pt\/contact-form-widget\/squarespace\/"]}]},{"@type":"BreadcrumbList","@id":"https:\/\/elfsight.com\/pt\/contact-form-widget\/squarespace\/#breadcrumb","itemListElement":[{"@type":"ListItem","position":1,"name":"Home","item":"https:\/\/elfsight.com\/pt\/"},{"@type":"ListItem","position":2,"name":"Contact Form","item":"https:\/\/elfsight.com\/pt\/contact-form-widget\/"},{"@type":"ListItem","position":3,"name":"Contact Form &#8211; Squarespace"}]},{"@type":"WebSite","@id":"https:\/\/elfsight.com\/pt\/#website","url":"https:\/\/elfsight.com\/pt\/","name":"Elfsight PT","description":"Just another Elfsight Sites site","potentialAction":[{"@type":"SearchAction","target":{"@type":"EntryPoint","urlTemplate":"https:\/\/elfsight.com\/pt\/?s={search_term_string}"},"query-input":{"@type":"PropertyValueSpecification","valueRequired":true,"valueName":"search_term_string"}}],"inLanguage":"pt-PT"}]}},"meta_box":{"industry":"","seo_heading":"","heading":"","description":"","cta_heading":"","cta_description":"","application":"714","h1":"Widget de formul\u00e1rio de contato para Squarespace","h1_caption":"Variante r\u00e1pida m\u00e1xima para configurar a comunica\u00e7\u00e3o com os usu\u00e1rios do site","application_category":[],"applications_title":"","applications_request_title":"","applications_request_button_text":"","hero_text":"","hero_video":"","hero_video_schema_markup":"","selling_points_title":"","selling_points_caption":"","selling_points":[],"selling_points_cta_text":"","features_title":"","features":"","ed_cta_examples_text":"","ed_cta_examples_hidden":"","ed_cta_demo_text":"","ed_cta_demo_hidden":"","why_caption":"","why_editor_title":"","why_editor_text":"","why_team_title":"","why_team_text":"","why_service_title":"","why_service_text":"","template_catalog_visible":"0","template_catalog_title":"","template_catalog_text":"","template_catalog_categories_visible":"","demo_title":"Crie seu plugin de formul\u00e1rio de contato","demo_caption":"Configure seu Formul\u00e1rio de Contato e adicione-o ao seu site Squarespace gratuitamente!","default_faq_hidden":"","app_template_category":[],"platform":"67","template_public_id":"","codecanyon_url":"","codecanyon_item_id":"","codecanyon_price":"","pricing_caption":"","pricing_elfsight_apps_hide_column":"","pricing_elfsight_apps_url":"","pricing_codecanyon_price_caption":"","integration_category":[],"integration_request_title":"","integration_request_cta":"","integration_platform":"","integrations":[],"platform_category":[],"video_schema_markup":"","price":"a partir de US$ 0\/m\u00eas","trial":"","benefits":[{"text":"Ajuda de instala\u00e7\u00e3o gratuita"},{"text":"Atendimento ao cliente profissional"},{"text":"Garantia de reembolso de 14 dias"},{"text":"Atualizando constantemente"}],"button_url":"#demo","button_target_blank":"0","button_nofollow":"0","attributes":[{"name":"Instala\u00e7\u00f5es","content":"100,000 - 500,000","_state":"expanded"},{"name":"Responsivo","content":"Sim","_state":"expanded"},{"name":"Navegadores compat\u00edveis","content":"Firefox, Safari, Opera, Chrome, Edge"}],"tags":[],"tags_disable_links":"0","hide_more_platforms":"0","video_object":"","demo_hide_cta":"0","demo_hide_cloud_options":"0","pricing_title":"","pricing":[{"pricing_icon":"platform","pricing_title":"Elfsight Apps","pricing_title_caption":"Vers\u00e3o multiplataforma que funciona em qualquer site","pricing_price":"a partir de US$ 0\/m\u00eas","pricing_price_caption":"comece com um plano gratuito","pricing_benefits":[{"text":"Sites ilimitados"},{"text":"Suporte dedicado da empresa e bem documentado"},{"text":"Suporte dedicado da empresa e bem documentado"},{"text":"100% personaliz\u00e1vel"}],"pricing_button_text":"Adicionar ao site","pricing_button_url":"#demo","_state":"expanded"}],"related_apps_title":"","related_apps_hidden":"1","author":"","image":[],"title":"","job":"","social_networks":[]},"_links":{"self":[{"href":"https:\/\/elfsight.com\/pt\/wp-json\/wp\/v2\/pages\/3717","targetHints":{"allow":["GET"]}}],"collection":[{"href":"https:\/\/elfsight.com\/pt\/wp-json\/wp\/v2\/pages"}],"about":[{"href":"https:\/\/elfsight.com\/pt\/wp-json\/wp\/v2\/types\/page"}],"author":[{"embeddable":true,"href":"https:\/\/elfsight.com\/pt\/wp-json\/wp\/v2\/users\/9"}],"replies":[{"embeddable":true,"href":"https:\/\/elfsight.com\/pt\/wp-json\/wp\/v2\/comments?post=3717"}],"version-history":[{"count":3,"href":"https:\/\/elfsight.com\/pt\/wp-json\/wp\/v2\/pages\/3717\/revisions"}],"predecessor-version":[{"id":13829,"href":"https:\/\/elfsight.com\/pt\/wp-json\/wp\/v2\/pages\/3717\/revisions\/13829"}],"up":[{"embeddable":true,"href":"https:\/\/elfsight.com\/pt\/wp-json\/wp\/v2\/pages\/715"}],"wp:attachment":[{"href":"https:\/\/elfsight.com\/pt\/wp-json\/wp\/v2\/media?parent=3717"}],"curies":[{"name":"wp","href":"https:\/\/api.w.org\/{rel}","templated":true}]}}