{"id":3715,"date":"2024-05-03T06:33:19","date_gmt":"2024-05-03T06:33:19","guid":{"rendered":"https:\/\/elfsight.com\/pt\/?page_id=3715"},"modified":"2024-11-13T12:03:11","modified_gmt":"2024-11-13T12:03:11","slug":"squarespace","status":"publish","type":"page","link":"https:\/\/elfsight.com\/pt\/cookie-consent-widget\/squarespace\/","title":{"rendered":"Cookie Consent &#8211; Squarespace"},"content":{"rendered":"<div class=\"application-platform-content-item-description application-platform-content-item\" id=\"description\" data-nav-section=\"description\"><h2>Incorpore o consentimento de cookies no Squarespace com o widget Elfsight<\/h2><p>Com o plugin Elfsight Cookie, \u00e9 absolutamente f\u00e1cil notificar os usu\u00e1rios de que seu o site cont\u00e9m cookies, mostrando uma barra pop-up limpa. Nosso widget permite que voc\u00ea adicione uma mensagem personalizada, coloque um link para os termos e condi\u00e7\u00f5es de uso do seu site e coloque bot\u00f5es ativos para obter permiss\u00e3o dos visitantes. Voc\u00ea pode optar por mostrar a notifica\u00e7\u00e3o na forma de uma barra ou caixa e escolher sua localiza\u00e7\u00e3o na p\u00e1gina. Al\u00e9m disso, a op\u00e7\u00e3o de pintar os elementos da interface o ajudar\u00e1 a torn\u00e1-la nativa e combinar com o estilo geral do site. <\/p> <div class=\"faq\" data-component=\"FAQ\"><div class=\"faq-item\">\r\n\t\t\t\t\t<div class=\"faq-item-question\">\r\n\t\t\t\t\t\t<h3 class=\"faq-item-question-text\">Onde posso exibir este plugin?<\/h3>\r\n\r\n\t\t\t\t\t\t<div class=\"faq-item-question-icon\"><\/div>\r\n\t\t\t\t\t<\/div>\r\n\r\n\t\t\t\t\t<div class=\"faq-item-answer\">\r\n\t\t\t\t\t\t<div class=\"faq-item-answer-text\"><p>Voc\u00ea pode incorporar a notifica\u00e7\u00e3o em qualquer p\u00e1gina do seu site ou em todas as p\u00e1ginas, de acordo com suas necessidades. Assim que um visitante entra na p\u00e1gina, aparece uma notifica\u00e7\u00e3o.<\/p> <\/div>\r\n\t\t\t\t\t<\/div>\r\n\t\t\t\t<\/div><div class=\"faq-item\">\r\n\t\t\t\t\t<div class=\"faq-item-question\">\r\n\t\t\t\t\t\t<h3 class=\"faq-item-question-text\">Quais s\u00e3o as vantagens de ter este plugin para mim?<\/h3>\r\n\r\n\t\t\t\t\t\t<div class=\"faq-item-question-icon\"><\/div>\r\n\t\t\t\t\t<\/div>\r\n\r\n\t\t\t\t\t<div class=\"faq-item-answer\">\r\n\t\t\t\t\t\t<div class=\"faq-item-answer-text\"><p>O Consentimento de Cookies da Elfsight ir\u00e1 ajudar voc\u00ea cria um an\u00fancio de cookie imediato, sem codifica\u00e7\u00e3o e com a m\u00e1xima rapidez. Possui todos os idiomas europeus difundidos para proporcionar uma experi\u00eancia conveniente aos usu\u00e1rios. <\/p> <\/div>\r\n\t\t\t\t\t<\/div>\r\n\t\t\t\t<\/div><div class=\"faq-item\">\r\n\t\t\t\t\t<div class=\"faq-item-question\">\r\n\t\t\t\t\t\t<h3 class=\"faq-item-question-text\">O que preciso para obter o plugin Cookie no meu site do Squarespace?<\/h3>\r\n\r\n\t\t\t\t\t\t<div class=\"faq-item-question-icon\"><\/div>\r\n\t\t\t\t\t<\/div>\r\n\r\n\t\t\t\t\t<div class=\"faq-item-answer\">\r\n\t\t\t\t\t\t<div class=\"faq-item-answer-text\"><p>Voc\u00ea s\u00f3 precisa de alguns minutos para come\u00e7ar a usar o widget. A integra\u00e7\u00e3o \u00e9 extremamente r\u00e1pida, gratuita e n\u00e3o inclui codifica\u00e7\u00e3o. <\/p><p>Existe uma op\u00e7\u00e3o para configurar cookies no site diretamente em nosso servi\u00e7o. Para fazer isso, siga as instru\u00e7\u00f5es nesta p\u00e1gina. <\/p><\/div>\r\n\t\t\t\t\t<\/div>\r\n\t\t\t\t<\/div><\/div><\/div><div class=\"application-platform-content-item-features application-platform-content-item\" id=\"features\" data-nav-section=\"features\"><h2>Principais recursos do widget Cookie Consent<\/h2><p>Para ajud\u00e1-lo a obter um melhor conhecimento do plugin, criamos uma lista das caracter\u00edsticas essenciais. Eles tornam este widget o mais eficiente poss\u00edvel para o seu site: <\/p><ul><li>Organize apenas notifica\u00e7\u00e3o ou solicita\u00e7\u00e3o de aprova\u00e7\u00e3o; <\/li> <li>A op\u00e7\u00e3o de inserir sua pr\u00f3pria mensagem de an\u00fancio com suporte para formata\u00e7\u00e3o e links; <\/li> <li>Revelar ou ocultar um link ativo para a pol\u00edtica de cookies e adicionar um texto de link personalizado; <\/li> <li> Variante de layout de barra ou caixa de sele\u00e7\u00e3o da notifica\u00e7\u00e3o; <\/li> <li>Escolha uma cor personalizada para bot\u00f5es e links. <\/li> <\/ul><p><a href=\"#demo\">A demonstra\u00e7\u00e3o revelar\u00e1 mais recursos para voc\u00ea<\/a><\/p><\/div><div class=\"application-platform-content-item-installation application-platform-content-item\" id=\"installation\" data-nav-section=\"installation\"><h2> Veja como adicionar o consentimento de cookies \u00e0 sua p\u00e1gina do Squarespace<\/h2><div class=\"video-container\"><iframe width=\"720\" height=\"405\" src=\"https:\/\/www.youtube.com\/embed\/Rfjr6RNgaCE\" frameborder=\"0\" allowfullscreen=\"\"><\/iframe><\/div><p>As a\u00e7\u00f5es abaixo s\u00e3o a \u00fanica coisa que voc\u00ea precisa fazer para ter o widget instalado e funcionando. <\/p><ol><li><b>Gere seu pr\u00f3prio plugin de cookies<\/b><br> Por meio de nosso configurador gratuito, configure um plugin com interface preferencial e op\u00e7\u00f5es de funcionalidade. <\/li><li><b>Receba o c\u00f3digo individual para instalar o plugin<\/b><br> Depois de criar o seu widget, voc\u00ea receber\u00e1 o seu c\u00f3digo pessoal na notifica\u00e7\u00e3o que aparece nos aplicativos da Elfsight. Copie este c\u00f3digo para uso posterior. <\/li> <li><b>Adicione o plugin ao seu site Squarespace<\/b><br> Selecione a \u00e1rea da p\u00e1gina onde deseja incorporar o plugin e cole o c\u00f3digo salvo l\u00e1. Publique as altera\u00e7\u00f5es. <\/li> <li><b>Conclu\u00eddo! <\/b><br> Acesse o site para conferir seu trabalho. <\/li> <\/ol><p>Ainda n\u00e3o consegue se decidir? Ou tendo problemas? Apenas uma \u00fanica solicita\u00e7\u00e3o ao nosso atendimento ao cliente resolver\u00e1 todas as quest\u00f5es. Al\u00e9m disso, voc\u00ea pode querer ler nosso <a href=\"https:\/\/elfsight.com\/blog\/how-to-add-cookie-consent-banners-to-squarespace\/\" target=\"_blank\" rel=\"noopener\">artigo sobre como adicionar consentimento de cookies aos sites do Squarespace<\/a>. <\/p><\/div>","protected":false},"excerpt":{"rendered":"","protected":false},"author":9,"featured_media":0,"parent":618,"menu_order":0,"comment_status":"closed","ping_status":"closed","template":"templates\/template-application-platform.php","meta":{"publish_to_discourse":"","publish_post_category":"","wpdc_auto_publish_overridden":"","wpdc_topic_tags":"","wpdc_pin_topic":"","wpdc_pin_until":"","discourse_post_id":"","discourse_permalink":"","wpdc_publishing_response":"","wpdc_publishing_error":"","footnotes":""},"class_list":["post-3715","page","type-page","status-publish","hentry"],"yoast_head":"<!-- This site is optimized with the Yoast SEO plugin v25.3.1 - https:\/\/yoast.com\/wordpress\/plugins\/seo\/ -->\n<title>Adicionar plug-in Cookie Consent ao site Squarespace (2025)<\/title>\n<meta name=\"description\" content=\"Com a Elfsight, crie o seu plugin Cookie Consent e publique-o no seu site Squarespace num instante. Oferecemos atendimento gratuito ao cliente e outros b\u00f4nus.\" \/>\n<meta name=\"robots\" content=\"index, follow, max-snippet:-1, max-image-preview:large, max-video-preview:-1\" \/>\n<link rel=\"canonical\" href=\"https:\/\/elfsight.com\/pt\/cookie-consent-widget\/squarespace\/\" \/>\n<meta property=\"og:locale\" content=\"pt_PT\" \/>\n<meta property=\"og:type\" content=\"article\" \/>\n<meta property=\"og:title\" content=\"Adicionar plug-in Cookie Consent ao site Squarespace (2025)\" \/>\n<meta property=\"og:description\" content=\"Com a Elfsight, crie o seu plugin Cookie Consent e publique-o no seu site Squarespace num instante. Oferecemos atendimento gratuito ao cliente e outros b\u00f4nus.\" \/>\n<meta property=\"og:url\" content=\"https:\/\/elfsight.com\/pt\/cookie-consent-widget\/squarespace\/\" \/>\n<meta property=\"og:site_name\" content=\"Elfsight PT\" \/>\n<meta property=\"article:modified_time\" content=\"2024-11-13T12:03:11+00:00\" \/>\n<meta name=\"twitter:card\" content=\"summary_large_image\" \/>\n<meta name=\"twitter:label1\" content=\"Tempo estimado de leitura\" \/>\n\t<meta name=\"twitter:data1\" content=\"2 minutos\" \/>\n<!-- \/ Yoast SEO plugin. -->","yoast_head_json":{"title":"Adicionar plug-in Cookie Consent ao site Squarespace (2025)","description":"Com a Elfsight, crie o seu plugin Cookie Consent e publique-o no seu site Squarespace num instante. Oferecemos atendimento gratuito ao cliente e outros b\u00f4nus.","robots":{"index":"index","follow":"follow","max-snippet":"max-snippet:-1","max-image-preview":"max-image-preview:large","max-video-preview":"max-video-preview:-1"},"canonical":"https:\/\/elfsight.com\/pt\/cookie-consent-widget\/squarespace\/","og_locale":"pt_PT","og_type":"article","og_title":"Adicionar plug-in Cookie Consent ao site Squarespace (2025)","og_description":"Com a Elfsight, crie o seu plugin Cookie Consent e publique-o no seu site Squarespace num instante. Oferecemos atendimento gratuito ao cliente e outros b\u00f4nus.","og_url":"https:\/\/elfsight.com\/pt\/cookie-consent-widget\/squarespace\/","og_site_name":"Elfsight PT","article_modified_time":"2024-11-13T12:03:11+00:00","twitter_card":"summary_large_image","twitter_misc":{"Tempo estimado de leitura":"2 minutos"},"schema":{"@context":"https:\/\/schema.org","@graph":[{"@type":"WebPage","@id":"https:\/\/elfsight.com\/pt\/cookie-consent-widget\/squarespace\/","url":"https:\/\/elfsight.com\/pt\/cookie-consent-widget\/squarespace\/","name":"Adicionar plug-in Cookie Consent ao site Squarespace (2025)","isPartOf":{"@id":"https:\/\/elfsight.com\/pt\/#website"},"datePublished":"2024-05-03T06:33:19+00:00","dateModified":"2024-11-13T12:03:11+00:00","description":"Com a Elfsight, crie o seu plugin Cookie Consent e publique-o no seu site Squarespace num instante. Oferecemos atendimento gratuito ao cliente e outros b\u00f4nus.","breadcrumb":{"@id":"https:\/\/elfsight.com\/pt\/cookie-consent-widget\/squarespace\/#breadcrumb"},"inLanguage":"pt-PT","potentialAction":[{"@type":"ReadAction","target":["https:\/\/elfsight.com\/pt\/cookie-consent-widget\/squarespace\/"]}]},{"@type":"BreadcrumbList","@id":"https:\/\/elfsight.com\/pt\/cookie-consent-widget\/squarespace\/#breadcrumb","itemListElement":[{"@type":"ListItem","position":1,"name":"Home","item":"https:\/\/elfsight.com\/pt\/"},{"@type":"ListItem","position":2,"name":"Cookie Consent","item":"https:\/\/elfsight.com\/pt\/cookie-consent-widget\/"},{"@type":"ListItem","position":3,"name":"Cookie Consent &#8211; Squarespace"}]},{"@type":"WebSite","@id":"https:\/\/elfsight.com\/pt\/#website","url":"https:\/\/elfsight.com\/pt\/","name":"Elfsight PT","description":"Just another Elfsight Sites site","potentialAction":[{"@type":"SearchAction","target":{"@type":"EntryPoint","urlTemplate":"https:\/\/elfsight.com\/pt\/?s={search_term_string}"},"query-input":{"@type":"PropertyValueSpecification","valueRequired":true,"valueName":"search_term_string"}}],"inLanguage":"pt-PT"}]}},"meta_box":{"industry":"","seo_heading":"","heading":"","description":"","cta_heading":"","cta_description":"","application":"617","h1":"Plug-in de consentimento de cookies do Squarespace","h1_caption":"Demonstre uma notifica\u00e7\u00e3o imediata de uso de cookies oferecendo um bot\u00e3o de consentimento para seus usu\u00e1rios","application_category":[],"applications_title":"","applications_request_title":"","applications_request_button_text":"","hero_text":"","hero_video":"","hero_video_schema_markup":"","selling_points_title":"","selling_points_caption":"","selling_points":[],"selling_points_cta_text":"","features_title":"","features":"","ed_cta_examples_text":"","ed_cta_examples_hidden":"","ed_cta_demo_text":"","ed_cta_demo_hidden":"","why_caption":"","why_editor_title":"","why_editor_text":"","why_team_title":"","why_team_text":"","why_service_title":"","why_service_text":"","template_catalog_visible":"","template_catalog_title":"","template_catalog_text":"","template_catalog_categories_visible":"","demo_title":"Crie seu plugin de consentimento de cookies","demo_caption":"Configure seu consentimento de cookies e adicione-o ao site do Squarespace gratuitamente!","default_faq_hidden":"","app_template_category":[],"platform":"67","template_public_id":"","codecanyon_url":"","codecanyon_item_id":"","codecanyon_price":"","pricing_caption":"","pricing_elfsight_apps_hide_column":"","pricing_elfsight_apps_url":"","pricing_codecanyon_price_caption":"","integration_category":[],"integration_request_title":"","integration_request_cta":"","integration_platform":"","integrations":[],"platform_category":[],"video_schema_markup":"","price":"a partir de US$ 0\/m\u00eas","trial":"","benefits":[{"text":"Servi\u00e7o de instala\u00e7\u00e3o gratuito"},{"text":"Suporte excepcional"},{"text":"Garantia de reembolso de 14 dias"},{"text":"Melhorias gratuitas cont\u00ednuas"}],"button_url":"#demo","button_target_blank":"0","button_nofollow":"0","attributes":[{"name":"Instala\u00e7\u00f5es","content":"100,000 - 500,000","_state":"expanded"},{"name":"Responsivo","content":"Sim","_state":"expanded"},{"name":"Navegadores compat\u00edveis","content":"Firefox, Safari, Opera, Chrome, Edge"}],"tags":[],"tags_disable_links":"0","hide_more_platforms":"","video_object":"","demo_hide_cta":"0","demo_hide_cloud_options":"0","pricing_title":"","pricing":[{"pricing_icon":"platform","pricing_title":"Elfsight Apps","pricing_title_caption":"Vers\u00e3o independente de plataforma adequada para qualquer site","pricing_price":"a partir de US$ 0\/m\u00eas","pricing_price_caption":"comece com um plano gratuito","pricing_benefits":[{"text":"Dom\u00ednios ilimitados"},{"text":"Suporte dedicado"},{"text":"Suporte dedicado"},{"text":"100% personaliz\u00e1vel"}],"pricing_button_text":"Adicionar ao site","pricing_button_url":"#demo","_state":"expanded"}],"related_apps_title":"","related_apps_hidden":"1","author":"","image":[],"title":"","job":"","social_networks":[]},"_links":{"self":[{"href":"https:\/\/elfsight.com\/pt\/wp-json\/wp\/v2\/pages\/3715","targetHints":{"allow":["GET"]}}],"collection":[{"href":"https:\/\/elfsight.com\/pt\/wp-json\/wp\/v2\/pages"}],"about":[{"href":"https:\/\/elfsight.com\/pt\/wp-json\/wp\/v2\/types\/page"}],"author":[{"embeddable":true,"href":"https:\/\/elfsight.com\/pt\/wp-json\/wp\/v2\/users\/9"}],"replies":[{"embeddable":true,"href":"https:\/\/elfsight.com\/pt\/wp-json\/wp\/v2\/comments?post=3715"}],"version-history":[{"count":2,"href":"https:\/\/elfsight.com\/pt\/wp-json\/wp\/v2\/pages\/3715\/revisions"}],"predecessor-version":[{"id":11711,"href":"https:\/\/elfsight.com\/pt\/wp-json\/wp\/v2\/pages\/3715\/revisions\/11711"}],"up":[{"embeddable":true,"href":"https:\/\/elfsight.com\/pt\/wp-json\/wp\/v2\/pages\/618"}],"wp:attachment":[{"href":"https:\/\/elfsight.com\/pt\/wp-json\/wp\/v2\/media?parent=3715"}],"curies":[{"name":"wp","href":"https:\/\/api.w.org\/{rel}","templated":true}]}}