{"id":3707,"date":"2024-05-03T06:33:20","date_gmt":"2024-05-03T06:33:20","guid":{"rendered":"https:\/\/elfsight.com\/pt\/?page_id=3707"},"modified":"2024-11-13T12:03:27","modified_gmt":"2024-11-13T12:03:27","slug":"shopify","status":"publish","type":"page","link":"https:\/\/elfsight.com\/pt\/cookie-consent-widget\/shopify\/","title":{"rendered":"Cookie Consent &#8211; Shopify"},"content":{"rendered":"<div class=\"application-platform-content-item-description application-platform-content-item\" id=\"description\" data-nav-section=\"description\"><h2>Incorpore o consentimento de cookies no Shopify com o widget Elfsight<\/h2><p>Com o aplicativo Elfsight Cookie, \u00e9 absolutamente simples notificar os espectadores de que seu o site cont\u00e9m cookies por meio de um pop-up moderado. Nosso widget permite que voc\u00ea mostre sua pr\u00f3pria mensagem, forne\u00e7a um link para a pol\u00edtica de uso do site e mostre bot\u00f5es ativos para solicitar permiss\u00e3o aos usu\u00e1rios. Voc\u00ea pode optar por organizar o widget como uma barra de p\u00e1gina ou caixa e escolher a melhor posi\u00e7\u00e3o na p\u00e1gina. Al\u00e9m disso, a op\u00e7\u00e3o de escolher cores personalizadas ajudar\u00e1 voc\u00ea a tornar o widget consistente e combinar com o estilo geral do site. <\/p> <div class=\"faq\" data-component=\"FAQ\"><div class=\"faq-item\">\r\n\t\t\t\t\t<div class=\"faq-item-question\">\r\n\t\t\t\t\t\t<h3 class=\"faq-item-question-text\">Como posso incorporar um consentimento de cookies no meu site Shopify?<\/h3>\r\n\r\n\t\t\t\t\t\t<div class=\"faq-item-question-icon\"><\/div>\r\n\t\t\t\t\t<\/div>\r\n\r\n\t\t\t\t\t<div class=\"faq-item-answer\">\r\n\t\t\t\t\t\t<div class=\"faq-item-answer-text\"><p>A base do widget acontece dentro do servi\u00e7o Elfsight e n\u00e3o h\u00e1 necessidade de aprender a codificar. Abra nossa demonstra\u00e7\u00e3o ativa para projetar seu widget pessoal, obter o c\u00f3digo e implement\u00e1-lo em seu site. <\/p><\/div>\r\n\t\t\t\t\t<\/div>\r\n\t\t\t\t<\/div><div class=\"faq-item\">\r\n\t\t\t\t\t<div class=\"faq-item-question\">\r\n\t\t\t\t\t\t<h3 class=\"faq-item-question-text\">As melhores maneiras de usar a integra\u00e7\u00e3o de aviso de banner de consentimento de cookies<\/h3>\r\n\r\n\t\t\t\t\t\t<div class=\"faq-item-question-icon\"><\/div>\r\n\t\t\t\t\t<\/div>\r\n\r\n\t\t\t\t\t<div class=\"faq-item-answer\">\r\n\t\t\t\t\t\t<div class=\"faq-item-answer-text\"><p>Oferecemos uma ampla gama de oportunidades de ajuste: widgets completos para incorpora\u00e7\u00e3o no conte\u00fado se\u00e7\u00e3o, plug-ins flutuantes para op\u00e7\u00f5es de rolagem, layouts para o rodap\u00e9 do seu site, se\u00e7\u00e3o principal e todos os tipos de possibilidades verticais para barras laterais e menus do site. <\/p><\/div>\r\n\t\t\t\t\t<\/div>\r\n\t\t\t\t<\/div><div class=\"faq-item\">\r\n\t\t\t\t\t<div class=\"faq-item-question\">\r\n\t\t\t\t\t\t<h3 class=\"faq-item-question-text\">Existe uma op\u00e7\u00e3o para criar um consentimento de cookie flutuante ou de barra lateral por meio do editor?<\/h3>\r\n\r\n\t\t\t\t\t\t<div class=\"faq-item-question-icon\"><\/div>\r\n\t\t\t\t\t<\/div>\r\n\r\n\t\t\t\t\t<div class=\"faq-item-answer\">\r\n\t\t\t\t\t\t<div class=\"faq-item-answer-text\"><p>Voc\u00ea \u00e9 livre para criar varia\u00e7\u00f5es de qualquer widget. Existem muitos layouts \u00e0 sua disposi\u00e7\u00e3o no editor, e todos eles podem ser facilmente ajustados conforme sua necessidade. <\/p><\/div>\r\n\t\t\t\t\t<\/div>\r\n\t\t\t\t<\/div><\/div><\/div><div class=\"application-platform-content-item-features application-platform-content-item\" id=\"features\" data-nav-section=\"features\"><h2>Principais recursos do widget Consentimento de cookies<\/h2><p>Para obter uma percep\u00e7\u00e3o clara do consentimento de cookies, veja a lista de seus principais recursos. Eles tornam nosso widget realmente ben\u00e9fico para voc\u00ea: <\/p><ul><li>Selecione uma notifica\u00e7\u00e3o simples ou solicite um consentimento; <\/li> <li>A op\u00e7\u00e3o de definir sua pr\u00f3pria mensagem de an\u00fancio com formata\u00e7\u00e3o e links dispon\u00edveis; <\/li> <li>Revelar ou desativar um link ativo para a pol\u00edtica de uso do site e inserir um texto de link personalizado; <\/li> <li>A op\u00e7\u00e3o de escolher a variante de layout de barra ou caixa da notifica\u00e7\u00e3o; <\/li> <li>A op\u00e7\u00e3o de pintar bot\u00f5es e links. <\/li> <\/ul><p><a href=\"#demo\">Para conhecer todos os recursos, veja nossa demonstra\u00e7\u00e3o ao vivo<\/a><\/p><\/div><div class=\"application-platform-content-item-installation application-platform-content-item\" id=\"installation\" data-nav-section=\"installation\"><h2>Saiba como adicionar o consentimento de cookies \u00e0 sua loja Shopify<\/h2><div class=\"video-container\"><iframe width=\"720\" height=\"405\" src=\"https:\/\/www.youtube.com\/embed\/YNlviAOQLxQ\" frameborder=\"0\" allowfullscreen=\"\"><\/iframe><\/div><p> Algumas etapas r\u00e1pidas s\u00e3o a \u00fanica coisa que voc\u00ea precisa fazer.<\/p><ol><li><b>Use nossa demonstra\u00e7\u00e3o gratuita e comece a criar seu aplicativo personalizado. <\/b><br> Encontre a organiza\u00e7\u00e3o e o desempenho preferidos do aplicativo e aplique todas as edi\u00e7\u00f5es. <\/li> <li><b>Copie seu c\u00f3digo individual que aparece na janela dos aplicativos Elfsight. <\/b><br> Assim que a cria\u00e7\u00e3o do seu aplicativo for conclu\u00edda, copie o c\u00f3digo da janela exibida e guarde-o para futuras ocasi\u00f5es. <\/li> <li><b>Comece a usar o aplicativo no site da Shopify. <\/b><br> Cole o c\u00f3digo que voc\u00ea salvou recentemente em seu site e salve as modifica\u00e7\u00f5es. <\/li> <li><b>Pronto! A integra\u00e7\u00e3o foi finalizada com sucesso. <\/b><br> Abra seu site para inspecionar o funcionamento do aplicativo. <\/li><\/ol><p>Ainda n\u00e3o consegue decidir? Ou tem d\u00favidas? Basta enviar uma solicita\u00e7\u00e3o ao nosso suporte ao cliente. Ajudaremos com qualquer tipo de problema. <\/p><\/div>","protected":false},"excerpt":{"rendered":"","protected":false},"author":9,"featured_media":0,"parent":618,"menu_order":0,"comment_status":"closed","ping_status":"closed","template":"templates\/template-application-platform.php","meta":{"publish_to_discourse":"","publish_post_category":"","wpdc_auto_publish_overridden":"","wpdc_topic_tags":"","wpdc_pin_topic":"","wpdc_pin_until":"","discourse_post_id":"","discourse_permalink":"","wpdc_publishing_response":"","wpdc_publishing_error":"","footnotes":""},"class_list":["post-3707","page","type-page","status-publish","hentry"],"yoast_head":"<!-- This site is optimized with the Yoast SEO plugin v25.3.1 - https:\/\/yoast.com\/wordpress\/plugins\/seo\/ -->\n<title>Adicione o aplicativo Cookie Consent ao site Shopify (gratuito e r\u00e1pido)<\/title>\n<meta name=\"description\" content=\"\u00c9 f\u00e1cil moldar seu aplicativo Cookie Consent e exibi-lo em sua loja Shopify. O atendimento ao cliente da Elfsight \u00e9 gratuito e r\u00e1pido.\" \/>\n<meta name=\"robots\" content=\"index, follow, max-snippet:-1, max-image-preview:large, max-video-preview:-1\" \/>\n<link rel=\"canonical\" href=\"https:\/\/elfsight.com\/pt\/cookie-consent-widget\/shopify\/\" \/>\n<meta property=\"og:locale\" content=\"pt_PT\" \/>\n<meta property=\"og:type\" content=\"article\" \/>\n<meta property=\"og:title\" content=\"Adicione o aplicativo Cookie Consent ao site Shopify (gratuito e r\u00e1pido)\" \/>\n<meta property=\"og:description\" content=\"\u00c9 f\u00e1cil moldar seu aplicativo Cookie Consent e exibi-lo em sua loja Shopify. O atendimento ao cliente da Elfsight \u00e9 gratuito e r\u00e1pido.\" \/>\n<meta property=\"og:url\" content=\"https:\/\/elfsight.com\/pt\/cookie-consent-widget\/shopify\/\" \/>\n<meta property=\"og:site_name\" content=\"Elfsight PT\" \/>\n<meta property=\"article:modified_time\" content=\"2024-11-13T12:03:27+00:00\" \/>\n<meta name=\"twitter:card\" content=\"summary_large_image\" \/>\n<meta name=\"twitter:label1\" content=\"Tempo estimado de leitura\" \/>\n\t<meta name=\"twitter:data1\" content=\"2 minutos\" \/>\n<!-- \/ Yoast SEO plugin. -->","yoast_head_json":{"title":"Adicione o aplicativo Cookie Consent ao site Shopify (gratuito e r\u00e1pido)","description":"\u00c9 f\u00e1cil moldar seu aplicativo Cookie Consent e exibi-lo em sua loja Shopify. O atendimento ao cliente da Elfsight \u00e9 gratuito e r\u00e1pido.","robots":{"index":"index","follow":"follow","max-snippet":"max-snippet:-1","max-image-preview":"max-image-preview:large","max-video-preview":"max-video-preview:-1"},"canonical":"https:\/\/elfsight.com\/pt\/cookie-consent-widget\/shopify\/","og_locale":"pt_PT","og_type":"article","og_title":"Adicione o aplicativo Cookie Consent ao site Shopify (gratuito e r\u00e1pido)","og_description":"\u00c9 f\u00e1cil moldar seu aplicativo Cookie Consent e exibi-lo em sua loja Shopify. O atendimento ao cliente da Elfsight \u00e9 gratuito e r\u00e1pido.","og_url":"https:\/\/elfsight.com\/pt\/cookie-consent-widget\/shopify\/","og_site_name":"Elfsight PT","article_modified_time":"2024-11-13T12:03:27+00:00","twitter_card":"summary_large_image","twitter_misc":{"Tempo estimado de leitura":"2 minutos"},"schema":{"@context":"https:\/\/schema.org","@graph":[{"@type":"WebPage","@id":"https:\/\/elfsight.com\/pt\/cookie-consent-widget\/shopify\/","url":"https:\/\/elfsight.com\/pt\/cookie-consent-widget\/shopify\/","name":"Adicione o aplicativo Cookie Consent ao site Shopify (gratuito e r\u00e1pido)","isPartOf":{"@id":"https:\/\/elfsight.com\/pt\/#website"},"datePublished":"2024-05-03T06:33:20+00:00","dateModified":"2024-11-13T12:03:27+00:00","description":"\u00c9 f\u00e1cil moldar seu aplicativo Cookie Consent e exibi-lo em sua loja Shopify. O atendimento ao cliente da Elfsight \u00e9 gratuito e r\u00e1pido.","breadcrumb":{"@id":"https:\/\/elfsight.com\/pt\/cookie-consent-widget\/shopify\/#breadcrumb"},"inLanguage":"pt-PT","potentialAction":[{"@type":"ReadAction","target":["https:\/\/elfsight.com\/pt\/cookie-consent-widget\/shopify\/"]}]},{"@type":"BreadcrumbList","@id":"https:\/\/elfsight.com\/pt\/cookie-consent-widget\/shopify\/#breadcrumb","itemListElement":[{"@type":"ListItem","position":1,"name":"Home","item":"https:\/\/elfsight.com\/pt\/"},{"@type":"ListItem","position":2,"name":"Cookie Consent","item":"https:\/\/elfsight.com\/pt\/cookie-consent-widget\/"},{"@type":"ListItem","position":3,"name":"Cookie Consent &#8211; Shopify"}]},{"@type":"WebSite","@id":"https:\/\/elfsight.com\/pt\/#website","url":"https:\/\/elfsight.com\/pt\/","name":"Elfsight PT","description":"Just another Elfsight Sites site","potentialAction":[{"@type":"SearchAction","target":{"@type":"EntryPoint","urlTemplate":"https:\/\/elfsight.com\/pt\/?s={search_term_string}"},"query-input":{"@type":"PropertyValueSpecification","valueRequired":true,"valueName":"search_term_string"}}],"inLanguage":"pt-PT"}]}},"meta_box":{"industry":"","seo_heading":"","heading":"","description":"","cta_heading":"","cta_description":"","application":"617","h1":"Widget de consentimento de cookies da Shopify","h1_caption":"Organize um an\u00fancio instant\u00e2neo de cookies oferecendo um bot\u00e3o de consentimento para os visitantes","application_category":[],"applications_title":"","applications_request_title":"","applications_request_button_text":"","hero_text":"","hero_video":"","hero_video_schema_markup":"","selling_points_title":"","selling_points_caption":"","selling_points":[],"selling_points_cta_text":"","features_title":"","features":"","ed_cta_examples_text":"","ed_cta_examples_hidden":"","ed_cta_demo_text":"","ed_cta_demo_hidden":"","why_caption":"","why_editor_title":"","why_editor_text":"","why_team_title":"","why_team_text":"","why_service_title":"","why_service_text":"","template_catalog_visible":"","template_catalog_title":"","template_catalog_text":"","template_catalog_categories_visible":"","demo_title":"Crie seu aplicativo de consentimento de cookies","demo_caption":"Configure seu consentimento de cookies e adicione-o ao seu site Shopify gratuitamente!","default_faq_hidden":"","app_template_category":[],"platform":"64","template_public_id":"","codecanyon_url":"","codecanyon_item_id":"","codecanyon_price":"","pricing_caption":"","pricing_elfsight_apps_hide_column":"","pricing_elfsight_apps_url":"","pricing_codecanyon_price_caption":"","integration_category":[],"integration_request_title":"","integration_request_cta":"","integration_platform":"","integrations":[],"platform_category":[],"video_schema_markup":"","price":"a partir de US$ 0\/m\u00eas","trial":"","benefits":[{"text":"Servi\u00e7o de instala\u00e7\u00e3o gratuito"},{"text":"Suporte premium"},{"text":"Garantia de devolu\u00e7\u00e3o do dinheiro em 14 dias"},{"text":"Atualiza\u00e7\u00f5es gratuitas cont\u00ednuas"}],"button_url":"#demo","button_target_blank":"0","button_nofollow":"0","attributes":[{"name":"Instala\u00e7\u00f5es","content":"100,000 - 500,000","_state":"expanded"},{"name":"Responsivo","content":"Sim","_state":"expanded"},{"name":"Navegadores compat\u00edveis","content":"Firefox, Safari, Opera, Chrome, Edge"}],"tags":[],"tags_disable_links":"0","hide_more_platforms":"","video_object":"","demo_hide_cta":"0","demo_hide_cloud_options":"0","pricing_title":"","pricing":[{"pricing_icon":"cloud","pricing_title":"Elfsight Apps","pricing_title_caption":"Vers\u00e3o multiplataforma que funciona em qualquer site","pricing_price":"a partir de US$ 0\/m\u00eas","pricing_price_caption":"comece com plano gratuito","pricing_benefits":[{"text":"Sites ilimitados"},{"text":"Suporte premium"},{"text":"Suporte premium"},{"text":"Oferta especial para v\u00e1rios aplicativos"}],"pricing_button_text":"Adicionar ao site","pricing_button_url":"#demo","_state":"expanded"}],"related_apps_title":"","related_apps_hidden":"1","author":"","image":[],"title":"","job":"","social_networks":[]},"_links":{"self":[{"href":"https:\/\/elfsight.com\/pt\/wp-json\/wp\/v2\/pages\/3707","targetHints":{"allow":["GET"]}}],"collection":[{"href":"https:\/\/elfsight.com\/pt\/wp-json\/wp\/v2\/pages"}],"about":[{"href":"https:\/\/elfsight.com\/pt\/wp-json\/wp\/v2\/types\/page"}],"author":[{"embeddable":true,"href":"https:\/\/elfsight.com\/pt\/wp-json\/wp\/v2\/users\/9"}],"replies":[{"embeddable":true,"href":"https:\/\/elfsight.com\/pt\/wp-json\/wp\/v2\/comments?post=3707"}],"version-history":[{"count":2,"href":"https:\/\/elfsight.com\/pt\/wp-json\/wp\/v2\/pages\/3707\/revisions"}],"predecessor-version":[{"id":11712,"href":"https:\/\/elfsight.com\/pt\/wp-json\/wp\/v2\/pages\/3707\/revisions\/11712"}],"up":[{"embeddable":true,"href":"https:\/\/elfsight.com\/pt\/wp-json\/wp\/v2\/pages\/618"}],"wp:attachment":[{"href":"https:\/\/elfsight.com\/pt\/wp-json\/wp\/v2\/media?parent=3707"}],"curies":[{"name":"wp","href":"https:\/\/api.w.org\/{rel}","templated":true}]}}